{"id":341695,"date":"2025-02-10T15:12:51","date_gmt":"2025-02-10T14:12:51","guid":{"rendered":"https:\/\/lalmachine.com\/?post_type=product&#038;p=341695"},"modified":"2025-07-21T14:09:45","modified_gmt":"2025-07-21T12:09:45","slug":"paire-de-fauteuils-de-directeur-tubulaires-chromes-noirs","status":"publish","type":"product","link":"https:\/\/lalmachine.com\/de\/shop\/sasseoir\/chaise\/paire-de-fauteuils-de-directeur-tubulaires-chromes-noirs\/","title":{"rendered":"Paire de fauteuils de directeur tubulaires chrom\u00e9s noirs"},"content":{"rendered":"<ul class=\"wpuf_customs\"><li style=\"list-style-type:none;\"><label>Autres photos:<\/label> <a href=\"https:\/\/lalmachine.com\/wp-content\/uploads\/2025\/02\/2018dcb4-5e9e-4ddb-b8b2-03ed73c83305-scaled.jpeg\"><img loading=\"lazy\" decoding=\"async\" width=\"54\" height=\"96\" src=\"https:\/\/lalmachine.com\/wp-content\/uploads\/2025\/02\/2018dcb4-5e9e-4ddb-b8b2-03ed73c83305-scaled.jpeg\" class=\"attachment-thumbnail size-thumbnail\" alt=\"\" \/><\/a> <a href=\"https:\/\/lalmachine.com\/wp-content\/uploads\/2025\/02\/IMG_3789-scaled.jpeg\"><img loading=\"lazy\" decoding=\"async\" width=\"128\" height=\"72\" src=\"https:\/\/lalmachine.com\/wp-content\/uploads\/2025\/02\/IMG_3789-scaled.jpeg\" class=\"attachment-thumbnail size-thumbnail\" alt=\"\" \/><\/a> <a href=\"https:\/\/lalmachine.com\/wp-content\/uploads\/2025\/02\/IMG_3787-scaled.jpeg\"><img loading=\"lazy\" decoding=\"async\" width=\"54\" height=\"96\" src=\"https:\/\/lalmachine.com\/wp-content\/uploads\/2025\/02\/IMG_3787-scaled.jpeg\" class=\"attachment-thumbnail size-thumbnail\" alt=\"\" \/><\/a> <a href=\"https:\/\/lalmachine.com\/wp-content\/uploads\/2025\/02\/IMG_3786-scaled.jpeg\"><img loading=\"lazy\" decoding=\"async\" width=\"54\" height=\"96\" src=\"https:\/\/lalmachine.com\/wp-content\/uploads\/2025\/02\/IMG_3786-scaled.jpeg\" class=\"attachment-thumbnail size-thumbnail\" alt=\"\" \/><\/a> <a href=\"https:\/\/lalmachine.com\/wp-content\/uploads\/2025\/02\/IMG_3785-scaled.jpeg\"><img loading=\"lazy\" decoding=\"async\" width=\"54\" height=\"96\" src=\"https:\/\/lalmachine.com\/wp-content\/uploads\/2025\/02\/IMG_3785-scaled.jpeg\" class=\"attachment-thumbnail size-thumbnail\" alt=\"\" \/><\/a> <\/li>        <li class=\"wpuf-field-data wpuf-field-data-numeric_text_field\">\n                            <label>Prix:<\/label>\n                        1500        <\/li>\n                <li class=\"wpuf-field-data wpuf-field-data-numeric_text_field\">\n                            <label>Quantit\u00e9:<\/label>\n                        1        <\/li>\n                <li class=\"wpuf-field-data wpuf-field-data-numeric_text_field\">\n                            <label>Hauteur (cm):<\/label>\n                        80        <\/li>\n                <li class=\"wpuf-field-data wpuf-field-data-numeric_text_field\">\n                            <label>Largeur (cm):<\/label>\n                        56        <\/li>\n                <li class=\"wpuf-field-data wpuf-field-data-numeric_text_field\">\n                            <label>Profondeur (cm):<\/label>\n                        56        <\/li>\n        <\/ul>","protected":false},"excerpt":{"rendered":"<p>Une paire de fauteuils noirs et chrom\u00e9s d&#8217;apr\u00e8s Marcel Breuer. Cet ensemble de chaises est cr\u00e9\u00e9 en chrome avec des cadres tubulaires et du faux cuir. Ils ont l&#8217;aspect d&#8217;un fauteuil de directeur. Le dossier et l&#8217;assise sont en simili-cuir tendu. Les bras sont recouverts de faux cuir.<\/p>\n<p>D\u00e9tails<\/p>\n<p>Zustand<br \/>\nEn bon \u00e9tat &#8211; quelques traces d&#8217;usures sur le cuir et manque une visse \u00e0 un accoudoir (voir photos)<br \/>\nSimilaire \u00e0<br \/>\nMarcel Breuer (Designer)<\/p>\n<p>Dimensions<br \/>\nHauteur\u00a0: 80\u202fcm<br \/>\nLargeur\u00a0: 56\u202fcm<br \/>\nProfondeur\u00a0: 56\u202fcm<\/p>\n<p>Profondeur de l&#8217;assise : 44 cm<br \/>\nHauteur de l&#8217;assise\u00a0: 46\u202fcm<br \/>\nHauteur des accoudoirs : 66 cm<\/p>\n<p>Vendu en tant que<br \/>\nLot de 2 chaises<\/p>","protected":false},"featured_media":341855,"template":"","meta":{"_et_pb_use_builder":"","_et_pb_old_content":"","_et_gb_content_width":""},"product_brand":[],"product_cat":[100,48],"product_tag":[],"proximite":[177,235],"class_list":{"0":"post-341695","1":"product","2":"type-product","3":"status-publish","4":"has-post-thumbnail","6":"product_cat-chaise","7":"product_cat-sasseoir","8":"pa_couleur-noir","9":"pa_designer-breuer-marcel","10":"pa_etat-bon-etat","11":"pa_materiau-cuir","12":"pa_style-design","13":"proximite-fribourg","14":"proximite-sarine","16":"first","17":"instock","18":"sale","19":"shipping-taxable","20":"purchasable","21":"product-type-simple"},"yoast_head":"<!-- This site is optimized with the Yoast SEO plugin v27.4 - https:\/\/yoast.com\/product\/yoast-seo-wordpress\/ -->\n<title>Paire de fauteuils de directeur tubulaires chrom\u00e9s noirs | lalmachine.com<\/title>\n<meta name=\"description\" content=\"Une paire de fauteuils noirs et chrom\u00e9s d&#039;apr\u00e8s Marcel Breuer.\" \/>\n<meta name=\"robots\" content=\"index, follow, max-snippet:-1, max-image-preview:large, max-video-preview:-1\" \/>\n<link rel=\"canonical\" href=\"https:\/\/lalmachine.com\/de\/shop\/sasseoir\/chaise\/paire-de-fauteuils-de-directeur-tubulaires-chromes-noirs\/\" \/>\n<meta property=\"og:locale\" content=\"de_DE\" \/>\n<meta property=\"og:type\" content=\"article\" \/>\n<meta property=\"og:title\" content=\"Paire de fauteuils de directeur tubulaires chrom\u00e9s noirs | lalmachine.com\" \/>\n<meta property=\"og:description\" content=\"Une paire de fauteuils noirs et chrom\u00e9s d&#039;apr\u00e8s Marcel Breuer.\" \/>\n<meta property=\"og:url\" content=\"https:\/\/lalmachine.com\/de\/shop\/sasseoir\/chaise\/paire-de-fauteuils-de-directeur-tubulaires-chromes-noirs\/\" \/>\n<meta property=\"og:site_name\" content=\"lalmachine.com\" \/>\n<meta property=\"article:publisher\" content=\"https:\/\/facebook.com\/lalmachine\" \/>\n<meta property=\"article:modified_time\" content=\"2025-07-21T12:09:45+00:00\" \/>\n<meta property=\"og:image\" content=\"https:\/\/lalmachine.com\/wp-content\/uploads\/2025\/02\/IMG_3788-scaled_clipped_rev_1.jpeg\" \/>\n\t<meta property=\"og:image:width\" content=\"1800\" \/>\n\t<meta property=\"og:image:height\" content=\"1800\" \/>\n\t<meta property=\"og:image:type\" content=\"image\/jpeg\" \/>\n<meta name=\"twitter:card\" content=\"summary_large_image\" \/>\n<script type=\"application\/ld+json\" class=\"yoast-schema-graph\">{\"@context\":\"https:\\\/\\\/schema.org\",\"@graph\":[{\"@type\":\"WebPage\",\"@id\":\"https:\\\/\\\/lalmachine.com\\\/shop\\\/sasseoir\\\/chaise\\\/paire-de-fauteuils-de-directeur-tubulaires-chromes-noirs\\\/\",\"url\":\"https:\\\/\\\/lalmachine.com\\\/shop\\\/sasseoir\\\/chaise\\\/paire-de-fauteuils-de-directeur-tubulaires-chromes-noirs\\\/\",\"name\":\"Paire de fauteuils de directeur tubulaires chrom\u00e9s noirs | lalmachine.com\",\"isPartOf\":{\"@id\":\"https:\\\/\\\/lalmachine.com\\\/#website\"},\"primaryImageOfPage\":{\"@id\":\"https:\\\/\\\/lalmachine.com\\\/shop\\\/sasseoir\\\/chaise\\\/paire-de-fauteuils-de-directeur-tubulaires-chromes-noirs\\\/#primaryimage\"},\"image\":{\"@id\":\"https:\\\/\\\/lalmachine.com\\\/shop\\\/sasseoir\\\/chaise\\\/paire-de-fauteuils-de-directeur-tubulaires-chromes-noirs\\\/#primaryimage\"},\"thumbnailUrl\":\"https:\\\/\\\/lalmachine.com\\\/wp-content\\\/uploads\\\/2025\\\/02\\\/IMG_3788-scaled_clipped_rev_1.jpeg\",\"datePublished\":\"2025-02-10T14:12:51+00:00\",\"dateModified\":\"2025-07-21T12:09:45+00:00\",\"description\":\"Une paire de fauteuils noirs et chrom\u00e9s d'apr\u00e8s Marcel Breuer.\",\"breadcrumb\":{\"@id\":\"https:\\\/\\\/lalmachine.com\\\/shop\\\/sasseoir\\\/chaise\\\/paire-de-fauteuils-de-directeur-tubulaires-chromes-noirs\\\/#breadcrumb\"},\"inLanguage\":\"de\",\"potentialAction\":[{\"@type\":\"ReadAction\",\"target\":[\"https:\\\/\\\/lalmachine.com\\\/shop\\\/sasseoir\\\/chaise\\\/paire-de-fauteuils-de-directeur-tubulaires-chromes-noirs\\\/\"]}]},{\"@type\":\"ImageObject\",\"inLanguage\":\"de\",\"@id\":\"https:\\\/\\\/lalmachine.com\\\/shop\\\/sasseoir\\\/chaise\\\/paire-de-fauteuils-de-directeur-tubulaires-chromes-noirs\\\/#primaryimage\",\"url\":\"https:\\\/\\\/lalmachine.com\\\/wp-content\\\/uploads\\\/2025\\\/02\\\/IMG_3788-scaled_clipped_rev_1.jpeg\",\"contentUrl\":\"https:\\\/\\\/lalmachine.com\\\/wp-content\\\/uploads\\\/2025\\\/02\\\/IMG_3788-scaled_clipped_rev_1.jpeg\",\"width\":1800,\"height\":1800,\"caption\":\"Une paire de fauteuils noirs et chrom\u00e9s d'apr\u00e8s Marcel Breuer.\"},{\"@type\":\"BreadcrumbList\",\"@id\":\"https:\\\/\\\/lalmachine.com\\\/shop\\\/sasseoir\\\/chaise\\\/paire-de-fauteuils-de-directeur-tubulaires-chromes-noirs\\\/#breadcrumb\",\"itemListElement\":[{\"@type\":\"ListItem\",\"position\":1,\"name\":\"Accueil\",\"item\":\"https:\\\/\\\/lalmachine.com\\\/\"},{\"@type\":\"ListItem\",\"position\":2,\"name\":\"Shop\",\"item\":\"https:\\\/\\\/lalmachine.com\\\/shop\\\/\"},{\"@type\":\"ListItem\",\"position\":3,\"name\":\"Paire de fauteuils de directeur tubulaires chrom\u00e9s noirs\"}]},{\"@type\":\"WebSite\",\"@id\":\"https:\\\/\\\/lalmachine.com\\\/#website\",\"url\":\"https:\\\/\\\/lalmachine.com\\\/\",\"name\":\"lalmachine.com\",\"description\":\"Brocante en ligne Suisse | Mobilier et objets d\u00e9co vintage et design\",\"potentialAction\":[{\"@type\":\"SearchAction\",\"target\":{\"@type\":\"EntryPoint\",\"urlTemplate\":\"https:\\\/\\\/lalmachine.com\\\/?s={search_term_string}\"},\"query-input\":{\"@type\":\"PropertyValueSpecification\",\"valueRequired\":true,\"valueName\":\"search_term_string\"}}],\"inLanguage\":\"de\"}]}<\/script>\n<!-- \/ Yoast SEO plugin. -->","yoast_head_json":{"title":"Paire de fauteuils de directeur tubulaires chrom\u00e9s noirs | lalmachine.com","description":"Une paire de fauteuils noirs et chrom\u00e9s d'apr\u00e8s Marcel Breuer.","robots":{"index":"index","follow":"follow","max-snippet":"max-snippet:-1","max-image-preview":"max-image-preview:large","max-video-preview":"max-video-preview:-1"},"canonical":"https:\/\/lalmachine.com\/de\/shop\/sasseoir\/chaise\/paire-de-fauteuils-de-directeur-tubulaires-chromes-noirs\/","og_locale":"de_DE","og_type":"article","og_title":"Paire de fauteuils de directeur tubulaires chrom\u00e9s noirs | lalmachine.com","og_description":"Une paire de fauteuils noirs et chrom\u00e9s d'apr\u00e8s Marcel Breuer.","og_url":"https:\/\/lalmachine.com\/de\/shop\/sasseoir\/chaise\/paire-de-fauteuils-de-directeur-tubulaires-chromes-noirs\/","og_site_name":"lalmachine.com","article_publisher":"https:\/\/facebook.com\/lalmachine","article_modified_time":"2025-07-21T12:09:45+00:00","og_image":[{"width":1800,"height":1800,"url":"https:\/\/lalmachine.com\/wp-content\/uploads\/2025\/02\/IMG_3788-scaled_clipped_rev_1.jpeg","type":"image\/jpeg"}],"twitter_card":"summary_large_image","schema":{"@context":"https:\/\/schema.org","@graph":[{"@type":"WebPage","@id":"https:\/\/lalmachine.com\/shop\/sasseoir\/chaise\/paire-de-fauteuils-de-directeur-tubulaires-chromes-noirs\/","url":"https:\/\/lalmachine.com\/shop\/sasseoir\/chaise\/paire-de-fauteuils-de-directeur-tubulaires-chromes-noirs\/","name":"Paire de fauteuils de directeur tubulaires chrom\u00e9s noirs | lalmachine.com","isPartOf":{"@id":"https:\/\/lalmachine.com\/#website"},"primaryImageOfPage":{"@id":"https:\/\/lalmachine.com\/shop\/sasseoir\/chaise\/paire-de-fauteuils-de-directeur-tubulaires-chromes-noirs\/#primaryimage"},"image":{"@id":"https:\/\/lalmachine.com\/shop\/sasseoir\/chaise\/paire-de-fauteuils-de-directeur-tubulaires-chromes-noirs\/#primaryimage"},"thumbnailUrl":"https:\/\/lalmachine.com\/wp-content\/uploads\/2025\/02\/IMG_3788-scaled_clipped_rev_1.jpeg","datePublished":"2025-02-10T14:12:51+00:00","dateModified":"2025-07-21T12:09:45+00:00","description":"Une paire de fauteuils noirs et chrom\u00e9s d'apr\u00e8s Marcel Breuer.","breadcrumb":{"@id":"https:\/\/lalmachine.com\/shop\/sasseoir\/chaise\/paire-de-fauteuils-de-directeur-tubulaires-chromes-noirs\/#breadcrumb"},"inLanguage":"de","potentialAction":[{"@type":"ReadAction","target":["https:\/\/lalmachine.com\/shop\/sasseoir\/chaise\/paire-de-fauteuils-de-directeur-tubulaires-chromes-noirs\/"]}]},{"@type":"ImageObject","inLanguage":"de","@id":"https:\/\/lalmachine.com\/shop\/sasseoir\/chaise\/paire-de-fauteuils-de-directeur-tubulaires-chromes-noirs\/#primaryimage","url":"https:\/\/lalmachine.com\/wp-content\/uploads\/2025\/02\/IMG_3788-scaled_clipped_rev_1.jpeg","contentUrl":"https:\/\/lalmachine.com\/wp-content\/uploads\/2025\/02\/IMG_3788-scaled_clipped_rev_1.jpeg","width":1800,"height":1800,"caption":"Une paire de fauteuils noirs et chrom\u00e9s d'apr\u00e8s Marcel Breuer."},{"@type":"BreadcrumbList","@id":"https:\/\/lalmachine.com\/shop\/sasseoir\/chaise\/paire-de-fauteuils-de-directeur-tubulaires-chromes-noirs\/#breadcrumb","itemListElement":[{"@type":"ListItem","position":1,"name":"Accueil","item":"https:\/\/lalmachine.com\/"},{"@type":"ListItem","position":2,"name":"Shop","item":"https:\/\/lalmachine.com\/shop\/"},{"@type":"ListItem","position":3,"name":"Paire de fauteuils de directeur tubulaires chrom\u00e9s noirs"}]},{"@type":"WebSite","@id":"https:\/\/lalmachine.com\/#website","url":"https:\/\/lalmachine.com\/","name":"lalmachine.com","description":"Brocante en ligne Suisse | Mobilier et objets d\u00e9co vintage et design","potentialAction":[{"@type":"SearchAction","target":{"@type":"EntryPoint","urlTemplate":"https:\/\/lalmachine.com\/?s={search_term_string}"},"query-input":{"@type":"PropertyValueSpecification","valueRequired":true,"valueName":"search_term_string"}}],"inLanguage":"de"}]}},"_links":{"self":[{"href":"https:\/\/lalmachine.com\/de\/wp-json\/wp\/v2\/product\/341695","targetHints":{"allow":["GET"]}}],"collection":[{"href":"https:\/\/lalmachine.com\/de\/wp-json\/wp\/v2\/product"}],"about":[{"href":"https:\/\/lalmachine.com\/de\/wp-json\/wp\/v2\/types\/product"}],"wp:featuredmedia":[{"embeddable":true,"href":"https:\/\/lalmachine.com\/de\/wp-json\/wp\/v2\/media\/341855"}],"wp:attachment":[{"href":"https:\/\/lalmachine.com\/de\/wp-json\/wp\/v2\/media?parent=341695"}],"wp:term":[{"taxonomy":"product_brand","embeddable":true,"href":"https:\/\/lalmachine.com\/de\/wp-json\/wp\/v2\/product_brand?post=341695"},{"taxonomy":"product_cat","embeddable":true,"href":"https:\/\/lalmachine.com\/de\/wp-json\/wp\/v2\/product_cat?post=341695"},{"taxonomy":"product_tag","embeddable":true,"href":"https:\/\/lalmachine.com\/de\/wp-json\/wp\/v2\/product_tag?post=341695"},{"taxonomy":"proximite","embeddable":true,"href":"https:\/\/lalmachine.com\/de\/wp-json\/wp\/v2\/proximite?post=341695"}],"curies":[{"name":"wp","href":"https:\/\/api.w.org\/{rel}","templated":true}]}}