{"id":341743,"date":"2025-02-10T16:41:16","date_gmt":"2025-02-10T15:41:16","guid":{"rendered":"https:\/\/lalmachine.com\/?post_type=product&#038;p=341743"},"modified":"2025-12-23T14:27:14","modified_gmt":"2025-12-23T13:27:14","slug":"gravure-de-harriet-gene-roudebush-1908-1998-usa","status":"publish","type":"product","link":"https:\/\/lalmachine.com\/de\/shop\/decorer\/art-and-co\/gravure-de-harriet-gene-roudebush-1908-1998-usa\/","title":{"rendered":"Gravure de Harriet Gene Roudebush (1908-1998), USA"},"content":{"rendered":"<ul class=\"wpuf_customs\"><li style=\"list-style-type:none;\"><label>Autres photos:<\/label> <a href=\"https:\/\/lalmachine.com\/wp-content\/uploads\/2025\/02\/gravure-harriet-roudebush-vente-la-boutique-du-mail-suisse.jpg\"><img loading=\"lazy\" decoding=\"async\" width=\"128\" height=\"96\" src=\"https:\/\/lalmachine.com\/wp-content\/uploads\/2025\/02\/gravure-harriet-roudebush-vente-la-boutique-du-mail-suisse.jpg\" class=\"attachment-thumbnail size-thumbnail\" alt=\"\" \/><\/a> <a href=\"https:\/\/lalmachine.com\/wp-content\/uploads\/2025\/02\/gravure-harriet-roudebush-vente-la-boutique-du-mail.jpg\"><img loading=\"lazy\" decoding=\"async\" width=\"128\" height=\"96\" src=\"https:\/\/lalmachine.com\/wp-content\/uploads\/2025\/02\/gravure-harriet-roudebush-vente-la-boutique-du-mail.jpg\" class=\"attachment-thumbnail size-thumbnail\" alt=\"\" \/><\/a> <\/li>        <li class=\"wpuf-field-data wpuf-field-data-numeric_text_field\">\n                            <label>Prix:<\/label>\n                        180        <\/li>\n                <li class=\"wpuf-field-data wpuf-field-data-numeric_text_field\">\n                            <label>Quantit\u00e9:<\/label>\n                        0        <\/li>\n                <li class=\"wpuf-field-data wpuf-field-data-numeric_text_field\">\n                            <label>Hauteur (cm):<\/label>\n                        30        <\/li>\n                <li class=\"wpuf-field-data wpuf-field-data-numeric_text_field\">\n                            <label>Largeur (cm):<\/label>\n                        38        <\/li>\n        <\/ul>","protected":false},"excerpt":{"rendered":"<p>\u00abVue depuis le Fairmont*\u00bb<br \/>\nGravure \u00e0 l&rsquo;eau forte, sign\u00e9e au crayon, avant 1970<br \/>\n30 x 38 cm \/ Dessin 11 x 16 cm<br \/>\nVendue encadr\u00e9e<\/p>\n<p>Harriet Gene Roudebush, aquarelliste et graveuse, est n\u00e9e \u00e0 Portland, dans l&rsquo;Oregon. En 1916, elle et sa famille d\u00e9m\u00e9nagent \u00e0 Sacramento, en Californie. Elle poursuit ses \u00e9tudes au California College of Arts and Crafts en 1925, puis b\u00e9n\u00e9ficie d&rsquo;une bourse pour \u00e9tudier pendant quatre ans \u00e0 la California School of Fine Arts. Dans les ann\u00e9es 1930 et 1940, elle se fait conna\u00eetre pour ses gravures repr\u00e9sentant la r\u00e9gion de la baie de San Francisco, qui sont expos\u00e9es dans les galeries d&rsquo;art de Fishermen&rsquo;s Wharf. Dans les ann\u00e9es 1970, elle et son mari, le professeur de danse Sony Chang, s&rsquo;installent \u00e0 Pacific Grove, une colonie d&rsquo;artistes californiens r\u00e9put\u00e9e. Elle abandonne alors la gravure et la gravure \u00e0 l&rsquo;eau-forte pour se consacrer \u00e0 l&rsquo;aquarelle, peignant des paysages des r\u00e9gions de Monterey, Carmel et Pacific Grove jusqu&rsquo;\u00e0 sa mort, survenue le 2 janvier 1998.<\/p>\n<p>* Le premier h\u00f4tel \u00abFairmont\u00bb \u00e0 San Francisco ouvre en 1907. Dans les ann\u00e9es 1960, la soci\u00e9t\u00e9 \u00ab\u00a0Fairmont Hotel Management\u00a0\u00bb bas\u00e9e \u00e0 San Francisco entame le d\u00e9veloppement d&rsquo;une cha\u00eene d&rsquo;h\u00f4tels de luxe dans les grandes villes am\u00e9ricaines.<\/p>","protected":false},"featured_media":341872,"template":"","meta":{"_et_pb_use_builder":"","_et_pb_old_content":"","_et_gb_content_width":""},"product_brand":[],"product_cat":[365,50],"product_tag":[],"proximite":[180],"class_list":{"0":"post-341743","1":"product","2":"type-product","3":"status-publish","4":"has-post-thumbnail","6":"product_cat-art-and-co","7":"product_cat-decorer","8":"product_shipping_class-2-10-kg","9":"pa_couleur-noir","10":"pa_etat-tres-bon-etat","11":"pa_materiau-papier-carton","12":"pa_style-vintage","13":"proximite-geneve","15":"first","16":"outofstock","17":"shipping-taxable","18":"purchasable","19":"product-type-simple"},"yoast_head":"<!-- This site is optimized with the Yoast SEO plugin v27.4 - https:\/\/yoast.com\/product\/yoast-seo-wordpress\/ -->\n<title>Gravure de Harriet Gene Roudebush (1908-1998), USA | lalmachine.com<\/title>\n<meta name=\"description\" content=\"Gravure de Harriet Gene Roudebush (1908-1998), USA\" \/>\n<meta name=\"robots\" content=\"index, follow, max-snippet:-1, max-image-preview:large, max-video-preview:-1\" \/>\n<link rel=\"canonical\" href=\"https:\/\/lalmachine.com\/de\/shop\/decorer\/art-and-co\/gravure-de-harriet-gene-roudebush-1908-1998-usa\/\" \/>\n<meta property=\"og:locale\" content=\"de_DE\" \/>\n<meta property=\"og:type\" content=\"article\" \/>\n<meta property=\"og:title\" content=\"Gravure de Harriet Gene Roudebush (1908-1998), USA | lalmachine.com\" \/>\n<meta property=\"og:description\" content=\"Gravure de Harriet Gene Roudebush (1908-1998), USA\" \/>\n<meta property=\"og:url\" content=\"https:\/\/lalmachine.com\/de\/shop\/decorer\/art-and-co\/gravure-de-harriet-gene-roudebush-1908-1998-usa\/\" \/>\n<meta property=\"og:site_name\" content=\"lalmachine.com\" \/>\n<meta property=\"article:publisher\" content=\"https:\/\/facebook.com\/lalmachine\" \/>\n<meta property=\"article:modified_time\" content=\"2025-12-23T13:27:14+00:00\" \/>\n<meta property=\"og:image\" content=\"https:\/\/lalmachine.com\/wp-content\/uploads\/2025\/02\/gravure-vintage-harriet-roudebush-vente-la-boutique-du-mail_clipped_rev_1.jpeg\" \/>\n\t<meta property=\"og:image:width\" content=\"1500\" \/>\n\t<meta property=\"og:image:height\" content=\"1500\" \/>\n\t<meta property=\"og:image:type\" content=\"image\/jpeg\" \/>\n<meta name=\"twitter:card\" content=\"summary_large_image\" \/>\n<script type=\"application\/ld+json\" class=\"yoast-schema-graph\">{\"@context\":\"https:\\\/\\\/schema.org\",\"@graph\":[{\"@type\":\"WebPage\",\"@id\":\"https:\\\/\\\/lalmachine.com\\\/shop\\\/decorer\\\/art-and-co\\\/gravure-de-harriet-gene-roudebush-1908-1998-usa\\\/\",\"url\":\"https:\\\/\\\/lalmachine.com\\\/shop\\\/decorer\\\/art-and-co\\\/gravure-de-harriet-gene-roudebush-1908-1998-usa\\\/\",\"name\":\"Gravure de Harriet Gene Roudebush (1908-1998), USA | lalmachine.com\",\"isPartOf\":{\"@id\":\"https:\\\/\\\/lalmachine.com\\\/#website\"},\"primaryImageOfPage\":{\"@id\":\"https:\\\/\\\/lalmachine.com\\\/shop\\\/decorer\\\/art-and-co\\\/gravure-de-harriet-gene-roudebush-1908-1998-usa\\\/#primaryimage\"},\"image\":{\"@id\":\"https:\\\/\\\/lalmachine.com\\\/shop\\\/decorer\\\/art-and-co\\\/gravure-de-harriet-gene-roudebush-1908-1998-usa\\\/#primaryimage\"},\"thumbnailUrl\":\"https:\\\/\\\/lalmachine.com\\\/wp-content\\\/uploads\\\/2025\\\/02\\\/gravure-vintage-harriet-roudebush-vente-la-boutique-du-mail_clipped_rev_1.jpeg\",\"datePublished\":\"2025-02-10T15:41:16+00:00\",\"dateModified\":\"2025-12-23T13:27:14+00:00\",\"description\":\"Gravure de Harriet Gene Roudebush (1908-1998), USA\",\"breadcrumb\":{\"@id\":\"https:\\\/\\\/lalmachine.com\\\/shop\\\/decorer\\\/art-and-co\\\/gravure-de-harriet-gene-roudebush-1908-1998-usa\\\/#breadcrumb\"},\"inLanguage\":\"de\",\"potentialAction\":[{\"@type\":\"ReadAction\",\"target\":[\"https:\\\/\\\/lalmachine.com\\\/shop\\\/decorer\\\/art-and-co\\\/gravure-de-harriet-gene-roudebush-1908-1998-usa\\\/\"]}]},{\"@type\":\"ImageObject\",\"inLanguage\":\"de\",\"@id\":\"https:\\\/\\\/lalmachine.com\\\/shop\\\/decorer\\\/art-and-co\\\/gravure-de-harriet-gene-roudebush-1908-1998-usa\\\/#primaryimage\",\"url\":\"https:\\\/\\\/lalmachine.com\\\/wp-content\\\/uploads\\\/2025\\\/02\\\/gravure-vintage-harriet-roudebush-vente-la-boutique-du-mail_clipped_rev_1.jpeg\",\"contentUrl\":\"https:\\\/\\\/lalmachine.com\\\/wp-content\\\/uploads\\\/2025\\\/02\\\/gravure-vintage-harriet-roudebush-vente-la-boutique-du-mail_clipped_rev_1.jpeg\",\"width\":1500,\"height\":1500,\"caption\":\"Gravure de Harriet Gene Roudebush\"},{\"@type\":\"BreadcrumbList\",\"@id\":\"https:\\\/\\\/lalmachine.com\\\/shop\\\/decorer\\\/art-and-co\\\/gravure-de-harriet-gene-roudebush-1908-1998-usa\\\/#breadcrumb\",\"itemListElement\":[{\"@type\":\"ListItem\",\"position\":1,\"name\":\"Accueil\",\"item\":\"https:\\\/\\\/lalmachine.com\\\/\"},{\"@type\":\"ListItem\",\"position\":2,\"name\":\"Shop\",\"item\":\"https:\\\/\\\/lalmachine.com\\\/shop\\\/\"},{\"@type\":\"ListItem\",\"position\":3,\"name\":\"Gravure de Harriet Gene Roudebush (1908-1998), USA\"}]},{\"@type\":\"WebSite\",\"@id\":\"https:\\\/\\\/lalmachine.com\\\/#website\",\"url\":\"https:\\\/\\\/lalmachine.com\\\/\",\"name\":\"lalmachine.com\",\"description\":\"Brocante en ligne Suisse | Mobilier et objets d\u00e9co vintage et design\",\"potentialAction\":[{\"@type\":\"SearchAction\",\"target\":{\"@type\":\"EntryPoint\",\"urlTemplate\":\"https:\\\/\\\/lalmachine.com\\\/?s={search_term_string}\"},\"query-input\":{\"@type\":\"PropertyValueSpecification\",\"valueRequired\":true,\"valueName\":\"search_term_string\"}}],\"inLanguage\":\"de\"}]}<\/script>\n<!-- \/ Yoast SEO plugin. -->","yoast_head_json":{"title":"Gravure de Harriet Gene Roudebush (1908-1998), USA | lalmachine.com","description":"Gravure de Harriet Gene Roudebush (1908-1998), USA","robots":{"index":"index","follow":"follow","max-snippet":"max-snippet:-1","max-image-preview":"max-image-preview:large","max-video-preview":"max-video-preview:-1"},"canonical":"https:\/\/lalmachine.com\/de\/shop\/decorer\/art-and-co\/gravure-de-harriet-gene-roudebush-1908-1998-usa\/","og_locale":"de_DE","og_type":"article","og_title":"Gravure de Harriet Gene Roudebush (1908-1998), USA | lalmachine.com","og_description":"Gravure de Harriet Gene Roudebush (1908-1998), USA","og_url":"https:\/\/lalmachine.com\/de\/shop\/decorer\/art-and-co\/gravure-de-harriet-gene-roudebush-1908-1998-usa\/","og_site_name":"lalmachine.com","article_publisher":"https:\/\/facebook.com\/lalmachine","article_modified_time":"2025-12-23T13:27:14+00:00","og_image":[{"width":1500,"height":1500,"url":"https:\/\/lalmachine.com\/wp-content\/uploads\/2025\/02\/gravure-vintage-harriet-roudebush-vente-la-boutique-du-mail_clipped_rev_1.jpeg","type":"image\/jpeg"}],"twitter_card":"summary_large_image","schema":{"@context":"https:\/\/schema.org","@graph":[{"@type":"WebPage","@id":"https:\/\/lalmachine.com\/shop\/decorer\/art-and-co\/gravure-de-harriet-gene-roudebush-1908-1998-usa\/","url":"https:\/\/lalmachine.com\/shop\/decorer\/art-and-co\/gravure-de-harriet-gene-roudebush-1908-1998-usa\/","name":"Gravure de Harriet Gene Roudebush (1908-1998), USA | lalmachine.com","isPartOf":{"@id":"https:\/\/lalmachine.com\/#website"},"primaryImageOfPage":{"@id":"https:\/\/lalmachine.com\/shop\/decorer\/art-and-co\/gravure-de-harriet-gene-roudebush-1908-1998-usa\/#primaryimage"},"image":{"@id":"https:\/\/lalmachine.com\/shop\/decorer\/art-and-co\/gravure-de-harriet-gene-roudebush-1908-1998-usa\/#primaryimage"},"thumbnailUrl":"https:\/\/lalmachine.com\/wp-content\/uploads\/2025\/02\/gravure-vintage-harriet-roudebush-vente-la-boutique-du-mail_clipped_rev_1.jpeg","datePublished":"2025-02-10T15:41:16+00:00","dateModified":"2025-12-23T13:27:14+00:00","description":"Gravure de Harriet Gene Roudebush (1908-1998), USA","breadcrumb":{"@id":"https:\/\/lalmachine.com\/shop\/decorer\/art-and-co\/gravure-de-harriet-gene-roudebush-1908-1998-usa\/#breadcrumb"},"inLanguage":"de","potentialAction":[{"@type":"ReadAction","target":["https:\/\/lalmachine.com\/shop\/decorer\/art-and-co\/gravure-de-harriet-gene-roudebush-1908-1998-usa\/"]}]},{"@type":"ImageObject","inLanguage":"de","@id":"https:\/\/lalmachine.com\/shop\/decorer\/art-and-co\/gravure-de-harriet-gene-roudebush-1908-1998-usa\/#primaryimage","url":"https:\/\/lalmachine.com\/wp-content\/uploads\/2025\/02\/gravure-vintage-harriet-roudebush-vente-la-boutique-du-mail_clipped_rev_1.jpeg","contentUrl":"https:\/\/lalmachine.com\/wp-content\/uploads\/2025\/02\/gravure-vintage-harriet-roudebush-vente-la-boutique-du-mail_clipped_rev_1.jpeg","width":1500,"height":1500,"caption":"Gravure de Harriet Gene Roudebush"},{"@type":"BreadcrumbList","@id":"https:\/\/lalmachine.com\/shop\/decorer\/art-and-co\/gravure-de-harriet-gene-roudebush-1908-1998-usa\/#breadcrumb","itemListElement":[{"@type":"ListItem","position":1,"name":"Accueil","item":"https:\/\/lalmachine.com\/"},{"@type":"ListItem","position":2,"name":"Shop","item":"https:\/\/lalmachine.com\/shop\/"},{"@type":"ListItem","position":3,"name":"Gravure de Harriet Gene Roudebush (1908-1998), USA"}]},{"@type":"WebSite","@id":"https:\/\/lalmachine.com\/#website","url":"https:\/\/lalmachine.com\/","name":"lalmachine.com","description":"Brocante en ligne Suisse | Mobilier et objets d\u00e9co vintage et design","potentialAction":[{"@type":"SearchAction","target":{"@type":"EntryPoint","urlTemplate":"https:\/\/lalmachine.com\/?s={search_term_string}"},"query-input":{"@type":"PropertyValueSpecification","valueRequired":true,"valueName":"search_term_string"}}],"inLanguage":"de"}]}},"_links":{"self":[{"href":"https:\/\/lalmachine.com\/de\/wp-json\/wp\/v2\/product\/341743","targetHints":{"allow":["GET"]}}],"collection":[{"href":"https:\/\/lalmachine.com\/de\/wp-json\/wp\/v2\/product"}],"about":[{"href":"https:\/\/lalmachine.com\/de\/wp-json\/wp\/v2\/types\/product"}],"wp:featuredmedia":[{"embeddable":true,"href":"https:\/\/lalmachine.com\/de\/wp-json\/wp\/v2\/media\/341872"}],"wp:attachment":[{"href":"https:\/\/lalmachine.com\/de\/wp-json\/wp\/v2\/media?parent=341743"}],"wp:term":[{"taxonomy":"product_brand","embeddable":true,"href":"https:\/\/lalmachine.com\/de\/wp-json\/wp\/v2\/product_brand?post=341743"},{"taxonomy":"product_cat","embeddable":true,"href":"https:\/\/lalmachine.com\/de\/wp-json\/wp\/v2\/product_cat?post=341743"},{"taxonomy":"product_tag","embeddable":true,"href":"https:\/\/lalmachine.com\/de\/wp-json\/wp\/v2\/product_tag?post=341743"},{"taxonomy":"proximite","embeddable":true,"href":"https:\/\/lalmachine.com\/de\/wp-json\/wp\/v2\/proximite?post=341743"}],"curies":[{"name":"wp","href":"https:\/\/api.w.org\/{rel}","templated":true}]}}