{"id":341750,"date":"2025-02-10T16:46:42","date_gmt":"2025-02-10T15:46:42","guid":{"rendered":"https:\/\/lalmachine.com\/?post_type=product&#038;p=341750"},"modified":"2025-09-12T17:31:34","modified_gmt":"2025-09-12T15:31:34","slug":"lithographie-de-walter-wegmuller-1937-2020-suisse","status":"publish","type":"product","link":"https:\/\/lalmachine.com\/de\/shop\/decorer\/art-and-co\/lithographie-de-walter-wegmuller-1937-2020-suisse\/","title":{"rendered":"Lithographie de Walter Wegm\u00fcller (1937-2020), Suisse"},"content":{"rendered":"<ul class=\"wpuf_customs\"><li style=\"list-style-type:none;\"><label>Autres photos:<\/label> <a href=\"https:\/\/lalmachine.com\/wp-content\/uploads\/2025\/02\/walter-wegmuller-lithographie-vintage-vente-boutique-du-mail-geneve.jpg\"><img loading=\"lazy\" decoding=\"async\" width=\"128\" height=\"96\" src=\"https:\/\/lalmachine.com\/wp-content\/uploads\/2025\/02\/walter-wegmuller-lithographie-vintage-vente-boutique-du-mail-geneve.jpg\" class=\"attachment-thumbnail size-thumbnail\" alt=\"\" \/><\/a> <a href=\"https:\/\/lalmachine.com\/wp-content\/uploads\/2025\/02\/walter-wegmuller-artiste-suisse-lithographie-vintage-vente-boutique-du-mail.jpg\"><img loading=\"lazy\" decoding=\"async\" width=\"128\" height=\"96\" src=\"https:\/\/lalmachine.com\/wp-content\/uploads\/2025\/02\/walter-wegmuller-artiste-suisse-lithographie-vintage-vente-boutique-du-mail.jpg\" class=\"attachment-thumbnail size-thumbnail\" alt=\"\" \/><\/a> <a href=\"https:\/\/lalmachine.com\/wp-content\/uploads\/2025\/02\/walter-wegmuller-lithographie-vintage-vente-boutique-du-mail.jpg\"><img loading=\"lazy\" decoding=\"async\" width=\"128\" height=\"96\" src=\"https:\/\/lalmachine.com\/wp-content\/uploads\/2025\/02\/walter-wegmuller-lithographie-vintage-vente-boutique-du-mail.jpg\" class=\"attachment-thumbnail size-thumbnail\" alt=\"\" \/><\/a> <a href=\"https:\/\/lalmachine.com\/wp-content\/uploads\/2025\/02\/walter-wegmuller-estampe-vintage-vente-boutique-du-mail.jpg\"><img loading=\"lazy\" decoding=\"async\" width=\"128\" height=\"96\" src=\"https:\/\/lalmachine.com\/wp-content\/uploads\/2025\/02\/walter-wegmuller-estampe-vintage-vente-boutique-du-mail.jpg\" class=\"attachment-thumbnail size-thumbnail\" alt=\"\" \/><\/a> <\/li>        <li class=\"wpuf-field-data wpuf-field-data-numeric_text_field\">\n                            <label>Prix:<\/label>\n                        480        <\/li>\n                <li class=\"wpuf-field-data wpuf-field-data-numeric_text_field\">\n                            <label>Quantit\u00e9:<\/label>\n                        0        <\/li>\n                <li class=\"wpuf-field-data wpuf-field-data-numeric_text_field\">\n                            <label>Hauteur (cm):<\/label>\n                        52        <\/li>\n                <li class=\"wpuf-field-data wpuf-field-data-numeric_text_field\">\n                            <label>Largeur (cm):<\/label>\n                        67        <\/li>\n        <\/ul>","protected":false},"excerpt":{"rendered":"<p>\u00ab\u00a0Der Fisch im Netz\u201d, lithographie, 1970<br \/>\nSign\u00e9e et num\u00e9rot\u00e9e 1\/30<br \/>\nVendue encadr\u00e9e<\/p>\n<p>Walter Wegm\u00fcller \u00e9tait un artiste, sculpteur, musicien, po\u00e8te, expert en tarot et historien de l\u2019alchimie. N\u00e9 \u00e0 Berne dans une famille de voyageurs roms, il fut plac\u00e9 d\u00e8s son jeune \u00e2ge dans des familles d\u2019accueil, souvent parmi des agriculteurs suisses, o\u00f9 il subit maltraitance et exploitation.<br \/>\nDans sa prime jeunesse Wegm\u00fcller a voyag\u00e9 \u00e0 travers l&rsquo;Europe et l&rsquo;Inde, r\u00e9alisant des peintures et des bijoux. De retour en Suisse, il continue \u00e0 travailler comme artiste visuel. \u00c0 l&rsquo;\u00e2ge adulte, il retrouve sa famille et d\u00e9couvre que son p\u00e8re \u00e9tait diseur de bonne aventure ce qui explique son go\u00fbt pour raconter des histoires et son travail sur l\u2019art divinatoire.<\/p>\n<p>Wegm\u00fcller fut \u00e9galement l&rsquo;un des pionniers de la promotion du rock psych\u00e9d\u00e9lique et de la musique \u00e9lectronique d\u2019avant-garde, un ph\u00e9nom\u00e8ne allemand inspir\u00e9 du radicalisme politique de la fin des ann\u00e9es 1960. En 1973, il enregistre le c\u00e9l\u00e8bre album \u00ab\u00a0Tarot\u00a0\u00bb, qui comprend un coffret contenant un jeu de 22 arcanes majeurs dessin\u00e9s par ses soins. Ses \u0153uvres, notamment \u00ab\u00a0Le Tarot tsigane\u00a0\u00bb et \u00ab\u00a0Le Tarot moderne\u00a0\u00bb, publi\u00e9es dans les ann\u00e9es 1970 et 1980, deviendront populaires.<\/p>\n<p>Walter Wegm\u00fcller est d\u00e9c\u00e9d\u00e9 en 2020 \u00e0 B\u00e2le, o\u00f9 il vivait depuis 1957, avec sa femme qu\u2019il avait rencontr\u00e9e lors de ses voyages en Inde.<\/p>","protected":false},"featured_media":341873,"template":"","meta":{"_et_pb_use_builder":"","_et_pb_old_content":"","_et_gb_content_width":""},"product_brand":[],"product_cat":[365,50],"product_tag":[],"proximite":[180],"class_list":{"0":"post-341750","1":"product","2":"type-product","3":"status-publish","4":"has-post-thumbnail","6":"product_cat-art-and-co","7":"product_cat-decorer","8":"product_shipping_class-2-10-kg","9":"pa_couleur-noir","10":"pa_etat-tres-bon-etat","11":"pa_materiau-papier-carton","12":"pa_style-art-contemporain","13":"proximite-geneve","15":"first","16":"outofstock","17":"shipping-taxable","18":"purchasable","19":"product-type-simple"},"yoast_head":"<!-- This site is optimized with the Yoast SEO plugin v27.4 - https:\/\/yoast.com\/product\/yoast-seo-wordpress\/ -->\n<title>Lithographie de Walter Wegm\u00fcller (1937-2020), Suisse | lalmachine.com<\/title>\n<meta name=\"description\" content=\"Lithographie de Walter Wegm\u00fcller (1937-2020), Suisse\" \/>\n<meta name=\"robots\" content=\"index, follow, max-snippet:-1, max-image-preview:large, max-video-preview:-1\" \/>\n<link rel=\"canonical\" href=\"https:\/\/lalmachine.com\/de\/shop\/decorer\/art-and-co\/lithographie-de-walter-wegmuller-1937-2020-suisse\/\" \/>\n<meta property=\"og:locale\" content=\"de_DE\" \/>\n<meta property=\"og:type\" content=\"article\" \/>\n<meta property=\"og:title\" content=\"Lithographie de Walter Wegm\u00fcller (1937-2020), Suisse | lalmachine.com\" \/>\n<meta property=\"og:description\" content=\"Lithographie de Walter Wegm\u00fcller (1937-2020), Suisse\" \/>\n<meta property=\"og:url\" content=\"https:\/\/lalmachine.com\/de\/shop\/decorer\/art-and-co\/lithographie-de-walter-wegmuller-1937-2020-suisse\/\" \/>\n<meta property=\"og:site_name\" content=\"lalmachine.com\" \/>\n<meta property=\"article:publisher\" content=\"https:\/\/facebook.com\/lalmachine\" \/>\n<meta property=\"article:modified_time\" content=\"2025-09-12T15:31:34+00:00\" \/>\n<meta property=\"og:image\" content=\"https:\/\/lalmachine.com\/wp-content\/uploads\/2025\/02\/walter-wegmuller-lithographie-vintage-vente-boutique-du-mail-suisse_clipped_rev_2.jpeg\" \/>\n\t<meta property=\"og:image:width\" content=\"1511\" \/>\n\t<meta property=\"og:image:height\" content=\"1511\" \/>\n\t<meta property=\"og:image:type\" content=\"image\/jpeg\" \/>\n<meta name=\"twitter:card\" content=\"summary_large_image\" \/>\n<script type=\"application\/ld+json\" class=\"yoast-schema-graph\">{\"@context\":\"https:\\\/\\\/schema.org\",\"@graph\":[{\"@type\":\"WebPage\",\"@id\":\"https:\\\/\\\/lalmachine.com\\\/shop\\\/decorer\\\/art-and-co\\\/lithographie-de-walter-wegmuller-1937-2020-suisse\\\/\",\"url\":\"https:\\\/\\\/lalmachine.com\\\/shop\\\/decorer\\\/art-and-co\\\/lithographie-de-walter-wegmuller-1937-2020-suisse\\\/\",\"name\":\"Lithographie de Walter Wegm\u00fcller (1937-2020), Suisse | lalmachine.com\",\"isPartOf\":{\"@id\":\"https:\\\/\\\/lalmachine.com\\\/#website\"},\"primaryImageOfPage\":{\"@id\":\"https:\\\/\\\/lalmachine.com\\\/shop\\\/decorer\\\/art-and-co\\\/lithographie-de-walter-wegmuller-1937-2020-suisse\\\/#primaryimage\"},\"image\":{\"@id\":\"https:\\\/\\\/lalmachine.com\\\/shop\\\/decorer\\\/art-and-co\\\/lithographie-de-walter-wegmuller-1937-2020-suisse\\\/#primaryimage\"},\"thumbnailUrl\":\"https:\\\/\\\/lalmachine.com\\\/wp-content\\\/uploads\\\/2025\\\/02\\\/walter-wegmuller-lithographie-vintage-vente-boutique-du-mail-suisse_clipped_rev_2.jpeg\",\"datePublished\":\"2025-02-10T15:46:42+00:00\",\"dateModified\":\"2025-09-12T15:31:34+00:00\",\"description\":\"Lithographie de Walter Wegm\u00fcller (1937-2020), Suisse\",\"breadcrumb\":{\"@id\":\"https:\\\/\\\/lalmachine.com\\\/shop\\\/decorer\\\/art-and-co\\\/lithographie-de-walter-wegmuller-1937-2020-suisse\\\/#breadcrumb\"},\"inLanguage\":\"de\",\"potentialAction\":[{\"@type\":\"ReadAction\",\"target\":[\"https:\\\/\\\/lalmachine.com\\\/shop\\\/decorer\\\/art-and-co\\\/lithographie-de-walter-wegmuller-1937-2020-suisse\\\/\"]}]},{\"@type\":\"ImageObject\",\"inLanguage\":\"de\",\"@id\":\"https:\\\/\\\/lalmachine.com\\\/shop\\\/decorer\\\/art-and-co\\\/lithographie-de-walter-wegmuller-1937-2020-suisse\\\/#primaryimage\",\"url\":\"https:\\\/\\\/lalmachine.com\\\/wp-content\\\/uploads\\\/2025\\\/02\\\/walter-wegmuller-lithographie-vintage-vente-boutique-du-mail-suisse_clipped_rev_2.jpeg\",\"contentUrl\":\"https:\\\/\\\/lalmachine.com\\\/wp-content\\\/uploads\\\/2025\\\/02\\\/walter-wegmuller-lithographie-vintage-vente-boutique-du-mail-suisse_clipped_rev_2.jpeg\",\"width\":1511,\"height\":1511},{\"@type\":\"BreadcrumbList\",\"@id\":\"https:\\\/\\\/lalmachine.com\\\/shop\\\/decorer\\\/art-and-co\\\/lithographie-de-walter-wegmuller-1937-2020-suisse\\\/#breadcrumb\",\"itemListElement\":[{\"@type\":\"ListItem\",\"position\":1,\"name\":\"Accueil\",\"item\":\"https:\\\/\\\/lalmachine.com\\\/\"},{\"@type\":\"ListItem\",\"position\":2,\"name\":\"Shop\",\"item\":\"https:\\\/\\\/lalmachine.com\\\/shop\\\/\"},{\"@type\":\"ListItem\",\"position\":3,\"name\":\"Lithographie de Walter Wegm\u00fcller (1937-2020), Suisse\"}]},{\"@type\":\"WebSite\",\"@id\":\"https:\\\/\\\/lalmachine.com\\\/#website\",\"url\":\"https:\\\/\\\/lalmachine.com\\\/\",\"name\":\"lalmachine.com\",\"description\":\"Brocante en ligne Suisse | Mobilier et objets d\u00e9co vintage et design\",\"potentialAction\":[{\"@type\":\"SearchAction\",\"target\":{\"@type\":\"EntryPoint\",\"urlTemplate\":\"https:\\\/\\\/lalmachine.com\\\/?s={search_term_string}\"},\"query-input\":{\"@type\":\"PropertyValueSpecification\",\"valueRequired\":true,\"valueName\":\"search_term_string\"}}],\"inLanguage\":\"de\"}]}<\/script>\n<!-- \/ Yoast SEO plugin. -->","yoast_head_json":{"title":"Lithographie de Walter Wegm\u00fcller (1937-2020), Suisse | lalmachine.com","description":"Lithographie de Walter Wegm\u00fcller (1937-2020), Suisse","robots":{"index":"index","follow":"follow","max-snippet":"max-snippet:-1","max-image-preview":"max-image-preview:large","max-video-preview":"max-video-preview:-1"},"canonical":"https:\/\/lalmachine.com\/de\/shop\/decorer\/art-and-co\/lithographie-de-walter-wegmuller-1937-2020-suisse\/","og_locale":"de_DE","og_type":"article","og_title":"Lithographie de Walter Wegm\u00fcller (1937-2020), Suisse | lalmachine.com","og_description":"Lithographie de Walter Wegm\u00fcller (1937-2020), Suisse","og_url":"https:\/\/lalmachine.com\/de\/shop\/decorer\/art-and-co\/lithographie-de-walter-wegmuller-1937-2020-suisse\/","og_site_name":"lalmachine.com","article_publisher":"https:\/\/facebook.com\/lalmachine","article_modified_time":"2025-09-12T15:31:34+00:00","og_image":[{"width":1511,"height":1511,"url":"https:\/\/lalmachine.com\/wp-content\/uploads\/2025\/02\/walter-wegmuller-lithographie-vintage-vente-boutique-du-mail-suisse_clipped_rev_2.jpeg","type":"image\/jpeg"}],"twitter_card":"summary_large_image","schema":{"@context":"https:\/\/schema.org","@graph":[{"@type":"WebPage","@id":"https:\/\/lalmachine.com\/shop\/decorer\/art-and-co\/lithographie-de-walter-wegmuller-1937-2020-suisse\/","url":"https:\/\/lalmachine.com\/shop\/decorer\/art-and-co\/lithographie-de-walter-wegmuller-1937-2020-suisse\/","name":"Lithographie de Walter Wegm\u00fcller (1937-2020), Suisse | lalmachine.com","isPartOf":{"@id":"https:\/\/lalmachine.com\/#website"},"primaryImageOfPage":{"@id":"https:\/\/lalmachine.com\/shop\/decorer\/art-and-co\/lithographie-de-walter-wegmuller-1937-2020-suisse\/#primaryimage"},"image":{"@id":"https:\/\/lalmachine.com\/shop\/decorer\/art-and-co\/lithographie-de-walter-wegmuller-1937-2020-suisse\/#primaryimage"},"thumbnailUrl":"https:\/\/lalmachine.com\/wp-content\/uploads\/2025\/02\/walter-wegmuller-lithographie-vintage-vente-boutique-du-mail-suisse_clipped_rev_2.jpeg","datePublished":"2025-02-10T15:46:42+00:00","dateModified":"2025-09-12T15:31:34+00:00","description":"Lithographie de Walter Wegm\u00fcller (1937-2020), Suisse","breadcrumb":{"@id":"https:\/\/lalmachine.com\/shop\/decorer\/art-and-co\/lithographie-de-walter-wegmuller-1937-2020-suisse\/#breadcrumb"},"inLanguage":"de","potentialAction":[{"@type":"ReadAction","target":["https:\/\/lalmachine.com\/shop\/decorer\/art-and-co\/lithographie-de-walter-wegmuller-1937-2020-suisse\/"]}]},{"@type":"ImageObject","inLanguage":"de","@id":"https:\/\/lalmachine.com\/shop\/decorer\/art-and-co\/lithographie-de-walter-wegmuller-1937-2020-suisse\/#primaryimage","url":"https:\/\/lalmachine.com\/wp-content\/uploads\/2025\/02\/walter-wegmuller-lithographie-vintage-vente-boutique-du-mail-suisse_clipped_rev_2.jpeg","contentUrl":"https:\/\/lalmachine.com\/wp-content\/uploads\/2025\/02\/walter-wegmuller-lithographie-vintage-vente-boutique-du-mail-suisse_clipped_rev_2.jpeg","width":1511,"height":1511},{"@type":"BreadcrumbList","@id":"https:\/\/lalmachine.com\/shop\/decorer\/art-and-co\/lithographie-de-walter-wegmuller-1937-2020-suisse\/#breadcrumb","itemListElement":[{"@type":"ListItem","position":1,"name":"Accueil","item":"https:\/\/lalmachine.com\/"},{"@type":"ListItem","position":2,"name":"Shop","item":"https:\/\/lalmachine.com\/shop\/"},{"@type":"ListItem","position":3,"name":"Lithographie de Walter Wegm\u00fcller (1937-2020), Suisse"}]},{"@type":"WebSite","@id":"https:\/\/lalmachine.com\/#website","url":"https:\/\/lalmachine.com\/","name":"lalmachine.com","description":"Brocante en ligne Suisse | Mobilier et objets d\u00e9co vintage et design","potentialAction":[{"@type":"SearchAction","target":{"@type":"EntryPoint","urlTemplate":"https:\/\/lalmachine.com\/?s={search_term_string}"},"query-input":{"@type":"PropertyValueSpecification","valueRequired":true,"valueName":"search_term_string"}}],"inLanguage":"de"}]}},"_links":{"self":[{"href":"https:\/\/lalmachine.com\/de\/wp-json\/wp\/v2\/product\/341750","targetHints":{"allow":["GET"]}}],"collection":[{"href":"https:\/\/lalmachine.com\/de\/wp-json\/wp\/v2\/product"}],"about":[{"href":"https:\/\/lalmachine.com\/de\/wp-json\/wp\/v2\/types\/product"}],"wp:featuredmedia":[{"embeddable":true,"href":"https:\/\/lalmachine.com\/de\/wp-json\/wp\/v2\/media\/341873"}],"wp:attachment":[{"href":"https:\/\/lalmachine.com\/de\/wp-json\/wp\/v2\/media?parent=341750"}],"wp:term":[{"taxonomy":"product_brand","embeddable":true,"href":"https:\/\/lalmachine.com\/de\/wp-json\/wp\/v2\/product_brand?post=341750"},{"taxonomy":"product_cat","embeddable":true,"href":"https:\/\/lalmachine.com\/de\/wp-json\/wp\/v2\/product_cat?post=341750"},{"taxonomy":"product_tag","embeddable":true,"href":"https:\/\/lalmachine.com\/de\/wp-json\/wp\/v2\/product_tag?post=341750"},{"taxonomy":"proximite","embeddable":true,"href":"https:\/\/lalmachine.com\/de\/wp-json\/wp\/v2\/proximite?post=341750"}],"curies":[{"name":"wp","href":"https:\/\/api.w.org\/{rel}","templated":true}]}}