{"id":342177,"date":"2025-02-16T11:29:27","date_gmt":"2025-02-16T10:29:27","guid":{"rendered":"https:\/\/lalmachine.com\/?post_type=product&#038;p=342177"},"modified":"2026-02-13T15:45:16","modified_gmt":"2026-02-13T14:45:16","slug":"systeme-mural-poul-cadovius","status":"publish","type":"product","link":"https:\/\/lalmachine.com\/de\/shop\/meubler\/meuble-de-rangement\/systeme-mural-poul-cadovius\/","title":{"rendered":"Syst\u00e8me mural Poul Cadovius"},"content":{"rendered":"<ul class=\"wpuf_customs\"><li style=\"list-style-type:none;\"><label>Autres photos:<\/label> <a href=\"https:\/\/lalmachine.com\/wp-content\/uploads\/2025\/02\/310-1.png\"><img loading=\"lazy\" decoding=\"async\" width=\"109\" height=\"96\" src=\"https:\/\/lalmachine.com\/wp-content\/uploads\/2025\/02\/310-1.png\" class=\"attachment-thumbnail size-thumbnail\" alt=\"\" \/><\/a> <a href=\"https:\/\/lalmachine.com\/wp-content\/uploads\/2025\/02\/310-elements.jpg\"><img loading=\"lazy\" decoding=\"async\" width=\"128\" height=\"91\" src=\"https:\/\/lalmachine.com\/wp-content\/uploads\/2025\/02\/310-elements.jpg\" class=\"attachment-thumbnail size-thumbnail\" alt=\"\" \/><\/a> <a href=\"https:\/\/lalmachine.com\/wp-content\/uploads\/2025\/02\/310p.jpg\"><img loading=\"lazy\" decoding=\"async\" width=\"96\" height=\"96\" src=\"https:\/\/lalmachine.com\/wp-content\/uploads\/2025\/02\/310p.jpg\" class=\"attachment-thumbnail size-thumbnail\" alt=\"\" \/><\/a> <a href=\"https:\/\/lalmachine.com\/wp-content\/uploads\/2025\/02\/310t.jpg\"><img loading=\"lazy\" decoding=\"async\" width=\"96\" height=\"96\" src=\"https:\/\/lalmachine.com\/wp-content\/uploads\/2025\/02\/310t.jpg\" class=\"attachment-thumbnail size-thumbnail\" alt=\"\" \/><\/a> <a href=\"https:\/\/lalmachine.com\/wp-content\/uploads\/2025\/02\/310u.jpg\"><img loading=\"lazy\" decoding=\"async\" width=\"96\" height=\"96\" src=\"https:\/\/lalmachine.com\/wp-content\/uploads\/2025\/02\/310u.jpg\" class=\"attachment-thumbnail size-thumbnail\" alt=\"\" \/><\/a> <a href=\"https:\/\/lalmachine.com\/wp-content\/uploads\/2025\/02\/310r-scaled.jpg\"><img loading=\"lazy\" decoding=\"async\" width=\"96\" height=\"96\" src=\"https:\/\/lalmachine.com\/wp-content\/uploads\/2025\/02\/310r-scaled.jpg\" class=\"attachment-thumbnail size-thumbnail\" alt=\"\" \/><\/a> <a href=\"https:\/\/lalmachine.com\/wp-content\/uploads\/2025\/02\/310s-scaled.jpg\"><img loading=\"lazy\" decoding=\"async\" width=\"96\" height=\"96\" src=\"https:\/\/lalmachine.com\/wp-content\/uploads\/2025\/02\/310s-scaled.jpg\" class=\"attachment-thumbnail size-thumbnail\" alt=\"\" \/><\/a> <a href=\"https:\/\/lalmachine.com\/wp-content\/uploads\/2025\/02\/310q.jpg\"><img loading=\"lazy\" decoding=\"async\" width=\"96\" height=\"96\" src=\"https:\/\/lalmachine.com\/wp-content\/uploads\/2025\/02\/310q.jpg\" class=\"attachment-thumbnail size-thumbnail\" alt=\"\" \/><\/a> <a href=\"https:\/\/lalmachine.com\/wp-content\/uploads\/2025\/02\/310i.jpg\"><img loading=\"lazy\" decoding=\"async\" width=\"96\" height=\"96\" src=\"https:\/\/lalmachine.com\/wp-content\/uploads\/2025\/02\/310i.jpg\" class=\"attachment-thumbnail size-thumbnail\" alt=\"\" \/><\/a> <a href=\"https:\/\/lalmachine.com\/wp-content\/uploads\/2025\/02\/310l-scaled.jpg\"><img loading=\"lazy\" decoding=\"async\" width=\"96\" height=\"96\" src=\"https:\/\/lalmachine.com\/wp-content\/uploads\/2025\/02\/310l-scaled.jpg\" class=\"attachment-thumbnail size-thumbnail\" alt=\"\" \/><\/a> <a href=\"https:\/\/lalmachine.com\/wp-content\/uploads\/2025\/02\/310m.jpg\"><img loading=\"lazy\" decoding=\"async\" width=\"96\" height=\"96\" src=\"https:\/\/lalmachine.com\/wp-content\/uploads\/2025\/02\/310m.jpg\" class=\"attachment-thumbnail size-thumbnail\" alt=\"\" \/><\/a> <a href=\"https:\/\/lalmachine.com\/wp-content\/uploads\/2025\/02\/310j.jpg\"><img loading=\"lazy\" decoding=\"async\" width=\"96\" height=\"96\" src=\"https:\/\/lalmachine.com\/wp-content\/uploads\/2025\/02\/310j.jpg\" class=\"attachment-thumbnail size-thumbnail\" alt=\"\" \/><\/a> <a href=\"https:\/\/lalmachine.com\/wp-content\/uploads\/2025\/02\/310k-scaled.jpg\"><img loading=\"lazy\" decoding=\"async\" width=\"96\" height=\"96\" src=\"https:\/\/lalmachine.com\/wp-content\/uploads\/2025\/02\/310k-scaled.jpg\" class=\"attachment-thumbnail size-thumbnail\" alt=\"\" \/><\/a> <\/li>        <li class=\"wpuf-field-data wpuf-field-data-numeric_text_field\">\n                            <label>Prix:<\/label>\n                        3650        <\/li>\n                <li class=\"wpuf-field-data wpuf-field-data-numeric_text_field\">\n                            <label>Quantit\u00e9:<\/label>\n                        1        <\/li>\n                <li class=\"wpuf-field-data wpuf-field-data-numeric_text_field\">\n                            <label>Hauteur (cm):<\/label>\n                        240        <\/li>\n                <li class=\"wpuf-field-data wpuf-field-data-numeric_text_field\">\n                            <label>Largeur (cm):<\/label>\n                        240        <\/li>\n                <li class=\"wpuf-field-data wpuf-field-data-numeric_text_field\">\n                            <label>Profondeur (cm):<\/label>\n                        50        <\/li>\n        <\/ul>","protected":false},"excerpt":{"rendered":"<p>Syst\u00e8me mural\u00a0danois\u00a0de la s\u00e9rie Royalsystem\u00a0du designer Poul Cadovius. Edit\u00e9e dans les ann\u00e9es 60, cette\u00a0version en ch\u00eane clair est plut\u00f4t rare.\u00a0Tous les \u00e9l\u00e9ments, un bureaux, un caisson \u00e0 battant avec cl\u00e9, un caisson \u00e0 tiroirs et 5 \u00e9tag\u00e8res, mesurent 80 cm de large. Tous les \u00e9l\u00e9ments se suspendent sur les trois panneaux de fond (80 cm x 240 cm chacun) gr\u00e2ce \u00e0 des \u00e9querres en bois de diff\u00e9rentes grandeurs. La profondeur maximum des caissons est de 50cm.<\/p>\n<p>Ps : la vitrine et le porte-journaux ont \u00e9t\u00e9 vendus. Les panneaux du fond ont \u00e9t\u00e9 d\u00e9coup\u00e9s. Ils n&rsquo;existent plus. A la place, il y a juste les montants avec les trous.<\/p>\n<p>La biblioth\u00e8que a\u00a0\u00e9t\u00e9 rafra\u00eechie et est en tr\u00e8s bel\u00a0\u00e9tat.\u00a0Elle poss\u00e8de un tampon d&rsquo;origine.\u00a0Les photos sont celle de la biblioth\u00e8que mais avec des \u00e9l\u00e9ments diff\u00e9rents car certains ont \u00e9t\u00e9 vendus entre temps et d&rsquo;autres achet\u00e9s. Je suis \u00e0 disposition pour toute pr\u00e9cision.<\/p>","protected":false},"featured_media":352315,"template":"","meta":{"_et_pb_use_builder":"","_et_pb_old_content":"","_et_gb_content_width":""},"product_brand":[],"product_cat":[83,47],"product_tag":[],"proximite":[280,179],"class_list":{"0":"post-342177","1":"product","2":"type-product","3":"status-publish","4":"has-post-thumbnail","6":"product_cat-meuble-de-rangement","7":"product_cat-meubler","8":"pa_couleur-bois","9":"pa_designer-cadovius-poul","10":"pa_etat-tres-bon-etat","11":"pa_materiau-bois","12":"pa_style-scandinave","13":"proximite-morges","14":"proximite-vaud","16":"first","17":"instock","18":"sale","19":"shipping-taxable","20":"purchasable","21":"product-type-simple"},"yoast_head":"<!-- This site is optimized with the Yoast SEO plugin v27.4 - https:\/\/yoast.com\/product\/yoast-seo-wordpress\/ -->\n<title>Syst\u00e8me mural Poul Cadovius | lalmachine.com<\/title>\n<meta name=\"description\" content=\"Syst\u00e8me mural danois de la s\u00e9rie Royalsystem du designer Poul Cadovius. Edit\u00e9e dans les ann\u00e9es 60,\" \/>\n<meta name=\"robots\" content=\"index, follow, max-snippet:-1, max-image-preview:large, max-video-preview:-1\" \/>\n<link rel=\"canonical\" href=\"https:\/\/lalmachine.com\/de\/shop\/meubler\/meuble-de-rangement\/systeme-mural-poul-cadovius\/\" \/>\n<meta property=\"og:locale\" content=\"de_DE\" \/>\n<meta property=\"og:type\" content=\"article\" \/>\n<meta property=\"og:title\" content=\"Syst\u00e8me mural Poul Cadovius | lalmachine.com\" \/>\n<meta property=\"og:description\" content=\"Syst\u00e8me mural danois de la s\u00e9rie Royalsystem du designer Poul Cadovius. Edit\u00e9e dans les ann\u00e9es 60,\" \/>\n<meta property=\"og:url\" content=\"https:\/\/lalmachine.com\/de\/shop\/meubler\/meuble-de-rangement\/systeme-mural-poul-cadovius\/\" \/>\n<meta property=\"og:site_name\" content=\"lalmachine.com\" \/>\n<meta property=\"article:publisher\" content=\"https:\/\/facebook.com\/lalmachine\" \/>\n<meta property=\"article:modified_time\" content=\"2026-02-13T14:45:16+00:00\" \/>\n<meta property=\"og:image\" content=\"https:\/\/lalmachine.com\/wp-content\/uploads\/2025\/02\/310ab_clipped_rev_1.jpeg\" \/>\n\t<meta property=\"og:image:width\" content=\"1046\" \/>\n\t<meta property=\"og:image:height\" content=\"1046\" \/>\n\t<meta property=\"og:image:type\" content=\"image\/jpeg\" \/>\n<meta name=\"twitter:card\" content=\"summary_large_image\" \/>\n<script type=\"application\/ld+json\" class=\"yoast-schema-graph\">{\"@context\":\"https:\\\/\\\/schema.org\",\"@graph\":[{\"@type\":\"WebPage\",\"@id\":\"https:\\\/\\\/lalmachine.com\\\/shop\\\/meubler\\\/meuble-de-rangement\\\/systeme-mural-poul-cadovius\\\/\",\"url\":\"https:\\\/\\\/lalmachine.com\\\/shop\\\/meubler\\\/meuble-de-rangement\\\/systeme-mural-poul-cadovius\\\/\",\"name\":\"Syst\u00e8me mural Poul Cadovius | lalmachine.com\",\"isPartOf\":{\"@id\":\"https:\\\/\\\/lalmachine.com\\\/#website\"},\"primaryImageOfPage\":{\"@id\":\"https:\\\/\\\/lalmachine.com\\\/shop\\\/meubler\\\/meuble-de-rangement\\\/systeme-mural-poul-cadovius\\\/#primaryimage\"},\"image\":{\"@id\":\"https:\\\/\\\/lalmachine.com\\\/shop\\\/meubler\\\/meuble-de-rangement\\\/systeme-mural-poul-cadovius\\\/#primaryimage\"},\"thumbnailUrl\":\"https:\\\/\\\/lalmachine.com\\\/wp-content\\\/uploads\\\/2025\\\/02\\\/310ab_clipped_rev_1.jpeg\",\"datePublished\":\"2025-02-16T10:29:27+00:00\",\"dateModified\":\"2026-02-13T14:45:16+00:00\",\"description\":\"Syst\u00e8me mural danois de la s\u00e9rie Royalsystem du designer Poul Cadovius. Edit\u00e9e dans les ann\u00e9es 60,\",\"breadcrumb\":{\"@id\":\"https:\\\/\\\/lalmachine.com\\\/shop\\\/meubler\\\/meuble-de-rangement\\\/systeme-mural-poul-cadovius\\\/#breadcrumb\"},\"inLanguage\":\"de\",\"potentialAction\":[{\"@type\":\"ReadAction\",\"target\":[\"https:\\\/\\\/lalmachine.com\\\/shop\\\/meubler\\\/meuble-de-rangement\\\/systeme-mural-poul-cadovius\\\/\"]}]},{\"@type\":\"ImageObject\",\"inLanguage\":\"de\",\"@id\":\"https:\\\/\\\/lalmachine.com\\\/shop\\\/meubler\\\/meuble-de-rangement\\\/systeme-mural-poul-cadovius\\\/#primaryimage\",\"url\":\"https:\\\/\\\/lalmachine.com\\\/wp-content\\\/uploads\\\/2025\\\/02\\\/310ab_clipped_rev_1.jpeg\",\"contentUrl\":\"https:\\\/\\\/lalmachine.com\\\/wp-content\\\/uploads\\\/2025\\\/02\\\/310ab_clipped_rev_1.jpeg\",\"width\":1046,\"height\":1046},{\"@type\":\"BreadcrumbList\",\"@id\":\"https:\\\/\\\/lalmachine.com\\\/shop\\\/meubler\\\/meuble-de-rangement\\\/systeme-mural-poul-cadovius\\\/#breadcrumb\",\"itemListElement\":[{\"@type\":\"ListItem\",\"position\":1,\"name\":\"Accueil\",\"item\":\"https:\\\/\\\/lalmachine.com\\\/\"},{\"@type\":\"ListItem\",\"position\":2,\"name\":\"Shop\",\"item\":\"https:\\\/\\\/lalmachine.com\\\/shop\\\/\"},{\"@type\":\"ListItem\",\"position\":3,\"name\":\"Syst\u00e8me mural Poul Cadovius\"}]},{\"@type\":\"WebSite\",\"@id\":\"https:\\\/\\\/lalmachine.com\\\/#website\",\"url\":\"https:\\\/\\\/lalmachine.com\\\/\",\"name\":\"lalmachine.com\",\"description\":\"Brocante en ligne Suisse | Mobilier et objets d\u00e9co vintage et design\",\"potentialAction\":[{\"@type\":\"SearchAction\",\"target\":{\"@type\":\"EntryPoint\",\"urlTemplate\":\"https:\\\/\\\/lalmachine.com\\\/?s={search_term_string}\"},\"query-input\":{\"@type\":\"PropertyValueSpecification\",\"valueRequired\":true,\"valueName\":\"search_term_string\"}}],\"inLanguage\":\"de\"}]}<\/script>\n<!-- \/ Yoast SEO plugin. -->","yoast_head_json":{"title":"Syst\u00e8me mural Poul Cadovius | lalmachine.com","description":"Syst\u00e8me mural danois de la s\u00e9rie Royalsystem du designer Poul Cadovius. Edit\u00e9e dans les ann\u00e9es 60,","robots":{"index":"index","follow":"follow","max-snippet":"max-snippet:-1","max-image-preview":"max-image-preview:large","max-video-preview":"max-video-preview:-1"},"canonical":"https:\/\/lalmachine.com\/de\/shop\/meubler\/meuble-de-rangement\/systeme-mural-poul-cadovius\/","og_locale":"de_DE","og_type":"article","og_title":"Syst\u00e8me mural Poul Cadovius | lalmachine.com","og_description":"Syst\u00e8me mural danois de la s\u00e9rie Royalsystem du designer Poul Cadovius. Edit\u00e9e dans les ann\u00e9es 60,","og_url":"https:\/\/lalmachine.com\/de\/shop\/meubler\/meuble-de-rangement\/systeme-mural-poul-cadovius\/","og_site_name":"lalmachine.com","article_publisher":"https:\/\/facebook.com\/lalmachine","article_modified_time":"2026-02-13T14:45:16+00:00","og_image":[{"width":1046,"height":1046,"url":"https:\/\/lalmachine.com\/wp-content\/uploads\/2025\/02\/310ab_clipped_rev_1.jpeg","type":"image\/jpeg"}],"twitter_card":"summary_large_image","schema":{"@context":"https:\/\/schema.org","@graph":[{"@type":"WebPage","@id":"https:\/\/lalmachine.com\/shop\/meubler\/meuble-de-rangement\/systeme-mural-poul-cadovius\/","url":"https:\/\/lalmachine.com\/shop\/meubler\/meuble-de-rangement\/systeme-mural-poul-cadovius\/","name":"Syst\u00e8me mural Poul Cadovius | lalmachine.com","isPartOf":{"@id":"https:\/\/lalmachine.com\/#website"},"primaryImageOfPage":{"@id":"https:\/\/lalmachine.com\/shop\/meubler\/meuble-de-rangement\/systeme-mural-poul-cadovius\/#primaryimage"},"image":{"@id":"https:\/\/lalmachine.com\/shop\/meubler\/meuble-de-rangement\/systeme-mural-poul-cadovius\/#primaryimage"},"thumbnailUrl":"https:\/\/lalmachine.com\/wp-content\/uploads\/2025\/02\/310ab_clipped_rev_1.jpeg","datePublished":"2025-02-16T10:29:27+00:00","dateModified":"2026-02-13T14:45:16+00:00","description":"Syst\u00e8me mural danois de la s\u00e9rie Royalsystem du designer Poul Cadovius. Edit\u00e9e dans les ann\u00e9es 60,","breadcrumb":{"@id":"https:\/\/lalmachine.com\/shop\/meubler\/meuble-de-rangement\/systeme-mural-poul-cadovius\/#breadcrumb"},"inLanguage":"de","potentialAction":[{"@type":"ReadAction","target":["https:\/\/lalmachine.com\/shop\/meubler\/meuble-de-rangement\/systeme-mural-poul-cadovius\/"]}]},{"@type":"ImageObject","inLanguage":"de","@id":"https:\/\/lalmachine.com\/shop\/meubler\/meuble-de-rangement\/systeme-mural-poul-cadovius\/#primaryimage","url":"https:\/\/lalmachine.com\/wp-content\/uploads\/2025\/02\/310ab_clipped_rev_1.jpeg","contentUrl":"https:\/\/lalmachine.com\/wp-content\/uploads\/2025\/02\/310ab_clipped_rev_1.jpeg","width":1046,"height":1046},{"@type":"BreadcrumbList","@id":"https:\/\/lalmachine.com\/shop\/meubler\/meuble-de-rangement\/systeme-mural-poul-cadovius\/#breadcrumb","itemListElement":[{"@type":"ListItem","position":1,"name":"Accueil","item":"https:\/\/lalmachine.com\/"},{"@type":"ListItem","position":2,"name":"Shop","item":"https:\/\/lalmachine.com\/shop\/"},{"@type":"ListItem","position":3,"name":"Syst\u00e8me mural Poul Cadovius"}]},{"@type":"WebSite","@id":"https:\/\/lalmachine.com\/#website","url":"https:\/\/lalmachine.com\/","name":"lalmachine.com","description":"Brocante en ligne Suisse | Mobilier et objets d\u00e9co vintage et design","potentialAction":[{"@type":"SearchAction","target":{"@type":"EntryPoint","urlTemplate":"https:\/\/lalmachine.com\/?s={search_term_string}"},"query-input":{"@type":"PropertyValueSpecification","valueRequired":true,"valueName":"search_term_string"}}],"inLanguage":"de"}]}},"_links":{"self":[{"href":"https:\/\/lalmachine.com\/de\/wp-json\/wp\/v2\/product\/342177","targetHints":{"allow":["GET"]}}],"collection":[{"href":"https:\/\/lalmachine.com\/de\/wp-json\/wp\/v2\/product"}],"about":[{"href":"https:\/\/lalmachine.com\/de\/wp-json\/wp\/v2\/types\/product"}],"wp:featuredmedia":[{"embeddable":true,"href":"https:\/\/lalmachine.com\/de\/wp-json\/wp\/v2\/media\/352315"}],"wp:attachment":[{"href":"https:\/\/lalmachine.com\/de\/wp-json\/wp\/v2\/media?parent=342177"}],"wp:term":[{"taxonomy":"product_brand","embeddable":true,"href":"https:\/\/lalmachine.com\/de\/wp-json\/wp\/v2\/product_brand?post=342177"},{"taxonomy":"product_cat","embeddable":true,"href":"https:\/\/lalmachine.com\/de\/wp-json\/wp\/v2\/product_cat?post=342177"},{"taxonomy":"product_tag","embeddable":true,"href":"https:\/\/lalmachine.com\/de\/wp-json\/wp\/v2\/product_tag?post=342177"},{"taxonomy":"proximite","embeddable":true,"href":"https:\/\/lalmachine.com\/de\/wp-json\/wp\/v2\/proximite?post=342177"}],"curies":[{"name":"wp","href":"https:\/\/api.w.org\/{rel}","templated":true}]}}