{"id":342296,"date":"2025-02-17T11:52:25","date_gmt":"2025-02-17T10:52:25","guid":{"rendered":"https:\/\/lalmachine.com\/?post_type=product&#038;p=342296"},"modified":"2025-12-23T00:01:02","modified_gmt":"2025-12-22T23:01:02","slug":"lithographique-couleur-de-lartiste-francais-janicotte-xxieme","status":"publish","type":"product","link":"https:\/\/lalmachine.com\/de\/shop\/decorer\/art-and-co\/lithographique-couleur-de-lartiste-francais-janicotte-xxieme\/","title":{"rendered":"Lithographique couleur de l&#8217;artiste fran\u00e7ais Janicotte (XXi\u00e8me)"},"content":{"rendered":"<ul class=\"wpuf_customs\"><li style=\"list-style-type:none;\"><label>Autres photos:<\/label> <a href=\"https:\/\/lalmachine.com\/wp-content\/uploads\/2025\/02\/2-scaled.jpg\"><img loading=\"lazy\" decoding=\"async\" width=\"128\" height=\"96\" src=\"https:\/\/lalmachine.com\/wp-content\/uploads\/2025\/02\/2-scaled.jpg\" class=\"attachment-thumbnail size-thumbnail\" alt=\"\" \/><\/a> <a href=\"https:\/\/lalmachine.com\/wp-content\/uploads\/2025\/02\/3-scaled.jpg\"><img loading=\"lazy\" decoding=\"async\" width=\"128\" height=\"96\" src=\"https:\/\/lalmachine.com\/wp-content\/uploads\/2025\/02\/3-scaled.jpg\" class=\"attachment-thumbnail size-thumbnail\" alt=\"\" \/><\/a> <a href=\"https:\/\/lalmachine.com\/wp-content\/uploads\/2025\/02\/4-scaled.jpg\"><img loading=\"lazy\" decoding=\"async\" width=\"128\" height=\"96\" src=\"https:\/\/lalmachine.com\/wp-content\/uploads\/2025\/02\/4-scaled.jpg\" class=\"attachment-thumbnail size-thumbnail\" alt=\"\" \/><\/a> <a href=\"https:\/\/lalmachine.com\/wp-content\/uploads\/2025\/02\/5-scaled.jpg\"><img loading=\"lazy\" decoding=\"async\" width=\"72\" height=\"96\" src=\"https:\/\/lalmachine.com\/wp-content\/uploads\/2025\/02\/5-scaled.jpg\" class=\"attachment-thumbnail size-thumbnail\" alt=\"\" \/><\/a> <a href=\"https:\/\/lalmachine.com\/wp-content\/uploads\/2025\/02\/6-scaled.jpg\"><img loading=\"lazy\" decoding=\"async\" width=\"72\" height=\"96\" src=\"https:\/\/lalmachine.com\/wp-content\/uploads\/2025\/02\/6-scaled.jpg\" class=\"attachment-thumbnail size-thumbnail\" alt=\"\" \/><\/a> <a href=\"https:\/\/lalmachine.com\/wp-content\/uploads\/2025\/02\/7-scaled.jpg\"><img loading=\"lazy\" decoding=\"async\" width=\"72\" height=\"96\" src=\"https:\/\/lalmachine.com\/wp-content\/uploads\/2025\/02\/7-scaled.jpg\" class=\"attachment-thumbnail size-thumbnail\" alt=\"\" \/><\/a> <\/li>        <li class=\"wpuf-field-data wpuf-field-data-numeric_text_field\">\n                            <label>Prix:<\/label>\n                        149        <\/li>\n                <li class=\"wpuf-field-data wpuf-field-data-numeric_text_field\">\n                            <label>Quantit\u00e9:<\/label>\n                        1        <\/li>\n                <li class=\"wpuf-field-data wpuf-field-data-numeric_text_field\">\n                            <label>Hauteur (cm):<\/label>\n                        36        <\/li>\n                <li class=\"wpuf-field-data wpuf-field-data-numeric_text_field\">\n                            <label>Largeur (cm):<\/label>\n                        43        <\/li>\n                <li class=\"wpuf-field-data wpuf-field-data-numeric_text_field\">\n                            <label>Profondeur (cm):<\/label>\n                        1        <\/li>\n        <\/ul>","protected":false},"excerpt":{"rendered":"<p>Lithographique couleur de l&#8217;artiste fran\u00e7ais Janicotte (XXi\u00e8me s.), sign\u00e9e et intitul\u00e9e \u00ab Paris Notre-Dame. L\u2019Abside \u00bb. Belle sc\u00e8ne parisienne avec les quais de Seine et ses bouquinistes et cet int\u00e9ressant angle de vue mettant en valeur la plus c\u00e9l\u00e8bre des Cath\u00e9drale : Notre-Dame de Paris.<br \/>\nL&#8217;artiste est c\u00e9l\u00e8bre pour ses sc\u00e8nes parisiennes de b\u00e2timents et de lieux embl\u00e9matiques.<\/p>\n<p>Dimensions : cadre ancien dor\u00e9 sur la bordure 43&#215;36,5cm portant l\u2019inscription \u00ab A. Dobiaschofsky &amp; fils, Doreurs, Berne \u00bb; 29x23cm (passe-partout).<br \/>\nEtat : Bon \u00e9tat. Veuillez regarder les photos. Marques du temps et manque sur le cadre \u00e9tat d\u2019\u00e9poque.<\/p>\n<p>Envoi soign\u00e9 dans un emballage de protection rigide en recommand\u00e9, sous 1-2 jours ouvrables<\/p>","protected":false},"featured_media":342343,"template":"","meta":{"_et_pb_use_builder":"","_et_pb_old_content":"","_et_gb_content_width":""},"product_brand":[],"product_cat":[365,50],"product_tag":[],"proximite":[177,235],"class_list":{"0":"post-342296","1":"product","2":"type-product","3":"status-publish","4":"has-post-thumbnail","6":"product_cat-art-and-co","7":"product_cat-decorer","8":"product_shipping_class-0-2-kg","9":"pa_couleur-multicolore","10":"pa_etat-bon-etat","11":"pa_materiau-papier-carton","12":"pa_style-vintage","13":"proximite-fribourg","14":"proximite-sarine","16":"first","17":"instock","18":"shipping-taxable","19":"purchasable","20":"product-type-simple"},"yoast_head":"<!-- This site is optimized with the Yoast SEO plugin v27.4 - https:\/\/yoast.com\/product\/yoast-seo-wordpress\/ -->\n<title>Lithographique couleur de l&#039;artiste fran\u00e7ais Janicotte (XXi\u00e8me) | lalmachine.com<\/title>\n<meta name=\"description\" content=\"Lithographique couleur de l&#039;artiste fran\u00e7ais Janicotte (XXi\u00e8me)\" \/>\n<meta name=\"robots\" content=\"index, follow, max-snippet:-1, max-image-preview:large, max-video-preview:-1\" \/>\n<link rel=\"canonical\" href=\"https:\/\/lalmachine.com\/de\/shop\/decorer\/art-and-co\/lithographique-couleur-de-lartiste-francais-janicotte-xxieme\/\" \/>\n<meta property=\"og:locale\" content=\"de_DE\" \/>\n<meta property=\"og:type\" content=\"article\" \/>\n<meta property=\"og:title\" content=\"Lithographique couleur de l&#039;artiste fran\u00e7ais Janicotte (XXi\u00e8me) | lalmachine.com\" \/>\n<meta property=\"og:description\" content=\"Lithographique couleur de l&#039;artiste fran\u00e7ais Janicotte (XXi\u00e8me)\" \/>\n<meta property=\"og:url\" content=\"https:\/\/lalmachine.com\/de\/shop\/decorer\/art-and-co\/lithographique-couleur-de-lartiste-francais-janicotte-xxieme\/\" \/>\n<meta property=\"og:site_name\" content=\"lalmachine.com\" \/>\n<meta property=\"article:publisher\" content=\"https:\/\/facebook.com\/lalmachine\" \/>\n<meta property=\"article:modified_time\" content=\"2025-12-22T23:01:02+00:00\" \/>\n<meta property=\"og:image\" content=\"https:\/\/lalmachine.com\/wp-content\/uploads\/2025\/02\/1-scaled_clipped_rev_1-4-scaled.jpeg\" \/>\n\t<meta property=\"og:image:width\" content=\"2560\" \/>\n\t<meta property=\"og:image:height\" content=\"2560\" \/>\n\t<meta property=\"og:image:type\" content=\"image\/jpeg\" \/>\n<meta name=\"twitter:card\" content=\"summary_large_image\" \/>\n<script type=\"application\/ld+json\" class=\"yoast-schema-graph\">{\"@context\":\"https:\\\/\\\/schema.org\",\"@graph\":[{\"@type\":\"WebPage\",\"@id\":\"https:\\\/\\\/lalmachine.com\\\/de\\\/shop\\\/decorer\\\/art-and-co\\\/lithographique-couleur-de-lartiste-francais-janicotte-xxieme\\\/\",\"url\":\"https:\\\/\\\/lalmachine.com\\\/de\\\/shop\\\/decorer\\\/art-and-co\\\/lithographique-couleur-de-lartiste-francais-janicotte-xxieme\\\/\",\"name\":\"Lithographique couleur de l'artiste fran\u00e7ais Janicotte (XXi\u00e8me) | lalmachine.com\",\"isPartOf\":{\"@id\":\"https:\\\/\\\/lalmachine.com\\\/#website\"},\"primaryImageOfPage\":{\"@id\":\"https:\\\/\\\/lalmachine.com\\\/de\\\/shop\\\/decorer\\\/art-and-co\\\/lithographique-couleur-de-lartiste-francais-janicotte-xxieme\\\/#primaryimage\"},\"image\":{\"@id\":\"https:\\\/\\\/lalmachine.com\\\/de\\\/shop\\\/decorer\\\/art-and-co\\\/lithographique-couleur-de-lartiste-francais-janicotte-xxieme\\\/#primaryimage\"},\"thumbnailUrl\":\"https:\\\/\\\/lalmachine.com\\\/wp-content\\\/uploads\\\/2025\\\/02\\\/1-scaled_clipped_rev_1-4-scaled.jpeg\",\"datePublished\":\"2025-02-17T10:52:25+00:00\",\"dateModified\":\"2025-12-22T23:01:02+00:00\",\"description\":\"Lithographique couleur de l'artiste fran\u00e7ais Janicotte (XXi\u00e8me)\",\"breadcrumb\":{\"@id\":\"https:\\\/\\\/lalmachine.com\\\/de\\\/shop\\\/decorer\\\/art-and-co\\\/lithographique-couleur-de-lartiste-francais-janicotte-xxieme\\\/#breadcrumb\"},\"inLanguage\":\"de\",\"potentialAction\":[{\"@type\":\"ReadAction\",\"target\":[\"https:\\\/\\\/lalmachine.com\\\/de\\\/shop\\\/decorer\\\/art-and-co\\\/lithographique-couleur-de-lartiste-francais-janicotte-xxieme\\\/\"]}]},{\"@type\":\"ImageObject\",\"inLanguage\":\"de\",\"@id\":\"https:\\\/\\\/lalmachine.com\\\/de\\\/shop\\\/decorer\\\/art-and-co\\\/lithographique-couleur-de-lartiste-francais-janicotte-xxieme\\\/#primaryimage\",\"url\":\"https:\\\/\\\/lalmachine.com\\\/wp-content\\\/uploads\\\/2025\\\/02\\\/1-scaled_clipped_rev_1-4-scaled.jpeg\",\"contentUrl\":\"https:\\\/\\\/lalmachine.com\\\/wp-content\\\/uploads\\\/2025\\\/02\\\/1-scaled_clipped_rev_1-4-scaled.jpeg\",\"width\":2560,\"height\":2560,\"caption\":\"Lithographique Janicotte\"},{\"@type\":\"BreadcrumbList\",\"@id\":\"https:\\\/\\\/lalmachine.com\\\/de\\\/shop\\\/decorer\\\/art-and-co\\\/lithographique-couleur-de-lartiste-francais-janicotte-xxieme\\\/#breadcrumb\",\"itemListElement\":[{\"@type\":\"ListItem\",\"position\":1,\"name\":\"Accueil\",\"item\":\"https:\\\/\\\/lalmachine.com\\\/\"},{\"@type\":\"ListItem\",\"position\":2,\"name\":\"Shop\",\"item\":\"https:\\\/\\\/lalmachine.com\\\/shop\\\/\"},{\"@type\":\"ListItem\",\"position\":3,\"name\":\"Lithographique couleur de l&rsquo;artiste fran\u00e7ais Janicotte (XXi\u00e8me)\"}]},{\"@type\":\"WebSite\",\"@id\":\"https:\\\/\\\/lalmachine.com\\\/#website\",\"url\":\"https:\\\/\\\/lalmachine.com\\\/\",\"name\":\"lalmachine.com\",\"description\":\"Brocante en ligne Suisse | Mobilier et objets d\u00e9co vintage et design\",\"potentialAction\":[{\"@type\":\"SearchAction\",\"target\":{\"@type\":\"EntryPoint\",\"urlTemplate\":\"https:\\\/\\\/lalmachine.com\\\/?s={search_term_string}\"},\"query-input\":{\"@type\":\"PropertyValueSpecification\",\"valueRequired\":true,\"valueName\":\"search_term_string\"}}],\"inLanguage\":\"de\"}]}<\/script>\n<!-- \/ Yoast SEO plugin. -->","yoast_head_json":{"title":"Lithographique couleur de l'artiste fran\u00e7ais Janicotte (XXi\u00e8me) | lalmachine.com","description":"Lithographique couleur de l'artiste fran\u00e7ais Janicotte (XXi\u00e8me)","robots":{"index":"index","follow":"follow","max-snippet":"max-snippet:-1","max-image-preview":"max-image-preview:large","max-video-preview":"max-video-preview:-1"},"canonical":"https:\/\/lalmachine.com\/de\/shop\/decorer\/art-and-co\/lithographique-couleur-de-lartiste-francais-janicotte-xxieme\/","og_locale":"de_DE","og_type":"article","og_title":"Lithographique couleur de l'artiste fran\u00e7ais Janicotte (XXi\u00e8me) | lalmachine.com","og_description":"Lithographique couleur de l'artiste fran\u00e7ais Janicotte (XXi\u00e8me)","og_url":"https:\/\/lalmachine.com\/de\/shop\/decorer\/art-and-co\/lithographique-couleur-de-lartiste-francais-janicotte-xxieme\/","og_site_name":"lalmachine.com","article_publisher":"https:\/\/facebook.com\/lalmachine","article_modified_time":"2025-12-22T23:01:02+00:00","og_image":[{"width":2560,"height":2560,"url":"https:\/\/lalmachine.com\/wp-content\/uploads\/2025\/02\/1-scaled_clipped_rev_1-4-scaled.jpeg","type":"image\/jpeg"}],"twitter_card":"summary_large_image","schema":{"@context":"https:\/\/schema.org","@graph":[{"@type":"WebPage","@id":"https:\/\/lalmachine.com\/de\/shop\/decorer\/art-and-co\/lithographique-couleur-de-lartiste-francais-janicotte-xxieme\/","url":"https:\/\/lalmachine.com\/de\/shop\/decorer\/art-and-co\/lithographique-couleur-de-lartiste-francais-janicotte-xxieme\/","name":"Lithographique couleur de l'artiste fran\u00e7ais Janicotte (XXi\u00e8me) | lalmachine.com","isPartOf":{"@id":"https:\/\/lalmachine.com\/#website"},"primaryImageOfPage":{"@id":"https:\/\/lalmachine.com\/de\/shop\/decorer\/art-and-co\/lithographique-couleur-de-lartiste-francais-janicotte-xxieme\/#primaryimage"},"image":{"@id":"https:\/\/lalmachine.com\/de\/shop\/decorer\/art-and-co\/lithographique-couleur-de-lartiste-francais-janicotte-xxieme\/#primaryimage"},"thumbnailUrl":"https:\/\/lalmachine.com\/wp-content\/uploads\/2025\/02\/1-scaled_clipped_rev_1-4-scaled.jpeg","datePublished":"2025-02-17T10:52:25+00:00","dateModified":"2025-12-22T23:01:02+00:00","description":"Lithographique couleur de l'artiste fran\u00e7ais Janicotte (XXi\u00e8me)","breadcrumb":{"@id":"https:\/\/lalmachine.com\/de\/shop\/decorer\/art-and-co\/lithographique-couleur-de-lartiste-francais-janicotte-xxieme\/#breadcrumb"},"inLanguage":"de","potentialAction":[{"@type":"ReadAction","target":["https:\/\/lalmachine.com\/de\/shop\/decorer\/art-and-co\/lithographique-couleur-de-lartiste-francais-janicotte-xxieme\/"]}]},{"@type":"ImageObject","inLanguage":"de","@id":"https:\/\/lalmachine.com\/de\/shop\/decorer\/art-and-co\/lithographique-couleur-de-lartiste-francais-janicotte-xxieme\/#primaryimage","url":"https:\/\/lalmachine.com\/wp-content\/uploads\/2025\/02\/1-scaled_clipped_rev_1-4-scaled.jpeg","contentUrl":"https:\/\/lalmachine.com\/wp-content\/uploads\/2025\/02\/1-scaled_clipped_rev_1-4-scaled.jpeg","width":2560,"height":2560,"caption":"Lithographique Janicotte"},{"@type":"BreadcrumbList","@id":"https:\/\/lalmachine.com\/de\/shop\/decorer\/art-and-co\/lithographique-couleur-de-lartiste-francais-janicotte-xxieme\/#breadcrumb","itemListElement":[{"@type":"ListItem","position":1,"name":"Accueil","item":"https:\/\/lalmachine.com\/"},{"@type":"ListItem","position":2,"name":"Shop","item":"https:\/\/lalmachine.com\/shop\/"},{"@type":"ListItem","position":3,"name":"Lithographique couleur de l&rsquo;artiste fran\u00e7ais Janicotte (XXi\u00e8me)"}]},{"@type":"WebSite","@id":"https:\/\/lalmachine.com\/#website","url":"https:\/\/lalmachine.com\/","name":"lalmachine.com","description":"Brocante en ligne Suisse | Mobilier et objets d\u00e9co vintage et design","potentialAction":[{"@type":"SearchAction","target":{"@type":"EntryPoint","urlTemplate":"https:\/\/lalmachine.com\/?s={search_term_string}"},"query-input":{"@type":"PropertyValueSpecification","valueRequired":true,"valueName":"search_term_string"}}],"inLanguage":"de"}]}},"_links":{"self":[{"href":"https:\/\/lalmachine.com\/de\/wp-json\/wp\/v2\/product\/342296","targetHints":{"allow":["GET"]}}],"collection":[{"href":"https:\/\/lalmachine.com\/de\/wp-json\/wp\/v2\/product"}],"about":[{"href":"https:\/\/lalmachine.com\/de\/wp-json\/wp\/v2\/types\/product"}],"wp:featuredmedia":[{"embeddable":true,"href":"https:\/\/lalmachine.com\/de\/wp-json\/wp\/v2\/media\/342343"}],"wp:attachment":[{"href":"https:\/\/lalmachine.com\/de\/wp-json\/wp\/v2\/media?parent=342296"}],"wp:term":[{"taxonomy":"product_brand","embeddable":true,"href":"https:\/\/lalmachine.com\/de\/wp-json\/wp\/v2\/product_brand?post=342296"},{"taxonomy":"product_cat","embeddable":true,"href":"https:\/\/lalmachine.com\/de\/wp-json\/wp\/v2\/product_cat?post=342296"},{"taxonomy":"product_tag","embeddable":true,"href":"https:\/\/lalmachine.com\/de\/wp-json\/wp\/v2\/product_tag?post=342296"},{"taxonomy":"proximite","embeddable":true,"href":"https:\/\/lalmachine.com\/de\/wp-json\/wp\/v2\/proximite?post=342296"}],"curies":[{"name":"wp","href":"https:\/\/api.w.org\/{rel}","templated":true}]}}