{"id":342362,"date":"2025-02-19T10:03:52","date_gmt":"2025-02-19T09:03:52","guid":{"rendered":"https:\/\/lalmachine.com\/?post_type=product&#038;p=342362"},"modified":"2025-12-23T00:01:01","modified_gmt":"2025-12-22T23:01:01","slug":"hiroshige-le-tourbillon-de-naruto-a-awa-gravure-sur-bois-japon","status":"publish","type":"product","link":"https:\/\/lalmachine.com\/de\/shop\/decorer\/art-and-co\/hiroshige-le-tourbillon-de-naruto-a-awa-gravure-sur-bois-japon\/","title":{"rendered":"Hiroshige &#8211; Le Tourbillon de Naruto \u00e0 Awa \u2013 Gravure sur bois &#8211; Japon"},"content":{"rendered":"<ul class=\"wpuf_customs\"><li style=\"list-style-type:none;\"><label>Autres photos:<\/label> <a href=\"https:\/\/lalmachine.com\/wp-content\/uploads\/2025\/02\/1-2-scaled.jpg\"><img loading=\"lazy\" decoding=\"async\" width=\"66\" height=\"96\" src=\"https:\/\/lalmachine.com\/wp-content\/uploads\/2025\/02\/1-2-scaled.jpg\" class=\"attachment-thumbnail size-thumbnail\" alt=\"\" \/><\/a> <a href=\"https:\/\/lalmachine.com\/wp-content\/uploads\/2025\/02\/3-2-scaled.jpg\"><img loading=\"lazy\" decoding=\"async\" width=\"67\" height=\"96\" src=\"https:\/\/lalmachine.com\/wp-content\/uploads\/2025\/02\/3-2-scaled.jpg\" class=\"attachment-thumbnail size-thumbnail\" alt=\"\" \/><\/a> <a href=\"https:\/\/lalmachine.com\/wp-content\/uploads\/2025\/02\/4-2-scaled.jpg\"><img loading=\"lazy\" decoding=\"async\" width=\"72\" height=\"96\" src=\"https:\/\/lalmachine.com\/wp-content\/uploads\/2025\/02\/4-2-scaled.jpg\" class=\"attachment-thumbnail size-thumbnail\" alt=\"\" \/><\/a> <a href=\"https:\/\/lalmachine.com\/wp-content\/uploads\/2025\/02\/5-2-scaled.jpg\"><img loading=\"lazy\" decoding=\"async\" width=\"72\" height=\"96\" src=\"https:\/\/lalmachine.com\/wp-content\/uploads\/2025\/02\/5-2-scaled.jpg\" class=\"attachment-thumbnail size-thumbnail\" alt=\"\" \/><\/a> <a href=\"https:\/\/lalmachine.com\/wp-content\/uploads\/2025\/02\/6-2-scaled.jpg\"><img loading=\"lazy\" decoding=\"async\" width=\"72\" height=\"96\" src=\"https:\/\/lalmachine.com\/wp-content\/uploads\/2025\/02\/6-2-scaled.jpg\" class=\"attachment-thumbnail size-thumbnail\" alt=\"\" \/><\/a> <a href=\"https:\/\/lalmachine.com\/wp-content\/uploads\/2025\/02\/7-2-scaled.jpg\"><img loading=\"lazy\" decoding=\"async\" width=\"72\" height=\"96\" src=\"https:\/\/lalmachine.com\/wp-content\/uploads\/2025\/02\/7-2-scaled.jpg\" class=\"attachment-thumbnail size-thumbnail\" alt=\"\" \/><\/a> <a href=\"https:\/\/lalmachine.com\/wp-content\/uploads\/2025\/02\/10-1-scaled.jpg\"><img loading=\"lazy\" decoding=\"async\" width=\"72\" height=\"96\" src=\"https:\/\/lalmachine.com\/wp-content\/uploads\/2025\/02\/10-1-scaled.jpg\" class=\"attachment-thumbnail size-thumbnail\" alt=\"\" \/><\/a> <a href=\"https:\/\/lalmachine.com\/wp-content\/uploads\/2025\/02\/11-1-scaled.jpg\"><img loading=\"lazy\" decoding=\"async\" width=\"72\" height=\"96\" src=\"https:\/\/lalmachine.com\/wp-content\/uploads\/2025\/02\/11-1-scaled.jpg\" class=\"attachment-thumbnail size-thumbnail\" alt=\"\" \/><\/a> <a href=\"https:\/\/lalmachine.com\/wp-content\/uploads\/2025\/02\/12-1-scaled.jpg\"><img loading=\"lazy\" decoding=\"async\" width=\"72\" height=\"96\" src=\"https:\/\/lalmachine.com\/wp-content\/uploads\/2025\/02\/12-1-scaled.jpg\" class=\"attachment-thumbnail size-thumbnail\" alt=\"\" \/><\/a> <a href=\"https:\/\/lalmachine.com\/wp-content\/uploads\/2025\/02\/16-scaled.jpg\"><img loading=\"lazy\" decoding=\"async\" width=\"72\" height=\"96\" src=\"https:\/\/lalmachine.com\/wp-content\/uploads\/2025\/02\/16-scaled.jpg\" class=\"attachment-thumbnail size-thumbnail\" alt=\"\" \/><\/a> <\/li>        <li class=\"wpuf-field-data wpuf-field-data-numeric_text_field\">\n                            <label>Prix:<\/label>\n                        299        <\/li>\n                <li class=\"wpuf-field-data wpuf-field-data-numeric_text_field\">\n                            <label>Hauteur (cm):<\/label>\n                        41        <\/li>\n                <li class=\"wpuf-field-data wpuf-field-data-numeric_text_field\">\n                            <label>Largeur (cm):<\/label>\n                        28        <\/li>\n                <li class=\"wpuf-field-data wpuf-field-data-numeric_text_field\">\n                            <label>Profondeur (cm):<\/label>\n                        0        <\/li>\n        <\/ul>","protected":false},"excerpt":{"rendered":"<p>Hiroshige Ando (1797-1858), gravure sur bois intitul\u00e9e \u00ab Vue des tourbillons de Naruto \u00e0 Awa \u00bb, issue de la s\u00e9rie Vues des sites c\u00e9l\u00e8bres des soixante et quelques provinces du Japon publi\u00e9 de 1853-1856. Il s&rsquo;agit d&rsquo;une \u00e9dition ult\u00e9rieure imprim\u00e9e par Unsodo, Japon, imprim\u00e9e sur papier japon washi Echizen.<\/p>\n<p>Dimensions : env. 41x28x0.1 cm<br \/>\nEtat : excellent.<br \/>\n(Option avec cadre noir en bois +40chf.)<\/p>\n<p>Envoi soign\u00e9 dans un emballage de protection rigide en recommand\u00e9 avec num\u00e9ro de suivi, sous 1-2 jours ouvrables.<\/p>\n<p>\u00ab Naturo \u00bb, signifiant en japonais la porte bruyante \u00bb, d\u00e9signe le d\u00e9bouch\u00e9 de la mer int\u00e9rieure du Japon dans le c\u00e9l\u00e8bre d\u00e9troit situ\u00e9 au large de la pr\u00e9fecture de Tokushima et de la province d\u2019Awa. En raison de la vitesse des mar\u00e9es et de la force des courants que l\u2019on y trouve, le d\u00e9troit est le th\u00e9\u00e2tre de spectaculaires tourbillons d\u2019eau. \u00c0 l\u2019arri\u00e8re-plan, se dessine l\u2019\u00eele Awaji baign\u00e9e de la lumi\u00e8re du soleil couchant, constatant avec la mer tumultueuse du premier plan. Hiroshige immortalise l\u2019\u00e9ph\u00e9m\u00e8re et l\u2019immuable. Cette estampe est conserv\u00e9e notamment au Mus\u00e9e Claude Monet, Giverny, France.<\/p>","protected":false},"featured_media":342398,"template":"","meta":{"_et_pb_use_builder":"","_et_pb_old_content":"","_et_gb_content_width":""},"product_brand":[],"product_cat":[365,50],"product_tag":[],"proximite":[177,235],"class_list":{"0":"post-342362","1":"product","2":"type-product","3":"status-publish","4":"has-post-thumbnail","6":"product_cat-art-and-co","7":"product_cat-decorer","8":"product_shipping_class-0-2-kg","9":"pa_couleur-multicolore","10":"pa_etat-tres-bon-etat","11":"pa_materiau-papier-carton","12":"pa_style-vintage","13":"proximite-fribourg","14":"proximite-sarine","16":"first","17":"outofstock","18":"shipping-taxable","19":"purchasable","20":"product-type-simple"},"yoast_head":"<!-- This site is optimized with the Yoast SEO plugin v27.4 - https:\/\/yoast.com\/product\/yoast-seo-wordpress\/ -->\n<title>Hiroshige - Le Tourbillon de Naruto \u00e0 Awa \u2013 Gravure sur bois - Japon | lalmachine.com<\/title>\n<meta name=\"description\" content=\"Hiroshige Ando (1797-1858), gravure sur bois intitul\u00e9e \u00ab Vue des tourbillons de Naruto \u00e0 Awa \u00bb, issue de la s\u00e9rie Vues des sites c\u00e9l\u00e8bres des soixante et quelques provinces du Japon publi\u00e9 de 1853-1856.\" \/>\n<meta name=\"robots\" content=\"index, follow, max-snippet:-1, max-image-preview:large, max-video-preview:-1\" \/>\n<link rel=\"canonical\" href=\"https:\/\/lalmachine.com\/de\/shop\/decorer\/art-and-co\/hiroshige-le-tourbillon-de-naruto-a-awa-gravure-sur-bois-japon\/\" \/>\n<meta property=\"og:locale\" content=\"de_DE\" \/>\n<meta property=\"og:type\" content=\"article\" \/>\n<meta property=\"og:title\" content=\"Hiroshige - Le Tourbillon de Naruto \u00e0 Awa \u2013 Gravure sur bois - Japon | lalmachine.com\" \/>\n<meta property=\"og:description\" content=\"Hiroshige Ando (1797-1858), gravure sur bois intitul\u00e9e \u00ab Vue des tourbillons de Naruto \u00e0 Awa \u00bb, issue de la s\u00e9rie Vues des sites c\u00e9l\u00e8bres des soixante et quelques provinces du Japon publi\u00e9 de 1853-1856.\" \/>\n<meta property=\"og:url\" content=\"https:\/\/lalmachine.com\/de\/shop\/decorer\/art-and-co\/hiroshige-le-tourbillon-de-naruto-a-awa-gravure-sur-bois-japon\/\" \/>\n<meta property=\"og:site_name\" content=\"lalmachine.com\" \/>\n<meta property=\"article:publisher\" content=\"https:\/\/facebook.com\/lalmachine\" \/>\n<meta property=\"article:modified_time\" content=\"2025-12-22T23:01:01+00:00\" \/>\n<meta property=\"og:image\" content=\"https:\/\/lalmachine.com\/wp-content\/uploads\/2025\/02\/2-2-scaled_clipped_rev_1-scaled.jpeg\" \/>\n\t<meta property=\"og:image:width\" content=\"2560\" \/>\n\t<meta property=\"og:image:height\" content=\"2560\" \/>\n\t<meta property=\"og:image:type\" content=\"image\/jpeg\" \/>\n<meta name=\"twitter:card\" content=\"summary_large_image\" \/>\n<script type=\"application\/ld+json\" class=\"yoast-schema-graph\">{\"@context\":\"https:\\\/\\\/schema.org\",\"@graph\":[{\"@type\":\"WebPage\",\"@id\":\"https:\\\/\\\/lalmachine.com\\\/shop\\\/decorer\\\/art-and-co\\\/hiroshige-le-tourbillon-de-naruto-a-awa-gravure-sur-bois-japon\\\/\",\"url\":\"https:\\\/\\\/lalmachine.com\\\/shop\\\/decorer\\\/art-and-co\\\/hiroshige-le-tourbillon-de-naruto-a-awa-gravure-sur-bois-japon\\\/\",\"name\":\"Hiroshige - Le Tourbillon de Naruto \u00e0 Awa \u2013 Gravure sur bois - Japon | lalmachine.com\",\"isPartOf\":{\"@id\":\"https:\\\/\\\/lalmachine.com\\\/#website\"},\"primaryImageOfPage\":{\"@id\":\"https:\\\/\\\/lalmachine.com\\\/shop\\\/decorer\\\/art-and-co\\\/hiroshige-le-tourbillon-de-naruto-a-awa-gravure-sur-bois-japon\\\/#primaryimage\"},\"image\":{\"@id\":\"https:\\\/\\\/lalmachine.com\\\/shop\\\/decorer\\\/art-and-co\\\/hiroshige-le-tourbillon-de-naruto-a-awa-gravure-sur-bois-japon\\\/#primaryimage\"},\"thumbnailUrl\":\"https:\\\/\\\/lalmachine.com\\\/wp-content\\\/uploads\\\/2025\\\/02\\\/2-2-scaled_clipped_rev_1-scaled.jpeg\",\"datePublished\":\"2025-02-19T09:03:52+00:00\",\"dateModified\":\"2025-12-22T23:01:01+00:00\",\"description\":\"Hiroshige Ando (1797-1858), gravure sur bois intitul\u00e9e \u00ab Vue des tourbillons de Naruto \u00e0 Awa \u00bb, issue de la s\u00e9rie Vues des sites c\u00e9l\u00e8bres des soixante et quelques provinces du Japon publi\u00e9 de 1853-1856.\",\"breadcrumb\":{\"@id\":\"https:\\\/\\\/lalmachine.com\\\/shop\\\/decorer\\\/art-and-co\\\/hiroshige-le-tourbillon-de-naruto-a-awa-gravure-sur-bois-japon\\\/#breadcrumb\"},\"inLanguage\":\"de\",\"potentialAction\":[{\"@type\":\"ReadAction\",\"target\":[\"https:\\\/\\\/lalmachine.com\\\/shop\\\/decorer\\\/art-and-co\\\/hiroshige-le-tourbillon-de-naruto-a-awa-gravure-sur-bois-japon\\\/\"]}]},{\"@type\":\"ImageObject\",\"inLanguage\":\"de\",\"@id\":\"https:\\\/\\\/lalmachine.com\\\/shop\\\/decorer\\\/art-and-co\\\/hiroshige-le-tourbillon-de-naruto-a-awa-gravure-sur-bois-japon\\\/#primaryimage\",\"url\":\"https:\\\/\\\/lalmachine.com\\\/wp-content\\\/uploads\\\/2025\\\/02\\\/2-2-scaled_clipped_rev_1-scaled.jpeg\",\"contentUrl\":\"https:\\\/\\\/lalmachine.com\\\/wp-content\\\/uploads\\\/2025\\\/02\\\/2-2-scaled_clipped_rev_1-scaled.jpeg\",\"width\":2560,\"height\":2560,\"caption\":\"Hiroshige Le Tourbillon de Naruto \u00e0 Awa\"},{\"@type\":\"BreadcrumbList\",\"@id\":\"https:\\\/\\\/lalmachine.com\\\/shop\\\/decorer\\\/art-and-co\\\/hiroshige-le-tourbillon-de-naruto-a-awa-gravure-sur-bois-japon\\\/#breadcrumb\",\"itemListElement\":[{\"@type\":\"ListItem\",\"position\":1,\"name\":\"Accueil\",\"item\":\"https:\\\/\\\/lalmachine.com\\\/\"},{\"@type\":\"ListItem\",\"position\":2,\"name\":\"Shop\",\"item\":\"https:\\\/\\\/lalmachine.com\\\/shop\\\/\"},{\"@type\":\"ListItem\",\"position\":3,\"name\":\"Hiroshige &#8211; Le Tourbillon de Naruto \u00e0 Awa \u2013 Gravure sur bois &#8211; Japon\"}]},{\"@type\":\"WebSite\",\"@id\":\"https:\\\/\\\/lalmachine.com\\\/#website\",\"url\":\"https:\\\/\\\/lalmachine.com\\\/\",\"name\":\"lalmachine.com\",\"description\":\"Brocante en ligne Suisse | Mobilier et objets d\u00e9co vintage et design\",\"potentialAction\":[{\"@type\":\"SearchAction\",\"target\":{\"@type\":\"EntryPoint\",\"urlTemplate\":\"https:\\\/\\\/lalmachine.com\\\/?s={search_term_string}\"},\"query-input\":{\"@type\":\"PropertyValueSpecification\",\"valueRequired\":true,\"valueName\":\"search_term_string\"}}],\"inLanguage\":\"de\"}]}<\/script>\n<!-- \/ Yoast SEO plugin. -->","yoast_head_json":{"title":"Hiroshige - Le Tourbillon de Naruto \u00e0 Awa \u2013 Gravure sur bois - Japon | lalmachine.com","description":"Hiroshige Ando (1797-1858), gravure sur bois intitul\u00e9e \u00ab Vue des tourbillons de Naruto \u00e0 Awa \u00bb, issue de la s\u00e9rie Vues des sites c\u00e9l\u00e8bres des soixante et quelques provinces du Japon publi\u00e9 de 1853-1856.","robots":{"index":"index","follow":"follow","max-snippet":"max-snippet:-1","max-image-preview":"max-image-preview:large","max-video-preview":"max-video-preview:-1"},"canonical":"https:\/\/lalmachine.com\/de\/shop\/decorer\/art-and-co\/hiroshige-le-tourbillon-de-naruto-a-awa-gravure-sur-bois-japon\/","og_locale":"de_DE","og_type":"article","og_title":"Hiroshige - Le Tourbillon de Naruto \u00e0 Awa \u2013 Gravure sur bois - Japon | lalmachine.com","og_description":"Hiroshige Ando (1797-1858), gravure sur bois intitul\u00e9e \u00ab Vue des tourbillons de Naruto \u00e0 Awa \u00bb, issue de la s\u00e9rie Vues des sites c\u00e9l\u00e8bres des soixante et quelques provinces du Japon publi\u00e9 de 1853-1856.","og_url":"https:\/\/lalmachine.com\/de\/shop\/decorer\/art-and-co\/hiroshige-le-tourbillon-de-naruto-a-awa-gravure-sur-bois-japon\/","og_site_name":"lalmachine.com","article_publisher":"https:\/\/facebook.com\/lalmachine","article_modified_time":"2025-12-22T23:01:01+00:00","og_image":[{"width":2560,"height":2560,"url":"https:\/\/lalmachine.com\/wp-content\/uploads\/2025\/02\/2-2-scaled_clipped_rev_1-scaled.jpeg","type":"image\/jpeg"}],"twitter_card":"summary_large_image","schema":{"@context":"https:\/\/schema.org","@graph":[{"@type":"WebPage","@id":"https:\/\/lalmachine.com\/shop\/decorer\/art-and-co\/hiroshige-le-tourbillon-de-naruto-a-awa-gravure-sur-bois-japon\/","url":"https:\/\/lalmachine.com\/shop\/decorer\/art-and-co\/hiroshige-le-tourbillon-de-naruto-a-awa-gravure-sur-bois-japon\/","name":"Hiroshige - Le Tourbillon de Naruto \u00e0 Awa \u2013 Gravure sur bois - Japon | lalmachine.com","isPartOf":{"@id":"https:\/\/lalmachine.com\/#website"},"primaryImageOfPage":{"@id":"https:\/\/lalmachine.com\/shop\/decorer\/art-and-co\/hiroshige-le-tourbillon-de-naruto-a-awa-gravure-sur-bois-japon\/#primaryimage"},"image":{"@id":"https:\/\/lalmachine.com\/shop\/decorer\/art-and-co\/hiroshige-le-tourbillon-de-naruto-a-awa-gravure-sur-bois-japon\/#primaryimage"},"thumbnailUrl":"https:\/\/lalmachine.com\/wp-content\/uploads\/2025\/02\/2-2-scaled_clipped_rev_1-scaled.jpeg","datePublished":"2025-02-19T09:03:52+00:00","dateModified":"2025-12-22T23:01:01+00:00","description":"Hiroshige Ando (1797-1858), gravure sur bois intitul\u00e9e \u00ab Vue des tourbillons de Naruto \u00e0 Awa \u00bb, issue de la s\u00e9rie Vues des sites c\u00e9l\u00e8bres des soixante et quelques provinces du Japon publi\u00e9 de 1853-1856.","breadcrumb":{"@id":"https:\/\/lalmachine.com\/shop\/decorer\/art-and-co\/hiroshige-le-tourbillon-de-naruto-a-awa-gravure-sur-bois-japon\/#breadcrumb"},"inLanguage":"de","potentialAction":[{"@type":"ReadAction","target":["https:\/\/lalmachine.com\/shop\/decorer\/art-and-co\/hiroshige-le-tourbillon-de-naruto-a-awa-gravure-sur-bois-japon\/"]}]},{"@type":"ImageObject","inLanguage":"de","@id":"https:\/\/lalmachine.com\/shop\/decorer\/art-and-co\/hiroshige-le-tourbillon-de-naruto-a-awa-gravure-sur-bois-japon\/#primaryimage","url":"https:\/\/lalmachine.com\/wp-content\/uploads\/2025\/02\/2-2-scaled_clipped_rev_1-scaled.jpeg","contentUrl":"https:\/\/lalmachine.com\/wp-content\/uploads\/2025\/02\/2-2-scaled_clipped_rev_1-scaled.jpeg","width":2560,"height":2560,"caption":"Hiroshige Le Tourbillon de Naruto \u00e0 Awa"},{"@type":"BreadcrumbList","@id":"https:\/\/lalmachine.com\/shop\/decorer\/art-and-co\/hiroshige-le-tourbillon-de-naruto-a-awa-gravure-sur-bois-japon\/#breadcrumb","itemListElement":[{"@type":"ListItem","position":1,"name":"Accueil","item":"https:\/\/lalmachine.com\/"},{"@type":"ListItem","position":2,"name":"Shop","item":"https:\/\/lalmachine.com\/shop\/"},{"@type":"ListItem","position":3,"name":"Hiroshige &#8211; Le Tourbillon de Naruto \u00e0 Awa \u2013 Gravure sur bois &#8211; Japon"}]},{"@type":"WebSite","@id":"https:\/\/lalmachine.com\/#website","url":"https:\/\/lalmachine.com\/","name":"lalmachine.com","description":"Brocante en ligne Suisse | Mobilier et objets d\u00e9co vintage et design","potentialAction":[{"@type":"SearchAction","target":{"@type":"EntryPoint","urlTemplate":"https:\/\/lalmachine.com\/?s={search_term_string}"},"query-input":{"@type":"PropertyValueSpecification","valueRequired":true,"valueName":"search_term_string"}}],"inLanguage":"de"}]}},"_links":{"self":[{"href":"https:\/\/lalmachine.com\/de\/wp-json\/wp\/v2\/product\/342362","targetHints":{"allow":["GET"]}}],"collection":[{"href":"https:\/\/lalmachine.com\/de\/wp-json\/wp\/v2\/product"}],"about":[{"href":"https:\/\/lalmachine.com\/de\/wp-json\/wp\/v2\/types\/product"}],"wp:featuredmedia":[{"embeddable":true,"href":"https:\/\/lalmachine.com\/de\/wp-json\/wp\/v2\/media\/342398"}],"wp:attachment":[{"href":"https:\/\/lalmachine.com\/de\/wp-json\/wp\/v2\/media?parent=342362"}],"wp:term":[{"taxonomy":"product_brand","embeddable":true,"href":"https:\/\/lalmachine.com\/de\/wp-json\/wp\/v2\/product_brand?post=342362"},{"taxonomy":"product_cat","embeddable":true,"href":"https:\/\/lalmachine.com\/de\/wp-json\/wp\/v2\/product_cat?post=342362"},{"taxonomy":"product_tag","embeddable":true,"href":"https:\/\/lalmachine.com\/de\/wp-json\/wp\/v2\/product_tag?post=342362"},{"taxonomy":"proximite","embeddable":true,"href":"https:\/\/lalmachine.com\/de\/wp-json\/wp\/v2\/proximite?post=342362"}],"curies":[{"name":"wp","href":"https:\/\/api.w.org\/{rel}","templated":true}]}}