{"id":343692,"date":"2025-03-11T08:58:30","date_gmt":"2025-03-11T07:58:30","guid":{"rendered":"https:\/\/lalmachine.com\/?post_type=product&#038;p=343692"},"modified":"2025-03-11T08:58:30","modified_gmt":"2025-03-11T07:58:30","slug":"table-basse-coeur-t23a-par-pierre-chapo","status":"publish","type":"product","link":"https:\/\/lalmachine.com\/de\/shop\/meubler\/table-basse-dappoint\/table-basse-coeur-t23a-par-pierre-chapo\/","title":{"rendered":"Table basse\u00a0c\u0153ur T23A par Pierre Chapo"},"content":{"rendered":"<ul class=\"wpuf_customs\"><li style=\"list-style-type:none;\"><label>Autres photos:<\/label> <a href=\"https:\/\/lalmachine.com\/wp-content\/uploads\/2025\/03\/6935DDE1-05E5-41F1-ACEC-380C73064548-scaled.jpeg\"><img loading=\"lazy\" decoding=\"async\" width=\"72\" height=\"96\" src=\"https:\/\/lalmachine.com\/wp-content\/uploads\/2025\/03\/6935DDE1-05E5-41F1-ACEC-380C73064548-scaled.jpeg\" class=\"attachment-thumbnail size-thumbnail\" alt=\"\" \/><\/a> <a href=\"https:\/\/lalmachine.com\/wp-content\/uploads\/2025\/03\/40C864B4-1FF8-4A18-8134-AACC2AD194D7-scaled.jpeg\"><img loading=\"lazy\" decoding=\"async\" width=\"72\" height=\"96\" src=\"https:\/\/lalmachine.com\/wp-content\/uploads\/2025\/03\/40C864B4-1FF8-4A18-8134-AACC2AD194D7-scaled.jpeg\" class=\"attachment-thumbnail size-thumbnail\" alt=\"\" \/><\/a> <a href=\"https:\/\/lalmachine.com\/wp-content\/uploads\/2025\/03\/13B264AB-A8EF-40AF-A72B-42AE30110799-scaled.jpeg\"><img loading=\"lazy\" decoding=\"async\" width=\"72\" height=\"96\" src=\"https:\/\/lalmachine.com\/wp-content\/uploads\/2025\/03\/13B264AB-A8EF-40AF-A72B-42AE30110799-scaled.jpeg\" class=\"attachment-thumbnail size-thumbnail\" alt=\"\" \/><\/a> <a href=\"https:\/\/lalmachine.com\/wp-content\/uploads\/2025\/03\/11A1E574-5506-41EC-84B7-DE0CF110A978-scaled.jpeg\"><img loading=\"lazy\" decoding=\"async\" width=\"72\" height=\"96\" src=\"https:\/\/lalmachine.com\/wp-content\/uploads\/2025\/03\/11A1E574-5506-41EC-84B7-DE0CF110A978-scaled.jpeg\" class=\"attachment-thumbnail size-thumbnail\" alt=\"\" \/><\/a> <a href=\"https:\/\/lalmachine.com\/wp-content\/uploads\/2025\/03\/9BE71840-3ED3-49CF-B74A-4613509F31F9-scaled.jpeg\"><img loading=\"lazy\" decoding=\"async\" width=\"72\" height=\"96\" src=\"https:\/\/lalmachine.com\/wp-content\/uploads\/2025\/03\/9BE71840-3ED3-49CF-B74A-4613509F31F9-scaled.jpeg\" class=\"attachment-thumbnail size-thumbnail\" alt=\"\" \/><\/a> <a href=\"https:\/\/lalmachine.com\/wp-content\/uploads\/2025\/03\/B8D5A25E-7538-4E8E-AA5B-3BAF0D869B23-scaled.jpeg\"><img loading=\"lazy\" decoding=\"async\" width=\"72\" height=\"96\" src=\"https:\/\/lalmachine.com\/wp-content\/uploads\/2025\/03\/B8D5A25E-7538-4E8E-AA5B-3BAF0D869B23-scaled.jpeg\" class=\"attachment-thumbnail size-thumbnail\" alt=\"\" \/><\/a> <a href=\"https:\/\/lalmachine.com\/wp-content\/uploads\/2025\/03\/BB823083-1F66-43FF-9AA6-7EEAABE4F2BD-scaled.jpeg\"><img loading=\"lazy\" decoding=\"async\" width=\"72\" height=\"96\" src=\"https:\/\/lalmachine.com\/wp-content\/uploads\/2025\/03\/BB823083-1F66-43FF-9AA6-7EEAABE4F2BD-scaled.jpeg\" class=\"attachment-thumbnail size-thumbnail\" alt=\"\" \/><\/a> <a href=\"https:\/\/lalmachine.com\/wp-content\/uploads\/2025\/03\/1FD56237-B4FC-4145-9832-E4EDDA2CF1E9-scaled.jpeg\"><img loading=\"lazy\" decoding=\"async\" width=\"72\" height=\"96\" src=\"https:\/\/lalmachine.com\/wp-content\/uploads\/2025\/03\/1FD56237-B4FC-4145-9832-E4EDDA2CF1E9-scaled.jpeg\" class=\"attachment-thumbnail size-thumbnail\" alt=\"\" \/><\/a> <a href=\"https:\/\/lalmachine.com\/wp-content\/uploads\/2025\/03\/EAD36504-4D10-4582-9FC7-4C198ECC2ABE-scaled.jpeg\"><img loading=\"lazy\" decoding=\"async\" width=\"69\" height=\"96\" src=\"https:\/\/lalmachine.com\/wp-content\/uploads\/2025\/03\/EAD36504-4D10-4582-9FC7-4C198ECC2ABE-scaled.jpeg\" class=\"attachment-thumbnail size-thumbnail\" alt=\"\" \/><\/a> <a href=\"https:\/\/lalmachine.com\/wp-content\/uploads\/2025\/03\/74F59B24-B7B3-460B-9045-28124CE1BAD7-scaled.jpeg\"><img loading=\"lazy\" decoding=\"async\" width=\"72\" height=\"96\" src=\"https:\/\/lalmachine.com\/wp-content\/uploads\/2025\/03\/74F59B24-B7B3-460B-9045-28124CE1BAD7-scaled.jpeg\" class=\"attachment-thumbnail size-thumbnail\" alt=\"\" \/><\/a> <a href=\"https:\/\/lalmachine.com\/wp-content\/uploads\/2025\/03\/D2C710FE-9492-464B-9D5D-68AFC5895ECB-scaled.jpeg\"><img loading=\"lazy\" decoding=\"async\" width=\"72\" height=\"96\" src=\"https:\/\/lalmachine.com\/wp-content\/uploads\/2025\/03\/D2C710FE-9492-464B-9D5D-68AFC5895ECB-scaled.jpeg\" class=\"attachment-thumbnail size-thumbnail\" alt=\"\" \/><\/a> <a href=\"https:\/\/lalmachine.com\/wp-content\/uploads\/2025\/03\/1201D572-E3C3-4723-8816-1543B4F2A172-scaled.jpeg\"><img loading=\"lazy\" decoding=\"async\" width=\"72\" height=\"96\" src=\"https:\/\/lalmachine.com\/wp-content\/uploads\/2025\/03\/1201D572-E3C3-4723-8816-1543B4F2A172-scaled.jpeg\" class=\"attachment-thumbnail size-thumbnail\" alt=\"\" \/><\/a> <a href=\"https:\/\/lalmachine.com\/wp-content\/uploads\/2025\/03\/30EA5583-0F74-44A8-B751-895B755AEB22-scaled.jpeg\"><img loading=\"lazy\" decoding=\"async\" width=\"72\" height=\"96\" src=\"https:\/\/lalmachine.com\/wp-content\/uploads\/2025\/03\/30EA5583-0F74-44A8-B751-895B755AEB22-scaled.jpeg\" class=\"attachment-thumbnail size-thumbnail\" alt=\"\" \/><\/a> <a href=\"https:\/\/lalmachine.com\/wp-content\/uploads\/2025\/03\/DA1D95DE-1BAC-4811-9EE7-8EFDD30BABB5-scaled.jpeg\"><img loading=\"lazy\" decoding=\"async\" width=\"77\" height=\"96\" src=\"https:\/\/lalmachine.com\/wp-content\/uploads\/2025\/03\/DA1D95DE-1BAC-4811-9EE7-8EFDD30BABB5-scaled.jpeg\" class=\"attachment-thumbnail size-thumbnail\" alt=\"\" \/><\/a> <\/li>        <li class=\"wpuf-field-data wpuf-field-data-numeric_text_field\">\n                            <label>Prix:<\/label>\n                        2200        <\/li>\n                <li class=\"wpuf-field-data wpuf-field-data-numeric_text_field\">\n                            <label>Quantit\u00e9:<\/label>\n                        1        <\/li>\n                <li class=\"wpuf-field-data wpuf-field-data-numeric_text_field\">\n                            <label>Hauteur (cm):<\/label>\n                        33        <\/li>\n                <li class=\"wpuf-field-data wpuf-field-data-numeric_text_field\">\n                            <label>Largeur (cm):<\/label>\n                        64        <\/li>\n                <li class=\"wpuf-field-data wpuf-field-data-numeric_text_field\">\n                            <label>Profondeur (cm):<\/label>\n                        65        <\/li>\n        <\/ul>","protected":false},"excerpt":{"rendered":"<p>La table Pierre Chapo T23A, \u00e9galement connue sous le nom de table Coeur, est une pi\u00e8ce embl\u00e9matique de mobilier cr\u00e9\u00e9e par ce l\u00e9gendaire designer fran\u00e7ais dans les ann\u00e9es 1970.\u00a0Cette silhouette unique, design bas et \u00e9l\u00e9gant est un t\u00e9moignage de l&rsquo;approche innovante de Chapo \u00e0 la fabrication l&rsquo;artisanat.<br \/>\nFabriqu\u00e9e \u00e0 partir du meilleur orme fran\u00e7ais, la table T23 pr\u00e9sente un dessus triangulaire bord\u00e9 d&rsquo;un bord arrondi et soutenu par trois pieds cylindriques.<br \/>\nSehr guter Zustand<\/p>","protected":false},"featured_media":343753,"template":"","meta":{"_et_pb_use_builder":"","_et_pb_old_content":"","_et_gb_content_width":""},"product_brand":[],"product_cat":[47,459],"product_tag":[],"proximite":[281],"class_list":{"0":"post-343692","1":"product","2":"type-product","3":"status-publish","4":"has-post-thumbnail","6":"product_cat-meubler","7":"product_cat-table-basse-dappoint","8":"pa_couleur-bois","9":"pa_etat-tres-bon-etat","10":"pa_materiau-bois","11":"pa_style-vintage","12":"proximite-nyon","14":"first","15":"instock","16":"shipping-taxable","17":"purchasable","18":"product-type-simple"},"yoast_head":"<!-- This site is optimized with the Yoast SEO plugin v27.3 - https:\/\/yoast.com\/product\/yoast-seo-wordpress\/ -->\n<title>Table basse\u00a0c\u0153ur T23A par Pierre Chapo | lalmachine.com<\/title>\n<meta name=\"description\" content=\"La table Pierre Chapo T23A, \u00e9galement connue sous le nom de table Coeur, est une pi\u00e8ce embl\u00e9matique de mobilier\" \/>\n<meta name=\"robots\" content=\"index, follow, max-snippet:-1, max-image-preview:large, max-video-preview:-1\" \/>\n<link rel=\"canonical\" href=\"https:\/\/lalmachine.com\/de\/shop\/meubler\/table-basse-dappoint\/table-basse-coeur-t23a-par-pierre-chapo\/\" \/>\n<meta property=\"og:locale\" content=\"de_DE\" \/>\n<meta property=\"og:type\" content=\"article\" \/>\n<meta property=\"og:title\" content=\"Table basse\u00a0c\u0153ur T23A par Pierre Chapo | lalmachine.com\" \/>\n<meta property=\"og:description\" content=\"La table Pierre Chapo T23A, \u00e9galement connue sous le nom de table Coeur, est une pi\u00e8ce embl\u00e9matique de mobilier\" \/>\n<meta property=\"og:url\" content=\"https:\/\/lalmachine.com\/de\/shop\/meubler\/table-basse-dappoint\/table-basse-coeur-t23a-par-pierre-chapo\/\" \/>\n<meta property=\"og:site_name\" content=\"lalmachine.com\" \/>\n<meta property=\"article:publisher\" content=\"https:\/\/facebook.com\/lalmachine\" \/>\n<meta property=\"og:image\" content=\"https:\/\/lalmachine.com\/wp-content\/uploads\/2025\/03\/6935DDE1-05E5-41F1-ACEC-380C73064548-scaled_clipped_rev_1.jpeg\" \/>\n\t<meta property=\"og:image:width\" content=\"2188\" \/>\n\t<meta property=\"og:image:height\" content=\"2188\" \/>\n\t<meta property=\"og:image:type\" content=\"image\/jpeg\" \/>\n<meta name=\"twitter:card\" content=\"summary_large_image\" \/>\n<script type=\"application\/ld+json\" class=\"yoast-schema-graph\">{\"@context\":\"https:\\\/\\\/schema.org\",\"@graph\":[{\"@type\":\"WebPage\",\"@id\":\"https:\\\/\\\/lalmachine.com\\\/shop\\\/meubler\\\/table-basse-dappoint\\\/table-basse-coeur-t23a-par-pierre-chapo\\\/\",\"url\":\"https:\\\/\\\/lalmachine.com\\\/shop\\\/meubler\\\/table-basse-dappoint\\\/table-basse-coeur-t23a-par-pierre-chapo\\\/\",\"name\":\"Table basse\u00a0c\u0153ur T23A par Pierre Chapo | lalmachine.com\",\"isPartOf\":{\"@id\":\"https:\\\/\\\/lalmachine.com\\\/#website\"},\"primaryImageOfPage\":{\"@id\":\"https:\\\/\\\/lalmachine.com\\\/shop\\\/meubler\\\/table-basse-dappoint\\\/table-basse-coeur-t23a-par-pierre-chapo\\\/#primaryimage\"},\"image\":{\"@id\":\"https:\\\/\\\/lalmachine.com\\\/shop\\\/meubler\\\/table-basse-dappoint\\\/table-basse-coeur-t23a-par-pierre-chapo\\\/#primaryimage\"},\"thumbnailUrl\":\"https:\\\/\\\/lalmachine.com\\\/wp-content\\\/uploads\\\/2025\\\/03\\\/6935DDE1-05E5-41F1-ACEC-380C73064548-scaled_clipped_rev_1.jpeg\",\"datePublished\":\"2025-03-11T07:58:30+00:00\",\"description\":\"La table Pierre Chapo T23A, \u00e9galement connue sous le nom de table Coeur, est une pi\u00e8ce embl\u00e9matique de mobilier\",\"breadcrumb\":{\"@id\":\"https:\\\/\\\/lalmachine.com\\\/shop\\\/meubler\\\/table-basse-dappoint\\\/table-basse-coeur-t23a-par-pierre-chapo\\\/#breadcrumb\"},\"inLanguage\":\"de\",\"potentialAction\":[{\"@type\":\"ReadAction\",\"target\":[\"https:\\\/\\\/lalmachine.com\\\/shop\\\/meubler\\\/table-basse-dappoint\\\/table-basse-coeur-t23a-par-pierre-chapo\\\/\"]}]},{\"@type\":\"ImageObject\",\"inLanguage\":\"de\",\"@id\":\"https:\\\/\\\/lalmachine.com\\\/shop\\\/meubler\\\/table-basse-dappoint\\\/table-basse-coeur-t23a-par-pierre-chapo\\\/#primaryimage\",\"url\":\"https:\\\/\\\/lalmachine.com\\\/wp-content\\\/uploads\\\/2025\\\/03\\\/6935DDE1-05E5-41F1-ACEC-380C73064548-scaled_clipped_rev_1.jpeg\",\"contentUrl\":\"https:\\\/\\\/lalmachine.com\\\/wp-content\\\/uploads\\\/2025\\\/03\\\/6935DDE1-05E5-41F1-ACEC-380C73064548-scaled_clipped_rev_1.jpeg\",\"width\":2188,\"height\":2188,\"caption\":\"Table basse\u00a0C\u0153ur T23A par Pierre Chapo\"},{\"@type\":\"BreadcrumbList\",\"@id\":\"https:\\\/\\\/lalmachine.com\\\/shop\\\/meubler\\\/table-basse-dappoint\\\/table-basse-coeur-t23a-par-pierre-chapo\\\/#breadcrumb\",\"itemListElement\":[{\"@type\":\"ListItem\",\"position\":1,\"name\":\"Accueil\",\"item\":\"https:\\\/\\\/lalmachine.com\\\/\"},{\"@type\":\"ListItem\",\"position\":2,\"name\":\"Shop\",\"item\":\"https:\\\/\\\/lalmachine.com\\\/shop\\\/\"},{\"@type\":\"ListItem\",\"position\":3,\"name\":\"Table basse\u00a0c\u0153ur T23A par Pierre Chapo\"}]},{\"@type\":\"WebSite\",\"@id\":\"https:\\\/\\\/lalmachine.com\\\/#website\",\"url\":\"https:\\\/\\\/lalmachine.com\\\/\",\"name\":\"lalmachine.com\",\"description\":\"Brocante en ligne Suisse | Mobilier et objets d\u00e9co vintage et design\",\"potentialAction\":[{\"@type\":\"SearchAction\",\"target\":{\"@type\":\"EntryPoint\",\"urlTemplate\":\"https:\\\/\\\/lalmachine.com\\\/?s={search_term_string}\"},\"query-input\":{\"@type\":\"PropertyValueSpecification\",\"valueRequired\":true,\"valueName\":\"search_term_string\"}}],\"inLanguage\":\"de\"}]}<\/script>\n<!-- \/ Yoast SEO plugin. -->","yoast_head_json":{"title":"Table basse\u00a0c\u0153ur T23A par Pierre Chapo | lalmachine.com","description":"La table Pierre Chapo T23A, \u00e9galement connue sous le nom de table Coeur, est une pi\u00e8ce embl\u00e9matique de mobilier","robots":{"index":"index","follow":"follow","max-snippet":"max-snippet:-1","max-image-preview":"max-image-preview:large","max-video-preview":"max-video-preview:-1"},"canonical":"https:\/\/lalmachine.com\/de\/shop\/meubler\/table-basse-dappoint\/table-basse-coeur-t23a-par-pierre-chapo\/","og_locale":"de_DE","og_type":"article","og_title":"Table basse\u00a0c\u0153ur T23A par Pierre Chapo | lalmachine.com","og_description":"La table Pierre Chapo T23A, \u00e9galement connue sous le nom de table Coeur, est une pi\u00e8ce embl\u00e9matique de mobilier","og_url":"https:\/\/lalmachine.com\/de\/shop\/meubler\/table-basse-dappoint\/table-basse-coeur-t23a-par-pierre-chapo\/","og_site_name":"lalmachine.com","article_publisher":"https:\/\/facebook.com\/lalmachine","og_image":[{"width":2188,"height":2188,"url":"https:\/\/lalmachine.com\/wp-content\/uploads\/2025\/03\/6935DDE1-05E5-41F1-ACEC-380C73064548-scaled_clipped_rev_1.jpeg","type":"image\/jpeg"}],"twitter_card":"summary_large_image","schema":{"@context":"https:\/\/schema.org","@graph":[{"@type":"WebPage","@id":"https:\/\/lalmachine.com\/shop\/meubler\/table-basse-dappoint\/table-basse-coeur-t23a-par-pierre-chapo\/","url":"https:\/\/lalmachine.com\/shop\/meubler\/table-basse-dappoint\/table-basse-coeur-t23a-par-pierre-chapo\/","name":"Table basse\u00a0c\u0153ur T23A par Pierre Chapo | lalmachine.com","isPartOf":{"@id":"https:\/\/lalmachine.com\/#website"},"primaryImageOfPage":{"@id":"https:\/\/lalmachine.com\/shop\/meubler\/table-basse-dappoint\/table-basse-coeur-t23a-par-pierre-chapo\/#primaryimage"},"image":{"@id":"https:\/\/lalmachine.com\/shop\/meubler\/table-basse-dappoint\/table-basse-coeur-t23a-par-pierre-chapo\/#primaryimage"},"thumbnailUrl":"https:\/\/lalmachine.com\/wp-content\/uploads\/2025\/03\/6935DDE1-05E5-41F1-ACEC-380C73064548-scaled_clipped_rev_1.jpeg","datePublished":"2025-03-11T07:58:30+00:00","description":"La table Pierre Chapo T23A, \u00e9galement connue sous le nom de table Coeur, est une pi\u00e8ce embl\u00e9matique de mobilier","breadcrumb":{"@id":"https:\/\/lalmachine.com\/shop\/meubler\/table-basse-dappoint\/table-basse-coeur-t23a-par-pierre-chapo\/#breadcrumb"},"inLanguage":"de","potentialAction":[{"@type":"ReadAction","target":["https:\/\/lalmachine.com\/shop\/meubler\/table-basse-dappoint\/table-basse-coeur-t23a-par-pierre-chapo\/"]}]},{"@type":"ImageObject","inLanguage":"de","@id":"https:\/\/lalmachine.com\/shop\/meubler\/table-basse-dappoint\/table-basse-coeur-t23a-par-pierre-chapo\/#primaryimage","url":"https:\/\/lalmachine.com\/wp-content\/uploads\/2025\/03\/6935DDE1-05E5-41F1-ACEC-380C73064548-scaled_clipped_rev_1.jpeg","contentUrl":"https:\/\/lalmachine.com\/wp-content\/uploads\/2025\/03\/6935DDE1-05E5-41F1-ACEC-380C73064548-scaled_clipped_rev_1.jpeg","width":2188,"height":2188,"caption":"Table basse\u00a0C\u0153ur T23A par Pierre Chapo"},{"@type":"BreadcrumbList","@id":"https:\/\/lalmachine.com\/shop\/meubler\/table-basse-dappoint\/table-basse-coeur-t23a-par-pierre-chapo\/#breadcrumb","itemListElement":[{"@type":"ListItem","position":1,"name":"Accueil","item":"https:\/\/lalmachine.com\/"},{"@type":"ListItem","position":2,"name":"Shop","item":"https:\/\/lalmachine.com\/shop\/"},{"@type":"ListItem","position":3,"name":"Table basse\u00a0c\u0153ur T23A par Pierre Chapo"}]},{"@type":"WebSite","@id":"https:\/\/lalmachine.com\/#website","url":"https:\/\/lalmachine.com\/","name":"lalmachine.com","description":"Brocante en ligne Suisse | Mobilier et objets d\u00e9co vintage et design","potentialAction":[{"@type":"SearchAction","target":{"@type":"EntryPoint","urlTemplate":"https:\/\/lalmachine.com\/?s={search_term_string}"},"query-input":{"@type":"PropertyValueSpecification","valueRequired":true,"valueName":"search_term_string"}}],"inLanguage":"de"}]}},"_links":{"self":[{"href":"https:\/\/lalmachine.com\/de\/wp-json\/wp\/v2\/product\/343692","targetHints":{"allow":["GET"]}}],"collection":[{"href":"https:\/\/lalmachine.com\/de\/wp-json\/wp\/v2\/product"}],"about":[{"href":"https:\/\/lalmachine.com\/de\/wp-json\/wp\/v2\/types\/product"}],"wp:featuredmedia":[{"embeddable":true,"href":"https:\/\/lalmachine.com\/de\/wp-json\/wp\/v2\/media\/343753"}],"wp:attachment":[{"href":"https:\/\/lalmachine.com\/de\/wp-json\/wp\/v2\/media?parent=343692"}],"wp:term":[{"taxonomy":"product_brand","embeddable":true,"href":"https:\/\/lalmachine.com\/de\/wp-json\/wp\/v2\/product_brand?post=343692"},{"taxonomy":"product_cat","embeddable":true,"href":"https:\/\/lalmachine.com\/de\/wp-json\/wp\/v2\/product_cat?post=343692"},{"taxonomy":"product_tag","embeddable":true,"href":"https:\/\/lalmachine.com\/de\/wp-json\/wp\/v2\/product_tag?post=343692"},{"taxonomy":"proximite","embeddable":true,"href":"https:\/\/lalmachine.com\/de\/wp-json\/wp\/v2\/proximite?post=343692"}],"curies":[{"name":"wp","href":"https:\/\/api.w.org\/{rel}","templated":true}]}}