{"id":344323,"date":"2025-03-24T11:07:15","date_gmt":"2025-03-24T10:07:15","guid":{"rendered":"https:\/\/lalmachine.com\/?post_type=product&#038;p=344323"},"modified":"2025-12-23T14:27:02","modified_gmt":"2025-12-23T13:27:02","slug":"porcelaine-signee-johann-haviland-bavaria1955","status":"publish","type":"product","link":"https:\/\/lalmachine.com\/de\/shop\/decorer\/vase-ceramique\/porcelaine-signee-johann-haviland-bavaria1955\/","title":{"rendered":"Porcelaine sign\u00e9e Johann Haviland, Bavaria,1955"},"content":{"rendered":"<ul class=\"wpuf_customs\"><li style=\"list-style-type:none;\"><label>Autres photos:<\/label> <a href=\"https:\/\/lalmachine.com\/wp-content\/uploads\/2025\/03\/vase-johann-Haviland-1955-boutique-du-mail-geneve.jpg\"><img loading=\"lazy\" decoding=\"async\" width=\"72\" height=\"96\" src=\"https:\/\/lalmachine.com\/wp-content\/uploads\/2025\/03\/vase-johann-Haviland-1955-boutique-du-mail-geneve.jpg\" class=\"attachment-thumbnail size-thumbnail\" alt=\"\" \/><\/a> <a href=\"https:\/\/lalmachine.com\/wp-content\/uploads\/2025\/03\/vase-porcelaine-johann-Haviland-1955-boutique-du-mail-geneve.jpg\"><img loading=\"lazy\" decoding=\"async\" width=\"72\" height=\"96\" src=\"https:\/\/lalmachine.com\/wp-content\/uploads\/2025\/03\/vase-porcelaine-johann-Haviland-1955-boutique-du-mail-geneve.jpg\" class=\"attachment-thumbnail size-thumbnail\" alt=\"\" \/><\/a> <a href=\"https:\/\/lalmachine.com\/wp-content\/uploads\/2025\/03\/vase-johann-Haviland-1955-vente-boutique-du-mail-geneve-suisse.jpg\"><img loading=\"lazy\" decoding=\"async\" width=\"128\" height=\"96\" src=\"https:\/\/lalmachine.com\/wp-content\/uploads\/2025\/03\/vase-johann-Haviland-1955-vente-boutique-du-mail-geneve-suisse.jpg\" class=\"attachment-thumbnail size-thumbnail\" alt=\"\" \/><\/a> <\/li>        <li class=\"wpuf-field-data wpuf-field-data-numeric_text_field\">\n                            <label>Prix:<\/label>\n                        280        <\/li>\n                <li class=\"wpuf-field-data wpuf-field-data-numeric_text_field\">\n                            <label>Quantit\u00e9:<\/label>\n                        0        <\/li>\n                <li class=\"wpuf-field-data wpuf-field-data-numeric_text_field\">\n                            <label>Hauteur (cm):<\/label>\n                        27        <\/li>\n                <li class=\"wpuf-field-data wpuf-field-data-numeric_text_field\">\n                            <label>Largeur (cm):<\/label>\n                        18        <\/li>\n                <li class=\"wpuf-field-data wpuf-field-data-numeric_text_field\">\n                            <label>Profondeur (cm):<\/label>\n                        10        <\/li>\n        <\/ul>","protected":false},"excerpt":{"rendered":"<p>Porcelaine avec deux motifs de cages \u00e0 oiseaux grav\u00e9s dans une gla\u00e7ure noire matte.<\/p>\n<p>Les motifs des oiseaux pr\u00e9sents sur ce vase en porcelaine est l&rsquo;\u0153uvre de l&rsquo;illustre designer franco-am\u00e9ricain Raymond Loewy (1893-1986), reconnu comme un pionnier du design industriel. Loewy est c\u00e9l\u00e8bre pour ses cr\u00e9ations embl\u00e9matiques, telles que le paquet de cigarettes Lucky Strike, la bouteille de Coca-Cola, le logo de Shell, ainsi que divers projets pour la NASA. On peut \u00e9galement retrouver des pi\u00e8ces d&rsquo;un service \u00e0 th\u00e9 arborant le m\u00eame design au Victoria and Albert Museum \u00e0 Londres.<\/p>\n<p>La famille Haviland<br \/>\nJohann Haviland, petit-fils de David Haviland, fonda sa propre entreprise en Allemagne en 1907, qui malheureusement fit faillite en 1924. Cette entreprise fut ensuite rachet\u00e9e par une soci\u00e9t\u00e9 italienne, avant d&rsquo;\u00eatre vendue en 1933 \u00e0 Rosenthal.<\/p>\n<p>En 1842, David Haviland s&rsquo;\u00e9tablit \u00e0 Limoges, la capitale mondiale de la porcelaine, o\u00f9 il fonde l&rsquo;atelier Haviland, qui deviendra le berceau d&rsquo;un savoir-faire pr\u00e9cieux. C&rsquo;est ainsi qu&rsquo;il commence \u00e0 \u00e9crire l&rsquo;histoire de la famille Haviland, un nom qui incarne l&rsquo;art du luxe \u00e0 la fran\u00e7aise et qui continue de briller jusqu&rsquo;\u00e0 aujourd&rsquo;hui.<\/p>","protected":false},"featured_media":344372,"template":"","meta":{"_et_pb_use_builder":"","_et_pb_old_content":"","_et_gb_content_width":""},"product_brand":[],"product_cat":[50,400],"product_tag":[],"proximite":[180],"class_list":{"0":"post-344323","1":"product","2":"type-product","3":"status-publish","4":"has-post-thumbnail","6":"product_cat-decorer","7":"product_cat-vase-ceramique","8":"product_shipping_class-2-10-kg","9":"pa_couleur-noir","10":"pa_etat-tres-bon-etat","11":"pa_materiau-ceramique","12":"pa_style-design","13":"proximite-geneve","15":"first","16":"outofstock","17":"shipping-taxable","18":"purchasable","19":"product-type-simple"},"yoast_head":"<!-- This site is optimized with the Yoast SEO plugin v27.4 - https:\/\/yoast.com\/product\/yoast-seo-wordpress\/ -->\n<title>Porcelaine sign\u00e9e Johann Haviland, Bavaria,1955 | lalmachine.com<\/title>\n<meta name=\"description\" content=\"Porcelaine sign\u00e9e Johann Haviland, Bavaria,1955\" \/>\n<meta name=\"robots\" content=\"index, follow, max-snippet:-1, max-image-preview:large, max-video-preview:-1\" \/>\n<link rel=\"canonical\" href=\"https:\/\/lalmachine.com\/de\/shop\/decorer\/vase-ceramique\/porcelaine-signee-johann-haviland-bavaria1955\/\" \/>\n<meta property=\"og:locale\" content=\"de_DE\" \/>\n<meta property=\"og:type\" content=\"article\" \/>\n<meta property=\"og:title\" content=\"Porcelaine sign\u00e9e Johann Haviland, Bavaria,1955 | lalmachine.com\" \/>\n<meta property=\"og:description\" content=\"Porcelaine sign\u00e9e Johann Haviland, Bavaria,1955\" \/>\n<meta property=\"og:url\" content=\"https:\/\/lalmachine.com\/de\/shop\/decorer\/vase-ceramique\/porcelaine-signee-johann-haviland-bavaria1955\/\" \/>\n<meta property=\"og:site_name\" content=\"lalmachine.com\" \/>\n<meta property=\"article:publisher\" content=\"https:\/\/facebook.com\/lalmachine\" \/>\n<meta property=\"article:modified_time\" content=\"2025-12-23T13:27:02+00:00\" \/>\n<meta property=\"og:image\" content=\"https:\/\/lalmachine.com\/wp-content\/uploads\/2025\/03\/vase-johann-Haviland-1955-vente-boutique-du-mail-geneve_clipped_rev_1.jpeg\" \/>\n\t<meta property=\"og:image:width\" content=\"1366\" \/>\n\t<meta property=\"og:image:height\" content=\"1367\" \/>\n\t<meta property=\"og:image:type\" content=\"image\/jpeg\" \/>\n<meta name=\"twitter:card\" content=\"summary_large_image\" \/>\n<script type=\"application\/ld+json\" class=\"yoast-schema-graph\">{\"@context\":\"https:\\\/\\\/schema.org\",\"@graph\":[{\"@type\":\"WebPage\",\"@id\":\"https:\\\/\\\/lalmachine.com\\\/shop\\\/decorer\\\/vase-ceramique\\\/porcelaine-signee-johann-haviland-bavaria1955\\\/\",\"url\":\"https:\\\/\\\/lalmachine.com\\\/shop\\\/decorer\\\/vase-ceramique\\\/porcelaine-signee-johann-haviland-bavaria1955\\\/\",\"name\":\"Porcelaine sign\u00e9e Johann Haviland, Bavaria,1955 | lalmachine.com\",\"isPartOf\":{\"@id\":\"https:\\\/\\\/lalmachine.com\\\/#website\"},\"primaryImageOfPage\":{\"@id\":\"https:\\\/\\\/lalmachine.com\\\/shop\\\/decorer\\\/vase-ceramique\\\/porcelaine-signee-johann-haviland-bavaria1955\\\/#primaryimage\"},\"image\":{\"@id\":\"https:\\\/\\\/lalmachine.com\\\/shop\\\/decorer\\\/vase-ceramique\\\/porcelaine-signee-johann-haviland-bavaria1955\\\/#primaryimage\"},\"thumbnailUrl\":\"https:\\\/\\\/lalmachine.com\\\/wp-content\\\/uploads\\\/2025\\\/03\\\/vase-johann-Haviland-1955-vente-boutique-du-mail-geneve_clipped_rev_1.jpeg\",\"datePublished\":\"2025-03-24T10:07:15+00:00\",\"dateModified\":\"2025-12-23T13:27:02+00:00\",\"description\":\"Porcelaine sign\u00e9e Johann Haviland, Bavaria,1955\",\"breadcrumb\":{\"@id\":\"https:\\\/\\\/lalmachine.com\\\/shop\\\/decorer\\\/vase-ceramique\\\/porcelaine-signee-johann-haviland-bavaria1955\\\/#breadcrumb\"},\"inLanguage\":\"de\",\"potentialAction\":[{\"@type\":\"ReadAction\",\"target\":[\"https:\\\/\\\/lalmachine.com\\\/shop\\\/decorer\\\/vase-ceramique\\\/porcelaine-signee-johann-haviland-bavaria1955\\\/\"]}]},{\"@type\":\"ImageObject\",\"inLanguage\":\"de\",\"@id\":\"https:\\\/\\\/lalmachine.com\\\/shop\\\/decorer\\\/vase-ceramique\\\/porcelaine-signee-johann-haviland-bavaria1955\\\/#primaryimage\",\"url\":\"https:\\\/\\\/lalmachine.com\\\/wp-content\\\/uploads\\\/2025\\\/03\\\/vase-johann-Haviland-1955-vente-boutique-du-mail-geneve_clipped_rev_1.jpeg\",\"contentUrl\":\"https:\\\/\\\/lalmachine.com\\\/wp-content\\\/uploads\\\/2025\\\/03\\\/vase-johann-Haviland-1955-vente-boutique-du-mail-geneve_clipped_rev_1.jpeg\",\"width\":1366,\"height\":1367},{\"@type\":\"BreadcrumbList\",\"@id\":\"https:\\\/\\\/lalmachine.com\\\/shop\\\/decorer\\\/vase-ceramique\\\/porcelaine-signee-johann-haviland-bavaria1955\\\/#breadcrumb\",\"itemListElement\":[{\"@type\":\"ListItem\",\"position\":1,\"name\":\"Accueil\",\"item\":\"https:\\\/\\\/lalmachine.com\\\/\"},{\"@type\":\"ListItem\",\"position\":2,\"name\":\"Shop\",\"item\":\"https:\\\/\\\/lalmachine.com\\\/shop\\\/\"},{\"@type\":\"ListItem\",\"position\":3,\"name\":\"Porcelaine sign\u00e9e Johann Haviland, Bavaria,1955\"}]},{\"@type\":\"WebSite\",\"@id\":\"https:\\\/\\\/lalmachine.com\\\/#website\",\"url\":\"https:\\\/\\\/lalmachine.com\\\/\",\"name\":\"lalmachine.com\",\"description\":\"Brocante en ligne Suisse | Mobilier et objets d\u00e9co vintage et design\",\"potentialAction\":[{\"@type\":\"SearchAction\",\"target\":{\"@type\":\"EntryPoint\",\"urlTemplate\":\"https:\\\/\\\/lalmachine.com\\\/?s={search_term_string}\"},\"query-input\":{\"@type\":\"PropertyValueSpecification\",\"valueRequired\":true,\"valueName\":\"search_term_string\"}}],\"inLanguage\":\"de\"}]}<\/script>\n<!-- \/ Yoast SEO plugin. -->","yoast_head_json":{"title":"Porcelaine sign\u00e9e Johann Haviland, Bavaria,1955 | lalmachine.com","description":"Porcelaine sign\u00e9e Johann Haviland, Bavaria,1955","robots":{"index":"index","follow":"follow","max-snippet":"max-snippet:-1","max-image-preview":"max-image-preview:large","max-video-preview":"max-video-preview:-1"},"canonical":"https:\/\/lalmachine.com\/de\/shop\/decorer\/vase-ceramique\/porcelaine-signee-johann-haviland-bavaria1955\/","og_locale":"de_DE","og_type":"article","og_title":"Porcelaine sign\u00e9e Johann Haviland, Bavaria,1955 | lalmachine.com","og_description":"Porcelaine sign\u00e9e Johann Haviland, Bavaria,1955","og_url":"https:\/\/lalmachine.com\/de\/shop\/decorer\/vase-ceramique\/porcelaine-signee-johann-haviland-bavaria1955\/","og_site_name":"lalmachine.com","article_publisher":"https:\/\/facebook.com\/lalmachine","article_modified_time":"2025-12-23T13:27:02+00:00","og_image":[{"width":1366,"height":1367,"url":"https:\/\/lalmachine.com\/wp-content\/uploads\/2025\/03\/vase-johann-Haviland-1955-vente-boutique-du-mail-geneve_clipped_rev_1.jpeg","type":"image\/jpeg"}],"twitter_card":"summary_large_image","schema":{"@context":"https:\/\/schema.org","@graph":[{"@type":"WebPage","@id":"https:\/\/lalmachine.com\/shop\/decorer\/vase-ceramique\/porcelaine-signee-johann-haviland-bavaria1955\/","url":"https:\/\/lalmachine.com\/shop\/decorer\/vase-ceramique\/porcelaine-signee-johann-haviland-bavaria1955\/","name":"Porcelaine sign\u00e9e Johann Haviland, Bavaria,1955 | lalmachine.com","isPartOf":{"@id":"https:\/\/lalmachine.com\/#website"},"primaryImageOfPage":{"@id":"https:\/\/lalmachine.com\/shop\/decorer\/vase-ceramique\/porcelaine-signee-johann-haviland-bavaria1955\/#primaryimage"},"image":{"@id":"https:\/\/lalmachine.com\/shop\/decorer\/vase-ceramique\/porcelaine-signee-johann-haviland-bavaria1955\/#primaryimage"},"thumbnailUrl":"https:\/\/lalmachine.com\/wp-content\/uploads\/2025\/03\/vase-johann-Haviland-1955-vente-boutique-du-mail-geneve_clipped_rev_1.jpeg","datePublished":"2025-03-24T10:07:15+00:00","dateModified":"2025-12-23T13:27:02+00:00","description":"Porcelaine sign\u00e9e Johann Haviland, Bavaria,1955","breadcrumb":{"@id":"https:\/\/lalmachine.com\/shop\/decorer\/vase-ceramique\/porcelaine-signee-johann-haviland-bavaria1955\/#breadcrumb"},"inLanguage":"de","potentialAction":[{"@type":"ReadAction","target":["https:\/\/lalmachine.com\/shop\/decorer\/vase-ceramique\/porcelaine-signee-johann-haviland-bavaria1955\/"]}]},{"@type":"ImageObject","inLanguage":"de","@id":"https:\/\/lalmachine.com\/shop\/decorer\/vase-ceramique\/porcelaine-signee-johann-haviland-bavaria1955\/#primaryimage","url":"https:\/\/lalmachine.com\/wp-content\/uploads\/2025\/03\/vase-johann-Haviland-1955-vente-boutique-du-mail-geneve_clipped_rev_1.jpeg","contentUrl":"https:\/\/lalmachine.com\/wp-content\/uploads\/2025\/03\/vase-johann-Haviland-1955-vente-boutique-du-mail-geneve_clipped_rev_1.jpeg","width":1366,"height":1367},{"@type":"BreadcrumbList","@id":"https:\/\/lalmachine.com\/shop\/decorer\/vase-ceramique\/porcelaine-signee-johann-haviland-bavaria1955\/#breadcrumb","itemListElement":[{"@type":"ListItem","position":1,"name":"Accueil","item":"https:\/\/lalmachine.com\/"},{"@type":"ListItem","position":2,"name":"Shop","item":"https:\/\/lalmachine.com\/shop\/"},{"@type":"ListItem","position":3,"name":"Porcelaine sign\u00e9e Johann Haviland, Bavaria,1955"}]},{"@type":"WebSite","@id":"https:\/\/lalmachine.com\/#website","url":"https:\/\/lalmachine.com\/","name":"lalmachine.com","description":"Brocante en ligne Suisse | Mobilier et objets d\u00e9co vintage et design","potentialAction":[{"@type":"SearchAction","target":{"@type":"EntryPoint","urlTemplate":"https:\/\/lalmachine.com\/?s={search_term_string}"},"query-input":{"@type":"PropertyValueSpecification","valueRequired":true,"valueName":"search_term_string"}}],"inLanguage":"de"}]}},"_links":{"self":[{"href":"https:\/\/lalmachine.com\/de\/wp-json\/wp\/v2\/product\/344323","targetHints":{"allow":["GET"]}}],"collection":[{"href":"https:\/\/lalmachine.com\/de\/wp-json\/wp\/v2\/product"}],"about":[{"href":"https:\/\/lalmachine.com\/de\/wp-json\/wp\/v2\/types\/product"}],"wp:featuredmedia":[{"embeddable":true,"href":"https:\/\/lalmachine.com\/de\/wp-json\/wp\/v2\/media\/344372"}],"wp:attachment":[{"href":"https:\/\/lalmachine.com\/de\/wp-json\/wp\/v2\/media?parent=344323"}],"wp:term":[{"taxonomy":"product_brand","embeddable":true,"href":"https:\/\/lalmachine.com\/de\/wp-json\/wp\/v2\/product_brand?post=344323"},{"taxonomy":"product_cat","embeddable":true,"href":"https:\/\/lalmachine.com\/de\/wp-json\/wp\/v2\/product_cat?post=344323"},{"taxonomy":"product_tag","embeddable":true,"href":"https:\/\/lalmachine.com\/de\/wp-json\/wp\/v2\/product_tag?post=344323"},{"taxonomy":"proximite","embeddable":true,"href":"https:\/\/lalmachine.com\/de\/wp-json\/wp\/v2\/proximite?post=344323"}],"curies":[{"name":"wp","href":"https:\/\/api.w.org\/{rel}","templated":true}]}}