{"id":344537,"date":"2025-03-26T16:59:50","date_gmt":"2025-03-26T15:59:50","guid":{"rendered":"https:\/\/lalmachine.com\/?post_type=product&#038;p=344537"},"modified":"2025-08-24T23:56:56","modified_gmt":"2025-08-24T21:56:56","slug":"paire-dappliques-en-hetre-jan-wickelgren-aneta-suede-1980s","status":"publish","type":"product","link":"https:\/\/lalmachine.com\/de\/shop\/eclairer\/applique\/paire-dappliques-en-hetre-jan-wickelgren-aneta-suede-1980s\/","title":{"rendered":"Paire d&rsquo;appliques en h\u00eatre, Jan Wickelgren, Aneta, Su\u00e8de, 1980&rsquo;s"},"content":{"rendered":"<ul class=\"wpuf_customs\"><li style=\"list-style-type:none;\"><label>Autres photos:<\/label> <a href=\"https:\/\/lalmachine.com\/wp-content\/uploads\/2025\/03\/11CA5172-3213-4A2D-A2AC-E190620A0414_1_201_a-scaled.jpeg\"><img loading=\"lazy\" decoding=\"async\" width=\"96\" height=\"96\" src=\"https:\/\/lalmachine.com\/wp-content\/uploads\/2025\/03\/11CA5172-3213-4A2D-A2AC-E190620A0414_1_201_a-scaled.jpeg\" class=\"attachment-thumbnail size-thumbnail\" alt=\"\" \/><\/a> <a href=\"https:\/\/lalmachine.com\/wp-content\/uploads\/2025\/03\/17FFBDD2-9CA4-4F63-9464-D86B9CE8A527_1_201_a-scaled.jpeg\"><img loading=\"lazy\" decoding=\"async\" width=\"96\" height=\"96\" src=\"https:\/\/lalmachine.com\/wp-content\/uploads\/2025\/03\/17FFBDD2-9CA4-4F63-9464-D86B9CE8A527_1_201_a-scaled.jpeg\" class=\"attachment-thumbnail size-thumbnail\" alt=\"\" \/><\/a> <a href=\"https:\/\/lalmachine.com\/wp-content\/uploads\/2025\/03\/8F1602E5-6A71-4725-A5D8-590792110E33_1_201_a.jpeg\"><img loading=\"lazy\" decoding=\"async\" width=\"96\" height=\"96\" src=\"https:\/\/lalmachine.com\/wp-content\/uploads\/2025\/03\/8F1602E5-6A71-4725-A5D8-590792110E33_1_201_a.jpeg\" class=\"attachment-thumbnail size-thumbnail\" alt=\"\" \/><\/a> <a href=\"https:\/\/lalmachine.com\/wp-content\/uploads\/2025\/03\/380F523F-AB04-4FC2-A845-D320BC6B101A_1_201_a.jpeg\"><img loading=\"lazy\" decoding=\"async\" width=\"96\" height=\"96\" src=\"https:\/\/lalmachine.com\/wp-content\/uploads\/2025\/03\/380F523F-AB04-4FC2-A845-D320BC6B101A_1_201_a.jpeg\" class=\"attachment-thumbnail size-thumbnail\" alt=\"\" \/><\/a> <a href=\"https:\/\/lalmachine.com\/wp-content\/uploads\/2025\/03\/4B53F87E-1D4B-4110-B4B3-CF78260760FC_1_201_a-scaled.jpeg\"><img loading=\"lazy\" decoding=\"async\" width=\"96\" height=\"96\" src=\"https:\/\/lalmachine.com\/wp-content\/uploads\/2025\/03\/4B53F87E-1D4B-4110-B4B3-CF78260760FC_1_201_a-scaled.jpeg\" class=\"attachment-thumbnail size-thumbnail\" alt=\"\" \/><\/a> <a href=\"https:\/\/lalmachine.com\/wp-content\/uploads\/2025\/03\/082ED967-781C-424E-BCAF-17E051C13660_1_201_a-scaled.jpeg\"><img loading=\"lazy\" decoding=\"async\" width=\"96\" height=\"96\" src=\"https:\/\/lalmachine.com\/wp-content\/uploads\/2025\/03\/082ED967-781C-424E-BCAF-17E051C13660_1_201_a-scaled.jpeg\" class=\"attachment-thumbnail size-thumbnail\" alt=\"\" \/><\/a> <a href=\"https:\/\/lalmachine.com\/wp-content\/uploads\/2025\/03\/36B3B164-F16C-4865-A0F7-762794F6C44D_1_201_a-scaled.jpeg\"><img loading=\"lazy\" decoding=\"async\" width=\"96\" height=\"96\" src=\"https:\/\/lalmachine.com\/wp-content\/uploads\/2025\/03\/36B3B164-F16C-4865-A0F7-762794F6C44D_1_201_a-scaled.jpeg\" class=\"attachment-thumbnail size-thumbnail\" alt=\"\" \/><\/a> <a href=\"https:\/\/lalmachine.com\/wp-content\/uploads\/2025\/03\/DCCFAAF2-FCD3-4B00-A856-9C763E44BF72_1_201_a-scaled.jpeg\"><img loading=\"lazy\" decoding=\"async\" width=\"96\" height=\"96\" src=\"https:\/\/lalmachine.com\/wp-content\/uploads\/2025\/03\/DCCFAAF2-FCD3-4B00-A856-9C763E44BF72_1_201_a-scaled.jpeg\" class=\"attachment-thumbnail size-thumbnail\" alt=\"\" \/><\/a> <\/li>        <li class=\"wpuf-field-data wpuf-field-data-numeric_text_field\">\n                            <label>Prix:<\/label>\n                        390        <\/li>\n                <li class=\"wpuf-field-data wpuf-field-data-numeric_text_field\">\n                            <label>Quantit\u00e9:<\/label>\n                        0        <\/li>\n                <li class=\"wpuf-field-data wpuf-field-data-numeric_text_field\">\n                            <label>Hauteur (cm):<\/label>\n                        38        <\/li>\n                <li class=\"wpuf-field-data wpuf-field-data-numeric_text_field\">\n                            <label>Largeur (cm):<\/label>\n                        29        <\/li>\n                <li class=\"wpuf-field-data wpuf-field-data-numeric_text_field\">\n                            <label>Profondeur (cm):<\/label>\n                        38        <\/li>\n        <\/ul>","protected":false},"excerpt":{"rendered":"<p>Une ode \u00e0 la s\u00e9r\u00e9nit\u00e9.<\/p>\n<p>Une bande de contreplaqu\u00e9 en h\u00eatre cintr\u00e9e, un abat-jour comme suspendu sous la structure, le tout solidaris\u00e9 par de petites tiges de bois, voil\u00e0 le tour est jou\u00e9, une applique japonisante illuminant d\u00e9licatement \u00e0 travers son abat-jour en coton.<\/p>\n<p>Le su\u00e9dois Jan Wickelgren est \u00e0 l\u2019origine de ces appliques au design chaleureux et d\u00e9pouill\u00e9 fabriqu\u00e9es par l\u2019entreprise su\u00e9doise Aneta.<\/p>","protected":false},"featured_media":344558,"template":"","meta":{"_et_pb_use_builder":"","_et_pb_old_content":"","_et_gb_content_width":""},"product_brand":[],"product_cat":[88,49],"product_tag":[],"proximite":[283,179],"class_list":{"0":"post-344537","1":"product","2":"type-product","3":"status-publish","4":"has-post-thumbnail","6":"product_cat-applique","7":"product_cat-eclairer","8":"pa_couleur-beige","9":"pa_etat-bon-etat","10":"pa_materiau-bois","11":"pa_style-scandinave","12":"proximite-riviera-pays-denhaut","13":"proximite-vaud","15":"first","16":"outofstock","17":"shipping-taxable","18":"purchasable","19":"product-type-simple"},"yoast_head":"<!-- This site is optimized with the Yoast SEO plugin v27.4 - https:\/\/yoast.com\/product\/yoast-seo-wordpress\/ -->\n<title>Paire d&#039;appliques en h\u00eatre, Jan Wickelgren, Aneta, Su\u00e8de, 1980&#039;s | lalmachine.com<\/title>\n<meta name=\"description\" content=\"Paire d&#039;appliques en h\u00eatre, Jan Wickelgren, Aneta, Su\u00e8de, 1980&#039;s\" \/>\n<meta name=\"robots\" content=\"index, follow, max-snippet:-1, max-image-preview:large, max-video-preview:-1\" \/>\n<link rel=\"canonical\" href=\"https:\/\/lalmachine.com\/de\/shop\/eclairer\/applique\/paire-dappliques-en-hetre-jan-wickelgren-aneta-suede-1980s\/\" \/>\n<meta property=\"og:locale\" content=\"de_DE\" \/>\n<meta property=\"og:type\" content=\"article\" \/>\n<meta property=\"og:title\" content=\"Paire d&#039;appliques en h\u00eatre, Jan Wickelgren, Aneta, Su\u00e8de, 1980&#039;s | lalmachine.com\" \/>\n<meta property=\"og:description\" content=\"Paire d&#039;appliques en h\u00eatre, Jan Wickelgren, Aneta, Su\u00e8de, 1980&#039;s\" \/>\n<meta property=\"og:url\" content=\"https:\/\/lalmachine.com\/de\/shop\/eclairer\/applique\/paire-dappliques-en-hetre-jan-wickelgren-aneta-suede-1980s\/\" \/>\n<meta property=\"og:site_name\" content=\"lalmachine.com\" \/>\n<meta property=\"article:publisher\" content=\"https:\/\/facebook.com\/lalmachine\" \/>\n<meta property=\"article:modified_time\" content=\"2025-08-24T21:56:56+00:00\" \/>\n<meta property=\"og:image\" content=\"https:\/\/lalmachine.com\/wp-content\/uploads\/2025\/03\/Applique-Wickelgren-Photoroom_clipped_rev_1.jpeg\" \/>\n\t<meta property=\"og:image:width\" content=\"2144\" \/>\n\t<meta property=\"og:image:height\" content=\"2144\" \/>\n\t<meta property=\"og:image:type\" content=\"image\/jpeg\" \/>\n<meta name=\"twitter:card\" content=\"summary_large_image\" \/>\n<script type=\"application\/ld+json\" class=\"yoast-schema-graph\">{\"@context\":\"https:\\\/\\\/schema.org\",\"@graph\":[{\"@type\":\"WebPage\",\"@id\":\"https:\\\/\\\/lalmachine.com\\\/shop\\\/eclairer\\\/applique\\\/paire-dappliques-en-hetre-jan-wickelgren-aneta-suede-1980s\\\/\",\"url\":\"https:\\\/\\\/lalmachine.com\\\/shop\\\/eclairer\\\/applique\\\/paire-dappliques-en-hetre-jan-wickelgren-aneta-suede-1980s\\\/\",\"name\":\"Paire d'appliques en h\u00eatre, Jan Wickelgren, Aneta, Su\u00e8de, 1980's | lalmachine.com\",\"isPartOf\":{\"@id\":\"https:\\\/\\\/lalmachine.com\\\/#website\"},\"primaryImageOfPage\":{\"@id\":\"https:\\\/\\\/lalmachine.com\\\/shop\\\/eclairer\\\/applique\\\/paire-dappliques-en-hetre-jan-wickelgren-aneta-suede-1980s\\\/#primaryimage\"},\"image\":{\"@id\":\"https:\\\/\\\/lalmachine.com\\\/shop\\\/eclairer\\\/applique\\\/paire-dappliques-en-hetre-jan-wickelgren-aneta-suede-1980s\\\/#primaryimage\"},\"thumbnailUrl\":\"https:\\\/\\\/lalmachine.com\\\/wp-content\\\/uploads\\\/2025\\\/03\\\/Applique-Wickelgren-Photoroom_clipped_rev_1.jpeg\",\"datePublished\":\"2025-03-26T15:59:50+00:00\",\"dateModified\":\"2025-08-24T21:56:56+00:00\",\"description\":\"Paire d'appliques en h\u00eatre, Jan Wickelgren, Aneta, Su\u00e8de, 1980's\",\"breadcrumb\":{\"@id\":\"https:\\\/\\\/lalmachine.com\\\/shop\\\/eclairer\\\/applique\\\/paire-dappliques-en-hetre-jan-wickelgren-aneta-suede-1980s\\\/#breadcrumb\"},\"inLanguage\":\"de\",\"potentialAction\":[{\"@type\":\"ReadAction\",\"target\":[\"https:\\\/\\\/lalmachine.com\\\/shop\\\/eclairer\\\/applique\\\/paire-dappliques-en-hetre-jan-wickelgren-aneta-suede-1980s\\\/\"]}]},{\"@type\":\"ImageObject\",\"inLanguage\":\"de\",\"@id\":\"https:\\\/\\\/lalmachine.com\\\/shop\\\/eclairer\\\/applique\\\/paire-dappliques-en-hetre-jan-wickelgren-aneta-suede-1980s\\\/#primaryimage\",\"url\":\"https:\\\/\\\/lalmachine.com\\\/wp-content\\\/uploads\\\/2025\\\/03\\\/Applique-Wickelgren-Photoroom_clipped_rev_1.jpeg\",\"contentUrl\":\"https:\\\/\\\/lalmachine.com\\\/wp-content\\\/uploads\\\/2025\\\/03\\\/Applique-Wickelgren-Photoroom_clipped_rev_1.jpeg\",\"width\":2144,\"height\":2144,\"caption\":\"Paire d'appliques en h\u00eatre Jan Wickelgren\"},{\"@type\":\"BreadcrumbList\",\"@id\":\"https:\\\/\\\/lalmachine.com\\\/shop\\\/eclairer\\\/applique\\\/paire-dappliques-en-hetre-jan-wickelgren-aneta-suede-1980s\\\/#breadcrumb\",\"itemListElement\":[{\"@type\":\"ListItem\",\"position\":1,\"name\":\"Accueil\",\"item\":\"https:\\\/\\\/lalmachine.com\\\/\"},{\"@type\":\"ListItem\",\"position\":2,\"name\":\"Shop\",\"item\":\"https:\\\/\\\/lalmachine.com\\\/shop\\\/\"},{\"@type\":\"ListItem\",\"position\":3,\"name\":\"Paire d&#8217;appliques en h\u00eatre, Jan Wickelgren, Aneta, Su\u00e8de, 1980&#8217;s\"}]},{\"@type\":\"WebSite\",\"@id\":\"https:\\\/\\\/lalmachine.com\\\/#website\",\"url\":\"https:\\\/\\\/lalmachine.com\\\/\",\"name\":\"lalmachine.com\",\"description\":\"Brocante en ligne Suisse | Mobilier et objets d\u00e9co vintage et design\",\"potentialAction\":[{\"@type\":\"SearchAction\",\"target\":{\"@type\":\"EntryPoint\",\"urlTemplate\":\"https:\\\/\\\/lalmachine.com\\\/?s={search_term_string}\"},\"query-input\":{\"@type\":\"PropertyValueSpecification\",\"valueRequired\":true,\"valueName\":\"search_term_string\"}}],\"inLanguage\":\"de\"}]}<\/script>\n<!-- \/ Yoast SEO plugin. -->","yoast_head_json":{"title":"Paire d'appliques en h\u00eatre, Jan Wickelgren, Aneta, Su\u00e8de, 1980's | lalmachine.com","description":"Paire d'appliques en h\u00eatre, Jan Wickelgren, Aneta, Su\u00e8de, 1980's","robots":{"index":"index","follow":"follow","max-snippet":"max-snippet:-1","max-image-preview":"max-image-preview:large","max-video-preview":"max-video-preview:-1"},"canonical":"https:\/\/lalmachine.com\/de\/shop\/eclairer\/applique\/paire-dappliques-en-hetre-jan-wickelgren-aneta-suede-1980s\/","og_locale":"de_DE","og_type":"article","og_title":"Paire d'appliques en h\u00eatre, Jan Wickelgren, Aneta, Su\u00e8de, 1980's | lalmachine.com","og_description":"Paire d'appliques en h\u00eatre, Jan Wickelgren, Aneta, Su\u00e8de, 1980's","og_url":"https:\/\/lalmachine.com\/de\/shop\/eclairer\/applique\/paire-dappliques-en-hetre-jan-wickelgren-aneta-suede-1980s\/","og_site_name":"lalmachine.com","article_publisher":"https:\/\/facebook.com\/lalmachine","article_modified_time":"2025-08-24T21:56:56+00:00","og_image":[{"width":2144,"height":2144,"url":"https:\/\/lalmachine.com\/wp-content\/uploads\/2025\/03\/Applique-Wickelgren-Photoroom_clipped_rev_1.jpeg","type":"image\/jpeg"}],"twitter_card":"summary_large_image","schema":{"@context":"https:\/\/schema.org","@graph":[{"@type":"WebPage","@id":"https:\/\/lalmachine.com\/shop\/eclairer\/applique\/paire-dappliques-en-hetre-jan-wickelgren-aneta-suede-1980s\/","url":"https:\/\/lalmachine.com\/shop\/eclairer\/applique\/paire-dappliques-en-hetre-jan-wickelgren-aneta-suede-1980s\/","name":"Paire d'appliques en h\u00eatre, Jan Wickelgren, Aneta, Su\u00e8de, 1980's | lalmachine.com","isPartOf":{"@id":"https:\/\/lalmachine.com\/#website"},"primaryImageOfPage":{"@id":"https:\/\/lalmachine.com\/shop\/eclairer\/applique\/paire-dappliques-en-hetre-jan-wickelgren-aneta-suede-1980s\/#primaryimage"},"image":{"@id":"https:\/\/lalmachine.com\/shop\/eclairer\/applique\/paire-dappliques-en-hetre-jan-wickelgren-aneta-suede-1980s\/#primaryimage"},"thumbnailUrl":"https:\/\/lalmachine.com\/wp-content\/uploads\/2025\/03\/Applique-Wickelgren-Photoroom_clipped_rev_1.jpeg","datePublished":"2025-03-26T15:59:50+00:00","dateModified":"2025-08-24T21:56:56+00:00","description":"Paire d'appliques en h\u00eatre, Jan Wickelgren, Aneta, Su\u00e8de, 1980's","breadcrumb":{"@id":"https:\/\/lalmachine.com\/shop\/eclairer\/applique\/paire-dappliques-en-hetre-jan-wickelgren-aneta-suede-1980s\/#breadcrumb"},"inLanguage":"de","potentialAction":[{"@type":"ReadAction","target":["https:\/\/lalmachine.com\/shop\/eclairer\/applique\/paire-dappliques-en-hetre-jan-wickelgren-aneta-suede-1980s\/"]}]},{"@type":"ImageObject","inLanguage":"de","@id":"https:\/\/lalmachine.com\/shop\/eclairer\/applique\/paire-dappliques-en-hetre-jan-wickelgren-aneta-suede-1980s\/#primaryimage","url":"https:\/\/lalmachine.com\/wp-content\/uploads\/2025\/03\/Applique-Wickelgren-Photoroom_clipped_rev_1.jpeg","contentUrl":"https:\/\/lalmachine.com\/wp-content\/uploads\/2025\/03\/Applique-Wickelgren-Photoroom_clipped_rev_1.jpeg","width":2144,"height":2144,"caption":"Paire d'appliques en h\u00eatre Jan Wickelgren"},{"@type":"BreadcrumbList","@id":"https:\/\/lalmachine.com\/shop\/eclairer\/applique\/paire-dappliques-en-hetre-jan-wickelgren-aneta-suede-1980s\/#breadcrumb","itemListElement":[{"@type":"ListItem","position":1,"name":"Accueil","item":"https:\/\/lalmachine.com\/"},{"@type":"ListItem","position":2,"name":"Shop","item":"https:\/\/lalmachine.com\/shop\/"},{"@type":"ListItem","position":3,"name":"Paire d&#8217;appliques en h\u00eatre, Jan Wickelgren, Aneta, Su\u00e8de, 1980&#8217;s"}]},{"@type":"WebSite","@id":"https:\/\/lalmachine.com\/#website","url":"https:\/\/lalmachine.com\/","name":"lalmachine.com","description":"Brocante en ligne Suisse | Mobilier et objets d\u00e9co vintage et design","potentialAction":[{"@type":"SearchAction","target":{"@type":"EntryPoint","urlTemplate":"https:\/\/lalmachine.com\/?s={search_term_string}"},"query-input":{"@type":"PropertyValueSpecification","valueRequired":true,"valueName":"search_term_string"}}],"inLanguage":"de"}]}},"_links":{"self":[{"href":"https:\/\/lalmachine.com\/de\/wp-json\/wp\/v2\/product\/344537","targetHints":{"allow":["GET"]}}],"collection":[{"href":"https:\/\/lalmachine.com\/de\/wp-json\/wp\/v2\/product"}],"about":[{"href":"https:\/\/lalmachine.com\/de\/wp-json\/wp\/v2\/types\/product"}],"wp:featuredmedia":[{"embeddable":true,"href":"https:\/\/lalmachine.com\/de\/wp-json\/wp\/v2\/media\/344558"}],"wp:attachment":[{"href":"https:\/\/lalmachine.com\/de\/wp-json\/wp\/v2\/media?parent=344537"}],"wp:term":[{"taxonomy":"product_brand","embeddable":true,"href":"https:\/\/lalmachine.com\/de\/wp-json\/wp\/v2\/product_brand?post=344537"},{"taxonomy":"product_cat","embeddable":true,"href":"https:\/\/lalmachine.com\/de\/wp-json\/wp\/v2\/product_cat?post=344537"},{"taxonomy":"product_tag","embeddable":true,"href":"https:\/\/lalmachine.com\/de\/wp-json\/wp\/v2\/product_tag?post=344537"},{"taxonomy":"proximite","embeddable":true,"href":"https:\/\/lalmachine.com\/de\/wp-json\/wp\/v2\/proximite?post=344537"}],"curies":[{"name":"wp","href":"https:\/\/api.w.org\/{rel}","templated":true}]}}