{"id":345039,"date":"2025-04-07T10:30:21","date_gmt":"2025-04-07T08:30:21","guid":{"rendered":"https:\/\/lalmachine.com\/?post_type=product&#038;p=345039"},"modified":"2025-09-01T21:26:26","modified_gmt":"2025-09-01T19:26:26","slug":"lampe-artemide-modele-pipe-par-herzog-et-de-meuron","status":"publish","type":"product","link":"https:\/\/lalmachine.com\/de\/shop\/eclairer\/applique\/lampe-artemide-modele-pipe-par-herzog-et-de-meuron\/","title":{"rendered":"Lampe Artemide, mod\u00e8le Pipe par Herzog et De Meuron"},"content":{"rendered":"<ul class=\"wpuf_customs\"><li style=\"list-style-type:none;\"><label>Autres photos:<\/label> <a href=\"https:\/\/lalmachine.com\/wp-content\/uploads\/2025\/04\/IMG_5900-scaled.jpeg\"><img loading=\"lazy\" decoding=\"async\" width=\"72\" height=\"96\" src=\"https:\/\/lalmachine.com\/wp-content\/uploads\/2025\/04\/IMG_5900-scaled.jpeg\" class=\"attachment-thumbnail size-thumbnail\" alt=\"\" \/><\/a> <a href=\"https:\/\/lalmachine.com\/wp-content\/uploads\/2025\/04\/IMG_5901-scaled.jpeg\"><img loading=\"lazy\" decoding=\"async\" width=\"72\" height=\"96\" src=\"https:\/\/lalmachine.com\/wp-content\/uploads\/2025\/04\/IMG_5901-scaled.jpeg\" class=\"attachment-thumbnail size-thumbnail\" alt=\"\" \/><\/a> <a href=\"https:\/\/lalmachine.com\/wp-content\/uploads\/2025\/04\/IMG_5814-scaled.jpeg\"><img loading=\"lazy\" decoding=\"async\" width=\"128\" height=\"96\" src=\"https:\/\/lalmachine.com\/wp-content\/uploads\/2025\/04\/IMG_5814-scaled.jpeg\" class=\"attachment-thumbnail size-thumbnail\" alt=\"\" \/><\/a> <a href=\"https:\/\/lalmachine.com\/wp-content\/uploads\/2025\/04\/IMG_5772.png\"><img loading=\"lazy\" decoding=\"async\" width=\"44\" height=\"96\" src=\"https:\/\/lalmachine.com\/wp-content\/uploads\/2025\/04\/IMG_5772.png\" class=\"attachment-thumbnail size-thumbnail\" alt=\"\" \/><\/a> <a href=\"https:\/\/lalmachine.com\/wp-content\/uploads\/2025\/04\/IMG_5765.png\"><img loading=\"lazy\" decoding=\"async\" width=\"44\" height=\"96\" src=\"https:\/\/lalmachine.com\/wp-content\/uploads\/2025\/04\/IMG_5765.png\" class=\"attachment-thumbnail size-thumbnail\" alt=\"\" \/><\/a> <\/li>        <li class=\"wpuf-field-data wpuf-field-data-numeric_text_field\">\n                            <label>Prix:<\/label>\n                        140        <\/li>\n                <li class=\"wpuf-field-data wpuf-field-data-numeric_text_field\">\n                            <label>Hauteur (cm):<\/label>\n                        138        <\/li>\n                <li class=\"wpuf-field-data wpuf-field-data-numeric_text_field\">\n                            <label>Largeur (cm):<\/label>\n                        21        <\/li>\n                <li class=\"wpuf-field-data wpuf-field-data-numeric_text_field\">\n                            <label>Profondeur (cm):<\/label>\n                        21        <\/li>\n        <\/ul>","protected":false},"excerpt":{"rendered":"<p>Le mod\u00e8le Pipe a \u00e9t\u00e9 con\u00e7u par Herzog &amp; de Meuron pour Artemide. Ce mod\u00e8le est un plafonnier flexible et orientable. Pipe est \u00e9quip\u00e9e d\u2019un r\u00e9flecteur micro perfor\u00e9 qui, non content d\u2019am\u00e9liorer la qualit\u00e9 d\u2019\u00e9clairage de l\u2019espace, enrichit \u00e9galement le design de l\u2019objet qui appara\u00eet ainsi constell\u00e9 de points de lumi\u00e8re aux dimensions variables. Mat\u00e9riaux : structure en acier flexible peint, rev\u00eatue d\u2019une gaine en silicone naturelle (anti-jaunissement). Support applique et diffuseur en polycarbonate transparent peint effet caoutchouc. R\u00e9flecteur en aluminium sp\u00e9culaire micro perfor\u00e9.<br \/>\nLa source lumineuse est de type fluorescente (une ampoule neuve est fournie).<br \/>\nC\u2019est lampe est dans un \u00e9tat correct \u00e0 bon. On peut not\u00e9 une usure, des griffures l\u00e9g\u00e8res. Le silicone est en bon \u00e9tat. Pas de fissure et enti\u00e8rement fonctionnelle, c\u2019est un mod\u00e8le ancien et assez rare. Sa taille la rend sculpturale et ludique par sa mobilit\u00e9.<\/p>","protected":false},"featured_media":345045,"template":"","meta":{"_et_pb_use_builder":"","_et_pb_old_content":"","_et_gb_content_width":""},"product_brand":[],"product_cat":[88,49],"product_tag":[],"proximite":[278,179],"class_list":{"0":"post-345039","1":"product","2":"type-product","3":"status-publish","4":"has-post-thumbnail","6":"product_cat-applique","7":"product_cat-eclairer","8":"product_shipping_class-envoi-par-la-poste-en-suisse-40-chf","9":"pa_couleur-blanc","10":"pa_etat-dans-son-jus","11":"pa_materiau-plastique","12":"pa_style-design","13":"proximite-lausanne","14":"proximite-vaud","16":"first","17":"outofstock","18":"shipping-taxable","19":"purchasable","20":"product-type-simple"},"yoast_head":"<!-- This site is optimized with the Yoast SEO plugin v27.4 - https:\/\/yoast.com\/product\/yoast-seo-wordpress\/ -->\n<title>Lampe Artemide, mod\u00e8le Pipe par Herzog et De Meuron | lalmachine.com<\/title>\n<meta name=\"description\" content=\"Le mod\u00e8le Pipe a \u00e9t\u00e9 con\u00e7u par Herzog &amp; de Meuron pour Artemide. Ce mod\u00e8le est un plafonnier flexible et orientable.\" \/>\n<meta name=\"robots\" content=\"index, follow, max-snippet:-1, max-image-preview:large, max-video-preview:-1\" \/>\n<link rel=\"canonical\" href=\"https:\/\/lalmachine.com\/de\/shop\/eclairer\/applique\/lampe-artemide-modele-pipe-par-herzog-et-de-meuron\/\" \/>\n<meta property=\"og:locale\" content=\"de_DE\" \/>\n<meta property=\"og:type\" content=\"article\" \/>\n<meta property=\"og:title\" content=\"Lampe Artemide, mod\u00e8le Pipe par Herzog et De Meuron | lalmachine.com\" \/>\n<meta property=\"og:description\" content=\"Le mod\u00e8le Pipe a \u00e9t\u00e9 con\u00e7u par Herzog &amp; de Meuron pour Artemide. Ce mod\u00e8le est un plafonnier flexible et orientable.\" \/>\n<meta property=\"og:url\" content=\"https:\/\/lalmachine.com\/de\/shop\/eclairer\/applique\/lampe-artemide-modele-pipe-par-herzog-et-de-meuron\/\" \/>\n<meta property=\"og:site_name\" content=\"lalmachine.com\" \/>\n<meta property=\"article:publisher\" content=\"https:\/\/facebook.com\/lalmachine\" \/>\n<meta property=\"article:modified_time\" content=\"2025-09-01T19:26:26+00:00\" \/>\n<meta property=\"og:image\" content=\"https:\/\/lalmachine.com\/wp-content\/uploads\/2025\/04\/IMG_5899-scaled_clipped_rev_1-scaled.jpeg\" \/>\n\t<meta property=\"og:image:width\" content=\"2560\" \/>\n\t<meta property=\"og:image:height\" content=\"2560\" \/>\n\t<meta property=\"og:image:type\" content=\"image\/jpeg\" \/>\n<meta name=\"twitter:card\" content=\"summary_large_image\" \/>\n<script type=\"application\/ld+json\" class=\"yoast-schema-graph\">{\"@context\":\"https:\\\/\\\/schema.org\",\"@graph\":[{\"@type\":\"WebPage\",\"@id\":\"https:\\\/\\\/lalmachine.com\\\/shop\\\/eclairer\\\/applique\\\/lampe-artemide-modele-pipe-par-herzog-et-de-meuron\\\/\",\"url\":\"https:\\\/\\\/lalmachine.com\\\/shop\\\/eclairer\\\/applique\\\/lampe-artemide-modele-pipe-par-herzog-et-de-meuron\\\/\",\"name\":\"Lampe Artemide, mod\u00e8le Pipe par Herzog et De Meuron | lalmachine.com\",\"isPartOf\":{\"@id\":\"https:\\\/\\\/lalmachine.com\\\/#website\"},\"primaryImageOfPage\":{\"@id\":\"https:\\\/\\\/lalmachine.com\\\/shop\\\/eclairer\\\/applique\\\/lampe-artemide-modele-pipe-par-herzog-et-de-meuron\\\/#primaryimage\"},\"image\":{\"@id\":\"https:\\\/\\\/lalmachine.com\\\/shop\\\/eclairer\\\/applique\\\/lampe-artemide-modele-pipe-par-herzog-et-de-meuron\\\/#primaryimage\"},\"thumbnailUrl\":\"https:\\\/\\\/lalmachine.com\\\/wp-content\\\/uploads\\\/2025\\\/04\\\/IMG_5899-scaled_clipped_rev_1-scaled.jpeg\",\"datePublished\":\"2025-04-07T08:30:21+00:00\",\"dateModified\":\"2025-09-01T19:26:26+00:00\",\"description\":\"Le mod\u00e8le Pipe a \u00e9t\u00e9 con\u00e7u par Herzog & de Meuron pour Artemide. Ce mod\u00e8le est un plafonnier flexible et orientable.\",\"breadcrumb\":{\"@id\":\"https:\\\/\\\/lalmachine.com\\\/shop\\\/eclairer\\\/applique\\\/lampe-artemide-modele-pipe-par-herzog-et-de-meuron\\\/#breadcrumb\"},\"inLanguage\":\"de\",\"potentialAction\":[{\"@type\":\"ReadAction\",\"target\":[\"https:\\\/\\\/lalmachine.com\\\/shop\\\/eclairer\\\/applique\\\/lampe-artemide-modele-pipe-par-herzog-et-de-meuron\\\/\"]}]},{\"@type\":\"ImageObject\",\"inLanguage\":\"de\",\"@id\":\"https:\\\/\\\/lalmachine.com\\\/shop\\\/eclairer\\\/applique\\\/lampe-artemide-modele-pipe-par-herzog-et-de-meuron\\\/#primaryimage\",\"url\":\"https:\\\/\\\/lalmachine.com\\\/wp-content\\\/uploads\\\/2025\\\/04\\\/IMG_5899-scaled_clipped_rev_1-scaled.jpeg\",\"contentUrl\":\"https:\\\/\\\/lalmachine.com\\\/wp-content\\\/uploads\\\/2025\\\/04\\\/IMG_5899-scaled_clipped_rev_1-scaled.jpeg\",\"width\":2560,\"height\":2560,\"caption\":\"Lampe Artemide mod\u00e8le Pipe con\u00e7ue par Herzog et De Meuron\"},{\"@type\":\"BreadcrumbList\",\"@id\":\"https:\\\/\\\/lalmachine.com\\\/shop\\\/eclairer\\\/applique\\\/lampe-artemide-modele-pipe-par-herzog-et-de-meuron\\\/#breadcrumb\",\"itemListElement\":[{\"@type\":\"ListItem\",\"position\":1,\"name\":\"Accueil\",\"item\":\"https:\\\/\\\/lalmachine.com\\\/\"},{\"@type\":\"ListItem\",\"position\":2,\"name\":\"Shop\",\"item\":\"https:\\\/\\\/lalmachine.com\\\/shop\\\/\"},{\"@type\":\"ListItem\",\"position\":3,\"name\":\"Lampe Artemide, mod\u00e8le Pipe par Herzog et De Meuron\"}]},{\"@type\":\"WebSite\",\"@id\":\"https:\\\/\\\/lalmachine.com\\\/#website\",\"url\":\"https:\\\/\\\/lalmachine.com\\\/\",\"name\":\"lalmachine.com\",\"description\":\"Brocante en ligne Suisse | Mobilier et objets d\u00e9co vintage et design\",\"potentialAction\":[{\"@type\":\"SearchAction\",\"target\":{\"@type\":\"EntryPoint\",\"urlTemplate\":\"https:\\\/\\\/lalmachine.com\\\/?s={search_term_string}\"},\"query-input\":{\"@type\":\"PropertyValueSpecification\",\"valueRequired\":true,\"valueName\":\"search_term_string\"}}],\"inLanguage\":\"de\"}]}<\/script>\n<!-- \/ Yoast SEO plugin. -->","yoast_head_json":{"title":"Lampe Artemide, mod\u00e8le Pipe par Herzog et De Meuron | lalmachine.com","description":"Le mod\u00e8le Pipe a \u00e9t\u00e9 con\u00e7u par Herzog & de Meuron pour Artemide. Ce mod\u00e8le est un plafonnier flexible et orientable.","robots":{"index":"index","follow":"follow","max-snippet":"max-snippet:-1","max-image-preview":"max-image-preview:large","max-video-preview":"max-video-preview:-1"},"canonical":"https:\/\/lalmachine.com\/de\/shop\/eclairer\/applique\/lampe-artemide-modele-pipe-par-herzog-et-de-meuron\/","og_locale":"de_DE","og_type":"article","og_title":"Lampe Artemide, mod\u00e8le Pipe par Herzog et De Meuron | lalmachine.com","og_description":"Le mod\u00e8le Pipe a \u00e9t\u00e9 con\u00e7u par Herzog & de Meuron pour Artemide. Ce mod\u00e8le est un plafonnier flexible et orientable.","og_url":"https:\/\/lalmachine.com\/de\/shop\/eclairer\/applique\/lampe-artemide-modele-pipe-par-herzog-et-de-meuron\/","og_site_name":"lalmachine.com","article_publisher":"https:\/\/facebook.com\/lalmachine","article_modified_time":"2025-09-01T19:26:26+00:00","og_image":[{"width":2560,"height":2560,"url":"https:\/\/lalmachine.com\/wp-content\/uploads\/2025\/04\/IMG_5899-scaled_clipped_rev_1-scaled.jpeg","type":"image\/jpeg"}],"twitter_card":"summary_large_image","schema":{"@context":"https:\/\/schema.org","@graph":[{"@type":"WebPage","@id":"https:\/\/lalmachine.com\/shop\/eclairer\/applique\/lampe-artemide-modele-pipe-par-herzog-et-de-meuron\/","url":"https:\/\/lalmachine.com\/shop\/eclairer\/applique\/lampe-artemide-modele-pipe-par-herzog-et-de-meuron\/","name":"Lampe Artemide, mod\u00e8le Pipe par Herzog et De Meuron | lalmachine.com","isPartOf":{"@id":"https:\/\/lalmachine.com\/#website"},"primaryImageOfPage":{"@id":"https:\/\/lalmachine.com\/shop\/eclairer\/applique\/lampe-artemide-modele-pipe-par-herzog-et-de-meuron\/#primaryimage"},"image":{"@id":"https:\/\/lalmachine.com\/shop\/eclairer\/applique\/lampe-artemide-modele-pipe-par-herzog-et-de-meuron\/#primaryimage"},"thumbnailUrl":"https:\/\/lalmachine.com\/wp-content\/uploads\/2025\/04\/IMG_5899-scaled_clipped_rev_1-scaled.jpeg","datePublished":"2025-04-07T08:30:21+00:00","dateModified":"2025-09-01T19:26:26+00:00","description":"Le mod\u00e8le Pipe a \u00e9t\u00e9 con\u00e7u par Herzog & de Meuron pour Artemide. Ce mod\u00e8le est un plafonnier flexible et orientable.","breadcrumb":{"@id":"https:\/\/lalmachine.com\/shop\/eclairer\/applique\/lampe-artemide-modele-pipe-par-herzog-et-de-meuron\/#breadcrumb"},"inLanguage":"de","potentialAction":[{"@type":"ReadAction","target":["https:\/\/lalmachine.com\/shop\/eclairer\/applique\/lampe-artemide-modele-pipe-par-herzog-et-de-meuron\/"]}]},{"@type":"ImageObject","inLanguage":"de","@id":"https:\/\/lalmachine.com\/shop\/eclairer\/applique\/lampe-artemide-modele-pipe-par-herzog-et-de-meuron\/#primaryimage","url":"https:\/\/lalmachine.com\/wp-content\/uploads\/2025\/04\/IMG_5899-scaled_clipped_rev_1-scaled.jpeg","contentUrl":"https:\/\/lalmachine.com\/wp-content\/uploads\/2025\/04\/IMG_5899-scaled_clipped_rev_1-scaled.jpeg","width":2560,"height":2560,"caption":"Lampe Artemide mod\u00e8le Pipe con\u00e7ue par Herzog et De Meuron"},{"@type":"BreadcrumbList","@id":"https:\/\/lalmachine.com\/shop\/eclairer\/applique\/lampe-artemide-modele-pipe-par-herzog-et-de-meuron\/#breadcrumb","itemListElement":[{"@type":"ListItem","position":1,"name":"Accueil","item":"https:\/\/lalmachine.com\/"},{"@type":"ListItem","position":2,"name":"Shop","item":"https:\/\/lalmachine.com\/shop\/"},{"@type":"ListItem","position":3,"name":"Lampe Artemide, mod\u00e8le Pipe par Herzog et De Meuron"}]},{"@type":"WebSite","@id":"https:\/\/lalmachine.com\/#website","url":"https:\/\/lalmachine.com\/","name":"lalmachine.com","description":"Brocante en ligne Suisse | Mobilier et objets d\u00e9co vintage et design","potentialAction":[{"@type":"SearchAction","target":{"@type":"EntryPoint","urlTemplate":"https:\/\/lalmachine.com\/?s={search_term_string}"},"query-input":{"@type":"PropertyValueSpecification","valueRequired":true,"valueName":"search_term_string"}}],"inLanguage":"de"}]}},"_links":{"self":[{"href":"https:\/\/lalmachine.com\/de\/wp-json\/wp\/v2\/product\/345039","targetHints":{"allow":["GET"]}}],"collection":[{"href":"https:\/\/lalmachine.com\/de\/wp-json\/wp\/v2\/product"}],"about":[{"href":"https:\/\/lalmachine.com\/de\/wp-json\/wp\/v2\/types\/product"}],"wp:featuredmedia":[{"embeddable":true,"href":"https:\/\/lalmachine.com\/de\/wp-json\/wp\/v2\/media\/345045"}],"wp:attachment":[{"href":"https:\/\/lalmachine.com\/de\/wp-json\/wp\/v2\/media?parent=345039"}],"wp:term":[{"taxonomy":"product_brand","embeddable":true,"href":"https:\/\/lalmachine.com\/de\/wp-json\/wp\/v2\/product_brand?post=345039"},{"taxonomy":"product_cat","embeddable":true,"href":"https:\/\/lalmachine.com\/de\/wp-json\/wp\/v2\/product_cat?post=345039"},{"taxonomy":"product_tag","embeddable":true,"href":"https:\/\/lalmachine.com\/de\/wp-json\/wp\/v2\/product_tag?post=345039"},{"taxonomy":"proximite","embeddable":true,"href":"https:\/\/lalmachine.com\/de\/wp-json\/wp\/v2\/proximite?post=345039"}],"curies":[{"name":"wp","href":"https:\/\/api.w.org\/{rel}","templated":true}]}}