{"id":345163,"date":"2025-04-14T16:49:48","date_gmt":"2025-04-14T14:49:48","guid":{"rendered":"https:\/\/lalmachine.com\/?post_type=product&#038;p=345163"},"modified":"2025-04-14T16:49:49","modified_gmt":"2025-04-14T14:49:49","slug":"pichet-ou-vase-vintage-en-ceramique-1960","status":"publish","type":"product","link":"https:\/\/lalmachine.com\/de\/shop\/decorer\/vase-ceramique\/pichet-ou-vase-vintage-en-ceramique-1960\/","title":{"rendered":"Pichet ou vase vintage en c\u00e9ramique 1960"},"content":{"rendered":"<ul class=\"wpuf_customs\"><li style=\"list-style-type:none;\"><label>Autres photos:<\/label> <a href=\"https:\/\/lalmachine.com\/wp-content\/uploads\/2025\/04\/IMG_7333-scaled.jpeg\"><img loading=\"lazy\" decoding=\"async\" width=\"72\" height=\"96\" src=\"https:\/\/lalmachine.com\/wp-content\/uploads\/2025\/04\/IMG_7333-scaled.jpeg\" class=\"attachment-thumbnail size-thumbnail\" alt=\"\" \/><\/a> <a href=\"https:\/\/lalmachine.com\/wp-content\/uploads\/2025\/04\/IMG_7339-scaled.jpeg\"><img loading=\"lazy\" decoding=\"async\" width=\"72\" height=\"96\" src=\"https:\/\/lalmachine.com\/wp-content\/uploads\/2025\/04\/IMG_7339-scaled.jpeg\" class=\"attachment-thumbnail size-thumbnail\" alt=\"\" \/><\/a> <a href=\"https:\/\/lalmachine.com\/wp-content\/uploads\/2025\/04\/IMG_7342-scaled.jpeg\"><img loading=\"lazy\" decoding=\"async\" width=\"72\" height=\"96\" src=\"https:\/\/lalmachine.com\/wp-content\/uploads\/2025\/04\/IMG_7342-scaled.jpeg\" class=\"attachment-thumbnail size-thumbnail\" alt=\"\" \/><\/a> <a href=\"https:\/\/lalmachine.com\/wp-content\/uploads\/2025\/04\/IMG_7340-scaled.jpeg\"><img loading=\"lazy\" decoding=\"async\" width=\"72\" height=\"96\" src=\"https:\/\/lalmachine.com\/wp-content\/uploads\/2025\/04\/IMG_7340-scaled.jpeg\" class=\"attachment-thumbnail size-thumbnail\" alt=\"\" \/><\/a> <a href=\"https:\/\/lalmachine.com\/wp-content\/uploads\/2025\/04\/IMG_7335-scaled.jpeg\"><img loading=\"lazy\" decoding=\"async\" width=\"72\" height=\"96\" src=\"https:\/\/lalmachine.com\/wp-content\/uploads\/2025\/04\/IMG_7335-scaled.jpeg\" class=\"attachment-thumbnail size-thumbnail\" alt=\"\" \/><\/a> <a href=\"https:\/\/lalmachine.com\/wp-content\/uploads\/2025\/04\/IMG_7334-scaled.jpeg\"><img loading=\"lazy\" decoding=\"async\" width=\"72\" height=\"96\" src=\"https:\/\/lalmachine.com\/wp-content\/uploads\/2025\/04\/IMG_7334-scaled.jpeg\" class=\"attachment-thumbnail size-thumbnail\" alt=\"\" \/><\/a> <\/li>        <li class=\"wpuf-field-data wpuf-field-data-numeric_text_field\">\n                            <label>Prix:<\/label>\n                        40        <\/li>\n                <li class=\"wpuf-field-data wpuf-field-data-numeric_text_field\">\n                            <label>Quantit\u00e9:<\/label>\n                        1        <\/li>\n                <li class=\"wpuf-field-data wpuf-field-data-numeric_text_field\">\n                            <label>Hauteur (cm):<\/label>\n                        21        <\/li>\n                <li class=\"wpuf-field-data wpuf-field-data-numeric_text_field\">\n                            <label>Largeur (cm):<\/label>\n                        11        <\/li>\n                <li class=\"wpuf-field-data wpuf-field-data-numeric_text_field\">\n                            <label>Profondeur (cm):<\/label>\n                        13        <\/li>\n        <\/ul>","protected":false},"excerpt":{"rendered":"<p>Il s\u2019agit d\u2019une tr\u00e8s belle pi\u00e8ce en c\u00e9ramique avec un \u00e9maillage color\u00e9 datant de 1960. Cet objet peut \u00eatre utilis\u00e9 comme pichet ou comme vase. Son origine est attribu\u00e9 aux ateliers du Chevaleret \u00e0 Paris, mais il a plus son autocollant.<br \/>\nOn peut not\u00e9 une usure normal et des mini d\u00e9faut d\u2019\u00e9maillage typique.<\/p>","protected":false},"featured_media":345238,"template":"","meta":{"_et_pb_use_builder":"","_et_pb_old_content":"","_et_gb_content_width":""},"product_brand":[],"product_cat":[50,400],"product_tag":[],"proximite":[278,179],"class_list":{"0":"post-345163","1":"product","2":"type-product","3":"status-publish","4":"has-post-thumbnail","6":"product_cat-decorer","7":"product_cat-vase-ceramique","8":"product_shipping_class-10-30-kg","9":"pa_couleur-multicolore","10":"pa_etat-bon-etat","11":"pa_materiau-ceramique","12":"pa_style-vintage","13":"proximite-lausanne","14":"proximite-vaud","16":"first","17":"instock","18":"shipping-taxable","19":"purchasable","20":"product-type-simple"},"yoast_head":"<!-- This site is optimized with the Yoast SEO plugin v27.3 - https:\/\/yoast.com\/product\/yoast-seo-wordpress\/ -->\n<title>Pichet ou vase vintage en c\u00e9ramique 1960 | lalmachine.com, mobilier et objets d\u00e9co vintage et design<\/title>\n<meta name=\"description\" content=\"Il s\u2019agit d\u2019une tr\u00e8s belle pi\u00e8ce en c\u00e9ramique avec un \u00e9maillage color\u00e9 datant de 1960. Cet objet peut \u00eatre utilis\u00e9 comme pichet ou comme vase.\" \/>\n<meta name=\"robots\" content=\"index, follow, max-snippet:-1, max-image-preview:large, max-video-preview:-1\" \/>\n<link rel=\"canonical\" href=\"https:\/\/lalmachine.com\/de\/shop\/decorer\/vase-ceramique\/pichet-ou-vase-vintage-en-ceramique-1960\/\" \/>\n<meta property=\"og:locale\" content=\"de_DE\" \/>\n<meta property=\"og:type\" content=\"article\" \/>\n<meta property=\"og:title\" content=\"Pichet ou vase vintage en c\u00e9ramique 1960 | lalmachine.com, mobilier et objets d\u00e9co vintage et design\" \/>\n<meta property=\"og:description\" content=\"Il s\u2019agit d\u2019une tr\u00e8s belle pi\u00e8ce en c\u00e9ramique avec un \u00e9maillage color\u00e9 datant de 1960. Cet objet peut \u00eatre utilis\u00e9 comme pichet ou comme vase.\" \/>\n<meta property=\"og:url\" content=\"https:\/\/lalmachine.com\/de\/shop\/decorer\/vase-ceramique\/pichet-ou-vase-vintage-en-ceramique-1960\/\" \/>\n<meta property=\"og:site_name\" content=\"lalmachine.com\" \/>\n<meta property=\"article:publisher\" content=\"https:\/\/facebook.com\/lalmachine\" \/>\n<meta property=\"article:modified_time\" content=\"2025-04-14T14:49:49+00:00\" \/>\n<meta property=\"og:image\" content=\"https:\/\/lalmachine.com\/wp-content\/uploads\/2025\/04\/IMG_7333-scaled_clipped_rev_1.jpeg\" \/>\n\t<meta property=\"og:image:width\" content=\"2100\" \/>\n\t<meta property=\"og:image:height\" content=\"2100\" \/>\n\t<meta property=\"og:image:type\" content=\"image\/jpeg\" \/>\n<meta name=\"twitter:card\" content=\"summary_large_image\" \/>\n<script type=\"application\/ld+json\" class=\"yoast-schema-graph\">{\"@context\":\"https:\\\/\\\/schema.org\",\"@graph\":[{\"@type\":\"WebPage\",\"@id\":\"https:\\\/\\\/lalmachine.com\\\/shop\\\/decorer\\\/vase-ceramique\\\/pichet-ou-vase-vintage-en-ceramique-1960\\\/\",\"url\":\"https:\\\/\\\/lalmachine.com\\\/shop\\\/decorer\\\/vase-ceramique\\\/pichet-ou-vase-vintage-en-ceramique-1960\\\/\",\"name\":\"Pichet ou vase vintage en c\u00e9ramique 1960 | lalmachine.com, mobilier et objets d\u00e9co vintage et design\",\"isPartOf\":{\"@id\":\"https:\\\/\\\/lalmachine.com\\\/#website\"},\"primaryImageOfPage\":{\"@id\":\"https:\\\/\\\/lalmachine.com\\\/shop\\\/decorer\\\/vase-ceramique\\\/pichet-ou-vase-vintage-en-ceramique-1960\\\/#primaryimage\"},\"image\":{\"@id\":\"https:\\\/\\\/lalmachine.com\\\/shop\\\/decorer\\\/vase-ceramique\\\/pichet-ou-vase-vintage-en-ceramique-1960\\\/#primaryimage\"},\"thumbnailUrl\":\"https:\\\/\\\/lalmachine.com\\\/wp-content\\\/uploads\\\/2025\\\/04\\\/IMG_7333-scaled_clipped_rev_1.jpeg\",\"datePublished\":\"2025-04-14T14:49:48+00:00\",\"dateModified\":\"2025-04-14T14:49:49+00:00\",\"description\":\"Il s\u2019agit d\u2019une tr\u00e8s belle pi\u00e8ce en c\u00e9ramique avec un \u00e9maillage color\u00e9 datant de 1960. Cet objet peut \u00eatre utilis\u00e9 comme pichet ou comme vase.\",\"breadcrumb\":{\"@id\":\"https:\\\/\\\/lalmachine.com\\\/shop\\\/decorer\\\/vase-ceramique\\\/pichet-ou-vase-vintage-en-ceramique-1960\\\/#breadcrumb\"},\"inLanguage\":\"de\",\"potentialAction\":[{\"@type\":\"ReadAction\",\"target\":[\"https:\\\/\\\/lalmachine.com\\\/shop\\\/decorer\\\/vase-ceramique\\\/pichet-ou-vase-vintage-en-ceramique-1960\\\/\"]}]},{\"@type\":\"ImageObject\",\"inLanguage\":\"de\",\"@id\":\"https:\\\/\\\/lalmachine.com\\\/shop\\\/decorer\\\/vase-ceramique\\\/pichet-ou-vase-vintage-en-ceramique-1960\\\/#primaryimage\",\"url\":\"https:\\\/\\\/lalmachine.com\\\/wp-content\\\/uploads\\\/2025\\\/04\\\/IMG_7333-scaled_clipped_rev_1.jpeg\",\"contentUrl\":\"https:\\\/\\\/lalmachine.com\\\/wp-content\\\/uploads\\\/2025\\\/04\\\/IMG_7333-scaled_clipped_rev_1.jpeg\",\"width\":2100,\"height\":2100,\"caption\":\"Pichet ou vase vintage en c\u00e9ramique 1960\"},{\"@type\":\"BreadcrumbList\",\"@id\":\"https:\\\/\\\/lalmachine.com\\\/shop\\\/decorer\\\/vase-ceramique\\\/pichet-ou-vase-vintage-en-ceramique-1960\\\/#breadcrumb\",\"itemListElement\":[{\"@type\":\"ListItem\",\"position\":1,\"name\":\"Accueil\",\"item\":\"https:\\\/\\\/lalmachine.com\\\/\"},{\"@type\":\"ListItem\",\"position\":2,\"name\":\"Shop\",\"item\":\"https:\\\/\\\/lalmachine.com\\\/shop\\\/\"},{\"@type\":\"ListItem\",\"position\":3,\"name\":\"Pichet ou vase vintage en c\u00e9ramique 1960\"}]},{\"@type\":\"WebSite\",\"@id\":\"https:\\\/\\\/lalmachine.com\\\/#website\",\"url\":\"https:\\\/\\\/lalmachine.com\\\/\",\"name\":\"lalmachine.com\",\"description\":\"Brocante en ligne Suisse | Mobilier et objets d\u00e9co vintage et design\",\"potentialAction\":[{\"@type\":\"SearchAction\",\"target\":{\"@type\":\"EntryPoint\",\"urlTemplate\":\"https:\\\/\\\/lalmachine.com\\\/?s={search_term_string}\"},\"query-input\":{\"@type\":\"PropertyValueSpecification\",\"valueRequired\":true,\"valueName\":\"search_term_string\"}}],\"inLanguage\":\"de\"}]}<\/script>\n<!-- \/ Yoast SEO plugin. -->","yoast_head_json":{"title":"Pichet ou vase vintage en c\u00e9ramique 1960 | lalmachine.com, mobilier et objets d\u00e9co vintage et design","description":"Il s\u2019agit d\u2019une tr\u00e8s belle pi\u00e8ce en c\u00e9ramique avec un \u00e9maillage color\u00e9 datant de 1960. Cet objet peut \u00eatre utilis\u00e9 comme pichet ou comme vase.","robots":{"index":"index","follow":"follow","max-snippet":"max-snippet:-1","max-image-preview":"max-image-preview:large","max-video-preview":"max-video-preview:-1"},"canonical":"https:\/\/lalmachine.com\/de\/shop\/decorer\/vase-ceramique\/pichet-ou-vase-vintage-en-ceramique-1960\/","og_locale":"de_DE","og_type":"article","og_title":"Pichet ou vase vintage en c\u00e9ramique 1960 | lalmachine.com, mobilier et objets d\u00e9co vintage et design","og_description":"Il s\u2019agit d\u2019une tr\u00e8s belle pi\u00e8ce en c\u00e9ramique avec un \u00e9maillage color\u00e9 datant de 1960. Cet objet peut \u00eatre utilis\u00e9 comme pichet ou comme vase.","og_url":"https:\/\/lalmachine.com\/de\/shop\/decorer\/vase-ceramique\/pichet-ou-vase-vintage-en-ceramique-1960\/","og_site_name":"lalmachine.com","article_publisher":"https:\/\/facebook.com\/lalmachine","article_modified_time":"2025-04-14T14:49:49+00:00","og_image":[{"width":2100,"height":2100,"url":"https:\/\/lalmachine.com\/wp-content\/uploads\/2025\/04\/IMG_7333-scaled_clipped_rev_1.jpeg","type":"image\/jpeg"}],"twitter_card":"summary_large_image","schema":{"@context":"https:\/\/schema.org","@graph":[{"@type":"WebPage","@id":"https:\/\/lalmachine.com\/shop\/decorer\/vase-ceramique\/pichet-ou-vase-vintage-en-ceramique-1960\/","url":"https:\/\/lalmachine.com\/shop\/decorer\/vase-ceramique\/pichet-ou-vase-vintage-en-ceramique-1960\/","name":"Pichet ou vase vintage en c\u00e9ramique 1960 | lalmachine.com, mobilier et objets d\u00e9co vintage et design","isPartOf":{"@id":"https:\/\/lalmachine.com\/#website"},"primaryImageOfPage":{"@id":"https:\/\/lalmachine.com\/shop\/decorer\/vase-ceramique\/pichet-ou-vase-vintage-en-ceramique-1960\/#primaryimage"},"image":{"@id":"https:\/\/lalmachine.com\/shop\/decorer\/vase-ceramique\/pichet-ou-vase-vintage-en-ceramique-1960\/#primaryimage"},"thumbnailUrl":"https:\/\/lalmachine.com\/wp-content\/uploads\/2025\/04\/IMG_7333-scaled_clipped_rev_1.jpeg","datePublished":"2025-04-14T14:49:48+00:00","dateModified":"2025-04-14T14:49:49+00:00","description":"Il s\u2019agit d\u2019une tr\u00e8s belle pi\u00e8ce en c\u00e9ramique avec un \u00e9maillage color\u00e9 datant de 1960. Cet objet peut \u00eatre utilis\u00e9 comme pichet ou comme vase.","breadcrumb":{"@id":"https:\/\/lalmachine.com\/shop\/decorer\/vase-ceramique\/pichet-ou-vase-vintage-en-ceramique-1960\/#breadcrumb"},"inLanguage":"de","potentialAction":[{"@type":"ReadAction","target":["https:\/\/lalmachine.com\/shop\/decorer\/vase-ceramique\/pichet-ou-vase-vintage-en-ceramique-1960\/"]}]},{"@type":"ImageObject","inLanguage":"de","@id":"https:\/\/lalmachine.com\/shop\/decorer\/vase-ceramique\/pichet-ou-vase-vintage-en-ceramique-1960\/#primaryimage","url":"https:\/\/lalmachine.com\/wp-content\/uploads\/2025\/04\/IMG_7333-scaled_clipped_rev_1.jpeg","contentUrl":"https:\/\/lalmachine.com\/wp-content\/uploads\/2025\/04\/IMG_7333-scaled_clipped_rev_1.jpeg","width":2100,"height":2100,"caption":"Pichet ou vase vintage en c\u00e9ramique 1960"},{"@type":"BreadcrumbList","@id":"https:\/\/lalmachine.com\/shop\/decorer\/vase-ceramique\/pichet-ou-vase-vintage-en-ceramique-1960\/#breadcrumb","itemListElement":[{"@type":"ListItem","position":1,"name":"Accueil","item":"https:\/\/lalmachine.com\/"},{"@type":"ListItem","position":2,"name":"Shop","item":"https:\/\/lalmachine.com\/shop\/"},{"@type":"ListItem","position":3,"name":"Pichet ou vase vintage en c\u00e9ramique 1960"}]},{"@type":"WebSite","@id":"https:\/\/lalmachine.com\/#website","url":"https:\/\/lalmachine.com\/","name":"lalmachine.com","description":"Brocante en ligne Suisse | Mobilier et objets d\u00e9co vintage et design","potentialAction":[{"@type":"SearchAction","target":{"@type":"EntryPoint","urlTemplate":"https:\/\/lalmachine.com\/?s={search_term_string}"},"query-input":{"@type":"PropertyValueSpecification","valueRequired":true,"valueName":"search_term_string"}}],"inLanguage":"de"}]}},"_links":{"self":[{"href":"https:\/\/lalmachine.com\/de\/wp-json\/wp\/v2\/product\/345163","targetHints":{"allow":["GET"]}}],"collection":[{"href":"https:\/\/lalmachine.com\/de\/wp-json\/wp\/v2\/product"}],"about":[{"href":"https:\/\/lalmachine.com\/de\/wp-json\/wp\/v2\/types\/product"}],"wp:featuredmedia":[{"embeddable":true,"href":"https:\/\/lalmachine.com\/de\/wp-json\/wp\/v2\/media\/345238"}],"wp:attachment":[{"href":"https:\/\/lalmachine.com\/de\/wp-json\/wp\/v2\/media?parent=345163"}],"wp:term":[{"taxonomy":"product_brand","embeddable":true,"href":"https:\/\/lalmachine.com\/de\/wp-json\/wp\/v2\/product_brand?post=345163"},{"taxonomy":"product_cat","embeddable":true,"href":"https:\/\/lalmachine.com\/de\/wp-json\/wp\/v2\/product_cat?post=345163"},{"taxonomy":"product_tag","embeddable":true,"href":"https:\/\/lalmachine.com\/de\/wp-json\/wp\/v2\/product_tag?post=345163"},{"taxonomy":"proximite","embeddable":true,"href":"https:\/\/lalmachine.com\/de\/wp-json\/wp\/v2\/proximite?post=345163"}],"curies":[{"name":"wp","href":"https:\/\/api.w.org\/{rel}","templated":true}]}}