{"id":347136,"date":"2025-05-16T11:42:47","date_gmt":"2025-05-16T09:42:47","guid":{"rendered":"https:\/\/lalmachine.com\/?post_type=product&#038;p=347136"},"modified":"2025-05-16T11:42:48","modified_gmt":"2025-05-16T09:42:48","slug":"tabouret-hocker","status":"publish","type":"product","link":"https:\/\/lalmachine.com\/de\/shop\/sasseoir\/chaise\/tabouret-hocker\/","title":{"rendered":"Tabouret hocker"},"content":{"rendered":"<ul class=\"wpuf_customs\"><li style=\"list-style-type:none;\"><label>Autres photos:<\/label> <a href=\"https:\/\/lalmachine.com\/wp-content\/uploads\/2025\/05\/Capture-decran-2025-05-15-a-14.09.31.png\"><img loading=\"lazy\" decoding=\"async\" width=\"128\" height=\"96\" src=\"https:\/\/lalmachine.com\/wp-content\/uploads\/2025\/05\/Capture-decran-2025-05-15-a-14.09.31.png\" class=\"attachment-thumbnail size-thumbnail\" alt=\"\" \/><\/a> <a href=\"https:\/\/lalmachine.com\/wp-content\/uploads\/2025\/05\/Capture-decran-2025-05-15-a-14.09.57.png\"><img loading=\"lazy\" decoding=\"async\" width=\"116\" height=\"96\" src=\"https:\/\/lalmachine.com\/wp-content\/uploads\/2025\/05\/Capture-decran-2025-05-15-a-14.09.57.png\" class=\"attachment-thumbnail size-thumbnail\" alt=\"\" \/><\/a> <a href=\"https:\/\/lalmachine.com\/wp-content\/uploads\/2025\/05\/Capture-decran-2025-05-15-a-14.10.23.png\"><img loading=\"lazy\" decoding=\"async\" width=\"118\" height=\"96\" src=\"https:\/\/lalmachine.com\/wp-content\/uploads\/2025\/05\/Capture-decran-2025-05-15-a-14.10.23.png\" class=\"attachment-thumbnail size-thumbnail\" alt=\"\" \/><\/a> <a href=\"https:\/\/lalmachine.com\/wp-content\/uploads\/2025\/05\/Capture-decran-2025-05-15-a-14.10.35.png\"><img loading=\"lazy\" decoding=\"async\" width=\"124\" height=\"96\" src=\"https:\/\/lalmachine.com\/wp-content\/uploads\/2025\/05\/Capture-decran-2025-05-15-a-14.10.35.png\" class=\"attachment-thumbnail size-thumbnail\" alt=\"\" \/><\/a> <\/li>        <li class=\"wpuf-field-data wpuf-field-data-numeric_text_field\">\n                            <label>Prix:<\/label>\n                        1000        <\/li>\n                <li class=\"wpuf-field-data wpuf-field-data-numeric_text_field\">\n                            <label>Quantit\u00e9:<\/label>\n                        1        <\/li>\n                <li class=\"wpuf-field-data wpuf-field-data-numeric_text_field\">\n                            <label>Hauteur (cm):<\/label>\n                        42        <\/li>\n                <li class=\"wpuf-field-data wpuf-field-data-numeric_text_field\">\n                            <label>Largeur (cm):<\/label>\n                        63        <\/li>\n                <li class=\"wpuf-field-data wpuf-field-data-numeric_text_field\">\n                            <label>Profondeur (cm):<\/label>\n                        42        <\/li>\n        <\/ul>","protected":false},"excerpt":{"rendered":"<p>Ic\u00f4ne du design suisse, con\u00e7u par Ludwig Walser pour Eternit AG en 1959, ce tabouret a \u00e9t\u00e9 pr\u00e9sent\u00e9 pour la premi\u00e8re fois \u00e0 l&#8217;Exposition horticole suisse &#8220;G59&#8221; \u00e0 Zurich. Moule artisanal en fibrociment d&#8217;origine.<br \/>\nCette version patin\u00e9e par le temps est disponible en un lot de 5 exemplaires ou \u00e0 l&#8217;unit\u00e9. Une occasion unique de composer un ensemble rare et original pour le jardin et la terrasse.<br \/>\nhttps:\/\/www.centrepompidou.fr\/fr\/ressources\/oeuvre\/ck4aXap<\/p>","protected":false},"featured_media":347172,"template":"","meta":{"_et_pb_use_builder":"","_et_pb_old_content":"","_et_gb_content_width":""},"product_brand":[],"product_cat":[100,48],"product_tag":[],"proximite":[283,179],"class_list":{"0":"post-347136","1":"product","2":"type-product","3":"status-publish","4":"has-post-thumbnail","6":"product_cat-chaise","7":"product_cat-sasseoir","8":"pa_couleur-gris","9":"pa_etat-dans-son-jus","10":"pa_materiau-ciment","11":"pa_style-industriel","12":"proximite-riviera-pays-denhaut","13":"proximite-vaud","15":"first","16":"instock","17":"shipping-taxable","18":"purchasable","19":"product-type-simple"},"yoast_head":"<!-- This site is optimized with the Yoast SEO plugin v27.4 - https:\/\/yoast.com\/product\/yoast-seo-wordpress\/ -->\n<title>Tabouret hocker | lalmachine.com, mobilier et objets d\u00e9co vintage et design<\/title>\n<meta name=\"description\" content=\"Ic\u00f4ne du design suisse, con\u00e7u par Ludwig Walser pour Eternit AG en 1959, ce tabouret a \u00e9t\u00e9 pr\u00e9sent\u00e9 pour la premi\u00e8re fois \u00e0 l&#039;Exposition horticole suisse &quot;G59&quot; \u00e0 Zurich.\" \/>\n<meta name=\"robots\" content=\"index, follow, max-snippet:-1, max-image-preview:large, max-video-preview:-1\" \/>\n<link rel=\"canonical\" href=\"https:\/\/lalmachine.com\/de\/shop\/sasseoir\/chaise\/tabouret-hocker\/\" \/>\n<meta property=\"og:locale\" content=\"de_DE\" \/>\n<meta property=\"og:type\" content=\"article\" \/>\n<meta property=\"og:title\" content=\"Tabouret hocker | lalmachine.com, mobilier et objets d\u00e9co vintage et design\" \/>\n<meta property=\"og:description\" content=\"Ic\u00f4ne du design suisse, con\u00e7u par Ludwig Walser pour Eternit AG en 1959, ce tabouret a \u00e9t\u00e9 pr\u00e9sent\u00e9 pour la premi\u00e8re fois \u00e0 l&#039;Exposition horticole suisse &quot;G59&quot; \u00e0 Zurich.\" \/>\n<meta property=\"og:url\" content=\"https:\/\/lalmachine.com\/de\/shop\/sasseoir\/chaise\/tabouret-hocker\/\" \/>\n<meta property=\"og:site_name\" content=\"lalmachine.com\" \/>\n<meta property=\"article:publisher\" content=\"https:\/\/facebook.com\/lalmachine\" \/>\n<meta property=\"article:modified_time\" content=\"2025-05-16T09:42:48+00:00\" \/>\n<meta property=\"og:image\" content=\"https:\/\/lalmachine.com\/wp-content\/uploads\/2025\/05\/Capture-decran-2025-05-15-a-13.41.12_clipped_rev_1.jpeg\" \/>\n\t<meta property=\"og:image:width\" content=\"1483\" \/>\n\t<meta property=\"og:image:height\" content=\"1482\" \/>\n\t<meta property=\"og:image:type\" content=\"image\/jpeg\" \/>\n<meta name=\"twitter:card\" content=\"summary_large_image\" \/>\n<script type=\"application\/ld+json\" class=\"yoast-schema-graph\">{\"@context\":\"https:\\\/\\\/schema.org\",\"@graph\":[{\"@type\":\"WebPage\",\"@id\":\"https:\\\/\\\/lalmachine.com\\\/shop\\\/sasseoir\\\/chaise\\\/tabouret-hocker\\\/\",\"url\":\"https:\\\/\\\/lalmachine.com\\\/shop\\\/sasseoir\\\/chaise\\\/tabouret-hocker\\\/\",\"name\":\"Tabouret hocker | lalmachine.com, mobilier et objets d\u00e9co vintage et design\",\"isPartOf\":{\"@id\":\"https:\\\/\\\/lalmachine.com\\\/#website\"},\"primaryImageOfPage\":{\"@id\":\"https:\\\/\\\/lalmachine.com\\\/shop\\\/sasseoir\\\/chaise\\\/tabouret-hocker\\\/#primaryimage\"},\"image\":{\"@id\":\"https:\\\/\\\/lalmachine.com\\\/shop\\\/sasseoir\\\/chaise\\\/tabouret-hocker\\\/#primaryimage\"},\"thumbnailUrl\":\"https:\\\/\\\/lalmachine.com\\\/wp-content\\\/uploads\\\/2025\\\/05\\\/Capture-decran-2025-05-15-a-13.41.12_clipped_rev_1.jpeg\",\"datePublished\":\"2025-05-16T09:42:47+00:00\",\"dateModified\":\"2025-05-16T09:42:48+00:00\",\"description\":\"Ic\u00f4ne du design suisse, con\u00e7u par Ludwig Walser pour Eternit AG en 1959, ce tabouret a \u00e9t\u00e9 pr\u00e9sent\u00e9 pour la premi\u00e8re fois \u00e0 l'Exposition horticole suisse \\\"G59\\\" \u00e0 Zurich.\",\"breadcrumb\":{\"@id\":\"https:\\\/\\\/lalmachine.com\\\/shop\\\/sasseoir\\\/chaise\\\/tabouret-hocker\\\/#breadcrumb\"},\"inLanguage\":\"de\",\"potentialAction\":[{\"@type\":\"ReadAction\",\"target\":[\"https:\\\/\\\/lalmachine.com\\\/shop\\\/sasseoir\\\/chaise\\\/tabouret-hocker\\\/\"]}]},{\"@type\":\"ImageObject\",\"inLanguage\":\"de\",\"@id\":\"https:\\\/\\\/lalmachine.com\\\/shop\\\/sasseoir\\\/chaise\\\/tabouret-hocker\\\/#primaryimage\",\"url\":\"https:\\\/\\\/lalmachine.com\\\/wp-content\\\/uploads\\\/2025\\\/05\\\/Capture-decran-2025-05-15-a-13.41.12_clipped_rev_1.jpeg\",\"contentUrl\":\"https:\\\/\\\/lalmachine.com\\\/wp-content\\\/uploads\\\/2025\\\/05\\\/Capture-decran-2025-05-15-a-13.41.12_clipped_rev_1.jpeg\",\"width\":1483,\"height\":1482},{\"@type\":\"BreadcrumbList\",\"@id\":\"https:\\\/\\\/lalmachine.com\\\/shop\\\/sasseoir\\\/chaise\\\/tabouret-hocker\\\/#breadcrumb\",\"itemListElement\":[{\"@type\":\"ListItem\",\"position\":1,\"name\":\"Accueil\",\"item\":\"https:\\\/\\\/lalmachine.com\\\/\"},{\"@type\":\"ListItem\",\"position\":2,\"name\":\"Shop\",\"item\":\"https:\\\/\\\/lalmachine.com\\\/shop\\\/\"},{\"@type\":\"ListItem\",\"position\":3,\"name\":\"Tabouret hocker\"}]},{\"@type\":\"WebSite\",\"@id\":\"https:\\\/\\\/lalmachine.com\\\/#website\",\"url\":\"https:\\\/\\\/lalmachine.com\\\/\",\"name\":\"lalmachine.com\",\"description\":\"Brocante en ligne Suisse | Mobilier et objets d\u00e9co vintage et design\",\"potentialAction\":[{\"@type\":\"SearchAction\",\"target\":{\"@type\":\"EntryPoint\",\"urlTemplate\":\"https:\\\/\\\/lalmachine.com\\\/?s={search_term_string}\"},\"query-input\":{\"@type\":\"PropertyValueSpecification\",\"valueRequired\":true,\"valueName\":\"search_term_string\"}}],\"inLanguage\":\"de\"}]}<\/script>\n<!-- \/ Yoast SEO plugin. -->","yoast_head_json":{"title":"Tabouret hocker | lalmachine.com, mobilier et objets d\u00e9co vintage et design","description":"Ic\u00f4ne du design suisse, con\u00e7u par Ludwig Walser pour Eternit AG en 1959, ce tabouret a \u00e9t\u00e9 pr\u00e9sent\u00e9 pour la premi\u00e8re fois \u00e0 l'Exposition horticole suisse \"G59\" \u00e0 Zurich.","robots":{"index":"index","follow":"follow","max-snippet":"max-snippet:-1","max-image-preview":"max-image-preview:large","max-video-preview":"max-video-preview:-1"},"canonical":"https:\/\/lalmachine.com\/de\/shop\/sasseoir\/chaise\/tabouret-hocker\/","og_locale":"de_DE","og_type":"article","og_title":"Tabouret hocker | lalmachine.com, mobilier et objets d\u00e9co vintage et design","og_description":"Ic\u00f4ne du design suisse, con\u00e7u par Ludwig Walser pour Eternit AG en 1959, ce tabouret a \u00e9t\u00e9 pr\u00e9sent\u00e9 pour la premi\u00e8re fois \u00e0 l'Exposition horticole suisse \"G59\" \u00e0 Zurich.","og_url":"https:\/\/lalmachine.com\/de\/shop\/sasseoir\/chaise\/tabouret-hocker\/","og_site_name":"lalmachine.com","article_publisher":"https:\/\/facebook.com\/lalmachine","article_modified_time":"2025-05-16T09:42:48+00:00","og_image":[{"width":1483,"height":1482,"url":"https:\/\/lalmachine.com\/wp-content\/uploads\/2025\/05\/Capture-decran-2025-05-15-a-13.41.12_clipped_rev_1.jpeg","type":"image\/jpeg"}],"twitter_card":"summary_large_image","schema":{"@context":"https:\/\/schema.org","@graph":[{"@type":"WebPage","@id":"https:\/\/lalmachine.com\/shop\/sasseoir\/chaise\/tabouret-hocker\/","url":"https:\/\/lalmachine.com\/shop\/sasseoir\/chaise\/tabouret-hocker\/","name":"Tabouret hocker | lalmachine.com, mobilier et objets d\u00e9co vintage et design","isPartOf":{"@id":"https:\/\/lalmachine.com\/#website"},"primaryImageOfPage":{"@id":"https:\/\/lalmachine.com\/shop\/sasseoir\/chaise\/tabouret-hocker\/#primaryimage"},"image":{"@id":"https:\/\/lalmachine.com\/shop\/sasseoir\/chaise\/tabouret-hocker\/#primaryimage"},"thumbnailUrl":"https:\/\/lalmachine.com\/wp-content\/uploads\/2025\/05\/Capture-decran-2025-05-15-a-13.41.12_clipped_rev_1.jpeg","datePublished":"2025-05-16T09:42:47+00:00","dateModified":"2025-05-16T09:42:48+00:00","description":"Ic\u00f4ne du design suisse, con\u00e7u par Ludwig Walser pour Eternit AG en 1959, ce tabouret a \u00e9t\u00e9 pr\u00e9sent\u00e9 pour la premi\u00e8re fois \u00e0 l'Exposition horticole suisse \"G59\" \u00e0 Zurich.","breadcrumb":{"@id":"https:\/\/lalmachine.com\/shop\/sasseoir\/chaise\/tabouret-hocker\/#breadcrumb"},"inLanguage":"de","potentialAction":[{"@type":"ReadAction","target":["https:\/\/lalmachine.com\/shop\/sasseoir\/chaise\/tabouret-hocker\/"]}]},{"@type":"ImageObject","inLanguage":"de","@id":"https:\/\/lalmachine.com\/shop\/sasseoir\/chaise\/tabouret-hocker\/#primaryimage","url":"https:\/\/lalmachine.com\/wp-content\/uploads\/2025\/05\/Capture-decran-2025-05-15-a-13.41.12_clipped_rev_1.jpeg","contentUrl":"https:\/\/lalmachine.com\/wp-content\/uploads\/2025\/05\/Capture-decran-2025-05-15-a-13.41.12_clipped_rev_1.jpeg","width":1483,"height":1482},{"@type":"BreadcrumbList","@id":"https:\/\/lalmachine.com\/shop\/sasseoir\/chaise\/tabouret-hocker\/#breadcrumb","itemListElement":[{"@type":"ListItem","position":1,"name":"Accueil","item":"https:\/\/lalmachine.com\/"},{"@type":"ListItem","position":2,"name":"Shop","item":"https:\/\/lalmachine.com\/shop\/"},{"@type":"ListItem","position":3,"name":"Tabouret hocker"}]},{"@type":"WebSite","@id":"https:\/\/lalmachine.com\/#website","url":"https:\/\/lalmachine.com\/","name":"lalmachine.com","description":"Brocante en ligne Suisse | Mobilier et objets d\u00e9co vintage et design","potentialAction":[{"@type":"SearchAction","target":{"@type":"EntryPoint","urlTemplate":"https:\/\/lalmachine.com\/?s={search_term_string}"},"query-input":{"@type":"PropertyValueSpecification","valueRequired":true,"valueName":"search_term_string"}}],"inLanguage":"de"}]}},"_links":{"self":[{"href":"https:\/\/lalmachine.com\/de\/wp-json\/wp\/v2\/product\/347136","targetHints":{"allow":["GET"]}}],"collection":[{"href":"https:\/\/lalmachine.com\/de\/wp-json\/wp\/v2\/product"}],"about":[{"href":"https:\/\/lalmachine.com\/de\/wp-json\/wp\/v2\/types\/product"}],"wp:featuredmedia":[{"embeddable":true,"href":"https:\/\/lalmachine.com\/de\/wp-json\/wp\/v2\/media\/347172"}],"wp:attachment":[{"href":"https:\/\/lalmachine.com\/de\/wp-json\/wp\/v2\/media?parent=347136"}],"wp:term":[{"taxonomy":"product_brand","embeddable":true,"href":"https:\/\/lalmachine.com\/de\/wp-json\/wp\/v2\/product_brand?post=347136"},{"taxonomy":"product_cat","embeddable":true,"href":"https:\/\/lalmachine.com\/de\/wp-json\/wp\/v2\/product_cat?post=347136"},{"taxonomy":"product_tag","embeddable":true,"href":"https:\/\/lalmachine.com\/de\/wp-json\/wp\/v2\/product_tag?post=347136"},{"taxonomy":"proximite","embeddable":true,"href":"https:\/\/lalmachine.com\/de\/wp-json\/wp\/v2\/proximite?post=347136"}],"curies":[{"name":"wp","href":"https:\/\/api.w.org\/{rel}","templated":true}]}}