{"id":348170,"date":"2025-06-04T10:59:43","date_gmt":"2025-06-04T08:59:43","guid":{"rendered":"https:\/\/lalmachine.com\/?post_type=product&#038;p=348170"},"modified":"2025-10-29T06:14:11","modified_gmt":"2025-10-29T05:14:11","slug":"set-de-6-chaises-gammelgaard-et-mathiesen-pour-bent-krogh","status":"publish","type":"product","link":"https:\/\/lalmachine.com\/de\/shop\/sasseoir\/chaise\/set-de-6-chaises-gammelgaard-et-mathiesen-pour-bent-krogh\/","title":{"rendered":"Set de 6 chaises Gammelgaard et Mathiesen pour Bent Krogh"},"content":{"rendered":"<ul class=\"wpuf_customs\"><li style=\"list-style-type:none;\"><label>Autres photos:<\/label> <a href=\"https:\/\/lalmachine.com\/wp-content\/uploads\/2025\/06\/IMG_9249-scaled.jpg\"><img loading=\"lazy\" decoding=\"async\" width=\"72\" height=\"96\" src=\"https:\/\/lalmachine.com\/wp-content\/uploads\/2025\/06\/IMG_9249-scaled.jpg\" class=\"attachment-thumbnail size-thumbnail\" alt=\"\" \/><\/a> <a href=\"https:\/\/lalmachine.com\/wp-content\/uploads\/2025\/06\/IMG_9246-2-scaled.jpg\"><img loading=\"lazy\" decoding=\"async\" width=\"72\" height=\"96\" src=\"https:\/\/lalmachine.com\/wp-content\/uploads\/2025\/06\/IMG_9246-2-scaled.jpg\" class=\"attachment-thumbnail size-thumbnail\" alt=\"\" \/><\/a> <a href=\"https:\/\/lalmachine.com\/wp-content\/uploads\/2025\/06\/IMG_9248-scaled.jpg\"><img loading=\"lazy\" decoding=\"async\" width=\"72\" height=\"96\" src=\"https:\/\/lalmachine.com\/wp-content\/uploads\/2025\/06\/IMG_9248-scaled.jpg\" class=\"attachment-thumbnail size-thumbnail\" alt=\"\" \/><\/a> <a href=\"https:\/\/lalmachine.com\/wp-content\/uploads\/2025\/06\/IMG_9253-scaled.jpg\"><img loading=\"lazy\" decoding=\"async\" width=\"72\" height=\"96\" src=\"https:\/\/lalmachine.com\/wp-content\/uploads\/2025\/06\/IMG_9253-scaled.jpg\" class=\"attachment-thumbnail size-thumbnail\" alt=\"\" \/><\/a> <a href=\"https:\/\/lalmachine.com\/wp-content\/uploads\/2025\/06\/IMG_9264-scaled.jpg\"><img loading=\"lazy\" decoding=\"async\" width=\"72\" height=\"96\" src=\"https:\/\/lalmachine.com\/wp-content\/uploads\/2025\/06\/IMG_9264-scaled.jpg\" class=\"attachment-thumbnail size-thumbnail\" alt=\"\" \/><\/a> <a href=\"https:\/\/lalmachine.com\/wp-content\/uploads\/2025\/06\/IMG_9265-scaled.jpg\"><img loading=\"lazy\" decoding=\"async\" width=\"72\" height=\"96\" src=\"https:\/\/lalmachine.com\/wp-content\/uploads\/2025\/06\/IMG_9265-scaled.jpg\" class=\"attachment-thumbnail size-thumbnail\" alt=\"\" \/><\/a> <a href=\"https:\/\/lalmachine.com\/wp-content\/uploads\/2025\/06\/IMG_9259-scaled.jpg\"><img loading=\"lazy\" decoding=\"async\" width=\"72\" height=\"96\" src=\"https:\/\/lalmachine.com\/wp-content\/uploads\/2025\/06\/IMG_9259-scaled.jpg\" class=\"attachment-thumbnail size-thumbnail\" alt=\"\" \/><\/a> <a href=\"https:\/\/lalmachine.com\/wp-content\/uploads\/2025\/06\/IMG_9257-scaled.jpg\"><img loading=\"lazy\" decoding=\"async\" width=\"72\" height=\"96\" src=\"https:\/\/lalmachine.com\/wp-content\/uploads\/2025\/06\/IMG_9257-scaled.jpg\" class=\"attachment-thumbnail size-thumbnail\" alt=\"\" \/><\/a> <a href=\"https:\/\/lalmachine.com\/wp-content\/uploads\/2025\/06\/IMG_9254-scaled.jpg\"><img loading=\"lazy\" decoding=\"async\" width=\"72\" height=\"96\" src=\"https:\/\/lalmachine.com\/wp-content\/uploads\/2025\/06\/IMG_9254-scaled.jpg\" class=\"attachment-thumbnail size-thumbnail\" alt=\"\" \/><\/a> <a href=\"https:\/\/lalmachine.com\/wp-content\/uploads\/2025\/06\/IMG_9247-2-scaled.jpg\"><img loading=\"lazy\" decoding=\"async\" width=\"72\" height=\"96\" src=\"https:\/\/lalmachine.com\/wp-content\/uploads\/2025\/06\/IMG_9247-2-scaled.jpg\" class=\"attachment-thumbnail size-thumbnail\" alt=\"\" \/><\/a> <\/li>        <li class=\"wpuf-field-data wpuf-field-data-numeric_text_field\">\n                            <label>Prix:<\/label>\n                        660        <\/li>\n                <li class=\"wpuf-field-data wpuf-field-data-numeric_text_field\">\n                            <label>Hauteur (cm):<\/label>\n                        88        <\/li>\n                <li class=\"wpuf-field-data wpuf-field-data-numeric_text_field\">\n                            <label>Largeur (cm):<\/label>\n                        48        <\/li>\n                <li class=\"wpuf-field-data wpuf-field-data-numeric_text_field\">\n                            <label>Profondeur (cm):<\/label>\n                        48        <\/li>\n        <\/ul>","protected":false},"excerpt":{"rendered":"<p>Superbe lot de chaises mod\u00e8le \u00ab\u00a0Luna\u00a0\u00bb, dessin\u00e9es en 1988 par les talentueux designers danois Niels Gammelgaard et Lars Mathiesen, cofondateurs du studio Pelikan Design. \u00c9dit\u00e9 par le fabricant danois Bent Krogh, ce mod\u00e8le iconique est une v\u00e9ritable r\u00e9f\u00e9rence du design scandinave postmoderne des ann\u00e9es 1980. La chaise Luna s\u00e9duit par son esth\u00e9tique g\u00e9om\u00e9trique audacieuse et sa conception \u00e0 la fois fonctionnelle et \u00e9l\u00e9gante.<br \/>\nCe lot se compose de chaises au dossier en plastique turquoise en forme de lune et \u00e0 l&rsquo;assise en tissu rose, apportant une touche graphique \u00e0 tout int\u00e9rieur. Les assises d\u2019origine, compos\u00e9es de bois, de mousse et de tissu, ont \u00e9t\u00e9 recouvertes de mani\u00e8re correcte, pr\u00e9servant ainsi leur confort et leur charme. Il est probable que les assises d\u2019origine pr\u00e9sentent quelques marques li\u00e9es au temps, mais cela n\u2019alt\u00e8re en rien leur allure et leur caract\u00e8re unique.<br \/>\nLa structure en m\u00e9tal, laqu\u00e9e en blanc, est robuste et parfaitement stable. Quelques l\u00e9g\u00e8res retouches de peinture ont \u00e9t\u00e9 r\u00e9alis\u00e9es sur le bas de certains pieds ; elles restent discr\u00e8tes et n&rsquo;enl\u00e8vent rien \u00e0 l\u2019esth\u00e9tique g\u00e9n\u00e9rale des pi\u00e8ces.<br \/>\nEnfin, on rel\u00e8ve de l\u00e9g\u00e8res traces d\u2019usage, tout \u00e0 fait en accord avec leur \u00e9poque et qui participent m\u00eame \u00e0 leur authenticit\u00e9 et leur patine.<br \/>\nHauteur totale : 74 cm<br \/>\nHauteur d\u2019assise : 44 cm<br \/>\nLargeur : 45<br \/>\nProfondeur : 47<\/p>","protected":false},"featured_media":348203,"template":"","meta":{"_et_pb_use_builder":"","_et_pb_old_content":"","_et_gb_content_width":""},"product_brand":[],"product_cat":[100,48],"product_tag":[],"proximite":[278],"class_list":{"0":"post-348170","1":"product","2":"type-product","3":"status-publish","4":"has-post-thumbnail","6":"product_cat-chaise","7":"product_cat-sasseoir","8":"pa_couleur-multicolore","9":"pa_etat-bon-etat","10":"pa_materiau-metal","11":"pa_style-design","12":"proximite-lausanne","14":"first","15":"outofstock","16":"sale","17":"shipping-taxable","18":"purchasable","19":"product-type-simple"},"yoast_head":"<!-- This site is optimized with the Yoast SEO plugin v27.3 - https:\/\/yoast.com\/product\/yoast-seo-wordpress\/ -->\n<title>Set de 6 chaises Gammelgaard et Mathiesen pour Bent Krogh | lalmachine.com<\/title>\n<meta name=\"description\" content=\"Set de 6 chaises Gammelgaard et Mathiesen pour Bent Krogh\" \/>\n<meta name=\"robots\" content=\"index, follow, max-snippet:-1, max-image-preview:large, max-video-preview:-1\" \/>\n<link rel=\"canonical\" href=\"https:\/\/lalmachine.com\/de\/shop\/sasseoir\/chaise\/set-de-6-chaises-gammelgaard-et-mathiesen-pour-bent-krogh\/\" \/>\n<meta property=\"og:locale\" content=\"de_DE\" \/>\n<meta property=\"og:type\" content=\"article\" \/>\n<meta property=\"og:title\" content=\"Set de 6 chaises Gammelgaard et Mathiesen pour Bent Krogh | lalmachine.com\" \/>\n<meta property=\"og:description\" content=\"Set de 6 chaises Gammelgaard et Mathiesen pour Bent Krogh\" \/>\n<meta property=\"og:url\" content=\"https:\/\/lalmachine.com\/de\/shop\/sasseoir\/chaise\/set-de-6-chaises-gammelgaard-et-mathiesen-pour-bent-krogh\/\" \/>\n<meta property=\"og:site_name\" content=\"lalmachine.com\" \/>\n<meta property=\"article:publisher\" content=\"https:\/\/facebook.com\/lalmachine\" \/>\n<meta property=\"article:modified_time\" content=\"2025-10-29T05:14:11+00:00\" \/>\n<meta property=\"og:image\" content=\"https:\/\/lalmachine.com\/wp-content\/uploads\/2025\/06\/IMG_9249-scaled_clipped_rev_1.jpeg\" \/>\n\t<meta property=\"og:image:width\" content=\"2274\" \/>\n\t<meta property=\"og:image:height\" content=\"2274\" \/>\n\t<meta property=\"og:image:type\" content=\"image\/jpeg\" \/>\n<meta name=\"twitter:card\" content=\"summary_large_image\" \/>\n<script type=\"application\/ld+json\" class=\"yoast-schema-graph\">{\"@context\":\"https:\\\/\\\/schema.org\",\"@graph\":[{\"@type\":\"WebPage\",\"@id\":\"https:\\\/\\\/lalmachine.com\\\/shop\\\/sasseoir\\\/chaise\\\/set-de-6-chaises-gammelgaard-et-mathiesen-pour-bent-krogh\\\/\",\"url\":\"https:\\\/\\\/lalmachine.com\\\/shop\\\/sasseoir\\\/chaise\\\/set-de-6-chaises-gammelgaard-et-mathiesen-pour-bent-krogh\\\/\",\"name\":\"Set de 6 chaises Gammelgaard et Mathiesen pour Bent Krogh | lalmachine.com\",\"isPartOf\":{\"@id\":\"https:\\\/\\\/lalmachine.com\\\/#website\"},\"primaryImageOfPage\":{\"@id\":\"https:\\\/\\\/lalmachine.com\\\/shop\\\/sasseoir\\\/chaise\\\/set-de-6-chaises-gammelgaard-et-mathiesen-pour-bent-krogh\\\/#primaryimage\"},\"image\":{\"@id\":\"https:\\\/\\\/lalmachine.com\\\/shop\\\/sasseoir\\\/chaise\\\/set-de-6-chaises-gammelgaard-et-mathiesen-pour-bent-krogh\\\/#primaryimage\"},\"thumbnailUrl\":\"https:\\\/\\\/lalmachine.com\\\/wp-content\\\/uploads\\\/2025\\\/06\\\/IMG_9249-scaled_clipped_rev_1.jpeg\",\"datePublished\":\"2025-06-04T08:59:43+00:00\",\"dateModified\":\"2025-10-29T05:14:11+00:00\",\"description\":\"Set de 6 chaises Gammelgaard et Mathiesen pour Bent Krogh\",\"breadcrumb\":{\"@id\":\"https:\\\/\\\/lalmachine.com\\\/shop\\\/sasseoir\\\/chaise\\\/set-de-6-chaises-gammelgaard-et-mathiesen-pour-bent-krogh\\\/#breadcrumb\"},\"inLanguage\":\"de\",\"potentialAction\":[{\"@type\":\"ReadAction\",\"target\":[\"https:\\\/\\\/lalmachine.com\\\/shop\\\/sasseoir\\\/chaise\\\/set-de-6-chaises-gammelgaard-et-mathiesen-pour-bent-krogh\\\/\"]}]},{\"@type\":\"ImageObject\",\"inLanguage\":\"de\",\"@id\":\"https:\\\/\\\/lalmachine.com\\\/shop\\\/sasseoir\\\/chaise\\\/set-de-6-chaises-gammelgaard-et-mathiesen-pour-bent-krogh\\\/#primaryimage\",\"url\":\"https:\\\/\\\/lalmachine.com\\\/wp-content\\\/uploads\\\/2025\\\/06\\\/IMG_9249-scaled_clipped_rev_1.jpeg\",\"contentUrl\":\"https:\\\/\\\/lalmachine.com\\\/wp-content\\\/uploads\\\/2025\\\/06\\\/IMG_9249-scaled_clipped_rev_1.jpeg\",\"width\":2274,\"height\":2274,\"caption\":\"Set de 6 chaises Gammelgaard et Mathiesen pour Bent Krogh\"},{\"@type\":\"BreadcrumbList\",\"@id\":\"https:\\\/\\\/lalmachine.com\\\/shop\\\/sasseoir\\\/chaise\\\/set-de-6-chaises-gammelgaard-et-mathiesen-pour-bent-krogh\\\/#breadcrumb\",\"itemListElement\":[{\"@type\":\"ListItem\",\"position\":1,\"name\":\"Accueil\",\"item\":\"https:\\\/\\\/lalmachine.com\\\/\"},{\"@type\":\"ListItem\",\"position\":2,\"name\":\"Shop\",\"item\":\"https:\\\/\\\/lalmachine.com\\\/shop\\\/\"},{\"@type\":\"ListItem\",\"position\":3,\"name\":\"Set de 6 chaises Gammelgaard et Mathiesen pour Bent Krogh\"}]},{\"@type\":\"WebSite\",\"@id\":\"https:\\\/\\\/lalmachine.com\\\/#website\",\"url\":\"https:\\\/\\\/lalmachine.com\\\/\",\"name\":\"lalmachine.com\",\"description\":\"Brocante en ligne Suisse | Mobilier et objets d\u00e9co vintage et design\",\"potentialAction\":[{\"@type\":\"SearchAction\",\"target\":{\"@type\":\"EntryPoint\",\"urlTemplate\":\"https:\\\/\\\/lalmachine.com\\\/?s={search_term_string}\"},\"query-input\":{\"@type\":\"PropertyValueSpecification\",\"valueRequired\":true,\"valueName\":\"search_term_string\"}}],\"inLanguage\":\"de\"}]}<\/script>\n<!-- \/ Yoast SEO plugin. -->","yoast_head_json":{"title":"Set de 6 chaises Gammelgaard et Mathiesen pour Bent Krogh | lalmachine.com","description":"Set de 6 chaises Gammelgaard et Mathiesen pour Bent Krogh","robots":{"index":"index","follow":"follow","max-snippet":"max-snippet:-1","max-image-preview":"max-image-preview:large","max-video-preview":"max-video-preview:-1"},"canonical":"https:\/\/lalmachine.com\/de\/shop\/sasseoir\/chaise\/set-de-6-chaises-gammelgaard-et-mathiesen-pour-bent-krogh\/","og_locale":"de_DE","og_type":"article","og_title":"Set de 6 chaises Gammelgaard et Mathiesen pour Bent Krogh | lalmachine.com","og_description":"Set de 6 chaises Gammelgaard et Mathiesen pour Bent Krogh","og_url":"https:\/\/lalmachine.com\/de\/shop\/sasseoir\/chaise\/set-de-6-chaises-gammelgaard-et-mathiesen-pour-bent-krogh\/","og_site_name":"lalmachine.com","article_publisher":"https:\/\/facebook.com\/lalmachine","article_modified_time":"2025-10-29T05:14:11+00:00","og_image":[{"width":2274,"height":2274,"url":"https:\/\/lalmachine.com\/wp-content\/uploads\/2025\/06\/IMG_9249-scaled_clipped_rev_1.jpeg","type":"image\/jpeg"}],"twitter_card":"summary_large_image","schema":{"@context":"https:\/\/schema.org","@graph":[{"@type":"WebPage","@id":"https:\/\/lalmachine.com\/shop\/sasseoir\/chaise\/set-de-6-chaises-gammelgaard-et-mathiesen-pour-bent-krogh\/","url":"https:\/\/lalmachine.com\/shop\/sasseoir\/chaise\/set-de-6-chaises-gammelgaard-et-mathiesen-pour-bent-krogh\/","name":"Set de 6 chaises Gammelgaard et Mathiesen pour Bent Krogh | lalmachine.com","isPartOf":{"@id":"https:\/\/lalmachine.com\/#website"},"primaryImageOfPage":{"@id":"https:\/\/lalmachine.com\/shop\/sasseoir\/chaise\/set-de-6-chaises-gammelgaard-et-mathiesen-pour-bent-krogh\/#primaryimage"},"image":{"@id":"https:\/\/lalmachine.com\/shop\/sasseoir\/chaise\/set-de-6-chaises-gammelgaard-et-mathiesen-pour-bent-krogh\/#primaryimage"},"thumbnailUrl":"https:\/\/lalmachine.com\/wp-content\/uploads\/2025\/06\/IMG_9249-scaled_clipped_rev_1.jpeg","datePublished":"2025-06-04T08:59:43+00:00","dateModified":"2025-10-29T05:14:11+00:00","description":"Set de 6 chaises Gammelgaard et Mathiesen pour Bent Krogh","breadcrumb":{"@id":"https:\/\/lalmachine.com\/shop\/sasseoir\/chaise\/set-de-6-chaises-gammelgaard-et-mathiesen-pour-bent-krogh\/#breadcrumb"},"inLanguage":"de","potentialAction":[{"@type":"ReadAction","target":["https:\/\/lalmachine.com\/shop\/sasseoir\/chaise\/set-de-6-chaises-gammelgaard-et-mathiesen-pour-bent-krogh\/"]}]},{"@type":"ImageObject","inLanguage":"de","@id":"https:\/\/lalmachine.com\/shop\/sasseoir\/chaise\/set-de-6-chaises-gammelgaard-et-mathiesen-pour-bent-krogh\/#primaryimage","url":"https:\/\/lalmachine.com\/wp-content\/uploads\/2025\/06\/IMG_9249-scaled_clipped_rev_1.jpeg","contentUrl":"https:\/\/lalmachine.com\/wp-content\/uploads\/2025\/06\/IMG_9249-scaled_clipped_rev_1.jpeg","width":2274,"height":2274,"caption":"Set de 6 chaises Gammelgaard et Mathiesen pour Bent Krogh"},{"@type":"BreadcrumbList","@id":"https:\/\/lalmachine.com\/shop\/sasseoir\/chaise\/set-de-6-chaises-gammelgaard-et-mathiesen-pour-bent-krogh\/#breadcrumb","itemListElement":[{"@type":"ListItem","position":1,"name":"Accueil","item":"https:\/\/lalmachine.com\/"},{"@type":"ListItem","position":2,"name":"Shop","item":"https:\/\/lalmachine.com\/shop\/"},{"@type":"ListItem","position":3,"name":"Set de 6 chaises Gammelgaard et Mathiesen pour Bent Krogh"}]},{"@type":"WebSite","@id":"https:\/\/lalmachine.com\/#website","url":"https:\/\/lalmachine.com\/","name":"lalmachine.com","description":"Brocante en ligne Suisse | Mobilier et objets d\u00e9co vintage et design","potentialAction":[{"@type":"SearchAction","target":{"@type":"EntryPoint","urlTemplate":"https:\/\/lalmachine.com\/?s={search_term_string}"},"query-input":{"@type":"PropertyValueSpecification","valueRequired":true,"valueName":"search_term_string"}}],"inLanguage":"de"}]}},"_links":{"self":[{"href":"https:\/\/lalmachine.com\/de\/wp-json\/wp\/v2\/product\/348170","targetHints":{"allow":["GET"]}}],"collection":[{"href":"https:\/\/lalmachine.com\/de\/wp-json\/wp\/v2\/product"}],"about":[{"href":"https:\/\/lalmachine.com\/de\/wp-json\/wp\/v2\/types\/product"}],"wp:featuredmedia":[{"embeddable":true,"href":"https:\/\/lalmachine.com\/de\/wp-json\/wp\/v2\/media\/348203"}],"wp:attachment":[{"href":"https:\/\/lalmachine.com\/de\/wp-json\/wp\/v2\/media?parent=348170"}],"wp:term":[{"taxonomy":"product_brand","embeddable":true,"href":"https:\/\/lalmachine.com\/de\/wp-json\/wp\/v2\/product_brand?post=348170"},{"taxonomy":"product_cat","embeddable":true,"href":"https:\/\/lalmachine.com\/de\/wp-json\/wp\/v2\/product_cat?post=348170"},{"taxonomy":"product_tag","embeddable":true,"href":"https:\/\/lalmachine.com\/de\/wp-json\/wp\/v2\/product_tag?post=348170"},{"taxonomy":"proximite","embeddable":true,"href":"https:\/\/lalmachine.com\/de\/wp-json\/wp\/v2\/proximite?post=348170"}],"curies":[{"name":"wp","href":"https:\/\/api.w.org\/{rel}","templated":true}]}}