{"id":348569,"date":"2025-06-16T10:23:32","date_gmt":"2025-06-16T08:23:32","guid":{"rendered":"https:\/\/lalmachine.com\/?post_type=product&#038;p=348569"},"modified":"2025-11-21T18:48:01","modified_gmt":"2025-11-21T17:48:01","slug":"cabinet-en-chene-schwaller-mobel-suisse-1970s","status":"publish","type":"product","link":"https:\/\/lalmachine.com\/de\/shop\/meubler\/meuble-de-rangement\/cabinet-en-chene-schwaller-mobel-suisse-1970s\/","title":{"rendered":"Cabinet en ch\u00eane, Schwaller M\u00f6bel, Suisse, 1970&rsquo;s"},"content":{"rendered":"<ul class=\"wpuf_customs\"><li style=\"list-style-type:none;\"><label>Autres photos:<\/label> <a href=\"https:\/\/lalmachine.com\/wp-content\/uploads\/2025\/06\/EC6FB669-247E-4DFC-965D-D89B4261D947_1_201_a-scaled.jpeg\"><img loading=\"lazy\" decoding=\"async\" width=\"96\" height=\"96\" src=\"https:\/\/lalmachine.com\/wp-content\/uploads\/2025\/06\/EC6FB669-247E-4DFC-965D-D89B4261D947_1_201_a-scaled.jpeg\" class=\"attachment-thumbnail size-thumbnail\" alt=\"\" \/><\/a> <a href=\"https:\/\/lalmachine.com\/wp-content\/uploads\/2025\/06\/3C15CDC3-2FE2-4BBE-A7A5-CD7C82190703_1_201_a-scaled.jpeg\"><img loading=\"lazy\" decoding=\"async\" width=\"96\" height=\"96\" src=\"https:\/\/lalmachine.com\/wp-content\/uploads\/2025\/06\/3C15CDC3-2FE2-4BBE-A7A5-CD7C82190703_1_201_a-scaled.jpeg\" class=\"attachment-thumbnail size-thumbnail\" alt=\"\" \/><\/a> <a href=\"https:\/\/lalmachine.com\/wp-content\/uploads\/2025\/06\/8FA22336-0335-4B98-85BF-E6127D9E0FD3_1_201_a-scaled.jpeg\"><img loading=\"lazy\" decoding=\"async\" width=\"96\" height=\"96\" src=\"https:\/\/lalmachine.com\/wp-content\/uploads\/2025\/06\/8FA22336-0335-4B98-85BF-E6127D9E0FD3_1_201_a-scaled.jpeg\" class=\"attachment-thumbnail size-thumbnail\" alt=\"\" \/><\/a> <a href=\"https:\/\/lalmachine.com\/wp-content\/uploads\/2025\/06\/C2846824-53F4-43C8-91E2-69272EAA0BB3_1_201_a-scaled.jpeg\"><img loading=\"lazy\" decoding=\"async\" width=\"96\" height=\"96\" src=\"https:\/\/lalmachine.com\/wp-content\/uploads\/2025\/06\/C2846824-53F4-43C8-91E2-69272EAA0BB3_1_201_a-scaled.jpeg\" class=\"attachment-thumbnail size-thumbnail\" alt=\"\" \/><\/a> <a href=\"https:\/\/lalmachine.com\/wp-content\/uploads\/2025\/06\/079F5069-EA7F-463F-BC42-EE669DE9DD22_1_201_a-scaled.jpeg\"><img loading=\"lazy\" decoding=\"async\" width=\"96\" height=\"96\" src=\"https:\/\/lalmachine.com\/wp-content\/uploads\/2025\/06\/079F5069-EA7F-463F-BC42-EE669DE9DD22_1_201_a-scaled.jpeg\" class=\"attachment-thumbnail size-thumbnail\" alt=\"\" \/><\/a> <a href=\"https:\/\/lalmachine.com\/wp-content\/uploads\/2025\/06\/A5066D74-0140-4A4F-BFCC-F75E37E9A7F9_1_201_a.jpeg\"><img loading=\"lazy\" decoding=\"async\" width=\"96\" height=\"96\" src=\"https:\/\/lalmachine.com\/wp-content\/uploads\/2025\/06\/A5066D74-0140-4A4F-BFCC-F75E37E9A7F9_1_201_a.jpeg\" class=\"attachment-thumbnail size-thumbnail\" alt=\"\" \/><\/a> <a href=\"https:\/\/lalmachine.com\/wp-content\/uploads\/2025\/06\/CFE0FB18-89C5-4772-B875-B1658EB6BEEF_1_201_a-scaled.jpeg\"><img loading=\"lazy\" decoding=\"async\" width=\"77\" height=\"96\" src=\"https:\/\/lalmachine.com\/wp-content\/uploads\/2025\/06\/CFE0FB18-89C5-4772-B875-B1658EB6BEEF_1_201_a-scaled.jpeg\" class=\"attachment-thumbnail size-thumbnail\" alt=\"\" \/><\/a> <a href=\"https:\/\/lalmachine.com\/wp-content\/uploads\/2025\/06\/E35C468B-E916-44F9-AAF7-52825035D468_1_201_a-scaled.jpeg\"><img loading=\"lazy\" decoding=\"async\" width=\"77\" height=\"96\" src=\"https:\/\/lalmachine.com\/wp-content\/uploads\/2025\/06\/E35C468B-E916-44F9-AAF7-52825035D468_1_201_a-scaled.jpeg\" class=\"attachment-thumbnail size-thumbnail\" alt=\"\" \/><\/a> <a href=\"https:\/\/lalmachine.com\/wp-content\/uploads\/2025\/06\/F3E160D6-9739-462E-BAE4-51F3563656AB_1_201_a-scaled.jpeg\"><img loading=\"lazy\" decoding=\"async\" width=\"77\" height=\"96\" src=\"https:\/\/lalmachine.com\/wp-content\/uploads\/2025\/06\/F3E160D6-9739-462E-BAE4-51F3563656AB_1_201_a-scaled.jpeg\" class=\"attachment-thumbnail size-thumbnail\" alt=\"\" \/><\/a> <a href=\"https:\/\/lalmachine.com\/wp-content\/uploads\/2025\/06\/51AA6F75-D8A7-49C1-BFBF-8CB95122523B_1_201_a-scaled.jpeg\"><img loading=\"lazy\" decoding=\"async\" width=\"77\" height=\"96\" src=\"https:\/\/lalmachine.com\/wp-content\/uploads\/2025\/06\/51AA6F75-D8A7-49C1-BFBF-8CB95122523B_1_201_a-scaled.jpeg\" class=\"attachment-thumbnail size-thumbnail\" alt=\"\" \/><\/a> <a href=\"https:\/\/lalmachine.com\/wp-content\/uploads\/2025\/06\/F06930F2-D406-46D3-8283-D4DB184C86DD_1_201_a-scaled.jpeg\"><img loading=\"lazy\" decoding=\"async\" width=\"96\" height=\"96\" src=\"https:\/\/lalmachine.com\/wp-content\/uploads\/2025\/06\/F06930F2-D406-46D3-8283-D4DB184C86DD_1_201_a-scaled.jpeg\" class=\"attachment-thumbnail size-thumbnail\" alt=\"\" \/><\/a> <\/li>        <li class=\"wpuf-field-data wpuf-field-data-numeric_text_field\">\n                            <label>Prix:<\/label>\n                        1400        <\/li>\n                <li class=\"wpuf-field-data wpuf-field-data-numeric_text_field\">\n                            <label>Hauteur (cm):<\/label>\n                        118        <\/li>\n                <li class=\"wpuf-field-data wpuf-field-data-numeric_text_field\">\n                            <label>Largeur (cm):<\/label>\n                        120        <\/li>\n                <li class=\"wpuf-field-data wpuf-field-data-numeric_text_field\">\n                            <label>Profondeur (cm):<\/label>\n                        50        <\/li>\n        <\/ul>","protected":false},"excerpt":{"rendered":"<p>Combien y a-t-il de carr\u00e9 sur cette figure ?<\/p>\n<p>C&rsquo;est certainement apr\u00e8s avoir r\u00e9solu ce type d&rsquo;\u00e9nigme qu&rsquo;un des \u00e9b\u00e9nistes de la firme de Worb s&rsquo;est ent\u00eat\u00e9 \u00e0 vouloir reproduire le dit dessin pour notre plus grand bonheur.<\/p>\n<p>Ce cabinet issu des ateliers d&rsquo;Ernst Schwaller est une fois de plus la preuve que la philosophie helv\u00e9tique se refl\u00e8te dans son savoir-faire. Il \u00e9mane effectivement de cette pi\u00e8ce une certaine id\u00e9e qui englobe pragmatisme, sens du d\u00e9tail et efficacit\u00e9.<\/p>\n<p>Un design sobre et \u00e9l\u00e9gant, de belles portes \u00e0 panneaux assembl\u00e9s carr\u00e9s, le tout encadr\u00e9 par une multitude de joints n\u00e9gatifs soulignant \u00e0 merveille toute la g\u00e9om\u00e9trie du meuble. Pour ceux qui n&rsquo;ont pas encore saisi le ma\u00eetre mot, nous vous laissons examiner plus calmement la forme de la clef.<\/p>\n<p>En bref, de loin c&rsquo;est simple, mais c&rsquo;est loin d&rsquo;\u00eatre simple.<\/p>","protected":false},"featured_media":348671,"template":"","meta":{"_et_pb_use_builder":"","_et_pb_old_content":"","_et_gb_content_width":""},"product_brand":[],"product_cat":[83,47],"product_tag":[],"proximite":[283,179],"class_list":{"0":"post-348569","1":"product","2":"type-product","3":"status-publish","4":"has-post-thumbnail","6":"product_cat-meuble-de-rangement","7":"product_cat-meubler","8":"pa_couleur-bois","9":"pa_etat-tres-bon-etat","10":"pa_materiau-bois","11":"pa_style-vintage","12":"proximite-riviera-pays-denhaut","13":"proximite-vaud","15":"first","16":"outofstock","17":"sale","18":"shipping-taxable","19":"purchasable","20":"product-type-simple"},"yoast_head":"<!-- This site is optimized with the Yoast SEO plugin v27.4 - https:\/\/yoast.com\/product\/yoast-seo-wordpress\/ -->\n<title>Cabinet en ch\u00eane, Schwaller M\u00f6bel, Suisse, 1970&#039;s | lalmachine.com<\/title>\n<meta name=\"description\" content=\"Cabinet en ch\u00eane, Schwaller M\u00f6bel, Suisse, 1970&#039;s\" \/>\n<meta name=\"robots\" content=\"index, follow, max-snippet:-1, max-image-preview:large, max-video-preview:-1\" \/>\n<link rel=\"canonical\" href=\"https:\/\/lalmachine.com\/de\/shop\/meubler\/meuble-de-rangement\/cabinet-en-chene-schwaller-mobel-suisse-1970s\/\" \/>\n<meta property=\"og:locale\" content=\"de_DE\" \/>\n<meta property=\"og:type\" content=\"article\" \/>\n<meta property=\"og:title\" content=\"Cabinet en ch\u00eane, Schwaller M\u00f6bel, Suisse, 1970&#039;s | lalmachine.com\" \/>\n<meta property=\"og:description\" content=\"Cabinet en ch\u00eane, Schwaller M\u00f6bel, Suisse, 1970&#039;s\" \/>\n<meta property=\"og:url\" content=\"https:\/\/lalmachine.com\/de\/shop\/meubler\/meuble-de-rangement\/cabinet-en-chene-schwaller-mobel-suisse-1970s\/\" \/>\n<meta property=\"og:site_name\" content=\"lalmachine.com\" \/>\n<meta property=\"article:publisher\" content=\"https:\/\/facebook.com\/lalmachine\" \/>\n<meta property=\"article:modified_time\" content=\"2025-11-21T17:48:01+00:00\" \/>\n<meta property=\"og:image\" content=\"https:\/\/lalmachine.com\/wp-content\/uploads\/2025\/06\/98274AC2-A212-4AD8-9814-7A7709F67A23_1_201_a-scaled_clipped_rev_1.jpeg\" \/>\n\t<meta property=\"og:image:width\" content=\"2384\" \/>\n\t<meta property=\"og:image:height\" content=\"2385\" \/>\n\t<meta property=\"og:image:type\" content=\"image\/jpeg\" \/>\n<meta name=\"twitter:card\" content=\"summary_large_image\" \/>\n<script type=\"application\/ld+json\" class=\"yoast-schema-graph\">{\"@context\":\"https:\\\/\\\/schema.org\",\"@graph\":[{\"@type\":\"WebPage\",\"@id\":\"https:\\\/\\\/lalmachine.com\\\/shop\\\/meubler\\\/meuble-de-rangement\\\/cabinet-en-chene-schwaller-mobel-suisse-1970s\\\/\",\"url\":\"https:\\\/\\\/lalmachine.com\\\/shop\\\/meubler\\\/meuble-de-rangement\\\/cabinet-en-chene-schwaller-mobel-suisse-1970s\\\/\",\"name\":\"Cabinet en ch\u00eane, Schwaller M\u00f6bel, Suisse, 1970's | lalmachine.com\",\"isPartOf\":{\"@id\":\"https:\\\/\\\/lalmachine.com\\\/#website\"},\"primaryImageOfPage\":{\"@id\":\"https:\\\/\\\/lalmachine.com\\\/shop\\\/meubler\\\/meuble-de-rangement\\\/cabinet-en-chene-schwaller-mobel-suisse-1970s\\\/#primaryimage\"},\"image\":{\"@id\":\"https:\\\/\\\/lalmachine.com\\\/shop\\\/meubler\\\/meuble-de-rangement\\\/cabinet-en-chene-schwaller-mobel-suisse-1970s\\\/#primaryimage\"},\"thumbnailUrl\":\"https:\\\/\\\/lalmachine.com\\\/wp-content\\\/uploads\\\/2025\\\/06\\\/98274AC2-A212-4AD8-9814-7A7709F67A23_1_201_a-scaled_clipped_rev_1.jpeg\",\"datePublished\":\"2025-06-16T08:23:32+00:00\",\"dateModified\":\"2025-11-21T17:48:01+00:00\",\"description\":\"Cabinet en ch\u00eane, Schwaller M\u00f6bel, Suisse, 1970's\",\"breadcrumb\":{\"@id\":\"https:\\\/\\\/lalmachine.com\\\/shop\\\/meubler\\\/meuble-de-rangement\\\/cabinet-en-chene-schwaller-mobel-suisse-1970s\\\/#breadcrumb\"},\"inLanguage\":\"de\",\"potentialAction\":[{\"@type\":\"ReadAction\",\"target\":[\"https:\\\/\\\/lalmachine.com\\\/shop\\\/meubler\\\/meuble-de-rangement\\\/cabinet-en-chene-schwaller-mobel-suisse-1970s\\\/\"]}]},{\"@type\":\"ImageObject\",\"inLanguage\":\"de\",\"@id\":\"https:\\\/\\\/lalmachine.com\\\/shop\\\/meubler\\\/meuble-de-rangement\\\/cabinet-en-chene-schwaller-mobel-suisse-1970s\\\/#primaryimage\",\"url\":\"https:\\\/\\\/lalmachine.com\\\/wp-content\\\/uploads\\\/2025\\\/06\\\/98274AC2-A212-4AD8-9814-7A7709F67A23_1_201_a-scaled_clipped_rev_1.jpeg\",\"contentUrl\":\"https:\\\/\\\/lalmachine.com\\\/wp-content\\\/uploads\\\/2025\\\/06\\\/98274AC2-A212-4AD8-9814-7A7709F67A23_1_201_a-scaled_clipped_rev_1.jpeg\",\"width\":2384,\"height\":2385},{\"@type\":\"BreadcrumbList\",\"@id\":\"https:\\\/\\\/lalmachine.com\\\/shop\\\/meubler\\\/meuble-de-rangement\\\/cabinet-en-chene-schwaller-mobel-suisse-1970s\\\/#breadcrumb\",\"itemListElement\":[{\"@type\":\"ListItem\",\"position\":1,\"name\":\"Accueil\",\"item\":\"https:\\\/\\\/lalmachine.com\\\/\"},{\"@type\":\"ListItem\",\"position\":2,\"name\":\"Shop\",\"item\":\"https:\\\/\\\/lalmachine.com\\\/shop\\\/\"},{\"@type\":\"ListItem\",\"position\":3,\"name\":\"Cabinet en ch\u00eane, Schwaller M\u00f6bel, Suisse, 1970&#8217;s\"}]},{\"@type\":\"WebSite\",\"@id\":\"https:\\\/\\\/lalmachine.com\\\/#website\",\"url\":\"https:\\\/\\\/lalmachine.com\\\/\",\"name\":\"lalmachine.com\",\"description\":\"Brocante en ligne Suisse | Mobilier et objets d\u00e9co vintage et design\",\"potentialAction\":[{\"@type\":\"SearchAction\",\"target\":{\"@type\":\"EntryPoint\",\"urlTemplate\":\"https:\\\/\\\/lalmachine.com\\\/?s={search_term_string}\"},\"query-input\":{\"@type\":\"PropertyValueSpecification\",\"valueRequired\":true,\"valueName\":\"search_term_string\"}}],\"inLanguage\":\"de\"}]}<\/script>\n<!-- \/ Yoast SEO plugin. -->","yoast_head_json":{"title":"Cabinet en ch\u00eane, Schwaller M\u00f6bel, Suisse, 1970's | lalmachine.com","description":"Cabinet en ch\u00eane, Schwaller M\u00f6bel, Suisse, 1970's","robots":{"index":"index","follow":"follow","max-snippet":"max-snippet:-1","max-image-preview":"max-image-preview:large","max-video-preview":"max-video-preview:-1"},"canonical":"https:\/\/lalmachine.com\/de\/shop\/meubler\/meuble-de-rangement\/cabinet-en-chene-schwaller-mobel-suisse-1970s\/","og_locale":"de_DE","og_type":"article","og_title":"Cabinet en ch\u00eane, Schwaller M\u00f6bel, Suisse, 1970's | lalmachine.com","og_description":"Cabinet en ch\u00eane, Schwaller M\u00f6bel, Suisse, 1970's","og_url":"https:\/\/lalmachine.com\/de\/shop\/meubler\/meuble-de-rangement\/cabinet-en-chene-schwaller-mobel-suisse-1970s\/","og_site_name":"lalmachine.com","article_publisher":"https:\/\/facebook.com\/lalmachine","article_modified_time":"2025-11-21T17:48:01+00:00","og_image":[{"width":2384,"height":2385,"url":"https:\/\/lalmachine.com\/wp-content\/uploads\/2025\/06\/98274AC2-A212-4AD8-9814-7A7709F67A23_1_201_a-scaled_clipped_rev_1.jpeg","type":"image\/jpeg"}],"twitter_card":"summary_large_image","schema":{"@context":"https:\/\/schema.org","@graph":[{"@type":"WebPage","@id":"https:\/\/lalmachine.com\/shop\/meubler\/meuble-de-rangement\/cabinet-en-chene-schwaller-mobel-suisse-1970s\/","url":"https:\/\/lalmachine.com\/shop\/meubler\/meuble-de-rangement\/cabinet-en-chene-schwaller-mobel-suisse-1970s\/","name":"Cabinet en ch\u00eane, Schwaller M\u00f6bel, Suisse, 1970's | lalmachine.com","isPartOf":{"@id":"https:\/\/lalmachine.com\/#website"},"primaryImageOfPage":{"@id":"https:\/\/lalmachine.com\/shop\/meubler\/meuble-de-rangement\/cabinet-en-chene-schwaller-mobel-suisse-1970s\/#primaryimage"},"image":{"@id":"https:\/\/lalmachine.com\/shop\/meubler\/meuble-de-rangement\/cabinet-en-chene-schwaller-mobel-suisse-1970s\/#primaryimage"},"thumbnailUrl":"https:\/\/lalmachine.com\/wp-content\/uploads\/2025\/06\/98274AC2-A212-4AD8-9814-7A7709F67A23_1_201_a-scaled_clipped_rev_1.jpeg","datePublished":"2025-06-16T08:23:32+00:00","dateModified":"2025-11-21T17:48:01+00:00","description":"Cabinet en ch\u00eane, Schwaller M\u00f6bel, Suisse, 1970's","breadcrumb":{"@id":"https:\/\/lalmachine.com\/shop\/meubler\/meuble-de-rangement\/cabinet-en-chene-schwaller-mobel-suisse-1970s\/#breadcrumb"},"inLanguage":"de","potentialAction":[{"@type":"ReadAction","target":["https:\/\/lalmachine.com\/shop\/meubler\/meuble-de-rangement\/cabinet-en-chene-schwaller-mobel-suisse-1970s\/"]}]},{"@type":"ImageObject","inLanguage":"de","@id":"https:\/\/lalmachine.com\/shop\/meubler\/meuble-de-rangement\/cabinet-en-chene-schwaller-mobel-suisse-1970s\/#primaryimage","url":"https:\/\/lalmachine.com\/wp-content\/uploads\/2025\/06\/98274AC2-A212-4AD8-9814-7A7709F67A23_1_201_a-scaled_clipped_rev_1.jpeg","contentUrl":"https:\/\/lalmachine.com\/wp-content\/uploads\/2025\/06\/98274AC2-A212-4AD8-9814-7A7709F67A23_1_201_a-scaled_clipped_rev_1.jpeg","width":2384,"height":2385},{"@type":"BreadcrumbList","@id":"https:\/\/lalmachine.com\/shop\/meubler\/meuble-de-rangement\/cabinet-en-chene-schwaller-mobel-suisse-1970s\/#breadcrumb","itemListElement":[{"@type":"ListItem","position":1,"name":"Accueil","item":"https:\/\/lalmachine.com\/"},{"@type":"ListItem","position":2,"name":"Shop","item":"https:\/\/lalmachine.com\/shop\/"},{"@type":"ListItem","position":3,"name":"Cabinet en ch\u00eane, Schwaller M\u00f6bel, Suisse, 1970&#8217;s"}]},{"@type":"WebSite","@id":"https:\/\/lalmachine.com\/#website","url":"https:\/\/lalmachine.com\/","name":"lalmachine.com","description":"Brocante en ligne Suisse | Mobilier et objets d\u00e9co vintage et design","potentialAction":[{"@type":"SearchAction","target":{"@type":"EntryPoint","urlTemplate":"https:\/\/lalmachine.com\/?s={search_term_string}"},"query-input":{"@type":"PropertyValueSpecification","valueRequired":true,"valueName":"search_term_string"}}],"inLanguage":"de"}]}},"_links":{"self":[{"href":"https:\/\/lalmachine.com\/de\/wp-json\/wp\/v2\/product\/348569","targetHints":{"allow":["GET"]}}],"collection":[{"href":"https:\/\/lalmachine.com\/de\/wp-json\/wp\/v2\/product"}],"about":[{"href":"https:\/\/lalmachine.com\/de\/wp-json\/wp\/v2\/types\/product"}],"wp:featuredmedia":[{"embeddable":true,"href":"https:\/\/lalmachine.com\/de\/wp-json\/wp\/v2\/media\/348671"}],"wp:attachment":[{"href":"https:\/\/lalmachine.com\/de\/wp-json\/wp\/v2\/media?parent=348569"}],"wp:term":[{"taxonomy":"product_brand","embeddable":true,"href":"https:\/\/lalmachine.com\/de\/wp-json\/wp\/v2\/product_brand?post=348569"},{"taxonomy":"product_cat","embeddable":true,"href":"https:\/\/lalmachine.com\/de\/wp-json\/wp\/v2\/product_cat?post=348569"},{"taxonomy":"product_tag","embeddable":true,"href":"https:\/\/lalmachine.com\/de\/wp-json\/wp\/v2\/product_tag?post=348569"},{"taxonomy":"proximite","embeddable":true,"href":"https:\/\/lalmachine.com\/de\/wp-json\/wp\/v2\/proximite?post=348569"}],"curies":[{"name":"wp","href":"https:\/\/api.w.org\/{rel}","templated":true}]}}