{"id":348572,"date":"2025-06-16T10:23:34","date_gmt":"2025-06-16T08:23:34","guid":{"rendered":"https:\/\/lalmachine.com\/?post_type=product&#038;p=348572"},"modified":"2025-10-06T13:46:21","modified_gmt":"2025-10-06T11:46:21","slug":"chiffonnier-en-chene-schwaller-mobel-suisse-1970s","status":"publish","type":"product","link":"https:\/\/lalmachine.com\/de\/shop\/meubler\/meuble-de-rangement\/chiffonnier-en-chene-schwaller-mobel-suisse-1970s\/","title":{"rendered":"Chiffonnier en ch\u00eane, Schwaller M\u00f6bel, Suisse, 1970&rsquo;s"},"content":{"rendered":"<ul class=\"wpuf_customs\"><li style=\"list-style-type:none;\"><label>Autres photos:<\/label> <a href=\"https:\/\/lalmachine.com\/wp-content\/uploads\/2025\/06\/320AF3D0-5399-4EDB-8C29-E2E8462737D4_1_201_a-scaled.jpeg\"><img loading=\"lazy\" decoding=\"async\" width=\"96\" height=\"96\" src=\"https:\/\/lalmachine.com\/wp-content\/uploads\/2025\/06\/320AF3D0-5399-4EDB-8C29-E2E8462737D4_1_201_a-scaled.jpeg\" class=\"attachment-thumbnail size-thumbnail\" alt=\"\" \/><\/a> <a href=\"https:\/\/lalmachine.com\/wp-content\/uploads\/2025\/06\/6BAF2A90-C48B-40FE-9DE9-7E5D742211A3_1_201_a-scaled.jpeg\"><img loading=\"lazy\" decoding=\"async\" width=\"96\" height=\"96\" src=\"https:\/\/lalmachine.com\/wp-content\/uploads\/2025\/06\/6BAF2A90-C48B-40FE-9DE9-7E5D742211A3_1_201_a-scaled.jpeg\" class=\"attachment-thumbnail size-thumbnail\" alt=\"\" \/><\/a> <a href=\"https:\/\/lalmachine.com\/wp-content\/uploads\/2025\/06\/F637A6B6-3A94-41DB-BEF4-AABD622CBF57_1_201_a-scaled.jpeg\"><img loading=\"lazy\" decoding=\"async\" width=\"96\" height=\"96\" src=\"https:\/\/lalmachine.com\/wp-content\/uploads\/2025\/06\/F637A6B6-3A94-41DB-BEF4-AABD622CBF57_1_201_a-scaled.jpeg\" class=\"attachment-thumbnail size-thumbnail\" alt=\"\" \/><\/a> <a href=\"https:\/\/lalmachine.com\/wp-content\/uploads\/2025\/06\/2DC81884-335D-4C6D-9DE6-7865CD82BB73_1_201_a-scaled.jpeg\"><img loading=\"lazy\" decoding=\"async\" width=\"96\" height=\"96\" src=\"https:\/\/lalmachine.com\/wp-content\/uploads\/2025\/06\/2DC81884-335D-4C6D-9DE6-7865CD82BB73_1_201_a-scaled.jpeg\" class=\"attachment-thumbnail size-thumbnail\" alt=\"\" \/><\/a> <a href=\"https:\/\/lalmachine.com\/wp-content\/uploads\/2025\/06\/63E4E94E-F886-45BE-B862-8E4B8858FBA7_1_201_a-scaled.jpeg\"><img loading=\"lazy\" decoding=\"async\" width=\"96\" height=\"96\" src=\"https:\/\/lalmachine.com\/wp-content\/uploads\/2025\/06\/63E4E94E-F886-45BE-B862-8E4B8858FBA7_1_201_a-scaled.jpeg\" class=\"attachment-thumbnail size-thumbnail\" alt=\"\" \/><\/a> <a href=\"https:\/\/lalmachine.com\/wp-content\/uploads\/2025\/06\/B7EDDA56-7C31-4F5C-9601-0016A620A459-scaled.jpeg\"><img loading=\"lazy\" decoding=\"async\" width=\"64\" height=\"96\" src=\"https:\/\/lalmachine.com\/wp-content\/uploads\/2025\/06\/B7EDDA56-7C31-4F5C-9601-0016A620A459-scaled.jpeg\" class=\"attachment-thumbnail size-thumbnail\" alt=\"\" \/><\/a> <a href=\"https:\/\/lalmachine.com\/wp-content\/uploads\/2025\/06\/2A164F0E-7690-4973-AA14-9C8B2C54096C-scaled.jpeg\"><img loading=\"lazy\" decoding=\"async\" width=\"64\" height=\"96\" src=\"https:\/\/lalmachine.com\/wp-content\/uploads\/2025\/06\/2A164F0E-7690-4973-AA14-9C8B2C54096C-scaled.jpeg\" class=\"attachment-thumbnail size-thumbnail\" alt=\"\" \/><\/a> <a href=\"https:\/\/lalmachine.com\/wp-content\/uploads\/2025\/06\/514E6FFE-1889-4CB0-808C-5E286FD81E54_1_201_a.jpeg\"><img loading=\"lazy\" decoding=\"async\" width=\"96\" height=\"96\" src=\"https:\/\/lalmachine.com\/wp-content\/uploads\/2025\/06\/514E6FFE-1889-4CB0-808C-5E286FD81E54_1_201_a.jpeg\" class=\"attachment-thumbnail size-thumbnail\" alt=\"\" \/><\/a> <\/li>        <li class=\"wpuf-field-data wpuf-field-data-numeric_text_field\">\n                            <label>Prix:<\/label>\n                        680        <\/li>\n                <li class=\"wpuf-field-data wpuf-field-data-numeric_text_field\">\n                            <label>Quantit\u00e9:<\/label>\n                        0        <\/li>\n                <li class=\"wpuf-field-data wpuf-field-data-numeric_text_field\">\n                            <label>Hauteur (cm):<\/label>\n                        118        <\/li>\n                <li class=\"wpuf-field-data wpuf-field-data-numeric_text_field\">\n                            <label>Largeur (cm):<\/label>\n                        68        <\/li>\n                <li class=\"wpuf-field-data wpuf-field-data-numeric_text_field\">\n                            <label>Profondeur (cm):<\/label>\n                        50        <\/li>\n        <\/ul>","protected":false},"excerpt":{"rendered":"<p>\u00c0 croire qu&rsquo;autrefois les anciens vouaient un v\u00e9ritable culte au chiffons pour cr\u00e9er de si beaux sanctuaires destin\u00e9s \u00e0 accueillir de si vulgaires loques.<\/p>\n<p>Vous l&rsquo;aurez compris nous sommes bien loin du compte. Faisons un peu d&rsquo;histoire, voulez-vous ? Si le m\u00e9tier pr\u00e9caire de chiffonnier consistait nagu\u00e8re \u00e0 ramasser toutes sortes de petites choses pour les revendre de mani\u00e8re informelle, il semble que ce type de meuble soit en quelque sorte \u201cl&rsquo;incarnation mobili\u00e8re\u201d de ces personnages, aujourd&rsquo;hui disparu des paysages de nos soci\u00e9t\u00e9s occidentales.<\/p>\n<p>Cr\u00e9\u00e9 aux alentours du XVIII\u00e8me si\u00e8cle, le meuble chiffonnier est consid\u00e9r\u00e9 comme une \u00e9volution de la commode. L&rsquo;intimit\u00e9 gagnant en importance \u00e0 cette \u00e9poque, on cherche alors \u00e0 entreposer soigneusement dans un meuble esth\u00e9tique de petites choses comme certaines \u00e9toffes fragiles, bijoux et documents. Plus besoin donc d\u2019autant de volume qu&rsquo;une commode massive, on aime utiliser ce meuble qui occupe peu d&rsquo;espace au sol et qui reste facilement accessible gr\u00e2ce \u00e0 sa verticalit\u00e9.<\/p>\n<p>Cette version des ann\u00e9es 70 montre quant \u00e0 elle de g\u00e9n\u00e9reux espaces de rangement allant bien au-del\u00e0 des standards d&rsquo;il y a 300 ans. D\u2019ailleurs, nul besoin de commode pour compl\u00e9ter, avec un peu d&rsquo;organisation ses 5 larges tiroirs suffisent all\u00e8grement \u00e0 organiser toutes les petites choses qui s&rsquo;installent un peu partout chez vous. Utilisez-la comme rangement dans une chambre, une entr\u00e9e ou au salon, habillez-la d&rsquo;une belle lampe ou d&rsquo;un petit tableau juste au-dessus et vous ne pourrez plus vous en s\u00e9parer !<\/p>\n<p>Ce chiffonnier est issu des ateliers d&rsquo;Ernst Schwaller, fabrique de mobilier Suisse \u00e0 Worb cr\u00e9\u00e9e en 1908 qui a ferm\u00e9 ses portes.<\/p>","protected":false},"featured_media":348672,"template":"","meta":{"_et_pb_use_builder":"","_et_pb_old_content":"","_et_gb_content_width":""},"product_brand":[],"product_cat":[83,47],"product_tag":[],"proximite":[283,179],"class_list":{"0":"post-348572","1":"product","2":"type-product","3":"status-publish","4":"has-post-thumbnail","6":"product_cat-meuble-de-rangement","7":"product_cat-meubler","8":"pa_couleur-bois","9":"pa_etat-bon-etat","10":"pa_materiau-bois","11":"pa_style-vintage","12":"proximite-riviera-pays-denhaut","13":"proximite-vaud","15":"first","16":"outofstock","17":"sale","18":"shipping-taxable","19":"purchasable","20":"product-type-simple"},"yoast_head":"<!-- This site is optimized with the Yoast SEO plugin v27.4 - https:\/\/yoast.com\/product\/yoast-seo-wordpress\/ -->\n<title>Chiffonnier en ch\u00eane, Schwaller M\u00f6bel, Suisse, 1970&#039;s | lalmachine.com<\/title>\n<meta name=\"description\" content=\"Chiffonnier en ch\u00eane, Schwaller M\u00f6bel\" \/>\n<meta name=\"robots\" content=\"index, follow, max-snippet:-1, max-image-preview:large, max-video-preview:-1\" \/>\n<link rel=\"canonical\" href=\"https:\/\/lalmachine.com\/de\/shop\/meubler\/meuble-de-rangement\/chiffonnier-en-chene-schwaller-mobel-suisse-1970s\/\" \/>\n<meta property=\"og:locale\" content=\"de_DE\" \/>\n<meta property=\"og:type\" content=\"article\" \/>\n<meta property=\"og:title\" content=\"Chiffonnier en ch\u00eane, Schwaller M\u00f6bel, Suisse, 1970&#039;s | lalmachine.com\" \/>\n<meta property=\"og:description\" content=\"Chiffonnier en ch\u00eane, Schwaller M\u00f6bel\" \/>\n<meta property=\"og:url\" content=\"https:\/\/lalmachine.com\/de\/shop\/meubler\/meuble-de-rangement\/chiffonnier-en-chene-schwaller-mobel-suisse-1970s\/\" \/>\n<meta property=\"og:site_name\" content=\"lalmachine.com\" \/>\n<meta property=\"article:publisher\" content=\"https:\/\/facebook.com\/lalmachine\" \/>\n<meta property=\"article:modified_time\" content=\"2025-10-06T11:46:21+00:00\" \/>\n<meta property=\"og:image\" content=\"https:\/\/lalmachine.com\/wp-content\/uploads\/2025\/06\/320AF3D0-5399-4EDB-8C29-E2E8462737D4_1_201_a-Photoroom-1_clipped_rev_1.jpeg\" \/>\n\t<meta property=\"og:image:width\" content=\"1622\" \/>\n\t<meta property=\"og:image:height\" content=\"1621\" \/>\n\t<meta property=\"og:image:type\" content=\"image\/jpeg\" \/>\n<meta name=\"twitter:card\" content=\"summary_large_image\" \/>\n<script type=\"application\/ld+json\" class=\"yoast-schema-graph\">{\"@context\":\"https:\\\/\\\/schema.org\",\"@graph\":[{\"@type\":\"WebPage\",\"@id\":\"https:\\\/\\\/lalmachine.com\\\/shop\\\/meubler\\\/meuble-de-rangement\\\/chiffonnier-en-chene-schwaller-mobel-suisse-1970s\\\/\",\"url\":\"https:\\\/\\\/lalmachine.com\\\/shop\\\/meubler\\\/meuble-de-rangement\\\/chiffonnier-en-chene-schwaller-mobel-suisse-1970s\\\/\",\"name\":\"Chiffonnier en ch\u00eane, Schwaller M\u00f6bel, Suisse, 1970's | lalmachine.com\",\"isPartOf\":{\"@id\":\"https:\\\/\\\/lalmachine.com\\\/#website\"},\"primaryImageOfPage\":{\"@id\":\"https:\\\/\\\/lalmachine.com\\\/shop\\\/meubler\\\/meuble-de-rangement\\\/chiffonnier-en-chene-schwaller-mobel-suisse-1970s\\\/#primaryimage\"},\"image\":{\"@id\":\"https:\\\/\\\/lalmachine.com\\\/shop\\\/meubler\\\/meuble-de-rangement\\\/chiffonnier-en-chene-schwaller-mobel-suisse-1970s\\\/#primaryimage\"},\"thumbnailUrl\":\"https:\\\/\\\/lalmachine.com\\\/wp-content\\\/uploads\\\/2025\\\/06\\\/320AF3D0-5399-4EDB-8C29-E2E8462737D4_1_201_a-Photoroom-1_clipped_rev_1.jpeg\",\"datePublished\":\"2025-06-16T08:23:34+00:00\",\"dateModified\":\"2025-10-06T11:46:21+00:00\",\"description\":\"Chiffonnier en ch\u00eane, Schwaller M\u00f6bel\",\"breadcrumb\":{\"@id\":\"https:\\\/\\\/lalmachine.com\\\/shop\\\/meubler\\\/meuble-de-rangement\\\/chiffonnier-en-chene-schwaller-mobel-suisse-1970s\\\/#breadcrumb\"},\"inLanguage\":\"de\",\"potentialAction\":[{\"@type\":\"ReadAction\",\"target\":[\"https:\\\/\\\/lalmachine.com\\\/shop\\\/meubler\\\/meuble-de-rangement\\\/chiffonnier-en-chene-schwaller-mobel-suisse-1970s\\\/\"]}]},{\"@type\":\"ImageObject\",\"inLanguage\":\"de\",\"@id\":\"https:\\\/\\\/lalmachine.com\\\/shop\\\/meubler\\\/meuble-de-rangement\\\/chiffonnier-en-chene-schwaller-mobel-suisse-1970s\\\/#primaryimage\",\"url\":\"https:\\\/\\\/lalmachine.com\\\/wp-content\\\/uploads\\\/2025\\\/06\\\/320AF3D0-5399-4EDB-8C29-E2E8462737D4_1_201_a-Photoroom-1_clipped_rev_1.jpeg\",\"contentUrl\":\"https:\\\/\\\/lalmachine.com\\\/wp-content\\\/uploads\\\/2025\\\/06\\\/320AF3D0-5399-4EDB-8C29-E2E8462737D4_1_201_a-Photoroom-1_clipped_rev_1.jpeg\",\"width\":1622,\"height\":1621,\"caption\":\"Chiffonnier en ch\u00eane Schwaller M\u00f6bel\"},{\"@type\":\"BreadcrumbList\",\"@id\":\"https:\\\/\\\/lalmachine.com\\\/shop\\\/meubler\\\/meuble-de-rangement\\\/chiffonnier-en-chene-schwaller-mobel-suisse-1970s\\\/#breadcrumb\",\"itemListElement\":[{\"@type\":\"ListItem\",\"position\":1,\"name\":\"Accueil\",\"item\":\"https:\\\/\\\/lalmachine.com\\\/\"},{\"@type\":\"ListItem\",\"position\":2,\"name\":\"Shop\",\"item\":\"https:\\\/\\\/lalmachine.com\\\/shop\\\/\"},{\"@type\":\"ListItem\",\"position\":3,\"name\":\"Chiffonnier en ch\u00eane, Schwaller M\u00f6bel, Suisse, 1970&#8217;s\"}]},{\"@type\":\"WebSite\",\"@id\":\"https:\\\/\\\/lalmachine.com\\\/#website\",\"url\":\"https:\\\/\\\/lalmachine.com\\\/\",\"name\":\"lalmachine.com\",\"description\":\"Brocante en ligne Suisse | Mobilier et objets d\u00e9co vintage et design\",\"potentialAction\":[{\"@type\":\"SearchAction\",\"target\":{\"@type\":\"EntryPoint\",\"urlTemplate\":\"https:\\\/\\\/lalmachine.com\\\/?s={search_term_string}\"},\"query-input\":{\"@type\":\"PropertyValueSpecification\",\"valueRequired\":true,\"valueName\":\"search_term_string\"}}],\"inLanguage\":\"de\"}]}<\/script>\n<!-- \/ Yoast SEO plugin. -->","yoast_head_json":{"title":"Chiffonnier en ch\u00eane, Schwaller M\u00f6bel, Suisse, 1970's | lalmachine.com","description":"Chiffonnier en ch\u00eane, Schwaller M\u00f6bel","robots":{"index":"index","follow":"follow","max-snippet":"max-snippet:-1","max-image-preview":"max-image-preview:large","max-video-preview":"max-video-preview:-1"},"canonical":"https:\/\/lalmachine.com\/de\/shop\/meubler\/meuble-de-rangement\/chiffonnier-en-chene-schwaller-mobel-suisse-1970s\/","og_locale":"de_DE","og_type":"article","og_title":"Chiffonnier en ch\u00eane, Schwaller M\u00f6bel, Suisse, 1970's | lalmachine.com","og_description":"Chiffonnier en ch\u00eane, Schwaller M\u00f6bel","og_url":"https:\/\/lalmachine.com\/de\/shop\/meubler\/meuble-de-rangement\/chiffonnier-en-chene-schwaller-mobel-suisse-1970s\/","og_site_name":"lalmachine.com","article_publisher":"https:\/\/facebook.com\/lalmachine","article_modified_time":"2025-10-06T11:46:21+00:00","og_image":[{"width":1622,"height":1621,"url":"https:\/\/lalmachine.com\/wp-content\/uploads\/2025\/06\/320AF3D0-5399-4EDB-8C29-E2E8462737D4_1_201_a-Photoroom-1_clipped_rev_1.jpeg","type":"image\/jpeg"}],"twitter_card":"summary_large_image","schema":{"@context":"https:\/\/schema.org","@graph":[{"@type":"WebPage","@id":"https:\/\/lalmachine.com\/shop\/meubler\/meuble-de-rangement\/chiffonnier-en-chene-schwaller-mobel-suisse-1970s\/","url":"https:\/\/lalmachine.com\/shop\/meubler\/meuble-de-rangement\/chiffonnier-en-chene-schwaller-mobel-suisse-1970s\/","name":"Chiffonnier en ch\u00eane, Schwaller M\u00f6bel, Suisse, 1970's | lalmachine.com","isPartOf":{"@id":"https:\/\/lalmachine.com\/#website"},"primaryImageOfPage":{"@id":"https:\/\/lalmachine.com\/shop\/meubler\/meuble-de-rangement\/chiffonnier-en-chene-schwaller-mobel-suisse-1970s\/#primaryimage"},"image":{"@id":"https:\/\/lalmachine.com\/shop\/meubler\/meuble-de-rangement\/chiffonnier-en-chene-schwaller-mobel-suisse-1970s\/#primaryimage"},"thumbnailUrl":"https:\/\/lalmachine.com\/wp-content\/uploads\/2025\/06\/320AF3D0-5399-4EDB-8C29-E2E8462737D4_1_201_a-Photoroom-1_clipped_rev_1.jpeg","datePublished":"2025-06-16T08:23:34+00:00","dateModified":"2025-10-06T11:46:21+00:00","description":"Chiffonnier en ch\u00eane, Schwaller M\u00f6bel","breadcrumb":{"@id":"https:\/\/lalmachine.com\/shop\/meubler\/meuble-de-rangement\/chiffonnier-en-chene-schwaller-mobel-suisse-1970s\/#breadcrumb"},"inLanguage":"de","potentialAction":[{"@type":"ReadAction","target":["https:\/\/lalmachine.com\/shop\/meubler\/meuble-de-rangement\/chiffonnier-en-chene-schwaller-mobel-suisse-1970s\/"]}]},{"@type":"ImageObject","inLanguage":"de","@id":"https:\/\/lalmachine.com\/shop\/meubler\/meuble-de-rangement\/chiffonnier-en-chene-schwaller-mobel-suisse-1970s\/#primaryimage","url":"https:\/\/lalmachine.com\/wp-content\/uploads\/2025\/06\/320AF3D0-5399-4EDB-8C29-E2E8462737D4_1_201_a-Photoroom-1_clipped_rev_1.jpeg","contentUrl":"https:\/\/lalmachine.com\/wp-content\/uploads\/2025\/06\/320AF3D0-5399-4EDB-8C29-E2E8462737D4_1_201_a-Photoroom-1_clipped_rev_1.jpeg","width":1622,"height":1621,"caption":"Chiffonnier en ch\u00eane Schwaller M\u00f6bel"},{"@type":"BreadcrumbList","@id":"https:\/\/lalmachine.com\/shop\/meubler\/meuble-de-rangement\/chiffonnier-en-chene-schwaller-mobel-suisse-1970s\/#breadcrumb","itemListElement":[{"@type":"ListItem","position":1,"name":"Accueil","item":"https:\/\/lalmachine.com\/"},{"@type":"ListItem","position":2,"name":"Shop","item":"https:\/\/lalmachine.com\/shop\/"},{"@type":"ListItem","position":3,"name":"Chiffonnier en ch\u00eane, Schwaller M\u00f6bel, Suisse, 1970&#8217;s"}]},{"@type":"WebSite","@id":"https:\/\/lalmachine.com\/#website","url":"https:\/\/lalmachine.com\/","name":"lalmachine.com","description":"Brocante en ligne Suisse | Mobilier et objets d\u00e9co vintage et design","potentialAction":[{"@type":"SearchAction","target":{"@type":"EntryPoint","urlTemplate":"https:\/\/lalmachine.com\/?s={search_term_string}"},"query-input":{"@type":"PropertyValueSpecification","valueRequired":true,"valueName":"search_term_string"}}],"inLanguage":"de"}]}},"_links":{"self":[{"href":"https:\/\/lalmachine.com\/de\/wp-json\/wp\/v2\/product\/348572","targetHints":{"allow":["GET"]}}],"collection":[{"href":"https:\/\/lalmachine.com\/de\/wp-json\/wp\/v2\/product"}],"about":[{"href":"https:\/\/lalmachine.com\/de\/wp-json\/wp\/v2\/types\/product"}],"wp:featuredmedia":[{"embeddable":true,"href":"https:\/\/lalmachine.com\/de\/wp-json\/wp\/v2\/media\/348672"}],"wp:attachment":[{"href":"https:\/\/lalmachine.com\/de\/wp-json\/wp\/v2\/media?parent=348572"}],"wp:term":[{"taxonomy":"product_brand","embeddable":true,"href":"https:\/\/lalmachine.com\/de\/wp-json\/wp\/v2\/product_brand?post=348572"},{"taxonomy":"product_cat","embeddable":true,"href":"https:\/\/lalmachine.com\/de\/wp-json\/wp\/v2\/product_cat?post=348572"},{"taxonomy":"product_tag","embeddable":true,"href":"https:\/\/lalmachine.com\/de\/wp-json\/wp\/v2\/product_tag?post=348572"},{"taxonomy":"proximite","embeddable":true,"href":"https:\/\/lalmachine.com\/de\/wp-json\/wp\/v2\/proximite?post=348572"}],"curies":[{"name":"wp","href":"https:\/\/api.w.org\/{rel}","templated":true}]}}