{"id":348701,"date":"2025-06-21T13:50:04","date_gmt":"2025-06-21T11:50:04","guid":{"rendered":"https:\/\/lalmachine.com\/?post_type=product&#038;p=348701"},"modified":"2025-09-11T15:25:18","modified_gmt":"2025-09-11T13:25:18","slug":"lot-de-3-chaises-bauhaus-b5-de-marcel-breuer","status":"publish","type":"product","link":"https:\/\/lalmachine.com\/de\/shop\/sasseoir\/chaise\/lot-de-3-chaises-bauhaus-b5-de-marcel-breuer\/","title":{"rendered":"Lot de 3 chaises Bauhaus B5 de Marcel Breuer"},"content":{"rendered":"<ul class=\"wpuf_customs\"><li style=\"list-style-type:none;\"><label>Autres photos:<\/label> <a href=\"https:\/\/lalmachine.com\/wp-content\/uploads\/2025\/06\/717_edited.jpg\"><img loading=\"lazy\" decoding=\"async\" width=\"96\" height=\"96\" src=\"https:\/\/lalmachine.com\/wp-content\/uploads\/2025\/06\/717_edited.jpg\" class=\"attachment-thumbnail size-thumbnail\" alt=\"\" \/><\/a> <a href=\"https:\/\/lalmachine.com\/wp-content\/uploads\/2025\/06\/717a_edited.png\"><img loading=\"lazy\" decoding=\"async\" width=\"96\" height=\"96\" src=\"https:\/\/lalmachine.com\/wp-content\/uploads\/2025\/06\/717a_edited.png\" class=\"attachment-thumbnail size-thumbnail\" alt=\"\" \/><\/a> <a href=\"https:\/\/lalmachine.com\/wp-content\/uploads\/2025\/06\/717f_edited.jpg\"><img loading=\"lazy\" decoding=\"async\" width=\"96\" height=\"96\" src=\"https:\/\/lalmachine.com\/wp-content\/uploads\/2025\/06\/717f_edited.jpg\" class=\"attachment-thumbnail size-thumbnail\" alt=\"\" \/><\/a> <\/li>        <li class=\"wpuf-field-data wpuf-field-data-numeric_text_field\">\n                            <label>Prix:<\/label>\n                        1550        <\/li>\n                <li class=\"wpuf-field-data wpuf-field-data-numeric_text_field\">\n                            <label>Hauteur (cm):<\/label>\n                        88        <\/li>\n                <li class=\"wpuf-field-data wpuf-field-data-numeric_text_field\">\n                            <label>Largeur (cm):<\/label>\n                        55        <\/li>\n                <li class=\"wpuf-field-data wpuf-field-data-numeric_text_field\">\n                            <label>Profondeur (cm):<\/label>\n                        44        <\/li>\n        <\/ul>","protected":false},"excerpt":{"rendered":"<p>Lot de 3 chaises Bauhaus B5 des ann\u00e9es 80 en cuir noir et m\u00e9tal chrom\u00e9 \u00e9dit\u00e9es par Tecta. Ce mod\u00e8le est une r\u00e9\u00e9dition officielle du mod\u00e8le B40 de Tecta cr\u00e9\u00e9 en 1926 par le designer Marcel Breuer. Chaque chaise est sign\u00e9e et porte un num\u00e9ro de s\u00e9rie grav\u00e9 dans le m\u00e9tal.<\/p>\n<p>\u00c9tat impeccable du chrome et des cuirs.<\/p>","protected":false},"featured_media":348783,"template":"","meta":{"_et_pb_use_builder":"","_et_pb_old_content":"","_et_gb_content_width":""},"product_brand":[],"product_cat":[100,48],"product_tag":[],"proximite":[280,179],"class_list":{"0":"post-348701","1":"product","2":"type-product","3":"status-publish","4":"has-post-thumbnail","6":"product_cat-chaise","7":"product_cat-sasseoir","8":"pa_couleur-noir","9":"pa_designer-breuer-marcel","10":"pa_etat-tres-bon-etat","11":"pa_materiau-cuir","12":"pa_style-design","13":"proximite-morges","14":"proximite-vaud","16":"first","17":"outofstock","18":"shipping-taxable","19":"purchasable","20":"product-type-simple"},"yoast_head":"<!-- This site is optimized with the Yoast SEO plugin v27.4 - https:\/\/yoast.com\/product\/yoast-seo-wordpress\/ -->\n<title>Lot de 3 chaises Bauhaus B5 de Marcel Breuer | lalmachine.com, mobilier et objets d\u00e9co vintage et design<\/title>\n<meta name=\"description\" content=\"Lot de 3 chaises Bauhaus B5 des ann\u00e9es 80 en cuir noir et m\u00e9tal chrom\u00e9 \u00e9dit\u00e9es par Tecta.\" \/>\n<meta name=\"robots\" content=\"index, follow, max-snippet:-1, max-image-preview:large, max-video-preview:-1\" \/>\n<link rel=\"canonical\" href=\"https:\/\/lalmachine.com\/de\/shop\/sasseoir\/chaise\/lot-de-3-chaises-bauhaus-b5-de-marcel-breuer\/\" \/>\n<meta property=\"og:locale\" content=\"de_DE\" \/>\n<meta property=\"og:type\" content=\"article\" \/>\n<meta property=\"og:title\" content=\"Lot de 3 chaises Bauhaus B5 de Marcel Breuer | lalmachine.com, mobilier et objets d\u00e9co vintage et design\" \/>\n<meta property=\"og:description\" content=\"Lot de 3 chaises Bauhaus B5 des ann\u00e9es 80 en cuir noir et m\u00e9tal chrom\u00e9 \u00e9dit\u00e9es par Tecta.\" \/>\n<meta property=\"og:url\" content=\"https:\/\/lalmachine.com\/de\/shop\/sasseoir\/chaise\/lot-de-3-chaises-bauhaus-b5-de-marcel-breuer\/\" \/>\n<meta property=\"og:site_name\" content=\"lalmachine.com\" \/>\n<meta property=\"article:publisher\" content=\"https:\/\/facebook.com\/lalmachine\" \/>\n<meta property=\"article:modified_time\" content=\"2025-09-11T13:25:18+00:00\" \/>\n<meta property=\"og:image\" content=\"https:\/\/lalmachine.com\/wp-content\/uploads\/2025\/06\/717_edited_clipped_rev_1.jpeg\" \/>\n\t<meta property=\"og:image:width\" content=\"649\" \/>\n\t<meta property=\"og:image:height\" content=\"649\" \/>\n\t<meta property=\"og:image:type\" content=\"image\/jpeg\" \/>\n<meta name=\"twitter:card\" content=\"summary_large_image\" \/>\n<script type=\"application\/ld+json\" class=\"yoast-schema-graph\">{\"@context\":\"https:\\\/\\\/schema.org\",\"@graph\":[{\"@type\":\"WebPage\",\"@id\":\"https:\\\/\\\/lalmachine.com\\\/shop\\\/sasseoir\\\/chaise\\\/lot-de-3-chaises-bauhaus-b5-de-marcel-breuer\\\/\",\"url\":\"https:\\\/\\\/lalmachine.com\\\/shop\\\/sasseoir\\\/chaise\\\/lot-de-3-chaises-bauhaus-b5-de-marcel-breuer\\\/\",\"name\":\"Lot de 3 chaises Bauhaus B5 de Marcel Breuer | lalmachine.com, mobilier et objets d\u00e9co vintage et design\",\"isPartOf\":{\"@id\":\"https:\\\/\\\/lalmachine.com\\\/#website\"},\"primaryImageOfPage\":{\"@id\":\"https:\\\/\\\/lalmachine.com\\\/shop\\\/sasseoir\\\/chaise\\\/lot-de-3-chaises-bauhaus-b5-de-marcel-breuer\\\/#primaryimage\"},\"image\":{\"@id\":\"https:\\\/\\\/lalmachine.com\\\/shop\\\/sasseoir\\\/chaise\\\/lot-de-3-chaises-bauhaus-b5-de-marcel-breuer\\\/#primaryimage\"},\"thumbnailUrl\":\"https:\\\/\\\/lalmachine.com\\\/wp-content\\\/uploads\\\/2025\\\/06\\\/717_edited_clipped_rev_1.jpeg\",\"datePublished\":\"2025-06-21T11:50:04+00:00\",\"dateModified\":\"2025-09-11T13:25:18+00:00\",\"description\":\"Lot de 3 chaises Bauhaus B5 des ann\u00e9es 80 en cuir noir et m\u00e9tal chrom\u00e9 \u00e9dit\u00e9es par Tecta.\",\"breadcrumb\":{\"@id\":\"https:\\\/\\\/lalmachine.com\\\/shop\\\/sasseoir\\\/chaise\\\/lot-de-3-chaises-bauhaus-b5-de-marcel-breuer\\\/#breadcrumb\"},\"inLanguage\":\"de\",\"potentialAction\":[{\"@type\":\"ReadAction\",\"target\":[\"https:\\\/\\\/lalmachine.com\\\/shop\\\/sasseoir\\\/chaise\\\/lot-de-3-chaises-bauhaus-b5-de-marcel-breuer\\\/\"]}]},{\"@type\":\"ImageObject\",\"inLanguage\":\"de\",\"@id\":\"https:\\\/\\\/lalmachine.com\\\/shop\\\/sasseoir\\\/chaise\\\/lot-de-3-chaises-bauhaus-b5-de-marcel-breuer\\\/#primaryimage\",\"url\":\"https:\\\/\\\/lalmachine.com\\\/wp-content\\\/uploads\\\/2025\\\/06\\\/717_edited_clipped_rev_1.jpeg\",\"contentUrl\":\"https:\\\/\\\/lalmachine.com\\\/wp-content\\\/uploads\\\/2025\\\/06\\\/717_edited_clipped_rev_1.jpeg\",\"width\":649,\"height\":649,\"caption\":\"chaises Bauhaus B5 Tecta\"},{\"@type\":\"BreadcrumbList\",\"@id\":\"https:\\\/\\\/lalmachine.com\\\/shop\\\/sasseoir\\\/chaise\\\/lot-de-3-chaises-bauhaus-b5-de-marcel-breuer\\\/#breadcrumb\",\"itemListElement\":[{\"@type\":\"ListItem\",\"position\":1,\"name\":\"Accueil\",\"item\":\"https:\\\/\\\/lalmachine.com\\\/\"},{\"@type\":\"ListItem\",\"position\":2,\"name\":\"Shop\",\"item\":\"https:\\\/\\\/lalmachine.com\\\/shop\\\/\"},{\"@type\":\"ListItem\",\"position\":3,\"name\":\"Lot de 3 chaises Bauhaus B5 de Marcel Breuer\"}]},{\"@type\":\"WebSite\",\"@id\":\"https:\\\/\\\/lalmachine.com\\\/#website\",\"url\":\"https:\\\/\\\/lalmachine.com\\\/\",\"name\":\"lalmachine.com\",\"description\":\"Brocante en ligne Suisse | Mobilier et objets d\u00e9co vintage et design\",\"potentialAction\":[{\"@type\":\"SearchAction\",\"target\":{\"@type\":\"EntryPoint\",\"urlTemplate\":\"https:\\\/\\\/lalmachine.com\\\/?s={search_term_string}\"},\"query-input\":{\"@type\":\"PropertyValueSpecification\",\"valueRequired\":true,\"valueName\":\"search_term_string\"}}],\"inLanguage\":\"de\"}]}<\/script>\n<!-- \/ Yoast SEO plugin. -->","yoast_head_json":{"title":"Lot de 3 chaises Bauhaus B5 de Marcel Breuer | lalmachine.com, mobilier et objets d\u00e9co vintage et design","description":"Lot de 3 chaises Bauhaus B5 des ann\u00e9es 80 en cuir noir et m\u00e9tal chrom\u00e9 \u00e9dit\u00e9es par Tecta.","robots":{"index":"index","follow":"follow","max-snippet":"max-snippet:-1","max-image-preview":"max-image-preview:large","max-video-preview":"max-video-preview:-1"},"canonical":"https:\/\/lalmachine.com\/de\/shop\/sasseoir\/chaise\/lot-de-3-chaises-bauhaus-b5-de-marcel-breuer\/","og_locale":"de_DE","og_type":"article","og_title":"Lot de 3 chaises Bauhaus B5 de Marcel Breuer | lalmachine.com, mobilier et objets d\u00e9co vintage et design","og_description":"Lot de 3 chaises Bauhaus B5 des ann\u00e9es 80 en cuir noir et m\u00e9tal chrom\u00e9 \u00e9dit\u00e9es par Tecta.","og_url":"https:\/\/lalmachine.com\/de\/shop\/sasseoir\/chaise\/lot-de-3-chaises-bauhaus-b5-de-marcel-breuer\/","og_site_name":"lalmachine.com","article_publisher":"https:\/\/facebook.com\/lalmachine","article_modified_time":"2025-09-11T13:25:18+00:00","og_image":[{"width":649,"height":649,"url":"https:\/\/lalmachine.com\/wp-content\/uploads\/2025\/06\/717_edited_clipped_rev_1.jpeg","type":"image\/jpeg"}],"twitter_card":"summary_large_image","schema":{"@context":"https:\/\/schema.org","@graph":[{"@type":"WebPage","@id":"https:\/\/lalmachine.com\/shop\/sasseoir\/chaise\/lot-de-3-chaises-bauhaus-b5-de-marcel-breuer\/","url":"https:\/\/lalmachine.com\/shop\/sasseoir\/chaise\/lot-de-3-chaises-bauhaus-b5-de-marcel-breuer\/","name":"Lot de 3 chaises Bauhaus B5 de Marcel Breuer | lalmachine.com, mobilier et objets d\u00e9co vintage et design","isPartOf":{"@id":"https:\/\/lalmachine.com\/#website"},"primaryImageOfPage":{"@id":"https:\/\/lalmachine.com\/shop\/sasseoir\/chaise\/lot-de-3-chaises-bauhaus-b5-de-marcel-breuer\/#primaryimage"},"image":{"@id":"https:\/\/lalmachine.com\/shop\/sasseoir\/chaise\/lot-de-3-chaises-bauhaus-b5-de-marcel-breuer\/#primaryimage"},"thumbnailUrl":"https:\/\/lalmachine.com\/wp-content\/uploads\/2025\/06\/717_edited_clipped_rev_1.jpeg","datePublished":"2025-06-21T11:50:04+00:00","dateModified":"2025-09-11T13:25:18+00:00","description":"Lot de 3 chaises Bauhaus B5 des ann\u00e9es 80 en cuir noir et m\u00e9tal chrom\u00e9 \u00e9dit\u00e9es par Tecta.","breadcrumb":{"@id":"https:\/\/lalmachine.com\/shop\/sasseoir\/chaise\/lot-de-3-chaises-bauhaus-b5-de-marcel-breuer\/#breadcrumb"},"inLanguage":"de","potentialAction":[{"@type":"ReadAction","target":["https:\/\/lalmachine.com\/shop\/sasseoir\/chaise\/lot-de-3-chaises-bauhaus-b5-de-marcel-breuer\/"]}]},{"@type":"ImageObject","inLanguage":"de","@id":"https:\/\/lalmachine.com\/shop\/sasseoir\/chaise\/lot-de-3-chaises-bauhaus-b5-de-marcel-breuer\/#primaryimage","url":"https:\/\/lalmachine.com\/wp-content\/uploads\/2025\/06\/717_edited_clipped_rev_1.jpeg","contentUrl":"https:\/\/lalmachine.com\/wp-content\/uploads\/2025\/06\/717_edited_clipped_rev_1.jpeg","width":649,"height":649,"caption":"chaises Bauhaus B5 Tecta"},{"@type":"BreadcrumbList","@id":"https:\/\/lalmachine.com\/shop\/sasseoir\/chaise\/lot-de-3-chaises-bauhaus-b5-de-marcel-breuer\/#breadcrumb","itemListElement":[{"@type":"ListItem","position":1,"name":"Accueil","item":"https:\/\/lalmachine.com\/"},{"@type":"ListItem","position":2,"name":"Shop","item":"https:\/\/lalmachine.com\/shop\/"},{"@type":"ListItem","position":3,"name":"Lot de 3 chaises Bauhaus B5 de Marcel Breuer"}]},{"@type":"WebSite","@id":"https:\/\/lalmachine.com\/#website","url":"https:\/\/lalmachine.com\/","name":"lalmachine.com","description":"Brocante en ligne Suisse | Mobilier et objets d\u00e9co vintage et design","potentialAction":[{"@type":"SearchAction","target":{"@type":"EntryPoint","urlTemplate":"https:\/\/lalmachine.com\/?s={search_term_string}"},"query-input":{"@type":"PropertyValueSpecification","valueRequired":true,"valueName":"search_term_string"}}],"inLanguage":"de"}]}},"_links":{"self":[{"href":"https:\/\/lalmachine.com\/de\/wp-json\/wp\/v2\/product\/348701","targetHints":{"allow":["GET"]}}],"collection":[{"href":"https:\/\/lalmachine.com\/de\/wp-json\/wp\/v2\/product"}],"about":[{"href":"https:\/\/lalmachine.com\/de\/wp-json\/wp\/v2\/types\/product"}],"wp:featuredmedia":[{"embeddable":true,"href":"https:\/\/lalmachine.com\/de\/wp-json\/wp\/v2\/media\/348783"}],"wp:attachment":[{"href":"https:\/\/lalmachine.com\/de\/wp-json\/wp\/v2\/media?parent=348701"}],"wp:term":[{"taxonomy":"product_brand","embeddable":true,"href":"https:\/\/lalmachine.com\/de\/wp-json\/wp\/v2\/product_brand?post=348701"},{"taxonomy":"product_cat","embeddable":true,"href":"https:\/\/lalmachine.com\/de\/wp-json\/wp\/v2\/product_cat?post=348701"},{"taxonomy":"product_tag","embeddable":true,"href":"https:\/\/lalmachine.com\/de\/wp-json\/wp\/v2\/product_tag?post=348701"},{"taxonomy":"proximite","embeddable":true,"href":"https:\/\/lalmachine.com\/de\/wp-json\/wp\/v2\/proximite?post=348701"}],"curies":[{"name":"wp","href":"https:\/\/api.w.org\/{rel}","templated":true}]}}