{"id":348801,"date":"2025-06-23T11:03:37","date_gmt":"2025-06-23T09:03:37","guid":{"rendered":"https:\/\/lalmachine.com\/?post_type=product&#038;p=348801"},"modified":"2025-08-24T23:45:00","modified_gmt":"2025-08-24T21:45:00","slug":"vitrine-en-teck-rt-mobel-allemagne-1960s","status":"publish","type":"product","link":"https:\/\/lalmachine.com\/de\/shop\/meubler\/meuble-de-rangement\/vitrine-en-teck-rt-mobel-allemagne-1960s\/","title":{"rendered":"Vitrine en teck, RT M\u00f6bel, Allemagne, 1960&rsquo;s"},"content":{"rendered":"<ul class=\"wpuf_customs\"><li style=\"list-style-type:none;\"><label>Autres photos:<\/label> <a href=\"https:\/\/lalmachine.com\/wp-content\/uploads\/2025\/06\/FD822B9A-A333-4262-A8A7-893A7C4A6768_1_201_a-scaled.jpeg\"><img loading=\"lazy\" decoding=\"async\" width=\"96\" height=\"96\" src=\"https:\/\/lalmachine.com\/wp-content\/uploads\/2025\/06\/FD822B9A-A333-4262-A8A7-893A7C4A6768_1_201_a-scaled.jpeg\" class=\"attachment-thumbnail size-thumbnail\" alt=\"\" \/><\/a> <a href=\"https:\/\/lalmachine.com\/wp-content\/uploads\/2025\/06\/8B459204-6A7A-44A7-AA1A-78BD7F0EF525-scaled.jpeg\"><img loading=\"lazy\" decoding=\"async\" width=\"128\" height=\"85\" src=\"https:\/\/lalmachine.com\/wp-content\/uploads\/2025\/06\/8B459204-6A7A-44A7-AA1A-78BD7F0EF525-scaled.jpeg\" class=\"attachment-thumbnail size-thumbnail\" alt=\"\" \/><\/a> <a href=\"https:\/\/lalmachine.com\/wp-content\/uploads\/2025\/06\/0F5EA4C7-D9E0-4911-B0C9-B28B4671DCF7_1_201_a-scaled.jpeg\"><img loading=\"lazy\" decoding=\"async\" width=\"77\" height=\"96\" src=\"https:\/\/lalmachine.com\/wp-content\/uploads\/2025\/06\/0F5EA4C7-D9E0-4911-B0C9-B28B4671DCF7_1_201_a-scaled.jpeg\" class=\"attachment-thumbnail size-thumbnail\" alt=\"\" \/><\/a> <a href=\"https:\/\/lalmachine.com\/wp-content\/uploads\/2025\/06\/23DE3FEF-8662-436E-B911-90E2A7FF4634-scaled.jpeg\"><img loading=\"lazy\" decoding=\"async\" width=\"128\" height=\"85\" src=\"https:\/\/lalmachine.com\/wp-content\/uploads\/2025\/06\/23DE3FEF-8662-436E-B911-90E2A7FF4634-scaled.jpeg\" class=\"attachment-thumbnail size-thumbnail\" alt=\"\" \/><\/a> <a href=\"https:\/\/lalmachine.com\/wp-content\/uploads\/2025\/06\/0E53344C-97E8-4B9E-845B-BFCE831387CC_1_201_a-scaled.jpeg\"><img loading=\"lazy\" decoding=\"async\" width=\"96\" height=\"96\" src=\"https:\/\/lalmachine.com\/wp-content\/uploads\/2025\/06\/0E53344C-97E8-4B9E-845B-BFCE831387CC_1_201_a-scaled.jpeg\" class=\"attachment-thumbnail size-thumbnail\" alt=\"\" \/><\/a> <a href=\"https:\/\/lalmachine.com\/wp-content\/uploads\/2025\/06\/09D382D1-9FC2-4B71-ADF7-3FC8F270B908-scaled.jpeg\"><img loading=\"lazy\" decoding=\"async\" width=\"128\" height=\"85\" src=\"https:\/\/lalmachine.com\/wp-content\/uploads\/2025\/06\/09D382D1-9FC2-4B71-ADF7-3FC8F270B908-scaled.jpeg\" class=\"attachment-thumbnail size-thumbnail\" alt=\"\" \/><\/a> <a href=\"https:\/\/lalmachine.com\/wp-content\/uploads\/2025\/06\/4E74132D-00BE-46C1-8D73-D9BDC590A705-scaled.jpeg\"><img loading=\"lazy\" decoding=\"async\" width=\"128\" height=\"85\" src=\"https:\/\/lalmachine.com\/wp-content\/uploads\/2025\/06\/4E74132D-00BE-46C1-8D73-D9BDC590A705-scaled.jpeg\" class=\"attachment-thumbnail size-thumbnail\" alt=\"\" \/><\/a> <a href=\"https:\/\/lalmachine.com\/wp-content\/uploads\/2025\/06\/06B9F305-53EE-468D-8ED8-6E191F32E53D-scaled.jpeg\"><img loading=\"lazy\" decoding=\"async\" width=\"64\" height=\"96\" src=\"https:\/\/lalmachine.com\/wp-content\/uploads\/2025\/06\/06B9F305-53EE-468D-8ED8-6E191F32E53D-scaled.jpeg\" class=\"attachment-thumbnail size-thumbnail\" alt=\"\" \/><\/a> <a href=\"https:\/\/lalmachine.com\/wp-content\/uploads\/2025\/06\/F1BA7FED-D667-48AF-A030-3D56C6C0CC17-scaled.jpeg\"><img loading=\"lazy\" decoding=\"async\" width=\"128\" height=\"85\" src=\"https:\/\/lalmachine.com\/wp-content\/uploads\/2025\/06\/F1BA7FED-D667-48AF-A030-3D56C6C0CC17-scaled.jpeg\" class=\"attachment-thumbnail size-thumbnail\" alt=\"\" \/><\/a> <a href=\"https:\/\/lalmachine.com\/wp-content\/uploads\/2025\/06\/7BD84216-58B8-4542-9EA6-D1B29DB32EB8-scaled.jpeg\"><img loading=\"lazy\" decoding=\"async\" width=\"64\" height=\"96\" src=\"https:\/\/lalmachine.com\/wp-content\/uploads\/2025\/06\/7BD84216-58B8-4542-9EA6-D1B29DB32EB8-scaled.jpeg\" class=\"attachment-thumbnail size-thumbnail\" alt=\"\" \/><\/a> <\/li>        <li class=\"wpuf-field-data wpuf-field-data-numeric_text_field\">\n                            <label>Prix:<\/label>\n                        680        <\/li>\n                <li class=\"wpuf-field-data wpuf-field-data-numeric_text_field\">\n                            <label>Quantit\u00e9:<\/label>\n                        0        <\/li>\n                <li class=\"wpuf-field-data wpuf-field-data-numeric_text_field\">\n                            <label>Hauteur (cm):<\/label>\n                        109        <\/li>\n                <li class=\"wpuf-field-data wpuf-field-data-numeric_text_field\">\n                            <label>Largeur (cm):<\/label>\n                        100        <\/li>\n                <li class=\"wpuf-field-data wpuf-field-data-numeric_text_field\">\n                            <label>Profondeur (cm):<\/label>\n                        35        <\/li>\n        <\/ul>","protected":false},"excerpt":{"rendered":"<p>C&rsquo;est carr\u00e9 !<\/p>\n<p>Bon c&rsquo;est presque carr\u00e9 mais peu importe, c&rsquo;est le genre de meuble dont on raffole pour la facilit\u00e9 \u00e0 pouvoir \u00eatre plac\u00e9 presque n&rsquo;importe o\u00f9 dans la maison.<\/p>\n<p>Cette vitrine suspendue sur ses quatre pieds noirs est id\u00e9ale pour ranger et surtout exposer ! Ne vous limitez plus \u00e0 entasser vos choses dans d&rsquo;immenses tiroirs, il est temps de d\u00e9voiler toute l&rsquo;ampleur de votre personnalit\u00e9 \u00e0 travers ces grands carreaux de verre biseaut\u00e9. Faites feu de tout bois, sauf de la vitrine \u00e9videmment, r\u00e9unissez les plus beaux et plus sentimentaux de vos objets pour cr\u00e9er dans cet \u00e9crin de teck une toile en relief qui vous ressemble.<\/p>\n<p>Vous ne savez toujours pas quoi mettre \u00e0 l&rsquo;int\u00e9rieur ? Pas de panique, nous pouvons vous aider avec quelques astuces comme \u00e9viter d&rsquo;y installer l&rsquo;int\u00e9grale de la discographie de Patrick S\u00e9bastien ou encore ce fameux d\u00e9coupe saucisson en ch\u00eane que vous trouvez si ing\u00e9nieux mais qui, avouons-le, n&rsquo;impressionne plus personne aujourd&rsquo;hui&#8230; Partant de l\u00e0, lancez vous ! Vous ne risquez pas de faire de graves erreurs !<\/p>\n<p>Derni\u00e8re chose, pour les amoureux et\/ou maniaques du m\u00e9nage, la poussi\u00e8re ne p\u00e9n\u00e8tre pas \u00e0 travers le bois, vos objets restent donc propres longtemps, tr\u00e8s longtemps.<\/p>\n<p>Zustand<br \/>\nTr\u00e8s bon, faible traces d&rsquo;usure conformes \u00e0 l&rsquo;\u00e2ge.<\/p>\n<p>Dimensions<br \/>\nLargeur 100cm \/ Hauteur 109cm \/ Profondeur 35cm<\/p>","protected":false},"featured_media":348848,"template":"","meta":{"_et_pb_use_builder":"","_et_pb_old_content":"","_et_gb_content_width":""},"product_brand":[],"product_cat":[83,47],"product_tag":[],"proximite":[283,179],"class_list":{"0":"post-348801","1":"product","2":"type-product","3":"status-publish","4":"has-post-thumbnail","6":"product_cat-meuble-de-rangement","7":"product_cat-meubler","8":"pa_couleur-bois","9":"pa_etat-bon-etat","10":"pa_materiau-bois","11":"pa_style-scandinave","12":"proximite-riviera-pays-denhaut","13":"proximite-vaud","15":"first","16":"outofstock","17":"shipping-taxable","18":"purchasable","19":"product-type-simple"},"yoast_head":"<!-- This site is optimized with the Yoast SEO plugin v27.4 - https:\/\/yoast.com\/product\/yoast-seo-wordpress\/ -->\n<title>Vitrine en teck, RT M\u00f6bel, Allemagne, 1960&#039;s | lalmachine.com<\/title>\n<meta name=\"description\" content=\"Vitrine en teck RT M\u00f6bel\" \/>\n<meta name=\"robots\" content=\"index, follow, max-snippet:-1, max-image-preview:large, max-video-preview:-1\" \/>\n<link rel=\"canonical\" href=\"https:\/\/lalmachine.com\/de\/shop\/meubler\/meuble-de-rangement\/vitrine-en-teck-rt-mobel-allemagne-1960s\/\" \/>\n<meta property=\"og:locale\" content=\"de_DE\" \/>\n<meta property=\"og:type\" content=\"article\" \/>\n<meta property=\"og:title\" content=\"Vitrine en teck, RT M\u00f6bel, Allemagne, 1960&#039;s | lalmachine.com\" \/>\n<meta property=\"og:description\" content=\"Vitrine en teck RT M\u00f6bel\" \/>\n<meta property=\"og:url\" content=\"https:\/\/lalmachine.com\/de\/shop\/meubler\/meuble-de-rangement\/vitrine-en-teck-rt-mobel-allemagne-1960s\/\" \/>\n<meta property=\"og:site_name\" content=\"lalmachine.com\" \/>\n<meta property=\"article:publisher\" content=\"https:\/\/facebook.com\/lalmachine\" \/>\n<meta property=\"article:modified_time\" content=\"2025-08-24T21:45:00+00:00\" \/>\n<meta property=\"og:image\" content=\"https:\/\/lalmachine.com\/wp-content\/uploads\/2025\/06\/C989AF54-AF60-4A14-954B-42A9DB676239-Photoroom_clipped_rev_1.jpeg\" \/>\n\t<meta property=\"og:image:width\" content=\"1259\" \/>\n\t<meta property=\"og:image:height\" content=\"1258\" \/>\n\t<meta property=\"og:image:type\" content=\"image\/jpeg\" \/>\n<meta name=\"twitter:card\" content=\"summary_large_image\" \/>\n<script type=\"application\/ld+json\" class=\"yoast-schema-graph\">{\"@context\":\"https:\\\/\\\/schema.org\",\"@graph\":[{\"@type\":\"WebPage\",\"@id\":\"https:\\\/\\\/lalmachine.com\\\/shop\\\/meubler\\\/meuble-de-rangement\\\/vitrine-en-teck-rt-mobel-allemagne-1960s\\\/\",\"url\":\"https:\\\/\\\/lalmachine.com\\\/shop\\\/meubler\\\/meuble-de-rangement\\\/vitrine-en-teck-rt-mobel-allemagne-1960s\\\/\",\"name\":\"Vitrine en teck, RT M\u00f6bel, Allemagne, 1960's | lalmachine.com\",\"isPartOf\":{\"@id\":\"https:\\\/\\\/lalmachine.com\\\/#website\"},\"primaryImageOfPage\":{\"@id\":\"https:\\\/\\\/lalmachine.com\\\/shop\\\/meubler\\\/meuble-de-rangement\\\/vitrine-en-teck-rt-mobel-allemagne-1960s\\\/#primaryimage\"},\"image\":{\"@id\":\"https:\\\/\\\/lalmachine.com\\\/shop\\\/meubler\\\/meuble-de-rangement\\\/vitrine-en-teck-rt-mobel-allemagne-1960s\\\/#primaryimage\"},\"thumbnailUrl\":\"https:\\\/\\\/lalmachine.com\\\/wp-content\\\/uploads\\\/2025\\\/06\\\/C989AF54-AF60-4A14-954B-42A9DB676239-Photoroom_clipped_rev_1.jpeg\",\"datePublished\":\"2025-06-23T09:03:37+00:00\",\"dateModified\":\"2025-08-24T21:45:00+00:00\",\"description\":\"Vitrine en teck RT M\u00f6bel\",\"breadcrumb\":{\"@id\":\"https:\\\/\\\/lalmachine.com\\\/shop\\\/meubler\\\/meuble-de-rangement\\\/vitrine-en-teck-rt-mobel-allemagne-1960s\\\/#breadcrumb\"},\"inLanguage\":\"de\",\"potentialAction\":[{\"@type\":\"ReadAction\",\"target\":[\"https:\\\/\\\/lalmachine.com\\\/shop\\\/meubler\\\/meuble-de-rangement\\\/vitrine-en-teck-rt-mobel-allemagne-1960s\\\/\"]}]},{\"@type\":\"ImageObject\",\"inLanguage\":\"de\",\"@id\":\"https:\\\/\\\/lalmachine.com\\\/shop\\\/meubler\\\/meuble-de-rangement\\\/vitrine-en-teck-rt-mobel-allemagne-1960s\\\/#primaryimage\",\"url\":\"https:\\\/\\\/lalmachine.com\\\/wp-content\\\/uploads\\\/2025\\\/06\\\/C989AF54-AF60-4A14-954B-42A9DB676239-Photoroom_clipped_rev_1.jpeg\",\"contentUrl\":\"https:\\\/\\\/lalmachine.com\\\/wp-content\\\/uploads\\\/2025\\\/06\\\/C989AF54-AF60-4A14-954B-42A9DB676239-Photoroom_clipped_rev_1.jpeg\",\"width\":1259,\"height\":1258,\"caption\":\"Vitrine en teck RT M\u00f6bel\"},{\"@type\":\"BreadcrumbList\",\"@id\":\"https:\\\/\\\/lalmachine.com\\\/shop\\\/meubler\\\/meuble-de-rangement\\\/vitrine-en-teck-rt-mobel-allemagne-1960s\\\/#breadcrumb\",\"itemListElement\":[{\"@type\":\"ListItem\",\"position\":1,\"name\":\"Accueil\",\"item\":\"https:\\\/\\\/lalmachine.com\\\/\"},{\"@type\":\"ListItem\",\"position\":2,\"name\":\"Shop\",\"item\":\"https:\\\/\\\/lalmachine.com\\\/shop\\\/\"},{\"@type\":\"ListItem\",\"position\":3,\"name\":\"Vitrine en teck, RT M\u00f6bel, Allemagne, 1960&#8217;s\"}]},{\"@type\":\"WebSite\",\"@id\":\"https:\\\/\\\/lalmachine.com\\\/#website\",\"url\":\"https:\\\/\\\/lalmachine.com\\\/\",\"name\":\"lalmachine.com\",\"description\":\"Brocante en ligne Suisse | Mobilier et objets d\u00e9co vintage et design\",\"potentialAction\":[{\"@type\":\"SearchAction\",\"target\":{\"@type\":\"EntryPoint\",\"urlTemplate\":\"https:\\\/\\\/lalmachine.com\\\/?s={search_term_string}\"},\"query-input\":{\"@type\":\"PropertyValueSpecification\",\"valueRequired\":true,\"valueName\":\"search_term_string\"}}],\"inLanguage\":\"de\"}]}<\/script>\n<!-- \/ Yoast SEO plugin. -->","yoast_head_json":{"title":"Vitrine en teck, RT M\u00f6bel, Allemagne, 1960's | lalmachine.com","description":"Vitrine en teck RT M\u00f6bel","robots":{"index":"index","follow":"follow","max-snippet":"max-snippet:-1","max-image-preview":"max-image-preview:large","max-video-preview":"max-video-preview:-1"},"canonical":"https:\/\/lalmachine.com\/de\/shop\/meubler\/meuble-de-rangement\/vitrine-en-teck-rt-mobel-allemagne-1960s\/","og_locale":"de_DE","og_type":"article","og_title":"Vitrine en teck, RT M\u00f6bel, Allemagne, 1960's | lalmachine.com","og_description":"Vitrine en teck RT M\u00f6bel","og_url":"https:\/\/lalmachine.com\/de\/shop\/meubler\/meuble-de-rangement\/vitrine-en-teck-rt-mobel-allemagne-1960s\/","og_site_name":"lalmachine.com","article_publisher":"https:\/\/facebook.com\/lalmachine","article_modified_time":"2025-08-24T21:45:00+00:00","og_image":[{"width":1259,"height":1258,"url":"https:\/\/lalmachine.com\/wp-content\/uploads\/2025\/06\/C989AF54-AF60-4A14-954B-42A9DB676239-Photoroom_clipped_rev_1.jpeg","type":"image\/jpeg"}],"twitter_card":"summary_large_image","schema":{"@context":"https:\/\/schema.org","@graph":[{"@type":"WebPage","@id":"https:\/\/lalmachine.com\/shop\/meubler\/meuble-de-rangement\/vitrine-en-teck-rt-mobel-allemagne-1960s\/","url":"https:\/\/lalmachine.com\/shop\/meubler\/meuble-de-rangement\/vitrine-en-teck-rt-mobel-allemagne-1960s\/","name":"Vitrine en teck, RT M\u00f6bel, Allemagne, 1960's | lalmachine.com","isPartOf":{"@id":"https:\/\/lalmachine.com\/#website"},"primaryImageOfPage":{"@id":"https:\/\/lalmachine.com\/shop\/meubler\/meuble-de-rangement\/vitrine-en-teck-rt-mobel-allemagne-1960s\/#primaryimage"},"image":{"@id":"https:\/\/lalmachine.com\/shop\/meubler\/meuble-de-rangement\/vitrine-en-teck-rt-mobel-allemagne-1960s\/#primaryimage"},"thumbnailUrl":"https:\/\/lalmachine.com\/wp-content\/uploads\/2025\/06\/C989AF54-AF60-4A14-954B-42A9DB676239-Photoroom_clipped_rev_1.jpeg","datePublished":"2025-06-23T09:03:37+00:00","dateModified":"2025-08-24T21:45:00+00:00","description":"Vitrine en teck RT M\u00f6bel","breadcrumb":{"@id":"https:\/\/lalmachine.com\/shop\/meubler\/meuble-de-rangement\/vitrine-en-teck-rt-mobel-allemagne-1960s\/#breadcrumb"},"inLanguage":"de","potentialAction":[{"@type":"ReadAction","target":["https:\/\/lalmachine.com\/shop\/meubler\/meuble-de-rangement\/vitrine-en-teck-rt-mobel-allemagne-1960s\/"]}]},{"@type":"ImageObject","inLanguage":"de","@id":"https:\/\/lalmachine.com\/shop\/meubler\/meuble-de-rangement\/vitrine-en-teck-rt-mobel-allemagne-1960s\/#primaryimage","url":"https:\/\/lalmachine.com\/wp-content\/uploads\/2025\/06\/C989AF54-AF60-4A14-954B-42A9DB676239-Photoroom_clipped_rev_1.jpeg","contentUrl":"https:\/\/lalmachine.com\/wp-content\/uploads\/2025\/06\/C989AF54-AF60-4A14-954B-42A9DB676239-Photoroom_clipped_rev_1.jpeg","width":1259,"height":1258,"caption":"Vitrine en teck RT M\u00f6bel"},{"@type":"BreadcrumbList","@id":"https:\/\/lalmachine.com\/shop\/meubler\/meuble-de-rangement\/vitrine-en-teck-rt-mobel-allemagne-1960s\/#breadcrumb","itemListElement":[{"@type":"ListItem","position":1,"name":"Accueil","item":"https:\/\/lalmachine.com\/"},{"@type":"ListItem","position":2,"name":"Shop","item":"https:\/\/lalmachine.com\/shop\/"},{"@type":"ListItem","position":3,"name":"Vitrine en teck, RT M\u00f6bel, Allemagne, 1960&#8217;s"}]},{"@type":"WebSite","@id":"https:\/\/lalmachine.com\/#website","url":"https:\/\/lalmachine.com\/","name":"lalmachine.com","description":"Brocante en ligne Suisse | Mobilier et objets d\u00e9co vintage et design","potentialAction":[{"@type":"SearchAction","target":{"@type":"EntryPoint","urlTemplate":"https:\/\/lalmachine.com\/?s={search_term_string}"},"query-input":{"@type":"PropertyValueSpecification","valueRequired":true,"valueName":"search_term_string"}}],"inLanguage":"de"}]}},"_links":{"self":[{"href":"https:\/\/lalmachine.com\/de\/wp-json\/wp\/v2\/product\/348801","targetHints":{"allow":["GET"]}}],"collection":[{"href":"https:\/\/lalmachine.com\/de\/wp-json\/wp\/v2\/product"}],"about":[{"href":"https:\/\/lalmachine.com\/de\/wp-json\/wp\/v2\/types\/product"}],"wp:featuredmedia":[{"embeddable":true,"href":"https:\/\/lalmachine.com\/de\/wp-json\/wp\/v2\/media\/348848"}],"wp:attachment":[{"href":"https:\/\/lalmachine.com\/de\/wp-json\/wp\/v2\/media?parent=348801"}],"wp:term":[{"taxonomy":"product_brand","embeddable":true,"href":"https:\/\/lalmachine.com\/de\/wp-json\/wp\/v2\/product_brand?post=348801"},{"taxonomy":"product_cat","embeddable":true,"href":"https:\/\/lalmachine.com\/de\/wp-json\/wp\/v2\/product_cat?post=348801"},{"taxonomy":"product_tag","embeddable":true,"href":"https:\/\/lalmachine.com\/de\/wp-json\/wp\/v2\/product_tag?post=348801"},{"taxonomy":"proximite","embeddable":true,"href":"https:\/\/lalmachine.com\/de\/wp-json\/wp\/v2\/proximite?post=348801"}],"curies":[{"name":"wp","href":"https:\/\/api.w.org\/{rel}","templated":true}]}}