{"id":349110,"date":"2025-07-07T09:44:02","date_gmt":"2025-07-07T07:44:02","guid":{"rendered":"https:\/\/lalmachine.com\/?post_type=product&#038;p=349110"},"modified":"2025-11-19T14:54:33","modified_gmt":"2025-11-19T13:54:33","slug":"cleopatra-daybed-de-dick-cordemeijer-pour-auping-50s","status":"publish","type":"product","link":"https:\/\/lalmachine.com\/de\/shop\/sasseoir\/canape-fauteuil-pouf\/cleopatra-daybed-de-dick-cordemeijer-pour-auping-50s\/","title":{"rendered":"Cleopatra Daybed de Dick Cordemeijer pour Auping 50&#8217;s"},"content":{"rendered":"<ul class=\"wpuf_customs\"><li style=\"list-style-type:none;\"><label>Autres photos:<\/label> <a href=\"https:\/\/lalmachine.com\/wp-content\/uploads\/2025\/07\/WhatsApp-Image-2025-07-04-at-21.44.47-2.jpeg\"><img loading=\"lazy\" decoding=\"async\" width=\"72\" height=\"96\" src=\"https:\/\/lalmachine.com\/wp-content\/uploads\/2025\/07\/WhatsApp-Image-2025-07-04-at-21.44.47-2.jpeg\" class=\"attachment-thumbnail size-thumbnail\" alt=\"\" \/><\/a> <a href=\"https:\/\/lalmachine.com\/wp-content\/uploads\/2025\/07\/WhatsApp-Image-2025-07-04-at-21.44.47.jpeg\"><img loading=\"lazy\" decoding=\"async\" width=\"72\" height=\"96\" src=\"https:\/\/lalmachine.com\/wp-content\/uploads\/2025\/07\/WhatsApp-Image-2025-07-04-at-21.44.47.jpeg\" class=\"attachment-thumbnail size-thumbnail\" alt=\"\" \/><\/a> <a href=\"https:\/\/lalmachine.com\/wp-content\/uploads\/2025\/07\/WhatsApp-Image-2025-07-04-at-21.44.48-2.jpeg\"><img loading=\"lazy\" decoding=\"async\" width=\"128\" height=\"96\" src=\"https:\/\/lalmachine.com\/wp-content\/uploads\/2025\/07\/WhatsApp-Image-2025-07-04-at-21.44.48-2.jpeg\" class=\"attachment-thumbnail size-thumbnail\" alt=\"\" \/><\/a> <a href=\"https:\/\/lalmachine.com\/wp-content\/uploads\/2025\/07\/WhatsApp-Image-2025-07-04-at-21.44.49-2.jpeg\"><img loading=\"lazy\" decoding=\"async\" width=\"72\" height=\"96\" src=\"https:\/\/lalmachine.com\/wp-content\/uploads\/2025\/07\/WhatsApp-Image-2025-07-04-at-21.44.49-2.jpeg\" class=\"attachment-thumbnail size-thumbnail\" alt=\"\" \/><\/a> <a href=\"https:\/\/lalmachine.com\/wp-content\/uploads\/2025\/07\/WhatsApp-Image-2025-07-04-at-21.44.49.jpeg\"><img loading=\"lazy\" decoding=\"async\" width=\"128\" height=\"96\" src=\"https:\/\/lalmachine.com\/wp-content\/uploads\/2025\/07\/WhatsApp-Image-2025-07-04-at-21.44.49.jpeg\" class=\"attachment-thumbnail size-thumbnail\" alt=\"\" \/><\/a> <a href=\"https:\/\/lalmachine.com\/wp-content\/uploads\/2025\/07\/WhatsApp-Image-2025-07-04-at-21.44.50-2.jpeg\"><img loading=\"lazy\" decoding=\"async\" width=\"72\" height=\"96\" src=\"https:\/\/lalmachine.com\/wp-content\/uploads\/2025\/07\/WhatsApp-Image-2025-07-04-at-21.44.50-2.jpeg\" class=\"attachment-thumbnail size-thumbnail\" alt=\"\" \/><\/a> <a href=\"https:\/\/lalmachine.com\/wp-content\/uploads\/2025\/07\/WhatsApp-Image-2025-07-04-at-21.44.50.jpeg\"><img loading=\"lazy\" decoding=\"async\" width=\"128\" height=\"96\" src=\"https:\/\/lalmachine.com\/wp-content\/uploads\/2025\/07\/WhatsApp-Image-2025-07-04-at-21.44.50.jpeg\" class=\"attachment-thumbnail size-thumbnail\" alt=\"\" \/><\/a> <a href=\"https:\/\/lalmachine.com\/wp-content\/uploads\/2025\/07\/WhatsApp-Image-2025-07-04-at-21.44.51-2.jpeg\"><img loading=\"lazy\" decoding=\"async\" width=\"128\" height=\"96\" src=\"https:\/\/lalmachine.com\/wp-content\/uploads\/2025\/07\/WhatsApp-Image-2025-07-04-at-21.44.51-2.jpeg\" class=\"attachment-thumbnail size-thumbnail\" alt=\"\" \/><\/a> <\/li>        <li class=\"wpuf-field-data wpuf-field-data-numeric_text_field\">\n                            <label>Prix:<\/label>\n                        1800        <\/li>\n                <li class=\"wpuf-field-data wpuf-field-data-numeric_text_field\">\n                            <label>Quantit\u00e9:<\/label>\n                        1        <\/li>\n                <li class=\"wpuf-field-data wpuf-field-data-numeric_text_field\">\n                            <label>Hauteur (cm):<\/label>\n                        36        <\/li>\n                <li class=\"wpuf-field-data wpuf-field-data-numeric_text_field\">\n                            <label>Largeur (cm):<\/label>\n                        198        <\/li>\n                <li class=\"wpuf-field-data wpuf-field-data-numeric_text_field\">\n                            <label>Profondeur (cm):<\/label>\n                        93        <\/li>\n        <\/ul>","protected":false},"excerpt":{"rendered":"<p>Ic\u00f4ne du design n\u00e9erlandais des ann\u00e9es 50, le daybed Cleopatra a \u00e9t\u00e9 imagin\u00e9 par Dick Cordemeijer pour la marque Auping. Sa structure en m\u00e9tal tubulaire laqu\u00e9 noir et ses extr\u00e9mit\u00e9s sont en teck courb\u00e9.<\/p>\n<p>Le sommier m\u00e9tallique est d\u2019origine et en excellent \u00e9tat. L\u2019ensemble du lit a \u00e9t\u00e9 restaur\u00e9 en 2020 : le bois a \u00e9t\u00e9 trait\u00e9 (huile de lin), et le matelas (190&#215;90) enti\u00e8rement refait par le tapissier Vladimir Bosson \u00e0 Lausanne, dans un tissu haut de gamme de la marque Casamance (collection Paris-Texas, 63 % coton, 37 % lin).<\/p>\n<p>Dimensions :<br \/>\n\u2013 Longueur : 198 cm<br \/>\n\u2013 Profondeur : 93 cm<br \/>\n\u2013 Hauteur d\u2019assise sans matelas : 25 cm<br \/>\n\u2013 Hauteur d\u2019assise avec matelas : 36 cm<\/p>\n<p>\u00c9tat : Tr\u00e8s bon \u00e9tat vintage, avec quelques l\u00e9g\u00e8res traces du temps (cf photos).<br \/>\nP\u00e9riode : Ann\u00e9es 1950<br \/>\nDesigner : Dick Cordemeijer<br \/>\n\u00c9diteur : Auping<\/p>","protected":false},"featured_media":349210,"template":"","meta":{"_et_pb_use_builder":"","_et_pb_old_content":"","_et_gb_content_width":""},"product_brand":[],"product_cat":[99,48],"product_tag":[],"proximite":[278,179],"class_list":{"0":"post-349110","1":"product","2":"type-product","3":"status-publish","4":"has-post-thumbnail","6":"product_cat-canape-fauteuil-pouf","7":"product_cat-sasseoir","8":"pa_couleur-gris","9":"pa_etat-bon-etat","10":"pa_materiau-bois","11":"pa_style-vintage","12":"proximite-lausanne","13":"proximite-vaud","15":"first","16":"instock","17":"sale","18":"shipping-taxable","19":"purchasable","20":"product-type-simple"},"yoast_head":"<!-- This site is optimized with the Yoast SEO plugin v27.4 - https:\/\/yoast.com\/product\/yoast-seo-wordpress\/ -->\n<title>Cleopatra Daybed de Dick Cordemeijer pour Auping 50&#039;s | lalmachine.com<\/title>\n<meta name=\"description\" content=\"Cleopatra Daybed de Dick Cordemeijer pour Auping 50&#039;s\" \/>\n<meta name=\"robots\" content=\"index, follow, max-snippet:-1, max-image-preview:large, max-video-preview:-1\" \/>\n<link rel=\"canonical\" href=\"https:\/\/lalmachine.com\/de\/shop\/sasseoir\/canape-fauteuil-pouf\/cleopatra-daybed-de-dick-cordemeijer-pour-auping-50s\/\" \/>\n<meta property=\"og:locale\" content=\"de_DE\" \/>\n<meta property=\"og:type\" content=\"article\" \/>\n<meta property=\"og:title\" content=\"Cleopatra Daybed de Dick Cordemeijer pour Auping 50&#039;s | lalmachine.com\" \/>\n<meta property=\"og:description\" content=\"Cleopatra Daybed de Dick Cordemeijer pour Auping 50&#039;s\" \/>\n<meta property=\"og:url\" content=\"https:\/\/lalmachine.com\/de\/shop\/sasseoir\/canape-fauteuil-pouf\/cleopatra-daybed-de-dick-cordemeijer-pour-auping-50s\/\" \/>\n<meta property=\"og:site_name\" content=\"lalmachine.com\" \/>\n<meta property=\"article:publisher\" content=\"https:\/\/facebook.com\/lalmachine\" \/>\n<meta property=\"article:modified_time\" content=\"2025-11-19T13:54:33+00:00\" \/>\n<meta property=\"og:image\" content=\"https:\/\/lalmachine.com\/wp-content\/uploads\/2025\/07\/WhatsApp-Image-2025-07-04-at-21.44.50_clipped_rev_1.jpeg\" \/>\n\t<meta property=\"og:image:width\" content=\"2112\" \/>\n\t<meta property=\"og:image:height\" content=\"2112\" \/>\n\t<meta property=\"og:image:type\" content=\"image\/jpeg\" \/>\n<meta name=\"twitter:card\" content=\"summary_large_image\" \/>\n<script type=\"application\/ld+json\" class=\"yoast-schema-graph\">{\"@context\":\"https:\\\/\\\/schema.org\",\"@graph\":[{\"@type\":\"WebPage\",\"@id\":\"https:\\\/\\\/lalmachine.com\\\/shop\\\/sasseoir\\\/canape-fauteuil-pouf\\\/cleopatra-daybed-de-dick-cordemeijer-pour-auping-50s\\\/\",\"url\":\"https:\\\/\\\/lalmachine.com\\\/shop\\\/sasseoir\\\/canape-fauteuil-pouf\\\/cleopatra-daybed-de-dick-cordemeijer-pour-auping-50s\\\/\",\"name\":\"Cleopatra Daybed de Dick Cordemeijer pour Auping 50's | lalmachine.com\",\"isPartOf\":{\"@id\":\"https:\\\/\\\/lalmachine.com\\\/#website\"},\"primaryImageOfPage\":{\"@id\":\"https:\\\/\\\/lalmachine.com\\\/shop\\\/sasseoir\\\/canape-fauteuil-pouf\\\/cleopatra-daybed-de-dick-cordemeijer-pour-auping-50s\\\/#primaryimage\"},\"image\":{\"@id\":\"https:\\\/\\\/lalmachine.com\\\/shop\\\/sasseoir\\\/canape-fauteuil-pouf\\\/cleopatra-daybed-de-dick-cordemeijer-pour-auping-50s\\\/#primaryimage\"},\"thumbnailUrl\":\"https:\\\/\\\/lalmachine.com\\\/wp-content\\\/uploads\\\/2025\\\/07\\\/WhatsApp-Image-2025-07-04-at-21.44.50_clipped_rev_1.jpeg\",\"datePublished\":\"2025-07-07T07:44:02+00:00\",\"dateModified\":\"2025-11-19T13:54:33+00:00\",\"description\":\"Cleopatra Daybed de Dick Cordemeijer pour Auping 50's\",\"breadcrumb\":{\"@id\":\"https:\\\/\\\/lalmachine.com\\\/shop\\\/sasseoir\\\/canape-fauteuil-pouf\\\/cleopatra-daybed-de-dick-cordemeijer-pour-auping-50s\\\/#breadcrumb\"},\"inLanguage\":\"de\",\"potentialAction\":[{\"@type\":\"ReadAction\",\"target\":[\"https:\\\/\\\/lalmachine.com\\\/shop\\\/sasseoir\\\/canape-fauteuil-pouf\\\/cleopatra-daybed-de-dick-cordemeijer-pour-auping-50s\\\/\"]}]},{\"@type\":\"ImageObject\",\"inLanguage\":\"de\",\"@id\":\"https:\\\/\\\/lalmachine.com\\\/shop\\\/sasseoir\\\/canape-fauteuil-pouf\\\/cleopatra-daybed-de-dick-cordemeijer-pour-auping-50s\\\/#primaryimage\",\"url\":\"https:\\\/\\\/lalmachine.com\\\/wp-content\\\/uploads\\\/2025\\\/07\\\/WhatsApp-Image-2025-07-04-at-21.44.50_clipped_rev_1.jpeg\",\"contentUrl\":\"https:\\\/\\\/lalmachine.com\\\/wp-content\\\/uploads\\\/2025\\\/07\\\/WhatsApp-Image-2025-07-04-at-21.44.50_clipped_rev_1.jpeg\",\"width\":2112,\"height\":2112,\"caption\":\"Cleopatra Daybed de Dick Cordemeijer pour Auping\"},{\"@type\":\"BreadcrumbList\",\"@id\":\"https:\\\/\\\/lalmachine.com\\\/shop\\\/sasseoir\\\/canape-fauteuil-pouf\\\/cleopatra-daybed-de-dick-cordemeijer-pour-auping-50s\\\/#breadcrumb\",\"itemListElement\":[{\"@type\":\"ListItem\",\"position\":1,\"name\":\"Accueil\",\"item\":\"https:\\\/\\\/lalmachine.com\\\/\"},{\"@type\":\"ListItem\",\"position\":2,\"name\":\"Shop\",\"item\":\"https:\\\/\\\/lalmachine.com\\\/shop\\\/\"},{\"@type\":\"ListItem\",\"position\":3,\"name\":\"Cleopatra Daybed de Dick Cordemeijer pour Auping 50&#8217;s\"}]},{\"@type\":\"WebSite\",\"@id\":\"https:\\\/\\\/lalmachine.com\\\/#website\",\"url\":\"https:\\\/\\\/lalmachine.com\\\/\",\"name\":\"lalmachine.com\",\"description\":\"Brocante en ligne Suisse | Mobilier et objets d\u00e9co vintage et design\",\"potentialAction\":[{\"@type\":\"SearchAction\",\"target\":{\"@type\":\"EntryPoint\",\"urlTemplate\":\"https:\\\/\\\/lalmachine.com\\\/?s={search_term_string}\"},\"query-input\":{\"@type\":\"PropertyValueSpecification\",\"valueRequired\":true,\"valueName\":\"search_term_string\"}}],\"inLanguage\":\"de\"}]}<\/script>\n<!-- \/ Yoast SEO plugin. -->","yoast_head_json":{"title":"Cleopatra Daybed de Dick Cordemeijer pour Auping 50's | lalmachine.com","description":"Cleopatra Daybed de Dick Cordemeijer pour Auping 50's","robots":{"index":"index","follow":"follow","max-snippet":"max-snippet:-1","max-image-preview":"max-image-preview:large","max-video-preview":"max-video-preview:-1"},"canonical":"https:\/\/lalmachine.com\/de\/shop\/sasseoir\/canape-fauteuil-pouf\/cleopatra-daybed-de-dick-cordemeijer-pour-auping-50s\/","og_locale":"de_DE","og_type":"article","og_title":"Cleopatra Daybed de Dick Cordemeijer pour Auping 50's | lalmachine.com","og_description":"Cleopatra Daybed de Dick Cordemeijer pour Auping 50's","og_url":"https:\/\/lalmachine.com\/de\/shop\/sasseoir\/canape-fauteuil-pouf\/cleopatra-daybed-de-dick-cordemeijer-pour-auping-50s\/","og_site_name":"lalmachine.com","article_publisher":"https:\/\/facebook.com\/lalmachine","article_modified_time":"2025-11-19T13:54:33+00:00","og_image":[{"width":2112,"height":2112,"url":"https:\/\/lalmachine.com\/wp-content\/uploads\/2025\/07\/WhatsApp-Image-2025-07-04-at-21.44.50_clipped_rev_1.jpeg","type":"image\/jpeg"}],"twitter_card":"summary_large_image","schema":{"@context":"https:\/\/schema.org","@graph":[{"@type":"WebPage","@id":"https:\/\/lalmachine.com\/shop\/sasseoir\/canape-fauteuil-pouf\/cleopatra-daybed-de-dick-cordemeijer-pour-auping-50s\/","url":"https:\/\/lalmachine.com\/shop\/sasseoir\/canape-fauteuil-pouf\/cleopatra-daybed-de-dick-cordemeijer-pour-auping-50s\/","name":"Cleopatra Daybed de Dick Cordemeijer pour Auping 50's | lalmachine.com","isPartOf":{"@id":"https:\/\/lalmachine.com\/#website"},"primaryImageOfPage":{"@id":"https:\/\/lalmachine.com\/shop\/sasseoir\/canape-fauteuil-pouf\/cleopatra-daybed-de-dick-cordemeijer-pour-auping-50s\/#primaryimage"},"image":{"@id":"https:\/\/lalmachine.com\/shop\/sasseoir\/canape-fauteuil-pouf\/cleopatra-daybed-de-dick-cordemeijer-pour-auping-50s\/#primaryimage"},"thumbnailUrl":"https:\/\/lalmachine.com\/wp-content\/uploads\/2025\/07\/WhatsApp-Image-2025-07-04-at-21.44.50_clipped_rev_1.jpeg","datePublished":"2025-07-07T07:44:02+00:00","dateModified":"2025-11-19T13:54:33+00:00","description":"Cleopatra Daybed de Dick Cordemeijer pour Auping 50's","breadcrumb":{"@id":"https:\/\/lalmachine.com\/shop\/sasseoir\/canape-fauteuil-pouf\/cleopatra-daybed-de-dick-cordemeijer-pour-auping-50s\/#breadcrumb"},"inLanguage":"de","potentialAction":[{"@type":"ReadAction","target":["https:\/\/lalmachine.com\/shop\/sasseoir\/canape-fauteuil-pouf\/cleopatra-daybed-de-dick-cordemeijer-pour-auping-50s\/"]}]},{"@type":"ImageObject","inLanguage":"de","@id":"https:\/\/lalmachine.com\/shop\/sasseoir\/canape-fauteuil-pouf\/cleopatra-daybed-de-dick-cordemeijer-pour-auping-50s\/#primaryimage","url":"https:\/\/lalmachine.com\/wp-content\/uploads\/2025\/07\/WhatsApp-Image-2025-07-04-at-21.44.50_clipped_rev_1.jpeg","contentUrl":"https:\/\/lalmachine.com\/wp-content\/uploads\/2025\/07\/WhatsApp-Image-2025-07-04-at-21.44.50_clipped_rev_1.jpeg","width":2112,"height":2112,"caption":"Cleopatra Daybed de Dick Cordemeijer pour Auping"},{"@type":"BreadcrumbList","@id":"https:\/\/lalmachine.com\/shop\/sasseoir\/canape-fauteuil-pouf\/cleopatra-daybed-de-dick-cordemeijer-pour-auping-50s\/#breadcrumb","itemListElement":[{"@type":"ListItem","position":1,"name":"Accueil","item":"https:\/\/lalmachine.com\/"},{"@type":"ListItem","position":2,"name":"Shop","item":"https:\/\/lalmachine.com\/shop\/"},{"@type":"ListItem","position":3,"name":"Cleopatra Daybed de Dick Cordemeijer pour Auping 50&#8217;s"}]},{"@type":"WebSite","@id":"https:\/\/lalmachine.com\/#website","url":"https:\/\/lalmachine.com\/","name":"lalmachine.com","description":"Brocante en ligne Suisse | Mobilier et objets d\u00e9co vintage et design","potentialAction":[{"@type":"SearchAction","target":{"@type":"EntryPoint","urlTemplate":"https:\/\/lalmachine.com\/?s={search_term_string}"},"query-input":{"@type":"PropertyValueSpecification","valueRequired":true,"valueName":"search_term_string"}}],"inLanguage":"de"}]}},"_links":{"self":[{"href":"https:\/\/lalmachine.com\/de\/wp-json\/wp\/v2\/product\/349110","targetHints":{"allow":["GET"]}}],"collection":[{"href":"https:\/\/lalmachine.com\/de\/wp-json\/wp\/v2\/product"}],"about":[{"href":"https:\/\/lalmachine.com\/de\/wp-json\/wp\/v2\/types\/product"}],"wp:featuredmedia":[{"embeddable":true,"href":"https:\/\/lalmachine.com\/de\/wp-json\/wp\/v2\/media\/349210"}],"wp:attachment":[{"href":"https:\/\/lalmachine.com\/de\/wp-json\/wp\/v2\/media?parent=349110"}],"wp:term":[{"taxonomy":"product_brand","embeddable":true,"href":"https:\/\/lalmachine.com\/de\/wp-json\/wp\/v2\/product_brand?post=349110"},{"taxonomy":"product_cat","embeddable":true,"href":"https:\/\/lalmachine.com\/de\/wp-json\/wp\/v2\/product_cat?post=349110"},{"taxonomy":"product_tag","embeddable":true,"href":"https:\/\/lalmachine.com\/de\/wp-json\/wp\/v2\/product_tag?post=349110"},{"taxonomy":"proximite","embeddable":true,"href":"https:\/\/lalmachine.com\/de\/wp-json\/wp\/v2\/proximite?post=349110"}],"curies":[{"name":"wp","href":"https:\/\/api.w.org\/{rel}","templated":true}]}}