{"id":349126,"date":"2025-07-07T09:43:58","date_gmt":"2025-07-07T07:43:58","guid":{"rendered":"https:\/\/lalmachine.com\/?post_type=product&#038;p=349126"},"modified":"2025-07-14T20:41:41","modified_gmt":"2025-07-14T18:41:41","slug":"desserte-roulante-laiton-verre-fume","status":"publish","type":"product","link":"https:\/\/lalmachine.com\/de\/shop\/meubler\/desserte\/desserte-roulante-laiton-verre-fume\/","title":{"rendered":"Desserte roulante \u2013 laiton &#038; verre fum\u00e9"},"content":{"rendered":"<ul class=\"wpuf_customs\"><li style=\"list-style-type:none;\"><label>Autres photos:<\/label> <a href=\"https:\/\/lalmachine.com\/wp-content\/uploads\/2025\/07\/WhatsApp-Image-2025-07-04-at-21.44.53-3.jpeg\"><img loading=\"lazy\" decoding=\"async\" width=\"72\" height=\"96\" src=\"https:\/\/lalmachine.com\/wp-content\/uploads\/2025\/07\/WhatsApp-Image-2025-07-04-at-21.44.53-3.jpeg\" class=\"attachment-thumbnail size-thumbnail\" alt=\"\" \/><\/a> <a href=\"https:\/\/lalmachine.com\/wp-content\/uploads\/2025\/07\/WhatsApp-Image-2025-07-04-at-21.44.53-4.jpeg\"><img loading=\"lazy\" decoding=\"async\" width=\"72\" height=\"96\" src=\"https:\/\/lalmachine.com\/wp-content\/uploads\/2025\/07\/WhatsApp-Image-2025-07-04-at-21.44.53-4.jpeg\" class=\"attachment-thumbnail size-thumbnail\" alt=\"\" \/><\/a> <a href=\"https:\/\/lalmachine.com\/wp-content\/uploads\/2025\/07\/WhatsApp-Image-2025-07-04-at-21.44.54-1.jpeg\"><img loading=\"lazy\" decoding=\"async\" width=\"72\" height=\"96\" src=\"https:\/\/lalmachine.com\/wp-content\/uploads\/2025\/07\/WhatsApp-Image-2025-07-04-at-21.44.54-1.jpeg\" class=\"attachment-thumbnail size-thumbnail\" alt=\"\" \/><\/a> <a href=\"https:\/\/lalmachine.com\/wp-content\/uploads\/2025\/07\/WhatsApp-Image-2025-07-04-at-21.44.54-3.jpeg\"><img loading=\"lazy\" decoding=\"async\" width=\"72\" height=\"96\" src=\"https:\/\/lalmachine.com\/wp-content\/uploads\/2025\/07\/WhatsApp-Image-2025-07-04-at-21.44.54-3.jpeg\" class=\"attachment-thumbnail size-thumbnail\" alt=\"\" \/><\/a> <\/li>        <li class=\"wpuf-field-data wpuf-field-data-numeric_text_field\">\n                            <label>Prix:<\/label>\n                        120        <\/li>\n                <li class=\"wpuf-field-data wpuf-field-data-numeric_text_field\">\n                            <label>Hauteur (cm):<\/label>\n                        56        <\/li>\n                <li class=\"wpuf-field-data wpuf-field-data-numeric_text_field\">\n                            <label>Largeur (cm):<\/label>\n                        78        <\/li>\n                <li class=\"wpuf-field-data wpuf-field-data-numeric_text_field\">\n                            <label>Profondeur (cm):<\/label>\n                        50        <\/li>\n        <\/ul>","protected":false},"excerpt":{"rendered":"<p>\u00c9l\u00e9gante desserte roulante ancienne. Structure en laiton dor\u00e9 et deux plateaux en verre fum\u00e9.<br \/>\nTr\u00e8s bel \u00e9tat g\u00e9n\u00e9ral : roulettes d\u2019origine en bon \u00e9tat et parfaitement fonctionnelles. Id\u00e9ale comme bar d\u2019appoint dans un salon, console d\u2019entr\u00e9e ou desserte dans une cuisine.<\/p>\n<p>Dimensions :<br \/>\n\u2013 Longueur : 78 cm<br \/>\n\u2013 Profondeur du plateau sup\u00e9rieur : 39 cm<br \/>\n\u2013 Profondeur totale (avec roues en position perpendiculaires) : max 50 cm<br \/>\n\u2013 Hauteur : 56 cm<\/p>\n<p>\u00c9tat : Tr\u00e8s bon \u00e9tat vintage<br \/>\nMat\u00e9riaux : Laiton, verre fum\u00e9<\/p>","protected":false},"featured_media":349208,"template":"","meta":{"_et_pb_use_builder":"","_et_pb_old_content":"","_et_gb_content_width":""},"product_brand":[],"product_cat":[460,47],"product_tag":[],"proximite":[278,179],"class_list":{"0":"post-349126","1":"product","2":"type-product","3":"status-publish","4":"has-post-thumbnail","6":"product_cat-desserte","7":"product_cat-meubler","8":"pa_couleur-transparent","9":"pa_etat-tres-bon-etat","10":"pa_materiau-verre","11":"pa_style-vintage","12":"proximite-lausanne","13":"proximite-vaud","15":"first","16":"outofstock","17":"shipping-taxable","18":"purchasable","19":"product-type-simple"},"yoast_head":"<!-- This site is optimized with the Yoast SEO plugin v27.4 - https:\/\/yoast.com\/product\/yoast-seo-wordpress\/ -->\n<title>Desserte roulante \u2013 laiton &amp; verre fum\u00e9 | lalmachine.com, mobilier et objets d\u00e9co vintage et design<\/title>\n<meta name=\"description\" content=\"\u00c9l\u00e9gante desserte roulante ancienne. Structure en laiton dor\u00e9 et deux plateaux en verre fum\u00e9.\" \/>\n<meta name=\"robots\" content=\"index, follow, max-snippet:-1, max-image-preview:large, max-video-preview:-1\" \/>\n<link rel=\"canonical\" href=\"https:\/\/lalmachine.com\/de\/shop\/meubler\/desserte\/desserte-roulante-laiton-verre-fume\/\" \/>\n<meta property=\"og:locale\" content=\"de_DE\" \/>\n<meta property=\"og:type\" content=\"article\" \/>\n<meta property=\"og:title\" content=\"Desserte roulante \u2013 laiton &amp; verre fum\u00e9 | lalmachine.com, mobilier et objets d\u00e9co vintage et design\" \/>\n<meta property=\"og:description\" content=\"\u00c9l\u00e9gante desserte roulante ancienne. Structure en laiton dor\u00e9 et deux plateaux en verre fum\u00e9.\" \/>\n<meta property=\"og:url\" content=\"https:\/\/lalmachine.com\/de\/shop\/meubler\/desserte\/desserte-roulante-laiton-verre-fume\/\" \/>\n<meta property=\"og:site_name\" content=\"lalmachine.com\" \/>\n<meta property=\"article:publisher\" content=\"https:\/\/facebook.com\/lalmachine\" \/>\n<meta property=\"article:modified_time\" content=\"2025-07-14T18:41:41+00:00\" \/>\n<meta property=\"og:image\" content=\"https:\/\/lalmachine.com\/wp-content\/uploads\/2025\/07\/WhatsApp-Image-2025-07-04-at-21.44.53-4_clipped_rev_1.jpeg\" \/>\n\t<meta property=\"og:image:width\" content=\"1763\" \/>\n\t<meta property=\"og:image:height\" content=\"1763\" \/>\n\t<meta property=\"og:image:type\" content=\"image\/jpeg\" \/>\n<meta name=\"twitter:card\" content=\"summary_large_image\" \/>\n<script type=\"application\/ld+json\" class=\"yoast-schema-graph\">{\"@context\":\"https:\\\/\\\/schema.org\",\"@graph\":[{\"@type\":\"WebPage\",\"@id\":\"https:\\\/\\\/lalmachine.com\\\/shop\\\/meubler\\\/desserte\\\/desserte-roulante-laiton-verre-fume\\\/\",\"url\":\"https:\\\/\\\/lalmachine.com\\\/shop\\\/meubler\\\/desserte\\\/desserte-roulante-laiton-verre-fume\\\/\",\"name\":\"Desserte roulante \u2013 laiton & verre fum\u00e9 | lalmachine.com, mobilier et objets d\u00e9co vintage et design\",\"isPartOf\":{\"@id\":\"https:\\\/\\\/lalmachine.com\\\/#website\"},\"primaryImageOfPage\":{\"@id\":\"https:\\\/\\\/lalmachine.com\\\/shop\\\/meubler\\\/desserte\\\/desserte-roulante-laiton-verre-fume\\\/#primaryimage\"},\"image\":{\"@id\":\"https:\\\/\\\/lalmachine.com\\\/shop\\\/meubler\\\/desserte\\\/desserte-roulante-laiton-verre-fume\\\/#primaryimage\"},\"thumbnailUrl\":\"https:\\\/\\\/lalmachine.com\\\/wp-content\\\/uploads\\\/2025\\\/07\\\/WhatsApp-Image-2025-07-04-at-21.44.53-4_clipped_rev_1.jpeg\",\"datePublished\":\"2025-07-07T07:43:58+00:00\",\"dateModified\":\"2025-07-14T18:41:41+00:00\",\"description\":\"\u00c9l\u00e9gante desserte roulante ancienne. Structure en laiton dor\u00e9 et deux plateaux en verre fum\u00e9.\",\"breadcrumb\":{\"@id\":\"https:\\\/\\\/lalmachine.com\\\/shop\\\/meubler\\\/desserte\\\/desserte-roulante-laiton-verre-fume\\\/#breadcrumb\"},\"inLanguage\":\"de\",\"potentialAction\":[{\"@type\":\"ReadAction\",\"target\":[\"https:\\\/\\\/lalmachine.com\\\/shop\\\/meubler\\\/desserte\\\/desserte-roulante-laiton-verre-fume\\\/\"]}]},{\"@type\":\"ImageObject\",\"inLanguage\":\"de\",\"@id\":\"https:\\\/\\\/lalmachine.com\\\/shop\\\/meubler\\\/desserte\\\/desserte-roulante-laiton-verre-fume\\\/#primaryimage\",\"url\":\"https:\\\/\\\/lalmachine.com\\\/wp-content\\\/uploads\\\/2025\\\/07\\\/WhatsApp-Image-2025-07-04-at-21.44.53-4_clipped_rev_1.jpeg\",\"contentUrl\":\"https:\\\/\\\/lalmachine.com\\\/wp-content\\\/uploads\\\/2025\\\/07\\\/WhatsApp-Image-2025-07-04-at-21.44.53-4_clipped_rev_1.jpeg\",\"width\":1763,\"height\":1763,\"caption\":\"Desserte roulante \u2013 laiton & verre fum\u00e9\"},{\"@type\":\"BreadcrumbList\",\"@id\":\"https:\\\/\\\/lalmachine.com\\\/shop\\\/meubler\\\/desserte\\\/desserte-roulante-laiton-verre-fume\\\/#breadcrumb\",\"itemListElement\":[{\"@type\":\"ListItem\",\"position\":1,\"name\":\"Accueil\",\"item\":\"https:\\\/\\\/lalmachine.com\\\/\"},{\"@type\":\"ListItem\",\"position\":2,\"name\":\"Shop\",\"item\":\"https:\\\/\\\/lalmachine.com\\\/shop\\\/\"},{\"@type\":\"ListItem\",\"position\":3,\"name\":\"Desserte roulante \u2013 laiton &#038; verre fum\u00e9\"}]},{\"@type\":\"WebSite\",\"@id\":\"https:\\\/\\\/lalmachine.com\\\/#website\",\"url\":\"https:\\\/\\\/lalmachine.com\\\/\",\"name\":\"lalmachine.com\",\"description\":\"Brocante en ligne Suisse | Mobilier et objets d\u00e9co vintage et design\",\"potentialAction\":[{\"@type\":\"SearchAction\",\"target\":{\"@type\":\"EntryPoint\",\"urlTemplate\":\"https:\\\/\\\/lalmachine.com\\\/?s={search_term_string}\"},\"query-input\":{\"@type\":\"PropertyValueSpecification\",\"valueRequired\":true,\"valueName\":\"search_term_string\"}}],\"inLanguage\":\"de\"}]}<\/script>\n<!-- \/ Yoast SEO plugin. -->","yoast_head_json":{"title":"Desserte roulante \u2013 laiton & verre fum\u00e9 | lalmachine.com, mobilier et objets d\u00e9co vintage et design","description":"\u00c9l\u00e9gante desserte roulante ancienne. Structure en laiton dor\u00e9 et deux plateaux en verre fum\u00e9.","robots":{"index":"index","follow":"follow","max-snippet":"max-snippet:-1","max-image-preview":"max-image-preview:large","max-video-preview":"max-video-preview:-1"},"canonical":"https:\/\/lalmachine.com\/de\/shop\/meubler\/desserte\/desserte-roulante-laiton-verre-fume\/","og_locale":"de_DE","og_type":"article","og_title":"Desserte roulante \u2013 laiton & verre fum\u00e9 | lalmachine.com, mobilier et objets d\u00e9co vintage et design","og_description":"\u00c9l\u00e9gante desserte roulante ancienne. Structure en laiton dor\u00e9 et deux plateaux en verre fum\u00e9.","og_url":"https:\/\/lalmachine.com\/de\/shop\/meubler\/desserte\/desserte-roulante-laiton-verre-fume\/","og_site_name":"lalmachine.com","article_publisher":"https:\/\/facebook.com\/lalmachine","article_modified_time":"2025-07-14T18:41:41+00:00","og_image":[{"width":1763,"height":1763,"url":"https:\/\/lalmachine.com\/wp-content\/uploads\/2025\/07\/WhatsApp-Image-2025-07-04-at-21.44.53-4_clipped_rev_1.jpeg","type":"image\/jpeg"}],"twitter_card":"summary_large_image","schema":{"@context":"https:\/\/schema.org","@graph":[{"@type":"WebPage","@id":"https:\/\/lalmachine.com\/shop\/meubler\/desserte\/desserte-roulante-laiton-verre-fume\/","url":"https:\/\/lalmachine.com\/shop\/meubler\/desserte\/desserte-roulante-laiton-verre-fume\/","name":"Desserte roulante \u2013 laiton & verre fum\u00e9 | lalmachine.com, mobilier et objets d\u00e9co vintage et design","isPartOf":{"@id":"https:\/\/lalmachine.com\/#website"},"primaryImageOfPage":{"@id":"https:\/\/lalmachine.com\/shop\/meubler\/desserte\/desserte-roulante-laiton-verre-fume\/#primaryimage"},"image":{"@id":"https:\/\/lalmachine.com\/shop\/meubler\/desserte\/desserte-roulante-laiton-verre-fume\/#primaryimage"},"thumbnailUrl":"https:\/\/lalmachine.com\/wp-content\/uploads\/2025\/07\/WhatsApp-Image-2025-07-04-at-21.44.53-4_clipped_rev_1.jpeg","datePublished":"2025-07-07T07:43:58+00:00","dateModified":"2025-07-14T18:41:41+00:00","description":"\u00c9l\u00e9gante desserte roulante ancienne. Structure en laiton dor\u00e9 et deux plateaux en verre fum\u00e9.","breadcrumb":{"@id":"https:\/\/lalmachine.com\/shop\/meubler\/desserte\/desserte-roulante-laiton-verre-fume\/#breadcrumb"},"inLanguage":"de","potentialAction":[{"@type":"ReadAction","target":["https:\/\/lalmachine.com\/shop\/meubler\/desserte\/desserte-roulante-laiton-verre-fume\/"]}]},{"@type":"ImageObject","inLanguage":"de","@id":"https:\/\/lalmachine.com\/shop\/meubler\/desserte\/desserte-roulante-laiton-verre-fume\/#primaryimage","url":"https:\/\/lalmachine.com\/wp-content\/uploads\/2025\/07\/WhatsApp-Image-2025-07-04-at-21.44.53-4_clipped_rev_1.jpeg","contentUrl":"https:\/\/lalmachine.com\/wp-content\/uploads\/2025\/07\/WhatsApp-Image-2025-07-04-at-21.44.53-4_clipped_rev_1.jpeg","width":1763,"height":1763,"caption":"Desserte roulante \u2013 laiton & verre fum\u00e9"},{"@type":"BreadcrumbList","@id":"https:\/\/lalmachine.com\/shop\/meubler\/desserte\/desserte-roulante-laiton-verre-fume\/#breadcrumb","itemListElement":[{"@type":"ListItem","position":1,"name":"Accueil","item":"https:\/\/lalmachine.com\/"},{"@type":"ListItem","position":2,"name":"Shop","item":"https:\/\/lalmachine.com\/shop\/"},{"@type":"ListItem","position":3,"name":"Desserte roulante \u2013 laiton &#038; verre fum\u00e9"}]},{"@type":"WebSite","@id":"https:\/\/lalmachine.com\/#website","url":"https:\/\/lalmachine.com\/","name":"lalmachine.com","description":"Brocante en ligne Suisse | Mobilier et objets d\u00e9co vintage et design","potentialAction":[{"@type":"SearchAction","target":{"@type":"EntryPoint","urlTemplate":"https:\/\/lalmachine.com\/?s={search_term_string}"},"query-input":{"@type":"PropertyValueSpecification","valueRequired":true,"valueName":"search_term_string"}}],"inLanguage":"de"}]}},"_links":{"self":[{"href":"https:\/\/lalmachine.com\/de\/wp-json\/wp\/v2\/product\/349126","targetHints":{"allow":["GET"]}}],"collection":[{"href":"https:\/\/lalmachine.com\/de\/wp-json\/wp\/v2\/product"}],"about":[{"href":"https:\/\/lalmachine.com\/de\/wp-json\/wp\/v2\/types\/product"}],"wp:featuredmedia":[{"embeddable":true,"href":"https:\/\/lalmachine.com\/de\/wp-json\/wp\/v2\/media\/349208"}],"wp:attachment":[{"href":"https:\/\/lalmachine.com\/de\/wp-json\/wp\/v2\/media?parent=349126"}],"wp:term":[{"taxonomy":"product_brand","embeddable":true,"href":"https:\/\/lalmachine.com\/de\/wp-json\/wp\/v2\/product_brand?post=349126"},{"taxonomy":"product_cat","embeddable":true,"href":"https:\/\/lalmachine.com\/de\/wp-json\/wp\/v2\/product_cat?post=349126"},{"taxonomy":"product_tag","embeddable":true,"href":"https:\/\/lalmachine.com\/de\/wp-json\/wp\/v2\/product_tag?post=349126"},{"taxonomy":"proximite","embeddable":true,"href":"https:\/\/lalmachine.com\/de\/wp-json\/wp\/v2\/proximite?post=349126"}],"curies":[{"name":"wp","href":"https:\/\/api.w.org\/{rel}","templated":true}]}}