{"id":349137,"date":"2025-07-07T09:44:00","date_gmt":"2025-07-07T07:44:00","guid":{"rendered":"https:\/\/lalmachine.com\/?post_type=product&#038;p=349137"},"modified":"2025-07-07T18:52:22","modified_gmt":"2025-07-07T16:52:22","slug":"armoire-ikea-ps-2017-design-nike-karlsson","status":"publish","type":"product","link":"https:\/\/lalmachine.com\/de\/shop\/meubler\/meuble-de-rangement\/armoire-ikea-ps-2017-design-nike-karlsson\/","title":{"rendered":"Armoire IKEA PS 2017 \u2013 design Nike Karlsson"},"content":{"rendered":"<ul class=\"wpuf_customs\"><li style=\"list-style-type:none;\"><label>Autres photos:<\/label> <a href=\"https:\/\/lalmachine.com\/wp-content\/uploads\/2025\/07\/WhatsApp-Image-2025-07-04-at-21.44.54-4.jpeg\"><img loading=\"lazy\" decoding=\"async\" width=\"72\" height=\"96\" src=\"https:\/\/lalmachine.com\/wp-content\/uploads\/2025\/07\/WhatsApp-Image-2025-07-04-at-21.44.54-4.jpeg\" class=\"attachment-thumbnail size-thumbnail\" alt=\"\" \/><\/a> <a href=\"https:\/\/lalmachine.com\/wp-content\/uploads\/2025\/07\/WhatsApp-Image-2025-07-04-at-21.44.55-3.jpeg\"><img loading=\"lazy\" decoding=\"async\" width=\"72\" height=\"96\" src=\"https:\/\/lalmachine.com\/wp-content\/uploads\/2025\/07\/WhatsApp-Image-2025-07-04-at-21.44.55-3.jpeg\" class=\"attachment-thumbnail size-thumbnail\" alt=\"\" \/><\/a> <a href=\"https:\/\/lalmachine.com\/wp-content\/uploads\/2025\/07\/WhatsApp-Image-2025-07-04-at-21.44.55-1.jpeg\"><img loading=\"lazy\" decoding=\"async\" width=\"72\" height=\"96\" src=\"https:\/\/lalmachine.com\/wp-content\/uploads\/2025\/07\/WhatsApp-Image-2025-07-04-at-21.44.55-1.jpeg\" class=\"attachment-thumbnail size-thumbnail\" alt=\"\" \/><\/a> <a href=\"https:\/\/lalmachine.com\/wp-content\/uploads\/2025\/07\/WhatsApp-Image-2025-07-04-at-21.44.55-2.jpeg\"><img loading=\"lazy\" decoding=\"async\" width=\"72\" height=\"96\" src=\"https:\/\/lalmachine.com\/wp-content\/uploads\/2025\/07\/WhatsApp-Image-2025-07-04-at-21.44.55-2.jpeg\" class=\"attachment-thumbnail size-thumbnail\" alt=\"\" \/><\/a> <a href=\"https:\/\/lalmachine.com\/wp-content\/uploads\/2025\/07\/WhatsApp-Image-2025-07-04-at-21.44.55-4.jpeg\"><img loading=\"lazy\" decoding=\"async\" width=\"72\" height=\"96\" src=\"https:\/\/lalmachine.com\/wp-content\/uploads\/2025\/07\/WhatsApp-Image-2025-07-04-at-21.44.55-4.jpeg\" class=\"attachment-thumbnail size-thumbnail\" alt=\"\" \/><\/a> <a href=\"https:\/\/lalmachine.com\/wp-content\/uploads\/2025\/07\/WhatsApp-Image-2025-07-04-at-21.44.55.jpeg\"><img loading=\"lazy\" decoding=\"async\" width=\"72\" height=\"96\" src=\"https:\/\/lalmachine.com\/wp-content\/uploads\/2025\/07\/WhatsApp-Image-2025-07-04-at-21.44.55.jpeg\" class=\"attachment-thumbnail size-thumbnail\" alt=\"\" \/><\/a> <\/li>        <li class=\"wpuf-field-data wpuf-field-data-numeric_text_field\">\n                            <label>Prix:<\/label>\n                        290        <\/li>\n                <li class=\"wpuf-field-data wpuf-field-data-numeric_text_field\">\n                            <label>Hauteur (cm):<\/label>\n                        120        <\/li>\n                <li class=\"wpuf-field-data wpuf-field-data-numeric_text_field\">\n                            <label>Largeur (cm):<\/label>\n                        69        <\/li>\n                <li class=\"wpuf-field-data wpuf-field-data-numeric_text_field\">\n                            <label>Profondeur (cm):<\/label>\n                        36        <\/li>\n        <\/ul>","protected":false},"excerpt":{"rendered":"<p>Cette armoire fait partie de la capsule PS 2017 d\u2019IKEA, dessin\u00e9e par Nike Karlsson. Elle est con\u00e7ue en acier solide avec des pieds en polypropyl\u00e8ne noir. Son look industriel, alli\u00e9 \u00e0 la transparence des portes ajour\u00e9es, permet de mettre en valeur le contenu du meuble, fonctionnant un peu comme une vitrine ou un cabinet.<\/p>\n<p>La hauteur des \u00e9tag\u00e8res int\u00e9rieures est r\u00e9glable pour s\u2019adapter \u00e0 vos besoins de rangement. Le meuble est en excellent \u00e9tat, (n&#8217;a \u00e9t\u00e9 r\u00e9ellement utilis\u00e9 qu&#8217;une ann\u00e9e dans un bureau), avec une tr\u00e8s l\u00e9g\u00e8re usure visible uniquement \u00e0 proximit\u00e9 des pieds.<\/p>\n<p>Pratique, il peut \u00eatre partiellement d\u00e9mont\u00e9 et pli\u00e9 pour faciliter le transport ou le stockage.<\/p>\n<p>Charge maximale par tablette : 20 kg<\/p>","protected":false},"featured_media":349209,"template":"","meta":{"_et_pb_use_builder":"","_et_pb_old_content":"","_et_gb_content_width":""},"product_brand":[],"product_cat":[83,47],"product_tag":[],"proximite":[278,179],"class_list":{"0":"post-349137","1":"product","2":"type-product","3":"status-publish","4":"has-post-thumbnail","6":"product_cat-meuble-de-rangement","7":"product_cat-meubler","8":"pa_couleur-argent","9":"pa_etat-tres-bon-etat","10":"pa_materiau-metal","11":"pa_style-design","12":"proximite-lausanne","13":"proximite-vaud","15":"first","16":"outofstock","17":"shipping-taxable","18":"purchasable","19":"product-type-simple"},"yoast_head":"<!-- This site is optimized with the Yoast SEO plugin v27.4 - https:\/\/yoast.com\/product\/yoast-seo-wordpress\/ -->\n<title>Armoire IKEA PS 2017 \u2013 design Nike Karlsson | lalmachine.com<\/title>\n<meta name=\"description\" content=\"Cette armoire fait partie de la capsule PS 2017 d\u2019IKEA, dessin\u00e9e par Nike Karlsson.\" \/>\n<meta name=\"robots\" content=\"index, follow, max-snippet:-1, max-image-preview:large, max-video-preview:-1\" \/>\n<link rel=\"canonical\" href=\"https:\/\/lalmachine.com\/de\/shop\/meubler\/meuble-de-rangement\/armoire-ikea-ps-2017-design-nike-karlsson\/\" \/>\n<meta property=\"og:locale\" content=\"de_DE\" \/>\n<meta property=\"og:type\" content=\"article\" \/>\n<meta property=\"og:title\" content=\"Armoire IKEA PS 2017 \u2013 design Nike Karlsson | lalmachine.com\" \/>\n<meta property=\"og:description\" content=\"Cette armoire fait partie de la capsule PS 2017 d\u2019IKEA, dessin\u00e9e par Nike Karlsson.\" \/>\n<meta property=\"og:url\" content=\"https:\/\/lalmachine.com\/de\/shop\/meubler\/meuble-de-rangement\/armoire-ikea-ps-2017-design-nike-karlsson\/\" \/>\n<meta property=\"og:site_name\" content=\"lalmachine.com\" \/>\n<meta property=\"article:publisher\" content=\"https:\/\/facebook.com\/lalmachine\" \/>\n<meta property=\"article:modified_time\" content=\"2025-07-07T16:52:22+00:00\" \/>\n<meta property=\"og:image\" content=\"https:\/\/lalmachine.com\/wp-content\/uploads\/2025\/07\/IMG_8333-scaled_clipped_rev_1.jpeg\" \/>\n\t<meta property=\"og:image:width\" content=\"2361\" \/>\n\t<meta property=\"og:image:height\" content=\"2361\" \/>\n\t<meta property=\"og:image:type\" content=\"image\/jpeg\" \/>\n<meta name=\"twitter:card\" content=\"summary_large_image\" \/>\n<script type=\"application\/ld+json\" class=\"yoast-schema-graph\">{\"@context\":\"https:\\\/\\\/schema.org\",\"@graph\":[{\"@type\":\"WebPage\",\"@id\":\"https:\\\/\\\/lalmachine.com\\\/shop\\\/meubler\\\/meuble-de-rangement\\\/armoire-ikea-ps-2017-design-nike-karlsson\\\/\",\"url\":\"https:\\\/\\\/lalmachine.com\\\/shop\\\/meubler\\\/meuble-de-rangement\\\/armoire-ikea-ps-2017-design-nike-karlsson\\\/\",\"name\":\"Armoire IKEA PS 2017 \u2013 design Nike Karlsson | lalmachine.com\",\"isPartOf\":{\"@id\":\"https:\\\/\\\/lalmachine.com\\\/#website\"},\"primaryImageOfPage\":{\"@id\":\"https:\\\/\\\/lalmachine.com\\\/shop\\\/meubler\\\/meuble-de-rangement\\\/armoire-ikea-ps-2017-design-nike-karlsson\\\/#primaryimage\"},\"image\":{\"@id\":\"https:\\\/\\\/lalmachine.com\\\/shop\\\/meubler\\\/meuble-de-rangement\\\/armoire-ikea-ps-2017-design-nike-karlsson\\\/#primaryimage\"},\"thumbnailUrl\":\"https:\\\/\\\/lalmachine.com\\\/wp-content\\\/uploads\\\/2025\\\/07\\\/IMG_8333-scaled_clipped_rev_1.jpeg\",\"datePublished\":\"2025-07-07T07:44:00+00:00\",\"dateModified\":\"2025-07-07T16:52:22+00:00\",\"description\":\"Cette armoire fait partie de la capsule PS 2017 d\u2019IKEA, dessin\u00e9e par Nike Karlsson.\",\"breadcrumb\":{\"@id\":\"https:\\\/\\\/lalmachine.com\\\/shop\\\/meubler\\\/meuble-de-rangement\\\/armoire-ikea-ps-2017-design-nike-karlsson\\\/#breadcrumb\"},\"inLanguage\":\"de\",\"potentialAction\":[{\"@type\":\"ReadAction\",\"target\":[\"https:\\\/\\\/lalmachine.com\\\/shop\\\/meubler\\\/meuble-de-rangement\\\/armoire-ikea-ps-2017-design-nike-karlsson\\\/\"]}]},{\"@type\":\"ImageObject\",\"inLanguage\":\"de\",\"@id\":\"https:\\\/\\\/lalmachine.com\\\/shop\\\/meubler\\\/meuble-de-rangement\\\/armoire-ikea-ps-2017-design-nike-karlsson\\\/#primaryimage\",\"url\":\"https:\\\/\\\/lalmachine.com\\\/wp-content\\\/uploads\\\/2025\\\/07\\\/IMG_8333-scaled_clipped_rev_1.jpeg\",\"contentUrl\":\"https:\\\/\\\/lalmachine.com\\\/wp-content\\\/uploads\\\/2025\\\/07\\\/IMG_8333-scaled_clipped_rev_1.jpeg\",\"width\":2361,\"height\":2361},{\"@type\":\"BreadcrumbList\",\"@id\":\"https:\\\/\\\/lalmachine.com\\\/shop\\\/meubler\\\/meuble-de-rangement\\\/armoire-ikea-ps-2017-design-nike-karlsson\\\/#breadcrumb\",\"itemListElement\":[{\"@type\":\"ListItem\",\"position\":1,\"name\":\"Accueil\",\"item\":\"https:\\\/\\\/lalmachine.com\\\/\"},{\"@type\":\"ListItem\",\"position\":2,\"name\":\"Shop\",\"item\":\"https:\\\/\\\/lalmachine.com\\\/shop\\\/\"},{\"@type\":\"ListItem\",\"position\":3,\"name\":\"Armoire IKEA PS 2017 \u2013 design Nike Karlsson\"}]},{\"@type\":\"WebSite\",\"@id\":\"https:\\\/\\\/lalmachine.com\\\/#website\",\"url\":\"https:\\\/\\\/lalmachine.com\\\/\",\"name\":\"lalmachine.com\",\"description\":\"Brocante en ligne Suisse | Mobilier et objets d\u00e9co vintage et design\",\"potentialAction\":[{\"@type\":\"SearchAction\",\"target\":{\"@type\":\"EntryPoint\",\"urlTemplate\":\"https:\\\/\\\/lalmachine.com\\\/?s={search_term_string}\"},\"query-input\":{\"@type\":\"PropertyValueSpecification\",\"valueRequired\":true,\"valueName\":\"search_term_string\"}}],\"inLanguage\":\"de\"}]}<\/script>\n<!-- \/ Yoast SEO plugin. -->","yoast_head_json":{"title":"Armoire IKEA PS 2017 \u2013 design Nike Karlsson | lalmachine.com","description":"Cette armoire fait partie de la capsule PS 2017 d\u2019IKEA, dessin\u00e9e par Nike Karlsson.","robots":{"index":"index","follow":"follow","max-snippet":"max-snippet:-1","max-image-preview":"max-image-preview:large","max-video-preview":"max-video-preview:-1"},"canonical":"https:\/\/lalmachine.com\/de\/shop\/meubler\/meuble-de-rangement\/armoire-ikea-ps-2017-design-nike-karlsson\/","og_locale":"de_DE","og_type":"article","og_title":"Armoire IKEA PS 2017 \u2013 design Nike Karlsson | lalmachine.com","og_description":"Cette armoire fait partie de la capsule PS 2017 d\u2019IKEA, dessin\u00e9e par Nike Karlsson.","og_url":"https:\/\/lalmachine.com\/de\/shop\/meubler\/meuble-de-rangement\/armoire-ikea-ps-2017-design-nike-karlsson\/","og_site_name":"lalmachine.com","article_publisher":"https:\/\/facebook.com\/lalmachine","article_modified_time":"2025-07-07T16:52:22+00:00","og_image":[{"width":2361,"height":2361,"url":"https:\/\/lalmachine.com\/wp-content\/uploads\/2025\/07\/IMG_8333-scaled_clipped_rev_1.jpeg","type":"image\/jpeg"}],"twitter_card":"summary_large_image","schema":{"@context":"https:\/\/schema.org","@graph":[{"@type":"WebPage","@id":"https:\/\/lalmachine.com\/shop\/meubler\/meuble-de-rangement\/armoire-ikea-ps-2017-design-nike-karlsson\/","url":"https:\/\/lalmachine.com\/shop\/meubler\/meuble-de-rangement\/armoire-ikea-ps-2017-design-nike-karlsson\/","name":"Armoire IKEA PS 2017 \u2013 design Nike Karlsson | lalmachine.com","isPartOf":{"@id":"https:\/\/lalmachine.com\/#website"},"primaryImageOfPage":{"@id":"https:\/\/lalmachine.com\/shop\/meubler\/meuble-de-rangement\/armoire-ikea-ps-2017-design-nike-karlsson\/#primaryimage"},"image":{"@id":"https:\/\/lalmachine.com\/shop\/meubler\/meuble-de-rangement\/armoire-ikea-ps-2017-design-nike-karlsson\/#primaryimage"},"thumbnailUrl":"https:\/\/lalmachine.com\/wp-content\/uploads\/2025\/07\/IMG_8333-scaled_clipped_rev_1.jpeg","datePublished":"2025-07-07T07:44:00+00:00","dateModified":"2025-07-07T16:52:22+00:00","description":"Cette armoire fait partie de la capsule PS 2017 d\u2019IKEA, dessin\u00e9e par Nike Karlsson.","breadcrumb":{"@id":"https:\/\/lalmachine.com\/shop\/meubler\/meuble-de-rangement\/armoire-ikea-ps-2017-design-nike-karlsson\/#breadcrumb"},"inLanguage":"de","potentialAction":[{"@type":"ReadAction","target":["https:\/\/lalmachine.com\/shop\/meubler\/meuble-de-rangement\/armoire-ikea-ps-2017-design-nike-karlsson\/"]}]},{"@type":"ImageObject","inLanguage":"de","@id":"https:\/\/lalmachine.com\/shop\/meubler\/meuble-de-rangement\/armoire-ikea-ps-2017-design-nike-karlsson\/#primaryimage","url":"https:\/\/lalmachine.com\/wp-content\/uploads\/2025\/07\/IMG_8333-scaled_clipped_rev_1.jpeg","contentUrl":"https:\/\/lalmachine.com\/wp-content\/uploads\/2025\/07\/IMG_8333-scaled_clipped_rev_1.jpeg","width":2361,"height":2361},{"@type":"BreadcrumbList","@id":"https:\/\/lalmachine.com\/shop\/meubler\/meuble-de-rangement\/armoire-ikea-ps-2017-design-nike-karlsson\/#breadcrumb","itemListElement":[{"@type":"ListItem","position":1,"name":"Accueil","item":"https:\/\/lalmachine.com\/"},{"@type":"ListItem","position":2,"name":"Shop","item":"https:\/\/lalmachine.com\/shop\/"},{"@type":"ListItem","position":3,"name":"Armoire IKEA PS 2017 \u2013 design Nike Karlsson"}]},{"@type":"WebSite","@id":"https:\/\/lalmachine.com\/#website","url":"https:\/\/lalmachine.com\/","name":"lalmachine.com","description":"Brocante en ligne Suisse | Mobilier et objets d\u00e9co vintage et design","potentialAction":[{"@type":"SearchAction","target":{"@type":"EntryPoint","urlTemplate":"https:\/\/lalmachine.com\/?s={search_term_string}"},"query-input":{"@type":"PropertyValueSpecification","valueRequired":true,"valueName":"search_term_string"}}],"inLanguage":"de"}]}},"_links":{"self":[{"href":"https:\/\/lalmachine.com\/de\/wp-json\/wp\/v2\/product\/349137","targetHints":{"allow":["GET"]}}],"collection":[{"href":"https:\/\/lalmachine.com\/de\/wp-json\/wp\/v2\/product"}],"about":[{"href":"https:\/\/lalmachine.com\/de\/wp-json\/wp\/v2\/types\/product"}],"wp:featuredmedia":[{"embeddable":true,"href":"https:\/\/lalmachine.com\/de\/wp-json\/wp\/v2\/media\/349209"}],"wp:attachment":[{"href":"https:\/\/lalmachine.com\/de\/wp-json\/wp\/v2\/media?parent=349137"}],"wp:term":[{"taxonomy":"product_brand","embeddable":true,"href":"https:\/\/lalmachine.com\/de\/wp-json\/wp\/v2\/product_brand?post=349137"},{"taxonomy":"product_cat","embeddable":true,"href":"https:\/\/lalmachine.com\/de\/wp-json\/wp\/v2\/product_cat?post=349137"},{"taxonomy":"product_tag","embeddable":true,"href":"https:\/\/lalmachine.com\/de\/wp-json\/wp\/v2\/product_tag?post=349137"},{"taxonomy":"proximite","embeddable":true,"href":"https:\/\/lalmachine.com\/de\/wp-json\/wp\/v2\/proximite?post=349137"}],"curies":[{"name":"wp","href":"https:\/\/api.w.org\/{rel}","templated":true}]}}