{"id":349159,"date":"2025-07-07T09:05:50","date_gmt":"2025-07-07T07:05:50","guid":{"rendered":"https:\/\/lalmachine.com\/?post_type=product&#038;p=349159"},"modified":"2026-04-12T20:07:50","modified_gmt":"2026-04-12T18:07:50","slug":"serie-de-4-fauteuils-windsor-goldsmith-pour-ercol","status":"publish","type":"product","link":"https:\/\/lalmachine.com\/de\/shop\/sasseoir\/chaise\/serie-de-4-fauteuils-windsor-goldsmith-pour-ercol\/","title":{"rendered":"S\u00e9rie de 4 fauteuils Windsor Goldsmith pour Ercol"},"content":{"rendered":"<ul class=\"wpuf_customs\"><li style=\"list-style-type:none;\"><label>Autres photos:<\/label> <a href=\"https:\/\/lalmachine.com\/wp-content\/uploads\/2025\/07\/Photoroom_019_20250621_193626.jpeg\"><img loading=\"lazy\" decoding=\"async\" width=\"72\" height=\"96\" src=\"https:\/\/lalmachine.com\/wp-content\/uploads\/2025\/07\/Photoroom_019_20250621_193626.jpeg\" class=\"attachment-thumbnail size-thumbnail\" alt=\"\" \/><\/a> <a href=\"https:\/\/lalmachine.com\/wp-content\/uploads\/2025\/07\/Photoroom_015_20250621_193626.jpeg\"><img loading=\"lazy\" decoding=\"async\" width=\"72\" height=\"96\" src=\"https:\/\/lalmachine.com\/wp-content\/uploads\/2025\/07\/Photoroom_015_20250621_193626.jpeg\" class=\"attachment-thumbnail size-thumbnail\" alt=\"\" \/><\/a> <a href=\"https:\/\/lalmachine.com\/wp-content\/uploads\/2025\/07\/Photoroom_013_20250621_193626.jpeg\"><img loading=\"lazy\" decoding=\"async\" width=\"72\" height=\"96\" src=\"https:\/\/lalmachine.com\/wp-content\/uploads\/2025\/07\/Photoroom_013_20250621_193626.jpeg\" class=\"attachment-thumbnail size-thumbnail\" alt=\"\" \/><\/a> <a href=\"https:\/\/lalmachine.com\/wp-content\/uploads\/2025\/07\/Photoroom_012_20250621_193626.jpeg\"><img loading=\"lazy\" decoding=\"async\" width=\"72\" height=\"96\" src=\"https:\/\/lalmachine.com\/wp-content\/uploads\/2025\/07\/Photoroom_012_20250621_193626.jpeg\" class=\"attachment-thumbnail size-thumbnail\" alt=\"\" \/><\/a> <a href=\"https:\/\/lalmachine.com\/wp-content\/uploads\/2025\/07\/Photoroom_006_20250621_193626.jpeg\"><img loading=\"lazy\" decoding=\"async\" width=\"72\" height=\"96\" src=\"https:\/\/lalmachine.com\/wp-content\/uploads\/2025\/07\/Photoroom_006_20250621_193626.jpeg\" class=\"attachment-thumbnail size-thumbnail\" alt=\"\" \/><\/a> <a href=\"https:\/\/lalmachine.com\/wp-content\/uploads\/2025\/07\/Photoroom_007_20250621_193626.jpeg\"><img loading=\"lazy\" decoding=\"async\" width=\"72\" height=\"96\" src=\"https:\/\/lalmachine.com\/wp-content\/uploads\/2025\/07\/Photoroom_007_20250621_193626.jpeg\" class=\"attachment-thumbnail size-thumbnail\" alt=\"\" \/><\/a> <a href=\"https:\/\/lalmachine.com\/wp-content\/uploads\/2025\/07\/Photoroom_009_20250621_193626.jpeg\"><img loading=\"lazy\" decoding=\"async\" width=\"72\" height=\"96\" src=\"https:\/\/lalmachine.com\/wp-content\/uploads\/2025\/07\/Photoroom_009_20250621_193626.jpeg\" class=\"attachment-thumbnail size-thumbnail\" alt=\"\" \/><\/a> <a href=\"https:\/\/lalmachine.com\/wp-content\/uploads\/2025\/07\/Photoroom_008_20250621_193626.jpeg\"><img loading=\"lazy\" decoding=\"async\" width=\"72\" height=\"96\" src=\"https:\/\/lalmachine.com\/wp-content\/uploads\/2025\/07\/Photoroom_008_20250621_193626.jpeg\" class=\"attachment-thumbnail size-thumbnail\" alt=\"\" \/><\/a> <a href=\"https:\/\/lalmachine.com\/wp-content\/uploads\/2025\/07\/Photoroom_002_20250621_193626.jpeg\"><img loading=\"lazy\" decoding=\"async\" width=\"72\" height=\"96\" src=\"https:\/\/lalmachine.com\/wp-content\/uploads\/2025\/07\/Photoroom_002_20250621_193626.jpeg\" class=\"attachment-thumbnail size-thumbnail\" alt=\"\" \/><\/a> <a href=\"https:\/\/lalmachine.com\/wp-content\/uploads\/2025\/07\/Photoroom_001_20250621_193626.jpeg\"><img loading=\"lazy\" decoding=\"async\" width=\"72\" height=\"96\" src=\"https:\/\/lalmachine.com\/wp-content\/uploads\/2025\/07\/Photoroom_001_20250621_193626.jpeg\" class=\"attachment-thumbnail size-thumbnail\" alt=\"\" \/><\/a> <a href=\"https:\/\/lalmachine.com\/wp-content\/uploads\/2025\/07\/Photoroom_003_20250621_193626.jpeg\"><img loading=\"lazy\" decoding=\"async\" width=\"72\" height=\"96\" src=\"https:\/\/lalmachine.com\/wp-content\/uploads\/2025\/07\/Photoroom_003_20250621_193626.jpeg\" class=\"attachment-thumbnail size-thumbnail\" alt=\"\" \/><\/a> <\/li>        <li class=\"wpuf-field-data wpuf-field-data-numeric_text_field\">\n                            <label>Prix:<\/label>\n                        600        <\/li>\n                <li class=\"wpuf-field-data wpuf-field-data-numeric_text_field\">\n                            <label>Quantit\u00e9:<\/label>\n                        1        <\/li>\n                <li class=\"wpuf-field-data wpuf-field-data-numeric_text_field\">\n                            <label>Hauteur (cm):<\/label>\n                        97        <\/li>\n                <li class=\"wpuf-field-data wpuf-field-data-numeric_text_field\">\n                            <label>Largeur (cm):<\/label>\n                        61        <\/li>\n                <li class=\"wpuf-field-data wpuf-field-data-numeric_text_field\">\n                            <label>Profondeur (cm):<\/label>\n                        48        <\/li>\n        <\/ul>","protected":false},"excerpt":{"rendered":"<p>S\u00e9rie de 4 Fauteuils Windsor Goldsmith mod\u00e8le 369A par Luciano Ercolani pour Ercol. Ces fauteuils en bois d&#8217;orme furent con\u00e7ues dans les ann\u00e9es 1960&#8242; en Angleterre. Chaises gracieuses et \u00e9l\u00e9gantes, dont le dossier \u00a0haut est compos\u00e9 de 7 broches et d&#8217;un rail sup\u00e9rieur \u00e0 \u00e9tric ainsi qu&#8217;un si\u00e8ge en bois d&#8217;orme massif, offrant un confort absolu par ses g\u00e9n\u00e9reux accoudoirs en bois courb\u00e9s.<\/p>\n<p>C&#8217;est \u00e0 High Wycombe, la &#8220;capitale de la chaise&#8221; en Angleterre, que Lucian Ercolani a cr\u00e9\u00e9 sa propre fabrique de chaises en 1920. Il utilise le bois d&#8217;orme pour fabriquer ses chaises et ses canap\u00e9s. Un type de bois dur que la plupart des fabricants ignoraient parce qu&#8217;il \u00e9tait r\u00e9put\u00e9 impossible \u00e0 travailler. Ercolani s&#8217;y est pourtant attel\u00e9, avec succ\u00e8s. L&#8217;estampille du fabricant est visible sur le dessous de l&#8217;assise.<\/p>","protected":false},"featured_media":349200,"template":"","meta":{"_et_pb_use_builder":"","_et_pb_old_content":"","_et_gb_content_width":""},"product_brand":[],"product_cat":[100,48],"product_tag":[],"proximite":[233,235],"class_list":{"0":"post-349159","1":"product","2":"type-product","3":"status-publish","4":"has-post-thumbnail","6":"product_cat-chaise","7":"product_cat-sasseoir","8":"pa_couleur-marron","9":"pa_etat-tres-bon-etat","10":"pa_materiau-bois","11":"pa_style-vintage","12":"proximite-gruyere","13":"proximite-sarine","15":"first","16":"instock","17":"shipping-taxable","18":"purchasable","19":"product-type-simple"},"yoast_head":"<!-- This site is optimized with the Yoast SEO plugin v27.4 - https:\/\/yoast.com\/product\/yoast-seo-wordpress\/ -->\n<title>S\u00e9rie de 4 fauteuils Windsor Goldsmith pour Ercol | lalmachine.com<\/title>\n<meta name=\"description\" content=\"S\u00e9rie de 4 Fauteuils Windsor Goldsmith mod\u00e8le 369A par Luciano Ercolani pour Ercol.\" \/>\n<meta name=\"robots\" content=\"index, follow, max-snippet:-1, max-image-preview:large, max-video-preview:-1\" \/>\n<link rel=\"canonical\" href=\"https:\/\/lalmachine.com\/de\/shop\/sasseoir\/chaise\/serie-de-4-fauteuils-windsor-goldsmith-pour-ercol\/\" \/>\n<meta property=\"og:locale\" content=\"de_DE\" \/>\n<meta property=\"og:type\" content=\"article\" \/>\n<meta property=\"og:title\" content=\"S\u00e9rie de 4 fauteuils Windsor Goldsmith pour Ercol | lalmachine.com\" \/>\n<meta property=\"og:description\" content=\"S\u00e9rie de 4 Fauteuils Windsor Goldsmith mod\u00e8le 369A par Luciano Ercolani pour Ercol.\" \/>\n<meta property=\"og:url\" content=\"https:\/\/lalmachine.com\/de\/shop\/sasseoir\/chaise\/serie-de-4-fauteuils-windsor-goldsmith-pour-ercol\/\" \/>\n<meta property=\"og:site_name\" content=\"lalmachine.com\" \/>\n<meta property=\"article:publisher\" content=\"https:\/\/facebook.com\/lalmachine\" \/>\n<meta property=\"article:modified_time\" content=\"2026-04-12T18:07:50+00:00\" \/>\n<meta property=\"og:image\" content=\"https:\/\/lalmachine.com\/wp-content\/uploads\/2025\/07\/Photoroom_20250621_193853_clipped_rev_1.jpeg\" \/>\n\t<meta property=\"og:image:width\" content=\"2559\" \/>\n\t<meta property=\"og:image:height\" content=\"2559\" \/>\n\t<meta property=\"og:image:type\" content=\"image\/jpeg\" \/>\n<meta name=\"twitter:card\" content=\"summary_large_image\" \/>\n<script type=\"application\/ld+json\" class=\"yoast-schema-graph\">{\"@context\":\"https:\\\/\\\/schema.org\",\"@graph\":[{\"@type\":\"WebPage\",\"@id\":\"https:\\\/\\\/lalmachine.com\\\/shop\\\/sasseoir\\\/chaise\\\/serie-de-4-fauteuils-windsor-goldsmith-pour-ercol\\\/\",\"url\":\"https:\\\/\\\/lalmachine.com\\\/shop\\\/sasseoir\\\/chaise\\\/serie-de-4-fauteuils-windsor-goldsmith-pour-ercol\\\/\",\"name\":\"S\u00e9rie de 4 fauteuils Windsor Goldsmith pour Ercol | lalmachine.com\",\"isPartOf\":{\"@id\":\"https:\\\/\\\/lalmachine.com\\\/#website\"},\"primaryImageOfPage\":{\"@id\":\"https:\\\/\\\/lalmachine.com\\\/shop\\\/sasseoir\\\/chaise\\\/serie-de-4-fauteuils-windsor-goldsmith-pour-ercol\\\/#primaryimage\"},\"image\":{\"@id\":\"https:\\\/\\\/lalmachine.com\\\/shop\\\/sasseoir\\\/chaise\\\/serie-de-4-fauteuils-windsor-goldsmith-pour-ercol\\\/#primaryimage\"},\"thumbnailUrl\":\"https:\\\/\\\/lalmachine.com\\\/wp-content\\\/uploads\\\/2025\\\/07\\\/Photoroom_20250621_193853_clipped_rev_1.jpeg\",\"datePublished\":\"2025-07-07T07:05:50+00:00\",\"dateModified\":\"2026-04-12T18:07:50+00:00\",\"description\":\"S\u00e9rie de 4 Fauteuils Windsor Goldsmith mod\u00e8le 369A par Luciano Ercolani pour Ercol.\",\"breadcrumb\":{\"@id\":\"https:\\\/\\\/lalmachine.com\\\/shop\\\/sasseoir\\\/chaise\\\/serie-de-4-fauteuils-windsor-goldsmith-pour-ercol\\\/#breadcrumb\"},\"inLanguage\":\"de\",\"potentialAction\":[{\"@type\":\"ReadAction\",\"target\":[\"https:\\\/\\\/lalmachine.com\\\/shop\\\/sasseoir\\\/chaise\\\/serie-de-4-fauteuils-windsor-goldsmith-pour-ercol\\\/\"]}]},{\"@type\":\"ImageObject\",\"inLanguage\":\"de\",\"@id\":\"https:\\\/\\\/lalmachine.com\\\/shop\\\/sasseoir\\\/chaise\\\/serie-de-4-fauteuils-windsor-goldsmith-pour-ercol\\\/#primaryimage\",\"url\":\"https:\\\/\\\/lalmachine.com\\\/wp-content\\\/uploads\\\/2025\\\/07\\\/Photoroom_20250621_193853_clipped_rev_1.jpeg\",\"contentUrl\":\"https:\\\/\\\/lalmachine.com\\\/wp-content\\\/uploads\\\/2025\\\/07\\\/Photoroom_20250621_193853_clipped_rev_1.jpeg\",\"width\":2559,\"height\":2559,\"caption\":\"fauteuils Windsor Goldsmith pour Ercol\"},{\"@type\":\"BreadcrumbList\",\"@id\":\"https:\\\/\\\/lalmachine.com\\\/shop\\\/sasseoir\\\/chaise\\\/serie-de-4-fauteuils-windsor-goldsmith-pour-ercol\\\/#breadcrumb\",\"itemListElement\":[{\"@type\":\"ListItem\",\"position\":1,\"name\":\"Accueil\",\"item\":\"https:\\\/\\\/lalmachine.com\\\/\"},{\"@type\":\"ListItem\",\"position\":2,\"name\":\"Shop\",\"item\":\"https:\\\/\\\/lalmachine.com\\\/shop\\\/\"},{\"@type\":\"ListItem\",\"position\":3,\"name\":\"S\u00e9rie de 4 fauteuils Windsor Goldsmith pour Ercol\"}]},{\"@type\":\"WebSite\",\"@id\":\"https:\\\/\\\/lalmachine.com\\\/#website\",\"url\":\"https:\\\/\\\/lalmachine.com\\\/\",\"name\":\"lalmachine.com\",\"description\":\"Brocante en ligne Suisse | Mobilier et objets d\u00e9co vintage et design\",\"potentialAction\":[{\"@type\":\"SearchAction\",\"target\":{\"@type\":\"EntryPoint\",\"urlTemplate\":\"https:\\\/\\\/lalmachine.com\\\/?s={search_term_string}\"},\"query-input\":{\"@type\":\"PropertyValueSpecification\",\"valueRequired\":true,\"valueName\":\"search_term_string\"}}],\"inLanguage\":\"de\"}]}<\/script>\n<!-- \/ Yoast SEO plugin. -->","yoast_head_json":{"title":"S\u00e9rie de 4 fauteuils Windsor Goldsmith pour Ercol | lalmachine.com","description":"S\u00e9rie de 4 Fauteuils Windsor Goldsmith mod\u00e8le 369A par Luciano Ercolani pour Ercol.","robots":{"index":"index","follow":"follow","max-snippet":"max-snippet:-1","max-image-preview":"max-image-preview:large","max-video-preview":"max-video-preview:-1"},"canonical":"https:\/\/lalmachine.com\/de\/shop\/sasseoir\/chaise\/serie-de-4-fauteuils-windsor-goldsmith-pour-ercol\/","og_locale":"de_DE","og_type":"article","og_title":"S\u00e9rie de 4 fauteuils Windsor Goldsmith pour Ercol | lalmachine.com","og_description":"S\u00e9rie de 4 Fauteuils Windsor Goldsmith mod\u00e8le 369A par Luciano Ercolani pour Ercol.","og_url":"https:\/\/lalmachine.com\/de\/shop\/sasseoir\/chaise\/serie-de-4-fauteuils-windsor-goldsmith-pour-ercol\/","og_site_name":"lalmachine.com","article_publisher":"https:\/\/facebook.com\/lalmachine","article_modified_time":"2026-04-12T18:07:50+00:00","og_image":[{"width":2559,"height":2559,"url":"https:\/\/lalmachine.com\/wp-content\/uploads\/2025\/07\/Photoroom_20250621_193853_clipped_rev_1.jpeg","type":"image\/jpeg"}],"twitter_card":"summary_large_image","schema":{"@context":"https:\/\/schema.org","@graph":[{"@type":"WebPage","@id":"https:\/\/lalmachine.com\/shop\/sasseoir\/chaise\/serie-de-4-fauteuils-windsor-goldsmith-pour-ercol\/","url":"https:\/\/lalmachine.com\/shop\/sasseoir\/chaise\/serie-de-4-fauteuils-windsor-goldsmith-pour-ercol\/","name":"S\u00e9rie de 4 fauteuils Windsor Goldsmith pour Ercol | lalmachine.com","isPartOf":{"@id":"https:\/\/lalmachine.com\/#website"},"primaryImageOfPage":{"@id":"https:\/\/lalmachine.com\/shop\/sasseoir\/chaise\/serie-de-4-fauteuils-windsor-goldsmith-pour-ercol\/#primaryimage"},"image":{"@id":"https:\/\/lalmachine.com\/shop\/sasseoir\/chaise\/serie-de-4-fauteuils-windsor-goldsmith-pour-ercol\/#primaryimage"},"thumbnailUrl":"https:\/\/lalmachine.com\/wp-content\/uploads\/2025\/07\/Photoroom_20250621_193853_clipped_rev_1.jpeg","datePublished":"2025-07-07T07:05:50+00:00","dateModified":"2026-04-12T18:07:50+00:00","description":"S\u00e9rie de 4 Fauteuils Windsor Goldsmith mod\u00e8le 369A par Luciano Ercolani pour Ercol.","breadcrumb":{"@id":"https:\/\/lalmachine.com\/shop\/sasseoir\/chaise\/serie-de-4-fauteuils-windsor-goldsmith-pour-ercol\/#breadcrumb"},"inLanguage":"de","potentialAction":[{"@type":"ReadAction","target":["https:\/\/lalmachine.com\/shop\/sasseoir\/chaise\/serie-de-4-fauteuils-windsor-goldsmith-pour-ercol\/"]}]},{"@type":"ImageObject","inLanguage":"de","@id":"https:\/\/lalmachine.com\/shop\/sasseoir\/chaise\/serie-de-4-fauteuils-windsor-goldsmith-pour-ercol\/#primaryimage","url":"https:\/\/lalmachine.com\/wp-content\/uploads\/2025\/07\/Photoroom_20250621_193853_clipped_rev_1.jpeg","contentUrl":"https:\/\/lalmachine.com\/wp-content\/uploads\/2025\/07\/Photoroom_20250621_193853_clipped_rev_1.jpeg","width":2559,"height":2559,"caption":"fauteuils Windsor Goldsmith pour Ercol"},{"@type":"BreadcrumbList","@id":"https:\/\/lalmachine.com\/shop\/sasseoir\/chaise\/serie-de-4-fauteuils-windsor-goldsmith-pour-ercol\/#breadcrumb","itemListElement":[{"@type":"ListItem","position":1,"name":"Accueil","item":"https:\/\/lalmachine.com\/"},{"@type":"ListItem","position":2,"name":"Shop","item":"https:\/\/lalmachine.com\/shop\/"},{"@type":"ListItem","position":3,"name":"S\u00e9rie de 4 fauteuils Windsor Goldsmith pour Ercol"}]},{"@type":"WebSite","@id":"https:\/\/lalmachine.com\/#website","url":"https:\/\/lalmachine.com\/","name":"lalmachine.com","description":"Brocante en ligne Suisse | Mobilier et objets d\u00e9co vintage et design","potentialAction":[{"@type":"SearchAction","target":{"@type":"EntryPoint","urlTemplate":"https:\/\/lalmachine.com\/?s={search_term_string}"},"query-input":{"@type":"PropertyValueSpecification","valueRequired":true,"valueName":"search_term_string"}}],"inLanguage":"de"}]}},"_links":{"self":[{"href":"https:\/\/lalmachine.com\/de\/wp-json\/wp\/v2\/product\/349159","targetHints":{"allow":["GET"]}}],"collection":[{"href":"https:\/\/lalmachine.com\/de\/wp-json\/wp\/v2\/product"}],"about":[{"href":"https:\/\/lalmachine.com\/de\/wp-json\/wp\/v2\/types\/product"}],"wp:featuredmedia":[{"embeddable":true,"href":"https:\/\/lalmachine.com\/de\/wp-json\/wp\/v2\/media\/349200"}],"wp:attachment":[{"href":"https:\/\/lalmachine.com\/de\/wp-json\/wp\/v2\/media?parent=349159"}],"wp:term":[{"taxonomy":"product_brand","embeddable":true,"href":"https:\/\/lalmachine.com\/de\/wp-json\/wp\/v2\/product_brand?post=349159"},{"taxonomy":"product_cat","embeddable":true,"href":"https:\/\/lalmachine.com\/de\/wp-json\/wp\/v2\/product_cat?post=349159"},{"taxonomy":"product_tag","embeddable":true,"href":"https:\/\/lalmachine.com\/de\/wp-json\/wp\/v2\/product_tag?post=349159"},{"taxonomy":"proximite","embeddable":true,"href":"https:\/\/lalmachine.com\/de\/wp-json\/wp\/v2\/proximite?post=349159"}],"curies":[{"name":"wp","href":"https:\/\/api.w.org\/{rel}","templated":true}]}}