{"id":349496,"date":"2025-07-21T13:47:14","date_gmt":"2025-07-21T11:47:14","guid":{"rendered":"https:\/\/lalmachine.com\/?post_type=product&#038;p=349496"},"modified":"2025-12-18T10:39:05","modified_gmt":"2025-12-18T09:39:05","slug":"mini-bar-a-roulettes-en-noyer-suisse-1960s","status":"publish","type":"product","link":"https:\/\/lalmachine.com\/de\/shop\/meubler\/meuble-de-rangement\/mini-bar-a-roulettes-en-noyer-suisse-1960s\/","title":{"rendered":"Mini-bar \u00e0 roulettes en noyer, Suisse, 1960&rsquo;s"},"content":{"rendered":"<ul class=\"wpuf_customs\"><li style=\"list-style-type:none;\"><label>Autres photos:<\/label> <a href=\"https:\/\/lalmachine.com\/wp-content\/uploads\/2025\/07\/F27C2FF5-CE44-4AC7-B38E-0B850D1B65AE_1_201_a-scaled.jpeg\"><img loading=\"lazy\" decoding=\"async\" width=\"96\" height=\"96\" src=\"https:\/\/lalmachine.com\/wp-content\/uploads\/2025\/07\/F27C2FF5-CE44-4AC7-B38E-0B850D1B65AE_1_201_a-scaled.jpeg\" class=\"attachment-thumbnail size-thumbnail\" alt=\"\" \/><\/a> <a href=\"https:\/\/lalmachine.com\/wp-content\/uploads\/2025\/07\/6FA90D38-10B7-4874-86F6-10A0B16553CF_1_201_a-scaled.jpeg\"><img loading=\"lazy\" decoding=\"async\" width=\"77\" height=\"96\" src=\"https:\/\/lalmachine.com\/wp-content\/uploads\/2025\/07\/6FA90D38-10B7-4874-86F6-10A0B16553CF_1_201_a-scaled.jpeg\" class=\"attachment-thumbnail size-thumbnail\" alt=\"\" \/><\/a> <a href=\"https:\/\/lalmachine.com\/wp-content\/uploads\/2025\/07\/17810827-FB03-4A5D-9091-CB0236B52D65_1_201_a-scaled.jpeg\"><img loading=\"lazy\" decoding=\"async\" width=\"96\" height=\"96\" src=\"https:\/\/lalmachine.com\/wp-content\/uploads\/2025\/07\/17810827-FB03-4A5D-9091-CB0236B52D65_1_201_a-scaled.jpeg\" class=\"attachment-thumbnail size-thumbnail\" alt=\"\" \/><\/a> <a href=\"https:\/\/lalmachine.com\/wp-content\/uploads\/2025\/07\/292738EA-84A2-40EE-8AB5-333E52EE1587_1_201_a-scaled.jpeg\"><img loading=\"lazy\" decoding=\"async\" width=\"77\" height=\"96\" src=\"https:\/\/lalmachine.com\/wp-content\/uploads\/2025\/07\/292738EA-84A2-40EE-8AB5-333E52EE1587_1_201_a-scaled.jpeg\" class=\"attachment-thumbnail size-thumbnail\" alt=\"\" \/><\/a> <a href=\"https:\/\/lalmachine.com\/wp-content\/uploads\/2025\/07\/3527A71B-0AEC-4F7F-B7EE-8C24271A948D_1_201_a-scaled.jpeg\"><img loading=\"lazy\" decoding=\"async\" width=\"96\" height=\"96\" src=\"https:\/\/lalmachine.com\/wp-content\/uploads\/2025\/07\/3527A71B-0AEC-4F7F-B7EE-8C24271A948D_1_201_a-scaled.jpeg\" class=\"attachment-thumbnail size-thumbnail\" alt=\"\" \/><\/a> <a href=\"https:\/\/lalmachine.com\/wp-content\/uploads\/2025\/07\/26E0ABF2-E621-446E-908F-F32714CABCB7_1_201_a-scaled.jpeg\"><img loading=\"lazy\" decoding=\"async\" width=\"96\" height=\"96\" src=\"https:\/\/lalmachine.com\/wp-content\/uploads\/2025\/07\/26E0ABF2-E621-446E-908F-F32714CABCB7_1_201_a-scaled.jpeg\" class=\"attachment-thumbnail size-thumbnail\" alt=\"\" \/><\/a> <\/li>        <li class=\"wpuf-field-data wpuf-field-data-numeric_text_field\">\n                            <label>Prix:<\/label>\n                        490        <\/li>\n                <li class=\"wpuf-field-data wpuf-field-data-numeric_text_field\">\n                            <label>Quantit\u00e9:<\/label>\n                        0        <\/li>\n                <li class=\"wpuf-field-data wpuf-field-data-numeric_text_field\">\n                            <label>Hauteur (cm):<\/label>\n                        48        <\/li>\n                <li class=\"wpuf-field-data wpuf-field-data-numeric_text_field\">\n                            <label>Largeur (cm):<\/label>\n                        36        <\/li>\n                <li class=\"wpuf-field-data wpuf-field-data-numeric_text_field\">\n                            <label>Profondeur (cm):<\/label>\n                        36        <\/li>\n        <\/ul>","protected":false},"excerpt":{"rendered":"<p>L&rsquo;abus de design mid-century n&rsquo;est pas mauvais pour la sant\u00e9 !<\/p>\n<p>N&rsquo;y voyez aucunement un encouragement \u00e0 la consommation mais plut\u00f4t la possibilit\u00e9 de pr\u00e9server dans un bel \u00e9crin vos mill\u00e9simes favoris.<\/p>\n<p>Ce mini-bar, simple et \u00e9l\u00e9gant, est id\u00e9al pour se placer au salon et parfaire une d\u00e9coration d\u00e9j\u00e0 soign\u00e9e. Il sublimera vos fin de soir\u00e9es lorsque qu&rsquo;apr\u00e8s plusieurs heures d&rsquo;interrogations, vos convives vous verront d\u00e9ployer ses portes pour en extraire une belle bouteille accompagn\u00e9e de quelques verres en cristal.<\/p>\n<p>Si la d\u00e9gustation de spiritueux n&rsquo;est pas votre tasse de th\u00e9, laissez vous \u00e9ventuellement tenter par ce petit cube ail\u00e9 pour y glisser une collection de vinyles de chaque c\u00f4t\u00e9 du muret central. Notez qu\u2019au sommet de celui-ci vous pourrez y loger quelques accessoires indispensables au bon fonctionnement de la platine avant de le refermer jalousement.<\/p>\n<p>Zustand<br \/>\nBon \u00e9tat g\u00e9n\u00e9ral, conforme aux photos.<\/p>","protected":false},"featured_media":349563,"template":"","meta":{"_et_pb_use_builder":"","_et_pb_old_content":"","_et_gb_content_width":""},"product_brand":[],"product_cat":[83,47],"product_tag":[],"proximite":[283,179],"class_list":{"0":"post-349496","1":"product","2":"type-product","3":"status-publish","4":"has-post-thumbnail","6":"product_cat-meuble-de-rangement","7":"product_cat-meubler","8":"pa_couleur-bois","9":"pa_etat-bon-etat","10":"pa_materiau-bois","11":"pa_style-vintage","12":"proximite-riviera-pays-denhaut","13":"proximite-vaud","15":"first","16":"outofstock","17":"shipping-taxable","18":"purchasable","19":"product-type-simple"},"yoast_head":"<!-- This site is optimized with the Yoast SEO plugin v27.4 - https:\/\/yoast.com\/product\/yoast-seo-wordpress\/ -->\n<title>Mini-bar \u00e0 roulettes en noyer, Suisse, 1960&#039;s | lalmachine.com<\/title>\n<meta name=\"description\" content=\"Mini-bar \u00e0 roulettes en noyer, Suisse, 1960&#039;s\" \/>\n<meta name=\"robots\" content=\"index, follow, max-snippet:-1, max-image-preview:large, max-video-preview:-1\" \/>\n<link rel=\"canonical\" href=\"https:\/\/lalmachine.com\/de\/shop\/meubler\/meuble-de-rangement\/mini-bar-a-roulettes-en-noyer-suisse-1960s\/\" \/>\n<meta property=\"og:locale\" content=\"de_DE\" \/>\n<meta property=\"og:type\" content=\"article\" \/>\n<meta property=\"og:title\" content=\"Mini-bar \u00e0 roulettes en noyer, Suisse, 1960&#039;s | lalmachine.com\" \/>\n<meta property=\"og:description\" content=\"Mini-bar \u00e0 roulettes en noyer, Suisse, 1960&#039;s\" \/>\n<meta property=\"og:url\" content=\"https:\/\/lalmachine.com\/de\/shop\/meubler\/meuble-de-rangement\/mini-bar-a-roulettes-en-noyer-suisse-1960s\/\" \/>\n<meta property=\"og:site_name\" content=\"lalmachine.com\" \/>\n<meta property=\"article:publisher\" content=\"https:\/\/facebook.com\/lalmachine\" \/>\n<meta property=\"article:modified_time\" content=\"2025-12-18T09:39:05+00:00\" \/>\n<meta property=\"og:image\" content=\"https:\/\/lalmachine.com\/wp-content\/uploads\/2025\/07\/6BE29177-2419-4F67-977D-66C8EEF9168D_1_201_a-Photoroom-scaled_clipped_rev_1.jpeg\" \/>\n\t<meta property=\"og:image:width\" content=\"2356\" \/>\n\t<meta property=\"og:image:height\" content=\"2357\" \/>\n\t<meta property=\"og:image:type\" content=\"image\/jpeg\" \/>\n<meta name=\"twitter:card\" content=\"summary_large_image\" \/>\n<script type=\"application\/ld+json\" class=\"yoast-schema-graph\">{\"@context\":\"https:\\\/\\\/schema.org\",\"@graph\":[{\"@type\":\"WebPage\",\"@id\":\"https:\\\/\\\/lalmachine.com\\\/shop\\\/meubler\\\/meuble-de-rangement\\\/mini-bar-a-roulettes-en-noyer-suisse-1960s\\\/\",\"url\":\"https:\\\/\\\/lalmachine.com\\\/shop\\\/meubler\\\/meuble-de-rangement\\\/mini-bar-a-roulettes-en-noyer-suisse-1960s\\\/\",\"name\":\"Mini-bar \u00e0 roulettes en noyer, Suisse, 1960's | lalmachine.com\",\"isPartOf\":{\"@id\":\"https:\\\/\\\/lalmachine.com\\\/#website\"},\"primaryImageOfPage\":{\"@id\":\"https:\\\/\\\/lalmachine.com\\\/shop\\\/meubler\\\/meuble-de-rangement\\\/mini-bar-a-roulettes-en-noyer-suisse-1960s\\\/#primaryimage\"},\"image\":{\"@id\":\"https:\\\/\\\/lalmachine.com\\\/shop\\\/meubler\\\/meuble-de-rangement\\\/mini-bar-a-roulettes-en-noyer-suisse-1960s\\\/#primaryimage\"},\"thumbnailUrl\":\"https:\\\/\\\/lalmachine.com\\\/wp-content\\\/uploads\\\/2025\\\/07\\\/6BE29177-2419-4F67-977D-66C8EEF9168D_1_201_a-Photoroom-scaled_clipped_rev_1.jpeg\",\"datePublished\":\"2025-07-21T11:47:14+00:00\",\"dateModified\":\"2025-12-18T09:39:05+00:00\",\"description\":\"Mini-bar \u00e0 roulettes en noyer, Suisse, 1960's\",\"breadcrumb\":{\"@id\":\"https:\\\/\\\/lalmachine.com\\\/shop\\\/meubler\\\/meuble-de-rangement\\\/mini-bar-a-roulettes-en-noyer-suisse-1960s\\\/#breadcrumb\"},\"inLanguage\":\"de\",\"potentialAction\":[{\"@type\":\"ReadAction\",\"target\":[\"https:\\\/\\\/lalmachine.com\\\/shop\\\/meubler\\\/meuble-de-rangement\\\/mini-bar-a-roulettes-en-noyer-suisse-1960s\\\/\"]}]},{\"@type\":\"ImageObject\",\"inLanguage\":\"de\",\"@id\":\"https:\\\/\\\/lalmachine.com\\\/shop\\\/meubler\\\/meuble-de-rangement\\\/mini-bar-a-roulettes-en-noyer-suisse-1960s\\\/#primaryimage\",\"url\":\"https:\\\/\\\/lalmachine.com\\\/wp-content\\\/uploads\\\/2025\\\/07\\\/6BE29177-2419-4F67-977D-66C8EEF9168D_1_201_a-Photoroom-scaled_clipped_rev_1.jpeg\",\"contentUrl\":\"https:\\\/\\\/lalmachine.com\\\/wp-content\\\/uploads\\\/2025\\\/07\\\/6BE29177-2419-4F67-977D-66C8EEF9168D_1_201_a-Photoroom-scaled_clipped_rev_1.jpeg\",\"width\":2356,\"height\":2357,\"caption\":\"Mini-bar \u00e0 roulettes en noyer\"},{\"@type\":\"BreadcrumbList\",\"@id\":\"https:\\\/\\\/lalmachine.com\\\/shop\\\/meubler\\\/meuble-de-rangement\\\/mini-bar-a-roulettes-en-noyer-suisse-1960s\\\/#breadcrumb\",\"itemListElement\":[{\"@type\":\"ListItem\",\"position\":1,\"name\":\"Accueil\",\"item\":\"https:\\\/\\\/lalmachine.com\\\/\"},{\"@type\":\"ListItem\",\"position\":2,\"name\":\"Shop\",\"item\":\"https:\\\/\\\/lalmachine.com\\\/shop\\\/\"},{\"@type\":\"ListItem\",\"position\":3,\"name\":\"Mini-bar \u00e0 roulettes en noyer, Suisse, 1960&#8217;s\"}]},{\"@type\":\"WebSite\",\"@id\":\"https:\\\/\\\/lalmachine.com\\\/#website\",\"url\":\"https:\\\/\\\/lalmachine.com\\\/\",\"name\":\"lalmachine.com\",\"description\":\"Brocante en ligne Suisse | Mobilier et objets d\u00e9co vintage et design\",\"potentialAction\":[{\"@type\":\"SearchAction\",\"target\":{\"@type\":\"EntryPoint\",\"urlTemplate\":\"https:\\\/\\\/lalmachine.com\\\/?s={search_term_string}\"},\"query-input\":{\"@type\":\"PropertyValueSpecification\",\"valueRequired\":true,\"valueName\":\"search_term_string\"}}],\"inLanguage\":\"de\"}]}<\/script>\n<!-- \/ Yoast SEO plugin. -->","yoast_head_json":{"title":"Mini-bar \u00e0 roulettes en noyer, Suisse, 1960's | lalmachine.com","description":"Mini-bar \u00e0 roulettes en noyer, Suisse, 1960's","robots":{"index":"index","follow":"follow","max-snippet":"max-snippet:-1","max-image-preview":"max-image-preview:large","max-video-preview":"max-video-preview:-1"},"canonical":"https:\/\/lalmachine.com\/de\/shop\/meubler\/meuble-de-rangement\/mini-bar-a-roulettes-en-noyer-suisse-1960s\/","og_locale":"de_DE","og_type":"article","og_title":"Mini-bar \u00e0 roulettes en noyer, Suisse, 1960's | lalmachine.com","og_description":"Mini-bar \u00e0 roulettes en noyer, Suisse, 1960's","og_url":"https:\/\/lalmachine.com\/de\/shop\/meubler\/meuble-de-rangement\/mini-bar-a-roulettes-en-noyer-suisse-1960s\/","og_site_name":"lalmachine.com","article_publisher":"https:\/\/facebook.com\/lalmachine","article_modified_time":"2025-12-18T09:39:05+00:00","og_image":[{"width":2356,"height":2357,"url":"https:\/\/lalmachine.com\/wp-content\/uploads\/2025\/07\/6BE29177-2419-4F67-977D-66C8EEF9168D_1_201_a-Photoroom-scaled_clipped_rev_1.jpeg","type":"image\/jpeg"}],"twitter_card":"summary_large_image","schema":{"@context":"https:\/\/schema.org","@graph":[{"@type":"WebPage","@id":"https:\/\/lalmachine.com\/shop\/meubler\/meuble-de-rangement\/mini-bar-a-roulettes-en-noyer-suisse-1960s\/","url":"https:\/\/lalmachine.com\/shop\/meubler\/meuble-de-rangement\/mini-bar-a-roulettes-en-noyer-suisse-1960s\/","name":"Mini-bar \u00e0 roulettes en noyer, Suisse, 1960's | lalmachine.com","isPartOf":{"@id":"https:\/\/lalmachine.com\/#website"},"primaryImageOfPage":{"@id":"https:\/\/lalmachine.com\/shop\/meubler\/meuble-de-rangement\/mini-bar-a-roulettes-en-noyer-suisse-1960s\/#primaryimage"},"image":{"@id":"https:\/\/lalmachine.com\/shop\/meubler\/meuble-de-rangement\/mini-bar-a-roulettes-en-noyer-suisse-1960s\/#primaryimage"},"thumbnailUrl":"https:\/\/lalmachine.com\/wp-content\/uploads\/2025\/07\/6BE29177-2419-4F67-977D-66C8EEF9168D_1_201_a-Photoroom-scaled_clipped_rev_1.jpeg","datePublished":"2025-07-21T11:47:14+00:00","dateModified":"2025-12-18T09:39:05+00:00","description":"Mini-bar \u00e0 roulettes en noyer, Suisse, 1960's","breadcrumb":{"@id":"https:\/\/lalmachine.com\/shop\/meubler\/meuble-de-rangement\/mini-bar-a-roulettes-en-noyer-suisse-1960s\/#breadcrumb"},"inLanguage":"de","potentialAction":[{"@type":"ReadAction","target":["https:\/\/lalmachine.com\/shop\/meubler\/meuble-de-rangement\/mini-bar-a-roulettes-en-noyer-suisse-1960s\/"]}]},{"@type":"ImageObject","inLanguage":"de","@id":"https:\/\/lalmachine.com\/shop\/meubler\/meuble-de-rangement\/mini-bar-a-roulettes-en-noyer-suisse-1960s\/#primaryimage","url":"https:\/\/lalmachine.com\/wp-content\/uploads\/2025\/07\/6BE29177-2419-4F67-977D-66C8EEF9168D_1_201_a-Photoroom-scaled_clipped_rev_1.jpeg","contentUrl":"https:\/\/lalmachine.com\/wp-content\/uploads\/2025\/07\/6BE29177-2419-4F67-977D-66C8EEF9168D_1_201_a-Photoroom-scaled_clipped_rev_1.jpeg","width":2356,"height":2357,"caption":"Mini-bar \u00e0 roulettes en noyer"},{"@type":"BreadcrumbList","@id":"https:\/\/lalmachine.com\/shop\/meubler\/meuble-de-rangement\/mini-bar-a-roulettes-en-noyer-suisse-1960s\/#breadcrumb","itemListElement":[{"@type":"ListItem","position":1,"name":"Accueil","item":"https:\/\/lalmachine.com\/"},{"@type":"ListItem","position":2,"name":"Shop","item":"https:\/\/lalmachine.com\/shop\/"},{"@type":"ListItem","position":3,"name":"Mini-bar \u00e0 roulettes en noyer, Suisse, 1960&#8217;s"}]},{"@type":"WebSite","@id":"https:\/\/lalmachine.com\/#website","url":"https:\/\/lalmachine.com\/","name":"lalmachine.com","description":"Brocante en ligne Suisse | Mobilier et objets d\u00e9co vintage et design","potentialAction":[{"@type":"SearchAction","target":{"@type":"EntryPoint","urlTemplate":"https:\/\/lalmachine.com\/?s={search_term_string}"},"query-input":{"@type":"PropertyValueSpecification","valueRequired":true,"valueName":"search_term_string"}}],"inLanguage":"de"}]}},"_links":{"self":[{"href":"https:\/\/lalmachine.com\/de\/wp-json\/wp\/v2\/product\/349496","targetHints":{"allow":["GET"]}}],"collection":[{"href":"https:\/\/lalmachine.com\/de\/wp-json\/wp\/v2\/product"}],"about":[{"href":"https:\/\/lalmachine.com\/de\/wp-json\/wp\/v2\/types\/product"}],"wp:featuredmedia":[{"embeddable":true,"href":"https:\/\/lalmachine.com\/de\/wp-json\/wp\/v2\/media\/349563"}],"wp:attachment":[{"href":"https:\/\/lalmachine.com\/de\/wp-json\/wp\/v2\/media?parent=349496"}],"wp:term":[{"taxonomy":"product_brand","embeddable":true,"href":"https:\/\/lalmachine.com\/de\/wp-json\/wp\/v2\/product_brand?post=349496"},{"taxonomy":"product_cat","embeddable":true,"href":"https:\/\/lalmachine.com\/de\/wp-json\/wp\/v2\/product_cat?post=349496"},{"taxonomy":"product_tag","embeddable":true,"href":"https:\/\/lalmachine.com\/de\/wp-json\/wp\/v2\/product_tag?post=349496"},{"taxonomy":"proximite","embeddable":true,"href":"https:\/\/lalmachine.com\/de\/wp-json\/wp\/v2\/proximite?post=349496"}],"curies":[{"name":"wp","href":"https:\/\/api.w.org\/{rel}","templated":true}]}}