{"id":350260,"date":"2025-08-25T11:52:16","date_gmt":"2025-08-25T09:52:16","guid":{"rendered":"https:\/\/lalmachine.com\/?post_type=product&#038;p=350260"},"modified":"2025-08-25T11:52:17","modified_gmt":"2025-08-25T09:52:17","slug":"set-de-trois-chaises-penelope-de-charles-pollock","status":"publish","type":"product","link":"https:\/\/lalmachine.com\/de\/shop\/sasseoir\/chaise\/set-de-trois-chaises-penelope-de-charles-pollock\/","title":{"rendered":"Set de trois chaises &#8220;Penelope&#8221; de Charles Pollock"},"content":{"rendered":"<ul class=\"wpuf_customs\"><li style=\"list-style-type:none;\"><label>Autres photos:<\/label> <a href=\"https:\/\/lalmachine.com\/wp-content\/uploads\/2025\/08\/694b.jpg\"><img loading=\"lazy\" decoding=\"async\" width=\"96\" height=\"96\" src=\"https:\/\/lalmachine.com\/wp-content\/uploads\/2025\/08\/694b.jpg\" class=\"attachment-thumbnail size-thumbnail\" alt=\"\" \/><\/a> <a href=\"https:\/\/lalmachine.com\/wp-content\/uploads\/2025\/08\/694d.jpg\"><img loading=\"lazy\" decoding=\"async\" width=\"96\" height=\"96\" src=\"https:\/\/lalmachine.com\/wp-content\/uploads\/2025\/08\/694d.jpg\" class=\"attachment-thumbnail size-thumbnail\" alt=\"\" \/><\/a> <\/li>        <li class=\"wpuf-field-data wpuf-field-data-numeric_text_field\">\n                            <label>Prix:<\/label>\n                        2245        <\/li>\n                <li class=\"wpuf-field-data wpuf-field-data-numeric_text_field\">\n                            <label>Quantit\u00e9:<\/label>\n                        1        <\/li>\n                <li class=\"wpuf-field-data wpuf-field-data-numeric_text_field\">\n                            <label>Hauteur (cm):<\/label>\n                        81        <\/li>\n                <li class=\"wpuf-field-data wpuf-field-data-numeric_text_field\">\n                            <label>Largeur (cm):<\/label>\n                        56        <\/li>\n                <li class=\"wpuf-field-data wpuf-field-data-numeric_text_field\">\n                            <label>Profondeur (cm):<\/label>\n                        59        <\/li>\n        <\/ul>","protected":false},"excerpt":{"rendered":"<p>Trio de chaises de bureau &#8220;Penelope&#8221; par Charles POLLOCK \u00e9dit\u00e9es en 1982 par Anonima Castelli (italien) . Cette chaise-fauteuil fut la derni\u00e8re \u0153uvre majeure de Charles Pollock. Sa structure d\u2019un seul fil accompagne les mouvements du corps avec \u00e9lasticit\u00e9 et souplesse. Aux formes \u00e9l\u00e9gantes et raffin\u00e9es, elle est de par son pi\u00e8tement &#8220;cantilever&#8221; d&#8217;un tr\u00e8s grand confort et convient autant pour un usage sporadique que quotidien.<\/p>\n<p>Structure et pi\u00e8tement en m\u00e9tal chrom\u00e9, assise en treillis m\u00e9tallique noir, accoudoirs en mousse.<\/p>\n<p>Elles poss\u00e8dent quelques traces d\u2019usure sur le dessus des chromes autour de l\u2019assise (voir photos) mais sont en tr\u00e8s bel \u00e9tat.<\/p>\n<p>Pollock r\u00e9volutionna en profondeur l\u2019approche du mobilier de bureau au XXe si\u00e8cle. Ses \u0153uvres ont \u00e9t\u00e9 expos\u00e9es dans les plus grands mus\u00e9es du monde, du MOMA (metropolitan museum) de new york au mus\u00e9e du Louvre \u00e0 Paris.<\/p>\n<p>Dimensions :<br \/>\nlargeur : 56, 5 cm, profondeur : 59 cm, hauteur assise : 45 cm, hauteur dossier : 81 cm.<\/p>","protected":false},"featured_media":350286,"template":"","meta":{"_et_pb_use_builder":"","_et_pb_old_content":"","_et_gb_content_width":""},"product_brand":[],"product_cat":[100,48],"product_tag":[],"proximite":[280,179],"class_list":{"0":"post-350260","1":"product","2":"type-product","3":"status-publish","4":"has-post-thumbnail","6":"product_cat-chaise","7":"product_cat-sasseoir","8":"pa_couleur-noir","9":"pa_designer-autres-designers","10":"pa_etat-tres-bon-etat","11":"pa_materiau-metal","12":"pa_style-design","13":"proximite-morges","14":"proximite-vaud","16":"first","17":"instock","18":"shipping-taxable","19":"purchasable","20":"product-type-simple"},"yoast_head":"<!-- This site is optimized with the Yoast SEO plugin v27.4 - https:\/\/yoast.com\/product\/yoast-seo-wordpress\/ -->\n<title>Set de trois chaises &quot;Penelope&quot; de Charles Pollock | lalmachine.com, mobilier et objets d\u00e9co vintage et design<\/title>\n<meta name=\"description\" content=\"Set de trois chaises &quot;Penelope&quot; de Charles Pollock\" \/>\n<meta name=\"robots\" content=\"index, follow, max-snippet:-1, max-image-preview:large, max-video-preview:-1\" \/>\n<link rel=\"canonical\" href=\"https:\/\/lalmachine.com\/de\/shop\/sasseoir\/chaise\/set-de-trois-chaises-penelope-de-charles-pollock\/\" \/>\n<meta property=\"og:locale\" content=\"de_DE\" \/>\n<meta property=\"og:type\" content=\"article\" \/>\n<meta property=\"og:title\" content=\"Set de trois chaises &quot;Penelope&quot; de Charles Pollock | lalmachine.com, mobilier et objets d\u00e9co vintage et design\" \/>\n<meta property=\"og:description\" content=\"Set de trois chaises &quot;Penelope&quot; de Charles Pollock\" \/>\n<meta property=\"og:url\" content=\"https:\/\/lalmachine.com\/de\/shop\/sasseoir\/chaise\/set-de-trois-chaises-penelope-de-charles-pollock\/\" \/>\n<meta property=\"og:site_name\" content=\"lalmachine.com\" \/>\n<meta property=\"article:publisher\" content=\"https:\/\/facebook.com\/lalmachine\" \/>\n<meta property=\"article:modified_time\" content=\"2025-08-25T09:52:17+00:00\" \/>\n<meta property=\"og:image\" content=\"https:\/\/lalmachine.com\/wp-content\/uploads\/2025\/08\/694b_clipped_rev_1.jpeg\" \/>\n\t<meta property=\"og:image:width\" content=\"962\" \/>\n\t<meta property=\"og:image:height\" content=\"962\" \/>\n\t<meta property=\"og:image:type\" content=\"image\/jpeg\" \/>\n<meta name=\"twitter:card\" content=\"summary_large_image\" \/>\n<script type=\"application\/ld+json\" class=\"yoast-schema-graph\">{\"@context\":\"https:\\\/\\\/schema.org\",\"@graph\":[{\"@type\":\"WebPage\",\"@id\":\"https:\\\/\\\/lalmachine.com\\\/shop\\\/sasseoir\\\/chaise\\\/set-de-trois-chaises-penelope-de-charles-pollock\\\/\",\"url\":\"https:\\\/\\\/lalmachine.com\\\/shop\\\/sasseoir\\\/chaise\\\/set-de-trois-chaises-penelope-de-charles-pollock\\\/\",\"name\":\"Set de trois chaises \\\"Penelope\\\" de Charles Pollock | lalmachine.com, mobilier et objets d\u00e9co vintage et design\",\"isPartOf\":{\"@id\":\"https:\\\/\\\/lalmachine.com\\\/#website\"},\"primaryImageOfPage\":{\"@id\":\"https:\\\/\\\/lalmachine.com\\\/shop\\\/sasseoir\\\/chaise\\\/set-de-trois-chaises-penelope-de-charles-pollock\\\/#primaryimage\"},\"image\":{\"@id\":\"https:\\\/\\\/lalmachine.com\\\/shop\\\/sasseoir\\\/chaise\\\/set-de-trois-chaises-penelope-de-charles-pollock\\\/#primaryimage\"},\"thumbnailUrl\":\"https:\\\/\\\/lalmachine.com\\\/wp-content\\\/uploads\\\/2025\\\/08\\\/694b_clipped_rev_1.jpeg\",\"datePublished\":\"2025-08-25T09:52:16+00:00\",\"dateModified\":\"2025-08-25T09:52:17+00:00\",\"description\":\"Set de trois chaises \\\"Penelope\\\" de Charles Pollock\",\"breadcrumb\":{\"@id\":\"https:\\\/\\\/lalmachine.com\\\/shop\\\/sasseoir\\\/chaise\\\/set-de-trois-chaises-penelope-de-charles-pollock\\\/#breadcrumb\"},\"inLanguage\":\"de\",\"potentialAction\":[{\"@type\":\"ReadAction\",\"target\":[\"https:\\\/\\\/lalmachine.com\\\/shop\\\/sasseoir\\\/chaise\\\/set-de-trois-chaises-penelope-de-charles-pollock\\\/\"]}]},{\"@type\":\"ImageObject\",\"inLanguage\":\"de\",\"@id\":\"https:\\\/\\\/lalmachine.com\\\/shop\\\/sasseoir\\\/chaise\\\/set-de-trois-chaises-penelope-de-charles-pollock\\\/#primaryimage\",\"url\":\"https:\\\/\\\/lalmachine.com\\\/wp-content\\\/uploads\\\/2025\\\/08\\\/694b_clipped_rev_1.jpeg\",\"contentUrl\":\"https:\\\/\\\/lalmachine.com\\\/wp-content\\\/uploads\\\/2025\\\/08\\\/694b_clipped_rev_1.jpeg\",\"width\":962,\"height\":962,\"caption\":\"chaises \\\"Penelope\\\" de Charles Pollock\"},{\"@type\":\"BreadcrumbList\",\"@id\":\"https:\\\/\\\/lalmachine.com\\\/shop\\\/sasseoir\\\/chaise\\\/set-de-trois-chaises-penelope-de-charles-pollock\\\/#breadcrumb\",\"itemListElement\":[{\"@type\":\"ListItem\",\"position\":1,\"name\":\"Accueil\",\"item\":\"https:\\\/\\\/lalmachine.com\\\/\"},{\"@type\":\"ListItem\",\"position\":2,\"name\":\"Shop\",\"item\":\"https:\\\/\\\/lalmachine.com\\\/shop\\\/\"},{\"@type\":\"ListItem\",\"position\":3,\"name\":\"Set de trois chaises &#8220;Penelope&#8221; de Charles Pollock\"}]},{\"@type\":\"WebSite\",\"@id\":\"https:\\\/\\\/lalmachine.com\\\/#website\",\"url\":\"https:\\\/\\\/lalmachine.com\\\/\",\"name\":\"lalmachine.com\",\"description\":\"Brocante en ligne Suisse | Mobilier et objets d\u00e9co vintage et design\",\"potentialAction\":[{\"@type\":\"SearchAction\",\"target\":{\"@type\":\"EntryPoint\",\"urlTemplate\":\"https:\\\/\\\/lalmachine.com\\\/?s={search_term_string}\"},\"query-input\":{\"@type\":\"PropertyValueSpecification\",\"valueRequired\":true,\"valueName\":\"search_term_string\"}}],\"inLanguage\":\"de\"}]}<\/script>\n<!-- \/ Yoast SEO plugin. -->","yoast_head_json":{"title":"Set de trois chaises \"Penelope\" de Charles Pollock | lalmachine.com, mobilier et objets d\u00e9co vintage et design","description":"Set de trois chaises \"Penelope\" de Charles Pollock","robots":{"index":"index","follow":"follow","max-snippet":"max-snippet:-1","max-image-preview":"max-image-preview:large","max-video-preview":"max-video-preview:-1"},"canonical":"https:\/\/lalmachine.com\/de\/shop\/sasseoir\/chaise\/set-de-trois-chaises-penelope-de-charles-pollock\/","og_locale":"de_DE","og_type":"article","og_title":"Set de trois chaises \"Penelope\" de Charles Pollock | lalmachine.com, mobilier et objets d\u00e9co vintage et design","og_description":"Set de trois chaises \"Penelope\" de Charles Pollock","og_url":"https:\/\/lalmachine.com\/de\/shop\/sasseoir\/chaise\/set-de-trois-chaises-penelope-de-charles-pollock\/","og_site_name":"lalmachine.com","article_publisher":"https:\/\/facebook.com\/lalmachine","article_modified_time":"2025-08-25T09:52:17+00:00","og_image":[{"width":962,"height":962,"url":"https:\/\/lalmachine.com\/wp-content\/uploads\/2025\/08\/694b_clipped_rev_1.jpeg","type":"image\/jpeg"}],"twitter_card":"summary_large_image","schema":{"@context":"https:\/\/schema.org","@graph":[{"@type":"WebPage","@id":"https:\/\/lalmachine.com\/shop\/sasseoir\/chaise\/set-de-trois-chaises-penelope-de-charles-pollock\/","url":"https:\/\/lalmachine.com\/shop\/sasseoir\/chaise\/set-de-trois-chaises-penelope-de-charles-pollock\/","name":"Set de trois chaises \"Penelope\" de Charles Pollock | lalmachine.com, mobilier et objets d\u00e9co vintage et design","isPartOf":{"@id":"https:\/\/lalmachine.com\/#website"},"primaryImageOfPage":{"@id":"https:\/\/lalmachine.com\/shop\/sasseoir\/chaise\/set-de-trois-chaises-penelope-de-charles-pollock\/#primaryimage"},"image":{"@id":"https:\/\/lalmachine.com\/shop\/sasseoir\/chaise\/set-de-trois-chaises-penelope-de-charles-pollock\/#primaryimage"},"thumbnailUrl":"https:\/\/lalmachine.com\/wp-content\/uploads\/2025\/08\/694b_clipped_rev_1.jpeg","datePublished":"2025-08-25T09:52:16+00:00","dateModified":"2025-08-25T09:52:17+00:00","description":"Set de trois chaises \"Penelope\" de Charles Pollock","breadcrumb":{"@id":"https:\/\/lalmachine.com\/shop\/sasseoir\/chaise\/set-de-trois-chaises-penelope-de-charles-pollock\/#breadcrumb"},"inLanguage":"de","potentialAction":[{"@type":"ReadAction","target":["https:\/\/lalmachine.com\/shop\/sasseoir\/chaise\/set-de-trois-chaises-penelope-de-charles-pollock\/"]}]},{"@type":"ImageObject","inLanguage":"de","@id":"https:\/\/lalmachine.com\/shop\/sasseoir\/chaise\/set-de-trois-chaises-penelope-de-charles-pollock\/#primaryimage","url":"https:\/\/lalmachine.com\/wp-content\/uploads\/2025\/08\/694b_clipped_rev_1.jpeg","contentUrl":"https:\/\/lalmachine.com\/wp-content\/uploads\/2025\/08\/694b_clipped_rev_1.jpeg","width":962,"height":962,"caption":"chaises \"Penelope\" de Charles Pollock"},{"@type":"BreadcrumbList","@id":"https:\/\/lalmachine.com\/shop\/sasseoir\/chaise\/set-de-trois-chaises-penelope-de-charles-pollock\/#breadcrumb","itemListElement":[{"@type":"ListItem","position":1,"name":"Accueil","item":"https:\/\/lalmachine.com\/"},{"@type":"ListItem","position":2,"name":"Shop","item":"https:\/\/lalmachine.com\/shop\/"},{"@type":"ListItem","position":3,"name":"Set de trois chaises &#8220;Penelope&#8221; de Charles Pollock"}]},{"@type":"WebSite","@id":"https:\/\/lalmachine.com\/#website","url":"https:\/\/lalmachine.com\/","name":"lalmachine.com","description":"Brocante en ligne Suisse | Mobilier et objets d\u00e9co vintage et design","potentialAction":[{"@type":"SearchAction","target":{"@type":"EntryPoint","urlTemplate":"https:\/\/lalmachine.com\/?s={search_term_string}"},"query-input":{"@type":"PropertyValueSpecification","valueRequired":true,"valueName":"search_term_string"}}],"inLanguage":"de"}]}},"_links":{"self":[{"href":"https:\/\/lalmachine.com\/de\/wp-json\/wp\/v2\/product\/350260","targetHints":{"allow":["GET"]}}],"collection":[{"href":"https:\/\/lalmachine.com\/de\/wp-json\/wp\/v2\/product"}],"about":[{"href":"https:\/\/lalmachine.com\/de\/wp-json\/wp\/v2\/types\/product"}],"wp:featuredmedia":[{"embeddable":true,"href":"https:\/\/lalmachine.com\/de\/wp-json\/wp\/v2\/media\/350286"}],"wp:attachment":[{"href":"https:\/\/lalmachine.com\/de\/wp-json\/wp\/v2\/media?parent=350260"}],"wp:term":[{"taxonomy":"product_brand","embeddable":true,"href":"https:\/\/lalmachine.com\/de\/wp-json\/wp\/v2\/product_brand?post=350260"},{"taxonomy":"product_cat","embeddable":true,"href":"https:\/\/lalmachine.com\/de\/wp-json\/wp\/v2\/product_cat?post=350260"},{"taxonomy":"product_tag","embeddable":true,"href":"https:\/\/lalmachine.com\/de\/wp-json\/wp\/v2\/product_tag?post=350260"},{"taxonomy":"proximite","embeddable":true,"href":"https:\/\/lalmachine.com\/de\/wp-json\/wp\/v2\/proximite?post=350260"}],"curies":[{"name":"wp","href":"https:\/\/api.w.org\/{rel}","templated":true}]}}