{"id":350354,"date":"2025-09-01T08:51:34","date_gmt":"2025-09-01T06:51:34","guid":{"rendered":"https:\/\/lalmachine.com\/?post_type=product&#038;p=350354"},"modified":"2026-04-28T07:03:48","modified_gmt":"2026-04-28T05:03:48","slug":"canape-design-italien-molinari-fat-boy-cuir-nobilis-vintage-1994","status":"publish","type":"product","link":"https:\/\/lalmachine.com\/de\/shop\/sasseoir\/canape-fauteuil-pouf\/canape-design-italien-molinari-fat-boy-cuir-nobilis-vintage-1994\/","title":{"rendered":"Canap\u00e9 Design italien Molinari &#8220;Fat Boy&#8221;"},"content":{"rendered":"<ul class=\"wpuf_customs\"><li style=\"list-style-type:none;\"><label>Autres photos:<\/label> <a href=\"https:\/\/lalmachine.com\/wp-content\/uploads\/2025\/08\/489372914_2133769383800993_8934640111212688255_n.jpg\"><img loading=\"lazy\" decoding=\"async\" width=\"96\" height=\"96\" src=\"https:\/\/lalmachine.com\/wp-content\/uploads\/2025\/08\/489372914_2133769383800993_8934640111212688255_n.jpg\" class=\"attachment-thumbnail size-thumbnail\" alt=\"\" \/><\/a> <a href=\"https:\/\/lalmachine.com\/wp-content\/uploads\/2025\/08\/524802273_691081077285028_3582821541656483413_n.jpg\"><img loading=\"lazy\" decoding=\"async\" width=\"96\" height=\"96\" src=\"https:\/\/lalmachine.com\/wp-content\/uploads\/2025\/08\/524802273_691081077285028_3582821541656483413_n.jpg\" class=\"attachment-thumbnail size-thumbnail\" alt=\"\" \/><\/a> <a href=\"https:\/\/lalmachine.com\/wp-content\/uploads\/2025\/08\/525075258_2528414567558297_4527959066181536326_n.jpg\"><img loading=\"lazy\" decoding=\"async\" width=\"96\" height=\"96\" src=\"https:\/\/lalmachine.com\/wp-content\/uploads\/2025\/08\/525075258_2528414567558297_4527959066181536326_n.jpg\" class=\"attachment-thumbnail size-thumbnail\" alt=\"\" \/><\/a> <\/li>        <li class=\"wpuf-field-data wpuf-field-data-numeric_text_field\">\n                            <label>Prix:<\/label>\n                        850        <\/li>\n                <li class=\"wpuf-field-data wpuf-field-data-numeric_text_field\">\n                            <label>Hauteur (cm):<\/label>\n                        70        <\/li>\n                <li class=\"wpuf-field-data wpuf-field-data-numeric_text_field\">\n                            <label>Largeur (cm):<\/label>\n                        200        <\/li>\n                <li class=\"wpuf-field-data wpuf-field-data-numeric_text_field\">\n                            <label>Profondeur (cm):<\/label>\n                        90        <\/li>\n        <\/ul>","protected":false},"excerpt":{"rendered":"<p>V\u00e9ritable pi\u00e8ce de design vintage : mod\u00e8le \u201cFat Boy\u201d de la maison italienne Molinari Design, entr\u00e9e en collection en 1994 et encore \u00e9dit\u00e9e aujourd\u2019hui.<\/p>\n<p>Ce mod\u00e8le est ici rev\u00eatu de cuir Nobilis pleine fleur, \u00e0 tannage v\u00e9g\u00e9tal, comme confirm\u00e9 par le fabricant lui-m\u00eame.<\/p>\n<p>Assise g\u00e9n\u00e9reuse, tr\u00e8s confortable. Style affirm\u00e9 et patine authentique.<br \/>\nLe cuir pr\u00e9sente quelques marques du temps (voir photos), mais l\u2019ensemble reste robuste, propre et fonctionnel.<\/p>\n<p>\ud83d\udccd \u00c0 venir chercher \u00e0 Fribourg<br \/>\n\ud83d\udcb0 Prix de d\u00e9part : CHF 850.\u2013 (ou faire offre s\u00e9rieuse)<\/p>","protected":false},"featured_media":350358,"template":"","meta":{"_et_pb_use_builder":"","_et_pb_old_content":"","_et_gb_content_width":""},"product_brand":[],"product_cat":[99,48],"product_tag":[],"proximite":[235],"class_list":{"0":"post-350354","1":"product","2":"type-product","3":"status-publish","4":"has-post-thumbnail","6":"product_cat-canape-fauteuil-pouf","7":"product_cat-sasseoir","8":"pa_couleur-marron","9":"pa_etat-bon-etat","10":"pa_materiau-cuir","11":"pa_style-vintage","12":"proximite-sarine","14":"first","15":"outofstock","16":"shipping-taxable","17":"purchasable","18":"product-type-simple"},"yoast_head":"<!-- This site is optimized with the Yoast SEO plugin v27.4 - https:\/\/yoast.com\/product\/yoast-seo-wordpress\/ -->\n<title>Canap\u00e9 Design italien Molinari &quot;Fat Boy&quot; | lalmachine.com, mobilier et objets d\u00e9co vintage et design<\/title>\n<meta name=\"description\" content=\"V\u00e9ritable pi\u00e8ce de design vintage : mod\u00e8le \u201cFat Boy\u201d de la maison italienne Molinari Design, entr\u00e9e en collection en 1994 et encore \u00e9dit\u00e9e aujourd\u2019hui.\" \/>\n<meta name=\"robots\" content=\"index, follow, max-snippet:-1, max-image-preview:large, max-video-preview:-1\" \/>\n<link rel=\"canonical\" href=\"https:\/\/lalmachine.com\/de\/shop\/sasseoir\/canape-fauteuil-pouf\/canape-design-italien-molinari-fat-boy-cuir-nobilis-vintage-1994\/\" \/>\n<meta property=\"og:locale\" content=\"de_DE\" \/>\n<meta property=\"og:type\" content=\"article\" \/>\n<meta property=\"og:title\" content=\"Canap\u00e9 Design italien Molinari &quot;Fat Boy&quot; | lalmachine.com, mobilier et objets d\u00e9co vintage et design\" \/>\n<meta property=\"og:description\" content=\"V\u00e9ritable pi\u00e8ce de design vintage : mod\u00e8le \u201cFat Boy\u201d de la maison italienne Molinari Design, entr\u00e9e en collection en 1994 et encore \u00e9dit\u00e9e aujourd\u2019hui.\" \/>\n<meta property=\"og:url\" content=\"https:\/\/lalmachine.com\/de\/shop\/sasseoir\/canape-fauteuil-pouf\/canape-design-italien-molinari-fat-boy-cuir-nobilis-vintage-1994\/\" \/>\n<meta property=\"og:site_name\" content=\"lalmachine.com\" \/>\n<meta property=\"article:publisher\" content=\"https:\/\/facebook.com\/lalmachine\" \/>\n<meta property=\"article:modified_time\" content=\"2026-04-28T05:03:48+00:00\" \/>\n<meta property=\"og:image\" content=\"https:\/\/lalmachine.com\/wp-content\/uploads\/2025\/08\/524845806_1094978322593560_5109051125606855555_n_clipped_rev_1.jpeg\" \/>\n\t<meta property=\"og:image:width\" content=\"626\" \/>\n\t<meta property=\"og:image:height\" content=\"626\" \/>\n\t<meta property=\"og:image:type\" content=\"image\/jpeg\" \/>\n<meta name=\"twitter:card\" content=\"summary_large_image\" \/>\n<script type=\"application\/ld+json\" class=\"yoast-schema-graph\">{\"@context\":\"https:\\\/\\\/schema.org\",\"@graph\":[{\"@type\":\"WebPage\",\"@id\":\"https:\\\/\\\/lalmachine.com\\\/shop\\\/sasseoir\\\/canape-fauteuil-pouf\\\/canape-design-italien-molinari-fat-boy-cuir-nobilis-vintage-1994\\\/\",\"url\":\"https:\\\/\\\/lalmachine.com\\\/shop\\\/sasseoir\\\/canape-fauteuil-pouf\\\/canape-design-italien-molinari-fat-boy-cuir-nobilis-vintage-1994\\\/\",\"name\":\"Canap\u00e9 Design italien Molinari \\\"Fat Boy\\\" | lalmachine.com, mobilier et objets d\u00e9co vintage et design\",\"isPartOf\":{\"@id\":\"https:\\\/\\\/lalmachine.com\\\/#website\"},\"primaryImageOfPage\":{\"@id\":\"https:\\\/\\\/lalmachine.com\\\/shop\\\/sasseoir\\\/canape-fauteuil-pouf\\\/canape-design-italien-molinari-fat-boy-cuir-nobilis-vintage-1994\\\/#primaryimage\"},\"image\":{\"@id\":\"https:\\\/\\\/lalmachine.com\\\/shop\\\/sasseoir\\\/canape-fauteuil-pouf\\\/canape-design-italien-molinari-fat-boy-cuir-nobilis-vintage-1994\\\/#primaryimage\"},\"thumbnailUrl\":\"https:\\\/\\\/lalmachine.com\\\/wp-content\\\/uploads\\\/2025\\\/08\\\/524845806_1094978322593560_5109051125606855555_n_clipped_rev_1.jpeg\",\"datePublished\":\"2025-09-01T06:51:34+00:00\",\"dateModified\":\"2026-04-28T05:03:48+00:00\",\"description\":\"V\u00e9ritable pi\u00e8ce de design vintage : mod\u00e8le \u201cFat Boy\u201d de la maison italienne Molinari Design, entr\u00e9e en collection en 1994 et encore \u00e9dit\u00e9e aujourd\u2019hui.\",\"breadcrumb\":{\"@id\":\"https:\\\/\\\/lalmachine.com\\\/shop\\\/sasseoir\\\/canape-fauteuil-pouf\\\/canape-design-italien-molinari-fat-boy-cuir-nobilis-vintage-1994\\\/#breadcrumb\"},\"inLanguage\":\"de\",\"potentialAction\":[{\"@type\":\"ReadAction\",\"target\":[\"https:\\\/\\\/lalmachine.com\\\/shop\\\/sasseoir\\\/canape-fauteuil-pouf\\\/canape-design-italien-molinari-fat-boy-cuir-nobilis-vintage-1994\\\/\"]}]},{\"@type\":\"ImageObject\",\"inLanguage\":\"de\",\"@id\":\"https:\\\/\\\/lalmachine.com\\\/shop\\\/sasseoir\\\/canape-fauteuil-pouf\\\/canape-design-italien-molinari-fat-boy-cuir-nobilis-vintage-1994\\\/#primaryimage\",\"url\":\"https:\\\/\\\/lalmachine.com\\\/wp-content\\\/uploads\\\/2025\\\/08\\\/524845806_1094978322593560_5109051125606855555_n_clipped_rev_1.jpeg\",\"contentUrl\":\"https:\\\/\\\/lalmachine.com\\\/wp-content\\\/uploads\\\/2025\\\/08\\\/524845806_1094978322593560_5109051125606855555_n_clipped_rev_1.jpeg\",\"width\":626,\"height\":626,\"caption\":\"Canap\u00e9 Design italien Molinari \\\"Fat Boy\\\"\"},{\"@type\":\"BreadcrumbList\",\"@id\":\"https:\\\/\\\/lalmachine.com\\\/shop\\\/sasseoir\\\/canape-fauteuil-pouf\\\/canape-design-italien-molinari-fat-boy-cuir-nobilis-vintage-1994\\\/#breadcrumb\",\"itemListElement\":[{\"@type\":\"ListItem\",\"position\":1,\"name\":\"Accueil\",\"item\":\"https:\\\/\\\/lalmachine.com\\\/\"},{\"@type\":\"ListItem\",\"position\":2,\"name\":\"Shop\",\"item\":\"https:\\\/\\\/lalmachine.com\\\/shop\\\/\"},{\"@type\":\"ListItem\",\"position\":3,\"name\":\"Canap\u00e9 Design italien Molinari &#8220;Fat Boy&#8221;\"}]},{\"@type\":\"WebSite\",\"@id\":\"https:\\\/\\\/lalmachine.com\\\/#website\",\"url\":\"https:\\\/\\\/lalmachine.com\\\/\",\"name\":\"lalmachine.com\",\"description\":\"Brocante en ligne Suisse | Mobilier et objets d\u00e9co vintage et design\",\"potentialAction\":[{\"@type\":\"SearchAction\",\"target\":{\"@type\":\"EntryPoint\",\"urlTemplate\":\"https:\\\/\\\/lalmachine.com\\\/?s={search_term_string}\"},\"query-input\":{\"@type\":\"PropertyValueSpecification\",\"valueRequired\":true,\"valueName\":\"search_term_string\"}}],\"inLanguage\":\"de\"}]}<\/script>\n<!-- \/ Yoast SEO plugin. -->","yoast_head_json":{"title":"Canap\u00e9 Design italien Molinari \"Fat Boy\" | lalmachine.com, mobilier et objets d\u00e9co vintage et design","description":"V\u00e9ritable pi\u00e8ce de design vintage : mod\u00e8le \u201cFat Boy\u201d de la maison italienne Molinari Design, entr\u00e9e en collection en 1994 et encore \u00e9dit\u00e9e aujourd\u2019hui.","robots":{"index":"index","follow":"follow","max-snippet":"max-snippet:-1","max-image-preview":"max-image-preview:large","max-video-preview":"max-video-preview:-1"},"canonical":"https:\/\/lalmachine.com\/de\/shop\/sasseoir\/canape-fauteuil-pouf\/canape-design-italien-molinari-fat-boy-cuir-nobilis-vintage-1994\/","og_locale":"de_DE","og_type":"article","og_title":"Canap\u00e9 Design italien Molinari \"Fat Boy\" | lalmachine.com, mobilier et objets d\u00e9co vintage et design","og_description":"V\u00e9ritable pi\u00e8ce de design vintage : mod\u00e8le \u201cFat Boy\u201d de la maison italienne Molinari Design, entr\u00e9e en collection en 1994 et encore \u00e9dit\u00e9e aujourd\u2019hui.","og_url":"https:\/\/lalmachine.com\/de\/shop\/sasseoir\/canape-fauteuil-pouf\/canape-design-italien-molinari-fat-boy-cuir-nobilis-vintage-1994\/","og_site_name":"lalmachine.com","article_publisher":"https:\/\/facebook.com\/lalmachine","article_modified_time":"2026-04-28T05:03:48+00:00","og_image":[{"width":626,"height":626,"url":"https:\/\/lalmachine.com\/wp-content\/uploads\/2025\/08\/524845806_1094978322593560_5109051125606855555_n_clipped_rev_1.jpeg","type":"image\/jpeg"}],"twitter_card":"summary_large_image","schema":{"@context":"https:\/\/schema.org","@graph":[{"@type":"WebPage","@id":"https:\/\/lalmachine.com\/shop\/sasseoir\/canape-fauteuil-pouf\/canape-design-italien-molinari-fat-boy-cuir-nobilis-vintage-1994\/","url":"https:\/\/lalmachine.com\/shop\/sasseoir\/canape-fauteuil-pouf\/canape-design-italien-molinari-fat-boy-cuir-nobilis-vintage-1994\/","name":"Canap\u00e9 Design italien Molinari \"Fat Boy\" | lalmachine.com, mobilier et objets d\u00e9co vintage et design","isPartOf":{"@id":"https:\/\/lalmachine.com\/#website"},"primaryImageOfPage":{"@id":"https:\/\/lalmachine.com\/shop\/sasseoir\/canape-fauteuil-pouf\/canape-design-italien-molinari-fat-boy-cuir-nobilis-vintage-1994\/#primaryimage"},"image":{"@id":"https:\/\/lalmachine.com\/shop\/sasseoir\/canape-fauteuil-pouf\/canape-design-italien-molinari-fat-boy-cuir-nobilis-vintage-1994\/#primaryimage"},"thumbnailUrl":"https:\/\/lalmachine.com\/wp-content\/uploads\/2025\/08\/524845806_1094978322593560_5109051125606855555_n_clipped_rev_1.jpeg","datePublished":"2025-09-01T06:51:34+00:00","dateModified":"2026-04-28T05:03:48+00:00","description":"V\u00e9ritable pi\u00e8ce de design vintage : mod\u00e8le \u201cFat Boy\u201d de la maison italienne Molinari Design, entr\u00e9e en collection en 1994 et encore \u00e9dit\u00e9e aujourd\u2019hui.","breadcrumb":{"@id":"https:\/\/lalmachine.com\/shop\/sasseoir\/canape-fauteuil-pouf\/canape-design-italien-molinari-fat-boy-cuir-nobilis-vintage-1994\/#breadcrumb"},"inLanguage":"de","potentialAction":[{"@type":"ReadAction","target":["https:\/\/lalmachine.com\/shop\/sasseoir\/canape-fauteuil-pouf\/canape-design-italien-molinari-fat-boy-cuir-nobilis-vintage-1994\/"]}]},{"@type":"ImageObject","inLanguage":"de","@id":"https:\/\/lalmachine.com\/shop\/sasseoir\/canape-fauteuil-pouf\/canape-design-italien-molinari-fat-boy-cuir-nobilis-vintage-1994\/#primaryimage","url":"https:\/\/lalmachine.com\/wp-content\/uploads\/2025\/08\/524845806_1094978322593560_5109051125606855555_n_clipped_rev_1.jpeg","contentUrl":"https:\/\/lalmachine.com\/wp-content\/uploads\/2025\/08\/524845806_1094978322593560_5109051125606855555_n_clipped_rev_1.jpeg","width":626,"height":626,"caption":"Canap\u00e9 Design italien Molinari \"Fat Boy\""},{"@type":"BreadcrumbList","@id":"https:\/\/lalmachine.com\/shop\/sasseoir\/canape-fauteuil-pouf\/canape-design-italien-molinari-fat-boy-cuir-nobilis-vintage-1994\/#breadcrumb","itemListElement":[{"@type":"ListItem","position":1,"name":"Accueil","item":"https:\/\/lalmachine.com\/"},{"@type":"ListItem","position":2,"name":"Shop","item":"https:\/\/lalmachine.com\/shop\/"},{"@type":"ListItem","position":3,"name":"Canap\u00e9 Design italien Molinari &#8220;Fat Boy&#8221;"}]},{"@type":"WebSite","@id":"https:\/\/lalmachine.com\/#website","url":"https:\/\/lalmachine.com\/","name":"lalmachine.com","description":"Brocante en ligne Suisse | Mobilier et objets d\u00e9co vintage et design","potentialAction":[{"@type":"SearchAction","target":{"@type":"EntryPoint","urlTemplate":"https:\/\/lalmachine.com\/?s={search_term_string}"},"query-input":{"@type":"PropertyValueSpecification","valueRequired":true,"valueName":"search_term_string"}}],"inLanguage":"de"}]}},"_links":{"self":[{"href":"https:\/\/lalmachine.com\/de\/wp-json\/wp\/v2\/product\/350354","targetHints":{"allow":["GET"]}}],"collection":[{"href":"https:\/\/lalmachine.com\/de\/wp-json\/wp\/v2\/product"}],"about":[{"href":"https:\/\/lalmachine.com\/de\/wp-json\/wp\/v2\/types\/product"}],"wp:featuredmedia":[{"embeddable":true,"href":"https:\/\/lalmachine.com\/de\/wp-json\/wp\/v2\/media\/350358"}],"wp:attachment":[{"href":"https:\/\/lalmachine.com\/de\/wp-json\/wp\/v2\/media?parent=350354"}],"wp:term":[{"taxonomy":"product_brand","embeddable":true,"href":"https:\/\/lalmachine.com\/de\/wp-json\/wp\/v2\/product_brand?post=350354"},{"taxonomy":"product_cat","embeddable":true,"href":"https:\/\/lalmachine.com\/de\/wp-json\/wp\/v2\/product_cat?post=350354"},{"taxonomy":"product_tag","embeddable":true,"href":"https:\/\/lalmachine.com\/de\/wp-json\/wp\/v2\/product_tag?post=350354"},{"taxonomy":"proximite","embeddable":true,"href":"https:\/\/lalmachine.com\/de\/wp-json\/wp\/v2\/proximite?post=350354"}],"curies":[{"name":"wp","href":"https:\/\/api.w.org\/{rel}","templated":true}]}}