{"id":350392,"date":"2025-09-02T12:27:16","date_gmt":"2025-09-02T10:27:16","guid":{"rendered":"https:\/\/lalmachine.com\/?post_type=product&#038;p=350392"},"modified":"2025-09-02T12:27:18","modified_gmt":"2025-09-02T10:27:18","slug":"henri-riviere-1864-1951-les-peniches-a-paris","status":"publish","type":"product","link":"https:\/\/lalmachine.com\/de\/shop\/decorer\/art-and-co\/henri-riviere-1864-1951-les-peniches-a-paris\/","title":{"rendered":"Henri Rivi\u00e8re (1864-1951) &#8211; Les p\u00e9niches \u00e0 Paris"},"content":{"rendered":"<ul class=\"wpuf_customs\"><li style=\"list-style-type:none;\"><label>Autres photos:<\/label> <a href=\"https:\/\/lalmachine.com\/wp-content\/uploads\/2025\/09\/2-1-scaled.jpg\"><img loading=\"lazy\" decoding=\"async\" width=\"128\" height=\"96\" src=\"https:\/\/lalmachine.com\/wp-content\/uploads\/2025\/09\/2-1-scaled.jpg\" class=\"attachment-thumbnail size-thumbnail\" alt=\"\" \/><\/a> <a href=\"https:\/\/lalmachine.com\/wp-content\/uploads\/2025\/09\/3-1-scaled.jpg\"><img loading=\"lazy\" decoding=\"async\" width=\"128\" height=\"96\" src=\"https:\/\/lalmachine.com\/wp-content\/uploads\/2025\/09\/3-1-scaled.jpg\" class=\"attachment-thumbnail size-thumbnail\" alt=\"\" \/><\/a> <\/li>        <li class=\"wpuf-field-data wpuf-field-data-numeric_text_field\">\n                            <label>Prix:<\/label>\n                        160        <\/li>\n                <li class=\"wpuf-field-data wpuf-field-data-numeric_text_field\">\n                            <label>Quantit\u00e9:<\/label>\n                        1        <\/li>\n                <li class=\"wpuf-field-data wpuf-field-data-numeric_text_field\">\n                            <label>Hauteur (cm):<\/label>\n                        24        <\/li>\n                <li class=\"wpuf-field-data wpuf-field-data-numeric_text_field\">\n                            <label>Largeur (cm):<\/label>\n                        30        <\/li>\n                <li class=\"wpuf-field-data wpuf-field-data-numeric_text_field\">\n                            <label>Profondeur (cm):<\/label>\n                        1        <\/li>\n        <\/ul>","protected":false},"excerpt":{"rendered":"<p>D\u2019apr\u00e8s l\u2019artiste Henri Rivi\u00e8re (1864-1951), \u00ab Les p\u00e9niches \u00e0 Paris \u00bb, sur papier verg\u00e9 de haute qualit\u00e9 (220gr.).<br \/>\nLa premi\u00e8re \u00e9dition a \u00e9t\u00e9 publi\u00e9e vers 1890. L&#8217;impression actuelle est issue d&#8217;une \u00e9dition r\u00e9cente.<br \/>\nDimensions : 24x30x1 cm avec un cadre en bois (FSC) de couleur noire<\/p>\n<p>Henri Rivi\u00e8re est un artiste incontournable du Paris boh\u00e8me de la fin du XIXe si\u00e8cle, connu pour ses paysages bretons et parisiens (36 vues de la Tour Eiffel 1889-1902, en r\u00e9f\u00e9rence \u00e0 Hokusai) et figure majeure du japonisme. Directeur du mythique cabaret du Chat Noir (fond\u00e9 en 1881) \u00e0 Montmartre qui \u00e9tait le bastion des artistes et le symbole de la boh\u00e8me.<\/p>\n<p>L\u2019estampe est en excellent \u00e9tat.<br \/>\nEnvoi soign\u00e9 dans un emballage de protection rigide en recommand\u00e9, sous 1-2 jours ouvrables.<\/p>","protected":false},"featured_media":350410,"template":"","meta":{"_et_pb_use_builder":"","_et_pb_old_content":"","_et_gb_content_width":""},"product_brand":[],"product_cat":[365,50],"product_tag":[],"proximite":[177,235],"class_list":{"0":"post-350392","1":"product","2":"type-product","3":"status-publish","4":"has-post-thumbnail","6":"product_cat-art-and-co","7":"product_cat-decorer","8":"product_shipping_class-0-2-kg","9":"pa_couleur-multicolore","10":"pa_etat-tres-bon-etat","11":"pa_materiau-papier-carton","12":"pa_style-vintage","13":"proximite-fribourg","14":"proximite-sarine","16":"first","17":"instock","18":"shipping-taxable","19":"purchasable","20":"product-type-simple"},"yoast_head":"<!-- This site is optimized with the Yoast SEO plugin v27.4 - https:\/\/yoast.com\/product\/yoast-seo-wordpress\/ -->\n<title>Henri Rivi\u00e8re (1864-1951) - Les p\u00e9niches \u00e0 Paris | lalmachine.com, mobilier et objets d\u00e9co vintage et design<\/title>\n<meta name=\"description\" content=\"D\u2019apr\u00e8s l\u2019artiste Henri Rivi\u00e8re (1864-1951), \u00ab Les p\u00e9niches \u00e0 Paris \u00bb, sur papier verg\u00e9 de haute qualit\u00e9 (220gr.).\" \/>\n<meta name=\"robots\" content=\"index, follow, max-snippet:-1, max-image-preview:large, max-video-preview:-1\" \/>\n<link rel=\"canonical\" href=\"https:\/\/lalmachine.com\/de\/shop\/decorer\/art-and-co\/henri-riviere-1864-1951-les-peniches-a-paris\/\" \/>\n<meta property=\"og:locale\" content=\"de_DE\" \/>\n<meta property=\"og:type\" content=\"article\" \/>\n<meta property=\"og:title\" content=\"Henri Rivi\u00e8re (1864-1951) - Les p\u00e9niches \u00e0 Paris | lalmachine.com, mobilier et objets d\u00e9co vintage et design\" \/>\n<meta property=\"og:description\" content=\"D\u2019apr\u00e8s l\u2019artiste Henri Rivi\u00e8re (1864-1951), \u00ab Les p\u00e9niches \u00e0 Paris \u00bb, sur papier verg\u00e9 de haute qualit\u00e9 (220gr.).\" \/>\n<meta property=\"og:url\" content=\"https:\/\/lalmachine.com\/de\/shop\/decorer\/art-and-co\/henri-riviere-1864-1951-les-peniches-a-paris\/\" \/>\n<meta property=\"og:site_name\" content=\"lalmachine.com\" \/>\n<meta property=\"article:publisher\" content=\"https:\/\/facebook.com\/lalmachine\" \/>\n<meta property=\"article:modified_time\" content=\"2025-09-02T10:27:18+00:00\" \/>\n<meta property=\"og:image\" content=\"https:\/\/lalmachine.com\/wp-content\/uploads\/2025\/09\/1-1-scaled_clipped_rev_1-6-scaled.jpeg\" \/>\n\t<meta property=\"og:image:width\" content=\"2560\" \/>\n\t<meta property=\"og:image:height\" content=\"2560\" \/>\n\t<meta property=\"og:image:type\" content=\"image\/jpeg\" \/>\n<meta name=\"twitter:card\" content=\"summary_large_image\" \/>\n<script type=\"application\/ld+json\" class=\"yoast-schema-graph\">{\"@context\":\"https:\\\/\\\/schema.org\",\"@graph\":[{\"@type\":\"WebPage\",\"@id\":\"https:\\\/\\\/lalmachine.com\\\/shop\\\/decorer\\\/art-and-co\\\/henri-riviere-1864-1951-les-peniches-a-paris\\\/\",\"url\":\"https:\\\/\\\/lalmachine.com\\\/shop\\\/decorer\\\/art-and-co\\\/henri-riviere-1864-1951-les-peniches-a-paris\\\/\",\"name\":\"Henri Rivi\u00e8re (1864-1951) - Les p\u00e9niches \u00e0 Paris | lalmachine.com, mobilier et objets d\u00e9co vintage et design\",\"isPartOf\":{\"@id\":\"https:\\\/\\\/lalmachine.com\\\/#website\"},\"primaryImageOfPage\":{\"@id\":\"https:\\\/\\\/lalmachine.com\\\/shop\\\/decorer\\\/art-and-co\\\/henri-riviere-1864-1951-les-peniches-a-paris\\\/#primaryimage\"},\"image\":{\"@id\":\"https:\\\/\\\/lalmachine.com\\\/shop\\\/decorer\\\/art-and-co\\\/henri-riviere-1864-1951-les-peniches-a-paris\\\/#primaryimage\"},\"thumbnailUrl\":\"https:\\\/\\\/lalmachine.com\\\/wp-content\\\/uploads\\\/2025\\\/09\\\/1-1-scaled_clipped_rev_1-6-scaled.jpeg\",\"datePublished\":\"2025-09-02T10:27:16+00:00\",\"dateModified\":\"2025-09-02T10:27:18+00:00\",\"description\":\"D\u2019apr\u00e8s l\u2019artiste Henri Rivi\u00e8re (1864-1951), \u00ab Les p\u00e9niches \u00e0 Paris \u00bb, sur papier verg\u00e9 de haute qualit\u00e9 (220gr.).\",\"breadcrumb\":{\"@id\":\"https:\\\/\\\/lalmachine.com\\\/shop\\\/decorer\\\/art-and-co\\\/henri-riviere-1864-1951-les-peniches-a-paris\\\/#breadcrumb\"},\"inLanguage\":\"de\",\"potentialAction\":[{\"@type\":\"ReadAction\",\"target\":[\"https:\\\/\\\/lalmachine.com\\\/shop\\\/decorer\\\/art-and-co\\\/henri-riviere-1864-1951-les-peniches-a-paris\\\/\"]}]},{\"@type\":\"ImageObject\",\"inLanguage\":\"de\",\"@id\":\"https:\\\/\\\/lalmachine.com\\\/shop\\\/decorer\\\/art-and-co\\\/henri-riviere-1864-1951-les-peniches-a-paris\\\/#primaryimage\",\"url\":\"https:\\\/\\\/lalmachine.com\\\/wp-content\\\/uploads\\\/2025\\\/09\\\/1-1-scaled_clipped_rev_1-6-scaled.jpeg\",\"contentUrl\":\"https:\\\/\\\/lalmachine.com\\\/wp-content\\\/uploads\\\/2025\\\/09\\\/1-1-scaled_clipped_rev_1-6-scaled.jpeg\",\"width\":2560,\"height\":2560,\"caption\":\"Henri Rivi\u00e8re (1864-1951) - Les p\u00e9niches \u00e0 Paris\"},{\"@type\":\"BreadcrumbList\",\"@id\":\"https:\\\/\\\/lalmachine.com\\\/shop\\\/decorer\\\/art-and-co\\\/henri-riviere-1864-1951-les-peniches-a-paris\\\/#breadcrumb\",\"itemListElement\":[{\"@type\":\"ListItem\",\"position\":1,\"name\":\"Accueil\",\"item\":\"https:\\\/\\\/lalmachine.com\\\/\"},{\"@type\":\"ListItem\",\"position\":2,\"name\":\"Shop\",\"item\":\"https:\\\/\\\/lalmachine.com\\\/shop\\\/\"},{\"@type\":\"ListItem\",\"position\":3,\"name\":\"Henri Rivi\u00e8re (1864-1951) &#8211; Les p\u00e9niches \u00e0 Paris\"}]},{\"@type\":\"WebSite\",\"@id\":\"https:\\\/\\\/lalmachine.com\\\/#website\",\"url\":\"https:\\\/\\\/lalmachine.com\\\/\",\"name\":\"lalmachine.com\",\"description\":\"Brocante en ligne Suisse | Mobilier et objets d\u00e9co vintage et design\",\"potentialAction\":[{\"@type\":\"SearchAction\",\"target\":{\"@type\":\"EntryPoint\",\"urlTemplate\":\"https:\\\/\\\/lalmachine.com\\\/?s={search_term_string}\"},\"query-input\":{\"@type\":\"PropertyValueSpecification\",\"valueRequired\":true,\"valueName\":\"search_term_string\"}}],\"inLanguage\":\"de\"}]}<\/script>\n<!-- \/ Yoast SEO plugin. -->","yoast_head_json":{"title":"Henri Rivi\u00e8re (1864-1951) - Les p\u00e9niches \u00e0 Paris | lalmachine.com, mobilier et objets d\u00e9co vintage et design","description":"D\u2019apr\u00e8s l\u2019artiste Henri Rivi\u00e8re (1864-1951), \u00ab Les p\u00e9niches \u00e0 Paris \u00bb, sur papier verg\u00e9 de haute qualit\u00e9 (220gr.).","robots":{"index":"index","follow":"follow","max-snippet":"max-snippet:-1","max-image-preview":"max-image-preview:large","max-video-preview":"max-video-preview:-1"},"canonical":"https:\/\/lalmachine.com\/de\/shop\/decorer\/art-and-co\/henri-riviere-1864-1951-les-peniches-a-paris\/","og_locale":"de_DE","og_type":"article","og_title":"Henri Rivi\u00e8re (1864-1951) - Les p\u00e9niches \u00e0 Paris | lalmachine.com, mobilier et objets d\u00e9co vintage et design","og_description":"D\u2019apr\u00e8s l\u2019artiste Henri Rivi\u00e8re (1864-1951), \u00ab Les p\u00e9niches \u00e0 Paris \u00bb, sur papier verg\u00e9 de haute qualit\u00e9 (220gr.).","og_url":"https:\/\/lalmachine.com\/de\/shop\/decorer\/art-and-co\/henri-riviere-1864-1951-les-peniches-a-paris\/","og_site_name":"lalmachine.com","article_publisher":"https:\/\/facebook.com\/lalmachine","article_modified_time":"2025-09-02T10:27:18+00:00","og_image":[{"width":2560,"height":2560,"url":"https:\/\/lalmachine.com\/wp-content\/uploads\/2025\/09\/1-1-scaled_clipped_rev_1-6-scaled.jpeg","type":"image\/jpeg"}],"twitter_card":"summary_large_image","schema":{"@context":"https:\/\/schema.org","@graph":[{"@type":"WebPage","@id":"https:\/\/lalmachine.com\/shop\/decorer\/art-and-co\/henri-riviere-1864-1951-les-peniches-a-paris\/","url":"https:\/\/lalmachine.com\/shop\/decorer\/art-and-co\/henri-riviere-1864-1951-les-peniches-a-paris\/","name":"Henri Rivi\u00e8re (1864-1951) - Les p\u00e9niches \u00e0 Paris | lalmachine.com, mobilier et objets d\u00e9co vintage et design","isPartOf":{"@id":"https:\/\/lalmachine.com\/#website"},"primaryImageOfPage":{"@id":"https:\/\/lalmachine.com\/shop\/decorer\/art-and-co\/henri-riviere-1864-1951-les-peniches-a-paris\/#primaryimage"},"image":{"@id":"https:\/\/lalmachine.com\/shop\/decorer\/art-and-co\/henri-riviere-1864-1951-les-peniches-a-paris\/#primaryimage"},"thumbnailUrl":"https:\/\/lalmachine.com\/wp-content\/uploads\/2025\/09\/1-1-scaled_clipped_rev_1-6-scaled.jpeg","datePublished":"2025-09-02T10:27:16+00:00","dateModified":"2025-09-02T10:27:18+00:00","description":"D\u2019apr\u00e8s l\u2019artiste Henri Rivi\u00e8re (1864-1951), \u00ab Les p\u00e9niches \u00e0 Paris \u00bb, sur papier verg\u00e9 de haute qualit\u00e9 (220gr.).","breadcrumb":{"@id":"https:\/\/lalmachine.com\/shop\/decorer\/art-and-co\/henri-riviere-1864-1951-les-peniches-a-paris\/#breadcrumb"},"inLanguage":"de","potentialAction":[{"@type":"ReadAction","target":["https:\/\/lalmachine.com\/shop\/decorer\/art-and-co\/henri-riviere-1864-1951-les-peniches-a-paris\/"]}]},{"@type":"ImageObject","inLanguage":"de","@id":"https:\/\/lalmachine.com\/shop\/decorer\/art-and-co\/henri-riviere-1864-1951-les-peniches-a-paris\/#primaryimage","url":"https:\/\/lalmachine.com\/wp-content\/uploads\/2025\/09\/1-1-scaled_clipped_rev_1-6-scaled.jpeg","contentUrl":"https:\/\/lalmachine.com\/wp-content\/uploads\/2025\/09\/1-1-scaled_clipped_rev_1-6-scaled.jpeg","width":2560,"height":2560,"caption":"Henri Rivi\u00e8re (1864-1951) - Les p\u00e9niches \u00e0 Paris"},{"@type":"BreadcrumbList","@id":"https:\/\/lalmachine.com\/shop\/decorer\/art-and-co\/henri-riviere-1864-1951-les-peniches-a-paris\/#breadcrumb","itemListElement":[{"@type":"ListItem","position":1,"name":"Accueil","item":"https:\/\/lalmachine.com\/"},{"@type":"ListItem","position":2,"name":"Shop","item":"https:\/\/lalmachine.com\/shop\/"},{"@type":"ListItem","position":3,"name":"Henri Rivi\u00e8re (1864-1951) &#8211; Les p\u00e9niches \u00e0 Paris"}]},{"@type":"WebSite","@id":"https:\/\/lalmachine.com\/#website","url":"https:\/\/lalmachine.com\/","name":"lalmachine.com","description":"Brocante en ligne Suisse | Mobilier et objets d\u00e9co vintage et design","potentialAction":[{"@type":"SearchAction","target":{"@type":"EntryPoint","urlTemplate":"https:\/\/lalmachine.com\/?s={search_term_string}"},"query-input":{"@type":"PropertyValueSpecification","valueRequired":true,"valueName":"search_term_string"}}],"inLanguage":"de"}]}},"_links":{"self":[{"href":"https:\/\/lalmachine.com\/de\/wp-json\/wp\/v2\/product\/350392","targetHints":{"allow":["GET"]}}],"collection":[{"href":"https:\/\/lalmachine.com\/de\/wp-json\/wp\/v2\/product"}],"about":[{"href":"https:\/\/lalmachine.com\/de\/wp-json\/wp\/v2\/types\/product"}],"wp:featuredmedia":[{"embeddable":true,"href":"https:\/\/lalmachine.com\/de\/wp-json\/wp\/v2\/media\/350410"}],"wp:attachment":[{"href":"https:\/\/lalmachine.com\/de\/wp-json\/wp\/v2\/media?parent=350392"}],"wp:term":[{"taxonomy":"product_brand","embeddable":true,"href":"https:\/\/lalmachine.com\/de\/wp-json\/wp\/v2\/product_brand?post=350392"},{"taxonomy":"product_cat","embeddable":true,"href":"https:\/\/lalmachine.com\/de\/wp-json\/wp\/v2\/product_cat?post=350392"},{"taxonomy":"product_tag","embeddable":true,"href":"https:\/\/lalmachine.com\/de\/wp-json\/wp\/v2\/product_tag?post=350392"},{"taxonomy":"proximite","embeddable":true,"href":"https:\/\/lalmachine.com\/de\/wp-json\/wp\/v2\/proximite?post=350392"}],"curies":[{"name":"wp","href":"https:\/\/api.w.org\/{rel}","templated":true}]}}