{"id":350691,"date":"2025-09-15T13:55:09","date_gmt":"2025-09-15T11:55:09","guid":{"rendered":"https:\/\/lalmachine.com\/?post_type=product&#038;p=350691"},"modified":"2025-12-26T12:33:22","modified_gmt":"2025-12-26T11:33:22","slug":"canape-vert-annees-60","status":"publish","type":"product","link":"https:\/\/lalmachine.com\/de\/shop\/sasseoir\/canape-fauteuil-pouf\/canape-vert-annees-60\/","title":{"rendered":"Canap\u00e9 vert ann\u00e9es 60"},"content":{"rendered":"<ul class=\"wpuf_customs\"><li style=\"list-style-type:none;\"><label>Autres photos:<\/label> <a href=\"https:\/\/lalmachine.com\/wp-content\/uploads\/2025\/09\/u2272-IMG_4547-scaled.jpg\"><img loading=\"lazy\" decoding=\"async\" width=\"72\" height=\"96\" src=\"https:\/\/lalmachine.com\/wp-content\/uploads\/2025\/09\/u2272-IMG_4547-scaled.jpg\" class=\"attachment-thumbnail size-thumbnail\" alt=\"\" \/><\/a> <a href=\"https:\/\/lalmachine.com\/wp-content\/uploads\/2025\/09\/u2272-IMG_4548-scaled.jpg\"><img loading=\"lazy\" decoding=\"async\" width=\"128\" height=\"96\" src=\"https:\/\/lalmachine.com\/wp-content\/uploads\/2025\/09\/u2272-IMG_4548-scaled.jpg\" class=\"attachment-thumbnail size-thumbnail\" alt=\"\" \/><\/a> <a href=\"https:\/\/lalmachine.com\/wp-content\/uploads\/2025\/09\/u2272-IMG_4549-scaled.jpg\"><img loading=\"lazy\" decoding=\"async\" width=\"72\" height=\"96\" src=\"https:\/\/lalmachine.com\/wp-content\/uploads\/2025\/09\/u2272-IMG_4549-scaled.jpg\" class=\"attachment-thumbnail size-thumbnail\" alt=\"\" \/><\/a> <a href=\"https:\/\/lalmachine.com\/wp-content\/uploads\/2025\/09\/u2272-IMG_4550-scaled.jpg\"><img loading=\"lazy\" decoding=\"async\" width=\"128\" height=\"96\" src=\"https:\/\/lalmachine.com\/wp-content\/uploads\/2025\/09\/u2272-IMG_4550-scaled.jpg\" class=\"attachment-thumbnail size-thumbnail\" alt=\"\" \/><\/a> <\/li>        <li class=\"wpuf-field-data wpuf-field-data-numeric_text_field\">\n                            <label>Prix:<\/label>\n                        2500        <\/li>\n                <li class=\"wpuf-field-data wpuf-field-data-numeric_text_field\">\n                            <label>Hauteur (cm):<\/label>\n                        76        <\/li>\n                <li class=\"wpuf-field-data wpuf-field-data-numeric_text_field\">\n                            <label>Largeur (cm):<\/label>\n                        240        <\/li>\n                <li class=\"wpuf-field-data wpuf-field-data-numeric_text_field\">\n                            <label>Profondeur (cm):<\/label>\n                        80        <\/li>\n        <\/ul>","protected":false},"excerpt":{"rendered":"<p>Canap\u00e9 4 places<br \/>\nAnn\u00e9es 60<br \/>\nVelours vert en excellent \u00e9tat<br \/>\n6 pieds en bois coniques dont deux centraux<br \/>\nDos et dessous en tissu<br \/>\nDimensions<br \/>\n. Longueur : 240cm<br \/>\n. Profondeur : 80 cm<br \/>\n. Hauteur dossier : 76 cm<br \/>\n. Hauteur d&#8217;assise : 40cm<br \/>\n&#8211; Profondeur d&#8217;assise : 50cm<br \/>\nAssise l\u00e9g\u00e8rement plus bas vers l&#8217;arri\u00e8re<br \/>\nCe canap\u00e9 est \u00e0 vendre pour raison de double emploi<\/p>","protected":false},"featured_media":350815,"template":"","meta":{"_et_pb_use_builder":"","_et_pb_old_content":"","_et_gb_content_width":""},"product_brand":[],"product_cat":[99,48],"product_tag":[],"proximite":[278,179],"class_list":{"0":"post-350691","1":"product","2":"type-product","3":"status-publish","4":"has-post-thumbnail","6":"product_cat-canape-fauteuil-pouf","7":"product_cat-sasseoir","8":"pa_couleur-vert","9":"pa_designer-autres-designers","10":"pa_etat-tres-bon-etat","11":"pa_materiau-tissu","12":"pa_style-vintage","13":"proximite-lausanne","14":"proximite-vaud","16":"first","17":"outofstock","18":"shipping-taxable","19":"purchasable","20":"product-type-simple"},"yoast_head":"<!-- This site is optimized with the Yoast SEO plugin v27.4 - https:\/\/yoast.com\/product\/yoast-seo-wordpress\/ -->\n<title>Canap\u00e9 vert ann\u00e9es 60 | lalmachine.com, mobilier et objets d\u00e9co vintage et design<\/title>\n<meta name=\"description\" content=\"Canap\u00e9 4 places. Ann\u00e9es 60. Velours vert en excellent \u00e9tat\" \/>\n<meta name=\"robots\" content=\"index, follow, max-snippet:-1, max-image-preview:large, max-video-preview:-1\" \/>\n<link rel=\"canonical\" href=\"http:\/\/lalmachine.com\/de\/shop\/sasseoir\/canape-fauteuil-pouf\/canape-vert-annees-60\/\" \/>\n<meta property=\"og:locale\" content=\"de_DE\" \/>\n<meta property=\"og:type\" content=\"article\" \/>\n<meta property=\"og:title\" content=\"Canap\u00e9 vert ann\u00e9es 60 | lalmachine.com, mobilier et objets d\u00e9co vintage et design\" \/>\n<meta property=\"og:description\" content=\"Canap\u00e9 4 places. Ann\u00e9es 60. Velours vert en excellent \u00e9tat\" \/>\n<meta property=\"og:url\" content=\"http:\/\/lalmachine.com\/de\/shop\/sasseoir\/canape-fauteuil-pouf\/canape-vert-annees-60\/\" \/>\n<meta property=\"og:site_name\" content=\"lalmachine.com\" \/>\n<meta property=\"article:publisher\" content=\"https:\/\/facebook.com\/lalmachine\" \/>\n<meta property=\"article:modified_time\" content=\"2025-12-26T11:33:22+00:00\" \/>\n<meta property=\"og:image\" content=\"https:\/\/lalmachine.com\/wp-content\/uploads\/2025\/09\/u2272-canape_vert_clipped_rev_2.jpeg\" \/>\n\t<meta property=\"og:image:width\" content=\"1723\" \/>\n\t<meta property=\"og:image:height\" content=\"1723\" \/>\n\t<meta property=\"og:image:type\" content=\"image\/jpeg\" \/>\n<meta name=\"twitter:card\" content=\"summary_large_image\" \/>\n<script type=\"application\/ld+json\" class=\"yoast-schema-graph\">{\"@context\":\"https:\\\/\\\/schema.org\",\"@graph\":[{\"@type\":\"WebPage\",\"@id\":\"http:\\\/\\\/lalmachine.com\\\/de\\\/shop\\\/sasseoir\\\/canape-fauteuil-pouf\\\/canape-vert-annees-60\\\/\",\"url\":\"http:\\\/\\\/lalmachine.com\\\/de\\\/shop\\\/sasseoir\\\/canape-fauteuil-pouf\\\/canape-vert-annees-60\\\/\",\"name\":\"Canap\u00e9 vert ann\u00e9es 60 | lalmachine.com, mobilier et objets d\u00e9co vintage et design\",\"isPartOf\":{\"@id\":\"https:\\\/\\\/lalmachine.com\\\/#website\"},\"primaryImageOfPage\":{\"@id\":\"http:\\\/\\\/lalmachine.com\\\/de\\\/shop\\\/sasseoir\\\/canape-fauteuil-pouf\\\/canape-vert-annees-60\\\/#primaryimage\"},\"image\":{\"@id\":\"http:\\\/\\\/lalmachine.com\\\/de\\\/shop\\\/sasseoir\\\/canape-fauteuil-pouf\\\/canape-vert-annees-60\\\/#primaryimage\"},\"thumbnailUrl\":\"https:\\\/\\\/lalmachine.com\\\/wp-content\\\/uploads\\\/2025\\\/09\\\/u2272-canape_vert_clipped_rev_2.jpeg\",\"datePublished\":\"2025-09-15T11:55:09+00:00\",\"dateModified\":\"2025-12-26T11:33:22+00:00\",\"description\":\"Canap\u00e9 4 places. Ann\u00e9es 60. Velours vert en excellent \u00e9tat\",\"breadcrumb\":{\"@id\":\"http:\\\/\\\/lalmachine.com\\\/de\\\/shop\\\/sasseoir\\\/canape-fauteuil-pouf\\\/canape-vert-annees-60\\\/#breadcrumb\"},\"inLanguage\":\"de\",\"potentialAction\":[{\"@type\":\"ReadAction\",\"target\":[\"http:\\\/\\\/lalmachine.com\\\/de\\\/shop\\\/sasseoir\\\/canape-fauteuil-pouf\\\/canape-vert-annees-60\\\/\"]}]},{\"@type\":\"ImageObject\",\"inLanguage\":\"de\",\"@id\":\"http:\\\/\\\/lalmachine.com\\\/de\\\/shop\\\/sasseoir\\\/canape-fauteuil-pouf\\\/canape-vert-annees-60\\\/#primaryimage\",\"url\":\"https:\\\/\\\/lalmachine.com\\\/wp-content\\\/uploads\\\/2025\\\/09\\\/u2272-canape_vert_clipped_rev_2.jpeg\",\"contentUrl\":\"https:\\\/\\\/lalmachine.com\\\/wp-content\\\/uploads\\\/2025\\\/09\\\/u2272-canape_vert_clipped_rev_2.jpeg\",\"width\":1723,\"height\":1723},{\"@type\":\"BreadcrumbList\",\"@id\":\"http:\\\/\\\/lalmachine.com\\\/de\\\/shop\\\/sasseoir\\\/canape-fauteuil-pouf\\\/canape-vert-annees-60\\\/#breadcrumb\",\"itemListElement\":[{\"@type\":\"ListItem\",\"position\":1,\"name\":\"Accueil\",\"item\":\"https:\\\/\\\/lalmachine.com\\\/\"},{\"@type\":\"ListItem\",\"position\":2,\"name\":\"Shop\",\"item\":\"https:\\\/\\\/lalmachine.com\\\/shop\\\/\"},{\"@type\":\"ListItem\",\"position\":3,\"name\":\"Canap\u00e9 vert ann\u00e9es 60\"}]},{\"@type\":\"WebSite\",\"@id\":\"https:\\\/\\\/lalmachine.com\\\/#website\",\"url\":\"https:\\\/\\\/lalmachine.com\\\/\",\"name\":\"lalmachine.com\",\"description\":\"Brocante en ligne Suisse | Mobilier et objets d\u00e9co vintage et design\",\"potentialAction\":[{\"@type\":\"SearchAction\",\"target\":{\"@type\":\"EntryPoint\",\"urlTemplate\":\"https:\\\/\\\/lalmachine.com\\\/?s={search_term_string}\"},\"query-input\":{\"@type\":\"PropertyValueSpecification\",\"valueRequired\":true,\"valueName\":\"search_term_string\"}}],\"inLanguage\":\"de\"}]}<\/script>\n<!-- \/ Yoast SEO plugin. -->","yoast_head_json":{"title":"Canap\u00e9 vert ann\u00e9es 60 | lalmachine.com, mobilier et objets d\u00e9co vintage et design","description":"Canap\u00e9 4 places. Ann\u00e9es 60. Velours vert en excellent \u00e9tat","robots":{"index":"index","follow":"follow","max-snippet":"max-snippet:-1","max-image-preview":"max-image-preview:large","max-video-preview":"max-video-preview:-1"},"canonical":"http:\/\/lalmachine.com\/de\/shop\/sasseoir\/canape-fauteuil-pouf\/canape-vert-annees-60\/","og_locale":"de_DE","og_type":"article","og_title":"Canap\u00e9 vert ann\u00e9es 60 | lalmachine.com, mobilier et objets d\u00e9co vintage et design","og_description":"Canap\u00e9 4 places. Ann\u00e9es 60. Velours vert en excellent \u00e9tat","og_url":"http:\/\/lalmachine.com\/de\/shop\/sasseoir\/canape-fauteuil-pouf\/canape-vert-annees-60\/","og_site_name":"lalmachine.com","article_publisher":"https:\/\/facebook.com\/lalmachine","article_modified_time":"2025-12-26T11:33:22+00:00","og_image":[{"width":1723,"height":1723,"url":"https:\/\/lalmachine.com\/wp-content\/uploads\/2025\/09\/u2272-canape_vert_clipped_rev_2.jpeg","type":"image\/jpeg"}],"twitter_card":"summary_large_image","schema":{"@context":"https:\/\/schema.org","@graph":[{"@type":"WebPage","@id":"http:\/\/lalmachine.com\/de\/shop\/sasseoir\/canape-fauteuil-pouf\/canape-vert-annees-60\/","url":"http:\/\/lalmachine.com\/de\/shop\/sasseoir\/canape-fauteuil-pouf\/canape-vert-annees-60\/","name":"Canap\u00e9 vert ann\u00e9es 60 | lalmachine.com, mobilier et objets d\u00e9co vintage et design","isPartOf":{"@id":"https:\/\/lalmachine.com\/#website"},"primaryImageOfPage":{"@id":"http:\/\/lalmachine.com\/de\/shop\/sasseoir\/canape-fauteuil-pouf\/canape-vert-annees-60\/#primaryimage"},"image":{"@id":"http:\/\/lalmachine.com\/de\/shop\/sasseoir\/canape-fauteuil-pouf\/canape-vert-annees-60\/#primaryimage"},"thumbnailUrl":"https:\/\/lalmachine.com\/wp-content\/uploads\/2025\/09\/u2272-canape_vert_clipped_rev_2.jpeg","datePublished":"2025-09-15T11:55:09+00:00","dateModified":"2025-12-26T11:33:22+00:00","description":"Canap\u00e9 4 places. Ann\u00e9es 60. Velours vert en excellent \u00e9tat","breadcrumb":{"@id":"http:\/\/lalmachine.com\/de\/shop\/sasseoir\/canape-fauteuil-pouf\/canape-vert-annees-60\/#breadcrumb"},"inLanguage":"de","potentialAction":[{"@type":"ReadAction","target":["http:\/\/lalmachine.com\/de\/shop\/sasseoir\/canape-fauteuil-pouf\/canape-vert-annees-60\/"]}]},{"@type":"ImageObject","inLanguage":"de","@id":"http:\/\/lalmachine.com\/de\/shop\/sasseoir\/canape-fauteuil-pouf\/canape-vert-annees-60\/#primaryimage","url":"https:\/\/lalmachine.com\/wp-content\/uploads\/2025\/09\/u2272-canape_vert_clipped_rev_2.jpeg","contentUrl":"https:\/\/lalmachine.com\/wp-content\/uploads\/2025\/09\/u2272-canape_vert_clipped_rev_2.jpeg","width":1723,"height":1723},{"@type":"BreadcrumbList","@id":"http:\/\/lalmachine.com\/de\/shop\/sasseoir\/canape-fauteuil-pouf\/canape-vert-annees-60\/#breadcrumb","itemListElement":[{"@type":"ListItem","position":1,"name":"Accueil","item":"https:\/\/lalmachine.com\/"},{"@type":"ListItem","position":2,"name":"Shop","item":"https:\/\/lalmachine.com\/shop\/"},{"@type":"ListItem","position":3,"name":"Canap\u00e9 vert ann\u00e9es 60"}]},{"@type":"WebSite","@id":"https:\/\/lalmachine.com\/#website","url":"https:\/\/lalmachine.com\/","name":"lalmachine.com","description":"Brocante en ligne Suisse | Mobilier et objets d\u00e9co vintage et design","potentialAction":[{"@type":"SearchAction","target":{"@type":"EntryPoint","urlTemplate":"https:\/\/lalmachine.com\/?s={search_term_string}"},"query-input":{"@type":"PropertyValueSpecification","valueRequired":true,"valueName":"search_term_string"}}],"inLanguage":"de"}]}},"_links":{"self":[{"href":"https:\/\/lalmachine.com\/de\/wp-json\/wp\/v2\/product\/350691","targetHints":{"allow":["GET"]}}],"collection":[{"href":"https:\/\/lalmachine.com\/de\/wp-json\/wp\/v2\/product"}],"about":[{"href":"https:\/\/lalmachine.com\/de\/wp-json\/wp\/v2\/types\/product"}],"wp:featuredmedia":[{"embeddable":true,"href":"https:\/\/lalmachine.com\/de\/wp-json\/wp\/v2\/media\/350815"}],"wp:attachment":[{"href":"https:\/\/lalmachine.com\/de\/wp-json\/wp\/v2\/media?parent=350691"}],"wp:term":[{"taxonomy":"product_brand","embeddable":true,"href":"https:\/\/lalmachine.com\/de\/wp-json\/wp\/v2\/product_brand?post=350691"},{"taxonomy":"product_cat","embeddable":true,"href":"https:\/\/lalmachine.com\/de\/wp-json\/wp\/v2\/product_cat?post=350691"},{"taxonomy":"product_tag","embeddable":true,"href":"https:\/\/lalmachine.com\/de\/wp-json\/wp\/v2\/product_tag?post=350691"},{"taxonomy":"proximite","embeddable":true,"href":"https:\/\/lalmachine.com\/de\/wp-json\/wp\/v2\/proximite?post=350691"}],"curies":[{"name":"wp","href":"https:\/\/api.w.org\/{rel}","templated":true}]}}