{"id":350708,"date":"2025-09-15T13:57:57","date_gmt":"2025-09-15T11:57:57","guid":{"rendered":"https:\/\/lalmachine.com\/?post_type=product&#038;p=350708"},"modified":"2025-12-27T11:49:10","modified_gmt":"2025-12-27T10:49:10","slug":"unite-mobile-de-rangement-de-raymond-loewy","status":"publish","type":"product","link":"https:\/\/lalmachine.com\/de\/shop\/meubler\/meuble-de-rangement\/unite-mobile-de-rangement-de-raymond-loewy\/","title":{"rendered":"Unit\u00e9 mobile de rangement de Raymond Loewy"},"content":{"rendered":"<ul class=\"wpuf_customs\"><li style=\"list-style-type:none;\"><label>Autres photos:<\/label> <a href=\"https:\/\/lalmachine.com\/wp-content\/uploads\/2025\/09\/u1208-Photoroom_000_20250907_232107.jpeg\"><img loading=\"lazy\" decoding=\"async\" width=\"64\" height=\"96\" src=\"https:\/\/lalmachine.com\/wp-content\/uploads\/2025\/09\/u1208-Photoroom_000_20250907_232107.jpeg\" class=\"attachment-thumbnail size-thumbnail\" alt=\"\" \/><\/a> <a href=\"https:\/\/lalmachine.com\/wp-content\/uploads\/2025\/09\/u1208-Photoroom_001_20250907_232107.jpeg\"><img loading=\"lazy\" decoding=\"async\" width=\"64\" height=\"96\" src=\"https:\/\/lalmachine.com\/wp-content\/uploads\/2025\/09\/u1208-Photoroom_001_20250907_232107.jpeg\" class=\"attachment-thumbnail size-thumbnail\" alt=\"\" \/><\/a> <a href=\"https:\/\/lalmachine.com\/wp-content\/uploads\/2025\/09\/u1208-Photoroom_002_20250907_232107.jpeg\"><img loading=\"lazy\" decoding=\"async\" width=\"64\" height=\"96\" src=\"https:\/\/lalmachine.com\/wp-content\/uploads\/2025\/09\/u1208-Photoroom_002_20250907_232107.jpeg\" class=\"attachment-thumbnail size-thumbnail\" alt=\"\" \/><\/a> <a href=\"https:\/\/lalmachine.com\/wp-content\/uploads\/2025\/09\/u1208-Photoroom_003_20250907_232107.jpeg\"><img loading=\"lazy\" decoding=\"async\" width=\"64\" height=\"96\" src=\"https:\/\/lalmachine.com\/wp-content\/uploads\/2025\/09\/u1208-Photoroom_003_20250907_232107.jpeg\" class=\"attachment-thumbnail size-thumbnail\" alt=\"\" \/><\/a> <a href=\"https:\/\/lalmachine.com\/wp-content\/uploads\/2025\/09\/u1208-Photoroom_004_20250907_232107.jpeg\"><img loading=\"lazy\" decoding=\"async\" width=\"64\" height=\"96\" src=\"https:\/\/lalmachine.com\/wp-content\/uploads\/2025\/09\/u1208-Photoroom_004_20250907_232107.jpeg\" class=\"attachment-thumbnail size-thumbnail\" alt=\"\" \/><\/a> <a href=\"https:\/\/lalmachine.com\/wp-content\/uploads\/2025\/09\/u1208-Photoroom_005_20250907_232107.jpeg\"><img loading=\"lazy\" decoding=\"async\" width=\"64\" height=\"96\" src=\"https:\/\/lalmachine.com\/wp-content\/uploads\/2025\/09\/u1208-Photoroom_005_20250907_232107.jpeg\" class=\"attachment-thumbnail size-thumbnail\" alt=\"\" \/><\/a> <a href=\"https:\/\/lalmachine.com\/wp-content\/uploads\/2025\/09\/u1208-Photoroom_006_20250907_232107.jpeg\"><img loading=\"lazy\" decoding=\"async\" width=\"64\" height=\"96\" src=\"https:\/\/lalmachine.com\/wp-content\/uploads\/2025\/09\/u1208-Photoroom_006_20250907_232107.jpeg\" class=\"attachment-thumbnail size-thumbnail\" alt=\"\" \/><\/a> <a href=\"https:\/\/lalmachine.com\/wp-content\/uploads\/2025\/09\/u1208-Photoroom_007_20250907_232107.jpeg\"><img loading=\"lazy\" decoding=\"async\" width=\"64\" height=\"96\" src=\"https:\/\/lalmachine.com\/wp-content\/uploads\/2025\/09\/u1208-Photoroom_007_20250907_232107.jpeg\" class=\"attachment-thumbnail size-thumbnail\" alt=\"\" \/><\/a> <a href=\"https:\/\/lalmachine.com\/wp-content\/uploads\/2025\/09\/u1208-Photoroom_008_20250907_232107.jpeg\"><img loading=\"lazy\" decoding=\"async\" width=\"64\" height=\"96\" src=\"https:\/\/lalmachine.com\/wp-content\/uploads\/2025\/09\/u1208-Photoroom_008_20250907_232107.jpeg\" class=\"attachment-thumbnail size-thumbnail\" alt=\"\" \/><\/a> <a href=\"https:\/\/lalmachine.com\/wp-content\/uploads\/2025\/09\/u1208-Photoroom_009_20250907_232107.jpeg\"><img loading=\"lazy\" decoding=\"async\" width=\"64\" height=\"96\" src=\"https:\/\/lalmachine.com\/wp-content\/uploads\/2025\/09\/u1208-Photoroom_009_20250907_232107.jpeg\" class=\"attachment-thumbnail size-thumbnail\" alt=\"\" \/><\/a> <a href=\"https:\/\/lalmachine.com\/wp-content\/uploads\/2025\/09\/u1208-Photoroom_010_20250907_232107.jpeg\"><img loading=\"lazy\" decoding=\"async\" width=\"64\" height=\"96\" src=\"https:\/\/lalmachine.com\/wp-content\/uploads\/2025\/09\/u1208-Photoroom_010_20250907_232107.jpeg\" class=\"attachment-thumbnail size-thumbnail\" alt=\"\" \/><\/a> <a href=\"https:\/\/lalmachine.com\/wp-content\/uploads\/2025\/09\/u1208-Photoroom_011_20250907_232107.jpeg\"><img loading=\"lazy\" decoding=\"async\" width=\"64\" height=\"96\" src=\"https:\/\/lalmachine.com\/wp-content\/uploads\/2025\/09\/u1208-Photoroom_011_20250907_232107.jpeg\" class=\"attachment-thumbnail size-thumbnail\" alt=\"\" \/><\/a> <\/li>        <li class=\"wpuf-field-data wpuf-field-data-numeric_text_field\">\n                            <label>Prix:<\/label>\n                        2800        <\/li>\n                <li class=\"wpuf-field-data wpuf-field-data-numeric_text_field\">\n                            <label>Quantit\u00e9:<\/label>\n                        0        <\/li>\n                <li class=\"wpuf-field-data wpuf-field-data-numeric_text_field\">\n                            <label>Hauteur (cm):<\/label>\n                        107        <\/li>\n                <li class=\"wpuf-field-data wpuf-field-data-numeric_text_field\">\n                            <label>Largeur (cm):<\/label>\n                        50        <\/li>\n                <li class=\"wpuf-field-data wpuf-field-data-numeric_text_field\">\n                            <label>Profondeur (cm):<\/label>\n                        51        <\/li>\n        <\/ul>","protected":false},"excerpt":{"rendered":"<p>Unit\u00e9 mobile de rangement, Valet-semainier en bois stratifi\u00e9 et methacryl\u00e8ne laqu\u00e9 de couleur rouge munie de 8 fa\u00e7ades en plastique moul\u00e9 blanc. Cette coiffeuse offre divers espaces de rangement le tiroir sup\u00e9rieur r\u00e9vele un miroir et un casier, puis 4 tiroirs coulissants, un double tiroir, et un espace \u00e0 ouverture horizontale. Ce meuble sur roulette dispose sur la partie lat\u00e9rale d\u2019une penderie. Cette merveille de Raymond Loewy fut con\u00e7ue pour la CEI (Compagnie d\u2019Esth\u00e9tique Industrielle) en 1980\u2019s. Edition : DOUBINSKY FRERES.<\/p>\n<p>Raymond Loewy (1893-1986) \u00e9tait un designer industriel franco-am\u00e9ricain, n\u00e9 \u00e0 Paris, devenu un pionnier du design industriel aux Etats-\u00a3Unis au XXe si\u00e8cle. Il est c\u00e9l\u00e8bre pour avoir model\u00e9 l\u2019\u00ab american way of life \u00bb en cr\u00e9ant des produits \u00e9l\u00e9gants et fonctionnels, des logos embl\u00e9matiques (Shell, Lucky Strike) aux automobiles (Studebaker, Avanti) et aux int\u00e9rieurs d\u2019avions (Skylab pour la NASA, Air Force One). Apr\u00e8s la Seconde Guerre mondiale, il a fond\u00e9 la Compagnie de l\u2019Esth\u00e9tique Industrielle \u00e0 Paris et a eu une carri\u00e8re influente jusqu\u2019\u00e0 sa mort \u00e0 Monaco. Apr\u00e8s avoir \u00e9migr\u00e9 aux \u00c9tats-Unis en 1919, il a d\u2019abord travaill\u00e9 comme d\u00e9corateur de vitrines pour des grands magasins comme Macy\u2019s et comme illustrateur pour des magazines tels que Vogue. En 1929, il re\u00e7oit sa premi\u00e8re commande de design industriel, modernisant une machine \u00e0 dupliquer Gestetner, marquant le d\u00e9but de sa carri\u00e8re dans le domaine. Loewy a r\u00e9volutionn\u00e9 le design en apportant une touche esth\u00e9tique aux objets existants, am\u00e9liorant leur vente et leur efficacit\u00e9.<\/p>\n<p>Il a con\u00e7u le design des locomotives de la Pennsylvania Railroad (GG-1), le r\u00e9frig\u00e9rateur Coldspot pour Sears, ainsi que les voitures Studebaker et la c\u00e9l\u00e8bre Avanti. Son travail s\u2019est \u00e9tendu aux logos embl\u00e9matiques pour des marques comme Shell, BP, et Lucky Strike, ainsi qu\u2019au design de l\u2019Air Force One. Il a mis son expertise au service de la NASA, concevant l\u2019am\u00e9nagement int\u00e9rieur de la capsule spatiale Skylab. En 1953, il a cr\u00e9\u00e9 la Compagnie de l\u2019Esth\u00e9tique Industrielle \u00e0 Paris, fondant un empire cr\u00e9atif international.<\/p>\n<p>Son travail a profond\u00e9ment influenc\u00e9 le design industriel et son h\u00e9ritage est encore pr\u00e9sent dans de nombreux objets du quotidien.<\/p>","protected":false},"featured_media":350794,"template":"","meta":{"_et_pb_use_builder":"","_et_pb_old_content":"","_et_gb_content_width":""},"product_brand":[],"product_cat":[83,47],"product_tag":[],"proximite":[177,233],"class_list":{"0":"post-350708","1":"product","2":"type-product","3":"status-publish","4":"has-post-thumbnail","6":"product_cat-meuble-de-rangement","7":"product_cat-meubler","8":"pa_couleur-rouge","9":"pa_etat-bon-etat","10":"pa_materiau-bois","11":"pa_style-vintage","12":"proximite-fribourg","13":"proximite-gruyere","15":"first","16":"outofstock","17":"shipping-taxable","18":"purchasable","19":"product-type-simple"},"yoast_head":"<!-- This site is optimized with the Yoast SEO plugin v27.4 - https:\/\/yoast.com\/product\/yoast-seo-wordpress\/ -->\n<title>Unit\u00e9 mobile de rangement de Raymond Loewy | lalmachine.com<\/title>\n<meta name=\"description\" content=\"Unit\u00e9 mobile de rangement de Raymond Loewy\" \/>\n<meta name=\"robots\" content=\"index, follow, max-snippet:-1, max-image-preview:large, max-video-preview:-1\" \/>\n<link rel=\"canonical\" href=\"https:\/\/lalmachine.com\/de\/shop\/meubler\/meuble-de-rangement\/unite-mobile-de-rangement-de-raymond-loewy\/\" \/>\n<meta property=\"og:locale\" content=\"de_DE\" \/>\n<meta property=\"og:type\" content=\"article\" \/>\n<meta property=\"og:title\" content=\"Unit\u00e9 mobile de rangement de Raymond Loewy | lalmachine.com\" \/>\n<meta property=\"og:description\" content=\"Unit\u00e9 mobile de rangement de Raymond Loewy\" \/>\n<meta property=\"og:url\" content=\"https:\/\/lalmachine.com\/de\/shop\/meubler\/meuble-de-rangement\/unite-mobile-de-rangement-de-raymond-loewy\/\" \/>\n<meta property=\"og:site_name\" content=\"lalmachine.com\" \/>\n<meta property=\"article:publisher\" content=\"https:\/\/facebook.com\/lalmachine\" \/>\n<meta property=\"article:modified_time\" content=\"2025-12-27T10:49:10+00:00\" \/>\n<meta property=\"og:image\" content=\"https:\/\/lalmachine.com\/wp-content\/uploads\/2025\/09\/u1208-Photoroom_000_20250907_232107_clipped_rev_1-scaled.jpeg\" \/>\n\t<meta property=\"og:image:width\" content=\"2560\" \/>\n\t<meta property=\"og:image:height\" content=\"2560\" \/>\n\t<meta property=\"og:image:type\" content=\"image\/jpeg\" \/>\n<meta name=\"twitter:card\" content=\"summary_large_image\" \/>\n<script type=\"application\/ld+json\" class=\"yoast-schema-graph\">{\"@context\":\"https:\\\/\\\/schema.org\",\"@graph\":[{\"@type\":\"WebPage\",\"@id\":\"https:\\\/\\\/lalmachine.com\\\/shop\\\/meubler\\\/meuble-de-rangement\\\/unite-mobile-de-rangement-de-raymond-loewy\\\/\",\"url\":\"https:\\\/\\\/lalmachine.com\\\/shop\\\/meubler\\\/meuble-de-rangement\\\/unite-mobile-de-rangement-de-raymond-loewy\\\/\",\"name\":\"Unit\u00e9 mobile de rangement de Raymond Loewy | lalmachine.com\",\"isPartOf\":{\"@id\":\"https:\\\/\\\/lalmachine.com\\\/#website\"},\"primaryImageOfPage\":{\"@id\":\"https:\\\/\\\/lalmachine.com\\\/shop\\\/meubler\\\/meuble-de-rangement\\\/unite-mobile-de-rangement-de-raymond-loewy\\\/#primaryimage\"},\"image\":{\"@id\":\"https:\\\/\\\/lalmachine.com\\\/shop\\\/meubler\\\/meuble-de-rangement\\\/unite-mobile-de-rangement-de-raymond-loewy\\\/#primaryimage\"},\"thumbnailUrl\":\"https:\\\/\\\/lalmachine.com\\\/wp-content\\\/uploads\\\/2025\\\/09\\\/u1208-Photoroom_000_20250907_232107_clipped_rev_1-scaled.jpeg\",\"datePublished\":\"2025-09-15T11:57:57+00:00\",\"dateModified\":\"2025-12-27T10:49:10+00:00\",\"description\":\"Unit\u00e9 mobile de rangement de Raymond Loewy\",\"breadcrumb\":{\"@id\":\"https:\\\/\\\/lalmachine.com\\\/shop\\\/meubler\\\/meuble-de-rangement\\\/unite-mobile-de-rangement-de-raymond-loewy\\\/#breadcrumb\"},\"inLanguage\":\"de\",\"potentialAction\":[{\"@type\":\"ReadAction\",\"target\":[\"https:\\\/\\\/lalmachine.com\\\/shop\\\/meubler\\\/meuble-de-rangement\\\/unite-mobile-de-rangement-de-raymond-loewy\\\/\"]}]},{\"@type\":\"ImageObject\",\"inLanguage\":\"de\",\"@id\":\"https:\\\/\\\/lalmachine.com\\\/shop\\\/meubler\\\/meuble-de-rangement\\\/unite-mobile-de-rangement-de-raymond-loewy\\\/#primaryimage\",\"url\":\"https:\\\/\\\/lalmachine.com\\\/wp-content\\\/uploads\\\/2025\\\/09\\\/u1208-Photoroom_000_20250907_232107_clipped_rev_1-scaled.jpeg\",\"contentUrl\":\"https:\\\/\\\/lalmachine.com\\\/wp-content\\\/uploads\\\/2025\\\/09\\\/u1208-Photoroom_000_20250907_232107_clipped_rev_1-scaled.jpeg\",\"width\":2560,\"height\":2560,\"caption\":\"Unit\u00e9 mobile de rangement de Raymond Loewy\"},{\"@type\":\"BreadcrumbList\",\"@id\":\"https:\\\/\\\/lalmachine.com\\\/shop\\\/meubler\\\/meuble-de-rangement\\\/unite-mobile-de-rangement-de-raymond-loewy\\\/#breadcrumb\",\"itemListElement\":[{\"@type\":\"ListItem\",\"position\":1,\"name\":\"Accueil\",\"item\":\"https:\\\/\\\/lalmachine.com\\\/\"},{\"@type\":\"ListItem\",\"position\":2,\"name\":\"Shop\",\"item\":\"https:\\\/\\\/lalmachine.com\\\/shop\\\/\"},{\"@type\":\"ListItem\",\"position\":3,\"name\":\"Unit\u00e9 mobile de rangement de Raymond Loewy\"}]},{\"@type\":\"WebSite\",\"@id\":\"https:\\\/\\\/lalmachine.com\\\/#website\",\"url\":\"https:\\\/\\\/lalmachine.com\\\/\",\"name\":\"lalmachine.com\",\"description\":\"Brocante en ligne Suisse | Mobilier et objets d\u00e9co vintage et design\",\"potentialAction\":[{\"@type\":\"SearchAction\",\"target\":{\"@type\":\"EntryPoint\",\"urlTemplate\":\"https:\\\/\\\/lalmachine.com\\\/?s={search_term_string}\"},\"query-input\":{\"@type\":\"PropertyValueSpecification\",\"valueRequired\":true,\"valueName\":\"search_term_string\"}}],\"inLanguage\":\"de\"}]}<\/script>\n<!-- \/ Yoast SEO plugin. -->","yoast_head_json":{"title":"Unit\u00e9 mobile de rangement de Raymond Loewy | lalmachine.com","description":"Unit\u00e9 mobile de rangement de Raymond Loewy","robots":{"index":"index","follow":"follow","max-snippet":"max-snippet:-1","max-image-preview":"max-image-preview:large","max-video-preview":"max-video-preview:-1"},"canonical":"https:\/\/lalmachine.com\/de\/shop\/meubler\/meuble-de-rangement\/unite-mobile-de-rangement-de-raymond-loewy\/","og_locale":"de_DE","og_type":"article","og_title":"Unit\u00e9 mobile de rangement de Raymond Loewy | lalmachine.com","og_description":"Unit\u00e9 mobile de rangement de Raymond Loewy","og_url":"https:\/\/lalmachine.com\/de\/shop\/meubler\/meuble-de-rangement\/unite-mobile-de-rangement-de-raymond-loewy\/","og_site_name":"lalmachine.com","article_publisher":"https:\/\/facebook.com\/lalmachine","article_modified_time":"2025-12-27T10:49:10+00:00","og_image":[{"width":2560,"height":2560,"url":"https:\/\/lalmachine.com\/wp-content\/uploads\/2025\/09\/u1208-Photoroom_000_20250907_232107_clipped_rev_1-scaled.jpeg","type":"image\/jpeg"}],"twitter_card":"summary_large_image","schema":{"@context":"https:\/\/schema.org","@graph":[{"@type":"WebPage","@id":"https:\/\/lalmachine.com\/shop\/meubler\/meuble-de-rangement\/unite-mobile-de-rangement-de-raymond-loewy\/","url":"https:\/\/lalmachine.com\/shop\/meubler\/meuble-de-rangement\/unite-mobile-de-rangement-de-raymond-loewy\/","name":"Unit\u00e9 mobile de rangement de Raymond Loewy | lalmachine.com","isPartOf":{"@id":"https:\/\/lalmachine.com\/#website"},"primaryImageOfPage":{"@id":"https:\/\/lalmachine.com\/shop\/meubler\/meuble-de-rangement\/unite-mobile-de-rangement-de-raymond-loewy\/#primaryimage"},"image":{"@id":"https:\/\/lalmachine.com\/shop\/meubler\/meuble-de-rangement\/unite-mobile-de-rangement-de-raymond-loewy\/#primaryimage"},"thumbnailUrl":"https:\/\/lalmachine.com\/wp-content\/uploads\/2025\/09\/u1208-Photoroom_000_20250907_232107_clipped_rev_1-scaled.jpeg","datePublished":"2025-09-15T11:57:57+00:00","dateModified":"2025-12-27T10:49:10+00:00","description":"Unit\u00e9 mobile de rangement de Raymond Loewy","breadcrumb":{"@id":"https:\/\/lalmachine.com\/shop\/meubler\/meuble-de-rangement\/unite-mobile-de-rangement-de-raymond-loewy\/#breadcrumb"},"inLanguage":"de","potentialAction":[{"@type":"ReadAction","target":["https:\/\/lalmachine.com\/shop\/meubler\/meuble-de-rangement\/unite-mobile-de-rangement-de-raymond-loewy\/"]}]},{"@type":"ImageObject","inLanguage":"de","@id":"https:\/\/lalmachine.com\/shop\/meubler\/meuble-de-rangement\/unite-mobile-de-rangement-de-raymond-loewy\/#primaryimage","url":"https:\/\/lalmachine.com\/wp-content\/uploads\/2025\/09\/u1208-Photoroom_000_20250907_232107_clipped_rev_1-scaled.jpeg","contentUrl":"https:\/\/lalmachine.com\/wp-content\/uploads\/2025\/09\/u1208-Photoroom_000_20250907_232107_clipped_rev_1-scaled.jpeg","width":2560,"height":2560,"caption":"Unit\u00e9 mobile de rangement de Raymond Loewy"},{"@type":"BreadcrumbList","@id":"https:\/\/lalmachine.com\/shop\/meubler\/meuble-de-rangement\/unite-mobile-de-rangement-de-raymond-loewy\/#breadcrumb","itemListElement":[{"@type":"ListItem","position":1,"name":"Accueil","item":"https:\/\/lalmachine.com\/"},{"@type":"ListItem","position":2,"name":"Shop","item":"https:\/\/lalmachine.com\/shop\/"},{"@type":"ListItem","position":3,"name":"Unit\u00e9 mobile de rangement de Raymond Loewy"}]},{"@type":"WebSite","@id":"https:\/\/lalmachine.com\/#website","url":"https:\/\/lalmachine.com\/","name":"lalmachine.com","description":"Brocante en ligne Suisse | Mobilier et objets d\u00e9co vintage et design","potentialAction":[{"@type":"SearchAction","target":{"@type":"EntryPoint","urlTemplate":"https:\/\/lalmachine.com\/?s={search_term_string}"},"query-input":{"@type":"PropertyValueSpecification","valueRequired":true,"valueName":"search_term_string"}}],"inLanguage":"de"}]}},"_links":{"self":[{"href":"https:\/\/lalmachine.com\/de\/wp-json\/wp\/v2\/product\/350708","targetHints":{"allow":["GET"]}}],"collection":[{"href":"https:\/\/lalmachine.com\/de\/wp-json\/wp\/v2\/product"}],"about":[{"href":"https:\/\/lalmachine.com\/de\/wp-json\/wp\/v2\/types\/product"}],"wp:featuredmedia":[{"embeddable":true,"href":"https:\/\/lalmachine.com\/de\/wp-json\/wp\/v2\/media\/350794"}],"wp:attachment":[{"href":"https:\/\/lalmachine.com\/de\/wp-json\/wp\/v2\/media?parent=350708"}],"wp:term":[{"taxonomy":"product_brand","embeddable":true,"href":"https:\/\/lalmachine.com\/de\/wp-json\/wp\/v2\/product_brand?post=350708"},{"taxonomy":"product_cat","embeddable":true,"href":"https:\/\/lalmachine.com\/de\/wp-json\/wp\/v2\/product_cat?post=350708"},{"taxonomy":"product_tag","embeddable":true,"href":"https:\/\/lalmachine.com\/de\/wp-json\/wp\/v2\/product_tag?post=350708"},{"taxonomy":"proximite","embeddable":true,"href":"https:\/\/lalmachine.com\/de\/wp-json\/wp\/v2\/proximite?post=350708"}],"curies":[{"name":"wp","href":"https:\/\/api.w.org\/{rel}","templated":true}]}}