{"id":350980,"date":"2025-09-23T12:28:31","date_gmt":"2025-09-23T10:28:31","guid":{"rendered":"https:\/\/lalmachine.com\/?post_type=product&#038;p=350980"},"modified":"2025-09-23T12:28:32","modified_gmt":"2025-09-23T10:28:32","slug":"pied-de-lampe-en-rotin-avec-abat-jour-en-textile-imprime","status":"publish","type":"product","link":"https:\/\/lalmachine.com\/de\/shop\/eclairer\/lampe-de-table-bureau\/pied-de-lampe-en-rotin-avec-abat-jour-en-textile-imprime\/","title":{"rendered":"Pied de lampe en rotin avec abat-jour en textile imprim\u00e9"},"content":{"rendered":"<ul class=\"wpuf_customs\"><li style=\"list-style-type:none;\"><label>Autres photos:<\/label> <a href=\"https:\/\/lalmachine.com\/wp-content\/uploads\/2025\/09\/u1315-lampe-en-rotin-textile-maison-le-manach-france-vente-la-boutique-du-mail-geneve.jpg\"><img loading=\"lazy\" decoding=\"async\" width=\"72\" height=\"96\" src=\"https:\/\/lalmachine.com\/wp-content\/uploads\/2025\/09\/u1315-lampe-en-rotin-textile-maison-le-manach-france-vente-la-boutique-du-mail-geneve.jpg\" class=\"attachment-thumbnail size-thumbnail\" alt=\"\" \/><\/a> <a href=\"https:\/\/lalmachine.com\/wp-content\/uploads\/2025\/09\/u1315-textile-maison-le-manach-1999-france.jpg\"><img loading=\"lazy\" decoding=\"async\" width=\"72\" height=\"96\" src=\"https:\/\/lalmachine.com\/wp-content\/uploads\/2025\/09\/u1315-textile-maison-le-manach-1999-france.jpg\" class=\"attachment-thumbnail size-thumbnail\" alt=\"\" \/><\/a> <a href=\"https:\/\/lalmachine.com\/wp-content\/uploads\/2025\/09\/u1315-lampe-rotin-70-abat-jour-textile-vente-boutique-du-mail-geneve.jpg\"><img loading=\"lazy\" decoding=\"async\" width=\"72\" height=\"96\" src=\"https:\/\/lalmachine.com\/wp-content\/uploads\/2025\/09\/u1315-lampe-rotin-70-abat-jour-textile-vente-boutique-du-mail-geneve.jpg\" class=\"attachment-thumbnail size-thumbnail\" alt=\"\" \/><\/a> <a href=\"https:\/\/lalmachine.com\/wp-content\/uploads\/2025\/09\/u1315-textile-maison-le-manach-france.jpg\"><img loading=\"lazy\" decoding=\"async\" width=\"72\" height=\"96\" src=\"https:\/\/lalmachine.com\/wp-content\/uploads\/2025\/09\/u1315-textile-maison-le-manach-france.jpg\" class=\"attachment-thumbnail size-thumbnail\" alt=\"\" \/><\/a> <a href=\"https:\/\/lalmachine.com\/wp-content\/uploads\/2025\/09\/u1315-lampe-rotin-vintage-70-vente-boutique-du-mail-geneve.jpg\"><img loading=\"lazy\" decoding=\"async\" width=\"72\" height=\"96\" src=\"https:\/\/lalmachine.com\/wp-content\/uploads\/2025\/09\/u1315-lampe-rotin-vintage-70-vente-boutique-du-mail-geneve.jpg\" class=\"attachment-thumbnail size-thumbnail\" alt=\"\" \/><\/a> <a href=\"https:\/\/lalmachine.com\/wp-content\/uploads\/2025\/09\/u1315-pied-de-lampe-rotin-annee-anne-70-vente-boutique-du-mail-geneve.jpg\"><img loading=\"lazy\" decoding=\"async\" width=\"72\" height=\"96\" src=\"https:\/\/lalmachine.com\/wp-content\/uploads\/2025\/09\/u1315-pied-de-lampe-rotin-annee-anne-70-vente-boutique-du-mail-geneve.jpg\" class=\"attachment-thumbnail size-thumbnail\" alt=\"\" \/><\/a> <a href=\"https:\/\/lalmachine.com\/wp-content\/uploads\/2025\/09\/u1315-piedl-de-lampe-rotin-annee-70-vente-boutique-du-mail-geneve.jpg\"><img loading=\"lazy\" decoding=\"async\" width=\"72\" height=\"96\" src=\"https:\/\/lalmachine.com\/wp-content\/uploads\/2025\/09\/u1315-piedl-de-lampe-rotin-annee-70-vente-boutique-du-mail-geneve.jpg\" class=\"attachment-thumbnail size-thumbnail\" alt=\"\" \/><\/a> <a href=\"https:\/\/lalmachine.com\/wp-content\/uploads\/2025\/09\/u1315-lampe-rotin-70-vente-boutique-du-mail-geneve.jpg\"><img loading=\"lazy\" decoding=\"async\" width=\"72\" height=\"96\" src=\"https:\/\/lalmachine.com\/wp-content\/uploads\/2025\/09\/u1315-lampe-rotin-70-vente-boutique-du-mail-geneve.jpg\" class=\"attachment-thumbnail size-thumbnail\" alt=\"\" \/><\/a> <a href=\"https:\/\/lalmachine.com\/wp-content\/uploads\/2025\/09\/u1315-lampe-rotin-annee-70-vente-boutique-du-mail-geneve.jpg\"><img loading=\"lazy\" decoding=\"async\" width=\"72\" height=\"96\" src=\"https:\/\/lalmachine.com\/wp-content\/uploads\/2025\/09\/u1315-lampe-rotin-annee-70-vente-boutique-du-mail-geneve.jpg\" class=\"attachment-thumbnail size-thumbnail\" alt=\"\" \/><\/a> <\/li>        <li class=\"wpuf-field-data wpuf-field-data-numeric_text_field\">\n                            <label>Prix:<\/label>\n                        780        <\/li>\n                <li class=\"wpuf-field-data wpuf-field-data-numeric_text_field\">\n                            <label>Quantit\u00e9:<\/label>\n                        1        <\/li>\n                <li class=\"wpuf-field-data wpuf-field-data-numeric_text_field\">\n                            <label>Hauteur (cm):<\/label>\n                        47        <\/li>\n                <li class=\"wpuf-field-data wpuf-field-data-numeric_text_field\">\n                            <label>Largeur (cm):<\/label>\n                        20        <\/li>\n                <li class=\"wpuf-field-data wpuf-field-data-numeric_text_field\">\n                            <label>Profondeur (cm):<\/label>\n                        20        <\/li>\n        <\/ul>","protected":false},"excerpt":{"rendered":"<p>Magnifique lampe alliant la chaleur brute du rotin et l\u2019\u00e9l\u00e9gance d\u2019un abat-jour en textile imprim\u00e9. Le pied en rotin, dat\u00e9 des ann\u00e9es 1970, pr\u00e9sente une belle patine d\u2019usage qui lui conf\u00e8re du caract\u00e8re. L\u2019abat-jour, confectionn\u00e9 \u00e0 la main \u00e0 l\u2019atelier Contre-Jour (Gen\u00e8ve), est en m\u00e9lange lin-coton, imprim\u00e9 au cadre d\u2019un d\u00e9licat motif floral sign\u00e9 Maison G. Le Manach, issu de la riche collection de Peter Kammermann. Sa doublure dor\u00e9e diffuse une lumi\u00e8re chaleureuse et raffin\u00e9e. Pi\u00e8ce unique, id\u00e9ale pour un int\u00e9rieur esprit \u00ab Shabby chic \u00bb.<\/p>\n<p>&#8211; Authenticit\u00e9 vintage (ann\u00e9es 70)<br \/>\n&#8211; Pied en rotin au charme naturel<br \/>\n&#8211; Abat-jour artisanal, impression au cadre<br \/>\n&#8211; Tissu : m\u00e9lange lin\/coton, sign\u00e9 Maison G. Le Manach (France)<br \/>\n&#8211; Doublure int\u00e9rieure dor\u00e9e pour une lumi\u00e8re douce et chaleureuse<\/p>\n<p>Dimensions<br \/>\n&#8211; Pied : H. 47 cm \/ L. 20 cm<br \/>\n&#8211; Abat-jour : H. 40 cm \/ \u00d8 50 cm<br \/>\n&#8211; Hauteur totale : 90 cm<\/p>","protected":false},"featured_media":350982,"template":"","meta":{"_et_pb_use_builder":"","_et_pb_old_content":"","_et_gb_content_width":""},"product_brand":[],"product_cat":[49,90],"product_tag":[],"proximite":[180],"class_list":{"0":"post-350980","1":"product","2":"type-product","3":"status-publish","4":"has-post-thumbnail","6":"product_cat-eclairer","7":"product_cat-lampe-de-table-bureau","8":"product_shipping_class-2-10-kg","9":"pa_couleur-beige","10":"pa_etat-bon-etat","11":"pa_materiau-rotin-osier","12":"pa_style-vintage","13":"proximite-geneve","15":"first","16":"instock","17":"shipping-taxable","18":"purchasable","19":"product-type-simple"},"yoast_head":"<!-- This site is optimized with the Yoast SEO plugin v27.4 - https:\/\/yoast.com\/product\/yoast-seo-wordpress\/ -->\n<title>Pied de lampe en rotin avec abat-jour en textile imprim\u00e9 | lalmachine.com, mobilier et objets d\u00e9co vintage et design<\/title>\n<meta name=\"description\" content=\"Magnifique lampe alliant la chaleur brute du rotin et l\u2019\u00e9l\u00e9gance d\u2019un abat-jour en textile imprim\u00e9. Le pied en rotin, dat\u00e9 des ann\u00e9es 1970, pr\u00e9sente une belle patine d\u2019usage qui lui conf\u00e8re du caract\u00e8re.\" \/>\n<meta name=\"robots\" content=\"index, follow, max-snippet:-1, max-image-preview:large, max-video-preview:-1\" \/>\n<link rel=\"canonical\" href=\"https:\/\/lalmachine.com\/de\/shop\/eclairer\/lampe-de-table-bureau\/pied-de-lampe-en-rotin-avec-abat-jour-en-textile-imprime\/\" \/>\n<meta property=\"og:locale\" content=\"de_DE\" \/>\n<meta property=\"og:type\" content=\"article\" \/>\n<meta property=\"og:title\" content=\"Pied de lampe en rotin avec abat-jour en textile imprim\u00e9 | lalmachine.com, mobilier et objets d\u00e9co vintage et design\" \/>\n<meta property=\"og:description\" content=\"Magnifique lampe alliant la chaleur brute du rotin et l\u2019\u00e9l\u00e9gance d\u2019un abat-jour en textile imprim\u00e9. Le pied en rotin, dat\u00e9 des ann\u00e9es 1970, pr\u00e9sente une belle patine d\u2019usage qui lui conf\u00e8re du caract\u00e8re.\" \/>\n<meta property=\"og:url\" content=\"https:\/\/lalmachine.com\/de\/shop\/eclairer\/lampe-de-table-bureau\/pied-de-lampe-en-rotin-avec-abat-jour-en-textile-imprime\/\" \/>\n<meta property=\"og:site_name\" content=\"lalmachine.com\" \/>\n<meta property=\"article:publisher\" content=\"https:\/\/facebook.com\/lalmachine\" \/>\n<meta property=\"article:modified_time\" content=\"2025-09-23T10:28:32+00:00\" \/>\n<meta property=\"og:image\" content=\"https:\/\/lalmachine.com\/wp-content\/uploads\/2025\/09\/u1315-lampe-rotin-70-abat-jour-textile-maison-le-manach-vente-boutique-du-mail-geneve_clipped_rev_1.jpeg\" \/>\n\t<meta property=\"og:image:width\" content=\"1525\" \/>\n\t<meta property=\"og:image:height\" content=\"1525\" \/>\n\t<meta property=\"og:image:type\" content=\"image\/jpeg\" \/>\n<meta name=\"twitter:card\" content=\"summary_large_image\" \/>\n<script type=\"application\/ld+json\" class=\"yoast-schema-graph\">{\"@context\":\"https:\\\/\\\/schema.org\",\"@graph\":[{\"@type\":\"WebPage\",\"@id\":\"https:\\\/\\\/lalmachine.com\\\/shop\\\/eclairer\\\/lampe-de-table-bureau\\\/pied-de-lampe-en-rotin-avec-abat-jour-en-textile-imprime\\\/\",\"url\":\"https:\\\/\\\/lalmachine.com\\\/shop\\\/eclairer\\\/lampe-de-table-bureau\\\/pied-de-lampe-en-rotin-avec-abat-jour-en-textile-imprime\\\/\",\"name\":\"Pied de lampe en rotin avec abat-jour en textile imprim\u00e9 | lalmachine.com, mobilier et objets d\u00e9co vintage et design\",\"isPartOf\":{\"@id\":\"https:\\\/\\\/lalmachine.com\\\/#website\"},\"primaryImageOfPage\":{\"@id\":\"https:\\\/\\\/lalmachine.com\\\/shop\\\/eclairer\\\/lampe-de-table-bureau\\\/pied-de-lampe-en-rotin-avec-abat-jour-en-textile-imprime\\\/#primaryimage\"},\"image\":{\"@id\":\"https:\\\/\\\/lalmachine.com\\\/shop\\\/eclairer\\\/lampe-de-table-bureau\\\/pied-de-lampe-en-rotin-avec-abat-jour-en-textile-imprime\\\/#primaryimage\"},\"thumbnailUrl\":\"https:\\\/\\\/lalmachine.com\\\/wp-content\\\/uploads\\\/2025\\\/09\\\/u1315-lampe-rotin-70-abat-jour-textile-maison-le-manach-vente-boutique-du-mail-geneve_clipped_rev_1.jpeg\",\"datePublished\":\"2025-09-23T10:28:31+00:00\",\"dateModified\":\"2025-09-23T10:28:32+00:00\",\"description\":\"Magnifique lampe alliant la chaleur brute du rotin et l\u2019\u00e9l\u00e9gance d\u2019un abat-jour en textile imprim\u00e9. Le pied en rotin, dat\u00e9 des ann\u00e9es 1970, pr\u00e9sente une belle patine d\u2019usage qui lui conf\u00e8re du caract\u00e8re.\",\"breadcrumb\":{\"@id\":\"https:\\\/\\\/lalmachine.com\\\/shop\\\/eclairer\\\/lampe-de-table-bureau\\\/pied-de-lampe-en-rotin-avec-abat-jour-en-textile-imprime\\\/#breadcrumb\"},\"inLanguage\":\"de\",\"potentialAction\":[{\"@type\":\"ReadAction\",\"target\":[\"https:\\\/\\\/lalmachine.com\\\/shop\\\/eclairer\\\/lampe-de-table-bureau\\\/pied-de-lampe-en-rotin-avec-abat-jour-en-textile-imprime\\\/\"]}]},{\"@type\":\"ImageObject\",\"inLanguage\":\"de\",\"@id\":\"https:\\\/\\\/lalmachine.com\\\/shop\\\/eclairer\\\/lampe-de-table-bureau\\\/pied-de-lampe-en-rotin-avec-abat-jour-en-textile-imprime\\\/#primaryimage\",\"url\":\"https:\\\/\\\/lalmachine.com\\\/wp-content\\\/uploads\\\/2025\\\/09\\\/u1315-lampe-rotin-70-abat-jour-textile-maison-le-manach-vente-boutique-du-mail-geneve_clipped_rev_1.jpeg\",\"contentUrl\":\"https:\\\/\\\/lalmachine.com\\\/wp-content\\\/uploads\\\/2025\\\/09\\\/u1315-lampe-rotin-70-abat-jour-textile-maison-le-manach-vente-boutique-du-mail-geneve_clipped_rev_1.jpeg\",\"width\":1525,\"height\":1525,\"caption\":\"Pied de lampe en rotin avec abat-jour en textile imprim\u00e9\"},{\"@type\":\"BreadcrumbList\",\"@id\":\"https:\\\/\\\/lalmachine.com\\\/shop\\\/eclairer\\\/lampe-de-table-bureau\\\/pied-de-lampe-en-rotin-avec-abat-jour-en-textile-imprime\\\/#breadcrumb\",\"itemListElement\":[{\"@type\":\"ListItem\",\"position\":1,\"name\":\"Accueil\",\"item\":\"https:\\\/\\\/lalmachine.com\\\/\"},{\"@type\":\"ListItem\",\"position\":2,\"name\":\"Shop\",\"item\":\"https:\\\/\\\/lalmachine.com\\\/shop\\\/\"},{\"@type\":\"ListItem\",\"position\":3,\"name\":\"Pied de lampe en rotin avec abat-jour en textile imprim\u00e9\"}]},{\"@type\":\"WebSite\",\"@id\":\"https:\\\/\\\/lalmachine.com\\\/#website\",\"url\":\"https:\\\/\\\/lalmachine.com\\\/\",\"name\":\"lalmachine.com\",\"description\":\"Brocante en ligne Suisse | Mobilier et objets d\u00e9co vintage et design\",\"potentialAction\":[{\"@type\":\"SearchAction\",\"target\":{\"@type\":\"EntryPoint\",\"urlTemplate\":\"https:\\\/\\\/lalmachine.com\\\/?s={search_term_string}\"},\"query-input\":{\"@type\":\"PropertyValueSpecification\",\"valueRequired\":true,\"valueName\":\"search_term_string\"}}],\"inLanguage\":\"de\"}]}<\/script>\n<!-- \/ Yoast SEO plugin. -->","yoast_head_json":{"title":"Pied de lampe en rotin avec abat-jour en textile imprim\u00e9 | lalmachine.com, mobilier et objets d\u00e9co vintage et design","description":"Magnifique lampe alliant la chaleur brute du rotin et l\u2019\u00e9l\u00e9gance d\u2019un abat-jour en textile imprim\u00e9. Le pied en rotin, dat\u00e9 des ann\u00e9es 1970, pr\u00e9sente une belle patine d\u2019usage qui lui conf\u00e8re du caract\u00e8re.","robots":{"index":"index","follow":"follow","max-snippet":"max-snippet:-1","max-image-preview":"max-image-preview:large","max-video-preview":"max-video-preview:-1"},"canonical":"https:\/\/lalmachine.com\/de\/shop\/eclairer\/lampe-de-table-bureau\/pied-de-lampe-en-rotin-avec-abat-jour-en-textile-imprime\/","og_locale":"de_DE","og_type":"article","og_title":"Pied de lampe en rotin avec abat-jour en textile imprim\u00e9 | lalmachine.com, mobilier et objets d\u00e9co vintage et design","og_description":"Magnifique lampe alliant la chaleur brute du rotin et l\u2019\u00e9l\u00e9gance d\u2019un abat-jour en textile imprim\u00e9. Le pied en rotin, dat\u00e9 des ann\u00e9es 1970, pr\u00e9sente une belle patine d\u2019usage qui lui conf\u00e8re du caract\u00e8re.","og_url":"https:\/\/lalmachine.com\/de\/shop\/eclairer\/lampe-de-table-bureau\/pied-de-lampe-en-rotin-avec-abat-jour-en-textile-imprime\/","og_site_name":"lalmachine.com","article_publisher":"https:\/\/facebook.com\/lalmachine","article_modified_time":"2025-09-23T10:28:32+00:00","og_image":[{"width":1525,"height":1525,"url":"https:\/\/lalmachine.com\/wp-content\/uploads\/2025\/09\/u1315-lampe-rotin-70-abat-jour-textile-maison-le-manach-vente-boutique-du-mail-geneve_clipped_rev_1.jpeg","type":"image\/jpeg"}],"twitter_card":"summary_large_image","schema":{"@context":"https:\/\/schema.org","@graph":[{"@type":"WebPage","@id":"https:\/\/lalmachine.com\/shop\/eclairer\/lampe-de-table-bureau\/pied-de-lampe-en-rotin-avec-abat-jour-en-textile-imprime\/","url":"https:\/\/lalmachine.com\/shop\/eclairer\/lampe-de-table-bureau\/pied-de-lampe-en-rotin-avec-abat-jour-en-textile-imprime\/","name":"Pied de lampe en rotin avec abat-jour en textile imprim\u00e9 | lalmachine.com, mobilier et objets d\u00e9co vintage et design","isPartOf":{"@id":"https:\/\/lalmachine.com\/#website"},"primaryImageOfPage":{"@id":"https:\/\/lalmachine.com\/shop\/eclairer\/lampe-de-table-bureau\/pied-de-lampe-en-rotin-avec-abat-jour-en-textile-imprime\/#primaryimage"},"image":{"@id":"https:\/\/lalmachine.com\/shop\/eclairer\/lampe-de-table-bureau\/pied-de-lampe-en-rotin-avec-abat-jour-en-textile-imprime\/#primaryimage"},"thumbnailUrl":"https:\/\/lalmachine.com\/wp-content\/uploads\/2025\/09\/u1315-lampe-rotin-70-abat-jour-textile-maison-le-manach-vente-boutique-du-mail-geneve_clipped_rev_1.jpeg","datePublished":"2025-09-23T10:28:31+00:00","dateModified":"2025-09-23T10:28:32+00:00","description":"Magnifique lampe alliant la chaleur brute du rotin et l\u2019\u00e9l\u00e9gance d\u2019un abat-jour en textile imprim\u00e9. Le pied en rotin, dat\u00e9 des ann\u00e9es 1970, pr\u00e9sente une belle patine d\u2019usage qui lui conf\u00e8re du caract\u00e8re.","breadcrumb":{"@id":"https:\/\/lalmachine.com\/shop\/eclairer\/lampe-de-table-bureau\/pied-de-lampe-en-rotin-avec-abat-jour-en-textile-imprime\/#breadcrumb"},"inLanguage":"de","potentialAction":[{"@type":"ReadAction","target":["https:\/\/lalmachine.com\/shop\/eclairer\/lampe-de-table-bureau\/pied-de-lampe-en-rotin-avec-abat-jour-en-textile-imprime\/"]}]},{"@type":"ImageObject","inLanguage":"de","@id":"https:\/\/lalmachine.com\/shop\/eclairer\/lampe-de-table-bureau\/pied-de-lampe-en-rotin-avec-abat-jour-en-textile-imprime\/#primaryimage","url":"https:\/\/lalmachine.com\/wp-content\/uploads\/2025\/09\/u1315-lampe-rotin-70-abat-jour-textile-maison-le-manach-vente-boutique-du-mail-geneve_clipped_rev_1.jpeg","contentUrl":"https:\/\/lalmachine.com\/wp-content\/uploads\/2025\/09\/u1315-lampe-rotin-70-abat-jour-textile-maison-le-manach-vente-boutique-du-mail-geneve_clipped_rev_1.jpeg","width":1525,"height":1525,"caption":"Pied de lampe en rotin avec abat-jour en textile imprim\u00e9"},{"@type":"BreadcrumbList","@id":"https:\/\/lalmachine.com\/shop\/eclairer\/lampe-de-table-bureau\/pied-de-lampe-en-rotin-avec-abat-jour-en-textile-imprime\/#breadcrumb","itemListElement":[{"@type":"ListItem","position":1,"name":"Accueil","item":"https:\/\/lalmachine.com\/"},{"@type":"ListItem","position":2,"name":"Shop","item":"https:\/\/lalmachine.com\/shop\/"},{"@type":"ListItem","position":3,"name":"Pied de lampe en rotin avec abat-jour en textile imprim\u00e9"}]},{"@type":"WebSite","@id":"https:\/\/lalmachine.com\/#website","url":"https:\/\/lalmachine.com\/","name":"lalmachine.com","description":"Brocante en ligne Suisse | Mobilier et objets d\u00e9co vintage et design","potentialAction":[{"@type":"SearchAction","target":{"@type":"EntryPoint","urlTemplate":"https:\/\/lalmachine.com\/?s={search_term_string}"},"query-input":{"@type":"PropertyValueSpecification","valueRequired":true,"valueName":"search_term_string"}}],"inLanguage":"de"}]}},"_links":{"self":[{"href":"https:\/\/lalmachine.com\/de\/wp-json\/wp\/v2\/product\/350980","targetHints":{"allow":["GET"]}}],"collection":[{"href":"https:\/\/lalmachine.com\/de\/wp-json\/wp\/v2\/product"}],"about":[{"href":"https:\/\/lalmachine.com\/de\/wp-json\/wp\/v2\/types\/product"}],"wp:featuredmedia":[{"embeddable":true,"href":"https:\/\/lalmachine.com\/de\/wp-json\/wp\/v2\/media\/350982"}],"wp:attachment":[{"href":"https:\/\/lalmachine.com\/de\/wp-json\/wp\/v2\/media?parent=350980"}],"wp:term":[{"taxonomy":"product_brand","embeddable":true,"href":"https:\/\/lalmachine.com\/de\/wp-json\/wp\/v2\/product_brand?post=350980"},{"taxonomy":"product_cat","embeddable":true,"href":"https:\/\/lalmachine.com\/de\/wp-json\/wp\/v2\/product_cat?post=350980"},{"taxonomy":"product_tag","embeddable":true,"href":"https:\/\/lalmachine.com\/de\/wp-json\/wp\/v2\/product_tag?post=350980"},{"taxonomy":"proximite","embeddable":true,"href":"https:\/\/lalmachine.com\/de\/wp-json\/wp\/v2\/proximite?post=350980"}],"curies":[{"name":"wp","href":"https:\/\/api.w.org\/{rel}","templated":true}]}}