{"id":350987,"date":"2025-09-23T15:23:18","date_gmt":"2025-09-23T13:23:18","guid":{"rendered":"https:\/\/lalmachine.com\/?post_type=product&#038;p=350987"},"modified":"2025-09-23T15:23:19","modified_gmt":"2025-09-23T13:23:19","slug":"aiguiere-en-gres-flamme-louis-metenier-art-nouveau","status":"publish","type":"product","link":"https:\/\/lalmachine.com\/de\/shop\/decorer\/vase-ceramique\/aiguiere-en-gres-flamme-louis-metenier-art-nouveau\/","title":{"rendered":"Aigui\u00e8re en gr\u00e8s flamm\u00e9 &#8211; Louis M\u00e9t\u00e9nier, Art nouveau"},"content":{"rendered":"<ul class=\"wpuf_customs\"><li style=\"list-style-type:none;\"><label>Autres photos:<\/label> <a href=\"https:\/\/lalmachine.com\/wp-content\/uploads\/2025\/09\/u1315-aiguiere-gres-flamme-louis-metenier-art-nouveau-vente-la-boutique-du-mail-geneve.jpg\"><img loading=\"lazy\" decoding=\"async\" width=\"72\" height=\"96\" src=\"https:\/\/lalmachine.com\/wp-content\/uploads\/2025\/09\/u1315-aiguiere-gres-flamme-louis-metenier-art-nouveau-vente-la-boutique-du-mail-geneve.jpg\" class=\"attachment-thumbnail size-thumbnail\" alt=\"\" \/><\/a> <a href=\"https:\/\/lalmachine.com\/wp-content\/uploads\/2025\/09\/u1315-aiguiere-louis-metenier-gres-art-nouveau-vente-la-boutique-du-mail-geneve.jpg\"><img loading=\"lazy\" decoding=\"async\" width=\"72\" height=\"96\" src=\"https:\/\/lalmachine.com\/wp-content\/uploads\/2025\/09\/u1315-aiguiere-louis-metenier-gres-art-nouveau-vente-la-boutique-du-mail-geneve.jpg\" class=\"attachment-thumbnail size-thumbnail\" alt=\"\" \/><\/a> <a href=\"https:\/\/lalmachine.com\/wp-content\/uploads\/2025\/09\/u1315-aiguiere-louis-metenier-art-nouveau-vente-la-boutique-du-mail-geneve.jpg\"><img loading=\"lazy\" decoding=\"async\" width=\"72\" height=\"96\" src=\"https:\/\/lalmachine.com\/wp-content\/uploads\/2025\/09\/u1315-aiguiere-louis-metenier-art-nouveau-vente-la-boutique-du-mail-geneve.jpg\" class=\"attachment-thumbnail size-thumbnail\" alt=\"\" \/><\/a> <\/li>        <li class=\"wpuf-field-data wpuf-field-data-numeric_text_field\">\n                            <label>Prix:<\/label>\n                        280        <\/li>\n                <li class=\"wpuf-field-data wpuf-field-data-numeric_text_field\">\n                            <label>Quantit\u00e9:<\/label>\n                        1        <\/li>\n                <li class=\"wpuf-field-data wpuf-field-data-numeric_text_field\">\n                            <label>Hauteur (cm):<\/label>\n                        27        <\/li>\n                <li class=\"wpuf-field-data wpuf-field-data-numeric_text_field\">\n                            <label>Largeur (cm):<\/label>\n                        13        <\/li>\n                <li class=\"wpuf-field-data wpuf-field-data-numeric_text_field\">\n                            <label>Profondeur (cm):<\/label>\n                        13        <\/li>\n        <\/ul>","protected":false},"excerpt":{"rendered":"<p>Aigui\u00e8re en gr\u00e8s flamm\u00e9 \u2014 Louis M\u00e9t\u00e9nier, Art nouveau, vers 1890-1910<\/p>\n<p>\u00c9l\u00e9gante aigui\u00e8re en gr\u00e8s flamm\u00e9 sign\u00e9e de Louis M\u00e9t\u00e9nier, ma\u00eetres potiers de Gannat, repr\u00e9sentative de l\u2019Art nouveau fran\u00e7ais. Sa silhouette \u00e9pur\u00e9e et ses \u00e9maux flamm\u00e9s aux reflets iris\u00e9s offrent un jeu de couleurs chaud et subtil, r\u00e9sultat d\u2019une ma\u00eetrise des cuissons et des \u00e9maux h\u00e9rit\u00e9e d\u2019un savoir-faire familial. Pi\u00e8ce d\u00e9corative \u00e0 la fois sobre et riche en mati\u00e8re, elle t\u00e9moigne de la transition du travail traditionnel vers l\u2019innovation qui fera la renomm\u00e9e des M\u00e9t\u00e9nier, poursuivie plus tard par Gilbert et son fameux \u00ab bleu de Gannat \u00bb. Id\u00e9ale pour collectionneur ou comme point d\u2019\u00e9l\u00e9gance dans un int\u00e9rieur, cette aigui\u00e8re se pr\u00eate aussi bien \u00e0 l\u2019exposition qu\u2019\u00e0 une mise en sc\u00e8ne d\u00e9corative.<\/p>\n<p>Louis M\u00e9t\u00e9nier (1844-1922) est un potier et c\u00e9ramiste fran\u00e7ais install\u00e9 \u00e0 Gannat (Allier). Son fils Gilbert M\u00e9t\u00e9nier, n\u00e9 \u00e0 Moulins le 30 septembre 1876, lui succ\u00e9da en 1920 et assura la renomm\u00e9e des gr\u00e8s d&#8217;art M\u00e9t\u00e9nier.<\/p>","protected":false},"featured_media":350988,"template":"","meta":{"_et_pb_use_builder":"","_et_pb_old_content":"","_et_gb_content_width":""},"product_brand":[],"product_cat":[50,400],"product_tag":[],"proximite":[180],"class_list":{"0":"post-350987","1":"product","2":"type-product","3":"status-publish","4":"has-post-thumbnail","6":"product_cat-decorer","7":"product_cat-vase-ceramique","8":"product_shipping_class-2-10-kg","9":"pa_couleur-bleu","10":"pa_etat-tres-bon-etat","11":"pa_materiau-ceramique","12":"pa_style-vintage","13":"proximite-geneve","15":"first","16":"instock","17":"shipping-taxable","18":"purchasable","19":"product-type-simple"},"yoast_head":"<!-- This site is optimized with the Yoast SEO plugin v27.4 - https:\/\/yoast.com\/product\/yoast-seo-wordpress\/ -->\n<title>Aigui\u00e8re en gr\u00e8s flamm\u00e9 - Louis M\u00e9t\u00e9nier, Art nouveau | lalmachine.com, mobilier et objets d\u00e9co vintage et design<\/title>\n<meta name=\"description\" content=\"Aigui\u00e8re en gr\u00e8s flamm\u00e9 \u2014 Louis M\u00e9t\u00e9nier, Art nouveau, vers 1890-1910\" \/>\n<meta name=\"robots\" content=\"index, follow, max-snippet:-1, max-image-preview:large, max-video-preview:-1\" \/>\n<link rel=\"canonical\" href=\"https:\/\/lalmachine.com\/de\/shop\/decorer\/vase-ceramique\/aiguiere-en-gres-flamme-louis-metenier-art-nouveau\/\" \/>\n<meta property=\"og:locale\" content=\"de_DE\" \/>\n<meta property=\"og:type\" content=\"article\" \/>\n<meta property=\"og:title\" content=\"Aigui\u00e8re en gr\u00e8s flamm\u00e9 - Louis M\u00e9t\u00e9nier, Art nouveau | lalmachine.com, mobilier et objets d\u00e9co vintage et design\" \/>\n<meta property=\"og:description\" content=\"Aigui\u00e8re en gr\u00e8s flamm\u00e9 \u2014 Louis M\u00e9t\u00e9nier, Art nouveau, vers 1890-1910\" \/>\n<meta property=\"og:url\" content=\"https:\/\/lalmachine.com\/de\/shop\/decorer\/vase-ceramique\/aiguiere-en-gres-flamme-louis-metenier-art-nouveau\/\" \/>\n<meta property=\"og:site_name\" content=\"lalmachine.com\" \/>\n<meta property=\"article:publisher\" content=\"https:\/\/facebook.com\/lalmachine\" \/>\n<meta property=\"article:modified_time\" content=\"2025-09-23T13:23:19+00:00\" \/>\n<meta property=\"og:image\" content=\"https:\/\/lalmachine.com\/wp-content\/uploads\/2025\/09\/u1315-aiguiere-louis-metenier-gres-art-nouveau-vente-la-boutique-du-mail-geneve_clipped_rev_1.jpeg\" \/>\n\t<meta property=\"og:image:width\" content=\"1411\" \/>\n\t<meta property=\"og:image:height\" content=\"1411\" \/>\n\t<meta property=\"og:image:type\" content=\"image\/jpeg\" \/>\n<meta name=\"twitter:card\" content=\"summary_large_image\" \/>\n<script type=\"application\/ld+json\" class=\"yoast-schema-graph\">{\"@context\":\"https:\\\/\\\/schema.org\",\"@graph\":[{\"@type\":\"WebPage\",\"@id\":\"https:\\\/\\\/lalmachine.com\\\/shop\\\/decorer\\\/vase-ceramique\\\/aiguiere-en-gres-flamme-louis-metenier-art-nouveau\\\/\",\"url\":\"https:\\\/\\\/lalmachine.com\\\/shop\\\/decorer\\\/vase-ceramique\\\/aiguiere-en-gres-flamme-louis-metenier-art-nouveau\\\/\",\"name\":\"Aigui\u00e8re en gr\u00e8s flamm\u00e9 - Louis M\u00e9t\u00e9nier, Art nouveau | lalmachine.com, mobilier et objets d\u00e9co vintage et design\",\"isPartOf\":{\"@id\":\"https:\\\/\\\/lalmachine.com\\\/#website\"},\"primaryImageOfPage\":{\"@id\":\"https:\\\/\\\/lalmachine.com\\\/shop\\\/decorer\\\/vase-ceramique\\\/aiguiere-en-gres-flamme-louis-metenier-art-nouveau\\\/#primaryimage\"},\"image\":{\"@id\":\"https:\\\/\\\/lalmachine.com\\\/shop\\\/decorer\\\/vase-ceramique\\\/aiguiere-en-gres-flamme-louis-metenier-art-nouveau\\\/#primaryimage\"},\"thumbnailUrl\":\"https:\\\/\\\/lalmachine.com\\\/wp-content\\\/uploads\\\/2025\\\/09\\\/u1315-aiguiere-louis-metenier-gres-art-nouveau-vente-la-boutique-du-mail-geneve_clipped_rev_1.jpeg\",\"datePublished\":\"2025-09-23T13:23:18+00:00\",\"dateModified\":\"2025-09-23T13:23:19+00:00\",\"description\":\"Aigui\u00e8re en gr\u00e8s flamm\u00e9 \u2014 Louis M\u00e9t\u00e9nier, Art nouveau, vers 1890-1910\",\"breadcrumb\":{\"@id\":\"https:\\\/\\\/lalmachine.com\\\/shop\\\/decorer\\\/vase-ceramique\\\/aiguiere-en-gres-flamme-louis-metenier-art-nouveau\\\/#breadcrumb\"},\"inLanguage\":\"de\",\"potentialAction\":[{\"@type\":\"ReadAction\",\"target\":[\"https:\\\/\\\/lalmachine.com\\\/shop\\\/decorer\\\/vase-ceramique\\\/aiguiere-en-gres-flamme-louis-metenier-art-nouveau\\\/\"]}]},{\"@type\":\"ImageObject\",\"inLanguage\":\"de\",\"@id\":\"https:\\\/\\\/lalmachine.com\\\/shop\\\/decorer\\\/vase-ceramique\\\/aiguiere-en-gres-flamme-louis-metenier-art-nouveau\\\/#primaryimage\",\"url\":\"https:\\\/\\\/lalmachine.com\\\/wp-content\\\/uploads\\\/2025\\\/09\\\/u1315-aiguiere-louis-metenier-gres-art-nouveau-vente-la-boutique-du-mail-geneve_clipped_rev_1.jpeg\",\"contentUrl\":\"https:\\\/\\\/lalmachine.com\\\/wp-content\\\/uploads\\\/2025\\\/09\\\/u1315-aiguiere-louis-metenier-gres-art-nouveau-vente-la-boutique-du-mail-geneve_clipped_rev_1.jpeg\",\"width\":1411,\"height\":1411,\"caption\":\"Aigui\u00e8re en gr\u00e8s flamm\u00e9 \u2014 Louis M\u00e9t\u00e9nier\"},{\"@type\":\"BreadcrumbList\",\"@id\":\"https:\\\/\\\/lalmachine.com\\\/shop\\\/decorer\\\/vase-ceramique\\\/aiguiere-en-gres-flamme-louis-metenier-art-nouveau\\\/#breadcrumb\",\"itemListElement\":[{\"@type\":\"ListItem\",\"position\":1,\"name\":\"Accueil\",\"item\":\"https:\\\/\\\/lalmachine.com\\\/\"},{\"@type\":\"ListItem\",\"position\":2,\"name\":\"Shop\",\"item\":\"https:\\\/\\\/lalmachine.com\\\/shop\\\/\"},{\"@type\":\"ListItem\",\"position\":3,\"name\":\"Aigui\u00e8re en gr\u00e8s flamm\u00e9 &#8211; Louis M\u00e9t\u00e9nier, Art nouveau\"}]},{\"@type\":\"WebSite\",\"@id\":\"https:\\\/\\\/lalmachine.com\\\/#website\",\"url\":\"https:\\\/\\\/lalmachine.com\\\/\",\"name\":\"lalmachine.com\",\"description\":\"Brocante en ligne Suisse | Mobilier et objets d\u00e9co vintage et design\",\"potentialAction\":[{\"@type\":\"SearchAction\",\"target\":{\"@type\":\"EntryPoint\",\"urlTemplate\":\"https:\\\/\\\/lalmachine.com\\\/?s={search_term_string}\"},\"query-input\":{\"@type\":\"PropertyValueSpecification\",\"valueRequired\":true,\"valueName\":\"search_term_string\"}}],\"inLanguage\":\"de\"}]}<\/script>\n<!-- \/ Yoast SEO plugin. -->","yoast_head_json":{"title":"Aigui\u00e8re en gr\u00e8s flamm\u00e9 - Louis M\u00e9t\u00e9nier, Art nouveau | lalmachine.com, mobilier et objets d\u00e9co vintage et design","description":"Aigui\u00e8re en gr\u00e8s flamm\u00e9 \u2014 Louis M\u00e9t\u00e9nier, Art nouveau, vers 1890-1910","robots":{"index":"index","follow":"follow","max-snippet":"max-snippet:-1","max-image-preview":"max-image-preview:large","max-video-preview":"max-video-preview:-1"},"canonical":"https:\/\/lalmachine.com\/de\/shop\/decorer\/vase-ceramique\/aiguiere-en-gres-flamme-louis-metenier-art-nouveau\/","og_locale":"de_DE","og_type":"article","og_title":"Aigui\u00e8re en gr\u00e8s flamm\u00e9 - Louis M\u00e9t\u00e9nier, Art nouveau | lalmachine.com, mobilier et objets d\u00e9co vintage et design","og_description":"Aigui\u00e8re en gr\u00e8s flamm\u00e9 \u2014 Louis M\u00e9t\u00e9nier, Art nouveau, vers 1890-1910","og_url":"https:\/\/lalmachine.com\/de\/shop\/decorer\/vase-ceramique\/aiguiere-en-gres-flamme-louis-metenier-art-nouveau\/","og_site_name":"lalmachine.com","article_publisher":"https:\/\/facebook.com\/lalmachine","article_modified_time":"2025-09-23T13:23:19+00:00","og_image":[{"width":1411,"height":1411,"url":"https:\/\/lalmachine.com\/wp-content\/uploads\/2025\/09\/u1315-aiguiere-louis-metenier-gres-art-nouveau-vente-la-boutique-du-mail-geneve_clipped_rev_1.jpeg","type":"image\/jpeg"}],"twitter_card":"summary_large_image","schema":{"@context":"https:\/\/schema.org","@graph":[{"@type":"WebPage","@id":"https:\/\/lalmachine.com\/shop\/decorer\/vase-ceramique\/aiguiere-en-gres-flamme-louis-metenier-art-nouveau\/","url":"https:\/\/lalmachine.com\/shop\/decorer\/vase-ceramique\/aiguiere-en-gres-flamme-louis-metenier-art-nouveau\/","name":"Aigui\u00e8re en gr\u00e8s flamm\u00e9 - Louis M\u00e9t\u00e9nier, Art nouveau | lalmachine.com, mobilier et objets d\u00e9co vintage et design","isPartOf":{"@id":"https:\/\/lalmachine.com\/#website"},"primaryImageOfPage":{"@id":"https:\/\/lalmachine.com\/shop\/decorer\/vase-ceramique\/aiguiere-en-gres-flamme-louis-metenier-art-nouveau\/#primaryimage"},"image":{"@id":"https:\/\/lalmachine.com\/shop\/decorer\/vase-ceramique\/aiguiere-en-gres-flamme-louis-metenier-art-nouveau\/#primaryimage"},"thumbnailUrl":"https:\/\/lalmachine.com\/wp-content\/uploads\/2025\/09\/u1315-aiguiere-louis-metenier-gres-art-nouveau-vente-la-boutique-du-mail-geneve_clipped_rev_1.jpeg","datePublished":"2025-09-23T13:23:18+00:00","dateModified":"2025-09-23T13:23:19+00:00","description":"Aigui\u00e8re en gr\u00e8s flamm\u00e9 \u2014 Louis M\u00e9t\u00e9nier, Art nouveau, vers 1890-1910","breadcrumb":{"@id":"https:\/\/lalmachine.com\/shop\/decorer\/vase-ceramique\/aiguiere-en-gres-flamme-louis-metenier-art-nouveau\/#breadcrumb"},"inLanguage":"de","potentialAction":[{"@type":"ReadAction","target":["https:\/\/lalmachine.com\/shop\/decorer\/vase-ceramique\/aiguiere-en-gres-flamme-louis-metenier-art-nouveau\/"]}]},{"@type":"ImageObject","inLanguage":"de","@id":"https:\/\/lalmachine.com\/shop\/decorer\/vase-ceramique\/aiguiere-en-gres-flamme-louis-metenier-art-nouveau\/#primaryimage","url":"https:\/\/lalmachine.com\/wp-content\/uploads\/2025\/09\/u1315-aiguiere-louis-metenier-gres-art-nouveau-vente-la-boutique-du-mail-geneve_clipped_rev_1.jpeg","contentUrl":"https:\/\/lalmachine.com\/wp-content\/uploads\/2025\/09\/u1315-aiguiere-louis-metenier-gres-art-nouveau-vente-la-boutique-du-mail-geneve_clipped_rev_1.jpeg","width":1411,"height":1411,"caption":"Aigui\u00e8re en gr\u00e8s flamm\u00e9 \u2014 Louis M\u00e9t\u00e9nier"},{"@type":"BreadcrumbList","@id":"https:\/\/lalmachine.com\/shop\/decorer\/vase-ceramique\/aiguiere-en-gres-flamme-louis-metenier-art-nouveau\/#breadcrumb","itemListElement":[{"@type":"ListItem","position":1,"name":"Accueil","item":"https:\/\/lalmachine.com\/"},{"@type":"ListItem","position":2,"name":"Shop","item":"https:\/\/lalmachine.com\/shop\/"},{"@type":"ListItem","position":3,"name":"Aigui\u00e8re en gr\u00e8s flamm\u00e9 &#8211; Louis M\u00e9t\u00e9nier, Art nouveau"}]},{"@type":"WebSite","@id":"https:\/\/lalmachine.com\/#website","url":"https:\/\/lalmachine.com\/","name":"lalmachine.com","description":"Brocante en ligne Suisse | Mobilier et objets d\u00e9co vintage et design","potentialAction":[{"@type":"SearchAction","target":{"@type":"EntryPoint","urlTemplate":"https:\/\/lalmachine.com\/?s={search_term_string}"},"query-input":{"@type":"PropertyValueSpecification","valueRequired":true,"valueName":"search_term_string"}}],"inLanguage":"de"}]}},"_links":{"self":[{"href":"https:\/\/lalmachine.com\/de\/wp-json\/wp\/v2\/product\/350987","targetHints":{"allow":["GET"]}}],"collection":[{"href":"https:\/\/lalmachine.com\/de\/wp-json\/wp\/v2\/product"}],"about":[{"href":"https:\/\/lalmachine.com\/de\/wp-json\/wp\/v2\/types\/product"}],"wp:featuredmedia":[{"embeddable":true,"href":"https:\/\/lalmachine.com\/de\/wp-json\/wp\/v2\/media\/350988"}],"wp:attachment":[{"href":"https:\/\/lalmachine.com\/de\/wp-json\/wp\/v2\/media?parent=350987"}],"wp:term":[{"taxonomy":"product_brand","embeddable":true,"href":"https:\/\/lalmachine.com\/de\/wp-json\/wp\/v2\/product_brand?post=350987"},{"taxonomy":"product_cat","embeddable":true,"href":"https:\/\/lalmachine.com\/de\/wp-json\/wp\/v2\/product_cat?post=350987"},{"taxonomy":"product_tag","embeddable":true,"href":"https:\/\/lalmachine.com\/de\/wp-json\/wp\/v2\/product_tag?post=350987"},{"taxonomy":"proximite","embeddable":true,"href":"https:\/\/lalmachine.com\/de\/wp-json\/wp\/v2\/proximite?post=350987"}],"curies":[{"name":"wp","href":"https:\/\/api.w.org\/{rel}","templated":true}]}}