{"id":351110,"date":"2025-09-30T11:54:34","date_gmt":"2025-09-30T09:54:34","guid":{"rendered":"https:\/\/lalmachine.com\/?post_type=product&#038;p=351110"},"modified":"2025-12-04T17:01:26","modified_gmt":"2025-12-04T16:01:26","slug":"fauteuils-art-deco-en-noyer-suisse-1910s","status":"publish","type":"product","link":"https:\/\/lalmachine.com\/de\/shop\/sasseoir\/canape-fauteuil-pouf\/fauteuils-art-deco-en-noyer-suisse-1910s\/","title":{"rendered":"Fauteuils Art D\u00e9co en noyer, Suisse, 1910&rsquo;s"},"content":{"rendered":"<ul class=\"wpuf_customs\"><li style=\"list-style-type:none;\"><label>Autres photos:<\/label> <a href=\"https:\/\/lalmachine.com\/wp-content\/uploads\/2025\/09\/u1397-C6FAB62A-DDC6-44E0-9200-4AD3426A514D_1_201_a-scaled.jpeg\"><img loading=\"lazy\" decoding=\"async\" width=\"96\" height=\"96\" src=\"https:\/\/lalmachine.com\/wp-content\/uploads\/2025\/09\/u1397-C6FAB62A-DDC6-44E0-9200-4AD3426A514D_1_201_a-scaled.jpeg\" class=\"attachment-thumbnail size-thumbnail\" alt=\"\" \/><\/a> <a href=\"https:\/\/lalmachine.com\/wp-content\/uploads\/2025\/09\/u1397-1DCC1E2A-CAA8-4DD2-A304-C1889BEB44A7_1_201_a-scaled.jpeg\"><img loading=\"lazy\" decoding=\"async\" width=\"96\" height=\"96\" src=\"https:\/\/lalmachine.com\/wp-content\/uploads\/2025\/09\/u1397-1DCC1E2A-CAA8-4DD2-A304-C1889BEB44A7_1_201_a-scaled.jpeg\" class=\"attachment-thumbnail size-thumbnail\" alt=\"\" \/><\/a> <a href=\"https:\/\/lalmachine.com\/wp-content\/uploads\/2025\/09\/u1397-8C428061-7CBD-4DD6-9F86-160CE569A1D4_1_201_a-scaled.jpeg\"><img loading=\"lazy\" decoding=\"async\" width=\"96\" height=\"96\" src=\"https:\/\/lalmachine.com\/wp-content\/uploads\/2025\/09\/u1397-8C428061-7CBD-4DD6-9F86-160CE569A1D4_1_201_a-scaled.jpeg\" class=\"attachment-thumbnail size-thumbnail\" alt=\"\" \/><\/a> <a href=\"https:\/\/lalmachine.com\/wp-content\/uploads\/2025\/09\/u1397-985C9510-953E-4D65-956C-D4165C6AE734_1_201_a-scaled.jpeg\"><img loading=\"lazy\" decoding=\"async\" width=\"96\" height=\"96\" src=\"https:\/\/lalmachine.com\/wp-content\/uploads\/2025\/09\/u1397-985C9510-953E-4D65-956C-D4165C6AE734_1_201_a-scaled.jpeg\" class=\"attachment-thumbnail size-thumbnail\" alt=\"\" \/><\/a> <a href=\"https:\/\/lalmachine.com\/wp-content\/uploads\/2025\/09\/u1397-64581ECB-8A6C-4EA1-852D-D2094651AE85_1_201_a-scaled.jpeg\"><img loading=\"lazy\" decoding=\"async\" width=\"128\" height=\"85\" src=\"https:\/\/lalmachine.com\/wp-content\/uploads\/2025\/09\/u1397-64581ECB-8A6C-4EA1-852D-D2094651AE85_1_201_a-scaled.jpeg\" class=\"attachment-thumbnail size-thumbnail\" alt=\"\" \/><\/a> <a href=\"https:\/\/lalmachine.com\/wp-content\/uploads\/2025\/09\/u1397-4BCF4289-8F43-48E3-AD4D-0D10E583435D_1_201_a-scaled.jpeg\"><img loading=\"lazy\" decoding=\"async\" width=\"64\" height=\"96\" src=\"https:\/\/lalmachine.com\/wp-content\/uploads\/2025\/09\/u1397-4BCF4289-8F43-48E3-AD4D-0D10E583435D_1_201_a-scaled.jpeg\" class=\"attachment-thumbnail size-thumbnail\" alt=\"\" \/><\/a> <\/li>        <li class=\"wpuf-field-data wpuf-field-data-numeric_text_field\">\n                            <label>Prix:<\/label>\n                        1400        <\/li>\n                <li class=\"wpuf-field-data wpuf-field-data-numeric_text_field\">\n                            <label>Quantit\u00e9:<\/label>\n                        0        <\/li>\n                <li class=\"wpuf-field-data wpuf-field-data-numeric_text_field\">\n                            <label>Hauteur (cm):<\/label>\n                        73        <\/li>\n                <li class=\"wpuf-field-data wpuf-field-data-numeric_text_field\">\n                            <label>Largeur (cm):<\/label>\n                        61        <\/li>\n                <li class=\"wpuf-field-data wpuf-field-data-numeric_text_field\">\n                            <label>Profondeur (cm):<\/label>\n                        51        <\/li>\n        <\/ul>","protected":false},"excerpt":{"rendered":"<p>Plus de 100 ans d&rsquo;existence et toujours dans le coup !<\/p>\n<p>Sobre et \u00e9l\u00e9gant, ce mill\u00e9sime issu de la Belle \u00c9poque est d&rsquo;un pragmatisme imparable. Une taille contenue, un format trapu et deux belles anses qui ajoutent une touche d&rsquo;onctuosit\u00e9 \u00e0 la ligne cubique, on adore !<\/p>\n<p>Si l&rsquo;on sent que le charme de ces fauteuils est intimement li\u00e9 \u00e0 cette aura indescriptible \u00e9manant des objets anciens, l&rsquo;association du pourpre au noyer y est \u00e9galement pour quelque chose.<\/p>\n<p>Quand on peut se pr\u00e9valoir de traverser le si\u00e8cle et d&rsquo;avoir une plastique \u00e0 faire pal\u00eer nos fauteuils contemporains, il n&rsquo;est alors plus question de mode \u00e0 ce stade, mais uniquement de bon go\u00fbt.<\/p>\n<p>Tissus et mousses des coussins enti\u00e8rement refait \u00e0 neuf.<\/p>\n<p>Hauteur assise avec coussin 41 cm<\/p>","protected":false},"featured_media":351112,"template":"","meta":{"_et_pb_use_builder":"","_et_pb_old_content":"","_et_gb_content_width":""},"product_brand":[],"product_cat":[99,48],"product_tag":[],"proximite":[283,179],"class_list":{"0":"post-351110","1":"product","2":"type-product","3":"status-publish","4":"has-post-thumbnail","6":"product_cat-canape-fauteuil-pouf","7":"product_cat-sasseoir","8":"pa_couleur-bois","9":"pa_etat-tres-bon-etat","10":"pa_materiau-bois","11":"pa_style-vintage","12":"proximite-riviera-pays-denhaut","13":"proximite-vaud","15":"first","16":"outofstock","17":"sale","18":"shipping-taxable","19":"purchasable","20":"product-type-simple"},"yoast_head":"<!-- This site is optimized with the Yoast SEO plugin v27.4 - https:\/\/yoast.com\/product\/yoast-seo-wordpress\/ -->\n<title>Fauteuils Art D\u00e9co en noyer, Suisse, 1910&#039;s | lalmachine.com<\/title>\n<meta name=\"description\" content=\"Fauteuils Art D\u00e9co en noyer, Suisse, 1910&#039;s\" \/>\n<meta name=\"robots\" content=\"index, follow, max-snippet:-1, max-image-preview:large, max-video-preview:-1\" \/>\n<link rel=\"canonical\" href=\"https:\/\/lalmachine.com\/de\/shop\/sasseoir\/canape-fauteuil-pouf\/fauteuils-art-deco-en-noyer-suisse-1910s\/\" \/>\n<meta property=\"og:locale\" content=\"de_DE\" \/>\n<meta property=\"og:type\" content=\"article\" \/>\n<meta property=\"og:title\" content=\"Fauteuils Art D\u00e9co en noyer, Suisse, 1910&#039;s | lalmachine.com\" \/>\n<meta property=\"og:description\" content=\"Fauteuils Art D\u00e9co en noyer, Suisse, 1910&#039;s\" \/>\n<meta property=\"og:url\" content=\"https:\/\/lalmachine.com\/de\/shop\/sasseoir\/canape-fauteuil-pouf\/fauteuils-art-deco-en-noyer-suisse-1910s\/\" \/>\n<meta property=\"og:site_name\" content=\"lalmachine.com\" \/>\n<meta property=\"article:publisher\" content=\"https:\/\/facebook.com\/lalmachine\" \/>\n<meta property=\"article:modified_time\" content=\"2025-12-04T16:01:26+00:00\" \/>\n<meta property=\"og:image\" content=\"https:\/\/lalmachine.com\/wp-content\/uploads\/2025\/09\/u1397-white-Photoroom_clipped_rev_1.jpeg\" \/>\n\t<meta property=\"og:image:width\" content=\"1691\" \/>\n\t<meta property=\"og:image:height\" content=\"1691\" \/>\n\t<meta property=\"og:image:type\" content=\"image\/jpeg\" \/>\n<meta name=\"twitter:card\" content=\"summary_large_image\" \/>\n<script type=\"application\/ld+json\" class=\"yoast-schema-graph\">{\"@context\":\"https:\\\/\\\/schema.org\",\"@graph\":[{\"@type\":\"WebPage\",\"@id\":\"https:\\\/\\\/lalmachine.com\\\/shop\\\/sasseoir\\\/canape-fauteuil-pouf\\\/fauteuils-art-deco-en-noyer-suisse-1910s\\\/\",\"url\":\"https:\\\/\\\/lalmachine.com\\\/shop\\\/sasseoir\\\/canape-fauteuil-pouf\\\/fauteuils-art-deco-en-noyer-suisse-1910s\\\/\",\"name\":\"Fauteuils Art D\u00e9co en noyer, Suisse, 1910's | lalmachine.com\",\"isPartOf\":{\"@id\":\"https:\\\/\\\/lalmachine.com\\\/#website\"},\"primaryImageOfPage\":{\"@id\":\"https:\\\/\\\/lalmachine.com\\\/shop\\\/sasseoir\\\/canape-fauteuil-pouf\\\/fauteuils-art-deco-en-noyer-suisse-1910s\\\/#primaryimage\"},\"image\":{\"@id\":\"https:\\\/\\\/lalmachine.com\\\/shop\\\/sasseoir\\\/canape-fauteuil-pouf\\\/fauteuils-art-deco-en-noyer-suisse-1910s\\\/#primaryimage\"},\"thumbnailUrl\":\"https:\\\/\\\/lalmachine.com\\\/wp-content\\\/uploads\\\/2025\\\/09\\\/u1397-white-Photoroom_clipped_rev_1.jpeg\",\"datePublished\":\"2025-09-30T09:54:34+00:00\",\"dateModified\":\"2025-12-04T16:01:26+00:00\",\"description\":\"Fauteuils Art D\u00e9co en noyer, Suisse, 1910's\",\"breadcrumb\":{\"@id\":\"https:\\\/\\\/lalmachine.com\\\/shop\\\/sasseoir\\\/canape-fauteuil-pouf\\\/fauteuils-art-deco-en-noyer-suisse-1910s\\\/#breadcrumb\"},\"inLanguage\":\"de\",\"potentialAction\":[{\"@type\":\"ReadAction\",\"target\":[\"https:\\\/\\\/lalmachine.com\\\/shop\\\/sasseoir\\\/canape-fauteuil-pouf\\\/fauteuils-art-deco-en-noyer-suisse-1910s\\\/\"]}]},{\"@type\":\"ImageObject\",\"inLanguage\":\"de\",\"@id\":\"https:\\\/\\\/lalmachine.com\\\/shop\\\/sasseoir\\\/canape-fauteuil-pouf\\\/fauteuils-art-deco-en-noyer-suisse-1910s\\\/#primaryimage\",\"url\":\"https:\\\/\\\/lalmachine.com\\\/wp-content\\\/uploads\\\/2025\\\/09\\\/u1397-white-Photoroom_clipped_rev_1.jpeg\",\"contentUrl\":\"https:\\\/\\\/lalmachine.com\\\/wp-content\\\/uploads\\\/2025\\\/09\\\/u1397-white-Photoroom_clipped_rev_1.jpeg\",\"width\":1691,\"height\":1691},{\"@type\":\"BreadcrumbList\",\"@id\":\"https:\\\/\\\/lalmachine.com\\\/shop\\\/sasseoir\\\/canape-fauteuil-pouf\\\/fauteuils-art-deco-en-noyer-suisse-1910s\\\/#breadcrumb\",\"itemListElement\":[{\"@type\":\"ListItem\",\"position\":1,\"name\":\"Accueil\",\"item\":\"https:\\\/\\\/lalmachine.com\\\/\"},{\"@type\":\"ListItem\",\"position\":2,\"name\":\"Shop\",\"item\":\"https:\\\/\\\/lalmachine.com\\\/shop\\\/\"},{\"@type\":\"ListItem\",\"position\":3,\"name\":\"Fauteuils Art D\u00e9co en noyer, Suisse, 1910&#8217;s\"}]},{\"@type\":\"WebSite\",\"@id\":\"https:\\\/\\\/lalmachine.com\\\/#website\",\"url\":\"https:\\\/\\\/lalmachine.com\\\/\",\"name\":\"lalmachine.com\",\"description\":\"Brocante en ligne Suisse | Mobilier et objets d\u00e9co vintage et design\",\"potentialAction\":[{\"@type\":\"SearchAction\",\"target\":{\"@type\":\"EntryPoint\",\"urlTemplate\":\"https:\\\/\\\/lalmachine.com\\\/?s={search_term_string}\"},\"query-input\":{\"@type\":\"PropertyValueSpecification\",\"valueRequired\":true,\"valueName\":\"search_term_string\"}}],\"inLanguage\":\"de\"}]}<\/script>\n<!-- \/ Yoast SEO plugin. -->","yoast_head_json":{"title":"Fauteuils Art D\u00e9co en noyer, Suisse, 1910's | lalmachine.com","description":"Fauteuils Art D\u00e9co en noyer, Suisse, 1910's","robots":{"index":"index","follow":"follow","max-snippet":"max-snippet:-1","max-image-preview":"max-image-preview:large","max-video-preview":"max-video-preview:-1"},"canonical":"https:\/\/lalmachine.com\/de\/shop\/sasseoir\/canape-fauteuil-pouf\/fauteuils-art-deco-en-noyer-suisse-1910s\/","og_locale":"de_DE","og_type":"article","og_title":"Fauteuils Art D\u00e9co en noyer, Suisse, 1910's | lalmachine.com","og_description":"Fauteuils Art D\u00e9co en noyer, Suisse, 1910's","og_url":"https:\/\/lalmachine.com\/de\/shop\/sasseoir\/canape-fauteuil-pouf\/fauteuils-art-deco-en-noyer-suisse-1910s\/","og_site_name":"lalmachine.com","article_publisher":"https:\/\/facebook.com\/lalmachine","article_modified_time":"2025-12-04T16:01:26+00:00","og_image":[{"width":1691,"height":1691,"url":"https:\/\/lalmachine.com\/wp-content\/uploads\/2025\/09\/u1397-white-Photoroom_clipped_rev_1.jpeg","type":"image\/jpeg"}],"twitter_card":"summary_large_image","schema":{"@context":"https:\/\/schema.org","@graph":[{"@type":"WebPage","@id":"https:\/\/lalmachine.com\/shop\/sasseoir\/canape-fauteuil-pouf\/fauteuils-art-deco-en-noyer-suisse-1910s\/","url":"https:\/\/lalmachine.com\/shop\/sasseoir\/canape-fauteuil-pouf\/fauteuils-art-deco-en-noyer-suisse-1910s\/","name":"Fauteuils Art D\u00e9co en noyer, Suisse, 1910's | lalmachine.com","isPartOf":{"@id":"https:\/\/lalmachine.com\/#website"},"primaryImageOfPage":{"@id":"https:\/\/lalmachine.com\/shop\/sasseoir\/canape-fauteuil-pouf\/fauteuils-art-deco-en-noyer-suisse-1910s\/#primaryimage"},"image":{"@id":"https:\/\/lalmachine.com\/shop\/sasseoir\/canape-fauteuil-pouf\/fauteuils-art-deco-en-noyer-suisse-1910s\/#primaryimage"},"thumbnailUrl":"https:\/\/lalmachine.com\/wp-content\/uploads\/2025\/09\/u1397-white-Photoroom_clipped_rev_1.jpeg","datePublished":"2025-09-30T09:54:34+00:00","dateModified":"2025-12-04T16:01:26+00:00","description":"Fauteuils Art D\u00e9co en noyer, Suisse, 1910's","breadcrumb":{"@id":"https:\/\/lalmachine.com\/shop\/sasseoir\/canape-fauteuil-pouf\/fauteuils-art-deco-en-noyer-suisse-1910s\/#breadcrumb"},"inLanguage":"de","potentialAction":[{"@type":"ReadAction","target":["https:\/\/lalmachine.com\/shop\/sasseoir\/canape-fauteuil-pouf\/fauteuils-art-deco-en-noyer-suisse-1910s\/"]}]},{"@type":"ImageObject","inLanguage":"de","@id":"https:\/\/lalmachine.com\/shop\/sasseoir\/canape-fauteuil-pouf\/fauteuils-art-deco-en-noyer-suisse-1910s\/#primaryimage","url":"https:\/\/lalmachine.com\/wp-content\/uploads\/2025\/09\/u1397-white-Photoroom_clipped_rev_1.jpeg","contentUrl":"https:\/\/lalmachine.com\/wp-content\/uploads\/2025\/09\/u1397-white-Photoroom_clipped_rev_1.jpeg","width":1691,"height":1691},{"@type":"BreadcrumbList","@id":"https:\/\/lalmachine.com\/shop\/sasseoir\/canape-fauteuil-pouf\/fauteuils-art-deco-en-noyer-suisse-1910s\/#breadcrumb","itemListElement":[{"@type":"ListItem","position":1,"name":"Accueil","item":"https:\/\/lalmachine.com\/"},{"@type":"ListItem","position":2,"name":"Shop","item":"https:\/\/lalmachine.com\/shop\/"},{"@type":"ListItem","position":3,"name":"Fauteuils Art D\u00e9co en noyer, Suisse, 1910&#8217;s"}]},{"@type":"WebSite","@id":"https:\/\/lalmachine.com\/#website","url":"https:\/\/lalmachine.com\/","name":"lalmachine.com","description":"Brocante en ligne Suisse | Mobilier et objets d\u00e9co vintage et design","potentialAction":[{"@type":"SearchAction","target":{"@type":"EntryPoint","urlTemplate":"https:\/\/lalmachine.com\/?s={search_term_string}"},"query-input":{"@type":"PropertyValueSpecification","valueRequired":true,"valueName":"search_term_string"}}],"inLanguage":"de"}]}},"_links":{"self":[{"href":"https:\/\/lalmachine.com\/de\/wp-json\/wp\/v2\/product\/351110","targetHints":{"allow":["GET"]}}],"collection":[{"href":"https:\/\/lalmachine.com\/de\/wp-json\/wp\/v2\/product"}],"about":[{"href":"https:\/\/lalmachine.com\/de\/wp-json\/wp\/v2\/types\/product"}],"wp:featuredmedia":[{"embeddable":true,"href":"https:\/\/lalmachine.com\/de\/wp-json\/wp\/v2\/media\/351112"}],"wp:attachment":[{"href":"https:\/\/lalmachine.com\/de\/wp-json\/wp\/v2\/media?parent=351110"}],"wp:term":[{"taxonomy":"product_brand","embeddable":true,"href":"https:\/\/lalmachine.com\/de\/wp-json\/wp\/v2\/product_brand?post=351110"},{"taxonomy":"product_cat","embeddable":true,"href":"https:\/\/lalmachine.com\/de\/wp-json\/wp\/v2\/product_cat?post=351110"},{"taxonomy":"product_tag","embeddable":true,"href":"https:\/\/lalmachine.com\/de\/wp-json\/wp\/v2\/product_tag?post=351110"},{"taxonomy":"proximite","embeddable":true,"href":"https:\/\/lalmachine.com\/de\/wp-json\/wp\/v2\/proximite?post=351110"}],"curies":[{"name":"wp","href":"https:\/\/api.w.org\/{rel}","templated":true}]}}