{"id":351593,"date":"2025-10-10T17:14:42","date_gmt":"2025-10-10T15:14:42","guid":{"rendered":"https:\/\/lalmachine.com\/?post_type=product&#038;p=351593"},"modified":"2026-01-18T01:06:13","modified_gmt":"2026-01-18T00:06:13","slug":"table-formica-rouge-framboise","status":"publish","type":"product","link":"https:\/\/lalmachine.com\/de\/shop\/meubler\/table\/table-formica-rouge-framboise\/","title":{"rendered":"Table formica rouge framboise"},"content":{"rendered":"<ul class=\"wpuf_customs\"><li style=\"list-style-type:none;\"><label>Autres photos:<\/label> <a href=\"https:\/\/lalmachine.com\/wp-content\/uploads\/2025\/10\/u570-20251010_135225.jpg\"><img loading=\"lazy\" decoding=\"async\" width=\"128\" height=\"88\" src=\"https:\/\/lalmachine.com\/wp-content\/uploads\/2025\/10\/u570-20251010_135225.jpg\" class=\"attachment-thumbnail size-thumbnail\" alt=\"\" \/><\/a> <a href=\"https:\/\/lalmachine.com\/wp-content\/uploads\/2025\/10\/u570-20251010_135253-scaled.jpg\"><img loading=\"lazy\" decoding=\"async\" width=\"54\" height=\"96\" src=\"https:\/\/lalmachine.com\/wp-content\/uploads\/2025\/10\/u570-20251010_135253-scaled.jpg\" class=\"attachment-thumbnail size-thumbnail\" alt=\"\" \/><\/a> <a href=\"https:\/\/lalmachine.com\/wp-content\/uploads\/2025\/10\/u570-20251010_135309-scaled.jpg\"><img loading=\"lazy\" decoding=\"async\" width=\"54\" height=\"96\" src=\"https:\/\/lalmachine.com\/wp-content\/uploads\/2025\/10\/u570-20251010_135309-scaled.jpg\" class=\"attachment-thumbnail size-thumbnail\" alt=\"\" \/><\/a> <a href=\"https:\/\/lalmachine.com\/wp-content\/uploads\/2025\/10\/u570-20251010_135312-scaled.jpg\"><img loading=\"lazy\" decoding=\"async\" width=\"54\" height=\"96\" src=\"https:\/\/lalmachine.com\/wp-content\/uploads\/2025\/10\/u570-20251010_135312-scaled.jpg\" class=\"attachment-thumbnail size-thumbnail\" alt=\"\" \/><\/a> <a href=\"https:\/\/lalmachine.com\/wp-content\/uploads\/2025\/10\/u570-20251010_135349-scaled.jpg\"><img loading=\"lazy\" decoding=\"async\" width=\"54\" height=\"96\" src=\"https:\/\/lalmachine.com\/wp-content\/uploads\/2025\/10\/u570-20251010_135349-scaled.jpg\" class=\"attachment-thumbnail size-thumbnail\" alt=\"\" \/><\/a> <a href=\"https:\/\/lalmachine.com\/wp-content\/uploads\/2025\/10\/u570-20251010_135359.jpg\"><img loading=\"lazy\" decoding=\"async\" width=\"89\" height=\"96\" src=\"https:\/\/lalmachine.com\/wp-content\/uploads\/2025\/10\/u570-20251010_135359.jpg\" class=\"attachment-thumbnail size-thumbnail\" alt=\"\" \/><\/a> <a href=\"https:\/\/lalmachine.com\/wp-content\/uploads\/2025\/10\/u570-20251010_135448.jpg\"><img loading=\"lazy\" decoding=\"async\" width=\"87\" height=\"96\" src=\"https:\/\/lalmachine.com\/wp-content\/uploads\/2025\/10\/u570-20251010_135448.jpg\" class=\"attachment-thumbnail size-thumbnail\" alt=\"\" \/><\/a> <a href=\"https:\/\/lalmachine.com\/wp-content\/uploads\/2025\/10\/u570-20251010_135518.jpg\"><img loading=\"lazy\" decoding=\"async\" width=\"88\" height=\"96\" src=\"https:\/\/lalmachine.com\/wp-content\/uploads\/2025\/10\/u570-20251010_135518.jpg\" class=\"attachment-thumbnail size-thumbnail\" alt=\"\" \/><\/a> <a href=\"https:\/\/lalmachine.com\/wp-content\/uploads\/2025\/10\/u570-20251010_135532-scaled.jpg\"><img loading=\"lazy\" decoding=\"async\" width=\"54\" height=\"96\" src=\"https:\/\/lalmachine.com\/wp-content\/uploads\/2025\/10\/u570-20251010_135532-scaled.jpg\" class=\"attachment-thumbnail size-thumbnail\" alt=\"\" \/><\/a> <a href=\"https:\/\/lalmachine.com\/wp-content\/uploads\/2025\/10\/u570-20251010_135608-1.jpg\"><img loading=\"lazy\" decoding=\"async\" width=\"94\" height=\"96\" src=\"https:\/\/lalmachine.com\/wp-content\/uploads\/2025\/10\/u570-20251010_135608-1.jpg\" class=\"attachment-thumbnail size-thumbnail\" alt=\"\" \/><\/a> <a href=\"https:\/\/lalmachine.com\/wp-content\/uploads\/2025\/10\/u570-20251010_135629.jpg\"><img loading=\"lazy\" decoding=\"async\" width=\"91\" height=\"96\" src=\"https:\/\/lalmachine.com\/wp-content\/uploads\/2025\/10\/u570-20251010_135629.jpg\" class=\"attachment-thumbnail size-thumbnail\" alt=\"\" \/><\/a> <a href=\"https:\/\/lalmachine.com\/wp-content\/uploads\/2025\/10\/u570-20251010_135640.jpg\"><img loading=\"lazy\" decoding=\"async\" width=\"87\" height=\"96\" src=\"https:\/\/lalmachine.com\/wp-content\/uploads\/2025\/10\/u570-20251010_135640.jpg\" class=\"attachment-thumbnail size-thumbnail\" alt=\"\" \/><\/a> <a href=\"https:\/\/lalmachine.com\/wp-content\/uploads\/2025\/10\/u570-detail.jpg\"><img loading=\"lazy\" decoding=\"async\" width=\"116\" height=\"96\" src=\"https:\/\/lalmachine.com\/wp-content\/uploads\/2025\/10\/u570-detail.jpg\" class=\"attachment-thumbnail size-thumbnail\" alt=\"\" \/><\/a> <\/li>        <li class=\"wpuf-field-data wpuf-field-data-numeric_text_field\">\n                            <label>Prix:<\/label>\n                        250        <\/li>\n                <li class=\"wpuf-field-data wpuf-field-data-numeric_text_field\">\n                            <label>Hauteur (cm):<\/label>\n                        74        <\/li>\n                <li class=\"wpuf-field-data wpuf-field-data-numeric_text_field\">\n                            <label>Largeur (cm):<\/label>\n                        110        <\/li>\n                <li class=\"wpuf-field-data wpuf-field-data-numeric_text_field\">\n                            <label>Profondeur (cm):<\/label>\n                        70        <\/li>\n        <\/ul>","protected":false},"excerpt":{"rendered":"<p>Apportez un peps de couleur dans votre int\u00e9rieur!<\/p>\n<p>Belle table formica rouge framboise des ann\u00e9es 60. Avec pieds chrom\u00e9s, deux rallonges et un tiroir.<\/p>\n<p>La table a bien v\u00e9cu, elle porte de nombreuses traces d&rsquo;utilisation sur le plateau et les bords, voir photos.<\/p>\n<p>Cela \u00e9tant dit, elle reste parfaitement stable et fonctionnelle.<\/p>\n<p>Pr\u00eate \u00e0 l&#8217;emploi, elle vous r\u00e9jouira encore pendant des ann\u00e9es!<\/p>\n<p>DIMENSIONS<br \/>\n70x110cm +2 rallonges de 30cm = longueur totale: 170cm. Hauteur 74cm.<br \/>\nId\u00e9al pour 4-6 convives.<\/p>\n<p>A venir chercher \u00e0 1004 Lausanne, ou livraison sur demande.<\/p>","protected":false},"featured_media":351594,"template":"","meta":{"_et_pb_use_builder":"","_et_pb_old_content":"","_et_gb_content_width":""},"product_brand":[],"product_cat":[47,82],"product_tag":[],"proximite":[278,179],"class_list":{"0":"post-351593","1":"product","2":"type-product","3":"status-publish","4":"has-post-thumbnail","6":"product_cat-meubler","7":"product_cat-table","8":"pa_couleur-rouge","9":"pa_etat-dans-son-jus","10":"pa_materiau-autre","11":"pa_style-vintage","12":"proximite-lausanne","13":"proximite-vaud","15":"first","16":"outofstock","17":"sale","18":"shipping-taxable","19":"purchasable","20":"product-type-simple"},"yoast_head":"<!-- This site is optimized with the Yoast SEO plugin v27.4 - https:\/\/yoast.com\/product\/yoast-seo-wordpress\/ -->\n<title>Table formica rouge framboise | lalmachine.com<\/title>\n<meta name=\"description\" content=\"Belle table formica rouge framboise des ann\u00e9es 60. Avec pieds chrom\u00e9s, deux rallonges et un tiroir.\" \/>\n<meta name=\"robots\" content=\"index, follow, max-snippet:-1, max-image-preview:large, max-video-preview:-1\" \/>\n<link rel=\"canonical\" href=\"https:\/\/lalmachine.com\/de\/shop\/meubler\/table\/table-formica-rouge-framboise\/\" \/>\n<meta property=\"og:locale\" content=\"de_DE\" \/>\n<meta property=\"og:type\" content=\"article\" \/>\n<meta property=\"og:title\" content=\"Table formica rouge framboise | lalmachine.com\" \/>\n<meta property=\"og:description\" content=\"Belle table formica rouge framboise des ann\u00e9es 60. Avec pieds chrom\u00e9s, deux rallonges et un tiroir.\" \/>\n<meta property=\"og:url\" content=\"https:\/\/lalmachine.com\/de\/shop\/meubler\/table\/table-formica-rouge-framboise\/\" \/>\n<meta property=\"og:site_name\" content=\"lalmachine.com\" \/>\n<meta property=\"article:publisher\" content=\"https:\/\/facebook.com\/lalmachine\" \/>\n<meta property=\"article:modified_time\" content=\"2026-01-18T00:06:13+00:00\" \/>\n<meta property=\"og:image\" content=\"https:\/\/lalmachine.com\/wp-content\/uploads\/2025\/10\/u570-20251010_135608_clipped_rev_2.jpeg\" \/>\n\t<meta property=\"og:image:width\" content=\"2237\" \/>\n\t<meta property=\"og:image:height\" content=\"2238\" \/>\n\t<meta property=\"og:image:type\" content=\"image\/jpeg\" \/>\n<meta name=\"twitter:card\" content=\"summary_large_image\" \/>\n<script type=\"application\/ld+json\" class=\"yoast-schema-graph\">{\"@context\":\"https:\\\/\\\/schema.org\",\"@graph\":[{\"@type\":\"WebPage\",\"@id\":\"https:\\\/\\\/lalmachine.com\\\/shop\\\/meubler\\\/table\\\/table-formica-rouge-framboise\\\/\",\"url\":\"https:\\\/\\\/lalmachine.com\\\/shop\\\/meubler\\\/table\\\/table-formica-rouge-framboise\\\/\",\"name\":\"Table formica rouge framboise | lalmachine.com\",\"isPartOf\":{\"@id\":\"https:\\\/\\\/lalmachine.com\\\/#website\"},\"primaryImageOfPage\":{\"@id\":\"https:\\\/\\\/lalmachine.com\\\/shop\\\/meubler\\\/table\\\/table-formica-rouge-framboise\\\/#primaryimage\"},\"image\":{\"@id\":\"https:\\\/\\\/lalmachine.com\\\/shop\\\/meubler\\\/table\\\/table-formica-rouge-framboise\\\/#primaryimage\"},\"thumbnailUrl\":\"https:\\\/\\\/lalmachine.com\\\/wp-content\\\/uploads\\\/2025\\\/10\\\/u570-20251010_135608_clipped_rev_2.jpeg\",\"datePublished\":\"2025-10-10T15:14:42+00:00\",\"dateModified\":\"2026-01-18T00:06:13+00:00\",\"description\":\"Belle table formica rouge framboise des ann\u00e9es 60. Avec pieds chrom\u00e9s, deux rallonges et un tiroir.\",\"breadcrumb\":{\"@id\":\"https:\\\/\\\/lalmachine.com\\\/shop\\\/meubler\\\/table\\\/table-formica-rouge-framboise\\\/#breadcrumb\"},\"inLanguage\":\"de\",\"potentialAction\":[{\"@type\":\"ReadAction\",\"target\":[\"https:\\\/\\\/lalmachine.com\\\/shop\\\/meubler\\\/table\\\/table-formica-rouge-framboise\\\/\"]}]},{\"@type\":\"ImageObject\",\"inLanguage\":\"de\",\"@id\":\"https:\\\/\\\/lalmachine.com\\\/shop\\\/meubler\\\/table\\\/table-formica-rouge-framboise\\\/#primaryimage\",\"url\":\"https:\\\/\\\/lalmachine.com\\\/wp-content\\\/uploads\\\/2025\\\/10\\\/u570-20251010_135608_clipped_rev_2.jpeg\",\"contentUrl\":\"https:\\\/\\\/lalmachine.com\\\/wp-content\\\/uploads\\\/2025\\\/10\\\/u570-20251010_135608_clipped_rev_2.jpeg\",\"width\":2237,\"height\":2238},{\"@type\":\"BreadcrumbList\",\"@id\":\"https:\\\/\\\/lalmachine.com\\\/shop\\\/meubler\\\/table\\\/table-formica-rouge-framboise\\\/#breadcrumb\",\"itemListElement\":[{\"@type\":\"ListItem\",\"position\":1,\"name\":\"Accueil\",\"item\":\"https:\\\/\\\/lalmachine.com\\\/\"},{\"@type\":\"ListItem\",\"position\":2,\"name\":\"Shop\",\"item\":\"https:\\\/\\\/lalmachine.com\\\/shop\\\/\"},{\"@type\":\"ListItem\",\"position\":3,\"name\":\"Table formica rouge framboise\"}]},{\"@type\":\"WebSite\",\"@id\":\"https:\\\/\\\/lalmachine.com\\\/#website\",\"url\":\"https:\\\/\\\/lalmachine.com\\\/\",\"name\":\"lalmachine.com\",\"description\":\"Brocante en ligne Suisse | Mobilier et objets d\u00e9co vintage et design\",\"potentialAction\":[{\"@type\":\"SearchAction\",\"target\":{\"@type\":\"EntryPoint\",\"urlTemplate\":\"https:\\\/\\\/lalmachine.com\\\/?s={search_term_string}\"},\"query-input\":{\"@type\":\"PropertyValueSpecification\",\"valueRequired\":true,\"valueName\":\"search_term_string\"}}],\"inLanguage\":\"de\"}]}<\/script>\n<!-- \/ Yoast SEO plugin. -->","yoast_head_json":{"title":"Table formica rouge framboise | lalmachine.com","description":"Belle table formica rouge framboise des ann\u00e9es 60. Avec pieds chrom\u00e9s, deux rallonges et un tiroir.","robots":{"index":"index","follow":"follow","max-snippet":"max-snippet:-1","max-image-preview":"max-image-preview:large","max-video-preview":"max-video-preview:-1"},"canonical":"https:\/\/lalmachine.com\/de\/shop\/meubler\/table\/table-formica-rouge-framboise\/","og_locale":"de_DE","og_type":"article","og_title":"Table formica rouge framboise | lalmachine.com","og_description":"Belle table formica rouge framboise des ann\u00e9es 60. Avec pieds chrom\u00e9s, deux rallonges et un tiroir.","og_url":"https:\/\/lalmachine.com\/de\/shop\/meubler\/table\/table-formica-rouge-framboise\/","og_site_name":"lalmachine.com","article_publisher":"https:\/\/facebook.com\/lalmachine","article_modified_time":"2026-01-18T00:06:13+00:00","og_image":[{"width":2237,"height":2238,"url":"https:\/\/lalmachine.com\/wp-content\/uploads\/2025\/10\/u570-20251010_135608_clipped_rev_2.jpeg","type":"image\/jpeg"}],"twitter_card":"summary_large_image","schema":{"@context":"https:\/\/schema.org","@graph":[{"@type":"WebPage","@id":"https:\/\/lalmachine.com\/shop\/meubler\/table\/table-formica-rouge-framboise\/","url":"https:\/\/lalmachine.com\/shop\/meubler\/table\/table-formica-rouge-framboise\/","name":"Table formica rouge framboise | lalmachine.com","isPartOf":{"@id":"https:\/\/lalmachine.com\/#website"},"primaryImageOfPage":{"@id":"https:\/\/lalmachine.com\/shop\/meubler\/table\/table-formica-rouge-framboise\/#primaryimage"},"image":{"@id":"https:\/\/lalmachine.com\/shop\/meubler\/table\/table-formica-rouge-framboise\/#primaryimage"},"thumbnailUrl":"https:\/\/lalmachine.com\/wp-content\/uploads\/2025\/10\/u570-20251010_135608_clipped_rev_2.jpeg","datePublished":"2025-10-10T15:14:42+00:00","dateModified":"2026-01-18T00:06:13+00:00","description":"Belle table formica rouge framboise des ann\u00e9es 60. Avec pieds chrom\u00e9s, deux rallonges et un tiroir.","breadcrumb":{"@id":"https:\/\/lalmachine.com\/shop\/meubler\/table\/table-formica-rouge-framboise\/#breadcrumb"},"inLanguage":"de","potentialAction":[{"@type":"ReadAction","target":["https:\/\/lalmachine.com\/shop\/meubler\/table\/table-formica-rouge-framboise\/"]}]},{"@type":"ImageObject","inLanguage":"de","@id":"https:\/\/lalmachine.com\/shop\/meubler\/table\/table-formica-rouge-framboise\/#primaryimage","url":"https:\/\/lalmachine.com\/wp-content\/uploads\/2025\/10\/u570-20251010_135608_clipped_rev_2.jpeg","contentUrl":"https:\/\/lalmachine.com\/wp-content\/uploads\/2025\/10\/u570-20251010_135608_clipped_rev_2.jpeg","width":2237,"height":2238},{"@type":"BreadcrumbList","@id":"https:\/\/lalmachine.com\/shop\/meubler\/table\/table-formica-rouge-framboise\/#breadcrumb","itemListElement":[{"@type":"ListItem","position":1,"name":"Accueil","item":"https:\/\/lalmachine.com\/"},{"@type":"ListItem","position":2,"name":"Shop","item":"https:\/\/lalmachine.com\/shop\/"},{"@type":"ListItem","position":3,"name":"Table formica rouge framboise"}]},{"@type":"WebSite","@id":"https:\/\/lalmachine.com\/#website","url":"https:\/\/lalmachine.com\/","name":"lalmachine.com","description":"Brocante en ligne Suisse | Mobilier et objets d\u00e9co vintage et design","potentialAction":[{"@type":"SearchAction","target":{"@type":"EntryPoint","urlTemplate":"https:\/\/lalmachine.com\/?s={search_term_string}"},"query-input":{"@type":"PropertyValueSpecification","valueRequired":true,"valueName":"search_term_string"}}],"inLanguage":"de"}]}},"_links":{"self":[{"href":"https:\/\/lalmachine.com\/de\/wp-json\/wp\/v2\/product\/351593","targetHints":{"allow":["GET"]}}],"collection":[{"href":"https:\/\/lalmachine.com\/de\/wp-json\/wp\/v2\/product"}],"about":[{"href":"https:\/\/lalmachine.com\/de\/wp-json\/wp\/v2\/types\/product"}],"wp:featuredmedia":[{"embeddable":true,"href":"https:\/\/lalmachine.com\/de\/wp-json\/wp\/v2\/media\/351594"}],"wp:attachment":[{"href":"https:\/\/lalmachine.com\/de\/wp-json\/wp\/v2\/media?parent=351593"}],"wp:term":[{"taxonomy":"product_brand","embeddable":true,"href":"https:\/\/lalmachine.com\/de\/wp-json\/wp\/v2\/product_brand?post=351593"},{"taxonomy":"product_cat","embeddable":true,"href":"https:\/\/lalmachine.com\/de\/wp-json\/wp\/v2\/product_cat?post=351593"},{"taxonomy":"product_tag","embeddable":true,"href":"https:\/\/lalmachine.com\/de\/wp-json\/wp\/v2\/product_tag?post=351593"},{"taxonomy":"proximite","embeddable":true,"href":"https:\/\/lalmachine.com\/de\/wp-json\/wp\/v2\/proximite?post=351593"}],"curies":[{"name":"wp","href":"https:\/\/api.w.org\/{rel}","templated":true}]}}