{"id":352034,"date":"2025-10-22T13:26:36","date_gmt":"2025-10-22T11:26:36","guid":{"rendered":"https:\/\/lalmachine.com\/?post_type=product&#038;p=352034"},"modified":"2025-11-03T09:30:04","modified_gmt":"2025-11-03T08:30:04","slug":"systeme-mural-danois-royalsystem-du-designer-poul-cadovius","status":"publish","type":"product","link":"https:\/\/lalmachine.com\/de\/shop\/meubler\/meuble-de-rangement\/systeme-mural-danois-royalsystem-du-designer-poul-cadovius\/","title":{"rendered":"Syst\u00e8me mural Royalsystem de Poul Cadovius"},"content":{"rendered":"<ul class=\"wpuf_customs\"><li style=\"list-style-type:none;\"><label>Autres photos:<\/label> <a href=\"https:\/\/lalmachine.com\/wp-content\/uploads\/2025\/10\/u743-724g-1.png\"><img loading=\"lazy\" decoding=\"async\" width=\"98\" height=\"96\" src=\"https:\/\/lalmachine.com\/wp-content\/uploads\/2025\/10\/u743-724g-1.png\" class=\"attachment-thumbnail size-thumbnail\" alt=\"\" \/><\/a> <a href=\"https:\/\/lalmachine.com\/wp-content\/uploads\/2025\/10\/u743-724.png\"><img loading=\"lazy\" decoding=\"async\" width=\"95\" height=\"96\" src=\"https:\/\/lalmachine.com\/wp-content\/uploads\/2025\/10\/u743-724.png\" class=\"attachment-thumbnail size-thumbnail\" alt=\"\" \/><\/a> <a href=\"https:\/\/lalmachine.com\/wp-content\/uploads\/2025\/10\/u743-724a.png\"><img loading=\"lazy\" decoding=\"async\" width=\"96\" height=\"96\" src=\"https:\/\/lalmachine.com\/wp-content\/uploads\/2025\/10\/u743-724a.png\" class=\"attachment-thumbnail size-thumbnail\" alt=\"\" \/><\/a> <a href=\"https:\/\/lalmachine.com\/wp-content\/uploads\/2025\/10\/u743-724b.png\"><img loading=\"lazy\" decoding=\"async\" width=\"96\" height=\"96\" src=\"https:\/\/lalmachine.com\/wp-content\/uploads\/2025\/10\/u743-724b.png\" class=\"attachment-thumbnail size-thumbnail\" alt=\"\" \/><\/a> <a href=\"https:\/\/lalmachine.com\/wp-content\/uploads\/2025\/10\/u743-724d.png\"><img loading=\"lazy\" decoding=\"async\" width=\"96\" height=\"96\" src=\"https:\/\/lalmachine.com\/wp-content\/uploads\/2025\/10\/u743-724d.png\" class=\"attachment-thumbnail size-thumbnail\" alt=\"\" \/><\/a> <a href=\"https:\/\/lalmachine.com\/wp-content\/uploads\/2025\/10\/u743-724m.png\"><img loading=\"lazy\" decoding=\"async\" width=\"96\" height=\"96\" src=\"https:\/\/lalmachine.com\/wp-content\/uploads\/2025\/10\/u743-724m.png\" class=\"attachment-thumbnail size-thumbnail\" alt=\"\" \/><\/a> <a href=\"https:\/\/lalmachine.com\/wp-content\/uploads\/2025\/10\/u743-724l.png\"><img loading=\"lazy\" decoding=\"async\" width=\"96\" height=\"96\" src=\"https:\/\/lalmachine.com\/wp-content\/uploads\/2025\/10\/u743-724l.png\" class=\"attachment-thumbnail size-thumbnail\" alt=\"\" \/><\/a> <a href=\"https:\/\/lalmachine.com\/wp-content\/uploads\/2025\/10\/u743-724h.png\"><img loading=\"lazy\" decoding=\"async\" width=\"96\" height=\"96\" src=\"https:\/\/lalmachine.com\/wp-content\/uploads\/2025\/10\/u743-724h.png\" class=\"attachment-thumbnail size-thumbnail\" alt=\"\" \/><\/a> <a href=\"https:\/\/lalmachine.com\/wp-content\/uploads\/2025\/10\/u743-724f.png\"><img loading=\"lazy\" decoding=\"async\" width=\"96\" height=\"96\" src=\"https:\/\/lalmachine.com\/wp-content\/uploads\/2025\/10\/u743-724f.png\" class=\"attachment-thumbnail size-thumbnail\" alt=\"\" \/><\/a> <a href=\"https:\/\/lalmachine.com\/wp-content\/uploads\/2025\/10\/u743-724j.png\"><img loading=\"lazy\" decoding=\"async\" width=\"96\" height=\"96\" src=\"https:\/\/lalmachine.com\/wp-content\/uploads\/2025\/10\/u743-724j.png\" class=\"attachment-thumbnail size-thumbnail\" alt=\"\" \/><\/a> <a href=\"https:\/\/lalmachine.com\/wp-content\/uploads\/2025\/10\/u743-724i.png\"><img loading=\"lazy\" decoding=\"async\" width=\"96\" height=\"96\" src=\"https:\/\/lalmachine.com\/wp-content\/uploads\/2025\/10\/u743-724i.png\" class=\"attachment-thumbnail size-thumbnail\" alt=\"\" \/><\/a> <a href=\"https:\/\/lalmachine.com\/wp-content\/uploads\/2025\/10\/u743-724k.png\"><img loading=\"lazy\" decoding=\"async\" width=\"96\" height=\"96\" src=\"https:\/\/lalmachine.com\/wp-content\/uploads\/2025\/10\/u743-724k.png\" class=\"attachment-thumbnail size-thumbnail\" alt=\"\" \/><\/a> <\/li>        <li class=\"wpuf-field-data wpuf-field-data-numeric_text_field\">\n                            <label>Prix:<\/label>\n                        4865        <\/li>\n                <li class=\"wpuf-field-data wpuf-field-data-numeric_text_field\">\n                            <label>Quantit\u00e9:<\/label>\n                        1        <\/li>\n                <li class=\"wpuf-field-data wpuf-field-data-numeric_text_field\">\n                            <label>Hauteur (cm):<\/label>\n                        240        <\/li>\n                <li class=\"wpuf-field-data wpuf-field-data-numeric_text_field\">\n                            <label>Largeur (cm):<\/label>\n                        320        <\/li>\n                <li class=\"wpuf-field-data wpuf-field-data-numeric_text_field\">\n                            <label>Profondeur (cm):<\/label>\n                        50        <\/li>\n        <\/ul>","protected":false},"excerpt":{"rendered":"<p>Syst\u00e8me mural\u00a0danois\u00a0de la s\u00e9rie Royalsystem\u00a0du designer Poul Cadovius \u00e9dit\u00e9e\u00a0dans les ann\u00e9es 60, version en teck.\u00a0Tous les \u00e9l\u00e9ments, un pupitre, un caisson \u00e0 portes coulissantes avec rangements m\u00e9talliques, un caisson \u00e0 4 tiroirs et 7 \u00e9tag\u00e8res, mesurent 80 cm de large. Tous les \u00e9l\u00e9ments se suspendent sur les quatre panneaux de fond (80 cm x 240 cm chacun ) gr\u00e2ce \u00e0 des \u00e9querres en bois de diff\u00e9rentes grandeurs. La profondeur maximum des caissons est de 50 cm.<\/p>\n<p>La biblioth\u00e8que a\u00a0\u00e9t\u00e9 rafra\u00eechie et est en tr\u00e8s bel\u00a0\u00e9tat.\u00a0Elle poss\u00e8de un tampon d&#8217;origine. Les photos sont celle de la biblioth\u00e8que mais avec des \u00e9l\u00e9ments diff\u00e9rents car certains ont \u00e9t\u00e9 vendus entre temps et d&#8217;autres achet\u00e9s. Je suis \u00e0 disposition pour toute pr\u00e9cision.<\/p>\n<p>Dimensions totales : hauteur\u00a0240 cm, largeur 320 cm.<\/p>\n<p>Le designer et fabricant danois Poul Cadovius est n\u00e9 en 1911 \u00e0 Frederiksberg. Form\u00e9 \u00e0 l&#8217;origine \u00e0 la sellerie et \u00e0 l&#8217;ameublement, il commence \u00e0 s&#8217;int\u00e9resser au design industriel et fonde sa propre usine de meubles en 1945 appel\u00e9e Royal Systems. Peu de temps apr\u00e8s, Cadovius a eu l\u2019id\u00e9e r\u00e9volutionnaire de concevoir un syst\u00e8me d\u2019\u00e9tag\u00e8res flottant et modulaire qui maximiserait l\u2019espace et signifierait une fin dans la monotonie des syst\u00e8mes d\u2019\u00e9tag\u00e8res. Le syst\u00e8me royal de 1948 a remport\u00e9 la m\u00e9daille d&#8217;or et la m\u00e9daille d&#8217;argent \u00e0 la XIe Triennale de 1976 en 1957 \u00e0 la Foire finlandaise du meuble et est rest\u00e9 une marque de commerce pour le design moderne du milieu du si\u00e8cle \u00e0 travers les ann\u00e9es 1950 et 1960.<\/p>\n<p>Entre 1964 et 1967, Cadovius a acquis l&#8217;usine de fabrication bien situ\u00e9e France &amp; S\u00f8n, qui est salu\u00e9e pour l&#8217;industrialisation de la production de meubles en teck, et l&#8217;a renomm\u00e9e CADO. Gr\u00e2ce \u00e0 son travail avec France &amp; S\u00f8n et CADO, Cadovius a commenc\u00e9 \u00e0 travailler avec une s\u00e9rie impressionnante de designers danois embl\u00e9matiques, dont Sigvard Bernadotte, Grete Jalk, Arne Vodder, Edvard Kindt-Larsen et Finn Juhl. Les \u0153uvres de CADO comprennent la table \u00e0 manger et les chaises 594 de Ditte &amp; Adrian Heath (1971), la chaise longue et le mod\u00e8le 290 de chaises de Steen Ostergaard (1968), la s\u00e9rie Senator Chair (Sixties) d\u2019Ole Wanscher, ainsi que la gamme de tables basses Cadovius en aluminium, en bois de rose et en peintures \u00e0 la main par Susan Fjedldoe Mygge dans les ann\u00e9es soixante.<\/p>\n<p>Son esth\u00e9tique minimaliste cr\u00e9e une parfaite harmonie de forme et de fonction &#8211; industrielle et organique, abordable et \u00e9l\u00e9gante. Avec le syst\u00e8me d&#8217;\u00e9tag\u00e8res du syst\u00e8me royal comme principale contribution au modernisme danois, Cadovius a \u00e9galement enregistr\u00e9 plus de 400 autres brevets au cours de sa longue carri\u00e8re et son h\u00e9ritage est devenu l&#8217;inspiration de nombreux futurs concepteurs.<\/p>\n<p>Cadovius est d\u00e9c\u00e9d\u00e9 en 2011 \u00e0 l&#8217;\u00e2ge de 99 ans.<\/p>","protected":false},"featured_media":352314,"template":"","meta":{"_et_pb_use_builder":"","_et_pb_old_content":"","_et_gb_content_width":""},"product_brand":[],"product_cat":[83,47],"product_tag":[],"proximite":[280,179],"class_list":{"0":"post-352034","1":"product","2":"type-product","3":"status-publish","4":"has-post-thumbnail","6":"product_cat-meuble-de-rangement","7":"product_cat-meubler","8":"pa_couleur-bois","9":"pa_designer-cadovius-poul","10":"pa_etat-tres-bon-etat","11":"pa_materiau-bois","12":"pa_style-scandinave","13":"proximite-morges","14":"proximite-vaud","16":"first","17":"instock","18":"shipping-taxable","19":"purchasable","20":"product-type-simple"},"yoast_head":"<!-- This site is optimized with the Yoast SEO plugin v27.4 - https:\/\/yoast.com\/product\/yoast-seo-wordpress\/ -->\n<title>Syst\u00e8me mural Royalsystem de Poul Cadovius | lalmachine.com<\/title>\n<meta name=\"description\" content=\"Syst\u00e8me mural danois de la s\u00e9rie Royalsystem du designer Poul Cadovius \u00e9dit\u00e9e dans les ann\u00e9es 60, version en teck.\" \/>\n<meta name=\"robots\" content=\"index, follow, max-snippet:-1, max-image-preview:large, max-video-preview:-1\" \/>\n<link rel=\"canonical\" href=\"https:\/\/lalmachine.com\/de\/shop\/meubler\/meuble-de-rangement\/systeme-mural-danois-royalsystem-du-designer-poul-cadovius\/\" \/>\n<meta property=\"og:locale\" content=\"de_DE\" \/>\n<meta property=\"og:type\" content=\"article\" \/>\n<meta property=\"og:title\" content=\"Syst\u00e8me mural Royalsystem de Poul Cadovius | lalmachine.com\" \/>\n<meta property=\"og:description\" content=\"Syst\u00e8me mural danois de la s\u00e9rie Royalsystem du designer Poul Cadovius \u00e9dit\u00e9e dans les ann\u00e9es 60, version en teck.\" \/>\n<meta property=\"og:url\" content=\"https:\/\/lalmachine.com\/de\/shop\/meubler\/meuble-de-rangement\/systeme-mural-danois-royalsystem-du-designer-poul-cadovius\/\" \/>\n<meta property=\"og:site_name\" content=\"lalmachine.com\" \/>\n<meta property=\"article:publisher\" content=\"https:\/\/facebook.com\/lalmachine\" \/>\n<meta property=\"article:modified_time\" content=\"2025-11-03T08:30:04+00:00\" \/>\n<meta property=\"og:image\" content=\"https:\/\/lalmachine.com\/wp-content\/uploads\/2025\/10\/724_clipped_rev_1.jpeg\" \/>\n\t<meta property=\"og:image:width\" content=\"586\" \/>\n\t<meta property=\"og:image:height\" content=\"586\" \/>\n\t<meta property=\"og:image:type\" content=\"image\/jpeg\" \/>\n<meta name=\"twitter:card\" content=\"summary_large_image\" \/>\n<script type=\"application\/ld+json\" class=\"yoast-schema-graph\">{\"@context\":\"https:\\\/\\\/schema.org\",\"@graph\":[{\"@type\":\"WebPage\",\"@id\":\"https:\\\/\\\/lalmachine.com\\\/shop\\\/meubler\\\/meuble-de-rangement\\\/systeme-mural-danois-royalsystem-du-designer-poul-cadovius\\\/\",\"url\":\"https:\\\/\\\/lalmachine.com\\\/shop\\\/meubler\\\/meuble-de-rangement\\\/systeme-mural-danois-royalsystem-du-designer-poul-cadovius\\\/\",\"name\":\"Syst\u00e8me mural Royalsystem de Poul Cadovius | lalmachine.com\",\"isPartOf\":{\"@id\":\"https:\\\/\\\/lalmachine.com\\\/#website\"},\"primaryImageOfPage\":{\"@id\":\"https:\\\/\\\/lalmachine.com\\\/shop\\\/meubler\\\/meuble-de-rangement\\\/systeme-mural-danois-royalsystem-du-designer-poul-cadovius\\\/#primaryimage\"},\"image\":{\"@id\":\"https:\\\/\\\/lalmachine.com\\\/shop\\\/meubler\\\/meuble-de-rangement\\\/systeme-mural-danois-royalsystem-du-designer-poul-cadovius\\\/#primaryimage\"},\"thumbnailUrl\":\"https:\\\/\\\/lalmachine.com\\\/wp-content\\\/uploads\\\/2025\\\/10\\\/724_clipped_rev_1.jpeg\",\"datePublished\":\"2025-10-22T11:26:36+00:00\",\"dateModified\":\"2025-11-03T08:30:04+00:00\",\"description\":\"Syst\u00e8me mural danois de la s\u00e9rie Royalsystem du designer Poul Cadovius \u00e9dit\u00e9e dans les ann\u00e9es 60, version en teck.\",\"breadcrumb\":{\"@id\":\"https:\\\/\\\/lalmachine.com\\\/shop\\\/meubler\\\/meuble-de-rangement\\\/systeme-mural-danois-royalsystem-du-designer-poul-cadovius\\\/#breadcrumb\"},\"inLanguage\":\"de\",\"potentialAction\":[{\"@type\":\"ReadAction\",\"target\":[\"https:\\\/\\\/lalmachine.com\\\/shop\\\/meubler\\\/meuble-de-rangement\\\/systeme-mural-danois-royalsystem-du-designer-poul-cadovius\\\/\"]}]},{\"@type\":\"ImageObject\",\"inLanguage\":\"de\",\"@id\":\"https:\\\/\\\/lalmachine.com\\\/shop\\\/meubler\\\/meuble-de-rangement\\\/systeme-mural-danois-royalsystem-du-designer-poul-cadovius\\\/#primaryimage\",\"url\":\"https:\\\/\\\/lalmachine.com\\\/wp-content\\\/uploads\\\/2025\\\/10\\\/724_clipped_rev_1.jpeg\",\"contentUrl\":\"https:\\\/\\\/lalmachine.com\\\/wp-content\\\/uploads\\\/2025\\\/10\\\/724_clipped_rev_1.jpeg\",\"width\":586,\"height\":586,\"caption\":\"Syst\u00e8me mural danois \\\"Royalsystem\\\" du designer Poul Cadovius\"},{\"@type\":\"BreadcrumbList\",\"@id\":\"https:\\\/\\\/lalmachine.com\\\/shop\\\/meubler\\\/meuble-de-rangement\\\/systeme-mural-danois-royalsystem-du-designer-poul-cadovius\\\/#breadcrumb\",\"itemListElement\":[{\"@type\":\"ListItem\",\"position\":1,\"name\":\"Accueil\",\"item\":\"https:\\\/\\\/lalmachine.com\\\/\"},{\"@type\":\"ListItem\",\"position\":2,\"name\":\"Shop\",\"item\":\"https:\\\/\\\/lalmachine.com\\\/shop\\\/\"},{\"@type\":\"ListItem\",\"position\":3,\"name\":\"Syst\u00e8me mural Royalsystem de Poul Cadovius\"}]},{\"@type\":\"WebSite\",\"@id\":\"https:\\\/\\\/lalmachine.com\\\/#website\",\"url\":\"https:\\\/\\\/lalmachine.com\\\/\",\"name\":\"lalmachine.com\",\"description\":\"Brocante en ligne Suisse | Mobilier et objets d\u00e9co vintage et design\",\"potentialAction\":[{\"@type\":\"SearchAction\",\"target\":{\"@type\":\"EntryPoint\",\"urlTemplate\":\"https:\\\/\\\/lalmachine.com\\\/?s={search_term_string}\"},\"query-input\":{\"@type\":\"PropertyValueSpecification\",\"valueRequired\":true,\"valueName\":\"search_term_string\"}}],\"inLanguage\":\"de\"}]}<\/script>\n<!-- \/ Yoast SEO plugin. -->","yoast_head_json":{"title":"Syst\u00e8me mural Royalsystem de Poul Cadovius | lalmachine.com","description":"Syst\u00e8me mural danois de la s\u00e9rie Royalsystem du designer Poul Cadovius \u00e9dit\u00e9e dans les ann\u00e9es 60, version en teck.","robots":{"index":"index","follow":"follow","max-snippet":"max-snippet:-1","max-image-preview":"max-image-preview:large","max-video-preview":"max-video-preview:-1"},"canonical":"https:\/\/lalmachine.com\/de\/shop\/meubler\/meuble-de-rangement\/systeme-mural-danois-royalsystem-du-designer-poul-cadovius\/","og_locale":"de_DE","og_type":"article","og_title":"Syst\u00e8me mural Royalsystem de Poul Cadovius | lalmachine.com","og_description":"Syst\u00e8me mural danois de la s\u00e9rie Royalsystem du designer Poul Cadovius \u00e9dit\u00e9e dans les ann\u00e9es 60, version en teck.","og_url":"https:\/\/lalmachine.com\/de\/shop\/meubler\/meuble-de-rangement\/systeme-mural-danois-royalsystem-du-designer-poul-cadovius\/","og_site_name":"lalmachine.com","article_publisher":"https:\/\/facebook.com\/lalmachine","article_modified_time":"2025-11-03T08:30:04+00:00","og_image":[{"width":586,"height":586,"url":"https:\/\/lalmachine.com\/wp-content\/uploads\/2025\/10\/724_clipped_rev_1.jpeg","type":"image\/jpeg"}],"twitter_card":"summary_large_image","schema":{"@context":"https:\/\/schema.org","@graph":[{"@type":"WebPage","@id":"https:\/\/lalmachine.com\/shop\/meubler\/meuble-de-rangement\/systeme-mural-danois-royalsystem-du-designer-poul-cadovius\/","url":"https:\/\/lalmachine.com\/shop\/meubler\/meuble-de-rangement\/systeme-mural-danois-royalsystem-du-designer-poul-cadovius\/","name":"Syst\u00e8me mural Royalsystem de Poul Cadovius | lalmachine.com","isPartOf":{"@id":"https:\/\/lalmachine.com\/#website"},"primaryImageOfPage":{"@id":"https:\/\/lalmachine.com\/shop\/meubler\/meuble-de-rangement\/systeme-mural-danois-royalsystem-du-designer-poul-cadovius\/#primaryimage"},"image":{"@id":"https:\/\/lalmachine.com\/shop\/meubler\/meuble-de-rangement\/systeme-mural-danois-royalsystem-du-designer-poul-cadovius\/#primaryimage"},"thumbnailUrl":"https:\/\/lalmachine.com\/wp-content\/uploads\/2025\/10\/724_clipped_rev_1.jpeg","datePublished":"2025-10-22T11:26:36+00:00","dateModified":"2025-11-03T08:30:04+00:00","description":"Syst\u00e8me mural danois de la s\u00e9rie Royalsystem du designer Poul Cadovius \u00e9dit\u00e9e dans les ann\u00e9es 60, version en teck.","breadcrumb":{"@id":"https:\/\/lalmachine.com\/shop\/meubler\/meuble-de-rangement\/systeme-mural-danois-royalsystem-du-designer-poul-cadovius\/#breadcrumb"},"inLanguage":"de","potentialAction":[{"@type":"ReadAction","target":["https:\/\/lalmachine.com\/shop\/meubler\/meuble-de-rangement\/systeme-mural-danois-royalsystem-du-designer-poul-cadovius\/"]}]},{"@type":"ImageObject","inLanguage":"de","@id":"https:\/\/lalmachine.com\/shop\/meubler\/meuble-de-rangement\/systeme-mural-danois-royalsystem-du-designer-poul-cadovius\/#primaryimage","url":"https:\/\/lalmachine.com\/wp-content\/uploads\/2025\/10\/724_clipped_rev_1.jpeg","contentUrl":"https:\/\/lalmachine.com\/wp-content\/uploads\/2025\/10\/724_clipped_rev_1.jpeg","width":586,"height":586,"caption":"Syst\u00e8me mural danois \"Royalsystem\" du designer Poul Cadovius"},{"@type":"BreadcrumbList","@id":"https:\/\/lalmachine.com\/shop\/meubler\/meuble-de-rangement\/systeme-mural-danois-royalsystem-du-designer-poul-cadovius\/#breadcrumb","itemListElement":[{"@type":"ListItem","position":1,"name":"Accueil","item":"https:\/\/lalmachine.com\/"},{"@type":"ListItem","position":2,"name":"Shop","item":"https:\/\/lalmachine.com\/shop\/"},{"@type":"ListItem","position":3,"name":"Syst\u00e8me mural Royalsystem de Poul Cadovius"}]},{"@type":"WebSite","@id":"https:\/\/lalmachine.com\/#website","url":"https:\/\/lalmachine.com\/","name":"lalmachine.com","description":"Brocante en ligne Suisse | Mobilier et objets d\u00e9co vintage et design","potentialAction":[{"@type":"SearchAction","target":{"@type":"EntryPoint","urlTemplate":"https:\/\/lalmachine.com\/?s={search_term_string}"},"query-input":{"@type":"PropertyValueSpecification","valueRequired":true,"valueName":"search_term_string"}}],"inLanguage":"de"}]}},"_links":{"self":[{"href":"https:\/\/lalmachine.com\/de\/wp-json\/wp\/v2\/product\/352034","targetHints":{"allow":["GET"]}}],"collection":[{"href":"https:\/\/lalmachine.com\/de\/wp-json\/wp\/v2\/product"}],"about":[{"href":"https:\/\/lalmachine.com\/de\/wp-json\/wp\/v2\/types\/product"}],"wp:featuredmedia":[{"embeddable":true,"href":"https:\/\/lalmachine.com\/de\/wp-json\/wp\/v2\/media\/352314"}],"wp:attachment":[{"href":"https:\/\/lalmachine.com\/de\/wp-json\/wp\/v2\/media?parent=352034"}],"wp:term":[{"taxonomy":"product_brand","embeddable":true,"href":"https:\/\/lalmachine.com\/de\/wp-json\/wp\/v2\/product_brand?post=352034"},{"taxonomy":"product_cat","embeddable":true,"href":"https:\/\/lalmachine.com\/de\/wp-json\/wp\/v2\/product_cat?post=352034"},{"taxonomy":"product_tag","embeddable":true,"href":"https:\/\/lalmachine.com\/de\/wp-json\/wp\/v2\/product_tag?post=352034"},{"taxonomy":"proximite","embeddable":true,"href":"https:\/\/lalmachine.com\/de\/wp-json\/wp\/v2\/proximite?post=352034"}],"curies":[{"name":"wp","href":"https:\/\/api.w.org\/{rel}","templated":true}]}}