{"id":352064,"date":"2025-10-24T08:22:55","date_gmt":"2025-10-24T06:22:55","guid":{"rendered":"https:\/\/lalmachine.com\/?post_type=product&#038;p=352064"},"modified":"2025-10-24T08:22:56","modified_gmt":"2025-10-24T06:22:56","slug":"paire-de-lampes-de-marcel-breuer","status":"publish","type":"product","link":"https:\/\/lalmachine.com\/de\/shop\/eclairer\/lampe-de-table-bureau\/paire-de-lampes-de-marcel-breuer\/","title":{"rendered":"Paire de lampes de Marcel Breuer"},"content":{"rendered":"<ul class=\"wpuf_customs\"><li style=\"list-style-type:none;\"><label>Autres photos:<\/label> <a href=\"https:\/\/lalmachine.com\/wp-content\/uploads\/2025\/10\/u743-542i_edited-a-1.jpg\"><img loading=\"lazy\" decoding=\"async\" width=\"108\" height=\"96\" src=\"https:\/\/lalmachine.com\/wp-content\/uploads\/2025\/10\/u743-542i_edited-a-1.jpg\" class=\"attachment-thumbnail size-thumbnail\" alt=\"\" \/><\/a> <a href=\"https:\/\/lalmachine.com\/wp-content\/uploads\/2025\/10\/u743-542e_edited.jpg\"><img loading=\"lazy\" decoding=\"async\" width=\"96\" height=\"96\" src=\"https:\/\/lalmachine.com\/wp-content\/uploads\/2025\/10\/u743-542e_edited.jpg\" class=\"attachment-thumbnail size-thumbnail\" alt=\"\" \/><\/a> <a href=\"https:\/\/lalmachine.com\/wp-content\/uploads\/2025\/10\/u743-542f_edited.jpg\"><img loading=\"lazy\" decoding=\"async\" width=\"96\" height=\"96\" src=\"https:\/\/lalmachine.com\/wp-content\/uploads\/2025\/10\/u743-542f_edited.jpg\" class=\"attachment-thumbnail size-thumbnail\" alt=\"\" \/><\/a> <a href=\"https:\/\/lalmachine.com\/wp-content\/uploads\/2025\/10\/u743-542c_edited.jpg\"><img loading=\"lazy\" decoding=\"async\" width=\"96\" height=\"96\" src=\"https:\/\/lalmachine.com\/wp-content\/uploads\/2025\/10\/u743-542c_edited.jpg\" class=\"attachment-thumbnail size-thumbnail\" alt=\"\" \/><\/a> <a href=\"https:\/\/lalmachine.com\/wp-content\/uploads\/2025\/10\/u743-542b_edited.jpg\"><img loading=\"lazy\" decoding=\"async\" width=\"96\" height=\"96\" src=\"https:\/\/lalmachine.com\/wp-content\/uploads\/2025\/10\/u743-542b_edited.jpg\" class=\"attachment-thumbnail size-thumbnail\" alt=\"\" \/><\/a> <a href=\"https:\/\/lalmachine.com\/wp-content\/uploads\/2025\/10\/u743-542d_edited.jpg\"><img loading=\"lazy\" decoding=\"async\" width=\"96\" height=\"96\" src=\"https:\/\/lalmachine.com\/wp-content\/uploads\/2025\/10\/u743-542d_edited.jpg\" class=\"attachment-thumbnail size-thumbnail\" alt=\"\" \/><\/a> <a href=\"https:\/\/lalmachine.com\/wp-content\/uploads\/2025\/10\/u743-542g_edited.jpg\"><img loading=\"lazy\" decoding=\"async\" width=\"96\" height=\"96\" src=\"https:\/\/lalmachine.com\/wp-content\/uploads\/2025\/10\/u743-542g_edited.jpg\" class=\"attachment-thumbnail size-thumbnail\" alt=\"\" \/><\/a> <a href=\"https:\/\/lalmachine.com\/wp-content\/uploads\/2025\/10\/u743-542a_edited.jpg\"><img loading=\"lazy\" decoding=\"async\" width=\"96\" height=\"96\" src=\"https:\/\/lalmachine.com\/wp-content\/uploads\/2025\/10\/u743-542a_edited.jpg\" class=\"attachment-thumbnail size-thumbnail\" alt=\"\" \/><\/a> <\/li>        <li class=\"wpuf-field-data wpuf-field-data-numeric_text_field\">\n                            <label>Prix:<\/label>\n                        6150        <\/li>\n                <li class=\"wpuf-field-data wpuf-field-data-numeric_text_field\">\n                            <label>Quantit\u00e9:<\/label>\n                        1        <\/li>\n                <li class=\"wpuf-field-data wpuf-field-data-numeric_text_field\">\n                            <label>Hauteur (cm):<\/label>\n                        28        <\/li>\n                <li class=\"wpuf-field-data wpuf-field-data-numeric_text_field\">\n                            <label>Largeur (cm):<\/label>\n                        15        <\/li>\n                <li class=\"wpuf-field-data wpuf-field-data-numeric_text_field\">\n                            <label>Profondeur (cm):<\/label>\n                        26        <\/li>\n        <\/ul>","protected":false},"excerpt":{"rendered":"<p>Paire de lampes de chevet du designer Marcel Breuer cr\u00e9\u00e9e pour l&#8217;Exposition internationale de Paris en 1925. La p\u00e9riode de production peut \u00eatre de 1929 \u00e0 1949 mais ce mod\u00e8le demeure parmi toutes les cr\u00e9ations de Marcel Breuer un objet rare \u00e0 la vente.<\/p>\n<p>Les d\u00e9tails comme le bouton pressoir, les diff\u00e9rents boulons enti\u00e8rement en m\u00e9tal, font de ces luminaires des objets de collection. Les parties de la lampe, tige, abat-jour, dessus du socle sont en laiton massif. Une pi\u00e8ce en fonte, sous le socle, permet une grande stabilit\u00e9.<\/p>","protected":false},"featured_media":352089,"template":"","meta":{"_et_pb_use_builder":"","_et_pb_old_content":"","_et_gb_content_width":""},"product_brand":[],"product_cat":[49,90],"product_tag":[],"proximite":[280,179],"class_list":{"0":"post-352064","1":"product","2":"type-product","3":"status-publish","4":"has-post-thumbnail","6":"product_cat-eclairer","7":"product_cat-lampe-de-table-bureau","8":"pa_couleur-dore","9":"pa_designer-breuer-marcel","10":"pa_etat-tres-bon-etat","11":"pa_materiau-metal","12":"pa_style-design","13":"proximite-morges","14":"proximite-vaud","16":"first","17":"instock","18":"shipping-taxable","19":"purchasable","20":"product-type-simple"},"yoast_head":"<!-- This site is optimized with the Yoast SEO plugin v27.4 - https:\/\/yoast.com\/product\/yoast-seo-wordpress\/ -->\n<title>Paire de lampes de Marcel Breuer | lalmachine.com, mobilier et objets d\u00e9co vintage et design<\/title>\n<meta name=\"description\" content=\"Paire de lampes de chevet du designer Marcel Breuer cr\u00e9\u00e9e pour l&#039;Exposition internationale de Paris en 1925.\" \/>\n<meta name=\"robots\" content=\"index, follow, max-snippet:-1, max-image-preview:large, max-video-preview:-1\" \/>\n<link rel=\"canonical\" href=\"https:\/\/lalmachine.com\/de\/shop\/eclairer\/lampe-de-table-bureau\/paire-de-lampes-de-marcel-breuer\/\" \/>\n<meta property=\"og:locale\" content=\"de_DE\" \/>\n<meta property=\"og:type\" content=\"article\" \/>\n<meta property=\"og:title\" content=\"Paire de lampes de Marcel Breuer | lalmachine.com, mobilier et objets d\u00e9co vintage et design\" \/>\n<meta property=\"og:description\" content=\"Paire de lampes de chevet du designer Marcel Breuer cr\u00e9\u00e9e pour l&#039;Exposition internationale de Paris en 1925.\" \/>\n<meta property=\"og:url\" content=\"https:\/\/lalmachine.com\/de\/shop\/eclairer\/lampe-de-table-bureau\/paire-de-lampes-de-marcel-breuer\/\" \/>\n<meta property=\"og:site_name\" content=\"lalmachine.com\" \/>\n<meta property=\"article:publisher\" content=\"https:\/\/facebook.com\/lalmachine\" \/>\n<meta property=\"article:modified_time\" content=\"2025-10-24T06:22:56+00:00\" \/>\n<meta property=\"og:image\" content=\"https:\/\/lalmachine.com\/wp-content\/uploads\/2025\/10\/u743-542i_edited-a_clipped_rev_1.jpeg\" \/>\n\t<meta property=\"og:image:width\" content=\"522\" \/>\n\t<meta property=\"og:image:height\" content=\"522\" \/>\n\t<meta property=\"og:image:type\" content=\"image\/jpeg\" \/>\n<meta name=\"twitter:card\" content=\"summary_large_image\" \/>\n<script type=\"application\/ld+json\" class=\"yoast-schema-graph\">{\"@context\":\"https:\\\/\\\/schema.org\",\"@graph\":[{\"@type\":\"WebPage\",\"@id\":\"https:\\\/\\\/lalmachine.com\\\/shop\\\/eclairer\\\/lampe-de-table-bureau\\\/paire-de-lampes-de-marcel-breuer\\\/\",\"url\":\"https:\\\/\\\/lalmachine.com\\\/shop\\\/eclairer\\\/lampe-de-table-bureau\\\/paire-de-lampes-de-marcel-breuer\\\/\",\"name\":\"Paire de lampes de Marcel Breuer | lalmachine.com, mobilier et objets d\u00e9co vintage et design\",\"isPartOf\":{\"@id\":\"https:\\\/\\\/lalmachine.com\\\/#website\"},\"primaryImageOfPage\":{\"@id\":\"https:\\\/\\\/lalmachine.com\\\/shop\\\/eclairer\\\/lampe-de-table-bureau\\\/paire-de-lampes-de-marcel-breuer\\\/#primaryimage\"},\"image\":{\"@id\":\"https:\\\/\\\/lalmachine.com\\\/shop\\\/eclairer\\\/lampe-de-table-bureau\\\/paire-de-lampes-de-marcel-breuer\\\/#primaryimage\"},\"thumbnailUrl\":\"https:\\\/\\\/lalmachine.com\\\/wp-content\\\/uploads\\\/2025\\\/10\\\/u743-542i_edited-a_clipped_rev_1.jpeg\",\"datePublished\":\"2025-10-24T06:22:55+00:00\",\"dateModified\":\"2025-10-24T06:22:56+00:00\",\"description\":\"Paire de lampes de chevet du designer Marcel Breuer cr\u00e9\u00e9e pour l'Exposition internationale de Paris en 1925.\",\"breadcrumb\":{\"@id\":\"https:\\\/\\\/lalmachine.com\\\/shop\\\/eclairer\\\/lampe-de-table-bureau\\\/paire-de-lampes-de-marcel-breuer\\\/#breadcrumb\"},\"inLanguage\":\"de\",\"potentialAction\":[{\"@type\":\"ReadAction\",\"target\":[\"https:\\\/\\\/lalmachine.com\\\/shop\\\/eclairer\\\/lampe-de-table-bureau\\\/paire-de-lampes-de-marcel-breuer\\\/\"]}]},{\"@type\":\"ImageObject\",\"inLanguage\":\"de\",\"@id\":\"https:\\\/\\\/lalmachine.com\\\/shop\\\/eclairer\\\/lampe-de-table-bureau\\\/paire-de-lampes-de-marcel-breuer\\\/#primaryimage\",\"url\":\"https:\\\/\\\/lalmachine.com\\\/wp-content\\\/uploads\\\/2025\\\/10\\\/u743-542i_edited-a_clipped_rev_1.jpeg\",\"contentUrl\":\"https:\\\/\\\/lalmachine.com\\\/wp-content\\\/uploads\\\/2025\\\/10\\\/u743-542i_edited-a_clipped_rev_1.jpeg\",\"width\":522,\"height\":522,\"caption\":\"Paire de lampes de Marcel Breuer\"},{\"@type\":\"BreadcrumbList\",\"@id\":\"https:\\\/\\\/lalmachine.com\\\/shop\\\/eclairer\\\/lampe-de-table-bureau\\\/paire-de-lampes-de-marcel-breuer\\\/#breadcrumb\",\"itemListElement\":[{\"@type\":\"ListItem\",\"position\":1,\"name\":\"Accueil\",\"item\":\"https:\\\/\\\/lalmachine.com\\\/\"},{\"@type\":\"ListItem\",\"position\":2,\"name\":\"Shop\",\"item\":\"https:\\\/\\\/lalmachine.com\\\/shop\\\/\"},{\"@type\":\"ListItem\",\"position\":3,\"name\":\"Paire de lampes de Marcel Breuer\"}]},{\"@type\":\"WebSite\",\"@id\":\"https:\\\/\\\/lalmachine.com\\\/#website\",\"url\":\"https:\\\/\\\/lalmachine.com\\\/\",\"name\":\"lalmachine.com\",\"description\":\"Brocante en ligne Suisse | Mobilier et objets d\u00e9co vintage et design\",\"potentialAction\":[{\"@type\":\"SearchAction\",\"target\":{\"@type\":\"EntryPoint\",\"urlTemplate\":\"https:\\\/\\\/lalmachine.com\\\/?s={search_term_string}\"},\"query-input\":{\"@type\":\"PropertyValueSpecification\",\"valueRequired\":true,\"valueName\":\"search_term_string\"}}],\"inLanguage\":\"de\"}]}<\/script>\n<!-- \/ Yoast SEO plugin. -->","yoast_head_json":{"title":"Paire de lampes de Marcel Breuer | lalmachine.com, mobilier et objets d\u00e9co vintage et design","description":"Paire de lampes de chevet du designer Marcel Breuer cr\u00e9\u00e9e pour l'Exposition internationale de Paris en 1925.","robots":{"index":"index","follow":"follow","max-snippet":"max-snippet:-1","max-image-preview":"max-image-preview:large","max-video-preview":"max-video-preview:-1"},"canonical":"https:\/\/lalmachine.com\/de\/shop\/eclairer\/lampe-de-table-bureau\/paire-de-lampes-de-marcel-breuer\/","og_locale":"de_DE","og_type":"article","og_title":"Paire de lampes de Marcel Breuer | lalmachine.com, mobilier et objets d\u00e9co vintage et design","og_description":"Paire de lampes de chevet du designer Marcel Breuer cr\u00e9\u00e9e pour l'Exposition internationale de Paris en 1925.","og_url":"https:\/\/lalmachine.com\/de\/shop\/eclairer\/lampe-de-table-bureau\/paire-de-lampes-de-marcel-breuer\/","og_site_name":"lalmachine.com","article_publisher":"https:\/\/facebook.com\/lalmachine","article_modified_time":"2025-10-24T06:22:56+00:00","og_image":[{"width":522,"height":522,"url":"https:\/\/lalmachine.com\/wp-content\/uploads\/2025\/10\/u743-542i_edited-a_clipped_rev_1.jpeg","type":"image\/jpeg"}],"twitter_card":"summary_large_image","schema":{"@context":"https:\/\/schema.org","@graph":[{"@type":"WebPage","@id":"https:\/\/lalmachine.com\/shop\/eclairer\/lampe-de-table-bureau\/paire-de-lampes-de-marcel-breuer\/","url":"https:\/\/lalmachine.com\/shop\/eclairer\/lampe-de-table-bureau\/paire-de-lampes-de-marcel-breuer\/","name":"Paire de lampes de Marcel Breuer | lalmachine.com, mobilier et objets d\u00e9co vintage et design","isPartOf":{"@id":"https:\/\/lalmachine.com\/#website"},"primaryImageOfPage":{"@id":"https:\/\/lalmachine.com\/shop\/eclairer\/lampe-de-table-bureau\/paire-de-lampes-de-marcel-breuer\/#primaryimage"},"image":{"@id":"https:\/\/lalmachine.com\/shop\/eclairer\/lampe-de-table-bureau\/paire-de-lampes-de-marcel-breuer\/#primaryimage"},"thumbnailUrl":"https:\/\/lalmachine.com\/wp-content\/uploads\/2025\/10\/u743-542i_edited-a_clipped_rev_1.jpeg","datePublished":"2025-10-24T06:22:55+00:00","dateModified":"2025-10-24T06:22:56+00:00","description":"Paire de lampes de chevet du designer Marcel Breuer cr\u00e9\u00e9e pour l'Exposition internationale de Paris en 1925.","breadcrumb":{"@id":"https:\/\/lalmachine.com\/shop\/eclairer\/lampe-de-table-bureau\/paire-de-lampes-de-marcel-breuer\/#breadcrumb"},"inLanguage":"de","potentialAction":[{"@type":"ReadAction","target":["https:\/\/lalmachine.com\/shop\/eclairer\/lampe-de-table-bureau\/paire-de-lampes-de-marcel-breuer\/"]}]},{"@type":"ImageObject","inLanguage":"de","@id":"https:\/\/lalmachine.com\/shop\/eclairer\/lampe-de-table-bureau\/paire-de-lampes-de-marcel-breuer\/#primaryimage","url":"https:\/\/lalmachine.com\/wp-content\/uploads\/2025\/10\/u743-542i_edited-a_clipped_rev_1.jpeg","contentUrl":"https:\/\/lalmachine.com\/wp-content\/uploads\/2025\/10\/u743-542i_edited-a_clipped_rev_1.jpeg","width":522,"height":522,"caption":"Paire de lampes de Marcel Breuer"},{"@type":"BreadcrumbList","@id":"https:\/\/lalmachine.com\/shop\/eclairer\/lampe-de-table-bureau\/paire-de-lampes-de-marcel-breuer\/#breadcrumb","itemListElement":[{"@type":"ListItem","position":1,"name":"Accueil","item":"https:\/\/lalmachine.com\/"},{"@type":"ListItem","position":2,"name":"Shop","item":"https:\/\/lalmachine.com\/shop\/"},{"@type":"ListItem","position":3,"name":"Paire de lampes de Marcel Breuer"}]},{"@type":"WebSite","@id":"https:\/\/lalmachine.com\/#website","url":"https:\/\/lalmachine.com\/","name":"lalmachine.com","description":"Brocante en ligne Suisse | Mobilier et objets d\u00e9co vintage et design","potentialAction":[{"@type":"SearchAction","target":{"@type":"EntryPoint","urlTemplate":"https:\/\/lalmachine.com\/?s={search_term_string}"},"query-input":{"@type":"PropertyValueSpecification","valueRequired":true,"valueName":"search_term_string"}}],"inLanguage":"de"}]}},"_links":{"self":[{"href":"https:\/\/lalmachine.com\/de\/wp-json\/wp\/v2\/product\/352064","targetHints":{"allow":["GET"]}}],"collection":[{"href":"https:\/\/lalmachine.com\/de\/wp-json\/wp\/v2\/product"}],"about":[{"href":"https:\/\/lalmachine.com\/de\/wp-json\/wp\/v2\/types\/product"}],"wp:featuredmedia":[{"embeddable":true,"href":"https:\/\/lalmachine.com\/de\/wp-json\/wp\/v2\/media\/352089"}],"wp:attachment":[{"href":"https:\/\/lalmachine.com\/de\/wp-json\/wp\/v2\/media?parent=352064"}],"wp:term":[{"taxonomy":"product_brand","embeddable":true,"href":"https:\/\/lalmachine.com\/de\/wp-json\/wp\/v2\/product_brand?post=352064"},{"taxonomy":"product_cat","embeddable":true,"href":"https:\/\/lalmachine.com\/de\/wp-json\/wp\/v2\/product_cat?post=352064"},{"taxonomy":"product_tag","embeddable":true,"href":"https:\/\/lalmachine.com\/de\/wp-json\/wp\/v2\/product_tag?post=352064"},{"taxonomy":"proximite","embeddable":true,"href":"https:\/\/lalmachine.com\/de\/wp-json\/wp\/v2\/proximite?post=352064"}],"curies":[{"name":"wp","href":"https:\/\/api.w.org\/{rel}","templated":true}]}}