{"id":352463,"date":"2025-11-10T11:32:03","date_gmt":"2025-11-10T10:32:03","guid":{"rendered":"https:\/\/lalmachine.com\/?post_type=product&#038;p=352463"},"modified":"2025-11-10T11:32:05","modified_gmt":"2025-11-10T10:32:05","slug":"caisson-pour-systeme-mural-thygesen-et-sorensen","status":"publish","type":"product","link":"https:\/\/lalmachine.com\/de\/shop\/meubler\/meuble-de-rangement\/caisson-pour-systeme-mural-thygesen-et-sorensen\/","title":{"rendered":"Caisson pour syst\u00e8me mural Thygesen et Sorensen"},"content":{"rendered":"<ul class=\"wpuf_customs\"><li style=\"list-style-type:none;\"><label>Autres photos:<\/label> <a href=\"https:\/\/lalmachine.com\/wp-content\/uploads\/2025\/11\/581-1.jpg\"><img loading=\"lazy\" decoding=\"async\" width=\"96\" height=\"96\" src=\"https:\/\/lalmachine.com\/wp-content\/uploads\/2025\/11\/581-1.jpg\" class=\"attachment-thumbnail size-thumbnail\" alt=\"\" \/><\/a> <a href=\"https:\/\/lalmachine.com\/wp-content\/uploads\/2025\/11\/581b.jpg\"><img loading=\"lazy\" decoding=\"async\" width=\"96\" height=\"96\" src=\"https:\/\/lalmachine.com\/wp-content\/uploads\/2025\/11\/581b.jpg\" class=\"attachment-thumbnail size-thumbnail\" alt=\"\" \/><\/a> <a href=\"https:\/\/lalmachine.com\/wp-content\/uploads\/2025\/11\/581d-scaled.jpg\"><img loading=\"lazy\" decoding=\"async\" width=\"96\" height=\"96\" src=\"https:\/\/lalmachine.com\/wp-content\/uploads\/2025\/11\/581d-scaled.jpg\" class=\"attachment-thumbnail size-thumbnail\" alt=\"\" \/><\/a> <a href=\"https:\/\/lalmachine.com\/wp-content\/uploads\/2025\/11\/581c.jpg\"><img loading=\"lazy\" decoding=\"async\" width=\"96\" height=\"96\" src=\"https:\/\/lalmachine.com\/wp-content\/uploads\/2025\/11\/581c.jpg\" class=\"attachment-thumbnail size-thumbnail\" alt=\"\" \/><\/a> <a href=\"https:\/\/lalmachine.com\/wp-content\/uploads\/2025\/11\/289-fix.jpg\"><img loading=\"lazy\" decoding=\"async\" width=\"101\" height=\"96\" src=\"https:\/\/lalmachine.com\/wp-content\/uploads\/2025\/11\/289-fix.jpg\" class=\"attachment-thumbnail size-thumbnail\" alt=\"\" \/><\/a> <a href=\"https:\/\/lalmachine.com\/wp-content\/uploads\/2025\/11\/289_modular-wall-unit-by-hg-furniture-1960s-scaled.jpg\"><img loading=\"lazy\" decoding=\"async\" width=\"96\" height=\"96\" src=\"https:\/\/lalmachine.com\/wp-content\/uploads\/2025\/11\/289_modular-wall-unit-by-hg-furniture-1960s-scaled.jpg\" class=\"attachment-thumbnail size-thumbnail\" alt=\"\" \/><\/a> <a href=\"https:\/\/lalmachine.com\/wp-content\/uploads\/2025\/11\/289-sys.jpg\"><img loading=\"lazy\" decoding=\"async\" width=\"106\" height=\"96\" src=\"https:\/\/lalmachine.com\/wp-content\/uploads\/2025\/11\/289-sys.jpg\" class=\"attachment-thumbnail size-thumbnail\" alt=\"\" \/><\/a> <\/li>        <li class=\"wpuf-field-data wpuf-field-data-numeric_text_field\">\n                            <label>Prix:<\/label>\n                        480        <\/li>\n                <li class=\"wpuf-field-data wpuf-field-data-numeric_text_field\">\n                            <label>Quantit\u00e9:<\/label>\n                        1        <\/li>\n                <li class=\"wpuf-field-data wpuf-field-data-numeric_text_field\">\n                            <label>Hauteur (cm):<\/label>\n                        40        <\/li>\n                <li class=\"wpuf-field-data wpuf-field-data-numeric_text_field\">\n                            <label>Largeur (cm):<\/label>\n                        89        <\/li>\n                <li class=\"wpuf-field-data wpuf-field-data-numeric_text_field\">\n                            <label>Profondeur (cm):<\/label>\n                        30        <\/li>\n        <\/ul>","protected":false},"excerpt":{"rendered":"<p>Rare caisson-vitrine pour le syst\u00e8me mural de Rud Thygesen et Johnny Sorensen \u00e9dit\u00e9 au Danemark dans les ann\u00e9es 60 pour HG Furniture. Cette vitrine en bois de teck poss\u00e8de deux compartiments avec deux tablards en verre r\u00e9glables \u00e0 diff\u00e9rentes hauteurs, et deux vitres coulissantes.<\/p>\n<p>Le syst\u00e8me d&#8217;accroche particulier et unique permet d&#8217;identifier l&#8217;\u00e9l\u00e9ment \u00e0 cette biblioth\u00e8que. Les trois derni\u00e8res images sont des mod\u00e8les de biblioth\u00e8ques compatibles.<\/p>\n<p>Dimensions : longueur 89,5 cm, profondeur 30 cm, hauteur 40 cm<\/p>","protected":false},"featured_media":352487,"template":"","meta":{"_et_pb_use_builder":"","_et_pb_old_content":"","_et_gb_content_width":""},"product_brand":[],"product_cat":[83,47],"product_tag":[],"proximite":[280,179],"class_list":{"0":"post-352463","1":"product","2":"type-product","3":"status-publish","4":"has-post-thumbnail","6":"product_cat-meuble-de-rangement","7":"product_cat-meubler","8":"pa_couleur-bois","9":"pa_etat-tres-bon-etat","10":"pa_materiau-bois","11":"pa_style-scandinave","12":"proximite-morges","13":"proximite-vaud","15":"first","16":"instock","17":"shipping-taxable","18":"purchasable","19":"product-type-simple"},"yoast_head":"<!-- This site is optimized with the Yoast SEO plugin v27.4 - https:\/\/yoast.com\/product\/yoast-seo-wordpress\/ -->\n<title>Caisson pour syst\u00e8me mural Thygesen et Sorensen | lalmachine.com, mobilier et objets d\u00e9co vintage et design<\/title>\n<meta name=\"description\" content=\"Caisson pour syst\u00e8me mural Thygesen et Sorensen\" \/>\n<meta name=\"robots\" content=\"index, follow, max-snippet:-1, max-image-preview:large, max-video-preview:-1\" \/>\n<link rel=\"canonical\" href=\"https:\/\/lalmachine.com\/de\/shop\/meubler\/meuble-de-rangement\/caisson-pour-systeme-mural-thygesen-et-sorensen\/\" \/>\n<meta property=\"og:locale\" content=\"de_DE\" \/>\n<meta property=\"og:type\" content=\"article\" \/>\n<meta property=\"og:title\" content=\"Caisson pour syst\u00e8me mural Thygesen et Sorensen | lalmachine.com, mobilier et objets d\u00e9co vintage et design\" \/>\n<meta property=\"og:description\" content=\"Caisson pour syst\u00e8me mural Thygesen et Sorensen\" \/>\n<meta property=\"og:url\" content=\"https:\/\/lalmachine.com\/de\/shop\/meubler\/meuble-de-rangement\/caisson-pour-systeme-mural-thygesen-et-sorensen\/\" \/>\n<meta property=\"og:site_name\" content=\"lalmachine.com\" \/>\n<meta property=\"article:publisher\" content=\"https:\/\/facebook.com\/lalmachine\" \/>\n<meta property=\"article:modified_time\" content=\"2025-11-10T10:32:05+00:00\" \/>\n<meta property=\"og:image\" content=\"https:\/\/lalmachine.com\/wp-content\/uploads\/2025\/11\/581_clipped_rev_1.jpeg\" \/>\n\t<meta property=\"og:image:width\" content=\"1906\" \/>\n\t<meta property=\"og:image:height\" content=\"1906\" \/>\n\t<meta property=\"og:image:type\" content=\"image\/jpeg\" \/>\n<meta name=\"twitter:card\" content=\"summary_large_image\" \/>\n<script type=\"application\/ld+json\" class=\"yoast-schema-graph\">{\"@context\":\"https:\\\/\\\/schema.org\",\"@graph\":[{\"@type\":\"WebPage\",\"@id\":\"https:\\\/\\\/lalmachine.com\\\/shop\\\/meubler\\\/meuble-de-rangement\\\/caisson-pour-systeme-mural-thygesen-et-sorensen\\\/\",\"url\":\"https:\\\/\\\/lalmachine.com\\\/shop\\\/meubler\\\/meuble-de-rangement\\\/caisson-pour-systeme-mural-thygesen-et-sorensen\\\/\",\"name\":\"Caisson pour syst\u00e8me mural Thygesen et Sorensen | lalmachine.com, mobilier et objets d\u00e9co vintage et design\",\"isPartOf\":{\"@id\":\"https:\\\/\\\/lalmachine.com\\\/#website\"},\"primaryImageOfPage\":{\"@id\":\"https:\\\/\\\/lalmachine.com\\\/shop\\\/meubler\\\/meuble-de-rangement\\\/caisson-pour-systeme-mural-thygesen-et-sorensen\\\/#primaryimage\"},\"image\":{\"@id\":\"https:\\\/\\\/lalmachine.com\\\/shop\\\/meubler\\\/meuble-de-rangement\\\/caisson-pour-systeme-mural-thygesen-et-sorensen\\\/#primaryimage\"},\"thumbnailUrl\":\"https:\\\/\\\/lalmachine.com\\\/wp-content\\\/uploads\\\/2025\\\/11\\\/581_clipped_rev_1.jpeg\",\"datePublished\":\"2025-11-10T10:32:03+00:00\",\"dateModified\":\"2025-11-10T10:32:05+00:00\",\"description\":\"Caisson pour syst\u00e8me mural Thygesen et Sorensen\",\"breadcrumb\":{\"@id\":\"https:\\\/\\\/lalmachine.com\\\/shop\\\/meubler\\\/meuble-de-rangement\\\/caisson-pour-systeme-mural-thygesen-et-sorensen\\\/#breadcrumb\"},\"inLanguage\":\"de\",\"potentialAction\":[{\"@type\":\"ReadAction\",\"target\":[\"https:\\\/\\\/lalmachine.com\\\/shop\\\/meubler\\\/meuble-de-rangement\\\/caisson-pour-systeme-mural-thygesen-et-sorensen\\\/\"]}]},{\"@type\":\"ImageObject\",\"inLanguage\":\"de\",\"@id\":\"https:\\\/\\\/lalmachine.com\\\/shop\\\/meubler\\\/meuble-de-rangement\\\/caisson-pour-systeme-mural-thygesen-et-sorensen\\\/#primaryimage\",\"url\":\"https:\\\/\\\/lalmachine.com\\\/wp-content\\\/uploads\\\/2025\\\/11\\\/581_clipped_rev_1.jpeg\",\"contentUrl\":\"https:\\\/\\\/lalmachine.com\\\/wp-content\\\/uploads\\\/2025\\\/11\\\/581_clipped_rev_1.jpeg\",\"width\":1906,\"height\":1906,\"caption\":\"Caisson pour syst\u00e8me mural Thygesen et Sorensen\"},{\"@type\":\"BreadcrumbList\",\"@id\":\"https:\\\/\\\/lalmachine.com\\\/shop\\\/meubler\\\/meuble-de-rangement\\\/caisson-pour-systeme-mural-thygesen-et-sorensen\\\/#breadcrumb\",\"itemListElement\":[{\"@type\":\"ListItem\",\"position\":1,\"name\":\"Accueil\",\"item\":\"https:\\\/\\\/lalmachine.com\\\/\"},{\"@type\":\"ListItem\",\"position\":2,\"name\":\"Shop\",\"item\":\"https:\\\/\\\/lalmachine.com\\\/shop\\\/\"},{\"@type\":\"ListItem\",\"position\":3,\"name\":\"Caisson pour syst\u00e8me mural Thygesen et Sorensen\"}]},{\"@type\":\"WebSite\",\"@id\":\"https:\\\/\\\/lalmachine.com\\\/#website\",\"url\":\"https:\\\/\\\/lalmachine.com\\\/\",\"name\":\"lalmachine.com\",\"description\":\"Brocante en ligne Suisse | Mobilier et objets d\u00e9co vintage et design\",\"potentialAction\":[{\"@type\":\"SearchAction\",\"target\":{\"@type\":\"EntryPoint\",\"urlTemplate\":\"https:\\\/\\\/lalmachine.com\\\/?s={search_term_string}\"},\"query-input\":{\"@type\":\"PropertyValueSpecification\",\"valueRequired\":true,\"valueName\":\"search_term_string\"}}],\"inLanguage\":\"de\"}]}<\/script>\n<!-- \/ Yoast SEO plugin. -->","yoast_head_json":{"title":"Caisson pour syst\u00e8me mural Thygesen et Sorensen | lalmachine.com, mobilier et objets d\u00e9co vintage et design","description":"Caisson pour syst\u00e8me mural Thygesen et Sorensen","robots":{"index":"index","follow":"follow","max-snippet":"max-snippet:-1","max-image-preview":"max-image-preview:large","max-video-preview":"max-video-preview:-1"},"canonical":"https:\/\/lalmachine.com\/de\/shop\/meubler\/meuble-de-rangement\/caisson-pour-systeme-mural-thygesen-et-sorensen\/","og_locale":"de_DE","og_type":"article","og_title":"Caisson pour syst\u00e8me mural Thygesen et Sorensen | lalmachine.com, mobilier et objets d\u00e9co vintage et design","og_description":"Caisson pour syst\u00e8me mural Thygesen et Sorensen","og_url":"https:\/\/lalmachine.com\/de\/shop\/meubler\/meuble-de-rangement\/caisson-pour-systeme-mural-thygesen-et-sorensen\/","og_site_name":"lalmachine.com","article_publisher":"https:\/\/facebook.com\/lalmachine","article_modified_time":"2025-11-10T10:32:05+00:00","og_image":[{"width":1906,"height":1906,"url":"https:\/\/lalmachine.com\/wp-content\/uploads\/2025\/11\/581_clipped_rev_1.jpeg","type":"image\/jpeg"}],"twitter_card":"summary_large_image","schema":{"@context":"https:\/\/schema.org","@graph":[{"@type":"WebPage","@id":"https:\/\/lalmachine.com\/shop\/meubler\/meuble-de-rangement\/caisson-pour-systeme-mural-thygesen-et-sorensen\/","url":"https:\/\/lalmachine.com\/shop\/meubler\/meuble-de-rangement\/caisson-pour-systeme-mural-thygesen-et-sorensen\/","name":"Caisson pour syst\u00e8me mural Thygesen et Sorensen | lalmachine.com, mobilier et objets d\u00e9co vintage et design","isPartOf":{"@id":"https:\/\/lalmachine.com\/#website"},"primaryImageOfPage":{"@id":"https:\/\/lalmachine.com\/shop\/meubler\/meuble-de-rangement\/caisson-pour-systeme-mural-thygesen-et-sorensen\/#primaryimage"},"image":{"@id":"https:\/\/lalmachine.com\/shop\/meubler\/meuble-de-rangement\/caisson-pour-systeme-mural-thygesen-et-sorensen\/#primaryimage"},"thumbnailUrl":"https:\/\/lalmachine.com\/wp-content\/uploads\/2025\/11\/581_clipped_rev_1.jpeg","datePublished":"2025-11-10T10:32:03+00:00","dateModified":"2025-11-10T10:32:05+00:00","description":"Caisson pour syst\u00e8me mural Thygesen et Sorensen","breadcrumb":{"@id":"https:\/\/lalmachine.com\/shop\/meubler\/meuble-de-rangement\/caisson-pour-systeme-mural-thygesen-et-sorensen\/#breadcrumb"},"inLanguage":"de","potentialAction":[{"@type":"ReadAction","target":["https:\/\/lalmachine.com\/shop\/meubler\/meuble-de-rangement\/caisson-pour-systeme-mural-thygesen-et-sorensen\/"]}]},{"@type":"ImageObject","inLanguage":"de","@id":"https:\/\/lalmachine.com\/shop\/meubler\/meuble-de-rangement\/caisson-pour-systeme-mural-thygesen-et-sorensen\/#primaryimage","url":"https:\/\/lalmachine.com\/wp-content\/uploads\/2025\/11\/581_clipped_rev_1.jpeg","contentUrl":"https:\/\/lalmachine.com\/wp-content\/uploads\/2025\/11\/581_clipped_rev_1.jpeg","width":1906,"height":1906,"caption":"Caisson pour syst\u00e8me mural Thygesen et Sorensen"},{"@type":"BreadcrumbList","@id":"https:\/\/lalmachine.com\/shop\/meubler\/meuble-de-rangement\/caisson-pour-systeme-mural-thygesen-et-sorensen\/#breadcrumb","itemListElement":[{"@type":"ListItem","position":1,"name":"Accueil","item":"https:\/\/lalmachine.com\/"},{"@type":"ListItem","position":2,"name":"Shop","item":"https:\/\/lalmachine.com\/shop\/"},{"@type":"ListItem","position":3,"name":"Caisson pour syst\u00e8me mural Thygesen et Sorensen"}]},{"@type":"WebSite","@id":"https:\/\/lalmachine.com\/#website","url":"https:\/\/lalmachine.com\/","name":"lalmachine.com","description":"Brocante en ligne Suisse | Mobilier et objets d\u00e9co vintage et design","potentialAction":[{"@type":"SearchAction","target":{"@type":"EntryPoint","urlTemplate":"https:\/\/lalmachine.com\/?s={search_term_string}"},"query-input":{"@type":"PropertyValueSpecification","valueRequired":true,"valueName":"search_term_string"}}],"inLanguage":"de"}]}},"_links":{"self":[{"href":"https:\/\/lalmachine.com\/de\/wp-json\/wp\/v2\/product\/352463","targetHints":{"allow":["GET"]}}],"collection":[{"href":"https:\/\/lalmachine.com\/de\/wp-json\/wp\/v2\/product"}],"about":[{"href":"https:\/\/lalmachine.com\/de\/wp-json\/wp\/v2\/types\/product"}],"wp:featuredmedia":[{"embeddable":true,"href":"https:\/\/lalmachine.com\/de\/wp-json\/wp\/v2\/media\/352487"}],"wp:attachment":[{"href":"https:\/\/lalmachine.com\/de\/wp-json\/wp\/v2\/media?parent=352463"}],"wp:term":[{"taxonomy":"product_brand","embeddable":true,"href":"https:\/\/lalmachine.com\/de\/wp-json\/wp\/v2\/product_brand?post=352463"},{"taxonomy":"product_cat","embeddable":true,"href":"https:\/\/lalmachine.com\/de\/wp-json\/wp\/v2\/product_cat?post=352463"},{"taxonomy":"product_tag","embeddable":true,"href":"https:\/\/lalmachine.com\/de\/wp-json\/wp\/v2\/product_tag?post=352463"},{"taxonomy":"proximite","embeddable":true,"href":"https:\/\/lalmachine.com\/de\/wp-json\/wp\/v2\/proximite?post=352463"}],"curies":[{"name":"wp","href":"https:\/\/api.w.org\/{rel}","templated":true}]}}