{"id":352664,"date":"2025-11-12T16:31:31","date_gmt":"2025-11-12T15:31:31","guid":{"rendered":"https:\/\/lalmachine.com\/?post_type=product&#038;p=352664"},"modified":"2025-11-12T16:31:33","modified_gmt":"2025-11-12T15:31:33","slug":"boite-brutaliste-en-etain-et-verre-attribue-a-jacques-avoinet","status":"publish","type":"product","link":"https:\/\/lalmachine.com\/de\/shop\/decorer\/decoration\/boite-brutaliste-en-etain-et-verre-attribue-a-jacques-avoinet\/","title":{"rendered":"Boite brutaliste en \u00e9tain et verre attribu\u00e9 \u00e0 Jacques Avoinet"},"content":{"rendered":"<ul class=\"wpuf_customs\"><li style=\"list-style-type:none;\"><label>Autres photos:<\/label> <a href=\"https:\/\/lalmachine.com\/wp-content\/uploads\/2025\/11\/boite_brutaliste_etain_01.jpg\"><img loading=\"lazy\" decoding=\"async\" width=\"96\" height=\"96\" src=\"https:\/\/lalmachine.com\/wp-content\/uploads\/2025\/11\/boite_brutaliste_etain_01.jpg\" class=\"attachment-thumbnail size-thumbnail\" alt=\"\" \/><\/a> <a href=\"https:\/\/lalmachine.com\/wp-content\/uploads\/2025\/11\/boite_brutaliste_etain_02.jpg\"><img loading=\"lazy\" decoding=\"async\" width=\"96\" height=\"96\" src=\"https:\/\/lalmachine.com\/wp-content\/uploads\/2025\/11\/boite_brutaliste_etain_02.jpg\" class=\"attachment-thumbnail size-thumbnail\" alt=\"\" \/><\/a> <a href=\"https:\/\/lalmachine.com\/wp-content\/uploads\/2025\/11\/boite_brutaliste_etain_03.jpg\"><img loading=\"lazy\" decoding=\"async\" width=\"96\" height=\"96\" src=\"https:\/\/lalmachine.com\/wp-content\/uploads\/2025\/11\/boite_brutaliste_etain_03.jpg\" class=\"attachment-thumbnail size-thumbnail\" alt=\"\" \/><\/a> <a href=\"https:\/\/lalmachine.com\/wp-content\/uploads\/2025\/11\/boite_brutaliste_etain_05.jpg\"><img loading=\"lazy\" decoding=\"async\" width=\"96\" height=\"96\" src=\"https:\/\/lalmachine.com\/wp-content\/uploads\/2025\/11\/boite_brutaliste_etain_05.jpg\" class=\"attachment-thumbnail size-thumbnail\" alt=\"\" \/><\/a> <a href=\"https:\/\/lalmachine.com\/wp-content\/uploads\/2025\/11\/boite_brutaliste_etain_06.jpg\"><img loading=\"lazy\" decoding=\"async\" width=\"96\" height=\"96\" src=\"https:\/\/lalmachine.com\/wp-content\/uploads\/2025\/11\/boite_brutaliste_etain_06.jpg\" class=\"attachment-thumbnail size-thumbnail\" alt=\"\" \/><\/a> <a href=\"https:\/\/lalmachine.com\/wp-content\/uploads\/2025\/11\/boite_brutaliste_etain_07.jpg\"><img loading=\"lazy\" decoding=\"async\" width=\"96\" height=\"96\" src=\"https:\/\/lalmachine.com\/wp-content\/uploads\/2025\/11\/boite_brutaliste_etain_07.jpg\" class=\"attachment-thumbnail size-thumbnail\" alt=\"\" \/><\/a> <\/li>        <li class=\"wpuf-field-data wpuf-field-data-numeric_text_field\">\n                            <label>Prix:<\/label>\n                        185        <\/li>\n                <li class=\"wpuf-field-data wpuf-field-data-numeric_text_field\">\n                            <label>Quantit\u00e9:<\/label>\n                        1        <\/li>\n                <li class=\"wpuf-field-data wpuf-field-data-numeric_text_field\">\n                            <label>Hauteur (cm):<\/label>\n                        4        <\/li>\n                <li class=\"wpuf-field-data wpuf-field-data-numeric_text_field\">\n                            <label>Largeur (cm):<\/label>\n                        16        <\/li>\n                <li class=\"wpuf-field-data wpuf-field-data-numeric_text_field\">\n                            <label>Profondeur (cm):<\/label>\n                        12        <\/li>\n        <\/ul>","protected":false},"excerpt":{"rendered":"<p>Lourde boite brutalist en \u00e9tain et verre attribu\u00e9 au designer fran\u00e7ais Jacques Avoinet, ann\u00e9e 60-70<\/p>","protected":false},"featured_media":352742,"template":"","meta":{"_et_pb_use_builder":"","_et_pb_old_content":"","_et_gb_content_width":""},"product_brand":[],"product_cat":[94,50],"product_tag":[],"proximite":[198],"class_list":{"0":"post-352664","1":"product","2":"type-product","3":"status-publish","4":"has-post-thumbnail","6":"product_cat-decoration","7":"product_cat-decorer","8":"product_shipping_class-nouveau-larousse","9":"pa_couleur-gris","10":"pa_etat-tres-bon-etat","11":"pa_materiau-metal","12":"pa_style-vintage","13":"proximite-bale-ville","15":"first","16":"instock","17":"shipping-taxable","18":"purchasable","19":"product-type-simple"},"yoast_head":"<!-- This site is optimized with the Yoast SEO plugin v27.3 - https:\/\/yoast.com\/product\/yoast-seo-wordpress\/ -->\n<title>Boite brutaliste en \u00e9tain et verre attribu\u00e9 \u00e0 Jacques Avoinet | lalmachine.com<\/title>\n<meta name=\"description\" content=\"Boite brutaliste en \u00e9tain et verre attribu\u00e9 \u00e0 Jacques Avoinet\" \/>\n<meta name=\"robots\" content=\"index, follow, max-snippet:-1, max-image-preview:large, max-video-preview:-1\" \/>\n<link rel=\"canonical\" href=\"https:\/\/lalmachine.com\/de\/shop\/decorer\/decoration\/boite-brutaliste-en-etain-et-verre-attribue-a-jacques-avoinet\/\" \/>\n<meta property=\"og:locale\" content=\"de_DE\" \/>\n<meta property=\"og:type\" content=\"article\" \/>\n<meta property=\"og:title\" content=\"Boite brutaliste en \u00e9tain et verre attribu\u00e9 \u00e0 Jacques Avoinet | lalmachine.com\" \/>\n<meta property=\"og:description\" content=\"Boite brutaliste en \u00e9tain et verre attribu\u00e9 \u00e0 Jacques Avoinet\" \/>\n<meta property=\"og:url\" content=\"https:\/\/lalmachine.com\/de\/shop\/decorer\/decoration\/boite-brutaliste-en-etain-et-verre-attribue-a-jacques-avoinet\/\" \/>\n<meta property=\"og:site_name\" content=\"lalmachine.com\" \/>\n<meta property=\"article:publisher\" content=\"https:\/\/facebook.com\/lalmachine\" \/>\n<meta property=\"article:modified_time\" content=\"2025-11-12T15:31:33+00:00\" \/>\n<meta property=\"og:image\" content=\"https:\/\/lalmachine.com\/wp-content\/uploads\/2025\/11\/boite_brutaliste_etain_04_clipped_rev_1.jpeg\" \/>\n\t<meta property=\"og:image:width\" content=\"1385\" \/>\n\t<meta property=\"og:image:height\" content=\"1385\" \/>\n\t<meta property=\"og:image:type\" content=\"image\/jpeg\" \/>\n<meta name=\"twitter:card\" content=\"summary_large_image\" \/>\n<script type=\"application\/ld+json\" class=\"yoast-schema-graph\">{\"@context\":\"https:\\\/\\\/schema.org\",\"@graph\":[{\"@type\":\"WebPage\",\"@id\":\"https:\\\/\\\/lalmachine.com\\\/shop\\\/decorer\\\/decoration\\\/boite-brutaliste-en-etain-et-verre-attribue-a-jacques-avoinet\\\/\",\"url\":\"https:\\\/\\\/lalmachine.com\\\/shop\\\/decorer\\\/decoration\\\/boite-brutaliste-en-etain-et-verre-attribue-a-jacques-avoinet\\\/\",\"name\":\"Boite brutaliste en \u00e9tain et verre attribu\u00e9 \u00e0 Jacques Avoinet | lalmachine.com\",\"isPartOf\":{\"@id\":\"https:\\\/\\\/lalmachine.com\\\/#website\"},\"primaryImageOfPage\":{\"@id\":\"https:\\\/\\\/lalmachine.com\\\/shop\\\/decorer\\\/decoration\\\/boite-brutaliste-en-etain-et-verre-attribue-a-jacques-avoinet\\\/#primaryimage\"},\"image\":{\"@id\":\"https:\\\/\\\/lalmachine.com\\\/shop\\\/decorer\\\/decoration\\\/boite-brutaliste-en-etain-et-verre-attribue-a-jacques-avoinet\\\/#primaryimage\"},\"thumbnailUrl\":\"https:\\\/\\\/lalmachine.com\\\/wp-content\\\/uploads\\\/2025\\\/11\\\/boite_brutaliste_etain_04_clipped_rev_1.jpeg\",\"datePublished\":\"2025-11-12T15:31:31+00:00\",\"dateModified\":\"2025-11-12T15:31:33+00:00\",\"description\":\"Boite brutaliste en \u00e9tain et verre attribu\u00e9 \u00e0 Jacques Avoinet\",\"breadcrumb\":{\"@id\":\"https:\\\/\\\/lalmachine.com\\\/shop\\\/decorer\\\/decoration\\\/boite-brutaliste-en-etain-et-verre-attribue-a-jacques-avoinet\\\/#breadcrumb\"},\"inLanguage\":\"de\",\"potentialAction\":[{\"@type\":\"ReadAction\",\"target\":[\"https:\\\/\\\/lalmachine.com\\\/shop\\\/decorer\\\/decoration\\\/boite-brutaliste-en-etain-et-verre-attribue-a-jacques-avoinet\\\/\"]}]},{\"@type\":\"ImageObject\",\"inLanguage\":\"de\",\"@id\":\"https:\\\/\\\/lalmachine.com\\\/shop\\\/decorer\\\/decoration\\\/boite-brutaliste-en-etain-et-verre-attribue-a-jacques-avoinet\\\/#primaryimage\",\"url\":\"https:\\\/\\\/lalmachine.com\\\/wp-content\\\/uploads\\\/2025\\\/11\\\/boite_brutaliste_etain_04_clipped_rev_1.jpeg\",\"contentUrl\":\"https:\\\/\\\/lalmachine.com\\\/wp-content\\\/uploads\\\/2025\\\/11\\\/boite_brutaliste_etain_04_clipped_rev_1.jpeg\",\"width\":1385,\"height\":1385},{\"@type\":\"BreadcrumbList\",\"@id\":\"https:\\\/\\\/lalmachine.com\\\/shop\\\/decorer\\\/decoration\\\/boite-brutaliste-en-etain-et-verre-attribue-a-jacques-avoinet\\\/#breadcrumb\",\"itemListElement\":[{\"@type\":\"ListItem\",\"position\":1,\"name\":\"Accueil\",\"item\":\"https:\\\/\\\/lalmachine.com\\\/\"},{\"@type\":\"ListItem\",\"position\":2,\"name\":\"Shop\",\"item\":\"https:\\\/\\\/lalmachine.com\\\/shop\\\/\"},{\"@type\":\"ListItem\",\"position\":3,\"name\":\"Boite brutaliste en \u00e9tain et verre attribu\u00e9 \u00e0 Jacques Avoinet\"}]},{\"@type\":\"WebSite\",\"@id\":\"https:\\\/\\\/lalmachine.com\\\/#website\",\"url\":\"https:\\\/\\\/lalmachine.com\\\/\",\"name\":\"lalmachine.com\",\"description\":\"Brocante en ligne Suisse | Mobilier et objets d\u00e9co vintage et design\",\"potentialAction\":[{\"@type\":\"SearchAction\",\"target\":{\"@type\":\"EntryPoint\",\"urlTemplate\":\"https:\\\/\\\/lalmachine.com\\\/?s={search_term_string}\"},\"query-input\":{\"@type\":\"PropertyValueSpecification\",\"valueRequired\":true,\"valueName\":\"search_term_string\"}}],\"inLanguage\":\"de\"}]}<\/script>\n<!-- \/ Yoast SEO plugin. -->","yoast_head_json":{"title":"Boite brutaliste en \u00e9tain et verre attribu\u00e9 \u00e0 Jacques Avoinet | lalmachine.com","description":"Boite brutaliste en \u00e9tain et verre attribu\u00e9 \u00e0 Jacques Avoinet","robots":{"index":"index","follow":"follow","max-snippet":"max-snippet:-1","max-image-preview":"max-image-preview:large","max-video-preview":"max-video-preview:-1"},"canonical":"https:\/\/lalmachine.com\/de\/shop\/decorer\/decoration\/boite-brutaliste-en-etain-et-verre-attribue-a-jacques-avoinet\/","og_locale":"de_DE","og_type":"article","og_title":"Boite brutaliste en \u00e9tain et verre attribu\u00e9 \u00e0 Jacques Avoinet | lalmachine.com","og_description":"Boite brutaliste en \u00e9tain et verre attribu\u00e9 \u00e0 Jacques Avoinet","og_url":"https:\/\/lalmachine.com\/de\/shop\/decorer\/decoration\/boite-brutaliste-en-etain-et-verre-attribue-a-jacques-avoinet\/","og_site_name":"lalmachine.com","article_publisher":"https:\/\/facebook.com\/lalmachine","article_modified_time":"2025-11-12T15:31:33+00:00","og_image":[{"width":1385,"height":1385,"url":"https:\/\/lalmachine.com\/wp-content\/uploads\/2025\/11\/boite_brutaliste_etain_04_clipped_rev_1.jpeg","type":"image\/jpeg"}],"twitter_card":"summary_large_image","schema":{"@context":"https:\/\/schema.org","@graph":[{"@type":"WebPage","@id":"https:\/\/lalmachine.com\/shop\/decorer\/decoration\/boite-brutaliste-en-etain-et-verre-attribue-a-jacques-avoinet\/","url":"https:\/\/lalmachine.com\/shop\/decorer\/decoration\/boite-brutaliste-en-etain-et-verre-attribue-a-jacques-avoinet\/","name":"Boite brutaliste en \u00e9tain et verre attribu\u00e9 \u00e0 Jacques Avoinet | lalmachine.com","isPartOf":{"@id":"https:\/\/lalmachine.com\/#website"},"primaryImageOfPage":{"@id":"https:\/\/lalmachine.com\/shop\/decorer\/decoration\/boite-brutaliste-en-etain-et-verre-attribue-a-jacques-avoinet\/#primaryimage"},"image":{"@id":"https:\/\/lalmachine.com\/shop\/decorer\/decoration\/boite-brutaliste-en-etain-et-verre-attribue-a-jacques-avoinet\/#primaryimage"},"thumbnailUrl":"https:\/\/lalmachine.com\/wp-content\/uploads\/2025\/11\/boite_brutaliste_etain_04_clipped_rev_1.jpeg","datePublished":"2025-11-12T15:31:31+00:00","dateModified":"2025-11-12T15:31:33+00:00","description":"Boite brutaliste en \u00e9tain et verre attribu\u00e9 \u00e0 Jacques Avoinet","breadcrumb":{"@id":"https:\/\/lalmachine.com\/shop\/decorer\/decoration\/boite-brutaliste-en-etain-et-verre-attribue-a-jacques-avoinet\/#breadcrumb"},"inLanguage":"de","potentialAction":[{"@type":"ReadAction","target":["https:\/\/lalmachine.com\/shop\/decorer\/decoration\/boite-brutaliste-en-etain-et-verre-attribue-a-jacques-avoinet\/"]}]},{"@type":"ImageObject","inLanguage":"de","@id":"https:\/\/lalmachine.com\/shop\/decorer\/decoration\/boite-brutaliste-en-etain-et-verre-attribue-a-jacques-avoinet\/#primaryimage","url":"https:\/\/lalmachine.com\/wp-content\/uploads\/2025\/11\/boite_brutaliste_etain_04_clipped_rev_1.jpeg","contentUrl":"https:\/\/lalmachine.com\/wp-content\/uploads\/2025\/11\/boite_brutaliste_etain_04_clipped_rev_1.jpeg","width":1385,"height":1385},{"@type":"BreadcrumbList","@id":"https:\/\/lalmachine.com\/shop\/decorer\/decoration\/boite-brutaliste-en-etain-et-verre-attribue-a-jacques-avoinet\/#breadcrumb","itemListElement":[{"@type":"ListItem","position":1,"name":"Accueil","item":"https:\/\/lalmachine.com\/"},{"@type":"ListItem","position":2,"name":"Shop","item":"https:\/\/lalmachine.com\/shop\/"},{"@type":"ListItem","position":3,"name":"Boite brutaliste en \u00e9tain et verre attribu\u00e9 \u00e0 Jacques Avoinet"}]},{"@type":"WebSite","@id":"https:\/\/lalmachine.com\/#website","url":"https:\/\/lalmachine.com\/","name":"lalmachine.com","description":"Brocante en ligne Suisse | Mobilier et objets d\u00e9co vintage et design","potentialAction":[{"@type":"SearchAction","target":{"@type":"EntryPoint","urlTemplate":"https:\/\/lalmachine.com\/?s={search_term_string}"},"query-input":{"@type":"PropertyValueSpecification","valueRequired":true,"valueName":"search_term_string"}}],"inLanguage":"de"}]}},"_links":{"self":[{"href":"https:\/\/lalmachine.com\/de\/wp-json\/wp\/v2\/product\/352664","targetHints":{"allow":["GET"]}}],"collection":[{"href":"https:\/\/lalmachine.com\/de\/wp-json\/wp\/v2\/product"}],"about":[{"href":"https:\/\/lalmachine.com\/de\/wp-json\/wp\/v2\/types\/product"}],"wp:featuredmedia":[{"embeddable":true,"href":"https:\/\/lalmachine.com\/de\/wp-json\/wp\/v2\/media\/352742"}],"wp:attachment":[{"href":"https:\/\/lalmachine.com\/de\/wp-json\/wp\/v2\/media?parent=352664"}],"wp:term":[{"taxonomy":"product_brand","embeddable":true,"href":"https:\/\/lalmachine.com\/de\/wp-json\/wp\/v2\/product_brand?post=352664"},{"taxonomy":"product_cat","embeddable":true,"href":"https:\/\/lalmachine.com\/de\/wp-json\/wp\/v2\/product_cat?post=352664"},{"taxonomy":"product_tag","embeddable":true,"href":"https:\/\/lalmachine.com\/de\/wp-json\/wp\/v2\/product_tag?post=352664"},{"taxonomy":"proximite","embeddable":true,"href":"https:\/\/lalmachine.com\/de\/wp-json\/wp\/v2\/proximite?post=352664"}],"curies":[{"name":"wp","href":"https:\/\/api.w.org\/{rel}","templated":true}]}}