{"id":353403,"date":"2025-11-23T15:05:20","date_gmt":"2025-11-23T14:05:20","guid":{"rendered":"https:\/\/lalmachine.com\/?post_type=product&#038;p=353403"},"modified":"2025-11-23T15:05:22","modified_gmt":"2025-11-23T14:05:22","slug":"sculpture-ampoule-neon-de-pierre-giraudon-1970","status":"publish","type":"product","link":"https:\/\/lalmachine.com\/de\/shop\/decorer\/art-and-co\/sculpture-ampoule-neon-de-pierre-giraudon-1970\/","title":{"rendered":"Sculpture ampoule N\u00e9on de Pierre Giraudon, 1970"},"content":{"rendered":"<ul class=\"wpuf_customs\"><li style=\"list-style-type:none;\"><label>Autres photos:<\/label> <a href=\"https:\/\/lalmachine.com\/wp-content\/uploads\/2025\/11\/IMG_5847-1-scaled.jpeg\"><img loading=\"lazy\" decoding=\"async\" width=\"72\" height=\"96\" src=\"https:\/\/lalmachine.com\/wp-content\/uploads\/2025\/11\/IMG_5847-1-scaled.jpeg\" class=\"attachment-thumbnail size-thumbnail\" alt=\"\" \/><\/a> <a href=\"https:\/\/lalmachine.com\/wp-content\/uploads\/2025\/11\/IMG_5843-scaled.jpeg\"><img loading=\"lazy\" decoding=\"async\" width=\"72\" height=\"96\" src=\"https:\/\/lalmachine.com\/wp-content\/uploads\/2025\/11\/IMG_5843-scaled.jpeg\" class=\"attachment-thumbnail size-thumbnail\" alt=\"\" \/><\/a> <a href=\"https:\/\/lalmachine.com\/wp-content\/uploads\/2025\/11\/IMG_5845-scaled.jpeg\"><img loading=\"lazy\" decoding=\"async\" width=\"72\" height=\"96\" src=\"https:\/\/lalmachine.com\/wp-content\/uploads\/2025\/11\/IMG_5845-scaled.jpeg\" class=\"attachment-thumbnail size-thumbnail\" alt=\"\" \/><\/a> <a href=\"https:\/\/lalmachine.com\/wp-content\/uploads\/2025\/11\/IMG_5841-scaled.jpeg\"><img loading=\"lazy\" decoding=\"async\" width=\"72\" height=\"96\" src=\"https:\/\/lalmachine.com\/wp-content\/uploads\/2025\/11\/IMG_5841-scaled.jpeg\" class=\"attachment-thumbnail size-thumbnail\" alt=\"\" \/><\/a> <a href=\"https:\/\/lalmachine.com\/wp-content\/uploads\/2025\/11\/IMG_5837-scaled.jpeg\"><img loading=\"lazy\" decoding=\"async\" width=\"72\" height=\"96\" src=\"https:\/\/lalmachine.com\/wp-content\/uploads\/2025\/11\/IMG_5837-scaled.jpeg\" class=\"attachment-thumbnail size-thumbnail\" alt=\"\" \/><\/a> <a href=\"https:\/\/lalmachine.com\/wp-content\/uploads\/2025\/11\/IMG_5829-scaled.jpeg\"><img loading=\"lazy\" decoding=\"async\" width=\"72\" height=\"96\" src=\"https:\/\/lalmachine.com\/wp-content\/uploads\/2025\/11\/IMG_5829-scaled.jpeg\" class=\"attachment-thumbnail size-thumbnail\" alt=\"\" \/><\/a> <\/li>        <li class=\"wpuf-field-data wpuf-field-data-numeric_text_field\">\n                            <label>Prix:<\/label>\n                        150        <\/li>\n                <li class=\"wpuf-field-data wpuf-field-data-numeric_text_field\">\n                            <label>Quantit\u00e9:<\/label>\n                        1        <\/li>\n                <li class=\"wpuf-field-data wpuf-field-data-numeric_text_field\">\n                            <label>Hauteur (cm):<\/label>\n                        11        <\/li>\n                <li class=\"wpuf-field-data wpuf-field-data-numeric_text_field\">\n                            <label>Largeur (cm):<\/label>\n                        8        <\/li>\n                <li class=\"wpuf-field-data wpuf-field-data-numeric_text_field\">\n                            <label>Profondeur (cm):<\/label>\n                        8        <\/li>\n        <\/ul>","protected":false},"excerpt":{"rendered":"<p>Il s\u2019agit d\u2019une sculpture en r\u00e9sine con\u00e7ue par Pierre Giraudon, mod\u00e8le &#8220;Neon&#8221;, France Mid-Century Modern \/ ann\u00e9es 1970, avec un effet lueur dans le noir phosphorescent. L\u2019objet est en bon \u00e9tat vintage mais on peut noter des rayures de surfaces. J\u2019ai r\u00e9alis\u00e9 une image avec une source lumineuse en dessous afin d\u2019accentuer les d\u00e9fauts, sans cette source, ils sont beaucoup moins visibles.<\/p>","protected":false},"featured_media":353474,"template":"","meta":{"_et_pb_use_builder":"","_et_pb_old_content":"","_et_gb_content_width":""},"product_brand":[],"product_cat":[365,50],"product_tag":[],"proximite":[278,179],"class_list":{"0":"post-353403","1":"product","2":"type-product","3":"status-publish","4":"has-post-thumbnail","6":"product_cat-art-and-co","7":"product_cat-decorer","8":"product_shipping_class-10-30-kg","9":"pa_couleur-transparent","10":"pa_designer-autres-designers","11":"pa_etat-bon-etat","12":"pa_materiau-autre","13":"pa_style-vintage","14":"proximite-lausanne","15":"proximite-vaud","17":"first","18":"instock","19":"shipping-taxable","20":"purchasable","21":"product-type-simple"},"yoast_head":"<!-- This site is optimized with the Yoast SEO plugin v27.4 - https:\/\/yoast.com\/product\/yoast-seo-wordpress\/ -->\n<title>Sculpture ampoule N\u00e9on de Pierre Giraudon, 1970 | lalmachine.com<\/title>\n<meta name=\"description\" content=\"Sculpture ampoule N\u00e9on de Pierre Giraudon, 1970\" \/>\n<meta name=\"robots\" content=\"index, follow, max-snippet:-1, max-image-preview:large, max-video-preview:-1\" \/>\n<link rel=\"canonical\" href=\"http:\/\/lalmachine.com\/de\/shop\/decorer\/art-and-co\/sculpture-ampoule-neon-de-pierre-giraudon-1970\/\" \/>\n<meta property=\"og:locale\" content=\"de_DE\" \/>\n<meta property=\"og:type\" content=\"article\" \/>\n<meta property=\"og:title\" content=\"Sculpture ampoule N\u00e9on de Pierre Giraudon, 1970 | lalmachine.com\" \/>\n<meta property=\"og:description\" content=\"Sculpture ampoule N\u00e9on de Pierre Giraudon, 1970\" \/>\n<meta property=\"og:url\" content=\"http:\/\/lalmachine.com\/de\/shop\/decorer\/art-and-co\/sculpture-ampoule-neon-de-pierre-giraudon-1970\/\" \/>\n<meta property=\"og:site_name\" content=\"lalmachine.com\" \/>\n<meta property=\"article:publisher\" content=\"https:\/\/facebook.com\/lalmachine\" \/>\n<meta property=\"article:modified_time\" content=\"2025-11-23T14:05:22+00:00\" \/>\n<meta property=\"og:image\" content=\"https:\/\/lalmachine.com\/wp-content\/uploads\/2025\/11\/IMG_5847-scaled_clipped_rev_1.jpeg\" \/>\n\t<meta property=\"og:image:width\" content=\"1979\" \/>\n\t<meta property=\"og:image:height\" content=\"1980\" \/>\n\t<meta property=\"og:image:type\" content=\"image\/jpeg\" \/>\n<meta name=\"twitter:card\" content=\"summary_large_image\" \/>\n<script type=\"application\/ld+json\" class=\"yoast-schema-graph\">{\"@context\":\"https:\\\/\\\/schema.org\",\"@graph\":[{\"@type\":\"WebPage\",\"@id\":\"http:\\\/\\\/lalmachine.com\\\/de\\\/shop\\\/decorer\\\/art-and-co\\\/sculpture-ampoule-neon-de-pierre-giraudon-1970\\\/\",\"url\":\"http:\\\/\\\/lalmachine.com\\\/de\\\/shop\\\/decorer\\\/art-and-co\\\/sculpture-ampoule-neon-de-pierre-giraudon-1970\\\/\",\"name\":\"Sculpture ampoule N\u00e9on de Pierre Giraudon, 1970 | lalmachine.com\",\"isPartOf\":{\"@id\":\"https:\\\/\\\/lalmachine.com\\\/#website\"},\"primaryImageOfPage\":{\"@id\":\"http:\\\/\\\/lalmachine.com\\\/de\\\/shop\\\/decorer\\\/art-and-co\\\/sculpture-ampoule-neon-de-pierre-giraudon-1970\\\/#primaryimage\"},\"image\":{\"@id\":\"http:\\\/\\\/lalmachine.com\\\/de\\\/shop\\\/decorer\\\/art-and-co\\\/sculpture-ampoule-neon-de-pierre-giraudon-1970\\\/#primaryimage\"},\"thumbnailUrl\":\"https:\\\/\\\/lalmachine.com\\\/wp-content\\\/uploads\\\/2025\\\/11\\\/IMG_5847-scaled_clipped_rev_1.jpeg\",\"datePublished\":\"2025-11-23T14:05:20+00:00\",\"dateModified\":\"2025-11-23T14:05:22+00:00\",\"description\":\"Sculpture ampoule N\u00e9on de Pierre Giraudon, 1970\",\"breadcrumb\":{\"@id\":\"http:\\\/\\\/lalmachine.com\\\/de\\\/shop\\\/decorer\\\/art-and-co\\\/sculpture-ampoule-neon-de-pierre-giraudon-1970\\\/#breadcrumb\"},\"inLanguage\":\"de\",\"potentialAction\":[{\"@type\":\"ReadAction\",\"target\":[\"http:\\\/\\\/lalmachine.com\\\/de\\\/shop\\\/decorer\\\/art-and-co\\\/sculpture-ampoule-neon-de-pierre-giraudon-1970\\\/\"]}]},{\"@type\":\"ImageObject\",\"inLanguage\":\"de\",\"@id\":\"http:\\\/\\\/lalmachine.com\\\/de\\\/shop\\\/decorer\\\/art-and-co\\\/sculpture-ampoule-neon-de-pierre-giraudon-1970\\\/#primaryimage\",\"url\":\"https:\\\/\\\/lalmachine.com\\\/wp-content\\\/uploads\\\/2025\\\/11\\\/IMG_5847-scaled_clipped_rev_1.jpeg\",\"contentUrl\":\"https:\\\/\\\/lalmachine.com\\\/wp-content\\\/uploads\\\/2025\\\/11\\\/IMG_5847-scaled_clipped_rev_1.jpeg\",\"width\":1979,\"height\":1980,\"caption\":\"Sculpture ampoule N\u00e9on de Pierre Giraudon\"},{\"@type\":\"BreadcrumbList\",\"@id\":\"http:\\\/\\\/lalmachine.com\\\/de\\\/shop\\\/decorer\\\/art-and-co\\\/sculpture-ampoule-neon-de-pierre-giraudon-1970\\\/#breadcrumb\",\"itemListElement\":[{\"@type\":\"ListItem\",\"position\":1,\"name\":\"Accueil\",\"item\":\"https:\\\/\\\/lalmachine.com\\\/\"},{\"@type\":\"ListItem\",\"position\":2,\"name\":\"Shop\",\"item\":\"https:\\\/\\\/lalmachine.com\\\/shop\\\/\"},{\"@type\":\"ListItem\",\"position\":3,\"name\":\"Sculpture ampoule N\u00e9on de Pierre Giraudon, 1970\"}]},{\"@type\":\"WebSite\",\"@id\":\"https:\\\/\\\/lalmachine.com\\\/#website\",\"url\":\"https:\\\/\\\/lalmachine.com\\\/\",\"name\":\"lalmachine.com\",\"description\":\"Brocante en ligne Suisse | Mobilier et objets d\u00e9co vintage et design\",\"potentialAction\":[{\"@type\":\"SearchAction\",\"target\":{\"@type\":\"EntryPoint\",\"urlTemplate\":\"https:\\\/\\\/lalmachine.com\\\/?s={search_term_string}\"},\"query-input\":{\"@type\":\"PropertyValueSpecification\",\"valueRequired\":true,\"valueName\":\"search_term_string\"}}],\"inLanguage\":\"de\"}]}<\/script>\n<!-- \/ Yoast SEO plugin. -->","yoast_head_json":{"title":"Sculpture ampoule N\u00e9on de Pierre Giraudon, 1970 | lalmachine.com","description":"Sculpture ampoule N\u00e9on de Pierre Giraudon, 1970","robots":{"index":"index","follow":"follow","max-snippet":"max-snippet:-1","max-image-preview":"max-image-preview:large","max-video-preview":"max-video-preview:-1"},"canonical":"http:\/\/lalmachine.com\/de\/shop\/decorer\/art-and-co\/sculpture-ampoule-neon-de-pierre-giraudon-1970\/","og_locale":"de_DE","og_type":"article","og_title":"Sculpture ampoule N\u00e9on de Pierre Giraudon, 1970 | lalmachine.com","og_description":"Sculpture ampoule N\u00e9on de Pierre Giraudon, 1970","og_url":"http:\/\/lalmachine.com\/de\/shop\/decorer\/art-and-co\/sculpture-ampoule-neon-de-pierre-giraudon-1970\/","og_site_name":"lalmachine.com","article_publisher":"https:\/\/facebook.com\/lalmachine","article_modified_time":"2025-11-23T14:05:22+00:00","og_image":[{"width":1979,"height":1980,"url":"https:\/\/lalmachine.com\/wp-content\/uploads\/2025\/11\/IMG_5847-scaled_clipped_rev_1.jpeg","type":"image\/jpeg"}],"twitter_card":"summary_large_image","schema":{"@context":"https:\/\/schema.org","@graph":[{"@type":"WebPage","@id":"http:\/\/lalmachine.com\/de\/shop\/decorer\/art-and-co\/sculpture-ampoule-neon-de-pierre-giraudon-1970\/","url":"http:\/\/lalmachine.com\/de\/shop\/decorer\/art-and-co\/sculpture-ampoule-neon-de-pierre-giraudon-1970\/","name":"Sculpture ampoule N\u00e9on de Pierre Giraudon, 1970 | lalmachine.com","isPartOf":{"@id":"https:\/\/lalmachine.com\/#website"},"primaryImageOfPage":{"@id":"http:\/\/lalmachine.com\/de\/shop\/decorer\/art-and-co\/sculpture-ampoule-neon-de-pierre-giraudon-1970\/#primaryimage"},"image":{"@id":"http:\/\/lalmachine.com\/de\/shop\/decorer\/art-and-co\/sculpture-ampoule-neon-de-pierre-giraudon-1970\/#primaryimage"},"thumbnailUrl":"https:\/\/lalmachine.com\/wp-content\/uploads\/2025\/11\/IMG_5847-scaled_clipped_rev_1.jpeg","datePublished":"2025-11-23T14:05:20+00:00","dateModified":"2025-11-23T14:05:22+00:00","description":"Sculpture ampoule N\u00e9on de Pierre Giraudon, 1970","breadcrumb":{"@id":"http:\/\/lalmachine.com\/de\/shop\/decorer\/art-and-co\/sculpture-ampoule-neon-de-pierre-giraudon-1970\/#breadcrumb"},"inLanguage":"de","potentialAction":[{"@type":"ReadAction","target":["http:\/\/lalmachine.com\/de\/shop\/decorer\/art-and-co\/sculpture-ampoule-neon-de-pierre-giraudon-1970\/"]}]},{"@type":"ImageObject","inLanguage":"de","@id":"http:\/\/lalmachine.com\/de\/shop\/decorer\/art-and-co\/sculpture-ampoule-neon-de-pierre-giraudon-1970\/#primaryimage","url":"https:\/\/lalmachine.com\/wp-content\/uploads\/2025\/11\/IMG_5847-scaled_clipped_rev_1.jpeg","contentUrl":"https:\/\/lalmachine.com\/wp-content\/uploads\/2025\/11\/IMG_5847-scaled_clipped_rev_1.jpeg","width":1979,"height":1980,"caption":"Sculpture ampoule N\u00e9on de Pierre Giraudon"},{"@type":"BreadcrumbList","@id":"http:\/\/lalmachine.com\/de\/shop\/decorer\/art-and-co\/sculpture-ampoule-neon-de-pierre-giraudon-1970\/#breadcrumb","itemListElement":[{"@type":"ListItem","position":1,"name":"Accueil","item":"https:\/\/lalmachine.com\/"},{"@type":"ListItem","position":2,"name":"Shop","item":"https:\/\/lalmachine.com\/shop\/"},{"@type":"ListItem","position":3,"name":"Sculpture ampoule N\u00e9on de Pierre Giraudon, 1970"}]},{"@type":"WebSite","@id":"https:\/\/lalmachine.com\/#website","url":"https:\/\/lalmachine.com\/","name":"lalmachine.com","description":"Brocante en ligne Suisse | Mobilier et objets d\u00e9co vintage et design","potentialAction":[{"@type":"SearchAction","target":{"@type":"EntryPoint","urlTemplate":"https:\/\/lalmachine.com\/?s={search_term_string}"},"query-input":{"@type":"PropertyValueSpecification","valueRequired":true,"valueName":"search_term_string"}}],"inLanguage":"de"}]}},"_links":{"self":[{"href":"https:\/\/lalmachine.com\/de\/wp-json\/wp\/v2\/product\/353403","targetHints":{"allow":["GET"]}}],"collection":[{"href":"https:\/\/lalmachine.com\/de\/wp-json\/wp\/v2\/product"}],"about":[{"href":"https:\/\/lalmachine.com\/de\/wp-json\/wp\/v2\/types\/product"}],"wp:featuredmedia":[{"embeddable":true,"href":"https:\/\/lalmachine.com\/de\/wp-json\/wp\/v2\/media\/353474"}],"wp:attachment":[{"href":"https:\/\/lalmachine.com\/de\/wp-json\/wp\/v2\/media?parent=353403"}],"wp:term":[{"taxonomy":"product_brand","embeddable":true,"href":"https:\/\/lalmachine.com\/de\/wp-json\/wp\/v2\/product_brand?post=353403"},{"taxonomy":"product_cat","embeddable":true,"href":"https:\/\/lalmachine.com\/de\/wp-json\/wp\/v2\/product_cat?post=353403"},{"taxonomy":"product_tag","embeddable":true,"href":"https:\/\/lalmachine.com\/de\/wp-json\/wp\/v2\/product_tag?post=353403"},{"taxonomy":"proximite","embeddable":true,"href":"https:\/\/lalmachine.com\/de\/wp-json\/wp\/v2\/proximite?post=353403"}],"curies":[{"name":"wp","href":"https:\/\/api.w.org\/{rel}","templated":true}]}}