{"id":353611,"date":"2025-11-26T09:22:56","date_gmt":"2025-11-26T08:22:56","guid":{"rendered":"https:\/\/lalmachine.com\/?post_type=product&#038;p=353611"},"modified":"2025-12-26T09:34:42","modified_gmt":"2025-12-26T08:34:42","slug":"table-en-bouleau-h-glarus-attr-hans-bellmann","status":"publish","type":"product","link":"https:\/\/lalmachine.com\/de\/shop\/meubler\/table\/table-en-bouleau-h-glarus-attr-hans-bellmann\/","title":{"rendered":"Table en bouleau H. Glarus attr. Hans Bellmann"},"content":{"rendered":"<ul class=\"wpuf_customs\"><li style=\"list-style-type:none;\"><label>Autres photos:<\/label> <a href=\"https:\/\/lalmachine.com\/wp-content\/uploads\/2025\/11\/transparent-Photoroom-39.jpg\"><img loading=\"lazy\" decoding=\"async\" width=\"77\" height=\"96\" src=\"https:\/\/lalmachine.com\/wp-content\/uploads\/2025\/11\/transparent-Photoroom-39.jpg\" class=\"attachment-thumbnail size-thumbnail\" alt=\"\" \/><\/a> <a href=\"https:\/\/lalmachine.com\/wp-content\/uploads\/2025\/11\/transparent-Photoroom-37.jpg\"><img loading=\"lazy\" decoding=\"async\" width=\"96\" height=\"96\" src=\"https:\/\/lalmachine.com\/wp-content\/uploads\/2025\/11\/transparent-Photoroom-37.jpg\" class=\"attachment-thumbnail size-thumbnail\" alt=\"\" \/><\/a> <a href=\"https:\/\/lalmachine.com\/wp-content\/uploads\/2025\/11\/transparent-Photoroom-36.jpg\"><img loading=\"lazy\" decoding=\"async\" width=\"77\" height=\"96\" src=\"https:\/\/lalmachine.com\/wp-content\/uploads\/2025\/11\/transparent-Photoroom-36.jpg\" class=\"attachment-thumbnail size-thumbnail\" alt=\"\" \/><\/a> <a href=\"https:\/\/lalmachine.com\/wp-content\/uploads\/2025\/11\/transparent-Photoroom-35.jpg\"><img loading=\"lazy\" decoding=\"async\" width=\"96\" height=\"96\" src=\"https:\/\/lalmachine.com\/wp-content\/uploads\/2025\/11\/transparent-Photoroom-35.jpg\" class=\"attachment-thumbnail size-thumbnail\" alt=\"\" \/><\/a> <a href=\"https:\/\/lalmachine.com\/wp-content\/uploads\/2025\/11\/transparent-Photoroom-17.jpg\"><img loading=\"lazy\" decoding=\"async\" width=\"77\" height=\"96\" src=\"https:\/\/lalmachine.com\/wp-content\/uploads\/2025\/11\/transparent-Photoroom-17.jpg\" class=\"attachment-thumbnail size-thumbnail\" alt=\"\" \/><\/a> <a href=\"https:\/\/lalmachine.com\/wp-content\/uploads\/2025\/11\/transparent-Photoroom-24.jpg\"><img loading=\"lazy\" decoding=\"async\" width=\"77\" height=\"96\" src=\"https:\/\/lalmachine.com\/wp-content\/uploads\/2025\/11\/transparent-Photoroom-24.jpg\" class=\"attachment-thumbnail size-thumbnail\" alt=\"\" \/><\/a> <\/li>        <li class=\"wpuf-field-data wpuf-field-data-numeric_text_field\">\n                            <label>Prix:<\/label>\n                        780        <\/li>\n                <li class=\"wpuf-field-data wpuf-field-data-numeric_text_field\">\n                            <label>Quantit\u00e9:<\/label>\n                        0        <\/li>\n                <li class=\"wpuf-field-data wpuf-field-data-numeric_text_field\">\n                            <label>Hauteur (cm):<\/label>\n                        74        <\/li>\n                <li class=\"wpuf-field-data wpuf-field-data-numeric_text_field\">\n                            <label>Largeur (cm):<\/label>\n                        120        <\/li>\n                <li class=\"wpuf-field-data wpuf-field-data-numeric_text_field\">\n                            <label>Profondeur (cm):<\/label>\n                        80        <\/li>\n        <\/ul>","protected":false},"excerpt":{"rendered":"<p>Une table suisse mais des rallonges \u00e0 l&rsquo;italienne !<\/p>\n<p>Cette pi\u00e8ce (de collection) \u00e9dit\u00e9e par Horgen Glarus dans les ann\u00e9es 50 est une petite p\u00e9pite du design suisse. La table est pens\u00e9e pour ne pas occuper trop d&rsquo;espace mais peut ais\u00e9ment se d\u00e9ployer pour accueillir au minimum 2 convives suppl\u00e9mentaires.<\/p>\n<p>Une fois les rallonges referm\u00e9es, la table est augment\u00e9e d&rsquo;une planche en \u00e9paisseur pour d\u00e9licatement camoufler ses capacit\u00e9s d&rsquo;extension. Le plateau devenu plus \u00e9pais simule ainsi une fine rainure sur toute la tranche. Un liserai noir quadrille le dessus de la table pour subtilement souligner son design minimaliste et g\u00e9om\u00e9trique. Enfin, les reflets mordor\u00e9s du bouleau permettent d&rsquo;ajouter une touche lumineuse \u00e0 l&rsquo;ensemble !<\/p>\n<p>Utilisez la comme table \u00e0 manger ou bureau !<\/p>\n<p>Capacit\u00e9 4 \u00e0 6 personnes.<\/p>\n<p>Zustand<br \/>\nTr\u00e8s bon.<\/p>\n<p>Dimensions<br \/>\nLongueur 120cm (+2 x 40 cm) \/ Largeur 80 cm \/ Hauteur 74 cm<\/p>","protected":false},"featured_media":353613,"template":"","meta":{"_et_pb_use_builder":"","_et_pb_old_content":"","_et_gb_content_width":""},"product_brand":[],"product_cat":[47,82],"product_tag":[],"proximite":[283,179],"class_list":{"0":"post-353611","1":"product","2":"type-product","3":"status-publish","4":"has-post-thumbnail","6":"product_cat-meubler","7":"product_cat-table","8":"pa_couleur-bois","9":"pa_designer-autres-designers","10":"pa_etat-tres-bon-etat","11":"pa_materiau-bois","12":"pa_style-vintage","13":"proximite-riviera-pays-denhaut","14":"proximite-vaud","16":"first","17":"outofstock","18":"shipping-taxable","19":"purchasable","20":"product-type-simple"},"yoast_head":"<!-- This site is optimized with the Yoast SEO plugin v27.4 - https:\/\/yoast.com\/product\/yoast-seo-wordpress\/ -->\n<title>Table en bouleau H. Glarus attr. Hans Bellmann | lalmachine.com<\/title>\n<meta name=\"description\" content=\"Table en bouleau, H. Glarus, Attr. Hans Bellmann, Suisse, 1950&#039;s\" \/>\n<meta name=\"robots\" content=\"index, follow, max-snippet:-1, max-image-preview:large, max-video-preview:-1\" \/>\n<link rel=\"canonical\" href=\"https:\/\/lalmachine.com\/de\/shop\/meubler\/table\/table-en-bouleau-h-glarus-attr-hans-bellmann\/\" \/>\n<meta property=\"og:locale\" content=\"de_DE\" \/>\n<meta property=\"og:type\" content=\"article\" \/>\n<meta property=\"og:title\" content=\"Table en bouleau H. Glarus attr. Hans Bellmann | lalmachine.com\" \/>\n<meta property=\"og:description\" content=\"Table en bouleau, H. Glarus, Attr. Hans Bellmann, Suisse, 1950&#039;s\" \/>\n<meta property=\"og:url\" content=\"https:\/\/lalmachine.com\/de\/shop\/meubler\/table\/table-en-bouleau-h-glarus-attr-hans-bellmann\/\" \/>\n<meta property=\"og:site_name\" content=\"lalmachine.com\" \/>\n<meta property=\"article:publisher\" content=\"https:\/\/facebook.com\/lalmachine\" \/>\n<meta property=\"article:modified_time\" content=\"2025-12-26T08:34:42+00:00\" \/>\n<meta property=\"og:image\" content=\"https:\/\/lalmachine.com\/wp-content\/uploads\/2025\/11\/transparent-Photoroom-46_clipped_rev_1.jpeg\" \/>\n\t<meta property=\"og:image:width\" content=\"1529\" \/>\n\t<meta property=\"og:image:height\" content=\"1529\" \/>\n\t<meta property=\"og:image:type\" content=\"image\/jpeg\" \/>\n<meta name=\"twitter:card\" content=\"summary_large_image\" \/>\n<script type=\"application\/ld+json\" class=\"yoast-schema-graph\">{\"@context\":\"https:\\\/\\\/schema.org\",\"@graph\":[{\"@type\":\"WebPage\",\"@id\":\"https:\\\/\\\/lalmachine.com\\\/shop\\\/meubler\\\/table\\\/table-en-bouleau-h-glarus-attr-hans-bellmann\\\/\",\"url\":\"https:\\\/\\\/lalmachine.com\\\/shop\\\/meubler\\\/table\\\/table-en-bouleau-h-glarus-attr-hans-bellmann\\\/\",\"name\":\"Table en bouleau H. Glarus attr. Hans Bellmann | lalmachine.com\",\"isPartOf\":{\"@id\":\"https:\\\/\\\/lalmachine.com\\\/#website\"},\"primaryImageOfPage\":{\"@id\":\"https:\\\/\\\/lalmachine.com\\\/shop\\\/meubler\\\/table\\\/table-en-bouleau-h-glarus-attr-hans-bellmann\\\/#primaryimage\"},\"image\":{\"@id\":\"https:\\\/\\\/lalmachine.com\\\/shop\\\/meubler\\\/table\\\/table-en-bouleau-h-glarus-attr-hans-bellmann\\\/#primaryimage\"},\"thumbnailUrl\":\"https:\\\/\\\/lalmachine.com\\\/wp-content\\\/uploads\\\/2025\\\/11\\\/transparent-Photoroom-46_clipped_rev_1.jpeg\",\"datePublished\":\"2025-11-26T08:22:56+00:00\",\"dateModified\":\"2025-12-26T08:34:42+00:00\",\"description\":\"Table en bouleau, H. Glarus, Attr. Hans Bellmann, Suisse, 1950's\",\"breadcrumb\":{\"@id\":\"https:\\\/\\\/lalmachine.com\\\/shop\\\/meubler\\\/table\\\/table-en-bouleau-h-glarus-attr-hans-bellmann\\\/#breadcrumb\"},\"inLanguage\":\"de\",\"potentialAction\":[{\"@type\":\"ReadAction\",\"target\":[\"https:\\\/\\\/lalmachine.com\\\/shop\\\/meubler\\\/table\\\/table-en-bouleau-h-glarus-attr-hans-bellmann\\\/\"]}]},{\"@type\":\"ImageObject\",\"inLanguage\":\"de\",\"@id\":\"https:\\\/\\\/lalmachine.com\\\/shop\\\/meubler\\\/table\\\/table-en-bouleau-h-glarus-attr-hans-bellmann\\\/#primaryimage\",\"url\":\"https:\\\/\\\/lalmachine.com\\\/wp-content\\\/uploads\\\/2025\\\/11\\\/transparent-Photoroom-46_clipped_rev_1.jpeg\",\"contentUrl\":\"https:\\\/\\\/lalmachine.com\\\/wp-content\\\/uploads\\\/2025\\\/11\\\/transparent-Photoroom-46_clipped_rev_1.jpeg\",\"width\":1529,\"height\":1529},{\"@type\":\"BreadcrumbList\",\"@id\":\"https:\\\/\\\/lalmachine.com\\\/shop\\\/meubler\\\/table\\\/table-en-bouleau-h-glarus-attr-hans-bellmann\\\/#breadcrumb\",\"itemListElement\":[{\"@type\":\"ListItem\",\"position\":1,\"name\":\"Accueil\",\"item\":\"https:\\\/\\\/lalmachine.com\\\/\"},{\"@type\":\"ListItem\",\"position\":2,\"name\":\"Shop\",\"item\":\"https:\\\/\\\/lalmachine.com\\\/shop\\\/\"},{\"@type\":\"ListItem\",\"position\":3,\"name\":\"Table en bouleau H. Glarus attr. Hans Bellmann\"}]},{\"@type\":\"WebSite\",\"@id\":\"https:\\\/\\\/lalmachine.com\\\/#website\",\"url\":\"https:\\\/\\\/lalmachine.com\\\/\",\"name\":\"lalmachine.com\",\"description\":\"Brocante en ligne Suisse | Mobilier et objets d\u00e9co vintage et design\",\"potentialAction\":[{\"@type\":\"SearchAction\",\"target\":{\"@type\":\"EntryPoint\",\"urlTemplate\":\"https:\\\/\\\/lalmachine.com\\\/?s={search_term_string}\"},\"query-input\":{\"@type\":\"PropertyValueSpecification\",\"valueRequired\":true,\"valueName\":\"search_term_string\"}}],\"inLanguage\":\"de\"}]}<\/script>\n<!-- \/ Yoast SEO plugin. -->","yoast_head_json":{"title":"Table en bouleau H. Glarus attr. Hans Bellmann | lalmachine.com","description":"Table en bouleau, H. Glarus, Attr. Hans Bellmann, Suisse, 1950's","robots":{"index":"index","follow":"follow","max-snippet":"max-snippet:-1","max-image-preview":"max-image-preview:large","max-video-preview":"max-video-preview:-1"},"canonical":"https:\/\/lalmachine.com\/de\/shop\/meubler\/table\/table-en-bouleau-h-glarus-attr-hans-bellmann\/","og_locale":"de_DE","og_type":"article","og_title":"Table en bouleau H. Glarus attr. Hans Bellmann | lalmachine.com","og_description":"Table en bouleau, H. Glarus, Attr. Hans Bellmann, Suisse, 1950's","og_url":"https:\/\/lalmachine.com\/de\/shop\/meubler\/table\/table-en-bouleau-h-glarus-attr-hans-bellmann\/","og_site_name":"lalmachine.com","article_publisher":"https:\/\/facebook.com\/lalmachine","article_modified_time":"2025-12-26T08:34:42+00:00","og_image":[{"width":1529,"height":1529,"url":"https:\/\/lalmachine.com\/wp-content\/uploads\/2025\/11\/transparent-Photoroom-46_clipped_rev_1.jpeg","type":"image\/jpeg"}],"twitter_card":"summary_large_image","schema":{"@context":"https:\/\/schema.org","@graph":[{"@type":"WebPage","@id":"https:\/\/lalmachine.com\/shop\/meubler\/table\/table-en-bouleau-h-glarus-attr-hans-bellmann\/","url":"https:\/\/lalmachine.com\/shop\/meubler\/table\/table-en-bouleau-h-glarus-attr-hans-bellmann\/","name":"Table en bouleau H. Glarus attr. Hans Bellmann | lalmachine.com","isPartOf":{"@id":"https:\/\/lalmachine.com\/#website"},"primaryImageOfPage":{"@id":"https:\/\/lalmachine.com\/shop\/meubler\/table\/table-en-bouleau-h-glarus-attr-hans-bellmann\/#primaryimage"},"image":{"@id":"https:\/\/lalmachine.com\/shop\/meubler\/table\/table-en-bouleau-h-glarus-attr-hans-bellmann\/#primaryimage"},"thumbnailUrl":"https:\/\/lalmachine.com\/wp-content\/uploads\/2025\/11\/transparent-Photoroom-46_clipped_rev_1.jpeg","datePublished":"2025-11-26T08:22:56+00:00","dateModified":"2025-12-26T08:34:42+00:00","description":"Table en bouleau, H. Glarus, Attr. Hans Bellmann, Suisse, 1950's","breadcrumb":{"@id":"https:\/\/lalmachine.com\/shop\/meubler\/table\/table-en-bouleau-h-glarus-attr-hans-bellmann\/#breadcrumb"},"inLanguage":"de","potentialAction":[{"@type":"ReadAction","target":["https:\/\/lalmachine.com\/shop\/meubler\/table\/table-en-bouleau-h-glarus-attr-hans-bellmann\/"]}]},{"@type":"ImageObject","inLanguage":"de","@id":"https:\/\/lalmachine.com\/shop\/meubler\/table\/table-en-bouleau-h-glarus-attr-hans-bellmann\/#primaryimage","url":"https:\/\/lalmachine.com\/wp-content\/uploads\/2025\/11\/transparent-Photoroom-46_clipped_rev_1.jpeg","contentUrl":"https:\/\/lalmachine.com\/wp-content\/uploads\/2025\/11\/transparent-Photoroom-46_clipped_rev_1.jpeg","width":1529,"height":1529},{"@type":"BreadcrumbList","@id":"https:\/\/lalmachine.com\/shop\/meubler\/table\/table-en-bouleau-h-glarus-attr-hans-bellmann\/#breadcrumb","itemListElement":[{"@type":"ListItem","position":1,"name":"Accueil","item":"https:\/\/lalmachine.com\/"},{"@type":"ListItem","position":2,"name":"Shop","item":"https:\/\/lalmachine.com\/shop\/"},{"@type":"ListItem","position":3,"name":"Table en bouleau H. Glarus attr. Hans Bellmann"}]},{"@type":"WebSite","@id":"https:\/\/lalmachine.com\/#website","url":"https:\/\/lalmachine.com\/","name":"lalmachine.com","description":"Brocante en ligne Suisse | Mobilier et objets d\u00e9co vintage et design","potentialAction":[{"@type":"SearchAction","target":{"@type":"EntryPoint","urlTemplate":"https:\/\/lalmachine.com\/?s={search_term_string}"},"query-input":{"@type":"PropertyValueSpecification","valueRequired":true,"valueName":"search_term_string"}}],"inLanguage":"de"}]}},"_links":{"self":[{"href":"https:\/\/lalmachine.com\/de\/wp-json\/wp\/v2\/product\/353611","targetHints":{"allow":["GET"]}}],"collection":[{"href":"https:\/\/lalmachine.com\/de\/wp-json\/wp\/v2\/product"}],"about":[{"href":"https:\/\/lalmachine.com\/de\/wp-json\/wp\/v2\/types\/product"}],"wp:featuredmedia":[{"embeddable":true,"href":"https:\/\/lalmachine.com\/de\/wp-json\/wp\/v2\/media\/353613"}],"wp:attachment":[{"href":"https:\/\/lalmachine.com\/de\/wp-json\/wp\/v2\/media?parent=353611"}],"wp:term":[{"taxonomy":"product_brand","embeddable":true,"href":"https:\/\/lalmachine.com\/de\/wp-json\/wp\/v2\/product_brand?post=353611"},{"taxonomy":"product_cat","embeddable":true,"href":"https:\/\/lalmachine.com\/de\/wp-json\/wp\/v2\/product_cat?post=353611"},{"taxonomy":"product_tag","embeddable":true,"href":"https:\/\/lalmachine.com\/de\/wp-json\/wp\/v2\/product_tag?post=353611"},{"taxonomy":"proximite","embeddable":true,"href":"https:\/\/lalmachine.com\/de\/wp-json\/wp\/v2\/proximite?post=353611"}],"curies":[{"name":"wp","href":"https:\/\/api.w.org\/{rel}","templated":true}]}}