{"id":353883,"date":"2025-12-02T17:49:41","date_gmt":"2025-12-02T16:49:41","guid":{"rendered":"https:\/\/lalmachine.com\/?post_type=product&#038;p=353883"},"modified":"2025-12-02T17:49:42","modified_gmt":"2025-12-02T16:49:42","slug":"chariot-de-service-de-joe-colombo-bieffeplast","status":"publish","type":"product","link":"https:\/\/lalmachine.com\/de\/shop\/meubler\/meuble-de-rangement\/chariot-de-service-de-joe-colombo-bieffeplast\/","title":{"rendered":"Chariot de service de Joe Colombo, Bieffeplast"},"content":{"rendered":"<ul class=\"wpuf_customs\"><li style=\"list-style-type:none;\"><label>Autres photos:<\/label> <a href=\"https:\/\/lalmachine.com\/wp-content\/uploads\/2025\/12\/Photoroom_002_20251127_072745.jpeg\"><img loading=\"lazy\" decoding=\"async\" width=\"64\" height=\"96\" src=\"https:\/\/lalmachine.com\/wp-content\/uploads\/2025\/12\/Photoroom_002_20251127_072745.jpeg\" class=\"attachment-thumbnail size-thumbnail\" alt=\"\" \/><\/a> <a href=\"https:\/\/lalmachine.com\/wp-content\/uploads\/2025\/12\/Photoroom_003_20251127_072745.jpeg\"><img loading=\"lazy\" decoding=\"async\" width=\"64\" height=\"96\" src=\"https:\/\/lalmachine.com\/wp-content\/uploads\/2025\/12\/Photoroom_003_20251127_072745.jpeg\" class=\"attachment-thumbnail size-thumbnail\" alt=\"\" \/><\/a> <a href=\"https:\/\/lalmachine.com\/wp-content\/uploads\/2025\/12\/Photoroom_005_20251127_072745.jpeg\"><img loading=\"lazy\" decoding=\"async\" width=\"64\" height=\"96\" src=\"https:\/\/lalmachine.com\/wp-content\/uploads\/2025\/12\/Photoroom_005_20251127_072745.jpeg\" class=\"attachment-thumbnail size-thumbnail\" alt=\"\" \/><\/a> <a href=\"https:\/\/lalmachine.com\/wp-content\/uploads\/2025\/12\/Photoroom_007_20251127_072745.jpeg\"><img loading=\"lazy\" decoding=\"async\" width=\"64\" height=\"96\" src=\"https:\/\/lalmachine.com\/wp-content\/uploads\/2025\/12\/Photoroom_007_20251127_072745.jpeg\" class=\"attachment-thumbnail size-thumbnail\" alt=\"\" \/><\/a> <a href=\"https:\/\/lalmachine.com\/wp-content\/uploads\/2025\/12\/Photoroom_009_20251127_072745.jpeg\"><img loading=\"lazy\" decoding=\"async\" width=\"64\" height=\"96\" src=\"https:\/\/lalmachine.com\/wp-content\/uploads\/2025\/12\/Photoroom_009_20251127_072745.jpeg\" class=\"attachment-thumbnail size-thumbnail\" alt=\"\" \/><\/a> <a href=\"https:\/\/lalmachine.com\/wp-content\/uploads\/2025\/12\/Photoroom_010_20251127_072745.jpeg\"><img loading=\"lazy\" decoding=\"async\" width=\"64\" height=\"96\" src=\"https:\/\/lalmachine.com\/wp-content\/uploads\/2025\/12\/Photoroom_010_20251127_072745.jpeg\" class=\"attachment-thumbnail size-thumbnail\" alt=\"\" \/><\/a> <a href=\"https:\/\/lalmachine.com\/wp-content\/uploads\/2025\/12\/Photoroom_011_20251127_072745.jpeg\"><img loading=\"lazy\" decoding=\"async\" width=\"64\" height=\"96\" src=\"https:\/\/lalmachine.com\/wp-content\/uploads\/2025\/12\/Photoroom_011_20251127_072745.jpeg\" class=\"attachment-thumbnail size-thumbnail\" alt=\"\" \/><\/a> <\/li>        <li class=\"wpuf-field-data wpuf-field-data-numeric_text_field\">\n                            <label>Prix:<\/label>\n                        380        <\/li>\n                <li class=\"wpuf-field-data wpuf-field-data-numeric_text_field\">\n                            <label>Quantit\u00e9:<\/label>\n                        1        <\/li>\n                <li class=\"wpuf-field-data wpuf-field-data-numeric_text_field\">\n                            <label>Hauteur (cm):<\/label>\n                        73        <\/li>\n                <li class=\"wpuf-field-data wpuf-field-data-numeric_text_field\">\n                            <label>Largeur (cm):<\/label>\n                        41        <\/li>\n                <li class=\"wpuf-field-data wpuf-field-data-numeric_text_field\">\n                            <label>Profondeur (cm):<\/label>\n                        43        <\/li>\n        <\/ul>","protected":false},"excerpt":{"rendered":"<p>Chariot de service en plastique ABS moul\u00e9 par injection de couleur noir sur des roulettes en polypropyl\u00e8ne pour la mobilit\u00e9. Con\u00e7u par Joe Colombo pour la maison Bieffeplast dans les ann\u00e9es 1970\u2032 en Italie. Ce chariot, ic\u00f4ne du design appel\u00e9 la voiture \u00ab Bobby \u00bb offre plusieurs compartiments de rangement dont 3 et 2 tiroirs a ouverture verticale. Ce concept de Joe Colombo a re\u00e7u le prix SMAU en 1971 pour son design, il est pour cela expos\u00e9 dans plusieurs mus\u00e9es, Milan, New York, collection MOMA, il est donc consid\u00e9r\u00e9 comme un objet de collection.<\/p>","protected":false},"featured_media":353885,"template":"","meta":{"_et_pb_use_builder":"","_et_pb_old_content":"","_et_gb_content_width":""},"product_brand":[],"product_cat":[83,47],"product_tag":[],"proximite":[177,233],"class_list":{"0":"post-353883","1":"product","2":"type-product","3":"status-publish","4":"has-post-thumbnail","6":"product_cat-meuble-de-rangement","7":"product_cat-meubler","8":"pa_couleur-noir","9":"pa_etat-dans-son-jus","10":"pa_materiau-plastique","11":"pa_style-design","12":"proximite-fribourg","13":"proximite-gruyere","15":"first","16":"instock","17":"shipping-taxable","18":"purchasable","19":"product-type-simple"},"yoast_head":"<!-- This site is optimized with the Yoast SEO plugin v27.4 - https:\/\/yoast.com\/product\/yoast-seo-wordpress\/ -->\n<title>Chariot de service de Joe Colombo, Bieffeplast | lalmachine.com, mobilier et objets d\u00e9co vintage et design<\/title>\n<meta name=\"description\" content=\"Chariot de service en plastique ABS moul\u00e9 par injection de couleur noir sur des roulettes en polypropyl\u00e8ne pour la mobilit\u00e9. Con\u00e7u par Joe Colombo pour la maison Bieffeplast dans les ann\u00e9es 1970\u2032 en Italie\" \/>\n<meta name=\"robots\" content=\"index, follow, max-snippet:-1, max-image-preview:large, max-video-preview:-1\" \/>\n<link rel=\"canonical\" href=\"https:\/\/lalmachine.com\/de\/shop\/meubler\/meuble-de-rangement\/chariot-de-service-de-joe-colombo-bieffeplast\/\" \/>\n<meta property=\"og:locale\" content=\"de_DE\" \/>\n<meta property=\"og:type\" content=\"article\" \/>\n<meta property=\"og:title\" content=\"Chariot de service de Joe Colombo, Bieffeplast | lalmachine.com, mobilier et objets d\u00e9co vintage et design\" \/>\n<meta property=\"og:description\" content=\"Chariot de service en plastique ABS moul\u00e9 par injection de couleur noir sur des roulettes en polypropyl\u00e8ne pour la mobilit\u00e9. Con\u00e7u par Joe Colombo pour la maison Bieffeplast dans les ann\u00e9es 1970\u2032 en Italie\" \/>\n<meta property=\"og:url\" content=\"https:\/\/lalmachine.com\/de\/shop\/meubler\/meuble-de-rangement\/chariot-de-service-de-joe-colombo-bieffeplast\/\" \/>\n<meta property=\"og:site_name\" content=\"lalmachine.com\" \/>\n<meta property=\"article:publisher\" content=\"https:\/\/facebook.com\/lalmachine\" \/>\n<meta property=\"article:modified_time\" content=\"2025-12-02T16:49:42+00:00\" \/>\n<meta property=\"og:image\" content=\"https:\/\/lalmachine.com\/wp-content\/uploads\/2025\/12\/Photoroom_000_20251127_072745_clipped_rev_1.jpeg\" \/>\n\t<meta property=\"og:image:width\" content=\"2043\" \/>\n\t<meta property=\"og:image:height\" content=\"2043\" \/>\n\t<meta property=\"og:image:type\" content=\"image\/jpeg\" \/>\n<meta name=\"twitter:card\" content=\"summary_large_image\" \/>\n<script type=\"application\/ld+json\" class=\"yoast-schema-graph\">{\"@context\":\"https:\\\/\\\/schema.org\",\"@graph\":[{\"@type\":\"WebPage\",\"@id\":\"https:\\\/\\\/lalmachine.com\\\/shop\\\/meubler\\\/meuble-de-rangement\\\/chariot-de-service-de-joe-colombo-bieffeplast\\\/\",\"url\":\"https:\\\/\\\/lalmachine.com\\\/shop\\\/meubler\\\/meuble-de-rangement\\\/chariot-de-service-de-joe-colombo-bieffeplast\\\/\",\"name\":\"Chariot de service de Joe Colombo, Bieffeplast | lalmachine.com, mobilier et objets d\u00e9co vintage et design\",\"isPartOf\":{\"@id\":\"https:\\\/\\\/lalmachine.com\\\/#website\"},\"primaryImageOfPage\":{\"@id\":\"https:\\\/\\\/lalmachine.com\\\/shop\\\/meubler\\\/meuble-de-rangement\\\/chariot-de-service-de-joe-colombo-bieffeplast\\\/#primaryimage\"},\"image\":{\"@id\":\"https:\\\/\\\/lalmachine.com\\\/shop\\\/meubler\\\/meuble-de-rangement\\\/chariot-de-service-de-joe-colombo-bieffeplast\\\/#primaryimage\"},\"thumbnailUrl\":\"https:\\\/\\\/lalmachine.com\\\/wp-content\\\/uploads\\\/2025\\\/12\\\/Photoroom_000_20251127_072745_clipped_rev_1.jpeg\",\"datePublished\":\"2025-12-02T16:49:41+00:00\",\"dateModified\":\"2025-12-02T16:49:42+00:00\",\"description\":\"Chariot de service en plastique ABS moul\u00e9 par injection de couleur noir sur des roulettes en polypropyl\u00e8ne pour la mobilit\u00e9. Con\u00e7u par Joe Colombo pour la maison Bieffeplast dans les ann\u00e9es 1970\u2032 en Italie\",\"breadcrumb\":{\"@id\":\"https:\\\/\\\/lalmachine.com\\\/shop\\\/meubler\\\/meuble-de-rangement\\\/chariot-de-service-de-joe-colombo-bieffeplast\\\/#breadcrumb\"},\"inLanguage\":\"de\",\"potentialAction\":[{\"@type\":\"ReadAction\",\"target\":[\"https:\\\/\\\/lalmachine.com\\\/shop\\\/meubler\\\/meuble-de-rangement\\\/chariot-de-service-de-joe-colombo-bieffeplast\\\/\"]}]},{\"@type\":\"ImageObject\",\"inLanguage\":\"de\",\"@id\":\"https:\\\/\\\/lalmachine.com\\\/shop\\\/meubler\\\/meuble-de-rangement\\\/chariot-de-service-de-joe-colombo-bieffeplast\\\/#primaryimage\",\"url\":\"https:\\\/\\\/lalmachine.com\\\/wp-content\\\/uploads\\\/2025\\\/12\\\/Photoroom_000_20251127_072745_clipped_rev_1.jpeg\",\"contentUrl\":\"https:\\\/\\\/lalmachine.com\\\/wp-content\\\/uploads\\\/2025\\\/12\\\/Photoroom_000_20251127_072745_clipped_rev_1.jpeg\",\"width\":2043,\"height\":2043},{\"@type\":\"BreadcrumbList\",\"@id\":\"https:\\\/\\\/lalmachine.com\\\/shop\\\/meubler\\\/meuble-de-rangement\\\/chariot-de-service-de-joe-colombo-bieffeplast\\\/#breadcrumb\",\"itemListElement\":[{\"@type\":\"ListItem\",\"position\":1,\"name\":\"Accueil\",\"item\":\"https:\\\/\\\/lalmachine.com\\\/\"},{\"@type\":\"ListItem\",\"position\":2,\"name\":\"Shop\",\"item\":\"https:\\\/\\\/lalmachine.com\\\/shop\\\/\"},{\"@type\":\"ListItem\",\"position\":3,\"name\":\"Chariot de service de Joe Colombo, Bieffeplast\"}]},{\"@type\":\"WebSite\",\"@id\":\"https:\\\/\\\/lalmachine.com\\\/#website\",\"url\":\"https:\\\/\\\/lalmachine.com\\\/\",\"name\":\"lalmachine.com\",\"description\":\"Brocante en ligne Suisse | Mobilier et objets d\u00e9co vintage et design\",\"potentialAction\":[{\"@type\":\"SearchAction\",\"target\":{\"@type\":\"EntryPoint\",\"urlTemplate\":\"https:\\\/\\\/lalmachine.com\\\/?s={search_term_string}\"},\"query-input\":{\"@type\":\"PropertyValueSpecification\",\"valueRequired\":true,\"valueName\":\"search_term_string\"}}],\"inLanguage\":\"de\"}]}<\/script>\n<!-- \/ Yoast SEO plugin. -->","yoast_head_json":{"title":"Chariot de service de Joe Colombo, Bieffeplast | lalmachine.com, mobilier et objets d\u00e9co vintage et design","description":"Chariot de service en plastique ABS moul\u00e9 par injection de couleur noir sur des roulettes en polypropyl\u00e8ne pour la mobilit\u00e9. Con\u00e7u par Joe Colombo pour la maison Bieffeplast dans les ann\u00e9es 1970\u2032 en Italie","robots":{"index":"index","follow":"follow","max-snippet":"max-snippet:-1","max-image-preview":"max-image-preview:large","max-video-preview":"max-video-preview:-1"},"canonical":"https:\/\/lalmachine.com\/de\/shop\/meubler\/meuble-de-rangement\/chariot-de-service-de-joe-colombo-bieffeplast\/","og_locale":"de_DE","og_type":"article","og_title":"Chariot de service de Joe Colombo, Bieffeplast | lalmachine.com, mobilier et objets d\u00e9co vintage et design","og_description":"Chariot de service en plastique ABS moul\u00e9 par injection de couleur noir sur des roulettes en polypropyl\u00e8ne pour la mobilit\u00e9. Con\u00e7u par Joe Colombo pour la maison Bieffeplast dans les ann\u00e9es 1970\u2032 en Italie","og_url":"https:\/\/lalmachine.com\/de\/shop\/meubler\/meuble-de-rangement\/chariot-de-service-de-joe-colombo-bieffeplast\/","og_site_name":"lalmachine.com","article_publisher":"https:\/\/facebook.com\/lalmachine","article_modified_time":"2025-12-02T16:49:42+00:00","og_image":[{"width":2043,"height":2043,"url":"https:\/\/lalmachine.com\/wp-content\/uploads\/2025\/12\/Photoroom_000_20251127_072745_clipped_rev_1.jpeg","type":"image\/jpeg"}],"twitter_card":"summary_large_image","schema":{"@context":"https:\/\/schema.org","@graph":[{"@type":"WebPage","@id":"https:\/\/lalmachine.com\/shop\/meubler\/meuble-de-rangement\/chariot-de-service-de-joe-colombo-bieffeplast\/","url":"https:\/\/lalmachine.com\/shop\/meubler\/meuble-de-rangement\/chariot-de-service-de-joe-colombo-bieffeplast\/","name":"Chariot de service de Joe Colombo, Bieffeplast | lalmachine.com, mobilier et objets d\u00e9co vintage et design","isPartOf":{"@id":"https:\/\/lalmachine.com\/#website"},"primaryImageOfPage":{"@id":"https:\/\/lalmachine.com\/shop\/meubler\/meuble-de-rangement\/chariot-de-service-de-joe-colombo-bieffeplast\/#primaryimage"},"image":{"@id":"https:\/\/lalmachine.com\/shop\/meubler\/meuble-de-rangement\/chariot-de-service-de-joe-colombo-bieffeplast\/#primaryimage"},"thumbnailUrl":"https:\/\/lalmachine.com\/wp-content\/uploads\/2025\/12\/Photoroom_000_20251127_072745_clipped_rev_1.jpeg","datePublished":"2025-12-02T16:49:41+00:00","dateModified":"2025-12-02T16:49:42+00:00","description":"Chariot de service en plastique ABS moul\u00e9 par injection de couleur noir sur des roulettes en polypropyl\u00e8ne pour la mobilit\u00e9. Con\u00e7u par Joe Colombo pour la maison Bieffeplast dans les ann\u00e9es 1970\u2032 en Italie","breadcrumb":{"@id":"https:\/\/lalmachine.com\/shop\/meubler\/meuble-de-rangement\/chariot-de-service-de-joe-colombo-bieffeplast\/#breadcrumb"},"inLanguage":"de","potentialAction":[{"@type":"ReadAction","target":["https:\/\/lalmachine.com\/shop\/meubler\/meuble-de-rangement\/chariot-de-service-de-joe-colombo-bieffeplast\/"]}]},{"@type":"ImageObject","inLanguage":"de","@id":"https:\/\/lalmachine.com\/shop\/meubler\/meuble-de-rangement\/chariot-de-service-de-joe-colombo-bieffeplast\/#primaryimage","url":"https:\/\/lalmachine.com\/wp-content\/uploads\/2025\/12\/Photoroom_000_20251127_072745_clipped_rev_1.jpeg","contentUrl":"https:\/\/lalmachine.com\/wp-content\/uploads\/2025\/12\/Photoroom_000_20251127_072745_clipped_rev_1.jpeg","width":2043,"height":2043},{"@type":"BreadcrumbList","@id":"https:\/\/lalmachine.com\/shop\/meubler\/meuble-de-rangement\/chariot-de-service-de-joe-colombo-bieffeplast\/#breadcrumb","itemListElement":[{"@type":"ListItem","position":1,"name":"Accueil","item":"https:\/\/lalmachine.com\/"},{"@type":"ListItem","position":2,"name":"Shop","item":"https:\/\/lalmachine.com\/shop\/"},{"@type":"ListItem","position":3,"name":"Chariot de service de Joe Colombo, Bieffeplast"}]},{"@type":"WebSite","@id":"https:\/\/lalmachine.com\/#website","url":"https:\/\/lalmachine.com\/","name":"lalmachine.com","description":"Brocante en ligne Suisse | Mobilier et objets d\u00e9co vintage et design","potentialAction":[{"@type":"SearchAction","target":{"@type":"EntryPoint","urlTemplate":"https:\/\/lalmachine.com\/?s={search_term_string}"},"query-input":{"@type":"PropertyValueSpecification","valueRequired":true,"valueName":"search_term_string"}}],"inLanguage":"de"}]}},"_links":{"self":[{"href":"https:\/\/lalmachine.com\/de\/wp-json\/wp\/v2\/product\/353883","targetHints":{"allow":["GET"]}}],"collection":[{"href":"https:\/\/lalmachine.com\/de\/wp-json\/wp\/v2\/product"}],"about":[{"href":"https:\/\/lalmachine.com\/de\/wp-json\/wp\/v2\/types\/product"}],"wp:featuredmedia":[{"embeddable":true,"href":"https:\/\/lalmachine.com\/de\/wp-json\/wp\/v2\/media\/353885"}],"wp:attachment":[{"href":"https:\/\/lalmachine.com\/de\/wp-json\/wp\/v2\/media?parent=353883"}],"wp:term":[{"taxonomy":"product_brand","embeddable":true,"href":"https:\/\/lalmachine.com\/de\/wp-json\/wp\/v2\/product_brand?post=353883"},{"taxonomy":"product_cat","embeddable":true,"href":"https:\/\/lalmachine.com\/de\/wp-json\/wp\/v2\/product_cat?post=353883"},{"taxonomy":"product_tag","embeddable":true,"href":"https:\/\/lalmachine.com\/de\/wp-json\/wp\/v2\/product_tag?post=353883"},{"taxonomy":"proximite","embeddable":true,"href":"https:\/\/lalmachine.com\/de\/wp-json\/wp\/v2\/proximite?post=353883"}],"curies":[{"name":"wp","href":"https:\/\/api.w.org\/{rel}","templated":true}]}}