{"id":353984,"date":"2025-12-05T11:14:10","date_gmt":"2025-12-05T10:14:10","guid":{"rendered":"https:\/\/lalmachine.com\/?post_type=product&#038;p=353984"},"modified":"2025-12-05T11:14:12","modified_gmt":"2025-12-05T10:14:12","slug":"fauteuil-bauhaus-s411-1930","status":"publish","type":"product","link":"https:\/\/lalmachine.com\/de\/shop\/sasseoir\/canape-fauteuil-pouf\/fauteuil-bauhaus-s411-1930\/","title":{"rendered":"Fauteuil Bauhaus S411 1930"},"content":{"rendered":"<ul class=\"wpuf_customs\"><li style=\"list-style-type:none;\"><label>Autres photos:<\/label> <a href=\"https:\/\/lalmachine.com\/wp-content\/uploads\/2025\/12\/361-Fn-24-By-Mucke-\u00a7-Melder-1930_edited_edited_edited-1.jpg\"><img loading=\"lazy\" decoding=\"async\" width=\"101\" height=\"96\" src=\"https:\/\/lalmachine.com\/wp-content\/uploads\/2025\/12\/361-Fn-24-By-Mucke-\u00a7-Melder-1930_edited_edited_edited-1.jpg\" class=\"attachment-thumbnail size-thumbnail\" alt=\"\" \/><\/a> <a href=\"https:\/\/lalmachine.com\/wp-content\/uploads\/2025\/12\/361a-scaled.jpg\"><img loading=\"lazy\" decoding=\"async\" width=\"92\" height=\"96\" src=\"https:\/\/lalmachine.com\/wp-content\/uploads\/2025\/12\/361a-scaled.jpg\" class=\"attachment-thumbnail size-thumbnail\" alt=\"\" \/><\/a> <a href=\"https:\/\/lalmachine.com\/wp-content\/uploads\/2025\/12\/361b-scaled.jpg\"><img loading=\"lazy\" decoding=\"async\" width=\"113\" height=\"96\" src=\"https:\/\/lalmachine.com\/wp-content\/uploads\/2025\/12\/361b-scaled.jpg\" class=\"attachment-thumbnail size-thumbnail\" alt=\"\" \/><\/a> <a href=\"https:\/\/lalmachine.com\/wp-content\/uploads\/2025\/12\/361c-scaled.jpg\"><img loading=\"lazy\" decoding=\"async\" width=\"99\" height=\"96\" src=\"https:\/\/lalmachine.com\/wp-content\/uploads\/2025\/12\/361c-scaled.jpg\" class=\"attachment-thumbnail size-thumbnail\" alt=\"\" \/><\/a> <a href=\"https:\/\/lalmachine.com\/wp-content\/uploads\/2025\/12\/361d-scaled.jpg\"><img loading=\"lazy\" decoding=\"async\" width=\"90\" height=\"96\" src=\"https:\/\/lalmachine.com\/wp-content\/uploads\/2025\/12\/361d-scaled.jpg\" class=\"attachment-thumbnail size-thumbnail\" alt=\"\" \/><\/a> <\/li>        <li class=\"wpuf-field-data wpuf-field-data-numeric_text_field\">\n                            <label>Prix:<\/label>\n                        1550        <\/li>\n                <li class=\"wpuf-field-data wpuf-field-data-numeric_text_field\">\n                            <label>Quantit\u00e9:<\/label>\n                        1        <\/li>\n                <li class=\"wpuf-field-data wpuf-field-data-numeric_text_field\">\n                            <label>Hauteur (cm):<\/label>\n                        80        <\/li>\n                <li class=\"wpuf-field-data wpuf-field-data-numeric_text_field\">\n                            <label>Largeur (cm):<\/label>\n                        61        <\/li>\n                <li class=\"wpuf-field-data wpuf-field-data-numeric_text_field\">\n                            <label>Profondeur (cm):<\/label>\n                        80        <\/li>\n        <\/ul>","protected":false},"excerpt":{"rendered":"<p>Fauteuil Bauhaus mod\u00e8le S411 con\u00e7u par Michael Thonet pour Thonet dans les ann\u00e9es 30. Celui-ci est tr\u00e8s proche du mod\u00e8le FN 24 con\u00e7u par le designer Willem Hendrik Gispen pour Mucke Melder dans les ann\u00e9es 30-40 en R\u00e9publique tch\u00e8que \u00e0 la diff\u00e9rence pr\u00e8s qu&#8217;il ne poss\u00e8de pas des pinces m\u00e9talliques qui soutiennent l&#8217;arri\u00e8re du dossier. Ce mod\u00e8le poss\u00e8de une structure en acier chrom\u00e9 en porte-\u00e0-faux et des accoudoirs en bois de ch\u00eane teint\u00e9.<\/p>\n<p>L&#8217;assise a \u00e9t\u00e9 compl\u00e8tement restaur\u00e9e et le tissu est encore \u00e0 choisir par le client sur devis. Les chromes portent des marques d&#8217;usures dues \u00e0 leurs \u00e2ges.<\/p>\n<p>Dimensions : 61,5 x 80 x 80 cm de hauteur. Assise: hauteur 35\/40 cm.<\/p>","protected":false},"featured_media":353986,"template":"","meta":{"_et_pb_use_builder":"","_et_pb_old_content":"","_et_gb_content_width":""},"product_brand":[],"product_cat":[99,48],"product_tag":[],"proximite":[280,179],"class_list":{"0":"post-353984","1":"product","2":"type-product","3":"status-publish","4":"has-post-thumbnail","6":"product_cat-canape-fauteuil-pouf","7":"product_cat-sasseoir","8":"pa_couleur-multicolore","9":"pa_designer-thonet-michael","10":"pa_etat-tres-bon-etat","11":"pa_materiau-metal","12":"pa_style-design","13":"proximite-morges","14":"proximite-vaud","16":"first","17":"instock","18":"shipping-taxable","19":"purchasable","20":"product-type-simple"},"yoast_head":"<!-- This site is optimized with the Yoast SEO plugin v27.4 - https:\/\/yoast.com\/product\/yoast-seo-wordpress\/ -->\n<title>Fauteuil Bauhaus S411 1930 | lalmachine.com, mobilier et objets d\u00e9co vintage et design<\/title>\n<meta name=\"description\" content=\"Fauteuil Bauhaus S411 1930\" \/>\n<meta name=\"robots\" content=\"index, follow, max-snippet:-1, max-image-preview:large, max-video-preview:-1\" \/>\n<link rel=\"canonical\" href=\"https:\/\/lalmachine.com\/de\/shop\/sasseoir\/canape-fauteuil-pouf\/fauteuil-bauhaus-s411-1930\/\" \/>\n<meta property=\"og:locale\" content=\"de_DE\" \/>\n<meta property=\"og:type\" content=\"article\" \/>\n<meta property=\"og:title\" content=\"Fauteuil Bauhaus S411 1930 | lalmachine.com, mobilier et objets d\u00e9co vintage et design\" \/>\n<meta property=\"og:description\" content=\"Fauteuil Bauhaus S411 1930\" \/>\n<meta property=\"og:url\" content=\"https:\/\/lalmachine.com\/de\/shop\/sasseoir\/canape-fauteuil-pouf\/fauteuil-bauhaus-s411-1930\/\" \/>\n<meta property=\"og:site_name\" content=\"lalmachine.com\" \/>\n<meta property=\"article:publisher\" content=\"https:\/\/facebook.com\/lalmachine\" \/>\n<meta property=\"article:modified_time\" content=\"2025-12-05T10:14:12+00:00\" \/>\n<meta property=\"og:image\" content=\"https:\/\/lalmachine.com\/wp-content\/uploads\/2025\/12\/361-Fn-24-By-Mucke-\u00a7-Melder-1930_edited_edited_edited_clipped_rev_1.jpeg\" \/>\n\t<meta property=\"og:image:width\" content=\"444\" \/>\n\t<meta property=\"og:image:height\" content=\"444\" \/>\n\t<meta property=\"og:image:type\" content=\"image\/jpeg\" \/>\n<meta name=\"twitter:card\" content=\"summary_large_image\" \/>\n<script type=\"application\/ld+json\" class=\"yoast-schema-graph\">{\"@context\":\"https:\\\/\\\/schema.org\",\"@graph\":[{\"@type\":\"WebPage\",\"@id\":\"https:\\\/\\\/lalmachine.com\\\/shop\\\/sasseoir\\\/canape-fauteuil-pouf\\\/fauteuil-bauhaus-s411-1930\\\/\",\"url\":\"https:\\\/\\\/lalmachine.com\\\/shop\\\/sasseoir\\\/canape-fauteuil-pouf\\\/fauteuil-bauhaus-s411-1930\\\/\",\"name\":\"Fauteuil Bauhaus S411 1930 | lalmachine.com, mobilier et objets d\u00e9co vintage et design\",\"isPartOf\":{\"@id\":\"https:\\\/\\\/lalmachine.com\\\/#website\"},\"primaryImageOfPage\":{\"@id\":\"https:\\\/\\\/lalmachine.com\\\/shop\\\/sasseoir\\\/canape-fauteuil-pouf\\\/fauteuil-bauhaus-s411-1930\\\/#primaryimage\"},\"image\":{\"@id\":\"https:\\\/\\\/lalmachine.com\\\/shop\\\/sasseoir\\\/canape-fauteuil-pouf\\\/fauteuil-bauhaus-s411-1930\\\/#primaryimage\"},\"thumbnailUrl\":\"https:\\\/\\\/lalmachine.com\\\/wp-content\\\/uploads\\\/2025\\\/12\\\/361-Fn-24-By-Mucke-\u00a7-Melder-1930_edited_edited_edited_clipped_rev_1.jpeg\",\"datePublished\":\"2025-12-05T10:14:10+00:00\",\"dateModified\":\"2025-12-05T10:14:12+00:00\",\"description\":\"Fauteuil Bauhaus S411 1930\",\"breadcrumb\":{\"@id\":\"https:\\\/\\\/lalmachine.com\\\/shop\\\/sasseoir\\\/canape-fauteuil-pouf\\\/fauteuil-bauhaus-s411-1930\\\/#breadcrumb\"},\"inLanguage\":\"de\",\"potentialAction\":[{\"@type\":\"ReadAction\",\"target\":[\"https:\\\/\\\/lalmachine.com\\\/shop\\\/sasseoir\\\/canape-fauteuil-pouf\\\/fauteuil-bauhaus-s411-1930\\\/\"]}]},{\"@type\":\"ImageObject\",\"inLanguage\":\"de\",\"@id\":\"https:\\\/\\\/lalmachine.com\\\/shop\\\/sasseoir\\\/canape-fauteuil-pouf\\\/fauteuil-bauhaus-s411-1930\\\/#primaryimage\",\"url\":\"https:\\\/\\\/lalmachine.com\\\/wp-content\\\/uploads\\\/2025\\\/12\\\/361-Fn-24-By-Mucke-\u00a7-Melder-1930_edited_edited_edited_clipped_rev_1.jpeg\",\"contentUrl\":\"https:\\\/\\\/lalmachine.com\\\/wp-content\\\/uploads\\\/2025\\\/12\\\/361-Fn-24-By-Mucke-\u00a7-Melder-1930_edited_edited_edited_clipped_rev_1.jpeg\",\"width\":444,\"height\":444,\"caption\":\"Fauteuil Bauhaus S411 1930\"},{\"@type\":\"BreadcrumbList\",\"@id\":\"https:\\\/\\\/lalmachine.com\\\/shop\\\/sasseoir\\\/canape-fauteuil-pouf\\\/fauteuil-bauhaus-s411-1930\\\/#breadcrumb\",\"itemListElement\":[{\"@type\":\"ListItem\",\"position\":1,\"name\":\"Accueil\",\"item\":\"https:\\\/\\\/lalmachine.com\\\/\"},{\"@type\":\"ListItem\",\"position\":2,\"name\":\"Shop\",\"item\":\"https:\\\/\\\/lalmachine.com\\\/shop\\\/\"},{\"@type\":\"ListItem\",\"position\":3,\"name\":\"Fauteuil Bauhaus S411 1930\"}]},{\"@type\":\"WebSite\",\"@id\":\"https:\\\/\\\/lalmachine.com\\\/#website\",\"url\":\"https:\\\/\\\/lalmachine.com\\\/\",\"name\":\"lalmachine.com\",\"description\":\"Brocante en ligne Suisse | Mobilier et objets d\u00e9co vintage et design\",\"potentialAction\":[{\"@type\":\"SearchAction\",\"target\":{\"@type\":\"EntryPoint\",\"urlTemplate\":\"https:\\\/\\\/lalmachine.com\\\/?s={search_term_string}\"},\"query-input\":{\"@type\":\"PropertyValueSpecification\",\"valueRequired\":true,\"valueName\":\"search_term_string\"}}],\"inLanguage\":\"de\"}]}<\/script>\n<!-- \/ Yoast SEO plugin. -->","yoast_head_json":{"title":"Fauteuil Bauhaus S411 1930 | lalmachine.com, mobilier et objets d\u00e9co vintage et design","description":"Fauteuil Bauhaus S411 1930","robots":{"index":"index","follow":"follow","max-snippet":"max-snippet:-1","max-image-preview":"max-image-preview:large","max-video-preview":"max-video-preview:-1"},"canonical":"https:\/\/lalmachine.com\/de\/shop\/sasseoir\/canape-fauteuil-pouf\/fauteuil-bauhaus-s411-1930\/","og_locale":"de_DE","og_type":"article","og_title":"Fauteuil Bauhaus S411 1930 | lalmachine.com, mobilier et objets d\u00e9co vintage et design","og_description":"Fauteuil Bauhaus S411 1930","og_url":"https:\/\/lalmachine.com\/de\/shop\/sasseoir\/canape-fauteuil-pouf\/fauteuil-bauhaus-s411-1930\/","og_site_name":"lalmachine.com","article_publisher":"https:\/\/facebook.com\/lalmachine","article_modified_time":"2025-12-05T10:14:12+00:00","og_image":[{"width":444,"height":444,"url":"https:\/\/lalmachine.com\/wp-content\/uploads\/2025\/12\/361-Fn-24-By-Mucke-\u00a7-Melder-1930_edited_edited_edited_clipped_rev_1.jpeg","type":"image\/jpeg"}],"twitter_card":"summary_large_image","schema":{"@context":"https:\/\/schema.org","@graph":[{"@type":"WebPage","@id":"https:\/\/lalmachine.com\/shop\/sasseoir\/canape-fauteuil-pouf\/fauteuil-bauhaus-s411-1930\/","url":"https:\/\/lalmachine.com\/shop\/sasseoir\/canape-fauteuil-pouf\/fauteuil-bauhaus-s411-1930\/","name":"Fauteuil Bauhaus S411 1930 | lalmachine.com, mobilier et objets d\u00e9co vintage et design","isPartOf":{"@id":"https:\/\/lalmachine.com\/#website"},"primaryImageOfPage":{"@id":"https:\/\/lalmachine.com\/shop\/sasseoir\/canape-fauteuil-pouf\/fauteuil-bauhaus-s411-1930\/#primaryimage"},"image":{"@id":"https:\/\/lalmachine.com\/shop\/sasseoir\/canape-fauteuil-pouf\/fauteuil-bauhaus-s411-1930\/#primaryimage"},"thumbnailUrl":"https:\/\/lalmachine.com\/wp-content\/uploads\/2025\/12\/361-Fn-24-By-Mucke-\u00a7-Melder-1930_edited_edited_edited_clipped_rev_1.jpeg","datePublished":"2025-12-05T10:14:10+00:00","dateModified":"2025-12-05T10:14:12+00:00","description":"Fauteuil Bauhaus S411 1930","breadcrumb":{"@id":"https:\/\/lalmachine.com\/shop\/sasseoir\/canape-fauteuil-pouf\/fauteuil-bauhaus-s411-1930\/#breadcrumb"},"inLanguage":"de","potentialAction":[{"@type":"ReadAction","target":["https:\/\/lalmachine.com\/shop\/sasseoir\/canape-fauteuil-pouf\/fauteuil-bauhaus-s411-1930\/"]}]},{"@type":"ImageObject","inLanguage":"de","@id":"https:\/\/lalmachine.com\/shop\/sasseoir\/canape-fauteuil-pouf\/fauteuil-bauhaus-s411-1930\/#primaryimage","url":"https:\/\/lalmachine.com\/wp-content\/uploads\/2025\/12\/361-Fn-24-By-Mucke-\u00a7-Melder-1930_edited_edited_edited_clipped_rev_1.jpeg","contentUrl":"https:\/\/lalmachine.com\/wp-content\/uploads\/2025\/12\/361-Fn-24-By-Mucke-\u00a7-Melder-1930_edited_edited_edited_clipped_rev_1.jpeg","width":444,"height":444,"caption":"Fauteuil Bauhaus S411 1930"},{"@type":"BreadcrumbList","@id":"https:\/\/lalmachine.com\/shop\/sasseoir\/canape-fauteuil-pouf\/fauteuil-bauhaus-s411-1930\/#breadcrumb","itemListElement":[{"@type":"ListItem","position":1,"name":"Accueil","item":"https:\/\/lalmachine.com\/"},{"@type":"ListItem","position":2,"name":"Shop","item":"https:\/\/lalmachine.com\/shop\/"},{"@type":"ListItem","position":3,"name":"Fauteuil Bauhaus S411 1930"}]},{"@type":"WebSite","@id":"https:\/\/lalmachine.com\/#website","url":"https:\/\/lalmachine.com\/","name":"lalmachine.com","description":"Brocante en ligne Suisse | Mobilier et objets d\u00e9co vintage et design","potentialAction":[{"@type":"SearchAction","target":{"@type":"EntryPoint","urlTemplate":"https:\/\/lalmachine.com\/?s={search_term_string}"},"query-input":{"@type":"PropertyValueSpecification","valueRequired":true,"valueName":"search_term_string"}}],"inLanguage":"de"}]}},"_links":{"self":[{"href":"https:\/\/lalmachine.com\/de\/wp-json\/wp\/v2\/product\/353984","targetHints":{"allow":["GET"]}}],"collection":[{"href":"https:\/\/lalmachine.com\/de\/wp-json\/wp\/v2\/product"}],"about":[{"href":"https:\/\/lalmachine.com\/de\/wp-json\/wp\/v2\/types\/product"}],"wp:featuredmedia":[{"embeddable":true,"href":"https:\/\/lalmachine.com\/de\/wp-json\/wp\/v2\/media\/353986"}],"wp:attachment":[{"href":"https:\/\/lalmachine.com\/de\/wp-json\/wp\/v2\/media?parent=353984"}],"wp:term":[{"taxonomy":"product_brand","embeddable":true,"href":"https:\/\/lalmachine.com\/de\/wp-json\/wp\/v2\/product_brand?post=353984"},{"taxonomy":"product_cat","embeddable":true,"href":"https:\/\/lalmachine.com\/de\/wp-json\/wp\/v2\/product_cat?post=353984"},{"taxonomy":"product_tag","embeddable":true,"href":"https:\/\/lalmachine.com\/de\/wp-json\/wp\/v2\/product_tag?post=353984"},{"taxonomy":"proximite","embeddable":true,"href":"https:\/\/lalmachine.com\/de\/wp-json\/wp\/v2\/proximite?post=353984"}],"curies":[{"name":"wp","href":"https:\/\/api.w.org\/{rel}","templated":true}]}}