{"id":354150,"date":"2025-12-15T09:58:40","date_gmt":"2025-12-15T08:58:40","guid":{"rendered":"https:\/\/lalmachine.com\/?post_type=product&#038;p=354150"},"modified":"2026-01-05T11:47:25","modified_gmt":"2026-01-05T10:47:25","slug":"secretaire-telescopique-corta-multiform-suisse-1950s","status":"publish","type":"product","link":"https:\/\/lalmachine.com\/de\/shop\/meubler\/meuble-de-rangement\/secretaire-telescopique-corta-multiform-suisse-1950s\/","title":{"rendered":"Secr\u00e9taire t\u00e9lescopique, Corta Multiform, Suisse, 1950&rsquo;s"},"content":{"rendered":"<ul class=\"wpuf_customs\"><li style=\"list-style-type:none;\"><label>Autres photos:<\/label> <a href=\"https:\/\/lalmachine.com\/wp-content\/uploads\/2025\/12\/WhatsApp-Image-2025-12-13-at-12.45.33.jpeg\"><img loading=\"lazy\" decoding=\"async\" width=\"95\" height=\"96\" src=\"https:\/\/lalmachine.com\/wp-content\/uploads\/2025\/12\/WhatsApp-Image-2025-12-13-at-12.45.33.jpeg\" class=\"attachment-thumbnail size-thumbnail\" alt=\"\" \/><\/a> <a href=\"https:\/\/lalmachine.com\/wp-content\/uploads\/2025\/12\/WhatsApp-Image-2025-12-13-at-12.45.33-2.jpeg\"><img loading=\"lazy\" decoding=\"async\" width=\"92\" height=\"96\" src=\"https:\/\/lalmachine.com\/wp-content\/uploads\/2025\/12\/WhatsApp-Image-2025-12-13-at-12.45.33-2.jpeg\" class=\"attachment-thumbnail size-thumbnail\" alt=\"\" \/><\/a> <a href=\"https:\/\/lalmachine.com\/wp-content\/uploads\/2025\/12\/WhatsApp-Image-2025-12-13-at-12.45.33-3.jpeg\"><img loading=\"lazy\" decoding=\"async\" width=\"94\" height=\"96\" src=\"https:\/\/lalmachine.com\/wp-content\/uploads\/2025\/12\/WhatsApp-Image-2025-12-13-at-12.45.33-3.jpeg\" class=\"attachment-thumbnail size-thumbnail\" alt=\"\" \/><\/a> <a href=\"https:\/\/lalmachine.com\/wp-content\/uploads\/2025\/12\/WhatsApp-Image-2025-12-13-at-12.45.32.jpeg\"><img loading=\"lazy\" decoding=\"async\" width=\"96\" height=\"96\" src=\"https:\/\/lalmachine.com\/wp-content\/uploads\/2025\/12\/WhatsApp-Image-2025-12-13-at-12.45.32.jpeg\" class=\"attachment-thumbnail size-thumbnail\" alt=\"\" \/><\/a> <a href=\"https:\/\/lalmachine.com\/wp-content\/uploads\/2025\/12\/WhatsApp-Image-2025-12-13-at-12.45.33-5-1.jpeg\"><img loading=\"lazy\" decoding=\"async\" width=\"93\" height=\"96\" src=\"https:\/\/lalmachine.com\/wp-content\/uploads\/2025\/12\/WhatsApp-Image-2025-12-13-at-12.45.33-5-1.jpeg\" class=\"attachment-thumbnail size-thumbnail\" alt=\"\" \/><\/a> <a href=\"https:\/\/lalmachine.com\/wp-content\/uploads\/2025\/12\/WhatsApp-Image-2025-12-13-at-12.45.33-1.jpeg\"><img loading=\"lazy\" decoding=\"async\" width=\"96\" height=\"96\" src=\"https:\/\/lalmachine.com\/wp-content\/uploads\/2025\/12\/WhatsApp-Image-2025-12-13-at-12.45.33-1.jpeg\" class=\"attachment-thumbnail size-thumbnail\" alt=\"\" \/><\/a> <\/li>        <li class=\"wpuf-field-data wpuf-field-data-numeric_text_field\">\n                            <label>Prix:<\/label>\n                        780        <\/li>\n                <li class=\"wpuf-field-data wpuf-field-data-numeric_text_field\">\n                            <label>Quantit\u00e9:<\/label>\n                        0        <\/li>\n                <li class=\"wpuf-field-data wpuf-field-data-numeric_text_field\">\n                            <label>Hauteur (cm):<\/label>\n                        180        <\/li>\n                <li class=\"wpuf-field-data wpuf-field-data-numeric_text_field\">\n                            <label>Largeur (cm):<\/label>\n                        80        <\/li>\n                <li class=\"wpuf-field-data wpuf-field-data-numeric_text_field\">\n                            <label>Profondeur (cm):<\/label>\n                        39        <\/li>\n        <\/ul>","protected":false},"excerpt":{"rendered":"<ol>\n<li>Ce secr\u00e9taire des ann\u00e9es 50 est une petite merveille dans se conception et son design.<\/li>\n<\/ol>\n<p>Sa structure autoportante facilite l&rsquo;installation des tiges m\u00e9talliques blanches. Celles-ci sont cach\u00e9es et se deploient depuis les pieds en fr\u00eane massif.<\/p>\n<p>Une fois ouvert vous d\u00e9couvrez l&rsquo;immense plan de travail et les \u00e9tag\u00e8res nich\u00e9es dans \u00ab\u00a0l&rsquo;alcove\u00a0\u00bb.<\/p>\n<p>Une tr\u00e8s belle fabrication suisse du milieu du si\u00e8cle dernier encore en tr\u00e8s bel \u00e9tat pour son \u00e2ge.<\/p>\n<p>Hauteur max des tiges m\u00e9talliques 167 cm<br \/>\nProfondeur \u00e9tag\u00e8res 21,5 cm<\/p>","protected":false},"featured_media":354199,"template":"","meta":{"_et_pb_use_builder":"","_et_pb_old_content":"","_et_gb_content_width":""},"product_brand":[],"product_cat":[83,47],"product_tag":[],"proximite":[283,179],"class_list":{"0":"post-354150","1":"product","2":"type-product","3":"status-publish","4":"has-post-thumbnail","6":"product_cat-meuble-de-rangement","7":"product_cat-meubler","8":"pa_couleur-bois","9":"pa_etat-bon-etat","10":"pa_materiau-bois","11":"pa_style-vintage","12":"proximite-riviera-pays-denhaut","13":"proximite-vaud","15":"first","16":"outofstock","17":"shipping-taxable","18":"purchasable","19":"product-type-simple"},"yoast_head":"<!-- This site is optimized with the Yoast SEO plugin v27.4 - https:\/\/yoast.com\/product\/yoast-seo-wordpress\/ -->\n<title>Secr\u00e9taire t\u00e9lescopique, Corta Multiform, Suisse, 1950&#039;s | lalmachine.com<\/title>\n<meta name=\"description\" content=\"Secr\u00e9taire t\u00e9lescopique, Corta Multiform, Suisse, 1950&#039;s\" \/>\n<meta name=\"robots\" content=\"index, follow, max-snippet:-1, max-image-preview:large, max-video-preview:-1\" \/>\n<link rel=\"canonical\" href=\"https:\/\/lalmachine.com\/de\/shop\/meubler\/meuble-de-rangement\/secretaire-telescopique-corta-multiform-suisse-1950s\/\" \/>\n<meta property=\"og:locale\" content=\"de_DE\" \/>\n<meta property=\"og:type\" content=\"article\" \/>\n<meta property=\"og:title\" content=\"Secr\u00e9taire t\u00e9lescopique, Corta Multiform, Suisse, 1950&#039;s | lalmachine.com\" \/>\n<meta property=\"og:description\" content=\"Secr\u00e9taire t\u00e9lescopique, Corta Multiform, Suisse, 1950&#039;s\" \/>\n<meta property=\"og:url\" content=\"https:\/\/lalmachine.com\/de\/shop\/meubler\/meuble-de-rangement\/secretaire-telescopique-corta-multiform-suisse-1950s\/\" \/>\n<meta property=\"og:site_name\" content=\"lalmachine.com\" \/>\n<meta property=\"article:publisher\" content=\"https:\/\/facebook.com\/lalmachine\" \/>\n<meta property=\"article:modified_time\" content=\"2026-01-05T10:47:25+00:00\" \/>\n<meta property=\"og:image\" content=\"https:\/\/lalmachine.com\/wp-content\/uploads\/2025\/12\/WhatsApp-Image-2025-12-13-at-12.45.33-5_clipped_rev_1.jpeg\" \/>\n\t<meta property=\"og:image:width\" content=\"1869\" \/>\n\t<meta property=\"og:image:height\" content=\"1869\" \/>\n\t<meta property=\"og:image:type\" content=\"image\/jpeg\" \/>\n<meta name=\"twitter:card\" content=\"summary_large_image\" \/>\n<script type=\"application\/ld+json\" class=\"yoast-schema-graph\">{\"@context\":\"https:\\\/\\\/schema.org\",\"@graph\":[{\"@type\":\"WebPage\",\"@id\":\"https:\\\/\\\/lalmachine.com\\\/shop\\\/meubler\\\/meuble-de-rangement\\\/secretaire-telescopique-corta-multiform-suisse-1950s\\\/\",\"url\":\"https:\\\/\\\/lalmachine.com\\\/shop\\\/meubler\\\/meuble-de-rangement\\\/secretaire-telescopique-corta-multiform-suisse-1950s\\\/\",\"name\":\"Secr\u00e9taire t\u00e9lescopique, Corta Multiform, Suisse, 1950's | lalmachine.com\",\"isPartOf\":{\"@id\":\"https:\\\/\\\/lalmachine.com\\\/#website\"},\"primaryImageOfPage\":{\"@id\":\"https:\\\/\\\/lalmachine.com\\\/shop\\\/meubler\\\/meuble-de-rangement\\\/secretaire-telescopique-corta-multiform-suisse-1950s\\\/#primaryimage\"},\"image\":{\"@id\":\"https:\\\/\\\/lalmachine.com\\\/shop\\\/meubler\\\/meuble-de-rangement\\\/secretaire-telescopique-corta-multiform-suisse-1950s\\\/#primaryimage\"},\"thumbnailUrl\":\"https:\\\/\\\/lalmachine.com\\\/wp-content\\\/uploads\\\/2025\\\/12\\\/WhatsApp-Image-2025-12-13-at-12.45.33-5_clipped_rev_1.jpeg\",\"datePublished\":\"2025-12-15T08:58:40+00:00\",\"dateModified\":\"2026-01-05T10:47:25+00:00\",\"description\":\"Secr\u00e9taire t\u00e9lescopique, Corta Multiform, Suisse, 1950's\",\"breadcrumb\":{\"@id\":\"https:\\\/\\\/lalmachine.com\\\/shop\\\/meubler\\\/meuble-de-rangement\\\/secretaire-telescopique-corta-multiform-suisse-1950s\\\/#breadcrumb\"},\"inLanguage\":\"de\",\"potentialAction\":[{\"@type\":\"ReadAction\",\"target\":[\"https:\\\/\\\/lalmachine.com\\\/shop\\\/meubler\\\/meuble-de-rangement\\\/secretaire-telescopique-corta-multiform-suisse-1950s\\\/\"]}]},{\"@type\":\"ImageObject\",\"inLanguage\":\"de\",\"@id\":\"https:\\\/\\\/lalmachine.com\\\/shop\\\/meubler\\\/meuble-de-rangement\\\/secretaire-telescopique-corta-multiform-suisse-1950s\\\/#primaryimage\",\"url\":\"https:\\\/\\\/lalmachine.com\\\/wp-content\\\/uploads\\\/2025\\\/12\\\/WhatsApp-Image-2025-12-13-at-12.45.33-5_clipped_rev_1.jpeg\",\"contentUrl\":\"https:\\\/\\\/lalmachine.com\\\/wp-content\\\/uploads\\\/2025\\\/12\\\/WhatsApp-Image-2025-12-13-at-12.45.33-5_clipped_rev_1.jpeg\",\"width\":1869,\"height\":1869},{\"@type\":\"BreadcrumbList\",\"@id\":\"https:\\\/\\\/lalmachine.com\\\/shop\\\/meubler\\\/meuble-de-rangement\\\/secretaire-telescopique-corta-multiform-suisse-1950s\\\/#breadcrumb\",\"itemListElement\":[{\"@type\":\"ListItem\",\"position\":1,\"name\":\"Accueil\",\"item\":\"https:\\\/\\\/lalmachine.com\\\/\"},{\"@type\":\"ListItem\",\"position\":2,\"name\":\"Shop\",\"item\":\"https:\\\/\\\/lalmachine.com\\\/shop\\\/\"},{\"@type\":\"ListItem\",\"position\":3,\"name\":\"Secr\u00e9taire t\u00e9lescopique, Corta Multiform, Suisse, 1950&#8217;s\"}]},{\"@type\":\"WebSite\",\"@id\":\"https:\\\/\\\/lalmachine.com\\\/#website\",\"url\":\"https:\\\/\\\/lalmachine.com\\\/\",\"name\":\"lalmachine.com\",\"description\":\"Brocante en ligne Suisse | Mobilier et objets d\u00e9co vintage et design\",\"potentialAction\":[{\"@type\":\"SearchAction\",\"target\":{\"@type\":\"EntryPoint\",\"urlTemplate\":\"https:\\\/\\\/lalmachine.com\\\/?s={search_term_string}\"},\"query-input\":{\"@type\":\"PropertyValueSpecification\",\"valueRequired\":true,\"valueName\":\"search_term_string\"}}],\"inLanguage\":\"de\"}]}<\/script>\n<!-- \/ Yoast SEO plugin. -->","yoast_head_json":{"title":"Secr\u00e9taire t\u00e9lescopique, Corta Multiform, Suisse, 1950's | lalmachine.com","description":"Secr\u00e9taire t\u00e9lescopique, Corta Multiform, Suisse, 1950's","robots":{"index":"index","follow":"follow","max-snippet":"max-snippet:-1","max-image-preview":"max-image-preview:large","max-video-preview":"max-video-preview:-1"},"canonical":"https:\/\/lalmachine.com\/de\/shop\/meubler\/meuble-de-rangement\/secretaire-telescopique-corta-multiform-suisse-1950s\/","og_locale":"de_DE","og_type":"article","og_title":"Secr\u00e9taire t\u00e9lescopique, Corta Multiform, Suisse, 1950's | lalmachine.com","og_description":"Secr\u00e9taire t\u00e9lescopique, Corta Multiform, Suisse, 1950's","og_url":"https:\/\/lalmachine.com\/de\/shop\/meubler\/meuble-de-rangement\/secretaire-telescopique-corta-multiform-suisse-1950s\/","og_site_name":"lalmachine.com","article_publisher":"https:\/\/facebook.com\/lalmachine","article_modified_time":"2026-01-05T10:47:25+00:00","og_image":[{"width":1869,"height":1869,"url":"https:\/\/lalmachine.com\/wp-content\/uploads\/2025\/12\/WhatsApp-Image-2025-12-13-at-12.45.33-5_clipped_rev_1.jpeg","type":"image\/jpeg"}],"twitter_card":"summary_large_image","schema":{"@context":"https:\/\/schema.org","@graph":[{"@type":"WebPage","@id":"https:\/\/lalmachine.com\/shop\/meubler\/meuble-de-rangement\/secretaire-telescopique-corta-multiform-suisse-1950s\/","url":"https:\/\/lalmachine.com\/shop\/meubler\/meuble-de-rangement\/secretaire-telescopique-corta-multiform-suisse-1950s\/","name":"Secr\u00e9taire t\u00e9lescopique, Corta Multiform, Suisse, 1950's | lalmachine.com","isPartOf":{"@id":"https:\/\/lalmachine.com\/#website"},"primaryImageOfPage":{"@id":"https:\/\/lalmachine.com\/shop\/meubler\/meuble-de-rangement\/secretaire-telescopique-corta-multiform-suisse-1950s\/#primaryimage"},"image":{"@id":"https:\/\/lalmachine.com\/shop\/meubler\/meuble-de-rangement\/secretaire-telescopique-corta-multiform-suisse-1950s\/#primaryimage"},"thumbnailUrl":"https:\/\/lalmachine.com\/wp-content\/uploads\/2025\/12\/WhatsApp-Image-2025-12-13-at-12.45.33-5_clipped_rev_1.jpeg","datePublished":"2025-12-15T08:58:40+00:00","dateModified":"2026-01-05T10:47:25+00:00","description":"Secr\u00e9taire t\u00e9lescopique, Corta Multiform, Suisse, 1950's","breadcrumb":{"@id":"https:\/\/lalmachine.com\/shop\/meubler\/meuble-de-rangement\/secretaire-telescopique-corta-multiform-suisse-1950s\/#breadcrumb"},"inLanguage":"de","potentialAction":[{"@type":"ReadAction","target":["https:\/\/lalmachine.com\/shop\/meubler\/meuble-de-rangement\/secretaire-telescopique-corta-multiform-suisse-1950s\/"]}]},{"@type":"ImageObject","inLanguage":"de","@id":"https:\/\/lalmachine.com\/shop\/meubler\/meuble-de-rangement\/secretaire-telescopique-corta-multiform-suisse-1950s\/#primaryimage","url":"https:\/\/lalmachine.com\/wp-content\/uploads\/2025\/12\/WhatsApp-Image-2025-12-13-at-12.45.33-5_clipped_rev_1.jpeg","contentUrl":"https:\/\/lalmachine.com\/wp-content\/uploads\/2025\/12\/WhatsApp-Image-2025-12-13-at-12.45.33-5_clipped_rev_1.jpeg","width":1869,"height":1869},{"@type":"BreadcrumbList","@id":"https:\/\/lalmachine.com\/shop\/meubler\/meuble-de-rangement\/secretaire-telescopique-corta-multiform-suisse-1950s\/#breadcrumb","itemListElement":[{"@type":"ListItem","position":1,"name":"Accueil","item":"https:\/\/lalmachine.com\/"},{"@type":"ListItem","position":2,"name":"Shop","item":"https:\/\/lalmachine.com\/shop\/"},{"@type":"ListItem","position":3,"name":"Secr\u00e9taire t\u00e9lescopique, Corta Multiform, Suisse, 1950&#8217;s"}]},{"@type":"WebSite","@id":"https:\/\/lalmachine.com\/#website","url":"https:\/\/lalmachine.com\/","name":"lalmachine.com","description":"Brocante en ligne Suisse | Mobilier et objets d\u00e9co vintage et design","potentialAction":[{"@type":"SearchAction","target":{"@type":"EntryPoint","urlTemplate":"https:\/\/lalmachine.com\/?s={search_term_string}"},"query-input":{"@type":"PropertyValueSpecification","valueRequired":true,"valueName":"search_term_string"}}],"inLanguage":"de"}]}},"_links":{"self":[{"href":"https:\/\/lalmachine.com\/de\/wp-json\/wp\/v2\/product\/354150","targetHints":{"allow":["GET"]}}],"collection":[{"href":"https:\/\/lalmachine.com\/de\/wp-json\/wp\/v2\/product"}],"about":[{"href":"https:\/\/lalmachine.com\/de\/wp-json\/wp\/v2\/types\/product"}],"wp:featuredmedia":[{"embeddable":true,"href":"https:\/\/lalmachine.com\/de\/wp-json\/wp\/v2\/media\/354199"}],"wp:attachment":[{"href":"https:\/\/lalmachine.com\/de\/wp-json\/wp\/v2\/media?parent=354150"}],"wp:term":[{"taxonomy":"product_brand","embeddable":true,"href":"https:\/\/lalmachine.com\/de\/wp-json\/wp\/v2\/product_brand?post=354150"},{"taxonomy":"product_cat","embeddable":true,"href":"https:\/\/lalmachine.com\/de\/wp-json\/wp\/v2\/product_cat?post=354150"},{"taxonomy":"product_tag","embeddable":true,"href":"https:\/\/lalmachine.com\/de\/wp-json\/wp\/v2\/product_tag?post=354150"},{"taxonomy":"proximite","embeddable":true,"href":"https:\/\/lalmachine.com\/de\/wp-json\/wp\/v2\/proximite?post=354150"}],"curies":[{"name":"wp","href":"https:\/\/api.w.org\/{rel}","templated":true}]}}