{"id":354225,"date":"2025-12-16T10:45:26","date_gmt":"2025-12-16T09:45:26","guid":{"rendered":"https:\/\/lalmachine.com\/?post_type=product&#038;p=354225"},"modified":"2025-12-21T15:10:51","modified_gmt":"2025-12-21T14:10:51","slug":"fauteuil-gordon-j-steenkamer-creafort-pays-bas-1970s","status":"publish","type":"product","link":"https:\/\/lalmachine.com\/de\/shop\/sasseoir\/canape-fauteuil-pouf\/fauteuil-gordon-j-steenkamer-creafort-pays-bas-1970s\/","title":{"rendered":"Fauteuil Gordon, J. Steenkamer, Creafort, Pays-Bas, 1970&#8217;s"},"content":{"rendered":"<ul class=\"wpuf_customs\"><li style=\"list-style-type:none;\"><label>Autres photos:<\/label> <a href=\"https:\/\/lalmachine.com\/wp-content\/uploads\/2025\/12\/7C04612D-61FA-4225-A742-87C39E0F88CB_1_201_a-scaled.jpeg\"><img loading=\"lazy\" decoding=\"async\" width=\"96\" height=\"96\" src=\"https:\/\/lalmachine.com\/wp-content\/uploads\/2025\/12\/7C04612D-61FA-4225-A742-87C39E0F88CB_1_201_a-scaled.jpeg\" class=\"attachment-thumbnail size-thumbnail\" alt=\"\" \/><\/a> <a href=\"https:\/\/lalmachine.com\/wp-content\/uploads\/2025\/12\/9D5855E2-A06C-4D76-9853-6A6DF571D878_1_201_a-scaled.jpeg\"><img loading=\"lazy\" decoding=\"async\" width=\"77\" height=\"96\" src=\"https:\/\/lalmachine.com\/wp-content\/uploads\/2025\/12\/9D5855E2-A06C-4D76-9853-6A6DF571D878_1_201_a-scaled.jpeg\" class=\"attachment-thumbnail size-thumbnail\" alt=\"\" \/><\/a> <a href=\"https:\/\/lalmachine.com\/wp-content\/uploads\/2025\/12\/A203E16A-C40F-4E26-9340-EDF3D8BB8F25_1_201_a-scaled.jpeg\"><img loading=\"lazy\" decoding=\"async\" width=\"77\" height=\"96\" src=\"https:\/\/lalmachine.com\/wp-content\/uploads\/2025\/12\/A203E16A-C40F-4E26-9340-EDF3D8BB8F25_1_201_a-scaled.jpeg\" class=\"attachment-thumbnail size-thumbnail\" alt=\"\" \/><\/a> <a href=\"https:\/\/lalmachine.com\/wp-content\/uploads\/2025\/12\/1240FEAD-7C2F-46C5-9218-2E51F02EC6BA_1_201_a-scaled.jpeg\"><img loading=\"lazy\" decoding=\"async\" width=\"77\" height=\"96\" src=\"https:\/\/lalmachine.com\/wp-content\/uploads\/2025\/12\/1240FEAD-7C2F-46C5-9218-2E51F02EC6BA_1_201_a-scaled.jpeg\" class=\"attachment-thumbnail size-thumbnail\" alt=\"\" \/><\/a> <a href=\"https:\/\/lalmachine.com\/wp-content\/uploads\/2025\/12\/A3B0AFB3-2435-470B-B05A-852DF852D758_1_201_a-scaled.jpeg\"><img loading=\"lazy\" decoding=\"async\" width=\"77\" height=\"96\" src=\"https:\/\/lalmachine.com\/wp-content\/uploads\/2025\/12\/A3B0AFB3-2435-470B-B05A-852DF852D758_1_201_a-scaled.jpeg\" class=\"attachment-thumbnail size-thumbnail\" alt=\"\" \/><\/a> <a href=\"https:\/\/lalmachine.com\/wp-content\/uploads\/2025\/12\/D74433C3-BEE5-41DF-BD1D-6CF981A2E122_1_201_a.jpeg\"><img loading=\"lazy\" decoding=\"async\" width=\"96\" height=\"96\" src=\"https:\/\/lalmachine.com\/wp-content\/uploads\/2025\/12\/D74433C3-BEE5-41DF-BD1D-6CF981A2E122_1_201_a.jpeg\" class=\"attachment-thumbnail size-thumbnail\" alt=\"\" \/><\/a> <a href=\"https:\/\/lalmachine.com\/wp-content\/uploads\/2025\/12\/A5B1EDEB-813E-49E3-86EC-87936DF8B273_1_201_a-scaled.jpeg\"><img loading=\"lazy\" decoding=\"async\" width=\"77\" height=\"96\" src=\"https:\/\/lalmachine.com\/wp-content\/uploads\/2025\/12\/A5B1EDEB-813E-49E3-86EC-87936DF8B273_1_201_a-scaled.jpeg\" class=\"attachment-thumbnail size-thumbnail\" alt=\"\" \/><\/a> <a href=\"https:\/\/lalmachine.com\/wp-content\/uploads\/2025\/12\/1EAC825C-B7A4-429C-9685-1705AD2CD6AF_1_201_a-scaled.jpeg\"><img loading=\"lazy\" decoding=\"async\" width=\"77\" height=\"96\" src=\"https:\/\/lalmachine.com\/wp-content\/uploads\/2025\/12\/1EAC825C-B7A4-429C-9685-1705AD2CD6AF_1_201_a-scaled.jpeg\" class=\"attachment-thumbnail size-thumbnail\" alt=\"\" \/><\/a> <a href=\"https:\/\/lalmachine.com\/wp-content\/uploads\/2025\/12\/529209CF-74B7-46B2-94F0-7848289D8105-scaled.jpeg\"><img loading=\"lazy\" decoding=\"async\" width=\"64\" height=\"96\" src=\"https:\/\/lalmachine.com\/wp-content\/uploads\/2025\/12\/529209CF-74B7-46B2-94F0-7848289D8105-scaled.jpeg\" class=\"attachment-thumbnail size-thumbnail\" alt=\"\" \/><\/a> <a href=\"https:\/\/lalmachine.com\/wp-content\/uploads\/2025\/12\/A2292BD8-761C-4B30-B8B5-6760FBA13F64_1_201_a-scaled.jpeg\"><img loading=\"lazy\" decoding=\"async\" width=\"77\" height=\"96\" src=\"https:\/\/lalmachine.com\/wp-content\/uploads\/2025\/12\/A2292BD8-761C-4B30-B8B5-6760FBA13F64_1_201_a-scaled.jpeg\" class=\"attachment-thumbnail size-thumbnail\" alt=\"\" \/><\/a> <a href=\"https:\/\/lalmachine.com\/wp-content\/uploads\/2025\/12\/03CE1595-E8B8-4BF7-91E3-9F12DB9621E5_1_201_a-scaled.jpeg\"><img loading=\"lazy\" decoding=\"async\" width=\"96\" height=\"96\" src=\"https:\/\/lalmachine.com\/wp-content\/uploads\/2025\/12\/03CE1595-E8B8-4BF7-91E3-9F12DB9621E5_1_201_a-scaled.jpeg\" class=\"attachment-thumbnail size-thumbnail\" alt=\"\" \/><\/a> <\/li>        <li class=\"wpuf-field-data wpuf-field-data-numeric_text_field\">\n                            <label>Prix:<\/label>\n                        220        <\/li>\n                <li class=\"wpuf-field-data wpuf-field-data-numeric_text_field\">\n                            <label>Hauteur (cm):<\/label>\n                        70        <\/li>\n                <li class=\"wpuf-field-data wpuf-field-data-numeric_text_field\">\n                            <label>Largeur (cm):<\/label>\n                        67        <\/li>\n                <li class=\"wpuf-field-data wpuf-field-data-numeric_text_field\">\n                            <label>Profondeur (cm):<\/label>\n                        62        <\/li>\n        <\/ul>","protected":false},"excerpt":{"rendered":"<p>Fond\u00e9e en 1922 au Pays-Bas, c&#8217;est dans la ville de Gouda que l&#8217;entreprise familiale Steenkamer, renomm\u00e9e plus tard Creafort, commen\u00e7a son activit\u00e9 en tant que fabricant de meubles.<\/p>\n<p>Leur fauteuil Gordon s&#8217;inscrit dans une longue tradition o\u00f9 fabricants et \u00e9b\u00e9nistes des quatre coins du globe s&#8217;emploient depuis des d\u00e9cennies \u00e0 r\u00e9-interpr\u00e9ter le traditionnel fauteuil safari.<\/p>\n<p>Une conception simple et facile \u00e0 monter soi-m\u00eame qui permet \u00e0 ses concepteurs de l&#8217;emballer efficacement dans de petits paquets pour faciliter, entre autres, l&#8217;exp\u00e9dition.<\/p>\n<p>Les toiles sont en lin et trois sangles r\u00e9glables en cuir solidarisent l&#8217;assise \u00e0 la structure. On aime le soin apport\u00e9 \u00e0 des d\u00e9tails tels que les t\u00eates de vis en laiton ponctuant avec raffinement les montants des accoudoirs.<\/p>\n<p>Un fauteuil l\u00e9ger \u00e0 la ligne minimaliste et ramass\u00e9e, qui ne fait aucun compromis au confort.<\/p>","protected":false},"featured_media":354268,"template":"","meta":{"_et_pb_use_builder":"","_et_pb_old_content":"","_et_gb_content_width":""},"product_brand":[],"product_cat":[99,48],"product_tag":[],"proximite":[283,179],"class_list":{"0":"post-354225","1":"product","2":"type-product","3":"status-publish","4":"has-post-thumbnail","6":"product_cat-canape-fauteuil-pouf","7":"product_cat-sasseoir","8":"pa_couleur-bois","9":"pa_etat-bon-etat","10":"pa_materiau-bois","11":"pa_style-scandinave","12":"proximite-riviera-pays-denhaut","13":"proximite-vaud","15":"first","16":"outofstock","17":"shipping-taxable","18":"purchasable","19":"product-type-simple"},"yoast_head":"<!-- This site is optimized with the Yoast SEO plugin v27.4 - https:\/\/yoast.com\/product\/yoast-seo-wordpress\/ -->\n<title>Fauteuil Gordon, J. Steenkamer, Creafort, Pays-Bas, 1970&#039;s | lalmachine.com, mobilier et objets d\u00e9co vintage et design<\/title>\n<meta name=\"description\" content=\"Fauteuil Gordon, J. Steenkamer, Creafort, Pays-Bas, 1970&#039;s\" \/>\n<meta name=\"robots\" content=\"index, follow, max-snippet:-1, max-image-preview:large, max-video-preview:-1\" \/>\n<link rel=\"canonical\" href=\"https:\/\/lalmachine.com\/de\/shop\/sasseoir\/canape-fauteuil-pouf\/fauteuil-gordon-j-steenkamer-creafort-pays-bas-1970s\/\" \/>\n<meta property=\"og:locale\" content=\"de_DE\" \/>\n<meta property=\"og:type\" content=\"article\" \/>\n<meta property=\"og:title\" content=\"Fauteuil Gordon, J. Steenkamer, Creafort, Pays-Bas, 1970&#039;s | lalmachine.com, mobilier et objets d\u00e9co vintage et design\" \/>\n<meta property=\"og:description\" content=\"Fauteuil Gordon, J. Steenkamer, Creafort, Pays-Bas, 1970&#039;s\" \/>\n<meta property=\"og:url\" content=\"https:\/\/lalmachine.com\/de\/shop\/sasseoir\/canape-fauteuil-pouf\/fauteuil-gordon-j-steenkamer-creafort-pays-bas-1970s\/\" \/>\n<meta property=\"og:site_name\" content=\"lalmachine.com\" \/>\n<meta property=\"article:publisher\" content=\"https:\/\/facebook.com\/lalmachine\" \/>\n<meta property=\"article:modified_time\" content=\"2025-12-21T14:10:51+00:00\" \/>\n<meta property=\"og:image\" content=\"https:\/\/lalmachine.com\/wp-content\/uploads\/2025\/12\/BD33608F-F04D-48CA-ABF7-DF5DA44436AE_1_201_a-scaled_clipped_rev_2.jpeg\" \/>\n\t<meta property=\"og:image:width\" content=\"1728\" \/>\n\t<meta property=\"og:image:height\" content=\"1729\" \/>\n\t<meta property=\"og:image:type\" content=\"image\/jpeg\" \/>\n<meta name=\"twitter:card\" content=\"summary_large_image\" \/>\n<script type=\"application\/ld+json\" class=\"yoast-schema-graph\">{\"@context\":\"https:\\\/\\\/schema.org\",\"@graph\":[{\"@type\":\"WebPage\",\"@id\":\"https:\\\/\\\/lalmachine.com\\\/shop\\\/sasseoir\\\/canape-fauteuil-pouf\\\/fauteuil-gordon-j-steenkamer-creafort-pays-bas-1970s\\\/\",\"url\":\"https:\\\/\\\/lalmachine.com\\\/shop\\\/sasseoir\\\/canape-fauteuil-pouf\\\/fauteuil-gordon-j-steenkamer-creafort-pays-bas-1970s\\\/\",\"name\":\"Fauteuil Gordon, J. Steenkamer, Creafort, Pays-Bas, 1970's | lalmachine.com, mobilier et objets d\u00e9co vintage et design\",\"isPartOf\":{\"@id\":\"https:\\\/\\\/lalmachine.com\\\/#website\"},\"primaryImageOfPage\":{\"@id\":\"https:\\\/\\\/lalmachine.com\\\/shop\\\/sasseoir\\\/canape-fauteuil-pouf\\\/fauteuil-gordon-j-steenkamer-creafort-pays-bas-1970s\\\/#primaryimage\"},\"image\":{\"@id\":\"https:\\\/\\\/lalmachine.com\\\/shop\\\/sasseoir\\\/canape-fauteuil-pouf\\\/fauteuil-gordon-j-steenkamer-creafort-pays-bas-1970s\\\/#primaryimage\"},\"thumbnailUrl\":\"https:\\\/\\\/lalmachine.com\\\/wp-content\\\/uploads\\\/2025\\\/12\\\/BD33608F-F04D-48CA-ABF7-DF5DA44436AE_1_201_a-scaled_clipped_rev_2.jpeg\",\"datePublished\":\"2025-12-16T09:45:26+00:00\",\"dateModified\":\"2025-12-21T14:10:51+00:00\",\"description\":\"Fauteuil Gordon, J. Steenkamer, Creafort, Pays-Bas, 1970's\",\"breadcrumb\":{\"@id\":\"https:\\\/\\\/lalmachine.com\\\/shop\\\/sasseoir\\\/canape-fauteuil-pouf\\\/fauteuil-gordon-j-steenkamer-creafort-pays-bas-1970s\\\/#breadcrumb\"},\"inLanguage\":\"de\",\"potentialAction\":[{\"@type\":\"ReadAction\",\"target\":[\"https:\\\/\\\/lalmachine.com\\\/shop\\\/sasseoir\\\/canape-fauteuil-pouf\\\/fauteuil-gordon-j-steenkamer-creafort-pays-bas-1970s\\\/\"]}]},{\"@type\":\"ImageObject\",\"inLanguage\":\"de\",\"@id\":\"https:\\\/\\\/lalmachine.com\\\/shop\\\/sasseoir\\\/canape-fauteuil-pouf\\\/fauteuil-gordon-j-steenkamer-creafort-pays-bas-1970s\\\/#primaryimage\",\"url\":\"https:\\\/\\\/lalmachine.com\\\/wp-content\\\/uploads\\\/2025\\\/12\\\/BD33608F-F04D-48CA-ABF7-DF5DA44436AE_1_201_a-scaled_clipped_rev_2.jpeg\",\"contentUrl\":\"https:\\\/\\\/lalmachine.com\\\/wp-content\\\/uploads\\\/2025\\\/12\\\/BD33608F-F04D-48CA-ABF7-DF5DA44436AE_1_201_a-scaled_clipped_rev_2.jpeg\",\"width\":1728,\"height\":1729,\"caption\":\"Fauteuil Gordon J. Steenkamer\"},{\"@type\":\"BreadcrumbList\",\"@id\":\"https:\\\/\\\/lalmachine.com\\\/shop\\\/sasseoir\\\/canape-fauteuil-pouf\\\/fauteuil-gordon-j-steenkamer-creafort-pays-bas-1970s\\\/#breadcrumb\",\"itemListElement\":[{\"@type\":\"ListItem\",\"position\":1,\"name\":\"Accueil\",\"item\":\"https:\\\/\\\/lalmachine.com\\\/\"},{\"@type\":\"ListItem\",\"position\":2,\"name\":\"Shop\",\"item\":\"https:\\\/\\\/lalmachine.com\\\/shop\\\/\"},{\"@type\":\"ListItem\",\"position\":3,\"name\":\"Fauteuil Gordon, J. Steenkamer, Creafort, Pays-Bas, 1970&#8217;s\"}]},{\"@type\":\"WebSite\",\"@id\":\"https:\\\/\\\/lalmachine.com\\\/#website\",\"url\":\"https:\\\/\\\/lalmachine.com\\\/\",\"name\":\"lalmachine.com\",\"description\":\"Brocante en ligne Suisse | Mobilier et objets d\u00e9co vintage et design\",\"potentialAction\":[{\"@type\":\"SearchAction\",\"target\":{\"@type\":\"EntryPoint\",\"urlTemplate\":\"https:\\\/\\\/lalmachine.com\\\/?s={search_term_string}\"},\"query-input\":{\"@type\":\"PropertyValueSpecification\",\"valueRequired\":true,\"valueName\":\"search_term_string\"}}],\"inLanguage\":\"de\"}]}<\/script>\n<!-- \/ Yoast SEO plugin. -->","yoast_head_json":{"title":"Fauteuil Gordon, J. Steenkamer, Creafort, Pays-Bas, 1970's | lalmachine.com, mobilier et objets d\u00e9co vintage et design","description":"Fauteuil Gordon, J. Steenkamer, Creafort, Pays-Bas, 1970's","robots":{"index":"index","follow":"follow","max-snippet":"max-snippet:-1","max-image-preview":"max-image-preview:large","max-video-preview":"max-video-preview:-1"},"canonical":"https:\/\/lalmachine.com\/de\/shop\/sasseoir\/canape-fauteuil-pouf\/fauteuil-gordon-j-steenkamer-creafort-pays-bas-1970s\/","og_locale":"de_DE","og_type":"article","og_title":"Fauteuil Gordon, J. Steenkamer, Creafort, Pays-Bas, 1970's | lalmachine.com, mobilier et objets d\u00e9co vintage et design","og_description":"Fauteuil Gordon, J. Steenkamer, Creafort, Pays-Bas, 1970's","og_url":"https:\/\/lalmachine.com\/de\/shop\/sasseoir\/canape-fauteuil-pouf\/fauteuil-gordon-j-steenkamer-creafort-pays-bas-1970s\/","og_site_name":"lalmachine.com","article_publisher":"https:\/\/facebook.com\/lalmachine","article_modified_time":"2025-12-21T14:10:51+00:00","og_image":[{"width":1728,"height":1729,"url":"https:\/\/lalmachine.com\/wp-content\/uploads\/2025\/12\/BD33608F-F04D-48CA-ABF7-DF5DA44436AE_1_201_a-scaled_clipped_rev_2.jpeg","type":"image\/jpeg"}],"twitter_card":"summary_large_image","schema":{"@context":"https:\/\/schema.org","@graph":[{"@type":"WebPage","@id":"https:\/\/lalmachine.com\/shop\/sasseoir\/canape-fauteuil-pouf\/fauteuil-gordon-j-steenkamer-creafort-pays-bas-1970s\/","url":"https:\/\/lalmachine.com\/shop\/sasseoir\/canape-fauteuil-pouf\/fauteuil-gordon-j-steenkamer-creafort-pays-bas-1970s\/","name":"Fauteuil Gordon, J. Steenkamer, Creafort, Pays-Bas, 1970's | lalmachine.com, mobilier et objets d\u00e9co vintage et design","isPartOf":{"@id":"https:\/\/lalmachine.com\/#website"},"primaryImageOfPage":{"@id":"https:\/\/lalmachine.com\/shop\/sasseoir\/canape-fauteuil-pouf\/fauteuil-gordon-j-steenkamer-creafort-pays-bas-1970s\/#primaryimage"},"image":{"@id":"https:\/\/lalmachine.com\/shop\/sasseoir\/canape-fauteuil-pouf\/fauteuil-gordon-j-steenkamer-creafort-pays-bas-1970s\/#primaryimage"},"thumbnailUrl":"https:\/\/lalmachine.com\/wp-content\/uploads\/2025\/12\/BD33608F-F04D-48CA-ABF7-DF5DA44436AE_1_201_a-scaled_clipped_rev_2.jpeg","datePublished":"2025-12-16T09:45:26+00:00","dateModified":"2025-12-21T14:10:51+00:00","description":"Fauteuil Gordon, J. Steenkamer, Creafort, Pays-Bas, 1970's","breadcrumb":{"@id":"https:\/\/lalmachine.com\/shop\/sasseoir\/canape-fauteuil-pouf\/fauteuil-gordon-j-steenkamer-creafort-pays-bas-1970s\/#breadcrumb"},"inLanguage":"de","potentialAction":[{"@type":"ReadAction","target":["https:\/\/lalmachine.com\/shop\/sasseoir\/canape-fauteuil-pouf\/fauteuil-gordon-j-steenkamer-creafort-pays-bas-1970s\/"]}]},{"@type":"ImageObject","inLanguage":"de","@id":"https:\/\/lalmachine.com\/shop\/sasseoir\/canape-fauteuil-pouf\/fauteuil-gordon-j-steenkamer-creafort-pays-bas-1970s\/#primaryimage","url":"https:\/\/lalmachine.com\/wp-content\/uploads\/2025\/12\/BD33608F-F04D-48CA-ABF7-DF5DA44436AE_1_201_a-scaled_clipped_rev_2.jpeg","contentUrl":"https:\/\/lalmachine.com\/wp-content\/uploads\/2025\/12\/BD33608F-F04D-48CA-ABF7-DF5DA44436AE_1_201_a-scaled_clipped_rev_2.jpeg","width":1728,"height":1729,"caption":"Fauteuil Gordon J. Steenkamer"},{"@type":"BreadcrumbList","@id":"https:\/\/lalmachine.com\/shop\/sasseoir\/canape-fauteuil-pouf\/fauteuil-gordon-j-steenkamer-creafort-pays-bas-1970s\/#breadcrumb","itemListElement":[{"@type":"ListItem","position":1,"name":"Accueil","item":"https:\/\/lalmachine.com\/"},{"@type":"ListItem","position":2,"name":"Shop","item":"https:\/\/lalmachine.com\/shop\/"},{"@type":"ListItem","position":3,"name":"Fauteuil Gordon, J. Steenkamer, Creafort, Pays-Bas, 1970&#8217;s"}]},{"@type":"WebSite","@id":"https:\/\/lalmachine.com\/#website","url":"https:\/\/lalmachine.com\/","name":"lalmachine.com","description":"Brocante en ligne Suisse | Mobilier et objets d\u00e9co vintage et design","potentialAction":[{"@type":"SearchAction","target":{"@type":"EntryPoint","urlTemplate":"https:\/\/lalmachine.com\/?s={search_term_string}"},"query-input":{"@type":"PropertyValueSpecification","valueRequired":true,"valueName":"search_term_string"}}],"inLanguage":"de"}]}},"_links":{"self":[{"href":"https:\/\/lalmachine.com\/de\/wp-json\/wp\/v2\/product\/354225","targetHints":{"allow":["GET"]}}],"collection":[{"href":"https:\/\/lalmachine.com\/de\/wp-json\/wp\/v2\/product"}],"about":[{"href":"https:\/\/lalmachine.com\/de\/wp-json\/wp\/v2\/types\/product"}],"wp:featuredmedia":[{"embeddable":true,"href":"https:\/\/lalmachine.com\/de\/wp-json\/wp\/v2\/media\/354268"}],"wp:attachment":[{"href":"https:\/\/lalmachine.com\/de\/wp-json\/wp\/v2\/media?parent=354225"}],"wp:term":[{"taxonomy":"product_brand","embeddable":true,"href":"https:\/\/lalmachine.com\/de\/wp-json\/wp\/v2\/product_brand?post=354225"},{"taxonomy":"product_cat","embeddable":true,"href":"https:\/\/lalmachine.com\/de\/wp-json\/wp\/v2\/product_cat?post=354225"},{"taxonomy":"product_tag","embeddable":true,"href":"https:\/\/lalmachine.com\/de\/wp-json\/wp\/v2\/product_tag?post=354225"},{"taxonomy":"proximite","embeddable":true,"href":"https:\/\/lalmachine.com\/de\/wp-json\/wp\/v2\/proximite?post=354225"}],"curies":[{"name":"wp","href":"https:\/\/api.w.org\/{rel}","templated":true}]}}