{"id":354446,"date":"2025-12-27T13:24:54","date_gmt":"2025-12-27T12:24:54","guid":{"rendered":"https:\/\/lalmachine.com\/?post_type=product&#038;p=354446"},"modified":"2026-01-02T09:14:27","modified_gmt":"2026-01-02T08:14:27","slug":"table-en-teck-pliante-par-g-plan","status":"publish","type":"product","link":"https:\/\/lalmachine.com\/de\/shop\/meubler\/table\/table-en-teck-pliante-par-g-plan\/","title":{"rendered":"Table en teck pliante par G-Plan"},"content":{"rendered":"<ul class=\"wpuf_customs\"><li style=\"list-style-type:none;\"><label>Autres photos:<\/label> <a href=\"https:\/\/lalmachine.com\/wp-content\/uploads\/2025\/12\/Photoroom_021_20240729_122512.jpg\"><img loading=\"lazy\" decoding=\"async\" width=\"72\" height=\"96\" src=\"https:\/\/lalmachine.com\/wp-content\/uploads\/2025\/12\/Photoroom_021_20240729_122512.jpg\" class=\"attachment-thumbnail size-thumbnail\" alt=\"\" \/><\/a> <a href=\"https:\/\/lalmachine.com\/wp-content\/uploads\/2025\/12\/Photoroom_022_20240729_122512.jpg\"><img loading=\"lazy\" decoding=\"async\" width=\"72\" height=\"96\" src=\"https:\/\/lalmachine.com\/wp-content\/uploads\/2025\/12\/Photoroom_022_20240729_122512.jpg\" class=\"attachment-thumbnail size-thumbnail\" alt=\"\" \/><\/a> <a href=\"https:\/\/lalmachine.com\/wp-content\/uploads\/2025\/12\/Photoroom_020_20240729_122512.jpg\"><img loading=\"lazy\" decoding=\"async\" width=\"72\" height=\"96\" src=\"https:\/\/lalmachine.com\/wp-content\/uploads\/2025\/12\/Photoroom_020_20240729_122512.jpg\" class=\"attachment-thumbnail size-thumbnail\" alt=\"\" \/><\/a> <a href=\"https:\/\/lalmachine.com\/wp-content\/uploads\/2025\/12\/Photoroom_019_20240729_122512.jpg\"><img loading=\"lazy\" decoding=\"async\" width=\"72\" height=\"96\" src=\"https:\/\/lalmachine.com\/wp-content\/uploads\/2025\/12\/Photoroom_019_20240729_122512.jpg\" class=\"attachment-thumbnail size-thumbnail\" alt=\"\" \/><\/a> <a href=\"https:\/\/lalmachine.com\/wp-content\/uploads\/2025\/12\/Photoroom_015_20240729_122512.jpg\"><img loading=\"lazy\" decoding=\"async\" width=\"72\" height=\"96\" src=\"https:\/\/lalmachine.com\/wp-content\/uploads\/2025\/12\/Photoroom_015_20240729_122512.jpg\" class=\"attachment-thumbnail size-thumbnail\" alt=\"\" \/><\/a> <a href=\"https:\/\/lalmachine.com\/wp-content\/uploads\/2025\/12\/Photoroom_017_20240729_122512.jpg\"><img loading=\"lazy\" decoding=\"async\" width=\"72\" height=\"96\" src=\"https:\/\/lalmachine.com\/wp-content\/uploads\/2025\/12\/Photoroom_017_20240729_122512.jpg\" class=\"attachment-thumbnail size-thumbnail\" alt=\"\" \/><\/a> <a href=\"https:\/\/lalmachine.com\/wp-content\/uploads\/2025\/12\/Photoroom_016_20240729_122512.jpg\"><img loading=\"lazy\" decoding=\"async\" width=\"128\" height=\"96\" src=\"https:\/\/lalmachine.com\/wp-content\/uploads\/2025\/12\/Photoroom_016_20240729_122512.jpg\" class=\"attachment-thumbnail size-thumbnail\" alt=\"\" \/><\/a> <a href=\"https:\/\/lalmachine.com\/wp-content\/uploads\/2025\/12\/Photoroom_002_20240729_122512.jpg\"><img loading=\"lazy\" decoding=\"async\" width=\"72\" height=\"96\" src=\"https:\/\/lalmachine.com\/wp-content\/uploads\/2025\/12\/Photoroom_002_20240729_122512.jpg\" class=\"attachment-thumbnail size-thumbnail\" alt=\"\" \/><\/a> <a href=\"https:\/\/lalmachine.com\/wp-content\/uploads\/2025\/12\/Photoroom_004_20240729_122512.jpg\"><img loading=\"lazy\" decoding=\"async\" width=\"42\" height=\"96\" src=\"https:\/\/lalmachine.com\/wp-content\/uploads\/2025\/12\/Photoroom_004_20240729_122512.jpg\" class=\"attachment-thumbnail size-thumbnail\" alt=\"\" \/><\/a> <\/li>        <li class=\"wpuf-field-data wpuf-field-data-numeric_text_field\">\n                            <label>Prix:<\/label>\n                        600        <\/li>\n                <li class=\"wpuf-field-data wpuf-field-data-numeric_text_field\">\n                            <label>Quantit\u00e9:<\/label>\n                        2        <\/li>\n                <li class=\"wpuf-field-data wpuf-field-data-numeric_text_field\">\n                            <label>Hauteur (cm):<\/label>\n                        73        <\/li>\n                <li class=\"wpuf-field-data wpuf-field-data-numeric_text_field\">\n                            <label>Largeur (cm):<\/label>\n                        137        <\/li>\n                <li class=\"wpuf-field-data wpuf-field-data-numeric_text_field\">\n                            <label>Profondeur (cm):<\/label>\n                        91        <\/li>\n        <\/ul>","protected":false},"excerpt":{"rendered":"<p>Table \u00e0 manger fabriqu\u00e9e par G Plan dans les ann\u00e9es 1960\u2019s qui fait partie de la gamme Fresco. Style scandinave en bois de teck massif et au pi\u00e8tement unique \u00e0 but\u00e9e en bois de palissandre. Plateau pliable \u00e0 plateaux abattants \u00e0 bords arrondis. Les pieds de la table s\u2019ouvrent facilement pour permettre \u00e0 6 personnes de s\u2019asseoir confortablement ce qui est id\u00e9al pour les petits espaces.<\/p>\n<p>Le fabricant de meubles britannique G-Plan a \u00e9t\u00e9 fond\u00e9 en 1953, mais ses racines remontent beaucoup plus loin. En 1898, Ebenezer Gomme (1858 \u2013 1931) a fond\u00e9 un atelier en bois pr\u00e9cieux, E. Gomme Ltd., \u00e0 High Wycombe, en Angleterre, un bastion pour la manufacture de meubles britannique. Au d\u00e9but du 20\u00e8me si\u00e8cle. si\u00e8cle, E. Gomme est devenu un plus grand complexe d\u2019usine et en 1911, les fils ont repris l\u2019entreprise, qui a \u00e9t\u00e9 vant\u00e9e pour sa gamme de buffets, de tables et d\u2019autres meubles de haute qualit\u00e9, ainsi que pour son r\u00f4le de pionnier dans le d\u00e9veloppement d\u2019ensembles de salle \u00e0 manger coordonn\u00e9s.<\/p>","protected":false},"featured_media":354545,"template":"","meta":{"_et_pb_use_builder":"","_et_pb_old_content":"","_et_gb_content_width":""},"product_brand":[],"product_cat":[47,82],"product_tag":[],"proximite":[177,233],"class_list":{"0":"post-354446","1":"product","2":"type-product","3":"status-publish","4":"has-post-thumbnail","6":"product_cat-meubler","7":"product_cat-table","8":"pa_couleur-marron","9":"pa_etat-tres-bon-etat","10":"pa_materiau-bois","11":"pa_style-scandinave","12":"proximite-fribourg","13":"proximite-gruyere","15":"first","16":"instock","17":"shipping-taxable","18":"purchasable","19":"product-type-simple"},"yoast_head":"<!-- This site is optimized with the Yoast SEO plugin v27.4 - https:\/\/yoast.com\/product\/yoast-seo-wordpress\/ -->\n<title>Table en teck pliante par G-Plan | lalmachine.com<\/title>\n<meta name=\"description\" content=\"Table en teck pliante par G-Plan\" \/>\n<meta name=\"robots\" content=\"index, follow, max-snippet:-1, max-image-preview:large, max-video-preview:-1\" \/>\n<link rel=\"canonical\" href=\"http:\/\/lalmachine.com\/de\/shop\/meubler\/table\/table-en-teck-pliante-par-g-plan\/\" \/>\n<meta property=\"og:locale\" content=\"de_DE\" \/>\n<meta property=\"og:type\" content=\"article\" \/>\n<meta property=\"og:title\" content=\"Table en teck pliante par G-Plan | lalmachine.com\" \/>\n<meta property=\"og:description\" content=\"Table en teck pliante par G-Plan\" \/>\n<meta property=\"og:url\" content=\"http:\/\/lalmachine.com\/de\/shop\/meubler\/table\/table-en-teck-pliante-par-g-plan\/\" \/>\n<meta property=\"og:site_name\" content=\"lalmachine.com\" \/>\n<meta property=\"article:publisher\" content=\"https:\/\/facebook.com\/lalmachine\" \/>\n<meta property=\"article:modified_time\" content=\"2026-01-02T08:14:27+00:00\" \/>\n<meta property=\"og:image\" content=\"https:\/\/lalmachine.com\/wp-content\/uploads\/2025\/12\/Photoroom_20240729_212926_clipped_rev_1.jpeg\" \/>\n\t<meta property=\"og:image:width\" content=\"2305\" \/>\n\t<meta property=\"og:image:height\" content=\"2306\" \/>\n\t<meta property=\"og:image:type\" content=\"image\/jpeg\" \/>\n<meta name=\"twitter:card\" content=\"summary_large_image\" \/>\n<script type=\"application\/ld+json\" class=\"yoast-schema-graph\">{\"@context\":\"https:\\\/\\\/schema.org\",\"@graph\":[{\"@type\":\"WebPage\",\"@id\":\"http:\\\/\\\/lalmachine.com\\\/de\\\/shop\\\/meubler\\\/table\\\/table-en-teck-pliante-par-g-plan\\\/\",\"url\":\"http:\\\/\\\/lalmachine.com\\\/de\\\/shop\\\/meubler\\\/table\\\/table-en-teck-pliante-par-g-plan\\\/\",\"name\":\"Table en teck pliante par G-Plan | lalmachine.com\",\"isPartOf\":{\"@id\":\"https:\\\/\\\/lalmachine.com\\\/#website\"},\"primaryImageOfPage\":{\"@id\":\"http:\\\/\\\/lalmachine.com\\\/de\\\/shop\\\/meubler\\\/table\\\/table-en-teck-pliante-par-g-plan\\\/#primaryimage\"},\"image\":{\"@id\":\"http:\\\/\\\/lalmachine.com\\\/de\\\/shop\\\/meubler\\\/table\\\/table-en-teck-pliante-par-g-plan\\\/#primaryimage\"},\"thumbnailUrl\":\"https:\\\/\\\/lalmachine.com\\\/wp-content\\\/uploads\\\/2025\\\/12\\\/Photoroom_20240729_212926_clipped_rev_1.jpeg\",\"datePublished\":\"2025-12-27T12:24:54+00:00\",\"dateModified\":\"2026-01-02T08:14:27+00:00\",\"description\":\"Table en teck pliante par G-Plan\",\"breadcrumb\":{\"@id\":\"http:\\\/\\\/lalmachine.com\\\/de\\\/shop\\\/meubler\\\/table\\\/table-en-teck-pliante-par-g-plan\\\/#breadcrumb\"},\"inLanguage\":\"de\",\"potentialAction\":[{\"@type\":\"ReadAction\",\"target\":[\"http:\\\/\\\/lalmachine.com\\\/de\\\/shop\\\/meubler\\\/table\\\/table-en-teck-pliante-par-g-plan\\\/\"]}]},{\"@type\":\"ImageObject\",\"inLanguage\":\"de\",\"@id\":\"http:\\\/\\\/lalmachine.com\\\/de\\\/shop\\\/meubler\\\/table\\\/table-en-teck-pliante-par-g-plan\\\/#primaryimage\",\"url\":\"https:\\\/\\\/lalmachine.com\\\/wp-content\\\/uploads\\\/2025\\\/12\\\/Photoroom_20240729_212926_clipped_rev_1.jpeg\",\"contentUrl\":\"https:\\\/\\\/lalmachine.com\\\/wp-content\\\/uploads\\\/2025\\\/12\\\/Photoroom_20240729_212926_clipped_rev_1.jpeg\",\"width\":2305,\"height\":2306},{\"@type\":\"BreadcrumbList\",\"@id\":\"http:\\\/\\\/lalmachine.com\\\/de\\\/shop\\\/meubler\\\/table\\\/table-en-teck-pliante-par-g-plan\\\/#breadcrumb\",\"itemListElement\":[{\"@type\":\"ListItem\",\"position\":1,\"name\":\"Accueil\",\"item\":\"https:\\\/\\\/lalmachine.com\\\/\"},{\"@type\":\"ListItem\",\"position\":2,\"name\":\"Shop\",\"item\":\"https:\\\/\\\/lalmachine.com\\\/shop\\\/\"},{\"@type\":\"ListItem\",\"position\":3,\"name\":\"Table en teck pliante par G-Plan\"}]},{\"@type\":\"WebSite\",\"@id\":\"https:\\\/\\\/lalmachine.com\\\/#website\",\"url\":\"https:\\\/\\\/lalmachine.com\\\/\",\"name\":\"lalmachine.com\",\"description\":\"Brocante en ligne Suisse | Mobilier et objets d\u00e9co vintage et design\",\"potentialAction\":[{\"@type\":\"SearchAction\",\"target\":{\"@type\":\"EntryPoint\",\"urlTemplate\":\"https:\\\/\\\/lalmachine.com\\\/?s={search_term_string}\"},\"query-input\":{\"@type\":\"PropertyValueSpecification\",\"valueRequired\":true,\"valueName\":\"search_term_string\"}}],\"inLanguage\":\"de\"}]}<\/script>\n<!-- \/ Yoast SEO plugin. -->","yoast_head_json":{"title":"Table en teck pliante par G-Plan | lalmachine.com","description":"Table en teck pliante par G-Plan","robots":{"index":"index","follow":"follow","max-snippet":"max-snippet:-1","max-image-preview":"max-image-preview:large","max-video-preview":"max-video-preview:-1"},"canonical":"http:\/\/lalmachine.com\/de\/shop\/meubler\/table\/table-en-teck-pliante-par-g-plan\/","og_locale":"de_DE","og_type":"article","og_title":"Table en teck pliante par G-Plan | lalmachine.com","og_description":"Table en teck pliante par G-Plan","og_url":"http:\/\/lalmachine.com\/de\/shop\/meubler\/table\/table-en-teck-pliante-par-g-plan\/","og_site_name":"lalmachine.com","article_publisher":"https:\/\/facebook.com\/lalmachine","article_modified_time":"2026-01-02T08:14:27+00:00","og_image":[{"width":2305,"height":2306,"url":"https:\/\/lalmachine.com\/wp-content\/uploads\/2025\/12\/Photoroom_20240729_212926_clipped_rev_1.jpeg","type":"image\/jpeg"}],"twitter_card":"summary_large_image","schema":{"@context":"https:\/\/schema.org","@graph":[{"@type":"WebPage","@id":"http:\/\/lalmachine.com\/de\/shop\/meubler\/table\/table-en-teck-pliante-par-g-plan\/","url":"http:\/\/lalmachine.com\/de\/shop\/meubler\/table\/table-en-teck-pliante-par-g-plan\/","name":"Table en teck pliante par G-Plan | lalmachine.com","isPartOf":{"@id":"https:\/\/lalmachine.com\/#website"},"primaryImageOfPage":{"@id":"http:\/\/lalmachine.com\/de\/shop\/meubler\/table\/table-en-teck-pliante-par-g-plan\/#primaryimage"},"image":{"@id":"http:\/\/lalmachine.com\/de\/shop\/meubler\/table\/table-en-teck-pliante-par-g-plan\/#primaryimage"},"thumbnailUrl":"https:\/\/lalmachine.com\/wp-content\/uploads\/2025\/12\/Photoroom_20240729_212926_clipped_rev_1.jpeg","datePublished":"2025-12-27T12:24:54+00:00","dateModified":"2026-01-02T08:14:27+00:00","description":"Table en teck pliante par G-Plan","breadcrumb":{"@id":"http:\/\/lalmachine.com\/de\/shop\/meubler\/table\/table-en-teck-pliante-par-g-plan\/#breadcrumb"},"inLanguage":"de","potentialAction":[{"@type":"ReadAction","target":["http:\/\/lalmachine.com\/de\/shop\/meubler\/table\/table-en-teck-pliante-par-g-plan\/"]}]},{"@type":"ImageObject","inLanguage":"de","@id":"http:\/\/lalmachine.com\/de\/shop\/meubler\/table\/table-en-teck-pliante-par-g-plan\/#primaryimage","url":"https:\/\/lalmachine.com\/wp-content\/uploads\/2025\/12\/Photoroom_20240729_212926_clipped_rev_1.jpeg","contentUrl":"https:\/\/lalmachine.com\/wp-content\/uploads\/2025\/12\/Photoroom_20240729_212926_clipped_rev_1.jpeg","width":2305,"height":2306},{"@type":"BreadcrumbList","@id":"http:\/\/lalmachine.com\/de\/shop\/meubler\/table\/table-en-teck-pliante-par-g-plan\/#breadcrumb","itemListElement":[{"@type":"ListItem","position":1,"name":"Accueil","item":"https:\/\/lalmachine.com\/"},{"@type":"ListItem","position":2,"name":"Shop","item":"https:\/\/lalmachine.com\/shop\/"},{"@type":"ListItem","position":3,"name":"Table en teck pliante par G-Plan"}]},{"@type":"WebSite","@id":"https:\/\/lalmachine.com\/#website","url":"https:\/\/lalmachine.com\/","name":"lalmachine.com","description":"Brocante en ligne Suisse | Mobilier et objets d\u00e9co vintage et design","potentialAction":[{"@type":"SearchAction","target":{"@type":"EntryPoint","urlTemplate":"https:\/\/lalmachine.com\/?s={search_term_string}"},"query-input":{"@type":"PropertyValueSpecification","valueRequired":true,"valueName":"search_term_string"}}],"inLanguage":"de"}]}},"_links":{"self":[{"href":"https:\/\/lalmachine.com\/de\/wp-json\/wp\/v2\/product\/354446","targetHints":{"allow":["GET"]}}],"collection":[{"href":"https:\/\/lalmachine.com\/de\/wp-json\/wp\/v2\/product"}],"about":[{"href":"https:\/\/lalmachine.com\/de\/wp-json\/wp\/v2\/types\/product"}],"wp:featuredmedia":[{"embeddable":true,"href":"https:\/\/lalmachine.com\/de\/wp-json\/wp\/v2\/media\/354545"}],"wp:attachment":[{"href":"https:\/\/lalmachine.com\/de\/wp-json\/wp\/v2\/media?parent=354446"}],"wp:term":[{"taxonomy":"product_brand","embeddable":true,"href":"https:\/\/lalmachine.com\/de\/wp-json\/wp\/v2\/product_brand?post=354446"},{"taxonomy":"product_cat","embeddable":true,"href":"https:\/\/lalmachine.com\/de\/wp-json\/wp\/v2\/product_cat?post=354446"},{"taxonomy":"product_tag","embeddable":true,"href":"https:\/\/lalmachine.com\/de\/wp-json\/wp\/v2\/product_tag?post=354446"},{"taxonomy":"proximite","embeddable":true,"href":"https:\/\/lalmachine.com\/de\/wp-json\/wp\/v2\/proximite?post=354446"}],"curies":[{"name":"wp","href":"https:\/\/api.w.org\/{rel}","templated":true}]}}