{"id":354728,"date":"2026-01-05T10:15:43","date_gmt":"2026-01-05T09:15:43","guid":{"rendered":"https:\/\/lalmachine.com\/?post_type=product&#038;p=354728"},"modified":"2026-01-08T17:44:42","modified_gmt":"2026-01-08T16:44:42","slug":"table-dappoint-pivotante-en-chrome-et-verre","status":"publish","type":"product","link":"https:\/\/lalmachine.com\/de\/shop\/meubler\/table-basse-dappoint\/table-dappoint-pivotante-en-chrome-et-verre\/","title":{"rendered":"Table d\u2019appoint pivotante en chrome et verre"},"content":{"rendered":"<ul class=\"wpuf_customs\"><li style=\"list-style-type:none;\"><label>Autres photos:<\/label> <a href=\"https:\/\/lalmachine.com\/wp-content\/uploads\/2026\/01\/IMG_8117-3-scaled.jpeg\"><img loading=\"lazy\" decoding=\"async\" width=\"72\" height=\"96\" src=\"https:\/\/lalmachine.com\/wp-content\/uploads\/2026\/01\/IMG_8117-3-scaled.jpeg\" class=\"attachment-thumbnail size-thumbnail\" alt=\"\" \/><\/a> <a href=\"https:\/\/lalmachine.com\/wp-content\/uploads\/2026\/01\/IMG_8119-1-scaled.jpeg\"><img loading=\"lazy\" decoding=\"async\" width=\"72\" height=\"96\" src=\"https:\/\/lalmachine.com\/wp-content\/uploads\/2026\/01\/IMG_8119-1-scaled.jpeg\" class=\"attachment-thumbnail size-thumbnail\" alt=\"\" \/><\/a> <a href=\"https:\/\/lalmachine.com\/wp-content\/uploads\/2026\/01\/IMG_8123-1-scaled.jpeg\"><img loading=\"lazy\" decoding=\"async\" width=\"72\" height=\"96\" src=\"https:\/\/lalmachine.com\/wp-content\/uploads\/2026\/01\/IMG_8123-1-scaled.jpeg\" class=\"attachment-thumbnail size-thumbnail\" alt=\"\" \/><\/a> <a href=\"https:\/\/lalmachine.com\/wp-content\/uploads\/2026\/01\/IMG_8124-1-scaled.jpeg\"><img loading=\"lazy\" decoding=\"async\" width=\"72\" height=\"96\" src=\"https:\/\/lalmachine.com\/wp-content\/uploads\/2026\/01\/IMG_8124-1-scaled.jpeg\" class=\"attachment-thumbnail size-thumbnail\" alt=\"\" \/><\/a> <a href=\"https:\/\/lalmachine.com\/wp-content\/uploads\/2026\/01\/IMG_8120-1-scaled.jpeg\"><img loading=\"lazy\" decoding=\"async\" width=\"72\" height=\"96\" src=\"https:\/\/lalmachine.com\/wp-content\/uploads\/2026\/01\/IMG_8120-1-scaled.jpeg\" class=\"attachment-thumbnail size-thumbnail\" alt=\"\" \/><\/a> <a href=\"https:\/\/lalmachine.com\/wp-content\/uploads\/2026\/01\/IMG_8121-1-scaled.jpeg\"><img loading=\"lazy\" decoding=\"async\" width=\"72\" height=\"96\" src=\"https:\/\/lalmachine.com\/wp-content\/uploads\/2026\/01\/IMG_8121-1-scaled.jpeg\" class=\"attachment-thumbnail size-thumbnail\" alt=\"\" \/><\/a> <a href=\"https:\/\/lalmachine.com\/wp-content\/uploads\/2026\/01\/IMG_8122-1-scaled.jpeg\"><img loading=\"lazy\" decoding=\"async\" width=\"72\" height=\"96\" src=\"https:\/\/lalmachine.com\/wp-content\/uploads\/2026\/01\/IMG_8122-1-scaled.jpeg\" class=\"attachment-thumbnail size-thumbnail\" alt=\"\" \/><\/a> <a href=\"https:\/\/lalmachine.com\/wp-content\/uploads\/2026\/01\/IMG_8126-1-scaled.jpeg\"><img loading=\"lazy\" decoding=\"async\" width=\"72\" height=\"96\" src=\"https:\/\/lalmachine.com\/wp-content\/uploads\/2026\/01\/IMG_8126-1-scaled.jpeg\" class=\"attachment-thumbnail size-thumbnail\" alt=\"\" \/><\/a> <\/li>        <li class=\"wpuf-field-data wpuf-field-data-numeric_text_field\">\n                            <label>Prix:<\/label>\n                        110        <\/li>\n                <li class=\"wpuf-field-data wpuf-field-data-numeric_text_field\">\n                            <label>Hauteur (cm):<\/label>\n                        58        <\/li>\n                <li class=\"wpuf-field-data wpuf-field-data-numeric_text_field\">\n                            <label>Largeur (cm):<\/label>\n                        45        <\/li>\n                <li class=\"wpuf-field-data wpuf-field-data-numeric_text_field\">\n                            <label>Profondeur (cm):<\/label>\n                        45        <\/li>\n        <\/ul>","protected":false},"excerpt":{"rendered":"<p>Table d\u2019appoint vintage en m\u00e9tal chrom\u00e9 et verre, au dessin circulaire \u00e9l\u00e9gant, typique du design des ann\u00e9es 1980\u20131990. La structure repose sur trois plateaux en verre transparent aux bords polis, cr\u00e9ant un jeu de superposition l\u00e9ger et graphique. Le plateau sup\u00e9rieur est pivotant, tandis que les deux autres sont fixes, offrant une composition \u00e0 la fois fonctionnelle et dynamique.<br \/>\nChaque plateau est maintenu par quatre petites ventouses de fixation.<br \/>\nLes proportions \u00e9quilibr\u00e9es et l\u2019association chrome et verre s\u2019inscrivent dans une esth\u00e9tique moderniste tardive, dans la lign\u00e9e du mobilier d\u2019appoint post-moderniste et des tables d\u2019appoint italiennes ou europ\u00e9ennes diffus\u00e9es \u00e0 la fin du XXe si\u00e8cle.<br \/>\nDimensions<br \/>\nHauteur 58 cm<br \/>\nDiam\u00e8tre 45 cm<br \/>\nZustand<br \/>\n\u00c9tat vintage avec traces d\u2019usage visibles. Pr\u00e9sence de nombreuses griffures sur les plateaux en verre, perceptibles selon la lumi\u00e8re. Une ventouse est manquante sur le plateau inf\u00e9rieur. On note \u00e9galement quelques l\u00e9g\u00e8res piq\u00fbres le m\u00e9tal. Le prix est relatif \u00e0 ces nombreux petits d\u00e9fauts d\u2019usage.<\/p>","protected":false},"featured_media":354811,"template":"","meta":{"_et_pb_use_builder":"","_et_pb_old_content":"","_et_gb_content_width":""},"product_brand":[],"product_cat":[47,459],"product_tag":[],"proximite":[278,179],"class_list":{"0":"post-354728","1":"product","2":"type-product","3":"status-publish","4":"has-post-thumbnail","6":"product_cat-meubler","7":"product_cat-table-basse-dappoint","8":"pa_couleur-argent","9":"pa_etat-bon-etat","10":"pa_materiau-metal","11":"pa_style-vintage","12":"proximite-lausanne","13":"proximite-vaud","15":"first","16":"outofstock","17":"shipping-taxable","18":"purchasable","19":"product-type-simple"},"yoast_head":"<!-- This site is optimized with the Yoast SEO plugin v27.4 - https:\/\/yoast.com\/product\/yoast-seo-wordpress\/ -->\n<title>Table d\u2019appoint pivotante en chrome et verre | lalmachine.com, mobilier et objets d\u00e9co vintage et design<\/title>\n<meta name=\"description\" content=\"Table d\u2019appoint vintage en m\u00e9tal chrom\u00e9 et verre, au dessin circulaire \u00e9l\u00e9gant, typique du design des ann\u00e9es 1980\u20131990.\" \/>\n<meta name=\"robots\" content=\"index, follow, max-snippet:-1, max-image-preview:large, max-video-preview:-1\" \/>\n<link rel=\"canonical\" href=\"https:\/\/lalmachine.com\/de\/shop\/meubler\/table-basse-dappoint\/table-dappoint-pivotante-en-chrome-et-verre\/\" \/>\n<meta property=\"og:locale\" content=\"de_DE\" \/>\n<meta property=\"og:type\" content=\"article\" \/>\n<meta property=\"og:title\" content=\"Table d\u2019appoint pivotante en chrome et verre | lalmachine.com, mobilier et objets d\u00e9co vintage et design\" \/>\n<meta property=\"og:description\" content=\"Table d\u2019appoint vintage en m\u00e9tal chrom\u00e9 et verre, au dessin circulaire \u00e9l\u00e9gant, typique du design des ann\u00e9es 1980\u20131990.\" \/>\n<meta property=\"og:url\" content=\"https:\/\/lalmachine.com\/de\/shop\/meubler\/table-basse-dappoint\/table-dappoint-pivotante-en-chrome-et-verre\/\" \/>\n<meta property=\"og:site_name\" content=\"lalmachine.com\" \/>\n<meta property=\"article:publisher\" content=\"https:\/\/facebook.com\/lalmachine\" \/>\n<meta property=\"article:modified_time\" content=\"2026-01-08T16:44:42+00:00\" \/>\n<meta property=\"og:image\" content=\"https:\/\/lalmachine.com\/wp-content\/uploads\/2026\/01\/IMG_8117-2-scaled_clipped_rev_1.jpeg\" \/>\n\t<meta property=\"og:image:width\" content=\"1547\" \/>\n\t<meta property=\"og:image:height\" content=\"1548\" \/>\n\t<meta property=\"og:image:type\" content=\"image\/jpeg\" \/>\n<meta name=\"twitter:card\" content=\"summary_large_image\" \/>\n<script type=\"application\/ld+json\" class=\"yoast-schema-graph\">{\"@context\":\"https:\\\/\\\/schema.org\",\"@graph\":[{\"@type\":\"WebPage\",\"@id\":\"https:\\\/\\\/lalmachine.com\\\/shop\\\/meubler\\\/table-basse-dappoint\\\/table-dappoint-pivotante-en-chrome-et-verre\\\/\",\"url\":\"https:\\\/\\\/lalmachine.com\\\/shop\\\/meubler\\\/table-basse-dappoint\\\/table-dappoint-pivotante-en-chrome-et-verre\\\/\",\"name\":\"Table d\u2019appoint pivotante en chrome et verre | lalmachine.com, mobilier et objets d\u00e9co vintage et design\",\"isPartOf\":{\"@id\":\"https:\\\/\\\/lalmachine.com\\\/#website\"},\"primaryImageOfPage\":{\"@id\":\"https:\\\/\\\/lalmachine.com\\\/shop\\\/meubler\\\/table-basse-dappoint\\\/table-dappoint-pivotante-en-chrome-et-verre\\\/#primaryimage\"},\"image\":{\"@id\":\"https:\\\/\\\/lalmachine.com\\\/shop\\\/meubler\\\/table-basse-dappoint\\\/table-dappoint-pivotante-en-chrome-et-verre\\\/#primaryimage\"},\"thumbnailUrl\":\"https:\\\/\\\/lalmachine.com\\\/wp-content\\\/uploads\\\/2026\\\/01\\\/IMG_8117-2-scaled_clipped_rev_1.jpeg\",\"datePublished\":\"2026-01-05T09:15:43+00:00\",\"dateModified\":\"2026-01-08T16:44:42+00:00\",\"description\":\"Table d\u2019appoint vintage en m\u00e9tal chrom\u00e9 et verre, au dessin circulaire \u00e9l\u00e9gant, typique du design des ann\u00e9es 1980\u20131990.\",\"breadcrumb\":{\"@id\":\"https:\\\/\\\/lalmachine.com\\\/shop\\\/meubler\\\/table-basse-dappoint\\\/table-dappoint-pivotante-en-chrome-et-verre\\\/#breadcrumb\"},\"inLanguage\":\"de\",\"potentialAction\":[{\"@type\":\"ReadAction\",\"target\":[\"https:\\\/\\\/lalmachine.com\\\/shop\\\/meubler\\\/table-basse-dappoint\\\/table-dappoint-pivotante-en-chrome-et-verre\\\/\"]}]},{\"@type\":\"ImageObject\",\"inLanguage\":\"de\",\"@id\":\"https:\\\/\\\/lalmachine.com\\\/shop\\\/meubler\\\/table-basse-dappoint\\\/table-dappoint-pivotante-en-chrome-et-verre\\\/#primaryimage\",\"url\":\"https:\\\/\\\/lalmachine.com\\\/wp-content\\\/uploads\\\/2026\\\/01\\\/IMG_8117-2-scaled_clipped_rev_1.jpeg\",\"contentUrl\":\"https:\\\/\\\/lalmachine.com\\\/wp-content\\\/uploads\\\/2026\\\/01\\\/IMG_8117-2-scaled_clipped_rev_1.jpeg\",\"width\":1547,\"height\":1548,\"caption\":\"Table d\u2019appoint pivotante en chrome et verre\"},{\"@type\":\"BreadcrumbList\",\"@id\":\"https:\\\/\\\/lalmachine.com\\\/shop\\\/meubler\\\/table-basse-dappoint\\\/table-dappoint-pivotante-en-chrome-et-verre\\\/#breadcrumb\",\"itemListElement\":[{\"@type\":\"ListItem\",\"position\":1,\"name\":\"Accueil\",\"item\":\"https:\\\/\\\/lalmachine.com\\\/\"},{\"@type\":\"ListItem\",\"position\":2,\"name\":\"Shop\",\"item\":\"https:\\\/\\\/lalmachine.com\\\/shop\\\/\"},{\"@type\":\"ListItem\",\"position\":3,\"name\":\"Table d\u2019appoint pivotante en chrome et verre\"}]},{\"@type\":\"WebSite\",\"@id\":\"https:\\\/\\\/lalmachine.com\\\/#website\",\"url\":\"https:\\\/\\\/lalmachine.com\\\/\",\"name\":\"lalmachine.com\",\"description\":\"Brocante en ligne Suisse | Mobilier et objets d\u00e9co vintage et design\",\"potentialAction\":[{\"@type\":\"SearchAction\",\"target\":{\"@type\":\"EntryPoint\",\"urlTemplate\":\"https:\\\/\\\/lalmachine.com\\\/?s={search_term_string}\"},\"query-input\":{\"@type\":\"PropertyValueSpecification\",\"valueRequired\":true,\"valueName\":\"search_term_string\"}}],\"inLanguage\":\"de\"}]}<\/script>\n<!-- \/ Yoast SEO plugin. -->","yoast_head_json":{"title":"Table d\u2019appoint pivotante en chrome et verre | lalmachine.com, mobilier et objets d\u00e9co vintage et design","description":"Table d\u2019appoint vintage en m\u00e9tal chrom\u00e9 et verre, au dessin circulaire \u00e9l\u00e9gant, typique du design des ann\u00e9es 1980\u20131990.","robots":{"index":"index","follow":"follow","max-snippet":"max-snippet:-1","max-image-preview":"max-image-preview:large","max-video-preview":"max-video-preview:-1"},"canonical":"https:\/\/lalmachine.com\/de\/shop\/meubler\/table-basse-dappoint\/table-dappoint-pivotante-en-chrome-et-verre\/","og_locale":"de_DE","og_type":"article","og_title":"Table d\u2019appoint pivotante en chrome et verre | lalmachine.com, mobilier et objets d\u00e9co vintage et design","og_description":"Table d\u2019appoint vintage en m\u00e9tal chrom\u00e9 et verre, au dessin circulaire \u00e9l\u00e9gant, typique du design des ann\u00e9es 1980\u20131990.","og_url":"https:\/\/lalmachine.com\/de\/shop\/meubler\/table-basse-dappoint\/table-dappoint-pivotante-en-chrome-et-verre\/","og_site_name":"lalmachine.com","article_publisher":"https:\/\/facebook.com\/lalmachine","article_modified_time":"2026-01-08T16:44:42+00:00","og_image":[{"width":1547,"height":1548,"url":"https:\/\/lalmachine.com\/wp-content\/uploads\/2026\/01\/IMG_8117-2-scaled_clipped_rev_1.jpeg","type":"image\/jpeg"}],"twitter_card":"summary_large_image","schema":{"@context":"https:\/\/schema.org","@graph":[{"@type":"WebPage","@id":"https:\/\/lalmachine.com\/shop\/meubler\/table-basse-dappoint\/table-dappoint-pivotante-en-chrome-et-verre\/","url":"https:\/\/lalmachine.com\/shop\/meubler\/table-basse-dappoint\/table-dappoint-pivotante-en-chrome-et-verre\/","name":"Table d\u2019appoint pivotante en chrome et verre | lalmachine.com, mobilier et objets d\u00e9co vintage et design","isPartOf":{"@id":"https:\/\/lalmachine.com\/#website"},"primaryImageOfPage":{"@id":"https:\/\/lalmachine.com\/shop\/meubler\/table-basse-dappoint\/table-dappoint-pivotante-en-chrome-et-verre\/#primaryimage"},"image":{"@id":"https:\/\/lalmachine.com\/shop\/meubler\/table-basse-dappoint\/table-dappoint-pivotante-en-chrome-et-verre\/#primaryimage"},"thumbnailUrl":"https:\/\/lalmachine.com\/wp-content\/uploads\/2026\/01\/IMG_8117-2-scaled_clipped_rev_1.jpeg","datePublished":"2026-01-05T09:15:43+00:00","dateModified":"2026-01-08T16:44:42+00:00","description":"Table d\u2019appoint vintage en m\u00e9tal chrom\u00e9 et verre, au dessin circulaire \u00e9l\u00e9gant, typique du design des ann\u00e9es 1980\u20131990.","breadcrumb":{"@id":"https:\/\/lalmachine.com\/shop\/meubler\/table-basse-dappoint\/table-dappoint-pivotante-en-chrome-et-verre\/#breadcrumb"},"inLanguage":"de","potentialAction":[{"@type":"ReadAction","target":["https:\/\/lalmachine.com\/shop\/meubler\/table-basse-dappoint\/table-dappoint-pivotante-en-chrome-et-verre\/"]}]},{"@type":"ImageObject","inLanguage":"de","@id":"https:\/\/lalmachine.com\/shop\/meubler\/table-basse-dappoint\/table-dappoint-pivotante-en-chrome-et-verre\/#primaryimage","url":"https:\/\/lalmachine.com\/wp-content\/uploads\/2026\/01\/IMG_8117-2-scaled_clipped_rev_1.jpeg","contentUrl":"https:\/\/lalmachine.com\/wp-content\/uploads\/2026\/01\/IMG_8117-2-scaled_clipped_rev_1.jpeg","width":1547,"height":1548,"caption":"Table d\u2019appoint pivotante en chrome et verre"},{"@type":"BreadcrumbList","@id":"https:\/\/lalmachine.com\/shop\/meubler\/table-basse-dappoint\/table-dappoint-pivotante-en-chrome-et-verre\/#breadcrumb","itemListElement":[{"@type":"ListItem","position":1,"name":"Accueil","item":"https:\/\/lalmachine.com\/"},{"@type":"ListItem","position":2,"name":"Shop","item":"https:\/\/lalmachine.com\/shop\/"},{"@type":"ListItem","position":3,"name":"Table d\u2019appoint pivotante en chrome et verre"}]},{"@type":"WebSite","@id":"https:\/\/lalmachine.com\/#website","url":"https:\/\/lalmachine.com\/","name":"lalmachine.com","description":"Brocante en ligne Suisse | Mobilier et objets d\u00e9co vintage et design","potentialAction":[{"@type":"SearchAction","target":{"@type":"EntryPoint","urlTemplate":"https:\/\/lalmachine.com\/?s={search_term_string}"},"query-input":{"@type":"PropertyValueSpecification","valueRequired":true,"valueName":"search_term_string"}}],"inLanguage":"de"}]}},"_links":{"self":[{"href":"https:\/\/lalmachine.com\/de\/wp-json\/wp\/v2\/product\/354728","targetHints":{"allow":["GET"]}}],"collection":[{"href":"https:\/\/lalmachine.com\/de\/wp-json\/wp\/v2\/product"}],"about":[{"href":"https:\/\/lalmachine.com\/de\/wp-json\/wp\/v2\/types\/product"}],"wp:featuredmedia":[{"embeddable":true,"href":"https:\/\/lalmachine.com\/de\/wp-json\/wp\/v2\/media\/354811"}],"wp:attachment":[{"href":"https:\/\/lalmachine.com\/de\/wp-json\/wp\/v2\/media?parent=354728"}],"wp:term":[{"taxonomy":"product_brand","embeddable":true,"href":"https:\/\/lalmachine.com\/de\/wp-json\/wp\/v2\/product_brand?post=354728"},{"taxonomy":"product_cat","embeddable":true,"href":"https:\/\/lalmachine.com\/de\/wp-json\/wp\/v2\/product_cat?post=354728"},{"taxonomy":"product_tag","embeddable":true,"href":"https:\/\/lalmachine.com\/de\/wp-json\/wp\/v2\/product_tag?post=354728"},{"taxonomy":"proximite","embeddable":true,"href":"https:\/\/lalmachine.com\/de\/wp-json\/wp\/v2\/proximite?post=354728"}],"curies":[{"name":"wp","href":"https:\/\/api.w.org\/{rel}","templated":true}]}}