{"id":354958,"date":"2026-01-09T09:08:30","date_gmt":"2026-01-09T08:08:30","guid":{"rendered":"https:\/\/lalmachine.com\/?post_type=product&#038;p=354958"},"modified":"2026-01-30T21:45:53","modified_gmt":"2026-01-30T20:45:53","slug":"vase-dalvar-aalto-pour-iittala-finland","status":"publish","type":"product","link":"https:\/\/lalmachine.com\/de\/shop\/decorer\/decoration\/vase-dalvar-aalto-pour-iittala-finland\/","title":{"rendered":"Vase d&rsquo;Alvar Aalto pour iittala Finland"},"content":{"rendered":"<ul class=\"wpuf_customs\"><li style=\"list-style-type:none;\"><label>Autres photos:<\/label> <a href=\"https:\/\/lalmachine.com\/wp-content\/uploads\/2026\/01\/715a-1.jpg\"><img loading=\"lazy\" decoding=\"async\" width=\"96\" height=\"96\" src=\"https:\/\/lalmachine.com\/wp-content\/uploads\/2026\/01\/715a-1.jpg\" class=\"attachment-thumbnail size-thumbnail\" alt=\"\" \/><\/a> <a href=\"https:\/\/lalmachine.com\/wp-content\/uploads\/2026\/01\/715b.jpg\"><img loading=\"lazy\" decoding=\"async\" width=\"96\" height=\"96\" src=\"https:\/\/lalmachine.com\/wp-content\/uploads\/2026\/01\/715b.jpg\" class=\"attachment-thumbnail size-thumbnail\" alt=\"\" \/><\/a> <a href=\"https:\/\/lalmachine.com\/wp-content\/uploads\/2026\/01\/715.jpg\"><img loading=\"lazy\" decoding=\"async\" width=\"96\" height=\"96\" src=\"https:\/\/lalmachine.com\/wp-content\/uploads\/2026\/01\/715.jpg\" class=\"attachment-thumbnail size-thumbnail\" alt=\"\" \/><\/a> <a href=\"https:\/\/lalmachine.com\/wp-content\/uploads\/2026\/01\/715c.jpg\"><img loading=\"lazy\" decoding=\"async\" width=\"96\" height=\"96\" src=\"https:\/\/lalmachine.com\/wp-content\/uploads\/2026\/01\/715c.jpg\" class=\"attachment-thumbnail size-thumbnail\" alt=\"\" \/><\/a> <a href=\"https:\/\/lalmachine.com\/wp-content\/uploads\/2026\/01\/715e.jpg\"><img loading=\"lazy\" decoding=\"async\" width=\"96\" height=\"96\" src=\"https:\/\/lalmachine.com\/wp-content\/uploads\/2026\/01\/715e.jpg\" class=\"attachment-thumbnail size-thumbnail\" alt=\"\" \/><\/a> <\/li>        <li class=\"wpuf-field-data wpuf-field-data-numeric_text_field\">\n                            <label>Prix:<\/label>\n                        44        <\/li>\n                <li class=\"wpuf-field-data wpuf-field-data-numeric_text_field\">\n                            <label>Hauteur (cm):<\/label>\n                        5        <\/li>\n                <li class=\"wpuf-field-data wpuf-field-data-numeric_text_field\">\n                            <label>Largeur (cm):<\/label>\n                        18        <\/li>\n                <li class=\"wpuf-field-data wpuf-field-data-numeric_text_field\">\n                            <label>Profondeur (cm):<\/label>\n                        22        <\/li>\n        <\/ul>","protected":false},"excerpt":{"rendered":"<p>Vase en verre transparent d&rsquo;Alvar Aalto pour iittala Finland datant des ann\u00e9es 1975 \u00e0 1990. Ce vase ou cendrier aux formes ondul\u00e9es et organiques peut \u00e9galement servir d&rsquo;un \u00e9l\u00e9gant vide-poche. Ce mod\u00e8le a deux \u00e9grenures sur les bords<\/p>","protected":false},"featured_media":354984,"template":"","meta":{"_et_pb_use_builder":"","_et_pb_old_content":"","_et_gb_content_width":""},"product_brand":[],"product_cat":[94,50],"product_tag":[],"proximite":[280,179],"class_list":{"0":"post-354958","1":"product","2":"type-product","3":"status-publish","4":"has-post-thumbnail","6":"product_cat-decoration","7":"product_cat-decorer","8":"pa_couleur-transparent","9":"pa_designer-aalto-alvar","10":"pa_etat-bon-etat","11":"pa_materiau-verre","12":"pa_style-design","13":"proximite-morges","14":"proximite-vaud","16":"first","17":"outofstock","18":"shipping-taxable","19":"purchasable","20":"product-type-simple"},"yoast_head":"<!-- This site is optimized with the Yoast SEO plugin v27.4 - https:\/\/yoast.com\/product\/yoast-seo-wordpress\/ -->\n<title>Vase d&#039;Alvar Aalto pour iittala Finland | lalmachine.com<\/title>\n<meta name=\"description\" content=\"Vase d&#039;Alvar Aalto pour iittala Finland\" \/>\n<meta name=\"robots\" content=\"index, follow, max-snippet:-1, max-image-preview:large, max-video-preview:-1\" \/>\n<link rel=\"canonical\" href=\"https:\/\/lalmachine.com\/de\/shop\/decorer\/decoration\/vase-dalvar-aalto-pour-iittala-finland\/\" \/>\n<meta property=\"og:locale\" content=\"de_DE\" \/>\n<meta property=\"og:type\" content=\"article\" \/>\n<meta property=\"og:title\" content=\"Vase d&#039;Alvar Aalto pour iittala Finland | lalmachine.com\" \/>\n<meta property=\"og:description\" content=\"Vase d&#039;Alvar Aalto pour iittala Finland\" \/>\n<meta property=\"og:url\" content=\"https:\/\/lalmachine.com\/de\/shop\/decorer\/decoration\/vase-dalvar-aalto-pour-iittala-finland\/\" \/>\n<meta property=\"og:site_name\" content=\"lalmachine.com\" \/>\n<meta property=\"article:publisher\" content=\"https:\/\/facebook.com\/lalmachine\" \/>\n<meta property=\"article:modified_time\" content=\"2026-01-30T20:45:53+00:00\" \/>\n<meta property=\"og:image\" content=\"https:\/\/lalmachine.com\/wp-content\/uploads\/2026\/01\/715a_clipped_rev_1-scaled.jpeg\" \/>\n\t<meta property=\"og:image:width\" content=\"2560\" \/>\n\t<meta property=\"og:image:height\" content=\"2560\" \/>\n\t<meta property=\"og:image:type\" content=\"image\/jpeg\" \/>\n<meta name=\"twitter:card\" content=\"summary_large_image\" \/>\n<script type=\"application\/ld+json\" class=\"yoast-schema-graph\">{\"@context\":\"https:\\\/\\\/schema.org\",\"@graph\":[{\"@type\":\"WebPage\",\"@id\":\"https:\\\/\\\/lalmachine.com\\\/shop\\\/decorer\\\/decoration\\\/vase-dalvar-aalto-pour-iittala-finland\\\/\",\"url\":\"https:\\\/\\\/lalmachine.com\\\/shop\\\/decorer\\\/decoration\\\/vase-dalvar-aalto-pour-iittala-finland\\\/\",\"name\":\"Vase d'Alvar Aalto pour iittala Finland | lalmachine.com\",\"isPartOf\":{\"@id\":\"https:\\\/\\\/lalmachine.com\\\/#website\"},\"primaryImageOfPage\":{\"@id\":\"https:\\\/\\\/lalmachine.com\\\/shop\\\/decorer\\\/decoration\\\/vase-dalvar-aalto-pour-iittala-finland\\\/#primaryimage\"},\"image\":{\"@id\":\"https:\\\/\\\/lalmachine.com\\\/shop\\\/decorer\\\/decoration\\\/vase-dalvar-aalto-pour-iittala-finland\\\/#primaryimage\"},\"thumbnailUrl\":\"https:\\\/\\\/lalmachine.com\\\/wp-content\\\/uploads\\\/2026\\\/01\\\/715a_clipped_rev_1-scaled.jpeg\",\"datePublished\":\"2026-01-09T08:08:30+00:00\",\"dateModified\":\"2026-01-30T20:45:53+00:00\",\"description\":\"Vase d'Alvar Aalto pour iittala Finland\",\"breadcrumb\":{\"@id\":\"https:\\\/\\\/lalmachine.com\\\/shop\\\/decorer\\\/decoration\\\/vase-dalvar-aalto-pour-iittala-finland\\\/#breadcrumb\"},\"inLanguage\":\"de\",\"potentialAction\":[{\"@type\":\"ReadAction\",\"target\":[\"https:\\\/\\\/lalmachine.com\\\/shop\\\/decorer\\\/decoration\\\/vase-dalvar-aalto-pour-iittala-finland\\\/\"]}]},{\"@type\":\"ImageObject\",\"inLanguage\":\"de\",\"@id\":\"https:\\\/\\\/lalmachine.com\\\/shop\\\/decorer\\\/decoration\\\/vase-dalvar-aalto-pour-iittala-finland\\\/#primaryimage\",\"url\":\"https:\\\/\\\/lalmachine.com\\\/wp-content\\\/uploads\\\/2026\\\/01\\\/715a_clipped_rev_1-scaled.jpeg\",\"contentUrl\":\"https:\\\/\\\/lalmachine.com\\\/wp-content\\\/uploads\\\/2026\\\/01\\\/715a_clipped_rev_1-scaled.jpeg\",\"width\":2560,\"height\":2560,\"caption\":\"Vase d'Alvar Aalto pour iittala Finland\"},{\"@type\":\"BreadcrumbList\",\"@id\":\"https:\\\/\\\/lalmachine.com\\\/shop\\\/decorer\\\/decoration\\\/vase-dalvar-aalto-pour-iittala-finland\\\/#breadcrumb\",\"itemListElement\":[{\"@type\":\"ListItem\",\"position\":1,\"name\":\"Accueil\",\"item\":\"https:\\\/\\\/lalmachine.com\\\/\"},{\"@type\":\"ListItem\",\"position\":2,\"name\":\"Shop\",\"item\":\"https:\\\/\\\/lalmachine.com\\\/shop\\\/\"},{\"@type\":\"ListItem\",\"position\":3,\"name\":\"Vase d&#8217;Alvar Aalto pour iittala Finland\"}]},{\"@type\":\"WebSite\",\"@id\":\"https:\\\/\\\/lalmachine.com\\\/#website\",\"url\":\"https:\\\/\\\/lalmachine.com\\\/\",\"name\":\"lalmachine.com\",\"description\":\"Brocante en ligne Suisse | Mobilier et objets d\u00e9co vintage et design\",\"potentialAction\":[{\"@type\":\"SearchAction\",\"target\":{\"@type\":\"EntryPoint\",\"urlTemplate\":\"https:\\\/\\\/lalmachine.com\\\/?s={search_term_string}\"},\"query-input\":{\"@type\":\"PropertyValueSpecification\",\"valueRequired\":true,\"valueName\":\"search_term_string\"}}],\"inLanguage\":\"de\"}]}<\/script>\n<!-- \/ Yoast SEO plugin. -->","yoast_head_json":{"title":"Vase d'Alvar Aalto pour iittala Finland | lalmachine.com","description":"Vase d'Alvar Aalto pour iittala Finland","robots":{"index":"index","follow":"follow","max-snippet":"max-snippet:-1","max-image-preview":"max-image-preview:large","max-video-preview":"max-video-preview:-1"},"canonical":"https:\/\/lalmachine.com\/de\/shop\/decorer\/decoration\/vase-dalvar-aalto-pour-iittala-finland\/","og_locale":"de_DE","og_type":"article","og_title":"Vase d'Alvar Aalto pour iittala Finland | lalmachine.com","og_description":"Vase d'Alvar Aalto pour iittala Finland","og_url":"https:\/\/lalmachine.com\/de\/shop\/decorer\/decoration\/vase-dalvar-aalto-pour-iittala-finland\/","og_site_name":"lalmachine.com","article_publisher":"https:\/\/facebook.com\/lalmachine","article_modified_time":"2026-01-30T20:45:53+00:00","og_image":[{"width":2560,"height":2560,"url":"https:\/\/lalmachine.com\/wp-content\/uploads\/2026\/01\/715a_clipped_rev_1-scaled.jpeg","type":"image\/jpeg"}],"twitter_card":"summary_large_image","schema":{"@context":"https:\/\/schema.org","@graph":[{"@type":"WebPage","@id":"https:\/\/lalmachine.com\/shop\/decorer\/decoration\/vase-dalvar-aalto-pour-iittala-finland\/","url":"https:\/\/lalmachine.com\/shop\/decorer\/decoration\/vase-dalvar-aalto-pour-iittala-finland\/","name":"Vase d'Alvar Aalto pour iittala Finland | lalmachine.com","isPartOf":{"@id":"https:\/\/lalmachine.com\/#website"},"primaryImageOfPage":{"@id":"https:\/\/lalmachine.com\/shop\/decorer\/decoration\/vase-dalvar-aalto-pour-iittala-finland\/#primaryimage"},"image":{"@id":"https:\/\/lalmachine.com\/shop\/decorer\/decoration\/vase-dalvar-aalto-pour-iittala-finland\/#primaryimage"},"thumbnailUrl":"https:\/\/lalmachine.com\/wp-content\/uploads\/2026\/01\/715a_clipped_rev_1-scaled.jpeg","datePublished":"2026-01-09T08:08:30+00:00","dateModified":"2026-01-30T20:45:53+00:00","description":"Vase d'Alvar Aalto pour iittala Finland","breadcrumb":{"@id":"https:\/\/lalmachine.com\/shop\/decorer\/decoration\/vase-dalvar-aalto-pour-iittala-finland\/#breadcrumb"},"inLanguage":"de","potentialAction":[{"@type":"ReadAction","target":["https:\/\/lalmachine.com\/shop\/decorer\/decoration\/vase-dalvar-aalto-pour-iittala-finland\/"]}]},{"@type":"ImageObject","inLanguage":"de","@id":"https:\/\/lalmachine.com\/shop\/decorer\/decoration\/vase-dalvar-aalto-pour-iittala-finland\/#primaryimage","url":"https:\/\/lalmachine.com\/wp-content\/uploads\/2026\/01\/715a_clipped_rev_1-scaled.jpeg","contentUrl":"https:\/\/lalmachine.com\/wp-content\/uploads\/2026\/01\/715a_clipped_rev_1-scaled.jpeg","width":2560,"height":2560,"caption":"Vase d'Alvar Aalto pour iittala Finland"},{"@type":"BreadcrumbList","@id":"https:\/\/lalmachine.com\/shop\/decorer\/decoration\/vase-dalvar-aalto-pour-iittala-finland\/#breadcrumb","itemListElement":[{"@type":"ListItem","position":1,"name":"Accueil","item":"https:\/\/lalmachine.com\/"},{"@type":"ListItem","position":2,"name":"Shop","item":"https:\/\/lalmachine.com\/shop\/"},{"@type":"ListItem","position":3,"name":"Vase d&#8217;Alvar Aalto pour iittala Finland"}]},{"@type":"WebSite","@id":"https:\/\/lalmachine.com\/#website","url":"https:\/\/lalmachine.com\/","name":"lalmachine.com","description":"Brocante en ligne Suisse | Mobilier et objets d\u00e9co vintage et design","potentialAction":[{"@type":"SearchAction","target":{"@type":"EntryPoint","urlTemplate":"https:\/\/lalmachine.com\/?s={search_term_string}"},"query-input":{"@type":"PropertyValueSpecification","valueRequired":true,"valueName":"search_term_string"}}],"inLanguage":"de"}]}},"_links":{"self":[{"href":"https:\/\/lalmachine.com\/de\/wp-json\/wp\/v2\/product\/354958","targetHints":{"allow":["GET"]}}],"collection":[{"href":"https:\/\/lalmachine.com\/de\/wp-json\/wp\/v2\/product"}],"about":[{"href":"https:\/\/lalmachine.com\/de\/wp-json\/wp\/v2\/types\/product"}],"wp:featuredmedia":[{"embeddable":true,"href":"https:\/\/lalmachine.com\/de\/wp-json\/wp\/v2\/media\/354984"}],"wp:attachment":[{"href":"https:\/\/lalmachine.com\/de\/wp-json\/wp\/v2\/media?parent=354958"}],"wp:term":[{"taxonomy":"product_brand","embeddable":true,"href":"https:\/\/lalmachine.com\/de\/wp-json\/wp\/v2\/product_brand?post=354958"},{"taxonomy":"product_cat","embeddable":true,"href":"https:\/\/lalmachine.com\/de\/wp-json\/wp\/v2\/product_cat?post=354958"},{"taxonomy":"product_tag","embeddable":true,"href":"https:\/\/lalmachine.com\/de\/wp-json\/wp\/v2\/product_tag?post=354958"},{"taxonomy":"proximite","embeddable":true,"href":"https:\/\/lalmachine.com\/de\/wp-json\/wp\/v2\/proximite?post=354958"}],"curies":[{"name":"wp","href":"https:\/\/api.w.org\/{rel}","templated":true}]}}