{"id":355220,"date":"2026-01-19T11:04:12","date_gmt":"2026-01-19T10:04:12","guid":{"rendered":"https:\/\/lalmachine.com\/?post_type=product&#038;p=355220"},"modified":"2026-01-19T11:04:13","modified_gmt":"2026-01-19T10:04:13","slug":"chaises-m1-piergiorgio-cazzaniga-mdf-italia","status":"publish","type":"product","link":"https:\/\/lalmachine.com\/de\/shop\/sasseoir\/chaise\/chaises-m1-piergiorgio-cazzaniga-mdf-italia\/","title":{"rendered":"Chaise(s) M1 \u2013 Piergiorgio Cazzaniga \u2013 MDF Italia"},"content":{"rendered":"<ul class=\"wpuf_customs\"><li style=\"list-style-type:none;\"><label>Autres photos:<\/label> <a href=\"https:\/\/lalmachine.com\/wp-content\/uploads\/2026\/01\/E35F3A9E-5E32-468F-B862-76AF46AE5801.png\"><img loading=\"lazy\" decoding=\"async\" width=\"64\" height=\"96\" src=\"https:\/\/lalmachine.com\/wp-content\/uploads\/2026\/01\/E35F3A9E-5E32-468F-B862-76AF46AE5801.png\" class=\"attachment-thumbnail size-thumbnail\" alt=\"\" \/><\/a> <a href=\"https:\/\/lalmachine.com\/wp-content\/uploads\/2026\/01\/IMG_9181-scaled.jpeg\"><img loading=\"lazy\" decoding=\"async\" width=\"72\" height=\"96\" src=\"https:\/\/lalmachine.com\/wp-content\/uploads\/2026\/01\/IMG_9181-scaled.jpeg\" class=\"attachment-thumbnail size-thumbnail\" alt=\"\" \/><\/a> <a href=\"https:\/\/lalmachine.com\/wp-content\/uploads\/2026\/01\/IMG_9173-scaled.jpeg\"><img loading=\"lazy\" decoding=\"async\" width=\"72\" height=\"96\" src=\"https:\/\/lalmachine.com\/wp-content\/uploads\/2026\/01\/IMG_9173-scaled.jpeg\" class=\"attachment-thumbnail size-thumbnail\" alt=\"\" \/><\/a> <a href=\"https:\/\/lalmachine.com\/wp-content\/uploads\/2026\/01\/IMG_9175-scaled.jpeg\"><img loading=\"lazy\" decoding=\"async\" width=\"72\" height=\"96\" src=\"https:\/\/lalmachine.com\/wp-content\/uploads\/2026\/01\/IMG_9175-scaled.jpeg\" class=\"attachment-thumbnail size-thumbnail\" alt=\"\" \/><\/a> <a href=\"https:\/\/lalmachine.com\/wp-content\/uploads\/2026\/01\/IMG_9176-scaled.jpeg\"><img loading=\"lazy\" decoding=\"async\" width=\"72\" height=\"96\" src=\"https:\/\/lalmachine.com\/wp-content\/uploads\/2026\/01\/IMG_9176-scaled.jpeg\" class=\"attachment-thumbnail size-thumbnail\" alt=\"\" \/><\/a> <a href=\"https:\/\/lalmachine.com\/wp-content\/uploads\/2026\/01\/IMG_9178-scaled.jpeg\"><img loading=\"lazy\" decoding=\"async\" width=\"72\" height=\"96\" src=\"https:\/\/lalmachine.com\/wp-content\/uploads\/2026\/01\/IMG_9178-scaled.jpeg\" class=\"attachment-thumbnail size-thumbnail\" alt=\"\" \/><\/a> <a href=\"https:\/\/lalmachine.com\/wp-content\/uploads\/2026\/01\/IMG_9179-scaled.jpeg\"><img loading=\"lazy\" decoding=\"async\" width=\"72\" height=\"96\" src=\"https:\/\/lalmachine.com\/wp-content\/uploads\/2026\/01\/IMG_9179-scaled.jpeg\" class=\"attachment-thumbnail size-thumbnail\" alt=\"\" \/><\/a> <a href=\"https:\/\/lalmachine.com\/wp-content\/uploads\/2026\/01\/IMG_9232.png\"><img loading=\"lazy\" decoding=\"async\" width=\"44\" height=\"96\" src=\"https:\/\/lalmachine.com\/wp-content\/uploads\/2026\/01\/IMG_9232.png\" class=\"attachment-thumbnail size-thumbnail\" alt=\"\" \/><\/a> <\/li>        <li class=\"wpuf-field-data wpuf-field-data-numeric_text_field\">\n                            <label>Prix:<\/label>\n                        90        <\/li>\n                <li class=\"wpuf-field-data wpuf-field-data-numeric_text_field\">\n                            <label>Quantit\u00e9:<\/label>\n                        7        <\/li>\n                <li class=\"wpuf-field-data wpuf-field-data-numeric_text_field\">\n                            <label>Hauteur (cm):<\/label>\n                        76        <\/li>\n                <li class=\"wpuf-field-data wpuf-field-data-numeric_text_field\">\n                            <label>Largeur (cm):<\/label>\n                        54        <\/li>\n                <li class=\"wpuf-field-data wpuf-field-data-numeric_text_field\">\n                            <label>Profondeur (cm):<\/label>\n                        50        <\/li>\n        <\/ul>","protected":false},"excerpt":{"rendered":"<p>Lot de 7 chaises design M1 \u2013 Piergiorgio Cazzaniga \u2013 MDF Italia \u00e0 un prix de 90.- pi\u00e8ce<\/p>\n<p>Chaises design iconiques, mod\u00e8le M1, coque blanche en polypropyl\u00e8ne et pi\u00e8tement tra\u00eeneau en acier. Ligne ultra-sobre, l\u00e9g\u00e8res, empilables, solides et parfaites pour donner un look contemporain \u00e0 une cuisine, une salle \u00e0 manger, une salle de r\u00e9union ou un bureau.<\/p>\n<p>Dimensions<br \/>\nLargeur env. 54 cm<br \/>\nProfondeur env. 50 cm<br \/>\nHauteur totale env. 76 cm<br \/>\nHauteur d\u2019assise env. 44 cm<\/p>\n<p>Offre ultra-avantageuse<br \/>\nPrix neuf total : 3080.\u2013<\/p>\n<p>Chaises en excellent \u00e9tat structurel, quelques traces d\u2019usage, rien de g\u00eanant.<\/p>\n<p>Retrait \u00e0 Puidoux.<\/p>\n<p>Designstuhl-Set M1 \u2013 Piergiorgio Cazzaniga \u2013 MDF Italia<\/p>\n<p>Ikonische Designst\u00fchle, 7 st\u00fccke zu 90.- stuck<br \/>\nModell M1, wei\u00dfe Kunststoffschale und Schlitten\u00adgestell aus Stahl. Leicht, stapelbar, stabil und ideal f\u00fcr K\u00fcche, Esszimmer, Meetingr\u00e4ume oder B\u00fcro \u2013 moderner Look garantiert.<\/p>\n<p>Ma\u00dfe<br \/>\nBreite ca. 54 cm<br \/>\nTiefe ca. 50 cm<br \/>\nGesamth\u00f6he ca. 76 cm<br \/>\nSitzh\u00f6he ca. 44 cm<\/p>\n<p>Top-Angebot<\/p>\n<p>Sehr guter Zustand, leichte Gebrauchsspuren.<\/p>\n<p>Abholung in Puidoux.l.<\/p>","protected":false},"featured_media":355431,"template":"","meta":{"_et_pb_use_builder":"","_et_pb_old_content":"","_et_gb_content_width":""},"product_brand":[],"product_cat":[100,48],"product_tag":[],"proximite":[279,179],"class_list":{"0":"post-355220","1":"product","2":"type-product","3":"status-publish","4":"has-post-thumbnail","6":"product_cat-chaise","7":"product_cat-sasseoir","8":"pa_couleur-blanc","9":"pa_etat-tres-bon-etat","10":"pa_materiau-autre","11":"pa_style-design","12":"proximite-lavaux-oron","13":"proximite-vaud","15":"first","16":"instock","17":"shipping-taxable","18":"purchasable","19":"product-type-simple"},"yoast_head":"<!-- This site is optimized with the Yoast SEO plugin v27.4 - https:\/\/yoast.com\/product\/yoast-seo-wordpress\/ -->\n<title>Chaise(s) M1 \u2013 Piergiorgio Cazzaniga \u2013 MDF Italia | lalmachine.com, mobilier et objets d\u00e9co vintage et design<\/title>\n<meta name=\"description\" content=\"Chaise(s) M1 \u2013 Piergiorgio Cazzaniga \u2013 MDF Italia\" \/>\n<meta name=\"robots\" content=\"index, follow, max-snippet:-1, max-image-preview:large, max-video-preview:-1\" \/>\n<link rel=\"canonical\" href=\"https:\/\/lalmachine.com\/de\/shop\/sasseoir\/chaise\/chaises-m1-piergiorgio-cazzaniga-mdf-italia\/\" \/>\n<meta property=\"og:locale\" content=\"de_DE\" \/>\n<meta property=\"og:type\" content=\"article\" \/>\n<meta property=\"og:title\" content=\"Chaise(s) M1 \u2013 Piergiorgio Cazzaniga \u2013 MDF Italia | lalmachine.com, mobilier et objets d\u00e9co vintage et design\" \/>\n<meta property=\"og:description\" content=\"Chaise(s) M1 \u2013 Piergiorgio Cazzaniga \u2013 MDF Italia\" \/>\n<meta property=\"og:url\" content=\"https:\/\/lalmachine.com\/de\/shop\/sasseoir\/chaise\/chaises-m1-piergiorgio-cazzaniga-mdf-italia\/\" \/>\n<meta property=\"og:site_name\" content=\"lalmachine.com\" \/>\n<meta property=\"article:publisher\" content=\"https:\/\/facebook.com\/lalmachine\" \/>\n<meta property=\"article:modified_time\" content=\"2026-01-19T10:04:13+00:00\" \/>\n<meta property=\"og:image\" content=\"https:\/\/lalmachine.com\/wp-content\/uploads\/2026\/01\/507C1AAF-34A6-42B8-B997-5ABFD060E963_clipped_rev_1.jpeg\" \/>\n\t<meta property=\"og:image:width\" content=\"1691\" \/>\n\t<meta property=\"og:image:height\" content=\"1691\" \/>\n\t<meta property=\"og:image:type\" content=\"image\/jpeg\" \/>\n<meta name=\"twitter:card\" content=\"summary_large_image\" \/>\n<script type=\"application\/ld+json\" class=\"yoast-schema-graph\">{\"@context\":\"https:\\\/\\\/schema.org\",\"@graph\":[{\"@type\":\"WebPage\",\"@id\":\"https:\\\/\\\/lalmachine.com\\\/shop\\\/sasseoir\\\/chaise\\\/chaises-m1-piergiorgio-cazzaniga-mdf-italia\\\/\",\"url\":\"https:\\\/\\\/lalmachine.com\\\/shop\\\/sasseoir\\\/chaise\\\/chaises-m1-piergiorgio-cazzaniga-mdf-italia\\\/\",\"name\":\"Chaise(s) M1 \u2013 Piergiorgio Cazzaniga \u2013 MDF Italia | lalmachine.com, mobilier et objets d\u00e9co vintage et design\",\"isPartOf\":{\"@id\":\"https:\\\/\\\/lalmachine.com\\\/#website\"},\"primaryImageOfPage\":{\"@id\":\"https:\\\/\\\/lalmachine.com\\\/shop\\\/sasseoir\\\/chaise\\\/chaises-m1-piergiorgio-cazzaniga-mdf-italia\\\/#primaryimage\"},\"image\":{\"@id\":\"https:\\\/\\\/lalmachine.com\\\/shop\\\/sasseoir\\\/chaise\\\/chaises-m1-piergiorgio-cazzaniga-mdf-italia\\\/#primaryimage\"},\"thumbnailUrl\":\"https:\\\/\\\/lalmachine.com\\\/wp-content\\\/uploads\\\/2026\\\/01\\\/507C1AAF-34A6-42B8-B997-5ABFD060E963_clipped_rev_1.jpeg\",\"datePublished\":\"2026-01-19T10:04:12+00:00\",\"dateModified\":\"2026-01-19T10:04:13+00:00\",\"description\":\"Chaise(s) M1 \u2013 Piergiorgio Cazzaniga \u2013 MDF Italia\",\"breadcrumb\":{\"@id\":\"https:\\\/\\\/lalmachine.com\\\/shop\\\/sasseoir\\\/chaise\\\/chaises-m1-piergiorgio-cazzaniga-mdf-italia\\\/#breadcrumb\"},\"inLanguage\":\"de\",\"potentialAction\":[{\"@type\":\"ReadAction\",\"target\":[\"https:\\\/\\\/lalmachine.com\\\/shop\\\/sasseoir\\\/chaise\\\/chaises-m1-piergiorgio-cazzaniga-mdf-italia\\\/\"]}]},{\"@type\":\"ImageObject\",\"inLanguage\":\"de\",\"@id\":\"https:\\\/\\\/lalmachine.com\\\/shop\\\/sasseoir\\\/chaise\\\/chaises-m1-piergiorgio-cazzaniga-mdf-italia\\\/#primaryimage\",\"url\":\"https:\\\/\\\/lalmachine.com\\\/wp-content\\\/uploads\\\/2026\\\/01\\\/507C1AAF-34A6-42B8-B997-5ABFD060E963_clipped_rev_1.jpeg\",\"contentUrl\":\"https:\\\/\\\/lalmachine.com\\\/wp-content\\\/uploads\\\/2026\\\/01\\\/507C1AAF-34A6-42B8-B997-5ABFD060E963_clipped_rev_1.jpeg\",\"width\":1691,\"height\":1691,\"caption\":\"Chaise(s) M1 \u2013 Piergiorgio Cazzaniga \u2013 MDF Italia\"},{\"@type\":\"BreadcrumbList\",\"@id\":\"https:\\\/\\\/lalmachine.com\\\/shop\\\/sasseoir\\\/chaise\\\/chaises-m1-piergiorgio-cazzaniga-mdf-italia\\\/#breadcrumb\",\"itemListElement\":[{\"@type\":\"ListItem\",\"position\":1,\"name\":\"Accueil\",\"item\":\"https:\\\/\\\/lalmachine.com\\\/\"},{\"@type\":\"ListItem\",\"position\":2,\"name\":\"Shop\",\"item\":\"https:\\\/\\\/lalmachine.com\\\/shop\\\/\"},{\"@type\":\"ListItem\",\"position\":3,\"name\":\"Chaise(s) M1 \u2013 Piergiorgio Cazzaniga \u2013 MDF Italia\"}]},{\"@type\":\"WebSite\",\"@id\":\"https:\\\/\\\/lalmachine.com\\\/#website\",\"url\":\"https:\\\/\\\/lalmachine.com\\\/\",\"name\":\"lalmachine.com\",\"description\":\"Brocante en ligne Suisse | Mobilier et objets d\u00e9co vintage et design\",\"potentialAction\":[{\"@type\":\"SearchAction\",\"target\":{\"@type\":\"EntryPoint\",\"urlTemplate\":\"https:\\\/\\\/lalmachine.com\\\/?s={search_term_string}\"},\"query-input\":{\"@type\":\"PropertyValueSpecification\",\"valueRequired\":true,\"valueName\":\"search_term_string\"}}],\"inLanguage\":\"de\"}]}<\/script>\n<!-- \/ Yoast SEO plugin. -->","yoast_head_json":{"title":"Chaise(s) M1 \u2013 Piergiorgio Cazzaniga \u2013 MDF Italia | lalmachine.com, mobilier et objets d\u00e9co vintage et design","description":"Chaise(s) M1 \u2013 Piergiorgio Cazzaniga \u2013 MDF Italia","robots":{"index":"index","follow":"follow","max-snippet":"max-snippet:-1","max-image-preview":"max-image-preview:large","max-video-preview":"max-video-preview:-1"},"canonical":"https:\/\/lalmachine.com\/de\/shop\/sasseoir\/chaise\/chaises-m1-piergiorgio-cazzaniga-mdf-italia\/","og_locale":"de_DE","og_type":"article","og_title":"Chaise(s) M1 \u2013 Piergiorgio Cazzaniga \u2013 MDF Italia | lalmachine.com, mobilier et objets d\u00e9co vintage et design","og_description":"Chaise(s) M1 \u2013 Piergiorgio Cazzaniga \u2013 MDF Italia","og_url":"https:\/\/lalmachine.com\/de\/shop\/sasseoir\/chaise\/chaises-m1-piergiorgio-cazzaniga-mdf-italia\/","og_site_name":"lalmachine.com","article_publisher":"https:\/\/facebook.com\/lalmachine","article_modified_time":"2026-01-19T10:04:13+00:00","og_image":[{"width":1691,"height":1691,"url":"https:\/\/lalmachine.com\/wp-content\/uploads\/2026\/01\/507C1AAF-34A6-42B8-B997-5ABFD060E963_clipped_rev_1.jpeg","type":"image\/jpeg"}],"twitter_card":"summary_large_image","schema":{"@context":"https:\/\/schema.org","@graph":[{"@type":"WebPage","@id":"https:\/\/lalmachine.com\/shop\/sasseoir\/chaise\/chaises-m1-piergiorgio-cazzaniga-mdf-italia\/","url":"https:\/\/lalmachine.com\/shop\/sasseoir\/chaise\/chaises-m1-piergiorgio-cazzaniga-mdf-italia\/","name":"Chaise(s) M1 \u2013 Piergiorgio Cazzaniga \u2013 MDF Italia | lalmachine.com, mobilier et objets d\u00e9co vintage et design","isPartOf":{"@id":"https:\/\/lalmachine.com\/#website"},"primaryImageOfPage":{"@id":"https:\/\/lalmachine.com\/shop\/sasseoir\/chaise\/chaises-m1-piergiorgio-cazzaniga-mdf-italia\/#primaryimage"},"image":{"@id":"https:\/\/lalmachine.com\/shop\/sasseoir\/chaise\/chaises-m1-piergiorgio-cazzaniga-mdf-italia\/#primaryimage"},"thumbnailUrl":"https:\/\/lalmachine.com\/wp-content\/uploads\/2026\/01\/507C1AAF-34A6-42B8-B997-5ABFD060E963_clipped_rev_1.jpeg","datePublished":"2026-01-19T10:04:12+00:00","dateModified":"2026-01-19T10:04:13+00:00","description":"Chaise(s) M1 \u2013 Piergiorgio Cazzaniga \u2013 MDF Italia","breadcrumb":{"@id":"https:\/\/lalmachine.com\/shop\/sasseoir\/chaise\/chaises-m1-piergiorgio-cazzaniga-mdf-italia\/#breadcrumb"},"inLanguage":"de","potentialAction":[{"@type":"ReadAction","target":["https:\/\/lalmachine.com\/shop\/sasseoir\/chaise\/chaises-m1-piergiorgio-cazzaniga-mdf-italia\/"]}]},{"@type":"ImageObject","inLanguage":"de","@id":"https:\/\/lalmachine.com\/shop\/sasseoir\/chaise\/chaises-m1-piergiorgio-cazzaniga-mdf-italia\/#primaryimage","url":"https:\/\/lalmachine.com\/wp-content\/uploads\/2026\/01\/507C1AAF-34A6-42B8-B997-5ABFD060E963_clipped_rev_1.jpeg","contentUrl":"https:\/\/lalmachine.com\/wp-content\/uploads\/2026\/01\/507C1AAF-34A6-42B8-B997-5ABFD060E963_clipped_rev_1.jpeg","width":1691,"height":1691,"caption":"Chaise(s) M1 \u2013 Piergiorgio Cazzaniga \u2013 MDF Italia"},{"@type":"BreadcrumbList","@id":"https:\/\/lalmachine.com\/shop\/sasseoir\/chaise\/chaises-m1-piergiorgio-cazzaniga-mdf-italia\/#breadcrumb","itemListElement":[{"@type":"ListItem","position":1,"name":"Accueil","item":"https:\/\/lalmachine.com\/"},{"@type":"ListItem","position":2,"name":"Shop","item":"https:\/\/lalmachine.com\/shop\/"},{"@type":"ListItem","position":3,"name":"Chaise(s) M1 \u2013 Piergiorgio Cazzaniga \u2013 MDF Italia"}]},{"@type":"WebSite","@id":"https:\/\/lalmachine.com\/#website","url":"https:\/\/lalmachine.com\/","name":"lalmachine.com","description":"Brocante en ligne Suisse | Mobilier et objets d\u00e9co vintage et design","potentialAction":[{"@type":"SearchAction","target":{"@type":"EntryPoint","urlTemplate":"https:\/\/lalmachine.com\/?s={search_term_string}"},"query-input":{"@type":"PropertyValueSpecification","valueRequired":true,"valueName":"search_term_string"}}],"inLanguage":"de"}]}},"_links":{"self":[{"href":"https:\/\/lalmachine.com\/de\/wp-json\/wp\/v2\/product\/355220","targetHints":{"allow":["GET"]}}],"collection":[{"href":"https:\/\/lalmachine.com\/de\/wp-json\/wp\/v2\/product"}],"about":[{"href":"https:\/\/lalmachine.com\/de\/wp-json\/wp\/v2\/types\/product"}],"wp:featuredmedia":[{"embeddable":true,"href":"https:\/\/lalmachine.com\/de\/wp-json\/wp\/v2\/media\/355431"}],"wp:attachment":[{"href":"https:\/\/lalmachine.com\/de\/wp-json\/wp\/v2\/media?parent=355220"}],"wp:term":[{"taxonomy":"product_brand","embeddable":true,"href":"https:\/\/lalmachine.com\/de\/wp-json\/wp\/v2\/product_brand?post=355220"},{"taxonomy":"product_cat","embeddable":true,"href":"https:\/\/lalmachine.com\/de\/wp-json\/wp\/v2\/product_cat?post=355220"},{"taxonomy":"product_tag","embeddable":true,"href":"https:\/\/lalmachine.com\/de\/wp-json\/wp\/v2\/product_tag?post=355220"},{"taxonomy":"proximite","embeddable":true,"href":"https:\/\/lalmachine.com\/de\/wp-json\/wp\/v2\/proximite?post=355220"}],"curies":[{"name":"wp","href":"https:\/\/api.w.org\/{rel}","templated":true}]}}