{"id":355256,"date":"2026-01-19T11:04:06","date_gmt":"2026-01-19T10:04:06","guid":{"rendered":"https:\/\/lalmachine.com\/?post_type=product&#038;p=355256"},"modified":"2026-01-19T11:04:08","modified_gmt":"2026-01-19T10:04:08","slug":"grand-tapis-tisse-et-broche","status":"publish","type":"product","link":"https:\/\/lalmachine.com\/de\/shop\/decorer\/tapis\/grand-tapis-tisse-et-broche\/","title":{"rendered":"Grand tapis tiss\u00e9 et broch\u00e9"},"content":{"rendered":"<ul class=\"wpuf_customs\"><li style=\"list-style-type:none;\"><label>Autres photos:<\/label> <a href=\"https:\/\/lalmachine.com\/wp-content\/uploads\/2026\/01\/610b-1.jpg\"><img loading=\"lazy\" decoding=\"async\" width=\"96\" height=\"96\" src=\"https:\/\/lalmachine.com\/wp-content\/uploads\/2026\/01\/610b-1.jpg\" class=\"attachment-thumbnail size-thumbnail\" alt=\"\" \/><\/a> <a href=\"https:\/\/lalmachine.com\/wp-content\/uploads\/2026\/01\/610-scaled.jpg\"><img loading=\"lazy\" decoding=\"async\" width=\"128\" height=\"85\" src=\"https:\/\/lalmachine.com\/wp-content\/uploads\/2026\/01\/610-scaled.jpg\" class=\"attachment-thumbnail size-thumbnail\" alt=\"\" \/><\/a> <a href=\"https:\/\/lalmachine.com\/wp-content\/uploads\/2026\/01\/610a-scaled.jpg\"><img loading=\"lazy\" decoding=\"async\" width=\"96\" height=\"96\" src=\"https:\/\/lalmachine.com\/wp-content\/uploads\/2026\/01\/610a-scaled.jpg\" class=\"attachment-thumbnail size-thumbnail\" alt=\"\" \/><\/a> <\/li>        <li class=\"wpuf-field-data wpuf-field-data-numeric_text_field\">\n                            <label>Prix:<\/label>\n                        895        <\/li>\n                <li class=\"wpuf-field-data wpuf-field-data-numeric_text_field\">\n                            <label>Quantit\u00e9:<\/label>\n                        1        <\/li>\n                <li class=\"wpuf-field-data wpuf-field-data-numeric_text_field\">\n                            <label>Hauteur (cm):<\/label>\n                        1        <\/li>\n                <li class=\"wpuf-field-data wpuf-field-data-numeric_text_field\">\n                            <label>Largeur (cm):<\/label>\n                        112        <\/li>\n                <li class=\"wpuf-field-data wpuf-field-data-numeric_text_field\">\n                            <label>Profondeur (cm):<\/label>\n                        208        <\/li>\n        <\/ul>","protected":false},"excerpt":{"rendered":"<p>Ce grand tapis vintage est en laine sur coton de couleur rouge rehauss\u00e9 de blanc. Il a \u00e9t\u00e9 tiss\u00e9 \u00e0 la main par des femmes du sud Maroc. Elles utilisent une technique du tissage plat et du broch\u00e9 qui demande une grande connaissance, car le motif est construit au fur et \u00e0 mesure de l&#8217;avancement du tapis, et non brod\u00e9 \u00e0 la fin du tissage.<\/p>\n<p>Le tapis a une tache visible voir la deuxi\u00e8me photo et un des coins est l\u00e9g\u00e8rement d\u00e9fait. Il est n\u00e9anmoins tr\u00e8s bien conserv\u00e9 et d&#8217;une grande beaut\u00e9.<\/p>","protected":false},"featured_media":355434,"template":"","meta":{"_et_pb_use_builder":"","_et_pb_old_content":"","_et_gb_content_width":""},"product_brand":[],"product_cat":[50,97],"product_tag":[],"proximite":[280,179],"class_list":{"0":"post-355256","1":"product","2":"type-product","3":"status-publish","4":"has-post-thumbnail","6":"product_cat-decorer","7":"product_cat-tapis","8":"pa_couleur-rouge","9":"pa_etat-bon-etat","10":"pa_materiau-autre","11":"pa_style-ethnique","12":"proximite-morges","13":"proximite-vaud","15":"first","16":"instock","17":"shipping-taxable","18":"purchasable","19":"product-type-simple"},"yoast_head":"<!-- This site is optimized with the Yoast SEO plugin v27.4 - https:\/\/yoast.com\/product\/yoast-seo-wordpress\/ -->\n<title>Grand tapis tiss\u00e9 et broch\u00e9 | lalmachine.com, mobilier et objets d\u00e9co vintage et design<\/title>\n<meta name=\"description\" content=\"Grand tapis tiss\u00e9 et broch\u00e9\" \/>\n<meta name=\"robots\" content=\"index, follow, max-snippet:-1, max-image-preview:large, max-video-preview:-1\" \/>\n<link rel=\"canonical\" href=\"https:\/\/lalmachine.com\/de\/shop\/decorer\/tapis\/grand-tapis-tisse-et-broche\/\" \/>\n<meta property=\"og:locale\" content=\"de_DE\" \/>\n<meta property=\"og:type\" content=\"article\" \/>\n<meta property=\"og:title\" content=\"Grand tapis tiss\u00e9 et broch\u00e9 | lalmachine.com, mobilier et objets d\u00e9co vintage et design\" \/>\n<meta property=\"og:description\" content=\"Grand tapis tiss\u00e9 et broch\u00e9\" \/>\n<meta property=\"og:url\" content=\"https:\/\/lalmachine.com\/de\/shop\/decorer\/tapis\/grand-tapis-tisse-et-broche\/\" \/>\n<meta property=\"og:site_name\" content=\"lalmachine.com\" \/>\n<meta property=\"article:publisher\" content=\"https:\/\/facebook.com\/lalmachine\" \/>\n<meta property=\"article:modified_time\" content=\"2026-01-19T10:04:08+00:00\" \/>\n<meta property=\"og:image\" content=\"https:\/\/lalmachine.com\/wp-content\/uploads\/2026\/01\/610b-1_clipped_rev_1-scaled.jpeg\" \/>\n\t<meta property=\"og:image:width\" content=\"2560\" \/>\n\t<meta property=\"og:image:height\" content=\"2560\" \/>\n\t<meta property=\"og:image:type\" content=\"image\/jpeg\" \/>\n<meta name=\"twitter:card\" content=\"summary_large_image\" \/>\n<script type=\"application\/ld+json\" class=\"yoast-schema-graph\">{\"@context\":\"https:\\\/\\\/schema.org\",\"@graph\":[{\"@type\":\"WebPage\",\"@id\":\"https:\\\/\\\/lalmachine.com\\\/shop\\\/decorer\\\/tapis\\\/grand-tapis-tisse-et-broche\\\/\",\"url\":\"https:\\\/\\\/lalmachine.com\\\/shop\\\/decorer\\\/tapis\\\/grand-tapis-tisse-et-broche\\\/\",\"name\":\"Grand tapis tiss\u00e9 et broch\u00e9 | lalmachine.com, mobilier et objets d\u00e9co vintage et design\",\"isPartOf\":{\"@id\":\"https:\\\/\\\/lalmachine.com\\\/#website\"},\"primaryImageOfPage\":{\"@id\":\"https:\\\/\\\/lalmachine.com\\\/shop\\\/decorer\\\/tapis\\\/grand-tapis-tisse-et-broche\\\/#primaryimage\"},\"image\":{\"@id\":\"https:\\\/\\\/lalmachine.com\\\/shop\\\/decorer\\\/tapis\\\/grand-tapis-tisse-et-broche\\\/#primaryimage\"},\"thumbnailUrl\":\"https:\\\/\\\/lalmachine.com\\\/wp-content\\\/uploads\\\/2026\\\/01\\\/610b-1_clipped_rev_1-scaled.jpeg\",\"datePublished\":\"2026-01-19T10:04:06+00:00\",\"dateModified\":\"2026-01-19T10:04:08+00:00\",\"description\":\"Grand tapis tiss\u00e9 et broch\u00e9\",\"breadcrumb\":{\"@id\":\"https:\\\/\\\/lalmachine.com\\\/shop\\\/decorer\\\/tapis\\\/grand-tapis-tisse-et-broche\\\/#breadcrumb\"},\"inLanguage\":\"de\",\"potentialAction\":[{\"@type\":\"ReadAction\",\"target\":[\"https:\\\/\\\/lalmachine.com\\\/shop\\\/decorer\\\/tapis\\\/grand-tapis-tisse-et-broche\\\/\"]}]},{\"@type\":\"ImageObject\",\"inLanguage\":\"de\",\"@id\":\"https:\\\/\\\/lalmachine.com\\\/shop\\\/decorer\\\/tapis\\\/grand-tapis-tisse-et-broche\\\/#primaryimage\",\"url\":\"https:\\\/\\\/lalmachine.com\\\/wp-content\\\/uploads\\\/2026\\\/01\\\/610b-1_clipped_rev_1-scaled.jpeg\",\"contentUrl\":\"https:\\\/\\\/lalmachine.com\\\/wp-content\\\/uploads\\\/2026\\\/01\\\/610b-1_clipped_rev_1-scaled.jpeg\",\"width\":2560,\"height\":2560,\"caption\":\"Grand tapis tiss\u00e9 et broch\u00e9\"},{\"@type\":\"BreadcrumbList\",\"@id\":\"https:\\\/\\\/lalmachine.com\\\/shop\\\/decorer\\\/tapis\\\/grand-tapis-tisse-et-broche\\\/#breadcrumb\",\"itemListElement\":[{\"@type\":\"ListItem\",\"position\":1,\"name\":\"Accueil\",\"item\":\"https:\\\/\\\/lalmachine.com\\\/\"},{\"@type\":\"ListItem\",\"position\":2,\"name\":\"Shop\",\"item\":\"https:\\\/\\\/lalmachine.com\\\/shop\\\/\"},{\"@type\":\"ListItem\",\"position\":3,\"name\":\"Grand tapis tiss\u00e9 et broch\u00e9\"}]},{\"@type\":\"WebSite\",\"@id\":\"https:\\\/\\\/lalmachine.com\\\/#website\",\"url\":\"https:\\\/\\\/lalmachine.com\\\/\",\"name\":\"lalmachine.com\",\"description\":\"Brocante en ligne Suisse | Mobilier et objets d\u00e9co vintage et design\",\"potentialAction\":[{\"@type\":\"SearchAction\",\"target\":{\"@type\":\"EntryPoint\",\"urlTemplate\":\"https:\\\/\\\/lalmachine.com\\\/?s={search_term_string}\"},\"query-input\":{\"@type\":\"PropertyValueSpecification\",\"valueRequired\":true,\"valueName\":\"search_term_string\"}}],\"inLanguage\":\"de\"}]}<\/script>\n<!-- \/ Yoast SEO plugin. -->","yoast_head_json":{"title":"Grand tapis tiss\u00e9 et broch\u00e9 | lalmachine.com, mobilier et objets d\u00e9co vintage et design","description":"Grand tapis tiss\u00e9 et broch\u00e9","robots":{"index":"index","follow":"follow","max-snippet":"max-snippet:-1","max-image-preview":"max-image-preview:large","max-video-preview":"max-video-preview:-1"},"canonical":"https:\/\/lalmachine.com\/de\/shop\/decorer\/tapis\/grand-tapis-tisse-et-broche\/","og_locale":"de_DE","og_type":"article","og_title":"Grand tapis tiss\u00e9 et broch\u00e9 | lalmachine.com, mobilier et objets d\u00e9co vintage et design","og_description":"Grand tapis tiss\u00e9 et broch\u00e9","og_url":"https:\/\/lalmachine.com\/de\/shop\/decorer\/tapis\/grand-tapis-tisse-et-broche\/","og_site_name":"lalmachine.com","article_publisher":"https:\/\/facebook.com\/lalmachine","article_modified_time":"2026-01-19T10:04:08+00:00","og_image":[{"width":2560,"height":2560,"url":"https:\/\/lalmachine.com\/wp-content\/uploads\/2026\/01\/610b-1_clipped_rev_1-scaled.jpeg","type":"image\/jpeg"}],"twitter_card":"summary_large_image","schema":{"@context":"https:\/\/schema.org","@graph":[{"@type":"WebPage","@id":"https:\/\/lalmachine.com\/shop\/decorer\/tapis\/grand-tapis-tisse-et-broche\/","url":"https:\/\/lalmachine.com\/shop\/decorer\/tapis\/grand-tapis-tisse-et-broche\/","name":"Grand tapis tiss\u00e9 et broch\u00e9 | lalmachine.com, mobilier et objets d\u00e9co vintage et design","isPartOf":{"@id":"https:\/\/lalmachine.com\/#website"},"primaryImageOfPage":{"@id":"https:\/\/lalmachine.com\/shop\/decorer\/tapis\/grand-tapis-tisse-et-broche\/#primaryimage"},"image":{"@id":"https:\/\/lalmachine.com\/shop\/decorer\/tapis\/grand-tapis-tisse-et-broche\/#primaryimage"},"thumbnailUrl":"https:\/\/lalmachine.com\/wp-content\/uploads\/2026\/01\/610b-1_clipped_rev_1-scaled.jpeg","datePublished":"2026-01-19T10:04:06+00:00","dateModified":"2026-01-19T10:04:08+00:00","description":"Grand tapis tiss\u00e9 et broch\u00e9","breadcrumb":{"@id":"https:\/\/lalmachine.com\/shop\/decorer\/tapis\/grand-tapis-tisse-et-broche\/#breadcrumb"},"inLanguage":"de","potentialAction":[{"@type":"ReadAction","target":["https:\/\/lalmachine.com\/shop\/decorer\/tapis\/grand-tapis-tisse-et-broche\/"]}]},{"@type":"ImageObject","inLanguage":"de","@id":"https:\/\/lalmachine.com\/shop\/decorer\/tapis\/grand-tapis-tisse-et-broche\/#primaryimage","url":"https:\/\/lalmachine.com\/wp-content\/uploads\/2026\/01\/610b-1_clipped_rev_1-scaled.jpeg","contentUrl":"https:\/\/lalmachine.com\/wp-content\/uploads\/2026\/01\/610b-1_clipped_rev_1-scaled.jpeg","width":2560,"height":2560,"caption":"Grand tapis tiss\u00e9 et broch\u00e9"},{"@type":"BreadcrumbList","@id":"https:\/\/lalmachine.com\/shop\/decorer\/tapis\/grand-tapis-tisse-et-broche\/#breadcrumb","itemListElement":[{"@type":"ListItem","position":1,"name":"Accueil","item":"https:\/\/lalmachine.com\/"},{"@type":"ListItem","position":2,"name":"Shop","item":"https:\/\/lalmachine.com\/shop\/"},{"@type":"ListItem","position":3,"name":"Grand tapis tiss\u00e9 et broch\u00e9"}]},{"@type":"WebSite","@id":"https:\/\/lalmachine.com\/#website","url":"https:\/\/lalmachine.com\/","name":"lalmachine.com","description":"Brocante en ligne Suisse | Mobilier et objets d\u00e9co vintage et design","potentialAction":[{"@type":"SearchAction","target":{"@type":"EntryPoint","urlTemplate":"https:\/\/lalmachine.com\/?s={search_term_string}"},"query-input":{"@type":"PropertyValueSpecification","valueRequired":true,"valueName":"search_term_string"}}],"inLanguage":"de"}]}},"_links":{"self":[{"href":"https:\/\/lalmachine.com\/de\/wp-json\/wp\/v2\/product\/355256","targetHints":{"allow":["GET"]}}],"collection":[{"href":"https:\/\/lalmachine.com\/de\/wp-json\/wp\/v2\/product"}],"about":[{"href":"https:\/\/lalmachine.com\/de\/wp-json\/wp\/v2\/types\/product"}],"wp:featuredmedia":[{"embeddable":true,"href":"https:\/\/lalmachine.com\/de\/wp-json\/wp\/v2\/media\/355434"}],"wp:attachment":[{"href":"https:\/\/lalmachine.com\/de\/wp-json\/wp\/v2\/media?parent=355256"}],"wp:term":[{"taxonomy":"product_brand","embeddable":true,"href":"https:\/\/lalmachine.com\/de\/wp-json\/wp\/v2\/product_brand?post=355256"},{"taxonomy":"product_cat","embeddable":true,"href":"https:\/\/lalmachine.com\/de\/wp-json\/wp\/v2\/product_cat?post=355256"},{"taxonomy":"product_tag","embeddable":true,"href":"https:\/\/lalmachine.com\/de\/wp-json\/wp\/v2\/product_tag?post=355256"},{"taxonomy":"proximite","embeddable":true,"href":"https:\/\/lalmachine.com\/de\/wp-json\/wp\/v2\/proximite?post=355256"}],"curies":[{"name":"wp","href":"https:\/\/api.w.org\/{rel}","templated":true}]}}