{"id":355380,"date":"2026-01-19T11:48:22","date_gmt":"2026-01-19T10:48:22","guid":{"rendered":"https:\/\/lalmachine.com\/?post_type=product&#038;p=355380"},"modified":"2026-01-19T11:48:24","modified_gmt":"2026-01-19T10:48:24","slug":"lampadaire-reggiani","status":"publish","type":"product","link":"https:\/\/lalmachine.com\/de\/shop\/eclairer\/lampe-sur-pied\/lampadaire-reggiani\/","title":{"rendered":"Lampadaire Reggiani"},"content":{"rendered":"<ul class=\"wpuf_customs\"><li style=\"list-style-type:none;\"><label>Autres photos:<\/label> <a href=\"https:\/\/lalmachine.com\/wp-content\/uploads\/2026\/01\/IMG_7743-1-scaled.jpeg\"><img loading=\"lazy\" decoding=\"async\" width=\"72\" height=\"96\" src=\"https:\/\/lalmachine.com\/wp-content\/uploads\/2026\/01\/IMG_7743-1-scaled.jpeg\" class=\"attachment-thumbnail size-thumbnail\" alt=\"\" \/><\/a> <a href=\"https:\/\/lalmachine.com\/wp-content\/uploads\/2026\/01\/IMG_7742-1-scaled.jpeg\"><img loading=\"lazy\" decoding=\"async\" width=\"72\" height=\"96\" src=\"https:\/\/lalmachine.com\/wp-content\/uploads\/2026\/01\/IMG_7742-1-scaled.jpeg\" class=\"attachment-thumbnail size-thumbnail\" alt=\"\" \/><\/a> <a href=\"https:\/\/lalmachine.com\/wp-content\/uploads\/2026\/01\/IMG_7741-1-scaled.jpeg\"><img loading=\"lazy\" decoding=\"async\" width=\"72\" height=\"96\" src=\"https:\/\/lalmachine.com\/wp-content\/uploads\/2026\/01\/IMG_7741-1-scaled.jpeg\" class=\"attachment-thumbnail size-thumbnail\" alt=\"\" \/><\/a> <a href=\"https:\/\/lalmachine.com\/wp-content\/uploads\/2026\/01\/IMG_7739-scaled.jpeg\"><img loading=\"lazy\" decoding=\"async\" width=\"72\" height=\"96\" src=\"https:\/\/lalmachine.com\/wp-content\/uploads\/2026\/01\/IMG_7739-scaled.jpeg\" class=\"attachment-thumbnail size-thumbnail\" alt=\"\" \/><\/a> <a href=\"https:\/\/lalmachine.com\/wp-content\/uploads\/2026\/01\/IMG_7753-1-scaled.jpeg\"><img loading=\"lazy\" decoding=\"async\" width=\"72\" height=\"96\" src=\"https:\/\/lalmachine.com\/wp-content\/uploads\/2026\/01\/IMG_7753-1-scaled.jpeg\" class=\"attachment-thumbnail size-thumbnail\" alt=\"\" \/><\/a> <a href=\"https:\/\/lalmachine.com\/wp-content\/uploads\/2026\/01\/IMG_7762-scaled.jpeg\"><img loading=\"lazy\" decoding=\"async\" width=\"72\" height=\"96\" src=\"https:\/\/lalmachine.com\/wp-content\/uploads\/2026\/01\/IMG_7762-scaled.jpeg\" class=\"attachment-thumbnail size-thumbnail\" alt=\"\" \/><\/a> <a href=\"https:\/\/lalmachine.com\/wp-content\/uploads\/2026\/01\/Photoroom_20251124_114946-scaled.jpeg\"><img loading=\"lazy\" decoding=\"async\" width=\"72\" height=\"96\" src=\"https:\/\/lalmachine.com\/wp-content\/uploads\/2026\/01\/Photoroom_20251124_114946-scaled.jpeg\" class=\"attachment-thumbnail size-thumbnail\" alt=\"\" \/><\/a> <\/li>        <li class=\"wpuf-field-data wpuf-field-data-numeric_text_field\">\n                            <label>Prix:<\/label>\n                        3200        <\/li>\n                <li class=\"wpuf-field-data wpuf-field-data-numeric_text_field\">\n                            <label>Quantit\u00e9:<\/label>\n                        1        <\/li>\n                <li class=\"wpuf-field-data wpuf-field-data-numeric_text_field\">\n                            <label>Hauteur (cm):<\/label>\n                        190        <\/li>\n                <li class=\"wpuf-field-data wpuf-field-data-numeric_text_field\">\n                            <label>Largeur (cm):<\/label>\n                        49        <\/li>\n                <li class=\"wpuf-field-data wpuf-field-data-numeric_text_field\">\n                            <label>Profondeur (cm):<\/label>\n                        15        <\/li>\n        <\/ul>","protected":false},"excerpt":{"rendered":"<p>Goffredo Reggiani, fondateur de Reggiani Illuminazione dans les ann\u00e9es 1950, est une figure majeure du design italien. Reconnu pour ses luminaires sculpturaux et modulaires, il explore le potentiel du chrome et de l\u2019acier \u00e0 travers des formes innovantes, devenues embl\u00e9matiques de l\u2019esth\u00e9tique Space Age des ann\u00e9es 60\u201370.<\/p>\n<p>\u00c0 propos du lampadaire<\/p>\n<p>Imposant lampadaire Reggiani des ann\u00e9es 1970, r\u00e9alis\u00e9 en chrome poli et dot\u00e9 de trois tubes r\u00e9glables. Chaque module est rotatif et modulaire, permettant d\u2019ajuster l\u2019\u00e9clairage et de cr\u00e9er diff\u00e9rentes configurations selon l\u2019ambiance souhait\u00e9e.<\/p>\n<p>Son design \u00e9pur\u00e9 et \u00e9lanc\u00e9 incarne parfaitement le vocabulaire formel de Reggiani : mat\u00e9riaux industriels, lignes affirm\u00e9es et approche r\u00e9solument fonctionnelle. La pi\u00e8ce est en belles conditions vintage ( \u00e0 noter une \u00e9raflure ). Le syst\u00e8me \u00e9lectrique d\u2019origine est pleinement op\u00e9rationnel.<\/p>\n<p>Dimensions<\/p>\n<p>Hauteur : 190 cm<\/p>\n<p>Largeur : 49 cm<\/p>","protected":false},"featured_media":355449,"template":"","meta":{"_et_pb_use_builder":"","_et_pb_old_content":"","_et_gb_content_width":""},"product_brand":[],"product_cat":[49,89],"product_tag":[],"proximite":[281,179],"class_list":{"0":"post-355380","1":"product","2":"type-product","3":"status-publish","4":"has-post-thumbnail","6":"product_cat-eclairer","7":"product_cat-lampe-sur-pied","8":"pa_couleur-argent","9":"pa_etat-bon-etat","10":"pa_materiau-metal","11":"pa_style-design","12":"proximite-nyon","13":"proximite-vaud","15":"first","16":"instock","17":"shipping-taxable","18":"purchasable","19":"product-type-simple"},"yoast_head":"<!-- This site is optimized with the Yoast SEO plugin v27.4 - https:\/\/yoast.com\/product\/yoast-seo-wordpress\/ -->\n<title>Lampadaire Reggiani | lalmachine.com, mobilier et objets d\u00e9co vintage et design<\/title>\n<meta name=\"description\" content=\"Lampadaire Reggiani\" \/>\n<meta name=\"robots\" content=\"index, follow, max-snippet:-1, max-image-preview:large, max-video-preview:-1\" \/>\n<link rel=\"canonical\" href=\"https:\/\/lalmachine.com\/de\/shop\/eclairer\/lampe-sur-pied\/lampadaire-reggiani\/\" \/>\n<meta property=\"og:locale\" content=\"de_DE\" \/>\n<meta property=\"og:type\" content=\"article\" \/>\n<meta property=\"og:title\" content=\"Lampadaire Reggiani | lalmachine.com, mobilier et objets d\u00e9co vintage et design\" \/>\n<meta property=\"og:description\" content=\"Lampadaire Reggiani\" \/>\n<meta property=\"og:url\" content=\"https:\/\/lalmachine.com\/de\/shop\/eclairer\/lampe-sur-pied\/lampadaire-reggiani\/\" \/>\n<meta property=\"og:site_name\" content=\"lalmachine.com\" \/>\n<meta property=\"article:publisher\" content=\"https:\/\/facebook.com\/lalmachine\" \/>\n<meta property=\"article:modified_time\" content=\"2026-01-19T10:48:24+00:00\" \/>\n<meta property=\"og:image\" content=\"https:\/\/lalmachine.com\/wp-content\/uploads\/2026\/01\/IMG_7745-1-scaled_clipped_rev_1-scaled.jpeg\" \/>\n\t<meta property=\"og:image:width\" content=\"2560\" \/>\n\t<meta property=\"og:image:height\" content=\"2560\" \/>\n\t<meta property=\"og:image:type\" content=\"image\/jpeg\" \/>\n<meta name=\"twitter:card\" content=\"summary_large_image\" \/>\n<script type=\"application\/ld+json\" class=\"yoast-schema-graph\">{\"@context\":\"https:\\\/\\\/schema.org\",\"@graph\":[{\"@type\":\"WebPage\",\"@id\":\"https:\\\/\\\/lalmachine.com\\\/shop\\\/eclairer\\\/lampe-sur-pied\\\/lampadaire-reggiani\\\/\",\"url\":\"https:\\\/\\\/lalmachine.com\\\/shop\\\/eclairer\\\/lampe-sur-pied\\\/lampadaire-reggiani\\\/\",\"name\":\"Lampadaire Reggiani | lalmachine.com, mobilier et objets d\u00e9co vintage et design\",\"isPartOf\":{\"@id\":\"https:\\\/\\\/lalmachine.com\\\/#website\"},\"primaryImageOfPage\":{\"@id\":\"https:\\\/\\\/lalmachine.com\\\/shop\\\/eclairer\\\/lampe-sur-pied\\\/lampadaire-reggiani\\\/#primaryimage\"},\"image\":{\"@id\":\"https:\\\/\\\/lalmachine.com\\\/shop\\\/eclairer\\\/lampe-sur-pied\\\/lampadaire-reggiani\\\/#primaryimage\"},\"thumbnailUrl\":\"https:\\\/\\\/lalmachine.com\\\/wp-content\\\/uploads\\\/2026\\\/01\\\/IMG_7745-1-scaled_clipped_rev_1-scaled.jpeg\",\"datePublished\":\"2026-01-19T10:48:22+00:00\",\"dateModified\":\"2026-01-19T10:48:24+00:00\",\"description\":\"Lampadaire Reggiani\",\"breadcrumb\":{\"@id\":\"https:\\\/\\\/lalmachine.com\\\/shop\\\/eclairer\\\/lampe-sur-pied\\\/lampadaire-reggiani\\\/#breadcrumb\"},\"inLanguage\":\"de\",\"potentialAction\":[{\"@type\":\"ReadAction\",\"target\":[\"https:\\\/\\\/lalmachine.com\\\/shop\\\/eclairer\\\/lampe-sur-pied\\\/lampadaire-reggiani\\\/\"]}]},{\"@type\":\"ImageObject\",\"inLanguage\":\"de\",\"@id\":\"https:\\\/\\\/lalmachine.com\\\/shop\\\/eclairer\\\/lampe-sur-pied\\\/lampadaire-reggiani\\\/#primaryimage\",\"url\":\"https:\\\/\\\/lalmachine.com\\\/wp-content\\\/uploads\\\/2026\\\/01\\\/IMG_7745-1-scaled_clipped_rev_1-scaled.jpeg\",\"contentUrl\":\"https:\\\/\\\/lalmachine.com\\\/wp-content\\\/uploads\\\/2026\\\/01\\\/IMG_7745-1-scaled_clipped_rev_1-scaled.jpeg\",\"width\":2560,\"height\":2560},{\"@type\":\"BreadcrumbList\",\"@id\":\"https:\\\/\\\/lalmachine.com\\\/shop\\\/eclairer\\\/lampe-sur-pied\\\/lampadaire-reggiani\\\/#breadcrumb\",\"itemListElement\":[{\"@type\":\"ListItem\",\"position\":1,\"name\":\"Accueil\",\"item\":\"https:\\\/\\\/lalmachine.com\\\/\"},{\"@type\":\"ListItem\",\"position\":2,\"name\":\"Shop\",\"item\":\"https:\\\/\\\/lalmachine.com\\\/shop\\\/\"},{\"@type\":\"ListItem\",\"position\":3,\"name\":\"Lampadaire Reggiani\"}]},{\"@type\":\"WebSite\",\"@id\":\"https:\\\/\\\/lalmachine.com\\\/#website\",\"url\":\"https:\\\/\\\/lalmachine.com\\\/\",\"name\":\"lalmachine.com\",\"description\":\"Brocante en ligne Suisse | Mobilier et objets d\u00e9co vintage et design\",\"potentialAction\":[{\"@type\":\"SearchAction\",\"target\":{\"@type\":\"EntryPoint\",\"urlTemplate\":\"https:\\\/\\\/lalmachine.com\\\/?s={search_term_string}\"},\"query-input\":{\"@type\":\"PropertyValueSpecification\",\"valueRequired\":true,\"valueName\":\"search_term_string\"}}],\"inLanguage\":\"de\"}]}<\/script>\n<!-- \/ Yoast SEO plugin. -->","yoast_head_json":{"title":"Lampadaire Reggiani | lalmachine.com, mobilier et objets d\u00e9co vintage et design","description":"Lampadaire Reggiani","robots":{"index":"index","follow":"follow","max-snippet":"max-snippet:-1","max-image-preview":"max-image-preview:large","max-video-preview":"max-video-preview:-1"},"canonical":"https:\/\/lalmachine.com\/de\/shop\/eclairer\/lampe-sur-pied\/lampadaire-reggiani\/","og_locale":"de_DE","og_type":"article","og_title":"Lampadaire Reggiani | lalmachine.com, mobilier et objets d\u00e9co vintage et design","og_description":"Lampadaire Reggiani","og_url":"https:\/\/lalmachine.com\/de\/shop\/eclairer\/lampe-sur-pied\/lampadaire-reggiani\/","og_site_name":"lalmachine.com","article_publisher":"https:\/\/facebook.com\/lalmachine","article_modified_time":"2026-01-19T10:48:24+00:00","og_image":[{"width":2560,"height":2560,"url":"https:\/\/lalmachine.com\/wp-content\/uploads\/2026\/01\/IMG_7745-1-scaled_clipped_rev_1-scaled.jpeg","type":"image\/jpeg"}],"twitter_card":"summary_large_image","schema":{"@context":"https:\/\/schema.org","@graph":[{"@type":"WebPage","@id":"https:\/\/lalmachine.com\/shop\/eclairer\/lampe-sur-pied\/lampadaire-reggiani\/","url":"https:\/\/lalmachine.com\/shop\/eclairer\/lampe-sur-pied\/lampadaire-reggiani\/","name":"Lampadaire Reggiani | lalmachine.com, mobilier et objets d\u00e9co vintage et design","isPartOf":{"@id":"https:\/\/lalmachine.com\/#website"},"primaryImageOfPage":{"@id":"https:\/\/lalmachine.com\/shop\/eclairer\/lampe-sur-pied\/lampadaire-reggiani\/#primaryimage"},"image":{"@id":"https:\/\/lalmachine.com\/shop\/eclairer\/lampe-sur-pied\/lampadaire-reggiani\/#primaryimage"},"thumbnailUrl":"https:\/\/lalmachine.com\/wp-content\/uploads\/2026\/01\/IMG_7745-1-scaled_clipped_rev_1-scaled.jpeg","datePublished":"2026-01-19T10:48:22+00:00","dateModified":"2026-01-19T10:48:24+00:00","description":"Lampadaire Reggiani","breadcrumb":{"@id":"https:\/\/lalmachine.com\/shop\/eclairer\/lampe-sur-pied\/lampadaire-reggiani\/#breadcrumb"},"inLanguage":"de","potentialAction":[{"@type":"ReadAction","target":["https:\/\/lalmachine.com\/shop\/eclairer\/lampe-sur-pied\/lampadaire-reggiani\/"]}]},{"@type":"ImageObject","inLanguage":"de","@id":"https:\/\/lalmachine.com\/shop\/eclairer\/lampe-sur-pied\/lampadaire-reggiani\/#primaryimage","url":"https:\/\/lalmachine.com\/wp-content\/uploads\/2026\/01\/IMG_7745-1-scaled_clipped_rev_1-scaled.jpeg","contentUrl":"https:\/\/lalmachine.com\/wp-content\/uploads\/2026\/01\/IMG_7745-1-scaled_clipped_rev_1-scaled.jpeg","width":2560,"height":2560},{"@type":"BreadcrumbList","@id":"https:\/\/lalmachine.com\/shop\/eclairer\/lampe-sur-pied\/lampadaire-reggiani\/#breadcrumb","itemListElement":[{"@type":"ListItem","position":1,"name":"Accueil","item":"https:\/\/lalmachine.com\/"},{"@type":"ListItem","position":2,"name":"Shop","item":"https:\/\/lalmachine.com\/shop\/"},{"@type":"ListItem","position":3,"name":"Lampadaire Reggiani"}]},{"@type":"WebSite","@id":"https:\/\/lalmachine.com\/#website","url":"https:\/\/lalmachine.com\/","name":"lalmachine.com","description":"Brocante en ligne Suisse | Mobilier et objets d\u00e9co vintage et design","potentialAction":[{"@type":"SearchAction","target":{"@type":"EntryPoint","urlTemplate":"https:\/\/lalmachine.com\/?s={search_term_string}"},"query-input":{"@type":"PropertyValueSpecification","valueRequired":true,"valueName":"search_term_string"}}],"inLanguage":"de"}]}},"_links":{"self":[{"href":"https:\/\/lalmachine.com\/de\/wp-json\/wp\/v2\/product\/355380","targetHints":{"allow":["GET"]}}],"collection":[{"href":"https:\/\/lalmachine.com\/de\/wp-json\/wp\/v2\/product"}],"about":[{"href":"https:\/\/lalmachine.com\/de\/wp-json\/wp\/v2\/types\/product"}],"wp:featuredmedia":[{"embeddable":true,"href":"https:\/\/lalmachine.com\/de\/wp-json\/wp\/v2\/media\/355449"}],"wp:attachment":[{"href":"https:\/\/lalmachine.com\/de\/wp-json\/wp\/v2\/media?parent=355380"}],"wp:term":[{"taxonomy":"product_brand","embeddable":true,"href":"https:\/\/lalmachine.com\/de\/wp-json\/wp\/v2\/product_brand?post=355380"},{"taxonomy":"product_cat","embeddable":true,"href":"https:\/\/lalmachine.com\/de\/wp-json\/wp\/v2\/product_cat?post=355380"},{"taxonomy":"product_tag","embeddable":true,"href":"https:\/\/lalmachine.com\/de\/wp-json\/wp\/v2\/product_tag?post=355380"},{"taxonomy":"proximite","embeddable":true,"href":"https:\/\/lalmachine.com\/de\/wp-json\/wp\/v2\/proximite?post=355380"}],"curies":[{"name":"wp","href":"https:\/\/api.w.org\/{rel}","templated":true}]}}