{"id":355393,"date":"2026-01-19T15:57:17","date_gmt":"2026-01-19T14:57:17","guid":{"rendered":"https:\/\/lalmachine.com\/?post_type=product&#038;p=355393"},"modified":"2026-01-19T15:57:19","modified_gmt":"2026-01-19T14:57:19","slug":"paire-de-lampes-de-table-zip-light-monaca-sigmar-willnauer","status":"publish","type":"product","link":"https:\/\/lalmachine.com\/de\/shop\/eclairer\/lampe-de-table-bureau\/paire-de-lampes-de-table-zip-light-monaca-sigmar-willnauer\/","title":{"rendered":"Paire de lampes de table \u00ab Zip-Light Monaca \u00bb Sigmar Willnauer"},"content":{"rendered":"<ul class=\"wpuf_customs\"><li style=\"list-style-type:none;\"><label>Autres photos:<\/label> <a href=\"https:\/\/lalmachine.com\/wp-content\/uploads\/2026\/01\/IMG_7232-scaled.jpeg\"><img loading=\"lazy\" decoding=\"async\" width=\"72\" height=\"96\" src=\"https:\/\/lalmachine.com\/wp-content\/uploads\/2026\/01\/IMG_7232-scaled.jpeg\" class=\"attachment-thumbnail size-thumbnail\" alt=\"\" \/><\/a> <a href=\"https:\/\/lalmachine.com\/wp-content\/uploads\/2026\/01\/IMG_7234-scaled.jpeg\"><img loading=\"lazy\" decoding=\"async\" width=\"72\" height=\"96\" src=\"https:\/\/lalmachine.com\/wp-content\/uploads\/2026\/01\/IMG_7234-scaled.jpeg\" class=\"attachment-thumbnail size-thumbnail\" alt=\"\" \/><\/a> <a href=\"https:\/\/lalmachine.com\/wp-content\/uploads\/2026\/01\/IMG_7238-scaled.jpeg\"><img loading=\"lazy\" decoding=\"async\" width=\"72\" height=\"96\" src=\"https:\/\/lalmachine.com\/wp-content\/uploads\/2026\/01\/IMG_7238-scaled.jpeg\" class=\"attachment-thumbnail size-thumbnail\" alt=\"\" \/><\/a> <a href=\"https:\/\/lalmachine.com\/wp-content\/uploads\/2026\/01\/IMG_7239-scaled.jpeg\"><img loading=\"lazy\" decoding=\"async\" width=\"72\" height=\"96\" src=\"https:\/\/lalmachine.com\/wp-content\/uploads\/2026\/01\/IMG_7239-scaled.jpeg\" class=\"attachment-thumbnail size-thumbnail\" alt=\"\" \/><\/a> <\/li>        <li class=\"wpuf-field-data wpuf-field-data-numeric_text_field\">\n                            <label>Prix:<\/label>\n                        800        <\/li>\n                <li class=\"wpuf-field-data wpuf-field-data-numeric_text_field\">\n                            <label>Quantit\u00e9:<\/label>\n                        1        <\/li>\n                <li class=\"wpuf-field-data wpuf-field-data-numeric_text_field\">\n                            <label>Hauteur (cm):<\/label>\n                        35        <\/li>\n                <li class=\"wpuf-field-data wpuf-field-data-numeric_text_field\">\n                            <label>Largeur (cm):<\/label>\n                        30        <\/li>\n                <li class=\"wpuf-field-data wpuf-field-data-numeric_text_field\">\n                            <label>Profondeur (cm):<\/label>\n                        30        <\/li>\n        <\/ul>","protected":false},"excerpt":{"rendered":"<p>Paire de lampes de table \u00ab Zip-Light Monaca \u00bb \u2013 Sigmar Willnauer pour Naos, Italie, 1980\u20131990<\/p>\n<p>\u00c9l\u00e9gantes et ing\u00e9nieuses, les lampes Zip-Light \u00ab Monaca \u00bb sign\u00e9es Sigmar Willnauer pour Naos incarnent l\u2019esprit exp\u00e9rimental du design italien des ann\u00e9es 1980.<\/p>\n<p>Leur forme conique en cuir brun, travaill\u00e9 dans un esprit de vannerie contemporaine avec coutures apparentes, contraste harmonieusement avec l\u2019abat-jour en polym\u00e8re blanc.<\/p>\n<p>Leur particularit\u00e9 : un syst\u00e8me de montage original utilisant deux fermetures \u00e9clair, permettant d\u2019assembler ou de d\u00e9monter la lampe en quelques minutes.<\/p>\n<p>Surnomm\u00e9e \u00ab Monaca \u00bb (\u00ab nonne \u00bb) pour sa ressemblance avec un voile, cette lampe figure dans les collections permanentes du San Francisco Museum of Modern Art (SFMOMA).<\/p>\n<p>Pi\u00e8ces neuves, jamais utilis\u00e9es, provenant de leur emballage d\u2019origine \u2013 une rare opportunit\u00e9 d\u2019acqu\u00e9rir deux ic\u00f4nes du design postmoderne italien.<\/p>\n<p>D\u00e9tails techniques<\/p>\n<p>Designer : Sigmar Willnauer<br \/>\nFabricant \/ Marque : Naos<br \/>\nMod\u00e8le : Zip-Light \u00ab Monaca \u00bb<br \/>\nP\u00e9riode : 1980\u20131990<br \/>\nOrigine : Italie<br \/>\nMat\u00e9riau : Cuir et polym\u00e8re<br \/>\nDimensions : H 35\u00d7 L 30 \u00d7<br \/>\n\u00c9tat : Comme neuf, inutilis\u00e9<br \/>\nd\u00e9livr\u00e9es avec leur emballage d\u2019origine<\/p>","protected":false},"featured_media":355450,"template":"","meta":{"_et_pb_use_builder":"","_et_pb_old_content":"","_et_gb_content_width":""},"product_brand":[],"product_cat":[49,90],"product_tag":[],"proximite":[281,179],"class_list":{"0":"post-355393","1":"product","2":"type-product","3":"status-publish","4":"has-post-thumbnail","6":"product_cat-eclairer","7":"product_cat-lampe-de-table-bureau","8":"product_shipping_class-fragile-11-5","9":"pa_couleur-beige","10":"pa_etat-tres-bon-etat","11":"pa_materiau-cuir","12":"pa_style-design","13":"proximite-nyon","14":"proximite-vaud","16":"first","17":"instock","18":"shipping-taxable","19":"purchasable","20":"product-type-simple"},"yoast_head":"<!-- This site is optimized with the Yoast SEO plugin v27.4 - https:\/\/yoast.com\/product\/yoast-seo-wordpress\/ -->\n<title>Paire de lampes de table \u00ab Zip-Light Monaca \u00bb Sigmar Willnauer | lalmachine.com, mobilier et objets d\u00e9co vintage et design<\/title>\n<meta name=\"description\" content=\"Paire de lampes de table \u00ab Zip-Light Monaca \u00bb Sigmar Willnauer\" \/>\n<meta name=\"robots\" content=\"index, follow, max-snippet:-1, max-image-preview:large, max-video-preview:-1\" \/>\n<link rel=\"canonical\" href=\"https:\/\/lalmachine.com\/de\/shop\/eclairer\/lampe-de-table-bureau\/paire-de-lampes-de-table-zip-light-monaca-sigmar-willnauer\/\" \/>\n<meta property=\"og:locale\" content=\"de_DE\" \/>\n<meta property=\"og:type\" content=\"article\" \/>\n<meta property=\"og:title\" content=\"Paire de lampes de table \u00ab Zip-Light Monaca \u00bb Sigmar Willnauer | lalmachine.com, mobilier et objets d\u00e9co vintage et design\" \/>\n<meta property=\"og:description\" content=\"Paire de lampes de table \u00ab Zip-Light Monaca \u00bb Sigmar Willnauer\" \/>\n<meta property=\"og:url\" content=\"https:\/\/lalmachine.com\/de\/shop\/eclairer\/lampe-de-table-bureau\/paire-de-lampes-de-table-zip-light-monaca-sigmar-willnauer\/\" \/>\n<meta property=\"og:site_name\" content=\"lalmachine.com\" \/>\n<meta property=\"article:publisher\" content=\"https:\/\/facebook.com\/lalmachine\" \/>\n<meta property=\"article:modified_time\" content=\"2026-01-19T14:57:19+00:00\" \/>\n<meta property=\"og:image\" content=\"https:\/\/lalmachine.com\/wp-content\/uploads\/2026\/01\/IMG_7231-scaled_clipped_rev_1.jpeg\" \/>\n\t<meta property=\"og:image:width\" content=\"1954\" \/>\n\t<meta property=\"og:image:height\" content=\"1954\" \/>\n\t<meta property=\"og:image:type\" content=\"image\/jpeg\" \/>\n<meta name=\"twitter:card\" content=\"summary_large_image\" \/>\n<script type=\"application\/ld+json\" class=\"yoast-schema-graph\">{\"@context\":\"https:\\\/\\\/schema.org\",\"@graph\":[{\"@type\":\"WebPage\",\"@id\":\"https:\\\/\\\/lalmachine.com\\\/shop\\\/eclairer\\\/lampe-de-table-bureau\\\/paire-de-lampes-de-table-zip-light-monaca-sigmar-willnauer\\\/\",\"url\":\"https:\\\/\\\/lalmachine.com\\\/shop\\\/eclairer\\\/lampe-de-table-bureau\\\/paire-de-lampes-de-table-zip-light-monaca-sigmar-willnauer\\\/\",\"name\":\"Paire de lampes de table \u00ab Zip-Light Monaca \u00bb Sigmar Willnauer | lalmachine.com, mobilier et objets d\u00e9co vintage et design\",\"isPartOf\":{\"@id\":\"https:\\\/\\\/lalmachine.com\\\/#website\"},\"primaryImageOfPage\":{\"@id\":\"https:\\\/\\\/lalmachine.com\\\/shop\\\/eclairer\\\/lampe-de-table-bureau\\\/paire-de-lampes-de-table-zip-light-monaca-sigmar-willnauer\\\/#primaryimage\"},\"image\":{\"@id\":\"https:\\\/\\\/lalmachine.com\\\/shop\\\/eclairer\\\/lampe-de-table-bureau\\\/paire-de-lampes-de-table-zip-light-monaca-sigmar-willnauer\\\/#primaryimage\"},\"thumbnailUrl\":\"https:\\\/\\\/lalmachine.com\\\/wp-content\\\/uploads\\\/2026\\\/01\\\/IMG_7231-scaled_clipped_rev_1.jpeg\",\"datePublished\":\"2026-01-19T14:57:17+00:00\",\"dateModified\":\"2026-01-19T14:57:19+00:00\",\"description\":\"Paire de lampes de table \u00ab Zip-Light Monaca \u00bb Sigmar Willnauer\",\"breadcrumb\":{\"@id\":\"https:\\\/\\\/lalmachine.com\\\/shop\\\/eclairer\\\/lampe-de-table-bureau\\\/paire-de-lampes-de-table-zip-light-monaca-sigmar-willnauer\\\/#breadcrumb\"},\"inLanguage\":\"de\",\"potentialAction\":[{\"@type\":\"ReadAction\",\"target\":[\"https:\\\/\\\/lalmachine.com\\\/shop\\\/eclairer\\\/lampe-de-table-bureau\\\/paire-de-lampes-de-table-zip-light-monaca-sigmar-willnauer\\\/\"]}]},{\"@type\":\"ImageObject\",\"inLanguage\":\"de\",\"@id\":\"https:\\\/\\\/lalmachine.com\\\/shop\\\/eclairer\\\/lampe-de-table-bureau\\\/paire-de-lampes-de-table-zip-light-monaca-sigmar-willnauer\\\/#primaryimage\",\"url\":\"https:\\\/\\\/lalmachine.com\\\/wp-content\\\/uploads\\\/2026\\\/01\\\/IMG_7231-scaled_clipped_rev_1.jpeg\",\"contentUrl\":\"https:\\\/\\\/lalmachine.com\\\/wp-content\\\/uploads\\\/2026\\\/01\\\/IMG_7231-scaled_clipped_rev_1.jpeg\",\"width\":1954,\"height\":1954,\"caption\":\"Paire de lampes de table \u00ab Zip-Light Monaca \u00bb Sigmar Willnauer\"},{\"@type\":\"BreadcrumbList\",\"@id\":\"https:\\\/\\\/lalmachine.com\\\/shop\\\/eclairer\\\/lampe-de-table-bureau\\\/paire-de-lampes-de-table-zip-light-monaca-sigmar-willnauer\\\/#breadcrumb\",\"itemListElement\":[{\"@type\":\"ListItem\",\"position\":1,\"name\":\"Accueil\",\"item\":\"https:\\\/\\\/lalmachine.com\\\/\"},{\"@type\":\"ListItem\",\"position\":2,\"name\":\"Shop\",\"item\":\"https:\\\/\\\/lalmachine.com\\\/shop\\\/\"},{\"@type\":\"ListItem\",\"position\":3,\"name\":\"Paire de lampes de table \u00ab Zip-Light Monaca \u00bb Sigmar Willnauer\"}]},{\"@type\":\"WebSite\",\"@id\":\"https:\\\/\\\/lalmachine.com\\\/#website\",\"url\":\"https:\\\/\\\/lalmachine.com\\\/\",\"name\":\"lalmachine.com\",\"description\":\"Brocante en ligne Suisse | Mobilier et objets d\u00e9co vintage et design\",\"potentialAction\":[{\"@type\":\"SearchAction\",\"target\":{\"@type\":\"EntryPoint\",\"urlTemplate\":\"https:\\\/\\\/lalmachine.com\\\/?s={search_term_string}\"},\"query-input\":{\"@type\":\"PropertyValueSpecification\",\"valueRequired\":true,\"valueName\":\"search_term_string\"}}],\"inLanguage\":\"de\"}]}<\/script>\n<!-- \/ Yoast SEO plugin. -->","yoast_head_json":{"title":"Paire de lampes de table \u00ab Zip-Light Monaca \u00bb Sigmar Willnauer | lalmachine.com, mobilier et objets d\u00e9co vintage et design","description":"Paire de lampes de table \u00ab Zip-Light Monaca \u00bb Sigmar Willnauer","robots":{"index":"index","follow":"follow","max-snippet":"max-snippet:-1","max-image-preview":"max-image-preview:large","max-video-preview":"max-video-preview:-1"},"canonical":"https:\/\/lalmachine.com\/de\/shop\/eclairer\/lampe-de-table-bureau\/paire-de-lampes-de-table-zip-light-monaca-sigmar-willnauer\/","og_locale":"de_DE","og_type":"article","og_title":"Paire de lampes de table \u00ab Zip-Light Monaca \u00bb Sigmar Willnauer | lalmachine.com, mobilier et objets d\u00e9co vintage et design","og_description":"Paire de lampes de table \u00ab Zip-Light Monaca \u00bb Sigmar Willnauer","og_url":"https:\/\/lalmachine.com\/de\/shop\/eclairer\/lampe-de-table-bureau\/paire-de-lampes-de-table-zip-light-monaca-sigmar-willnauer\/","og_site_name":"lalmachine.com","article_publisher":"https:\/\/facebook.com\/lalmachine","article_modified_time":"2026-01-19T14:57:19+00:00","og_image":[{"width":1954,"height":1954,"url":"https:\/\/lalmachine.com\/wp-content\/uploads\/2026\/01\/IMG_7231-scaled_clipped_rev_1.jpeg","type":"image\/jpeg"}],"twitter_card":"summary_large_image","schema":{"@context":"https:\/\/schema.org","@graph":[{"@type":"WebPage","@id":"https:\/\/lalmachine.com\/shop\/eclairer\/lampe-de-table-bureau\/paire-de-lampes-de-table-zip-light-monaca-sigmar-willnauer\/","url":"https:\/\/lalmachine.com\/shop\/eclairer\/lampe-de-table-bureau\/paire-de-lampes-de-table-zip-light-monaca-sigmar-willnauer\/","name":"Paire de lampes de table \u00ab Zip-Light Monaca \u00bb Sigmar Willnauer | lalmachine.com, mobilier et objets d\u00e9co vintage et design","isPartOf":{"@id":"https:\/\/lalmachine.com\/#website"},"primaryImageOfPage":{"@id":"https:\/\/lalmachine.com\/shop\/eclairer\/lampe-de-table-bureau\/paire-de-lampes-de-table-zip-light-monaca-sigmar-willnauer\/#primaryimage"},"image":{"@id":"https:\/\/lalmachine.com\/shop\/eclairer\/lampe-de-table-bureau\/paire-de-lampes-de-table-zip-light-monaca-sigmar-willnauer\/#primaryimage"},"thumbnailUrl":"https:\/\/lalmachine.com\/wp-content\/uploads\/2026\/01\/IMG_7231-scaled_clipped_rev_1.jpeg","datePublished":"2026-01-19T14:57:17+00:00","dateModified":"2026-01-19T14:57:19+00:00","description":"Paire de lampes de table \u00ab Zip-Light Monaca \u00bb Sigmar Willnauer","breadcrumb":{"@id":"https:\/\/lalmachine.com\/shop\/eclairer\/lampe-de-table-bureau\/paire-de-lampes-de-table-zip-light-monaca-sigmar-willnauer\/#breadcrumb"},"inLanguage":"de","potentialAction":[{"@type":"ReadAction","target":["https:\/\/lalmachine.com\/shop\/eclairer\/lampe-de-table-bureau\/paire-de-lampes-de-table-zip-light-monaca-sigmar-willnauer\/"]}]},{"@type":"ImageObject","inLanguage":"de","@id":"https:\/\/lalmachine.com\/shop\/eclairer\/lampe-de-table-bureau\/paire-de-lampes-de-table-zip-light-monaca-sigmar-willnauer\/#primaryimage","url":"https:\/\/lalmachine.com\/wp-content\/uploads\/2026\/01\/IMG_7231-scaled_clipped_rev_1.jpeg","contentUrl":"https:\/\/lalmachine.com\/wp-content\/uploads\/2026\/01\/IMG_7231-scaled_clipped_rev_1.jpeg","width":1954,"height":1954,"caption":"Paire de lampes de table \u00ab Zip-Light Monaca \u00bb Sigmar Willnauer"},{"@type":"BreadcrumbList","@id":"https:\/\/lalmachine.com\/shop\/eclairer\/lampe-de-table-bureau\/paire-de-lampes-de-table-zip-light-monaca-sigmar-willnauer\/#breadcrumb","itemListElement":[{"@type":"ListItem","position":1,"name":"Accueil","item":"https:\/\/lalmachine.com\/"},{"@type":"ListItem","position":2,"name":"Shop","item":"https:\/\/lalmachine.com\/shop\/"},{"@type":"ListItem","position":3,"name":"Paire de lampes de table \u00ab Zip-Light Monaca \u00bb Sigmar Willnauer"}]},{"@type":"WebSite","@id":"https:\/\/lalmachine.com\/#website","url":"https:\/\/lalmachine.com\/","name":"lalmachine.com","description":"Brocante en ligne Suisse | Mobilier et objets d\u00e9co vintage et design","potentialAction":[{"@type":"SearchAction","target":{"@type":"EntryPoint","urlTemplate":"https:\/\/lalmachine.com\/?s={search_term_string}"},"query-input":{"@type":"PropertyValueSpecification","valueRequired":true,"valueName":"search_term_string"}}],"inLanguage":"de"}]}},"_links":{"self":[{"href":"https:\/\/lalmachine.com\/de\/wp-json\/wp\/v2\/product\/355393","targetHints":{"allow":["GET"]}}],"collection":[{"href":"https:\/\/lalmachine.com\/de\/wp-json\/wp\/v2\/product"}],"about":[{"href":"https:\/\/lalmachine.com\/de\/wp-json\/wp\/v2\/types\/product"}],"wp:featuredmedia":[{"embeddable":true,"href":"https:\/\/lalmachine.com\/de\/wp-json\/wp\/v2\/media\/355450"}],"wp:attachment":[{"href":"https:\/\/lalmachine.com\/de\/wp-json\/wp\/v2\/media?parent=355393"}],"wp:term":[{"taxonomy":"product_brand","embeddable":true,"href":"https:\/\/lalmachine.com\/de\/wp-json\/wp\/v2\/product_brand?post=355393"},{"taxonomy":"product_cat","embeddable":true,"href":"https:\/\/lalmachine.com\/de\/wp-json\/wp\/v2\/product_cat?post=355393"},{"taxonomy":"product_tag","embeddable":true,"href":"https:\/\/lalmachine.com\/de\/wp-json\/wp\/v2\/product_tag?post=355393"},{"taxonomy":"proximite","embeddable":true,"href":"https:\/\/lalmachine.com\/de\/wp-json\/wp\/v2\/proximite?post=355393"}],"curies":[{"name":"wp","href":"https:\/\/api.w.org\/{rel}","templated":true}]}}