{"id":355400,"date":"2026-01-19T15:57:20","date_gmt":"2026-01-19T14:57:20","guid":{"rendered":"https:\/\/lalmachine.com\/?post_type=product&#038;p=355400"},"modified":"2026-01-19T15:57:21","modified_gmt":"2026-01-19T14:57:21","slug":"paire-de-lampes-cyclade-par-danielle-quarante","status":"publish","type":"product","link":"https:\/\/lalmachine.com\/de\/shop\/eclairer\/lampe-de-table-bureau\/paire-de-lampes-cyclade-par-danielle-quarante\/","title":{"rendered":"Paire de lampes Cyclade par Danielle Quarante"},"content":{"rendered":"<ul class=\"wpuf_customs\"><li style=\"list-style-type:none;\"><label>Autres photos:<\/label> <a href=\"https:\/\/lalmachine.com\/wp-content\/uploads\/2026\/01\/IMG_8306-scaled.jpeg\"><img loading=\"lazy\" decoding=\"async\" width=\"69\" height=\"96\" src=\"https:\/\/lalmachine.com\/wp-content\/uploads\/2026\/01\/IMG_8306-scaled.jpeg\" class=\"attachment-thumbnail size-thumbnail\" alt=\"\" \/><\/a> <a href=\"https:\/\/lalmachine.com\/wp-content\/uploads\/2026\/01\/IMG_8310-scaled.jpeg\"><img loading=\"lazy\" decoding=\"async\" width=\"77\" height=\"96\" src=\"https:\/\/lalmachine.com\/wp-content\/uploads\/2026\/01\/IMG_8310-scaled.jpeg\" class=\"attachment-thumbnail size-thumbnail\" alt=\"\" \/><\/a> <a href=\"https:\/\/lalmachine.com\/wp-content\/uploads\/2026\/01\/IMG_8315-scaled.jpeg\"><img loading=\"lazy\" decoding=\"async\" width=\"72\" height=\"96\" src=\"https:\/\/lalmachine.com\/wp-content\/uploads\/2026\/01\/IMG_8315-scaled.jpeg\" class=\"attachment-thumbnail size-thumbnail\" alt=\"\" \/><\/a> <a href=\"https:\/\/lalmachine.com\/wp-content\/uploads\/2026\/01\/Photoroom_20251216_110319-scaled.jpeg\"><img loading=\"lazy\" decoding=\"async\" width=\"72\" height=\"96\" src=\"https:\/\/lalmachine.com\/wp-content\/uploads\/2026\/01\/Photoroom_20251216_110319-scaled.jpeg\" class=\"attachment-thumbnail size-thumbnail\" alt=\"\" \/><\/a> <a href=\"https:\/\/lalmachine.com\/wp-content\/uploads\/2026\/01\/IMG_8297-scaled.jpeg\"><img loading=\"lazy\" decoding=\"async\" width=\"72\" height=\"96\" src=\"https:\/\/lalmachine.com\/wp-content\/uploads\/2026\/01\/IMG_8297-scaled.jpeg\" class=\"attachment-thumbnail size-thumbnail\" alt=\"\" \/><\/a> <\/li>        <li class=\"wpuf-field-data wpuf-field-data-numeric_text_field\">\n                            <label>Prix:<\/label>\n                        1800        <\/li>\n                <li class=\"wpuf-field-data wpuf-field-data-numeric_text_field\">\n                            <label>Quantit\u00e9:<\/label>\n                        1        <\/li>\n                <li class=\"wpuf-field-data wpuf-field-data-numeric_text_field\">\n                            <label>Hauteur (cm):<\/label>\n                        44        <\/li>\n                <li class=\"wpuf-field-data wpuf-field-data-numeric_text_field\">\n                            <label>Largeur (cm):<\/label>\n                        41        <\/li>\n                <li class=\"wpuf-field-data wpuf-field-data-numeric_text_field\">\n                            <label>Profondeur (cm):<\/label>\n                        36        <\/li>\n        <\/ul>","protected":false},"excerpt":{"rendered":"<p>Paire de lampes mod\u00e8les Cyclade par Danielle Quarante- France vers 1970<\/p>\n<p>\u00c0 propos du designer Danielle Quarante<\/p>\n<p>Danielle Quarante est une designer fran\u00e7aise active principalement dans les ann\u00e9es 1970, p\u00e9riode marqu\u00e9e par une grande libert\u00e9 formelle et l\u2019exploration de nouveaux mat\u00e9riaux. Son travail s\u2019inscrit pleinement dans l\u2019esth\u00e9tique Space Age et post-moderniste, avec une pr\u00e9dilection pour le plexiglas, qu\u2019elle utilise pour jouer sur la transparence, la superposition et la diffusion de la lumi\u00e8re.<\/p>\n<p>Ses cr\u00e9ations, \u00e0 la fois sculpturales et fonctionnelles, t\u00e9moignent d\u2019une approche exp\u00e9rimentale du luminaire, typique de cette d\u00e9cennie tourn\u00e9e vers l\u2019innovation et l\u2019optimisme technologique.<\/p>\n<p>Cette majestueuse paire de lampes en plexiglas, mod\u00e8le Cyclade, est une illustration remarquable du travail de Danielle Quarante.<\/p>\n<p>La composition repose sur un subtil jeu de volumes cylindriques superpos\u00e9s : une base en plexiglas fum\u00e9 supporte un diffuseur en plexiglas opalin, cr\u00e9ant un contraste \u00e9l\u00e9gant entre transparence sombre et douceur laiteuse.<\/p>\n<p>Allum\u00e9es, les lampes offrent une lumi\u00e8re chaude et enveloppante, parfaitement diffus\u00e9e, qui met en valeur la profondeur du mat\u00e9riau et les reflets internes. \u00c9teintes, elles conservent une pr\u00e9sence sculpturale forte, presque architecturale, faisant de ces pi\u00e8ces de v\u00e9ritables objets d\u00e9coratifs autant que fonctionnels.<\/p>\n<p>Pr\u00e9sent\u00e9es en paire, elles trouvent naturellement leur place de part et d\u2019autre d\u2019un canap\u00e9, sur des consoles ou comme lampes d\u2019appoint .<\/p>\n<p>Designer : Danielle Quarante<br \/>\nMod\u00e8le : Cyclade<br \/>\nP\u00e9riode : Ann\u00e9es 1970<br \/>\nMat\u00e9riaux : Plexiglas opalin et plexiglas fum\u00e9<br \/>\nDimensions :<br \/>\nH 44cm<br \/>\nL 41cm<br \/>\nP36cm<br \/>\nStyle : Space Age \/ Design fran\u00e7ais des ann\u00e9es 1970<br \/>\n\u00c9lectrification : Enti\u00e8rement refaite \u00e0 neuf<br \/>\n\u00c9tat : Bon \u00e9tat g\u00e9n\u00e9ral, avec de l\u00e9g\u00e8res traces du temps coh\u00e9rentes avec l\u2019\u00e9poque et l\u2019usage, sans alt\u00e9rer l\u2019esth\u00e9tique ni le fonctionnement<\/p>","protected":false},"featured_media":355452,"template":"","meta":{"_et_pb_use_builder":"","_et_pb_old_content":"","_et_gb_content_width":""},"product_brand":[],"product_cat":[49,90],"product_tag":[],"proximite":[281,179],"class_list":{"0":"post-355400","1":"product","2":"type-product","3":"status-publish","4":"has-post-thumbnail","6":"product_cat-eclairer","7":"product_cat-lampe-de-table-bureau","8":"pa_couleur-marron","9":"pa_etat-bon-etat","10":"pa_materiau-autre","11":"pa_style-design","12":"proximite-nyon","13":"proximite-vaud","15":"first","16":"instock","17":"shipping-taxable","18":"purchasable","19":"product-type-simple"},"yoast_head":"<!-- This site is optimized with the Yoast SEO plugin v27.4 - https:\/\/yoast.com\/product\/yoast-seo-wordpress\/ -->\n<title>Paire de lampes Cyclade par Danielle Quarante | lalmachine.com, mobilier et objets d\u00e9co vintage et design<\/title>\n<meta name=\"description\" content=\"Paire de lampes Cyclade par Danielle Quarante\" \/>\n<meta name=\"robots\" content=\"index, follow, max-snippet:-1, max-image-preview:large, max-video-preview:-1\" \/>\n<link rel=\"canonical\" href=\"https:\/\/lalmachine.com\/de\/shop\/eclairer\/lampe-de-table-bureau\/paire-de-lampes-cyclade-par-danielle-quarante\/\" \/>\n<meta property=\"og:locale\" content=\"de_DE\" \/>\n<meta property=\"og:type\" content=\"article\" \/>\n<meta property=\"og:title\" content=\"Paire de lampes Cyclade par Danielle Quarante | lalmachine.com, mobilier et objets d\u00e9co vintage et design\" \/>\n<meta property=\"og:description\" content=\"Paire de lampes Cyclade par Danielle Quarante\" \/>\n<meta property=\"og:url\" content=\"https:\/\/lalmachine.com\/de\/shop\/eclairer\/lampe-de-table-bureau\/paire-de-lampes-cyclade-par-danielle-quarante\/\" \/>\n<meta property=\"og:site_name\" content=\"lalmachine.com\" \/>\n<meta property=\"article:publisher\" content=\"https:\/\/facebook.com\/lalmachine\" \/>\n<meta property=\"article:modified_time\" content=\"2026-01-19T14:57:21+00:00\" \/>\n<meta property=\"og:image\" content=\"https:\/\/lalmachine.com\/wp-content\/uploads\/2026\/01\/IMG_8300-scaled_clipped_rev_1.jpeg\" \/>\n\t<meta property=\"og:image:width\" content=\"1836\" \/>\n\t<meta property=\"og:image:height\" content=\"1835\" \/>\n\t<meta property=\"og:image:type\" content=\"image\/jpeg\" \/>\n<meta name=\"twitter:card\" content=\"summary_large_image\" \/>\n<script type=\"application\/ld+json\" class=\"yoast-schema-graph\">{\"@context\":\"https:\\\/\\\/schema.org\",\"@graph\":[{\"@type\":\"WebPage\",\"@id\":\"https:\\\/\\\/lalmachine.com\\\/shop\\\/eclairer\\\/lampe-de-table-bureau\\\/paire-de-lampes-cyclade-par-danielle-quarante\\\/\",\"url\":\"https:\\\/\\\/lalmachine.com\\\/shop\\\/eclairer\\\/lampe-de-table-bureau\\\/paire-de-lampes-cyclade-par-danielle-quarante\\\/\",\"name\":\"Paire de lampes Cyclade par Danielle Quarante | lalmachine.com, mobilier et objets d\u00e9co vintage et design\",\"isPartOf\":{\"@id\":\"https:\\\/\\\/lalmachine.com\\\/#website\"},\"primaryImageOfPage\":{\"@id\":\"https:\\\/\\\/lalmachine.com\\\/shop\\\/eclairer\\\/lampe-de-table-bureau\\\/paire-de-lampes-cyclade-par-danielle-quarante\\\/#primaryimage\"},\"image\":{\"@id\":\"https:\\\/\\\/lalmachine.com\\\/shop\\\/eclairer\\\/lampe-de-table-bureau\\\/paire-de-lampes-cyclade-par-danielle-quarante\\\/#primaryimage\"},\"thumbnailUrl\":\"https:\\\/\\\/lalmachine.com\\\/wp-content\\\/uploads\\\/2026\\\/01\\\/IMG_8300-scaled_clipped_rev_1.jpeg\",\"datePublished\":\"2026-01-19T14:57:20+00:00\",\"dateModified\":\"2026-01-19T14:57:21+00:00\",\"description\":\"Paire de lampes Cyclade par Danielle Quarante\",\"breadcrumb\":{\"@id\":\"https:\\\/\\\/lalmachine.com\\\/shop\\\/eclairer\\\/lampe-de-table-bureau\\\/paire-de-lampes-cyclade-par-danielle-quarante\\\/#breadcrumb\"},\"inLanguage\":\"de\",\"potentialAction\":[{\"@type\":\"ReadAction\",\"target\":[\"https:\\\/\\\/lalmachine.com\\\/shop\\\/eclairer\\\/lampe-de-table-bureau\\\/paire-de-lampes-cyclade-par-danielle-quarante\\\/\"]}]},{\"@type\":\"ImageObject\",\"inLanguage\":\"de\",\"@id\":\"https:\\\/\\\/lalmachine.com\\\/shop\\\/eclairer\\\/lampe-de-table-bureau\\\/paire-de-lampes-cyclade-par-danielle-quarante\\\/#primaryimage\",\"url\":\"https:\\\/\\\/lalmachine.com\\\/wp-content\\\/uploads\\\/2026\\\/01\\\/IMG_8300-scaled_clipped_rev_1.jpeg\",\"contentUrl\":\"https:\\\/\\\/lalmachine.com\\\/wp-content\\\/uploads\\\/2026\\\/01\\\/IMG_8300-scaled_clipped_rev_1.jpeg\",\"width\":1836,\"height\":1835},{\"@type\":\"BreadcrumbList\",\"@id\":\"https:\\\/\\\/lalmachine.com\\\/shop\\\/eclairer\\\/lampe-de-table-bureau\\\/paire-de-lampes-cyclade-par-danielle-quarante\\\/#breadcrumb\",\"itemListElement\":[{\"@type\":\"ListItem\",\"position\":1,\"name\":\"Accueil\",\"item\":\"https:\\\/\\\/lalmachine.com\\\/\"},{\"@type\":\"ListItem\",\"position\":2,\"name\":\"Shop\",\"item\":\"https:\\\/\\\/lalmachine.com\\\/shop\\\/\"},{\"@type\":\"ListItem\",\"position\":3,\"name\":\"Paire de lampes Cyclade par Danielle Quarante\"}]},{\"@type\":\"WebSite\",\"@id\":\"https:\\\/\\\/lalmachine.com\\\/#website\",\"url\":\"https:\\\/\\\/lalmachine.com\\\/\",\"name\":\"lalmachine.com\",\"description\":\"Brocante en ligne Suisse | Mobilier et objets d\u00e9co vintage et design\",\"potentialAction\":[{\"@type\":\"SearchAction\",\"target\":{\"@type\":\"EntryPoint\",\"urlTemplate\":\"https:\\\/\\\/lalmachine.com\\\/?s={search_term_string}\"},\"query-input\":{\"@type\":\"PropertyValueSpecification\",\"valueRequired\":true,\"valueName\":\"search_term_string\"}}],\"inLanguage\":\"de\"}]}<\/script>\n<!-- \/ Yoast SEO plugin. -->","yoast_head_json":{"title":"Paire de lampes Cyclade par Danielle Quarante | lalmachine.com, mobilier et objets d\u00e9co vintage et design","description":"Paire de lampes Cyclade par Danielle Quarante","robots":{"index":"index","follow":"follow","max-snippet":"max-snippet:-1","max-image-preview":"max-image-preview:large","max-video-preview":"max-video-preview:-1"},"canonical":"https:\/\/lalmachine.com\/de\/shop\/eclairer\/lampe-de-table-bureau\/paire-de-lampes-cyclade-par-danielle-quarante\/","og_locale":"de_DE","og_type":"article","og_title":"Paire de lampes Cyclade par Danielle Quarante | lalmachine.com, mobilier et objets d\u00e9co vintage et design","og_description":"Paire de lampes Cyclade par Danielle Quarante","og_url":"https:\/\/lalmachine.com\/de\/shop\/eclairer\/lampe-de-table-bureau\/paire-de-lampes-cyclade-par-danielle-quarante\/","og_site_name":"lalmachine.com","article_publisher":"https:\/\/facebook.com\/lalmachine","article_modified_time":"2026-01-19T14:57:21+00:00","og_image":[{"width":1836,"height":1835,"url":"https:\/\/lalmachine.com\/wp-content\/uploads\/2026\/01\/IMG_8300-scaled_clipped_rev_1.jpeg","type":"image\/jpeg"}],"twitter_card":"summary_large_image","schema":{"@context":"https:\/\/schema.org","@graph":[{"@type":"WebPage","@id":"https:\/\/lalmachine.com\/shop\/eclairer\/lampe-de-table-bureau\/paire-de-lampes-cyclade-par-danielle-quarante\/","url":"https:\/\/lalmachine.com\/shop\/eclairer\/lampe-de-table-bureau\/paire-de-lampes-cyclade-par-danielle-quarante\/","name":"Paire de lampes Cyclade par Danielle Quarante | lalmachine.com, mobilier et objets d\u00e9co vintage et design","isPartOf":{"@id":"https:\/\/lalmachine.com\/#website"},"primaryImageOfPage":{"@id":"https:\/\/lalmachine.com\/shop\/eclairer\/lampe-de-table-bureau\/paire-de-lampes-cyclade-par-danielle-quarante\/#primaryimage"},"image":{"@id":"https:\/\/lalmachine.com\/shop\/eclairer\/lampe-de-table-bureau\/paire-de-lampes-cyclade-par-danielle-quarante\/#primaryimage"},"thumbnailUrl":"https:\/\/lalmachine.com\/wp-content\/uploads\/2026\/01\/IMG_8300-scaled_clipped_rev_1.jpeg","datePublished":"2026-01-19T14:57:20+00:00","dateModified":"2026-01-19T14:57:21+00:00","description":"Paire de lampes Cyclade par Danielle Quarante","breadcrumb":{"@id":"https:\/\/lalmachine.com\/shop\/eclairer\/lampe-de-table-bureau\/paire-de-lampes-cyclade-par-danielle-quarante\/#breadcrumb"},"inLanguage":"de","potentialAction":[{"@type":"ReadAction","target":["https:\/\/lalmachine.com\/shop\/eclairer\/lampe-de-table-bureau\/paire-de-lampes-cyclade-par-danielle-quarante\/"]}]},{"@type":"ImageObject","inLanguage":"de","@id":"https:\/\/lalmachine.com\/shop\/eclairer\/lampe-de-table-bureau\/paire-de-lampes-cyclade-par-danielle-quarante\/#primaryimage","url":"https:\/\/lalmachine.com\/wp-content\/uploads\/2026\/01\/IMG_8300-scaled_clipped_rev_1.jpeg","contentUrl":"https:\/\/lalmachine.com\/wp-content\/uploads\/2026\/01\/IMG_8300-scaled_clipped_rev_1.jpeg","width":1836,"height":1835},{"@type":"BreadcrumbList","@id":"https:\/\/lalmachine.com\/shop\/eclairer\/lampe-de-table-bureau\/paire-de-lampes-cyclade-par-danielle-quarante\/#breadcrumb","itemListElement":[{"@type":"ListItem","position":1,"name":"Accueil","item":"https:\/\/lalmachine.com\/"},{"@type":"ListItem","position":2,"name":"Shop","item":"https:\/\/lalmachine.com\/shop\/"},{"@type":"ListItem","position":3,"name":"Paire de lampes Cyclade par Danielle Quarante"}]},{"@type":"WebSite","@id":"https:\/\/lalmachine.com\/#website","url":"https:\/\/lalmachine.com\/","name":"lalmachine.com","description":"Brocante en ligne Suisse | Mobilier et objets d\u00e9co vintage et design","potentialAction":[{"@type":"SearchAction","target":{"@type":"EntryPoint","urlTemplate":"https:\/\/lalmachine.com\/?s={search_term_string}"},"query-input":{"@type":"PropertyValueSpecification","valueRequired":true,"valueName":"search_term_string"}}],"inLanguage":"de"}]}},"_links":{"self":[{"href":"https:\/\/lalmachine.com\/de\/wp-json\/wp\/v2\/product\/355400","targetHints":{"allow":["GET"]}}],"collection":[{"href":"https:\/\/lalmachine.com\/de\/wp-json\/wp\/v2\/product"}],"about":[{"href":"https:\/\/lalmachine.com\/de\/wp-json\/wp\/v2\/types\/product"}],"wp:featuredmedia":[{"embeddable":true,"href":"https:\/\/lalmachine.com\/de\/wp-json\/wp\/v2\/media\/355452"}],"wp:attachment":[{"href":"https:\/\/lalmachine.com\/de\/wp-json\/wp\/v2\/media?parent=355400"}],"wp:term":[{"taxonomy":"product_brand","embeddable":true,"href":"https:\/\/lalmachine.com\/de\/wp-json\/wp\/v2\/product_brand?post=355400"},{"taxonomy":"product_cat","embeddable":true,"href":"https:\/\/lalmachine.com\/de\/wp-json\/wp\/v2\/product_cat?post=355400"},{"taxonomy":"product_tag","embeddable":true,"href":"https:\/\/lalmachine.com\/de\/wp-json\/wp\/v2\/product_tag?post=355400"},{"taxonomy":"proximite","embeddable":true,"href":"https:\/\/lalmachine.com\/de\/wp-json\/wp\/v2\/proximite?post=355400"}],"curies":[{"name":"wp","href":"https:\/\/api.w.org\/{rel}","templated":true}]}}