{"id":356158,"date":"2026-02-02T16:32:19","date_gmt":"2026-02-02T15:32:19","guid":{"rendered":"https:\/\/lalmachine.com\/?post_type=product&#038;p=356158"},"modified":"2026-02-02T16:32:20","modified_gmt":"2026-02-02T15:32:20","slug":"gravure-originale-de-arthur-luiz-piza-1928-2017","status":"publish","type":"product","link":"https:\/\/lalmachine.com\/de\/shop\/decorer\/art-and-co\/gravure-originale-de-arthur-luiz-piza-1928-2017\/","title":{"rendered":"Gravure originale de Arthur Luiz Piza (1928-2017)"},"content":{"rendered":"<ul class=\"wpuf_customs\"><li style=\"list-style-type:none;\"><label>Autres photos:<\/label> <a href=\"https:\/\/lalmachine.com\/wp-content\/uploads\/2026\/02\/vente-boutique-du-mail-gravure-arthur-luiz-piza.jpg\"><img loading=\"lazy\" decoding=\"async\" width=\"72\" height=\"96\" src=\"https:\/\/lalmachine.com\/wp-content\/uploads\/2026\/02\/vente-boutique-du-mail-gravure-arthur-luiz-piza.jpg\" class=\"attachment-thumbnail size-thumbnail\" alt=\"\" \/><\/a> <a href=\"https:\/\/lalmachine.com\/wp-content\/uploads\/2026\/02\/boutique-du-mail-arthur-luiz-piza.jpg\"><img loading=\"lazy\" decoding=\"async\" width=\"72\" height=\"96\" src=\"https:\/\/lalmachine.com\/wp-content\/uploads\/2026\/02\/boutique-du-mail-arthur-luiz-piza.jpg\" class=\"attachment-thumbnail size-thumbnail\" alt=\"\" \/><\/a> <\/li>        <li class=\"wpuf-field-data wpuf-field-data-numeric_text_field\">\n                            <label>Prix:<\/label>\n                        430        <\/li>\n                <li class=\"wpuf-field-data wpuf-field-data-numeric_text_field\">\n                            <label>Quantit\u00e9:<\/label>\n                        1        <\/li>\n                <li class=\"wpuf-field-data wpuf-field-data-numeric_text_field\">\n                            <label>Hauteur (cm):<\/label>\n                        56        <\/li>\n                <li class=\"wpuf-field-data wpuf-field-data-numeric_text_field\">\n                            <label>Largeur (cm):<\/label>\n                        47        <\/li>\n                <li class=\"wpuf-field-data wpuf-field-data-numeric_text_field\">\n                            <label>Profondeur (cm):<\/label>\n                        2        <\/li>\n        <\/ul>","protected":false},"excerpt":{"rendered":"<p>Arthur Luiz PIZA, \u00ab Composition en brun et or \u00bb, gravure originale<br \/>\nEdition limit\u00e9e 62\/99<\/p>\n<p>Sehr guter Zustand<br \/>\nEncadrement professionnel<br \/>\nDimensions : 47 x 56 cm avec cadre<br \/>\nDimensions de la plaque : 22 x 18 cm<\/p>\n<p>L&#8217;artiste br\u00e9silien Arthur Louis Piza s&#8217;installe \u00e0 Paris en 1951 et travaille principalement comme graveur depuis 1958. Il a mis au point un proc\u00e9d\u00e9 d&#8217;impression unique utilisant d&#8217;\u00e9paisses plaques de cuivre dont les profondes rainures sculpturales cr\u00e9ent des gravures en haut relief.<\/p>\n<p>Le Mus\u00e9e national d&#8217;art moderne de S\u00e3o Paulo a organis\u00e9 une r\u00e9trospective de l&#8217;\u0153uvre de Piza en d\u00e9cembre 2015.<\/p>\n<p>Piza est r\u00e9pertori\u00e9 dans le Dictionnaire des peintres, sculpteurs, dessinateurs et graveurs (Benezit) et ses \u0153uvres se trouvent dans de grands mus\u00e9es, notamment le Victoria and Albert Museum \u00e0 Londres et les mus\u00e9es MoMA et Guggenheim \u00e0 New York.<\/p>\n<p>L\u2019artiste participe \u00e0 de tr\u00e8s nombreuses expositions collectives (Biennale de Sao Paulo, Biennale de Ljubjlana, Grenchen, Kassel, Salon des R\u00e9alit\u00e9s Nouvelles). Son travail est expos\u00e9 \u00e9galement dans des expositions personnelles au Br\u00e9sil et en France, notement \u00e0 la galerie Hune (Paris).<\/p>","protected":false},"featured_media":356168,"template":"","meta":{"_et_pb_use_builder":"","_et_pb_old_content":"","_et_gb_content_width":""},"product_brand":[],"product_cat":[365,50],"product_tag":[],"proximite":[180],"class_list":{"0":"post-356158","1":"product","2":"type-product","3":"status-publish","4":"has-post-thumbnail","6":"product_cat-art-and-co","7":"product_cat-decorer","8":"product_shipping_class-2-10-kg","9":"pa_couleur-jaune","10":"pa_etat-tres-bon-etat","11":"pa_materiau-papier-carton","12":"pa_style-art-contemporain","13":"proximite-geneve","15":"first","16":"instock","17":"shipping-taxable","18":"purchasable","19":"product-type-simple"},"yoast_head":"<!-- This site is optimized with the Yoast SEO plugin v27.4 - https:\/\/yoast.com\/product\/yoast-seo-wordpress\/ -->\n<title>Gravure originale de Arthur Luiz Piza (1928-2017) | lalmachine.com, mobilier et objets d\u00e9co vintage et design<\/title>\n<meta name=\"description\" content=\"Gravure originale de Arthur Luiz Piza (1928-2017)\" \/>\n<meta name=\"robots\" content=\"index, follow, max-snippet:-1, max-image-preview:large, max-video-preview:-1\" \/>\n<link rel=\"canonical\" href=\"https:\/\/lalmachine.com\/de\/shop\/decorer\/art-and-co\/gravure-originale-de-arthur-luiz-piza-1928-2017\/\" \/>\n<meta property=\"og:locale\" content=\"de_DE\" \/>\n<meta property=\"og:type\" content=\"article\" \/>\n<meta property=\"og:title\" content=\"Gravure originale de Arthur Luiz Piza (1928-2017) | lalmachine.com, mobilier et objets d\u00e9co vintage et design\" \/>\n<meta property=\"og:description\" content=\"Gravure originale de Arthur Luiz Piza (1928-2017)\" \/>\n<meta property=\"og:url\" content=\"https:\/\/lalmachine.com\/de\/shop\/decorer\/art-and-co\/gravure-originale-de-arthur-luiz-piza-1928-2017\/\" \/>\n<meta property=\"og:site_name\" content=\"lalmachine.com\" \/>\n<meta property=\"article:publisher\" content=\"https:\/\/facebook.com\/lalmachine\" \/>\n<meta property=\"article:modified_time\" content=\"2026-02-02T15:32:20+00:00\" \/>\n<meta property=\"og:image\" content=\"https:\/\/lalmachine.com\/wp-content\/uploads\/2026\/02\/estampe-galerie-boutique-du-mail-gravure-arthur-luiz-piza_clipped_rev_1.jpeg\" \/>\n\t<meta property=\"og:image:width\" content=\"1373\" \/>\n\t<meta property=\"og:image:height\" content=\"1373\" \/>\n\t<meta property=\"og:image:type\" content=\"image\/jpeg\" \/>\n<meta name=\"twitter:card\" content=\"summary_large_image\" \/>\n<script type=\"application\/ld+json\" class=\"yoast-schema-graph\">{\"@context\":\"https:\\\/\\\/schema.org\",\"@graph\":[{\"@type\":\"WebPage\",\"@id\":\"https:\\\/\\\/lalmachine.com\\\/shop\\\/decorer\\\/art-and-co\\\/gravure-originale-de-arthur-luiz-piza-1928-2017\\\/\",\"url\":\"https:\\\/\\\/lalmachine.com\\\/shop\\\/decorer\\\/art-and-co\\\/gravure-originale-de-arthur-luiz-piza-1928-2017\\\/\",\"name\":\"Gravure originale de Arthur Luiz Piza (1928-2017) | lalmachine.com, mobilier et objets d\u00e9co vintage et design\",\"isPartOf\":{\"@id\":\"https:\\\/\\\/lalmachine.com\\\/#website\"},\"primaryImageOfPage\":{\"@id\":\"https:\\\/\\\/lalmachine.com\\\/shop\\\/decorer\\\/art-and-co\\\/gravure-originale-de-arthur-luiz-piza-1928-2017\\\/#primaryimage\"},\"image\":{\"@id\":\"https:\\\/\\\/lalmachine.com\\\/shop\\\/decorer\\\/art-and-co\\\/gravure-originale-de-arthur-luiz-piza-1928-2017\\\/#primaryimage\"},\"thumbnailUrl\":\"https:\\\/\\\/lalmachine.com\\\/wp-content\\\/uploads\\\/2026\\\/02\\\/estampe-galerie-boutique-du-mail-gravure-arthur-luiz-piza_clipped_rev_1.jpeg\",\"datePublished\":\"2026-02-02T15:32:19+00:00\",\"dateModified\":\"2026-02-02T15:32:20+00:00\",\"description\":\"Gravure originale de Arthur Luiz Piza (1928-2017)\",\"breadcrumb\":{\"@id\":\"https:\\\/\\\/lalmachine.com\\\/shop\\\/decorer\\\/art-and-co\\\/gravure-originale-de-arthur-luiz-piza-1928-2017\\\/#breadcrumb\"},\"inLanguage\":\"de\",\"potentialAction\":[{\"@type\":\"ReadAction\",\"target\":[\"https:\\\/\\\/lalmachine.com\\\/shop\\\/decorer\\\/art-and-co\\\/gravure-originale-de-arthur-luiz-piza-1928-2017\\\/\"]}]},{\"@type\":\"ImageObject\",\"inLanguage\":\"de\",\"@id\":\"https:\\\/\\\/lalmachine.com\\\/shop\\\/decorer\\\/art-and-co\\\/gravure-originale-de-arthur-luiz-piza-1928-2017\\\/#primaryimage\",\"url\":\"https:\\\/\\\/lalmachine.com\\\/wp-content\\\/uploads\\\/2026\\\/02\\\/estampe-galerie-boutique-du-mail-gravure-arthur-luiz-piza_clipped_rev_1.jpeg\",\"contentUrl\":\"https:\\\/\\\/lalmachine.com\\\/wp-content\\\/uploads\\\/2026\\\/02\\\/estampe-galerie-boutique-du-mail-gravure-arthur-luiz-piza_clipped_rev_1.jpeg\",\"width\":1373,\"height\":1373},{\"@type\":\"BreadcrumbList\",\"@id\":\"https:\\\/\\\/lalmachine.com\\\/shop\\\/decorer\\\/art-and-co\\\/gravure-originale-de-arthur-luiz-piza-1928-2017\\\/#breadcrumb\",\"itemListElement\":[{\"@type\":\"ListItem\",\"position\":1,\"name\":\"Accueil\",\"item\":\"https:\\\/\\\/lalmachine.com\\\/\"},{\"@type\":\"ListItem\",\"position\":2,\"name\":\"Shop\",\"item\":\"https:\\\/\\\/lalmachine.com\\\/shop\\\/\"},{\"@type\":\"ListItem\",\"position\":3,\"name\":\"Gravure originale de Arthur Luiz Piza (1928-2017)\"}]},{\"@type\":\"WebSite\",\"@id\":\"https:\\\/\\\/lalmachine.com\\\/#website\",\"url\":\"https:\\\/\\\/lalmachine.com\\\/\",\"name\":\"lalmachine.com\",\"description\":\"Brocante en ligne Suisse | Mobilier et objets d\u00e9co vintage et design\",\"potentialAction\":[{\"@type\":\"SearchAction\",\"target\":{\"@type\":\"EntryPoint\",\"urlTemplate\":\"https:\\\/\\\/lalmachine.com\\\/?s={search_term_string}\"},\"query-input\":{\"@type\":\"PropertyValueSpecification\",\"valueRequired\":true,\"valueName\":\"search_term_string\"}}],\"inLanguage\":\"de\"}]}<\/script>\n<!-- \/ Yoast SEO plugin. -->","yoast_head_json":{"title":"Gravure originale de Arthur Luiz Piza (1928-2017) | lalmachine.com, mobilier et objets d\u00e9co vintage et design","description":"Gravure originale de Arthur Luiz Piza (1928-2017)","robots":{"index":"index","follow":"follow","max-snippet":"max-snippet:-1","max-image-preview":"max-image-preview:large","max-video-preview":"max-video-preview:-1"},"canonical":"https:\/\/lalmachine.com\/de\/shop\/decorer\/art-and-co\/gravure-originale-de-arthur-luiz-piza-1928-2017\/","og_locale":"de_DE","og_type":"article","og_title":"Gravure originale de Arthur Luiz Piza (1928-2017) | lalmachine.com, mobilier et objets d\u00e9co vintage et design","og_description":"Gravure originale de Arthur Luiz Piza (1928-2017)","og_url":"https:\/\/lalmachine.com\/de\/shop\/decorer\/art-and-co\/gravure-originale-de-arthur-luiz-piza-1928-2017\/","og_site_name":"lalmachine.com","article_publisher":"https:\/\/facebook.com\/lalmachine","article_modified_time":"2026-02-02T15:32:20+00:00","og_image":[{"width":1373,"height":1373,"url":"https:\/\/lalmachine.com\/wp-content\/uploads\/2026\/02\/estampe-galerie-boutique-du-mail-gravure-arthur-luiz-piza_clipped_rev_1.jpeg","type":"image\/jpeg"}],"twitter_card":"summary_large_image","schema":{"@context":"https:\/\/schema.org","@graph":[{"@type":"WebPage","@id":"https:\/\/lalmachine.com\/shop\/decorer\/art-and-co\/gravure-originale-de-arthur-luiz-piza-1928-2017\/","url":"https:\/\/lalmachine.com\/shop\/decorer\/art-and-co\/gravure-originale-de-arthur-luiz-piza-1928-2017\/","name":"Gravure originale de Arthur Luiz Piza (1928-2017) | lalmachine.com, mobilier et objets d\u00e9co vintage et design","isPartOf":{"@id":"https:\/\/lalmachine.com\/#website"},"primaryImageOfPage":{"@id":"https:\/\/lalmachine.com\/shop\/decorer\/art-and-co\/gravure-originale-de-arthur-luiz-piza-1928-2017\/#primaryimage"},"image":{"@id":"https:\/\/lalmachine.com\/shop\/decorer\/art-and-co\/gravure-originale-de-arthur-luiz-piza-1928-2017\/#primaryimage"},"thumbnailUrl":"https:\/\/lalmachine.com\/wp-content\/uploads\/2026\/02\/estampe-galerie-boutique-du-mail-gravure-arthur-luiz-piza_clipped_rev_1.jpeg","datePublished":"2026-02-02T15:32:19+00:00","dateModified":"2026-02-02T15:32:20+00:00","description":"Gravure originale de Arthur Luiz Piza (1928-2017)","breadcrumb":{"@id":"https:\/\/lalmachine.com\/shop\/decorer\/art-and-co\/gravure-originale-de-arthur-luiz-piza-1928-2017\/#breadcrumb"},"inLanguage":"de","potentialAction":[{"@type":"ReadAction","target":["https:\/\/lalmachine.com\/shop\/decorer\/art-and-co\/gravure-originale-de-arthur-luiz-piza-1928-2017\/"]}]},{"@type":"ImageObject","inLanguage":"de","@id":"https:\/\/lalmachine.com\/shop\/decorer\/art-and-co\/gravure-originale-de-arthur-luiz-piza-1928-2017\/#primaryimage","url":"https:\/\/lalmachine.com\/wp-content\/uploads\/2026\/02\/estampe-galerie-boutique-du-mail-gravure-arthur-luiz-piza_clipped_rev_1.jpeg","contentUrl":"https:\/\/lalmachine.com\/wp-content\/uploads\/2026\/02\/estampe-galerie-boutique-du-mail-gravure-arthur-luiz-piza_clipped_rev_1.jpeg","width":1373,"height":1373},{"@type":"BreadcrumbList","@id":"https:\/\/lalmachine.com\/shop\/decorer\/art-and-co\/gravure-originale-de-arthur-luiz-piza-1928-2017\/#breadcrumb","itemListElement":[{"@type":"ListItem","position":1,"name":"Accueil","item":"https:\/\/lalmachine.com\/"},{"@type":"ListItem","position":2,"name":"Shop","item":"https:\/\/lalmachine.com\/shop\/"},{"@type":"ListItem","position":3,"name":"Gravure originale de Arthur Luiz Piza (1928-2017)"}]},{"@type":"WebSite","@id":"https:\/\/lalmachine.com\/#website","url":"https:\/\/lalmachine.com\/","name":"lalmachine.com","description":"Brocante en ligne Suisse | Mobilier et objets d\u00e9co vintage et design","potentialAction":[{"@type":"SearchAction","target":{"@type":"EntryPoint","urlTemplate":"https:\/\/lalmachine.com\/?s={search_term_string}"},"query-input":{"@type":"PropertyValueSpecification","valueRequired":true,"valueName":"search_term_string"}}],"inLanguage":"de"}]}},"_links":{"self":[{"href":"https:\/\/lalmachine.com\/de\/wp-json\/wp\/v2\/product\/356158","targetHints":{"allow":["GET"]}}],"collection":[{"href":"https:\/\/lalmachine.com\/de\/wp-json\/wp\/v2\/product"}],"about":[{"href":"https:\/\/lalmachine.com\/de\/wp-json\/wp\/v2\/types\/product"}],"wp:featuredmedia":[{"embeddable":true,"href":"https:\/\/lalmachine.com\/de\/wp-json\/wp\/v2\/media\/356168"}],"wp:attachment":[{"href":"https:\/\/lalmachine.com\/de\/wp-json\/wp\/v2\/media?parent=356158"}],"wp:term":[{"taxonomy":"product_brand","embeddable":true,"href":"https:\/\/lalmachine.com\/de\/wp-json\/wp\/v2\/product_brand?post=356158"},{"taxonomy":"product_cat","embeddable":true,"href":"https:\/\/lalmachine.com\/de\/wp-json\/wp\/v2\/product_cat?post=356158"},{"taxonomy":"product_tag","embeddable":true,"href":"https:\/\/lalmachine.com\/de\/wp-json\/wp\/v2\/product_tag?post=356158"},{"taxonomy":"proximite","embeddable":true,"href":"https:\/\/lalmachine.com\/de\/wp-json\/wp\/v2\/proximite?post=356158"}],"curies":[{"name":"wp","href":"https:\/\/api.w.org\/{rel}","templated":true}]}}